{"id":82813,"date":"2023-02-15T16:40:59","date_gmt":"2023-02-15T15:40:59","guid":{"rendered":"https:\/\/www.bagnoitalia.com\/product\/mariani-rb74-washbasin-or-bidet-or-bathtub-mixer-with-hand-shower-2"},"modified":"2024-05-24T16:29:13","modified_gmt":"2024-05-24T14:29:13","slug":"mariani-rb74-washbasin-or-bidet-or-bathtub-mixer-with-hand-shower-2","status":"publish","type":"product","link":"https:\/\/www.bagnoitalia.com\/fr\/produit\/mariani-rb74-washbasin-or-bidet-or-bathtub-mixer-with-hand-shower-2.html","title":{"rendered":"Mariani RB74 M\u00e9langeur pour lavabo, bidet ou baignoire avec douche \u00e0 main"},"content":{"rendered":"<p style=\"text-align: center;\"><span style=\"text-decoration: underline; font-size: 14pt; color: #ff0000;\"><strong>MARIANI RB74 ROBINETS ET ACCESSOIRES MODERNES<\/strong><\/span><\/p>\n<p>&nbsp;<\/p>\n<p>Produits fabriqu\u00e9s en Italie<\/p>\n<p>&nbsp;<\/p>\n<p>Dans le menu, vous pouvez choisir d&rsquo;acheter l&rsquo;un des produits suivants :<\/p>\n<p>&nbsp;<\/p>\n<p>&#8211; Robinet monotrou pour lavabo avec vidange pop-up, vidange pop-up et tuyaux flexibles.<\/p>\n<p>&#8211; Robinet de bidet monotrou avec bec orientable, vidage par pression et tuyaux flexibles.<\/p>\n<p>&#8211; M\u00e9langeur de baignoire double trou avec douchette \u00e0 main et support mural. Tuyaux et d\u00e9viateur inclus.<\/p>\n<p>&nbsp;<\/p>\n<p>&nbsp;<\/p>\n<p>ATTENTION : La robinetterie de douche de la m\u00eame ligne est \u00e9galement disponible. <a href=\"miscelatore-mariani-da-incasso-o-esterna-per-doccia-rb85.html\">CLIQUEZ ICI POUR LE VOIR<\/a><\/p>\n<p>&nbsp;<\/p>\n<p>Fabriqu\u00e9 en Italie<\/p>\n<p>&nbsp;<\/p>\n<p>&nbsp;<\/p>\n<p>&nbsp;<\/p>\n<p>&nbsp;<\/p>\n<p>&nbsp;<\/p>\n<p>&nbsp;<\/p>\n<p>&nbsp;<\/p>\n<p>11GK11<br \/>\n31UA14<br \/>\n32HS03<\/p>\n","protected":false},"excerpt":{"rendered":"<p>Robinets aux lignes arrondies et au style moderne, y compris les tuyaux flexibles ; disponibles pour lavabo avec vidage automatique, ou pour bidet avec vidage automatique, ou pour baignoire (avec douchette incluse dans le prix).<\/p>\n","protected":false},"featured_media":59877,"comment_status":"open","ping_status":"closed","template":"","meta":[],"product_brand":[9900,9954],"product_cat":[10036,10051,10039],"product_tag":[],"class_list":{"0":"post-82813","1":"product","2":"type-product","3":"status-publish","4":"has-post-thumbnail","6":"product_brand-baritermo-fr","7":"product_brand-thermo-professional-fr","8":"product_cat-robinets-de-baignoire","9":"product_cat-robinets-de-lavabo","10":"product_cat-robinetterie-de-bidet","12":"first","13":"instock","14":"sale","15":"taxable","16":"shipping-taxable","17":"purchasable","18":"product-type-simple"},"exclude_global_add_ons":false,"addons":[{"name":"Robinetterie","type":"multiple_choice","position":0,"required":true,"title_format":"heading","default":"","description_enable":false,"description":"","placeholder_enable":false,"placeholder":"","display":"select","restrictions_type":"any_text","adjust_price":false,"price":"","price_type":"flat_fee","restrictions":false,"min":"0","max":"0","options":[{"label":"pour lavabo","price":"","price_type":"quantity_based","image":0,"visibility":true},{"label":"pour bidet","price":"","price_type":"quantity_based","image":0,"visibility":true},{"label":"pour baignoire + douchette","price":"80","price_type":"quantity_based","image":0,"visibility":true}],"id":1716568154}],"yoast_head":"<!-- This site is optimized with the Yoast SEO plugin v26.7 - https:\/\/yoast.com\/wordpress\/plugins\/seo\/ -->\n<title>Mariani RB74 M\u00e9langeur pour lavabo, bidet ou baignoire avec douche \u00e0 main<\/title>\n<meta name=\"description\" content=\"Robinets aux lignes arrondies et au style moderne, y compris les tuyaux flexibles ; disponibles pour lavabo avec vidage automatique, ou pour bidet avec vidage automatique, ou pour baignoire (avec douchette incluse dans le prix).\" \/>\n<meta name=\"robots\" content=\"index, follow, max-snippet:-1, max-image-preview:large, max-video-preview:-1\" \/>\n<link rel=\"canonical\" href=\"https:\/\/www.bagnoitalia.com\/fr\/produit\/mariani-rb74-washbasin-or-bidet-or-bathtub-mixer-with-hand-shower-2.html\" \/>\n<meta property=\"og:locale\" content=\"fr_FR\" \/>\n<meta property=\"og:type\" content=\"article\" \/>\n<meta property=\"og:title\" content=\"Mariani RB74 M\u00e9langeur pour lavabo, bidet ou baignoire avec douche \u00e0 main\" \/>\n<meta property=\"og:description\" content=\"Robinets aux lignes arrondies et au style moderne, y compris les tuyaux flexibles ; disponibles pour lavabo avec vidage automatique, ou pour bidet avec vidage automatique, ou pour baignoire (avec douchette incluse dans le prix).\" \/>\n<meta property=\"og:url\" content=\"https:\/\/www.bagnoitalia.com\/fr\/produit\/mariani-rb74-washbasin-or-bidet-or-bathtub-mixer-with-hand-shower-2.html\" \/>\n<meta property=\"og:site_name\" content=\"Bagno Italia\" \/>\n<meta property=\"article:modified_time\" content=\"2024-05-24T14:29:13+00:00\" \/>\n<meta property=\"og:image\" content=\"https:\/\/img.bagnoitalia.com\/wp-content\/uploads\/virtuemart\/product\/basin-basin-bidet-mixer-1.jpg\" \/>\n\t<meta property=\"og:image:width\" content=\"550\" \/>\n\t<meta property=\"og:image:height\" content=\"550\" \/>\n\t<meta property=\"og:image:type\" content=\"image\/jpeg\" \/>\n<meta name=\"twitter:card\" content=\"summary_large_image\" \/>\n<meta name=\"twitter:label1\" content=\"Dur\u00e9e de lecture estim\u00e9e\" \/>\n\t<meta name=\"twitter:data1\" content=\"1 minute\" \/>\n<script type=\"application\/ld+json\" class=\"yoast-schema-graph\">{\"@context\":\"https:\/\/schema.org\",\"@graph\":[{\"@type\":\"WebPage\",\"@id\":\"https:\/\/www.bagnoitalia.com\/fr\/produit\/mariani-rb74-washbasin-or-bidet-or-bathtub-mixer-with-hand-shower-2.html\",\"url\":\"https:\/\/www.bagnoitalia.com\/fr\/produit\/mariani-rb74-washbasin-or-bidet-or-bathtub-mixer-with-hand-shower-2.html\",\"name\":\"Mariani RB74 M\u00e9langeur pour lavabo, bidet ou baignoire avec douche \u00e0 main\",\"isPartOf\":{\"@id\":\"https:\/\/www.bagnoitalia.com\/fr#website\"},\"primaryImageOfPage\":{\"@id\":\"https:\/\/www.bagnoitalia.com\/fr\/produit\/mariani-rb74-washbasin-or-bidet-or-bathtub-mixer-with-hand-shower-2.html#primaryimage\"},\"image\":{\"@id\":\"https:\/\/www.bagnoitalia.com\/fr\/produit\/mariani-rb74-washbasin-or-bidet-or-bathtub-mixer-with-hand-shower-2.html#primaryimage\"},\"thumbnailUrl\":\"https:\/\/img.bagnoitalia.com\/wp-content\/uploads\/virtuemart\/product\/basin-basin-bidet-mixer-1.jpg\",\"datePublished\":\"2023-02-15T15:40:59+00:00\",\"dateModified\":\"2024-05-24T14:29:13+00:00\",\"description\":\"Robinets aux lignes arrondies et au style moderne, y compris les tuyaux flexibles ; disponibles pour lavabo avec vidage automatique, ou pour bidet avec vidage automatique, ou pour baignoire (avec douchette incluse dans le prix).\",\"breadcrumb\":{\"@id\":\"https:\/\/www.bagnoitalia.com\/fr\/produit\/mariani-rb74-washbasin-or-bidet-or-bathtub-mixer-with-hand-shower-2.html#breadcrumb\"},\"inLanguage\":\"fr-FR\",\"potentialAction\":[{\"@type\":\"ReadAction\",\"target\":[\"https:\/\/www.bagnoitalia.com\/fr\/produit\/mariani-rb74-washbasin-or-bidet-or-bathtub-mixer-with-hand-shower-2.html\"]}]},{\"@type\":\"ImageObject\",\"inLanguage\":\"fr-FR\",\"@id\":\"https:\/\/www.bagnoitalia.com\/fr\/produit\/mariani-rb74-washbasin-or-bidet-or-bathtub-mixer-with-hand-shower-2.html#primaryimage\",\"url\":\"https:\/\/img.bagnoitalia.com\/wp-content\/uploads\/virtuemart\/product\/basin-basin-bidet-mixer-1.jpg\",\"contentUrl\":\"https:\/\/img.bagnoitalia.com\/wp-content\/uploads\/virtuemart\/product\/basin-basin-bidet-mixer-1.jpg\",\"width\":550,\"height\":550},{\"@type\":\"BreadcrumbList\",\"@id\":\"https:\/\/www.bagnoitalia.com\/fr\/produit\/mariani-rb74-washbasin-or-bidet-or-bathtub-mixer-with-hand-shower-2.html#breadcrumb\",\"itemListElement\":[{\"@type\":\"ListItem\",\"position\":1,\"name\":\"Home\",\"item\":\"https:\/\/www.bagnoitalia.com\/fr\"},{\"@type\":\"ListItem\",\"position\":2,\"name\":\"Produits\",\"item\":\"https:\/\/www.bagnoitalia.com\/fr\/shop\"},{\"@type\":\"ListItem\",\"position\":3,\"name\":\"Mariani RB74 M\u00e9langeur pour lavabo, bidet ou baignoire avec douche \u00e0 main\"}]},{\"@type\":\"WebSite\",\"@id\":\"https:\/\/www.bagnoitalia.com\/fr#website\",\"url\":\"https:\/\/www.bagnoitalia.com\/fr\",\"name\":\"Bagno Italia\",\"description\":\"\",\"publisher\":{\"@id\":\"https:\/\/www.bagnoitalia.com\/fr#organization\"},\"potentialAction\":[{\"@type\":\"SearchAction\",\"target\":{\"@type\":\"EntryPoint\",\"urlTemplate\":\"https:\/\/www.bagnoitalia.com\/fr?s={search_term_string}\"},\"query-input\":{\"@type\":\"PropertyValueSpecification\",\"valueRequired\":true,\"valueName\":\"search_term_string\"}}],\"inLanguage\":\"fr-FR\"},{\"@type\":\"Organization\",\"@id\":\"https:\/\/www.bagnoitalia.com\/fr#organization\",\"name\":\"Bagno Italia\",\"url\":\"https:\/\/www.bagnoitalia.com\/fr\",\"logo\":{\"@type\":\"ImageObject\",\"inLanguage\":\"fr-FR\",\"@id\":\"https:\/\/www.bagnoitalia.com\/fr#\/schema\/logo\/image\/\",\"url\":\"https:\/\/img.bagnoitalia.com\/wp-content\/uploads\/logo-bagnoitalia.webp\",\"contentUrl\":\"https:\/\/img.bagnoitalia.com\/wp-content\/uploads\/logo-bagnoitalia.webp\",\"width\":400,\"height\":70,\"caption\":\"Bagno Italia\"},\"image\":{\"@id\":\"https:\/\/www.bagnoitalia.com\/fr#\/schema\/logo\/image\/\"}}]}<\/script>\n<!-- \/ Yoast SEO plugin. -->","yoast_head_json":{"title":"Mariani RB74 M\u00e9langeur pour lavabo, bidet ou baignoire avec douche \u00e0 main","description":"Robinets aux lignes arrondies et au style moderne, y compris les tuyaux flexibles ; disponibles pour lavabo avec vidage automatique, ou pour bidet avec vidage automatique, ou pour baignoire (avec douchette incluse dans le prix).","robots":{"index":"index","follow":"follow","max-snippet":"max-snippet:-1","max-image-preview":"max-image-preview:large","max-video-preview":"max-video-preview:-1"},"canonical":"https:\/\/www.bagnoitalia.com\/fr\/produit\/mariani-rb74-washbasin-or-bidet-or-bathtub-mixer-with-hand-shower-2.html","og_locale":"fr_FR","og_type":"article","og_title":"Mariani RB74 M\u00e9langeur pour lavabo, bidet ou baignoire avec douche \u00e0 main","og_description":"Robinets aux lignes arrondies et au style moderne, y compris les tuyaux flexibles ; disponibles pour lavabo avec vidage automatique, ou pour bidet avec vidage automatique, ou pour baignoire (avec douchette incluse dans le prix).","og_url":"https:\/\/www.bagnoitalia.com\/fr\/produit\/mariani-rb74-washbasin-or-bidet-or-bathtub-mixer-with-hand-shower-2.html","og_site_name":"Bagno Italia","article_modified_time":"2024-05-24T14:29:13+00:00","og_image":[{"width":550,"height":550,"url":"https:\/\/img.bagnoitalia.com\/wp-content\/uploads\/virtuemart\/product\/basin-basin-bidet-mixer-1.jpg","type":"image\/jpeg"}],"twitter_card":"summary_large_image","twitter_misc":{"Dur\u00e9e de lecture estim\u00e9e":"1 minute"},"schema":{"@context":"https:\/\/schema.org","@graph":[{"@type":"WebPage","@id":"https:\/\/www.bagnoitalia.com\/fr\/produit\/mariani-rb74-washbasin-or-bidet-or-bathtub-mixer-with-hand-shower-2.html","url":"https:\/\/www.bagnoitalia.com\/fr\/produit\/mariani-rb74-washbasin-or-bidet-or-bathtub-mixer-with-hand-shower-2.html","name":"Mariani RB74 M\u00e9langeur pour lavabo, bidet ou baignoire avec douche \u00e0 main","isPartOf":{"@id":"https:\/\/www.bagnoitalia.com\/fr#website"},"primaryImageOfPage":{"@id":"https:\/\/www.bagnoitalia.com\/fr\/produit\/mariani-rb74-washbasin-or-bidet-or-bathtub-mixer-with-hand-shower-2.html#primaryimage"},"image":{"@id":"https:\/\/www.bagnoitalia.com\/fr\/produit\/mariani-rb74-washbasin-or-bidet-or-bathtub-mixer-with-hand-shower-2.html#primaryimage"},"thumbnailUrl":"https:\/\/img.bagnoitalia.com\/wp-content\/uploads\/virtuemart\/product\/basin-basin-bidet-mixer-1.jpg","datePublished":"2023-02-15T15:40:59+00:00","dateModified":"2024-05-24T14:29:13+00:00","description":"Robinets aux lignes arrondies et au style moderne, y compris les tuyaux flexibles ; disponibles pour lavabo avec vidage automatique, ou pour bidet avec vidage automatique, ou pour baignoire (avec douchette incluse dans le prix).","breadcrumb":{"@id":"https:\/\/www.bagnoitalia.com\/fr\/produit\/mariani-rb74-washbasin-or-bidet-or-bathtub-mixer-with-hand-shower-2.html#breadcrumb"},"inLanguage":"fr-FR","potentialAction":[{"@type":"ReadAction","target":["https:\/\/www.bagnoitalia.com\/fr\/produit\/mariani-rb74-washbasin-or-bidet-or-bathtub-mixer-with-hand-shower-2.html"]}]},{"@type":"ImageObject","inLanguage":"fr-FR","@id":"https:\/\/www.bagnoitalia.com\/fr\/produit\/mariani-rb74-washbasin-or-bidet-or-bathtub-mixer-with-hand-shower-2.html#primaryimage","url":"https:\/\/img.bagnoitalia.com\/wp-content\/uploads\/virtuemart\/product\/basin-basin-bidet-mixer-1.jpg","contentUrl":"https:\/\/img.bagnoitalia.com\/wp-content\/uploads\/virtuemart\/product\/basin-basin-bidet-mixer-1.jpg","width":550,"height":550},{"@type":"BreadcrumbList","@id":"https:\/\/www.bagnoitalia.com\/fr\/produit\/mariani-rb74-washbasin-or-bidet-or-bathtub-mixer-with-hand-shower-2.html#breadcrumb","itemListElement":[{"@type":"ListItem","position":1,"name":"Home","item":"https:\/\/www.bagnoitalia.com\/fr"},{"@type":"ListItem","position":2,"name":"Produits","item":"https:\/\/www.bagnoitalia.com\/fr\/shop"},{"@type":"ListItem","position":3,"name":"Mariani RB74 M\u00e9langeur pour lavabo, bidet ou baignoire avec douche \u00e0 main"}]},{"@type":"WebSite","@id":"https:\/\/www.bagnoitalia.com\/fr#website","url":"https:\/\/www.bagnoitalia.com\/fr","name":"Bagno Italia","description":"","publisher":{"@id":"https:\/\/www.bagnoitalia.com\/fr#organization"},"potentialAction":[{"@type":"SearchAction","target":{"@type":"EntryPoint","urlTemplate":"https:\/\/www.bagnoitalia.com\/fr?s={search_term_string}"},"query-input":{"@type":"PropertyValueSpecification","valueRequired":true,"valueName":"search_term_string"}}],"inLanguage":"fr-FR"},{"@type":"Organization","@id":"https:\/\/www.bagnoitalia.com\/fr#organization","name":"Bagno Italia","url":"https:\/\/www.bagnoitalia.com\/fr","logo":{"@type":"ImageObject","inLanguage":"fr-FR","@id":"https:\/\/www.bagnoitalia.com\/fr#\/schema\/logo\/image\/","url":"https:\/\/img.bagnoitalia.com\/wp-content\/uploads\/logo-bagnoitalia.webp","contentUrl":"https:\/\/img.bagnoitalia.com\/wp-content\/uploads\/logo-bagnoitalia.webp","width":400,"height":70,"caption":"Bagno Italia"},"image":{"@id":"https:\/\/www.bagnoitalia.com\/fr#\/schema\/logo\/image\/"}}]}},"_links":{"self":[{"href":"https:\/\/www.bagnoitalia.com\/fr\/wp-json\/wp\/v2\/product\/82813","targetHints":{"allow":["GET"]}}],"collection":[{"href":"https:\/\/www.bagnoitalia.com\/fr\/wp-json\/wp\/v2\/product"}],"about":[{"href":"https:\/\/www.bagnoitalia.com\/fr\/wp-json\/wp\/v2\/types\/product"}],"replies":[{"embeddable":true,"href":"https:\/\/www.bagnoitalia.com\/fr\/wp-json\/wp\/v2\/comments?post=82813"}],"version-history":[{"count":1,"href":"https:\/\/www.bagnoitalia.com\/fr\/wp-json\/wp\/v2\/product\/82813\/revisions"}],"predecessor-version":[{"id":88316,"href":"https:\/\/www.bagnoitalia.com\/fr\/wp-json\/wp\/v2\/product\/82813\/revisions\/88316"}],"wp:featuredmedia":[{"embeddable":true,"href":"https:\/\/www.bagnoitalia.com\/fr\/wp-json\/wp\/v2\/media\/59877"}],"wp:attachment":[{"href":"https:\/\/www.bagnoitalia.com\/fr\/wp-json\/wp\/v2\/media?parent=82813"}],"wp:term":[{"taxonomy":"product_brand","embeddable":true,"href":"https:\/\/www.bagnoitalia.com\/fr\/wp-json\/wp\/v2\/product_brand?post=82813"},{"taxonomy":"product_cat","embeddable":true,"href":"https:\/\/www.bagnoitalia.com\/fr\/wp-json\/wp\/v2\/product_cat?post=82813"},{"taxonomy":"product_tag","embeddable":true,"href":"https:\/\/www.bagnoitalia.com\/fr\/wp-json\/wp\/v2\/product_tag?post=82813"}],"curies":[{"name":"wp","href":"https:\/\/api.w.org\/{rel}","templated":true}]}}