{"id":82797,"date":"2023-02-15T09:03:36","date_gmt":"2023-02-15T08:03:36","guid":{"rendered":"https:\/\/www.bagnoitalia.com\/product\/made-in-italy-taps-for-washbasin-or-bidet-or-bathtub-rounded-line-rb89-2"},"modified":"2026-02-20T09:41:00","modified_gmt":"2026-02-20T08:41:00","slug":"made-in-italy-taps-for-washbasin-or-bidet-or-bathtub-rounded-line-rb89-2","status":"publish","type":"product","link":"https:\/\/www.bagnoitalia.com\/fr\/produit\/made-in-italy-taps-for-washbasin-or-bidet-or-bathtub-rounded-line-rb89-2.html","title":{"rendered":"Robinets pour lavabo ou bidet ou baignoire ligne arrondie RB89"},"content":{"rendered":"<p style=\"text-align: center;\"><span style=\"text-decoration: underline; color: #ff0000; font-size: 14pt;\"><strong>ROBINETTERIE RB89<\/strong><\/span><\/p>\n<p>&nbsp;<\/p>\n<p>Disponible en 3 types dans la m\u00eame ligne (choisir un ou plusieurs produits dans le menu lat\u00e9ral) :<\/p>\n<p>&nbsp;<\/p>\n<p>&#8211; pour lavabo avec vidange et tuyaux flexibles (mitigeur monotrou)<\/p>\n<p>&#8211; pour bidet avec bec directionnel \u00e9quip\u00e9 d&rsquo;une bonde et de tuyaux flexibles (m\u00e9langeur monotrou)<\/p>\n<p>&#8211; pour baignoire + douchette avec support mural. Tuyaux et inverseur inclus (mitigeur mural double trou).<\/p>\n<p>&nbsp;<\/p>\n<p>Cartouche d.40<\/p>\n<p>&nbsp;<\/p>\n<p>NB : La robinetterie de douche de la m\u00eame ligne est \u00e9galement disponible. <a href=\"pubinetteria-made-in-italy-da-incasso-o-esterna-per-doccia-rb90.html\">CLIQUEZ ICI POUR VOIR<\/a><\/p>\n<p>&nbsp;<\/p>\n<p>&nbsp;<\/p>\n<p>&nbsp;<\/p>\n<p>&nbsp;<\/p>\n<p>&nbsp;<\/p>\n<p>&nbsp;<\/p>\n<p>96UJ8<br \/>\n50NS2<br \/>\n93OR5<\/p>\n","protected":false},"excerpt":{"rendered":"<p>M\u00e9langeurs disponibles pour lavabo, bidet ou baignoire. Tuyaux inclus dans le prix<\/p>\n","protected":false},"featured_media":59773,"comment_status":"open","ping_status":"closed","template":"","meta":[],"product_brand":[9900,9954],"product_cat":[10036,10051,10039],"product_tag":[],"class_list":{"0":"post-82797","1":"product","2":"type-product","3":"status-publish","4":"has-post-thumbnail","6":"product_brand-baritermo-fr","7":"product_brand-thermo-professional-fr","8":"product_cat-robinets-de-baignoire","9":"product_cat-robinets-de-lavabo","10":"product_cat-robinetterie-de-bidet","12":"first","13":"instock","14":"sale","15":"taxable","16":"shipping-taxable","17":"purchasable","18":"product-type-simple"},"exclude_global_add_ons":false,"addons":[{"name":"Robinetterie","type":"multiple_choice","position":0,"required":true,"title_format":"heading","default":"","description_enable":false,"description":"","placeholder_enable":false,"placeholder":"","display":"select","restrictions_type":"any_text","adjust_price":false,"price":"","price_type":"flat_fee","restrictions":false,"min":"0","max":"0","options":[{"label":"pour lavabo","price":"","price_type":"quantity_based","image":0,"visibility":true},{"label":"pour bidet","price":"","price_type":"quantity_based","image":0,"visibility":true},{"label":"pour baignoire","price":"14","price_type":"quantity_based","image":0,"visibility":true}],"id":1716392871}],"yoast_head":"<!-- This site is optimized with the Yoast SEO plugin v26.7 - https:\/\/yoast.com\/wordpress\/plugins\/seo\/ -->\n<title>Made in Italy robinets pour lavabo ou bidet ou baignoire ligne arrondie RB89<\/title>\n<meta name=\"description\" content=\"M\u00e9langeurs italiens disponibles pour lavabo, bidet ou baignoire. Tuyaux inclus dans le prix\" \/>\n<meta name=\"robots\" content=\"index, follow, max-snippet:-1, max-image-preview:large, max-video-preview:-1\" \/>\n<link rel=\"canonical\" href=\"https:\/\/www.bagnoitalia.com\/fr\/produit\/made-in-italy-taps-for-washbasin-or-bidet-or-bathtub-rounded-line-rb89-2.html\" \/>\n<meta property=\"og:locale\" content=\"fr_FR\" \/>\n<meta property=\"og:type\" content=\"article\" \/>\n<meta property=\"og:title\" content=\"Made in Italy robinets pour lavabo ou bidet ou baignoire ligne arrondie RB89\" \/>\n<meta property=\"og:description\" content=\"M\u00e9langeurs italiens disponibles pour lavabo, bidet ou baignoire. Tuyaux inclus dans le prix\" \/>\n<meta property=\"og:url\" content=\"https:\/\/www.bagnoitalia.com\/fr\/produit\/made-in-italy-taps-for-washbasin-or-bidet-or-bathtub-rounded-line-rb89-2.html\" \/>\n<meta property=\"og:site_name\" content=\"Bagno Italia\" \/>\n<meta property=\"article:modified_time\" content=\"2026-02-20T08:41:00+00:00\" \/>\n<meta property=\"og:image\" content=\"https:\/\/img.bagnoitalia.com\/wp-content\/uploads\/virtuemart\/product\/Sun-bidet-basin-bath-mixer-1.jpg\" \/>\n\t<meta property=\"og:image:width\" content=\"550\" \/>\n\t<meta property=\"og:image:height\" content=\"550\" \/>\n\t<meta property=\"og:image:type\" content=\"image\/jpeg\" \/>\n<meta name=\"twitter:card\" content=\"summary_large_image\" \/>\n<meta name=\"twitter:label1\" content=\"Dur\u00e9e de lecture estim\u00e9e\" \/>\n\t<meta name=\"twitter:data1\" content=\"1 minute\" \/>\n<script type=\"application\/ld+json\" class=\"yoast-schema-graph\">{\"@context\":\"https:\/\/schema.org\",\"@graph\":[{\"@type\":\"WebPage\",\"@id\":\"https:\/\/www.bagnoitalia.com\/fr\/produit\/made-in-italy-taps-for-washbasin-or-bidet-or-bathtub-rounded-line-rb89-2.html\",\"url\":\"https:\/\/www.bagnoitalia.com\/fr\/produit\/made-in-italy-taps-for-washbasin-or-bidet-or-bathtub-rounded-line-rb89-2.html\",\"name\":\"Made in Italy robinets pour lavabo ou bidet ou baignoire ligne arrondie RB89\",\"isPartOf\":{\"@id\":\"https:\/\/www.bagnoitalia.com\/fr#website\"},\"primaryImageOfPage\":{\"@id\":\"https:\/\/www.bagnoitalia.com\/fr\/produit\/made-in-italy-taps-for-washbasin-or-bidet-or-bathtub-rounded-line-rb89-2.html#primaryimage\"},\"image\":{\"@id\":\"https:\/\/www.bagnoitalia.com\/fr\/produit\/made-in-italy-taps-for-washbasin-or-bidet-or-bathtub-rounded-line-rb89-2.html#primaryimage\"},\"thumbnailUrl\":\"https:\/\/img.bagnoitalia.com\/wp-content\/uploads\/virtuemart\/product\/Sun-bidet-basin-bath-mixer-1.jpg\",\"datePublished\":\"2023-02-15T08:03:36+00:00\",\"dateModified\":\"2026-02-20T08:41:00+00:00\",\"description\":\"M\u00e9langeurs italiens disponibles pour lavabo, bidet ou baignoire. Tuyaux inclus dans le prix\",\"breadcrumb\":{\"@id\":\"https:\/\/www.bagnoitalia.com\/fr\/produit\/made-in-italy-taps-for-washbasin-or-bidet-or-bathtub-rounded-line-rb89-2.html#breadcrumb\"},\"inLanguage\":\"fr-FR\",\"potentialAction\":[{\"@type\":\"ReadAction\",\"target\":[\"https:\/\/www.bagnoitalia.com\/fr\/produit\/made-in-italy-taps-for-washbasin-or-bidet-or-bathtub-rounded-line-rb89-2.html\"]}]},{\"@type\":\"ImageObject\",\"inLanguage\":\"fr-FR\",\"@id\":\"https:\/\/www.bagnoitalia.com\/fr\/produit\/made-in-italy-taps-for-washbasin-or-bidet-or-bathtub-rounded-line-rb89-2.html#primaryimage\",\"url\":\"https:\/\/img.bagnoitalia.com\/wp-content\/uploads\/virtuemart\/product\/Sun-bidet-basin-bath-mixer-1.jpg\",\"contentUrl\":\"https:\/\/img.bagnoitalia.com\/wp-content\/uploads\/virtuemart\/product\/Sun-bidet-basin-bath-mixer-1.jpg\",\"width\":550,\"height\":550},{\"@type\":\"BreadcrumbList\",\"@id\":\"https:\/\/www.bagnoitalia.com\/fr\/produit\/made-in-italy-taps-for-washbasin-or-bidet-or-bathtub-rounded-line-rb89-2.html#breadcrumb\",\"itemListElement\":[{\"@type\":\"ListItem\",\"position\":1,\"name\":\"Home\",\"item\":\"https:\/\/www.bagnoitalia.com\/fr\"},{\"@type\":\"ListItem\",\"position\":2,\"name\":\"Produits\",\"item\":\"https:\/\/www.bagnoitalia.com\/fr\/shop\"},{\"@type\":\"ListItem\",\"position\":3,\"name\":\"Robinets pour lavabo ou bidet ou baignoire ligne arrondie RB89\"}]},{\"@type\":\"WebSite\",\"@id\":\"https:\/\/www.bagnoitalia.com\/fr#website\",\"url\":\"https:\/\/www.bagnoitalia.com\/fr\",\"name\":\"Bagno Italia\",\"description\":\"\",\"publisher\":{\"@id\":\"https:\/\/www.bagnoitalia.com\/fr#organization\"},\"potentialAction\":[{\"@type\":\"SearchAction\",\"target\":{\"@type\":\"EntryPoint\",\"urlTemplate\":\"https:\/\/www.bagnoitalia.com\/fr?s={search_term_string}\"},\"query-input\":{\"@type\":\"PropertyValueSpecification\",\"valueRequired\":true,\"valueName\":\"search_term_string\"}}],\"inLanguage\":\"fr-FR\"},{\"@type\":\"Organization\",\"@id\":\"https:\/\/www.bagnoitalia.com\/fr#organization\",\"name\":\"Bagno Italia\",\"url\":\"https:\/\/www.bagnoitalia.com\/fr\",\"logo\":{\"@type\":\"ImageObject\",\"inLanguage\":\"fr-FR\",\"@id\":\"https:\/\/www.bagnoitalia.com\/fr#\/schema\/logo\/image\/\",\"url\":\"https:\/\/img.bagnoitalia.com\/wp-content\/uploads\/logo-bagnoitalia.webp\",\"contentUrl\":\"https:\/\/img.bagnoitalia.com\/wp-content\/uploads\/logo-bagnoitalia.webp\",\"width\":400,\"height\":70,\"caption\":\"Bagno Italia\"},\"image\":{\"@id\":\"https:\/\/www.bagnoitalia.com\/fr#\/schema\/logo\/image\/\"}}]}<\/script>\n<!-- \/ Yoast SEO plugin. -->","yoast_head_json":{"title":"Made in Italy robinets pour lavabo ou bidet ou baignoire ligne arrondie RB89","description":"M\u00e9langeurs italiens disponibles pour lavabo, bidet ou baignoire. Tuyaux inclus dans le prix","robots":{"index":"index","follow":"follow","max-snippet":"max-snippet:-1","max-image-preview":"max-image-preview:large","max-video-preview":"max-video-preview:-1"},"canonical":"https:\/\/www.bagnoitalia.com\/fr\/produit\/made-in-italy-taps-for-washbasin-or-bidet-or-bathtub-rounded-line-rb89-2.html","og_locale":"fr_FR","og_type":"article","og_title":"Made in Italy robinets pour lavabo ou bidet ou baignoire ligne arrondie RB89","og_description":"M\u00e9langeurs italiens disponibles pour lavabo, bidet ou baignoire. Tuyaux inclus dans le prix","og_url":"https:\/\/www.bagnoitalia.com\/fr\/produit\/made-in-italy-taps-for-washbasin-or-bidet-or-bathtub-rounded-line-rb89-2.html","og_site_name":"Bagno Italia","article_modified_time":"2026-02-20T08:41:00+00:00","og_image":[{"width":550,"height":550,"url":"https:\/\/img.bagnoitalia.com\/wp-content\/uploads\/virtuemart\/product\/Sun-bidet-basin-bath-mixer-1.jpg","type":"image\/jpeg"}],"twitter_card":"summary_large_image","twitter_misc":{"Dur\u00e9e de lecture estim\u00e9e":"1 minute"},"schema":{"@context":"https:\/\/schema.org","@graph":[{"@type":"WebPage","@id":"https:\/\/www.bagnoitalia.com\/fr\/produit\/made-in-italy-taps-for-washbasin-or-bidet-or-bathtub-rounded-line-rb89-2.html","url":"https:\/\/www.bagnoitalia.com\/fr\/produit\/made-in-italy-taps-for-washbasin-or-bidet-or-bathtub-rounded-line-rb89-2.html","name":"Made in Italy robinets pour lavabo ou bidet ou baignoire ligne arrondie RB89","isPartOf":{"@id":"https:\/\/www.bagnoitalia.com\/fr#website"},"primaryImageOfPage":{"@id":"https:\/\/www.bagnoitalia.com\/fr\/produit\/made-in-italy-taps-for-washbasin-or-bidet-or-bathtub-rounded-line-rb89-2.html#primaryimage"},"image":{"@id":"https:\/\/www.bagnoitalia.com\/fr\/produit\/made-in-italy-taps-for-washbasin-or-bidet-or-bathtub-rounded-line-rb89-2.html#primaryimage"},"thumbnailUrl":"https:\/\/img.bagnoitalia.com\/wp-content\/uploads\/virtuemart\/product\/Sun-bidet-basin-bath-mixer-1.jpg","datePublished":"2023-02-15T08:03:36+00:00","dateModified":"2026-02-20T08:41:00+00:00","description":"M\u00e9langeurs italiens disponibles pour lavabo, bidet ou baignoire. Tuyaux inclus dans le prix","breadcrumb":{"@id":"https:\/\/www.bagnoitalia.com\/fr\/produit\/made-in-italy-taps-for-washbasin-or-bidet-or-bathtub-rounded-line-rb89-2.html#breadcrumb"},"inLanguage":"fr-FR","potentialAction":[{"@type":"ReadAction","target":["https:\/\/www.bagnoitalia.com\/fr\/produit\/made-in-italy-taps-for-washbasin-or-bidet-or-bathtub-rounded-line-rb89-2.html"]}]},{"@type":"ImageObject","inLanguage":"fr-FR","@id":"https:\/\/www.bagnoitalia.com\/fr\/produit\/made-in-italy-taps-for-washbasin-or-bidet-or-bathtub-rounded-line-rb89-2.html#primaryimage","url":"https:\/\/img.bagnoitalia.com\/wp-content\/uploads\/virtuemart\/product\/Sun-bidet-basin-bath-mixer-1.jpg","contentUrl":"https:\/\/img.bagnoitalia.com\/wp-content\/uploads\/virtuemart\/product\/Sun-bidet-basin-bath-mixer-1.jpg","width":550,"height":550},{"@type":"BreadcrumbList","@id":"https:\/\/www.bagnoitalia.com\/fr\/produit\/made-in-italy-taps-for-washbasin-or-bidet-or-bathtub-rounded-line-rb89-2.html#breadcrumb","itemListElement":[{"@type":"ListItem","position":1,"name":"Home","item":"https:\/\/www.bagnoitalia.com\/fr"},{"@type":"ListItem","position":2,"name":"Produits","item":"https:\/\/www.bagnoitalia.com\/fr\/shop"},{"@type":"ListItem","position":3,"name":"Robinets pour lavabo ou bidet ou baignoire ligne arrondie RB89"}]},{"@type":"WebSite","@id":"https:\/\/www.bagnoitalia.com\/fr#website","url":"https:\/\/www.bagnoitalia.com\/fr","name":"Bagno Italia","description":"","publisher":{"@id":"https:\/\/www.bagnoitalia.com\/fr#organization"},"potentialAction":[{"@type":"SearchAction","target":{"@type":"EntryPoint","urlTemplate":"https:\/\/www.bagnoitalia.com\/fr?s={search_term_string}"},"query-input":{"@type":"PropertyValueSpecification","valueRequired":true,"valueName":"search_term_string"}}],"inLanguage":"fr-FR"},{"@type":"Organization","@id":"https:\/\/www.bagnoitalia.com\/fr#organization","name":"Bagno Italia","url":"https:\/\/www.bagnoitalia.com\/fr","logo":{"@type":"ImageObject","inLanguage":"fr-FR","@id":"https:\/\/www.bagnoitalia.com\/fr#\/schema\/logo\/image\/","url":"https:\/\/img.bagnoitalia.com\/wp-content\/uploads\/logo-bagnoitalia.webp","contentUrl":"https:\/\/img.bagnoitalia.com\/wp-content\/uploads\/logo-bagnoitalia.webp","width":400,"height":70,"caption":"Bagno Italia"},"image":{"@id":"https:\/\/www.bagnoitalia.com\/fr#\/schema\/logo\/image\/"}}]}},"_links":{"self":[{"href":"https:\/\/www.bagnoitalia.com\/fr\/wp-json\/wp\/v2\/product\/82797","targetHints":{"allow":["GET"]}}],"collection":[{"href":"https:\/\/www.bagnoitalia.com\/fr\/wp-json\/wp\/v2\/product"}],"about":[{"href":"https:\/\/www.bagnoitalia.com\/fr\/wp-json\/wp\/v2\/types\/product"}],"replies":[{"embeddable":true,"href":"https:\/\/www.bagnoitalia.com\/fr\/wp-json\/wp\/v2\/comments?post=82797"}],"version-history":[{"count":3,"href":"https:\/\/www.bagnoitalia.com\/fr\/wp-json\/wp\/v2\/product\/82797\/revisions"}],"predecessor-version":[{"id":116404,"href":"https:\/\/www.bagnoitalia.com\/fr\/wp-json\/wp\/v2\/product\/82797\/revisions\/116404"}],"wp:featuredmedia":[{"embeddable":true,"href":"https:\/\/www.bagnoitalia.com\/fr\/wp-json\/wp\/v2\/media\/59773"}],"wp:attachment":[{"href":"https:\/\/www.bagnoitalia.com\/fr\/wp-json\/wp\/v2\/media?parent=82797"}],"wp:term":[{"taxonomy":"product_brand","embeddable":true,"href":"https:\/\/www.bagnoitalia.com\/fr\/wp-json\/wp\/v2\/product_brand?post=82797"},{"taxonomy":"product_cat","embeddable":true,"href":"https:\/\/www.bagnoitalia.com\/fr\/wp-json\/wp\/v2\/product_cat?post=82797"},{"taxonomy":"product_tag","embeddable":true,"href":"https:\/\/www.bagnoitalia.com\/fr\/wp-json\/wp\/v2\/product_tag?post=82797"}],"curies":[{"name":"wp","href":"https:\/\/api.w.org\/{rel}","templated":true}]}}