{"id":82765,"date":"2023-02-06T08:26:09","date_gmt":"2023-02-06T07:26:09","guid":{"rendered":"https:\/\/www.bagnoitalia.com\/product\/100x70-cm-corner-bathtub-with-door-in-3-finishes-also-available-with-whirlpool-function-vs126-2"},"modified":"2024-05-21T14:52:50","modified_gmt":"2024-05-21T12:52:50","slug":"100x70-cm-corner-bathtub-with-door-in-3-finishes-also-available-with-whirlpool-function-vs126-2","status":"publish","type":"product","link":"https:\/\/www.bagnoitalia.com\/fr\/produit\/100x70-cm-corner-bathtub-with-door-in-3-finishes-also-available-with-whirlpool-function-vs126-2.html","title":{"rendered":"Baignoire d&rsquo;angle 100&#215;70 cm avec porte en 3 finitions, \u00e9galement disponible avec fonction baln\u00e9o VS126"},"content":{"rendered":"<p><img fetchpriority=\"high\" decoding=\"async\" class=\" size-full wp-image-59348\" src=\"https:\/\/img.bagnoitalia.com\/wp-content\/uploads\/ciao.png\" alt=\"\" width=\"737\" height=\"83\" srcset=\"https:\/\/img.bagnoitalia.com\/wp-content\/uploads\/ciao.png 737w, https:\/\/img.bagnoitalia.com\/wp-content\/uploads\/ciao-441x50.png 441w, https:\/\/img.bagnoitalia.com\/wp-content\/uploads\/ciao-600x68.png 600w, https:\/\/img.bagnoitalia.com\/wp-content\/uploads\/ciao-150x17.png 150w\" sizes=\"(max-width: 737px) 100vw, 737px\" \/><\/p>\n<p>&nbsp;<\/p>\n<p style=\"text-align: center;\"><span style=\"text-decoration: underline; color: #ff0000; font-size: 14pt;\"><strong>BAIGNOIRE AVEC PORTE VS126<\/strong><\/span><\/p>\n<p>&nbsp;<\/p>\n<p>Baignoire de 100x70xH80 cm, sp\u00e9cialement con\u00e7ue pour les personnes \u00e2g\u00e9es ou ayant des difficult\u00e9s de mobilit\u00e9<\/p>\n<p>peut \u00eatre install\u00e9 en angle de 4 fa\u00e7ons : 1A, ou 1B, ou 2A, ou 2B (voir images secondaires)<\/p>\n<p>S\u00e9lectionnez la version via le menu ci-dessus<\/p>\n<p>Porte \u00e0 ouverture vers l&rsquo;int\u00e9rieur, trois couleurs au choix<\/p>\n<p>blanc<br \/>\ntransparent<br \/>\nsatin<br \/>\n\u00c9quip\u00e9 d&rsquo;un syst\u00e8me de remplissage imm\u00e9diat<\/p>\n<p>Robinets inclus<\/p>\n<p>Porte-serviette<\/p>\n<p>cadre en acier et structure en abs et fibre de verre<\/p>\n<p><span style=\"text-decoration: underline;\"><strong>FACULTATIF SUPPL\u00c9MENTAIRE : bain \u00e0 remous dans la baignoire, s\u00e9lectionnable dans le menu \u00ab\u00a0type\u00a0\u00bb.<\/strong><\/span><\/p>\n<p>&nbsp;<\/p>\n<p>&nbsp;<\/p>\n<p>&nbsp;<\/p>\n<p>&nbsp;<\/p>\n","protected":false},"excerpt":{"rendered":"<p>Baignoire encastrable en 4 versions ; porte \u00e0 ouverture vers l&rsquo;int\u00e9rieur disponible en 3 types : blanc, transparent ou satin\u00e9. Robinets inclus. Il est \u00e9galement possible d&rsquo;ajouter la fonction d&rsquo;hydromassage dans la baignoire.<\/p>\n","protected":false},"featured_media":59549,"comment_status":"open","ping_status":"closed","template":"","meta":[],"product_brand":[9879],"product_cat":[9964],"product_tag":[],"class_list":{"0":"post-82765","1":"product","2":"type-product","3":"status-publish","4":"has-post-thumbnail","6":"product_brand-vari-produttori-fr","7":"product_cat-tubs-whith-door-fr","9":"first","10":"instock","11":"sale","12":"taxable","13":"shipping-taxable","14":"purchasable","15":"product-type-simple"},"exclude_global_add_ons":false,"addons":[{"name":"version","type":"multiple_choice","position":0,"required":true,"title_format":"heading","default":"","description_enable":false,"description":"","placeholder_enable":false,"placeholder":"","display":"select","restrictions_type":"any_text","adjust_price":false,"price":"","price_type":"flat_fee","restrictions":false,"min":"0","max":"0","options":[{"label":"version 1A","price":"","price_type":"quantity_based","image":0,"visibility":true},{"label":"version 1B","price":"","price_type":"quantity_based","image":0,"visibility":true},{"label":"version 2A","price":"","price_type":"quantity_based","image":0,"visibility":true},{"label":"version 2B","price":"","price_type":"quantity_based","image":0,"visibility":true}],"id":1716303170},{"name":"Couleur","type":"multiple_choice","position":1,"required":true,"title_format":"heading","default":"","description_enable":false,"description":"","placeholder_enable":false,"placeholder":"","display":"select","restrictions_type":"any_text","adjust_price":false,"price":"","price_type":"flat_fee","restrictions":false,"min":"0","max":"0","options":[{"label":"porte transparente","price":"","price_type":"quantity_based","image":0,"visibility":true},{"label":"porte blanche","price":"","price_type":"quantity_based","image":0,"visibility":true},{"label":"porte satin\u00e9e","price":"","price_type":"quantity_based","image":0,"visibility":true}],"id":1716303171},{"name":"Typologie","type":"multiple_choice","position":2,"required":true,"title_format":"heading","default":"","description_enable":false,"description":"","placeholder_enable":false,"placeholder":"","display":"select","restrictions_type":"any_text","adjust_price":false,"price":"","price_type":"flat_fee","restrictions":false,"min":"0","max":"0","options":[{"label":"sans hydromassage","price":"","price_type":"quantity_based","image":0,"visibility":true},{"label":"avec hydromassage","price":"550","price_type":"quantity_based","image":0,"visibility":true}],"id":1716303172}],"yoast_head":"<!-- This site is optimized with the Yoast SEO plugin v26.7 - https:\/\/yoast.com\/wordpress\/plugins\/seo\/ -->\n<title>Baignoire d&#039;angle 100x70 cm avec porte en 3 finitions, \u00e9galement disponible avec fonction baln\u00e9o VS126 - Bagno Italia<\/title>\n<meta name=\"description\" content=\"Baignoire encastrable en 4 versions ; porte \u00e0 ouverture vers l&#039;int\u00e9rieur disponible en 3 types : blanc, transparent ou satin\u00e9. Robinets inclus. Il est \u00e9galement possible d&#039;ajouter la fonction d&#039;hydromassage dans la baignoire.\" \/>\n<meta name=\"robots\" content=\"index, follow, max-snippet:-1, max-image-preview:large, max-video-preview:-1\" \/>\n<link rel=\"canonical\" href=\"https:\/\/www.bagnoitalia.com\/fr\/produit\/100x70-cm-corner-bathtub-with-door-in-3-finishes-also-available-with-whirlpool-function-vs126-2.html\" \/>\n<meta property=\"og:locale\" content=\"fr_FR\" \/>\n<meta property=\"og:type\" content=\"article\" \/>\n<meta property=\"og:title\" content=\"Baignoire d&#039;angle 100x70 cm avec porte en 3 finitions, \u00e9galement disponible avec fonction baln\u00e9o VS126 - Bagno Italia\" \/>\n<meta property=\"og:description\" content=\"Baignoire encastrable en 4 versions ; porte \u00e0 ouverture vers l&#039;int\u00e9rieur disponible en 3 types : blanc, transparent ou satin\u00e9. Robinets inclus. Il est \u00e9galement possible d&#039;ajouter la fonction d&#039;hydromassage dans la baignoire.\" \/>\n<meta property=\"og:url\" content=\"https:\/\/www.bagnoitalia.com\/fr\/produit\/100x70-cm-corner-bathtub-with-door-in-3-finishes-also-available-with-whirlpool-function-vs126-2.html\" \/>\n<meta property=\"og:site_name\" content=\"Bagno Italia\" \/>\n<meta property=\"article:modified_time\" content=\"2024-05-21T12:52:50+00:00\" \/>\n<meta property=\"og:image\" content=\"https:\/\/img.bagnoitalia.com\/wp-content\/uploads\/virtuemart\/product\/tub-with-hatch-100x70-cm-1.jpg\" \/>\n\t<meta property=\"og:image:width\" content=\"550\" \/>\n\t<meta property=\"og:image:height\" content=\"550\" \/>\n\t<meta property=\"og:image:type\" content=\"image\/jpeg\" \/>\n<meta name=\"twitter:card\" content=\"summary_large_image\" \/>\n<meta name=\"twitter:label1\" content=\"Dur\u00e9e de lecture estim\u00e9e\" \/>\n\t<meta name=\"twitter:data1\" content=\"1 minute\" \/>\n<script type=\"application\/ld+json\" class=\"yoast-schema-graph\">{\"@context\":\"https:\/\/schema.org\",\"@graph\":[{\"@type\":\"WebPage\",\"@id\":\"https:\/\/www.bagnoitalia.com\/fr\/produit\/100x70-cm-corner-bathtub-with-door-in-3-finishes-also-available-with-whirlpool-function-vs126-2.html\",\"url\":\"https:\/\/www.bagnoitalia.com\/fr\/produit\/100x70-cm-corner-bathtub-with-door-in-3-finishes-also-available-with-whirlpool-function-vs126-2.html\",\"name\":\"Baignoire d'angle 100x70 cm avec porte en 3 finitions, \u00e9galement disponible avec fonction baln\u00e9o VS126 - Bagno Italia\",\"isPartOf\":{\"@id\":\"https:\/\/www.bagnoitalia.com\/fr#website\"},\"primaryImageOfPage\":{\"@id\":\"https:\/\/www.bagnoitalia.com\/fr\/produit\/100x70-cm-corner-bathtub-with-door-in-3-finishes-also-available-with-whirlpool-function-vs126-2.html#primaryimage\"},\"image\":{\"@id\":\"https:\/\/www.bagnoitalia.com\/fr\/produit\/100x70-cm-corner-bathtub-with-door-in-3-finishes-also-available-with-whirlpool-function-vs126-2.html#primaryimage\"},\"thumbnailUrl\":\"https:\/\/img.bagnoitalia.com\/wp-content\/uploads\/virtuemart\/product\/tub-with-hatch-100x70-cm-1.jpg\",\"datePublished\":\"2023-02-06T07:26:09+00:00\",\"dateModified\":\"2024-05-21T12:52:50+00:00\",\"description\":\"Baignoire encastrable en 4 versions ; porte \u00e0 ouverture vers l'int\u00e9rieur disponible en 3 types : blanc, transparent ou satin\u00e9. Robinets inclus. Il est \u00e9galement possible d'ajouter la fonction d'hydromassage dans la baignoire.\",\"breadcrumb\":{\"@id\":\"https:\/\/www.bagnoitalia.com\/fr\/produit\/100x70-cm-corner-bathtub-with-door-in-3-finishes-also-available-with-whirlpool-function-vs126-2.html#breadcrumb\"},\"inLanguage\":\"fr-FR\",\"potentialAction\":[{\"@type\":\"ReadAction\",\"target\":[\"https:\/\/www.bagnoitalia.com\/fr\/produit\/100x70-cm-corner-bathtub-with-door-in-3-finishes-also-available-with-whirlpool-function-vs126-2.html\"]}]},{\"@type\":\"ImageObject\",\"inLanguage\":\"fr-FR\",\"@id\":\"https:\/\/www.bagnoitalia.com\/fr\/produit\/100x70-cm-corner-bathtub-with-door-in-3-finishes-also-available-with-whirlpool-function-vs126-2.html#primaryimage\",\"url\":\"https:\/\/img.bagnoitalia.com\/wp-content\/uploads\/virtuemart\/product\/tub-with-hatch-100x70-cm-1.jpg\",\"contentUrl\":\"https:\/\/img.bagnoitalia.com\/wp-content\/uploads\/virtuemart\/product\/tub-with-hatch-100x70-cm-1.jpg\",\"width\":550,\"height\":550},{\"@type\":\"BreadcrumbList\",\"@id\":\"https:\/\/www.bagnoitalia.com\/fr\/produit\/100x70-cm-corner-bathtub-with-door-in-3-finishes-also-available-with-whirlpool-function-vs126-2.html#breadcrumb\",\"itemListElement\":[{\"@type\":\"ListItem\",\"position\":1,\"name\":\"Home\",\"item\":\"https:\/\/www.bagnoitalia.com\/fr\"},{\"@type\":\"ListItem\",\"position\":2,\"name\":\"Produits\",\"item\":\"https:\/\/www.bagnoitalia.com\/fr\/shop\"},{\"@type\":\"ListItem\",\"position\":3,\"name\":\"Baignoire d&#8217;angle 100&#215;70 cm avec porte en 3 finitions, \u00e9galement disponible avec fonction baln\u00e9o VS126\"}]},{\"@type\":\"WebSite\",\"@id\":\"https:\/\/www.bagnoitalia.com\/fr#website\",\"url\":\"https:\/\/www.bagnoitalia.com\/fr\",\"name\":\"Bagno Italia\",\"description\":\"\",\"publisher\":{\"@id\":\"https:\/\/www.bagnoitalia.com\/fr#organization\"},\"potentialAction\":[{\"@type\":\"SearchAction\",\"target\":{\"@type\":\"EntryPoint\",\"urlTemplate\":\"https:\/\/www.bagnoitalia.com\/fr?s={search_term_string}\"},\"query-input\":{\"@type\":\"PropertyValueSpecification\",\"valueRequired\":true,\"valueName\":\"search_term_string\"}}],\"inLanguage\":\"fr-FR\"},{\"@type\":\"Organization\",\"@id\":\"https:\/\/www.bagnoitalia.com\/fr#organization\",\"name\":\"Bagno Italia\",\"url\":\"https:\/\/www.bagnoitalia.com\/fr\",\"logo\":{\"@type\":\"ImageObject\",\"inLanguage\":\"fr-FR\",\"@id\":\"https:\/\/www.bagnoitalia.com\/fr#\/schema\/logo\/image\/\",\"url\":\"https:\/\/img.bagnoitalia.com\/wp-content\/uploads\/logo-bagnoitalia.webp\",\"contentUrl\":\"https:\/\/img.bagnoitalia.com\/wp-content\/uploads\/logo-bagnoitalia.webp\",\"width\":400,\"height\":70,\"caption\":\"Bagno Italia\"},\"image\":{\"@id\":\"https:\/\/www.bagnoitalia.com\/fr#\/schema\/logo\/image\/\"}}]}<\/script>\n<!-- \/ Yoast SEO plugin. -->","yoast_head_json":{"title":"Baignoire d'angle 100x70 cm avec porte en 3 finitions, \u00e9galement disponible avec fonction baln\u00e9o VS126 - Bagno Italia","description":"Baignoire encastrable en 4 versions ; porte \u00e0 ouverture vers l'int\u00e9rieur disponible en 3 types : blanc, transparent ou satin\u00e9. Robinets inclus. Il est \u00e9galement possible d'ajouter la fonction d'hydromassage dans la baignoire.","robots":{"index":"index","follow":"follow","max-snippet":"max-snippet:-1","max-image-preview":"max-image-preview:large","max-video-preview":"max-video-preview:-1"},"canonical":"https:\/\/www.bagnoitalia.com\/fr\/produit\/100x70-cm-corner-bathtub-with-door-in-3-finishes-also-available-with-whirlpool-function-vs126-2.html","og_locale":"fr_FR","og_type":"article","og_title":"Baignoire d'angle 100x70 cm avec porte en 3 finitions, \u00e9galement disponible avec fonction baln\u00e9o VS126 - Bagno Italia","og_description":"Baignoire encastrable en 4 versions ; porte \u00e0 ouverture vers l'int\u00e9rieur disponible en 3 types : blanc, transparent ou satin\u00e9. Robinets inclus. Il est \u00e9galement possible d'ajouter la fonction d'hydromassage dans la baignoire.","og_url":"https:\/\/www.bagnoitalia.com\/fr\/produit\/100x70-cm-corner-bathtub-with-door-in-3-finishes-also-available-with-whirlpool-function-vs126-2.html","og_site_name":"Bagno Italia","article_modified_time":"2024-05-21T12:52:50+00:00","og_image":[{"width":550,"height":550,"url":"https:\/\/img.bagnoitalia.com\/wp-content\/uploads\/virtuemart\/product\/tub-with-hatch-100x70-cm-1.jpg","type":"image\/jpeg"}],"twitter_card":"summary_large_image","twitter_misc":{"Dur\u00e9e de lecture estim\u00e9e":"1 minute"},"schema":{"@context":"https:\/\/schema.org","@graph":[{"@type":"WebPage","@id":"https:\/\/www.bagnoitalia.com\/fr\/produit\/100x70-cm-corner-bathtub-with-door-in-3-finishes-also-available-with-whirlpool-function-vs126-2.html","url":"https:\/\/www.bagnoitalia.com\/fr\/produit\/100x70-cm-corner-bathtub-with-door-in-3-finishes-also-available-with-whirlpool-function-vs126-2.html","name":"Baignoire d'angle 100x70 cm avec porte en 3 finitions, \u00e9galement disponible avec fonction baln\u00e9o VS126 - Bagno Italia","isPartOf":{"@id":"https:\/\/www.bagnoitalia.com\/fr#website"},"primaryImageOfPage":{"@id":"https:\/\/www.bagnoitalia.com\/fr\/produit\/100x70-cm-corner-bathtub-with-door-in-3-finishes-also-available-with-whirlpool-function-vs126-2.html#primaryimage"},"image":{"@id":"https:\/\/www.bagnoitalia.com\/fr\/produit\/100x70-cm-corner-bathtub-with-door-in-3-finishes-also-available-with-whirlpool-function-vs126-2.html#primaryimage"},"thumbnailUrl":"https:\/\/img.bagnoitalia.com\/wp-content\/uploads\/virtuemart\/product\/tub-with-hatch-100x70-cm-1.jpg","datePublished":"2023-02-06T07:26:09+00:00","dateModified":"2024-05-21T12:52:50+00:00","description":"Baignoire encastrable en 4 versions ; porte \u00e0 ouverture vers l'int\u00e9rieur disponible en 3 types : blanc, transparent ou satin\u00e9. Robinets inclus. Il est \u00e9galement possible d'ajouter la fonction d'hydromassage dans la baignoire.","breadcrumb":{"@id":"https:\/\/www.bagnoitalia.com\/fr\/produit\/100x70-cm-corner-bathtub-with-door-in-3-finishes-also-available-with-whirlpool-function-vs126-2.html#breadcrumb"},"inLanguage":"fr-FR","potentialAction":[{"@type":"ReadAction","target":["https:\/\/www.bagnoitalia.com\/fr\/produit\/100x70-cm-corner-bathtub-with-door-in-3-finishes-also-available-with-whirlpool-function-vs126-2.html"]}]},{"@type":"ImageObject","inLanguage":"fr-FR","@id":"https:\/\/www.bagnoitalia.com\/fr\/produit\/100x70-cm-corner-bathtub-with-door-in-3-finishes-also-available-with-whirlpool-function-vs126-2.html#primaryimage","url":"https:\/\/img.bagnoitalia.com\/wp-content\/uploads\/virtuemart\/product\/tub-with-hatch-100x70-cm-1.jpg","contentUrl":"https:\/\/img.bagnoitalia.com\/wp-content\/uploads\/virtuemart\/product\/tub-with-hatch-100x70-cm-1.jpg","width":550,"height":550},{"@type":"BreadcrumbList","@id":"https:\/\/www.bagnoitalia.com\/fr\/produit\/100x70-cm-corner-bathtub-with-door-in-3-finishes-also-available-with-whirlpool-function-vs126-2.html#breadcrumb","itemListElement":[{"@type":"ListItem","position":1,"name":"Home","item":"https:\/\/www.bagnoitalia.com\/fr"},{"@type":"ListItem","position":2,"name":"Produits","item":"https:\/\/www.bagnoitalia.com\/fr\/shop"},{"@type":"ListItem","position":3,"name":"Baignoire d&#8217;angle 100&#215;70 cm avec porte en 3 finitions, \u00e9galement disponible avec fonction baln\u00e9o VS126"}]},{"@type":"WebSite","@id":"https:\/\/www.bagnoitalia.com\/fr#website","url":"https:\/\/www.bagnoitalia.com\/fr","name":"Bagno Italia","description":"","publisher":{"@id":"https:\/\/www.bagnoitalia.com\/fr#organization"},"potentialAction":[{"@type":"SearchAction","target":{"@type":"EntryPoint","urlTemplate":"https:\/\/www.bagnoitalia.com\/fr?s={search_term_string}"},"query-input":{"@type":"PropertyValueSpecification","valueRequired":true,"valueName":"search_term_string"}}],"inLanguage":"fr-FR"},{"@type":"Organization","@id":"https:\/\/www.bagnoitalia.com\/fr#organization","name":"Bagno Italia","url":"https:\/\/www.bagnoitalia.com\/fr","logo":{"@type":"ImageObject","inLanguage":"fr-FR","@id":"https:\/\/www.bagnoitalia.com\/fr#\/schema\/logo\/image\/","url":"https:\/\/img.bagnoitalia.com\/wp-content\/uploads\/logo-bagnoitalia.webp","contentUrl":"https:\/\/img.bagnoitalia.com\/wp-content\/uploads\/logo-bagnoitalia.webp","width":400,"height":70,"caption":"Bagno Italia"},"image":{"@id":"https:\/\/www.bagnoitalia.com\/fr#\/schema\/logo\/image\/"}}]}},"_links":{"self":[{"href":"https:\/\/www.bagnoitalia.com\/fr\/wp-json\/wp\/v2\/product\/82765","targetHints":{"allow":["GET"]}}],"collection":[{"href":"https:\/\/www.bagnoitalia.com\/fr\/wp-json\/wp\/v2\/product"}],"about":[{"href":"https:\/\/www.bagnoitalia.com\/fr\/wp-json\/wp\/v2\/types\/product"}],"replies":[{"embeddable":true,"href":"https:\/\/www.bagnoitalia.com\/fr\/wp-json\/wp\/v2\/comments?post=82765"}],"version-history":[{"count":1,"href":"https:\/\/www.bagnoitalia.com\/fr\/wp-json\/wp\/v2\/product\/82765\/revisions"}],"predecessor-version":[{"id":87191,"href":"https:\/\/www.bagnoitalia.com\/fr\/wp-json\/wp\/v2\/product\/82765\/revisions\/87191"}],"wp:featuredmedia":[{"embeddable":true,"href":"https:\/\/www.bagnoitalia.com\/fr\/wp-json\/wp\/v2\/media\/59549"}],"wp:attachment":[{"href":"https:\/\/www.bagnoitalia.com\/fr\/wp-json\/wp\/v2\/media?parent=82765"}],"wp:term":[{"taxonomy":"product_brand","embeddable":true,"href":"https:\/\/www.bagnoitalia.com\/fr\/wp-json\/wp\/v2\/product_brand?post=82765"},{"taxonomy":"product_cat","embeddable":true,"href":"https:\/\/www.bagnoitalia.com\/fr\/wp-json\/wp\/v2\/product_cat?post=82765"},{"taxonomy":"product_tag","embeddable":true,"href":"https:\/\/www.bagnoitalia.com\/fr\/wp-json\/wp\/v2\/product_tag?post=82765"}],"curies":[{"name":"wp","href":"https:\/\/api.w.org\/{rel}","templated":true}]}}