{"id":82754,"date":"2023-02-03T15:34:38","date_gmt":"2023-02-03T14:34:38","guid":{"rendered":"https:\/\/www.bagnoitalia.com\/product\/baignoire-rectangulaire-130x70-cm-avec-porte-vs123"},"modified":"2026-05-06T11:34:54","modified_gmt":"2026-05-06T09:34:54","slug":"baignoire-rectangulaire-130x70-cm-avec-porte-vs123","status":"publish","type":"product","link":"https:\/\/www.bagnoitalia.com\/fr\/produit\/baignoire-rectangulaire-130x70-cm-avec-porte-vs123.html","title":{"rendered":"Baignoire rectangulaire 130&#215;70 cm avec porte VS123"},"content":{"rendered":"<p><img fetchpriority=\"high\" decoding=\"async\" class=\" size-full wp-image-59348\" src=\"https:\/\/img.bagnoitalia.com\/wp-content\/uploads\/ciao.png\" alt=\"\" width=\"737\" height=\"83\" srcset=\"https:\/\/img.bagnoitalia.com\/wp-content\/uploads\/ciao.png 737w, https:\/\/img.bagnoitalia.com\/wp-content\/uploads\/ciao-441x50.png 441w, https:\/\/img.bagnoitalia.com\/wp-content\/uploads\/ciao-600x68.png 600w, https:\/\/img.bagnoitalia.com\/wp-content\/uploads\/ciao-150x17.png 150w\" sizes=\"(max-width: 737px) 100vw, 737px\" \/><\/p>\n<p>&nbsp;<\/p>\n<p style=\"text-align: center;\"><span style=\"text-decoration: underline; color: #ff0000; font-size: 18pt;\"><strong>BAIN AVEC PORTE VS123<\/strong><\/span><\/p>\n<p>&nbsp;<\/p>\n<p>D\u00c9TAILS DU PRODUIT<\/p>\n<p>Baignoire 130x70xH93 cm<\/p>\n<p>Compl\u00e8te avec deux panneaux lat\u00e9raux pour une installation en angle (comme indiqu\u00e9 sur la photo) ; en ajoutant le TROISI\u00c8ME PANNEAU LAT\u00c9RAL, il sera possible de l&rsquo;installer au centre du mur.<\/p>\n<p>Con\u00e7ue pour les personnes \u00e0 mobilit\u00e9 r\u00e9duite ou les personnes \u00e2g\u00e9es<\/p>\n<p>Porte \u00e9tanche s&rsquo;ouvrant vers l&rsquo;int\u00e9rieur<\/p>\n<p>cadre en acier et structure en abs et fibre de verre<\/p>\n<p>&nbsp;<\/p>\n<p>&#8211; la poign\u00e9e est INCLUSE<\/p>\n<p>&#8211; des robinets peuvent \u00eatre ajout\u00e9s \u00e0 partir du menu d\u00e9roulant<\/p>\n<p>&#8211; La baignoire est \u00e9galement disponible avec hydromassage ; s\u00e9lectionnez le type dans le menu d\u00e9roulant.<\/p>\n","protected":false},"excerpt":{"rendered":"<p>Baignoire pour personnes \u00e2g\u00e9es, qui peut \u00eatre install\u00e9e dans un coin ou, avec l&rsquo;ajout du troisi\u00e8me panneau, au centre du mur.<\/p>\n","protected":false},"featured_media":59418,"comment_status":"open","ping_status":"closed","template":"","meta":[],"product_brand":[9879],"product_cat":[9964],"product_tag":[],"class_list":{"0":"post-82754","1":"product","2":"type-product","3":"status-publish","4":"has-post-thumbnail","6":"product_brand-vari-produttori-fr","7":"product_cat-tubs-whith-door-fr","9":"first","10":"instock","11":"sale","12":"taxable","13":"shipping-taxable","14":"purchasable","15":"product-type-simple"},"exclude_global_add_ons":false,"addons":[{"name":"Panneau lat\u00e9ral","type":"multiple_choice","position":0,"required":true,"title_format":"heading","default":"","description_enable":false,"description":"","placeholder_enable":false,"placeholder":"","display":"select","restrictions_type":"any_text","adjust_price":false,"price":"","price_type":"flat_fee","restrictions":false,"min":"0","max":"0","options":[{"label":"NON","price":"","price_type":"quantity_based","image":0,"visibility":true},{"label":"avec troisi\u00e8me panneau lat\u00e9ral","price":"155","price_type":"quantity_based","image":0,"visibility":true}],"id":1716380292},{"name":"robinet","type":"multiple_choice","position":1,"required":true,"title_format":"heading","default":"","description_enable":false,"description":"","placeholder_enable":false,"placeholder":"","display":"select","restrictions_type":"any_text","adjust_price":false,"price":"","price_type":"flat_fee","restrictions":false,"min":"0","max":"0","options":[{"label":"sans robinets","price":"","price_type":"quantity_based","image":0,"visibility":true},{"label":"avec robinets","price":"490","price_type":"quantity_based","image":0,"visibility":true}],"id":1716380293},{"name":"typologie","type":"multiple_choice","position":2,"required":true,"title_format":"heading","default":"","description_enable":false,"description":"","placeholder_enable":false,"placeholder":"","display":"select","restrictions_type":"any_text","adjust_price":false,"price":"","price_type":"flat_fee","restrictions":false,"min":"0","max":"0","options":[{"label":"standard","price":"","price_type":"flat_fee","image":0,"visibility":true},{"label":"AVEC hydromassage","price":"675","price_type":"flat_fee","image":0,"visibility":true}],"id":1775558445}],"yoast_head":"<!-- This site is optimized with the Yoast SEO plugin v26.7 - https:\/\/yoast.com\/wordpress\/plugins\/seo\/ -->\n<title>Baignoire rectangulaire 130x70 cm avec porte VS123<\/title>\n<meta name=\"description\" content=\"Baignoire pour personnes \u00e2g\u00e9es, qui peut \u00eatre install\u00e9e dans un coin ou, avec l&#039;ajout du troisi\u00e8me panneau, au centre du mur.\" \/>\n<meta name=\"robots\" content=\"index, follow, max-snippet:-1, max-image-preview:large, max-video-preview:-1\" \/>\n<link rel=\"canonical\" href=\"https:\/\/www.bagnoitalia.com\/fr\/produit\/baignoire-rectangulaire-130x70-cm-avec-porte-vs123.html\" \/>\n<meta property=\"og:locale\" content=\"fr_FR\" \/>\n<meta property=\"og:type\" content=\"article\" \/>\n<meta property=\"og:title\" content=\"Baignoire rectangulaire 130x70 cm avec porte VS123\" \/>\n<meta property=\"og:description\" content=\"Baignoire pour personnes \u00e2g\u00e9es, qui peut \u00eatre install\u00e9e dans un coin ou, avec l&#039;ajout du troisi\u00e8me panneau, au centre du mur.\" \/>\n<meta property=\"og:url\" content=\"https:\/\/www.bagnoitalia.com\/fr\/produit\/baignoire-rectangulaire-130x70-cm-avec-porte-vs123.html\" \/>\n<meta property=\"og:site_name\" content=\"Bagno Italia\" \/>\n<meta property=\"article:modified_time\" content=\"2026-05-06T09:34:54+00:00\" \/>\n<meta property=\"og:image\" content=\"https:\/\/img.bagnoitalia.com\/wp-content\/uploads\/virtuemart\/product\/bath-tub-with-hatch-130x70-cm-1.jpg\" \/>\n\t<meta property=\"og:image:width\" content=\"545\" \/>\n\t<meta property=\"og:image:height\" content=\"545\" \/>\n\t<meta property=\"og:image:type\" content=\"image\/jpeg\" \/>\n<meta name=\"twitter:card\" content=\"summary_large_image\" \/>\n<meta name=\"twitter:label1\" content=\"Dur\u00e9e de lecture estim\u00e9e\" \/>\n\t<meta name=\"twitter:data1\" content=\"1 minute\" \/>\n<script type=\"application\/ld+json\" class=\"yoast-schema-graph\">{\"@context\":\"https:\/\/schema.org\",\"@graph\":[{\"@type\":\"WebPage\",\"@id\":\"https:\/\/www.bagnoitalia.com\/fr\/produit\/baignoire-rectangulaire-130x70-cm-avec-porte-vs123.html\",\"url\":\"https:\/\/www.bagnoitalia.com\/fr\/produit\/baignoire-rectangulaire-130x70-cm-avec-porte-vs123.html\",\"name\":\"Baignoire rectangulaire 130x70 cm avec porte VS123\",\"isPartOf\":{\"@id\":\"https:\/\/www.bagnoitalia.com\/fr#website\"},\"primaryImageOfPage\":{\"@id\":\"https:\/\/www.bagnoitalia.com\/fr\/produit\/baignoire-rectangulaire-130x70-cm-avec-porte-vs123.html#primaryimage\"},\"image\":{\"@id\":\"https:\/\/www.bagnoitalia.com\/fr\/produit\/baignoire-rectangulaire-130x70-cm-avec-porte-vs123.html#primaryimage\"},\"thumbnailUrl\":\"https:\/\/img.bagnoitalia.com\/wp-content\/uploads\/virtuemart\/product\/bath-tub-with-hatch-130x70-cm-1.jpg\",\"datePublished\":\"2023-02-03T14:34:38+00:00\",\"dateModified\":\"2026-05-06T09:34:54+00:00\",\"description\":\"Baignoire pour personnes \u00e2g\u00e9es, qui peut \u00eatre install\u00e9e dans un coin ou, avec l'ajout du troisi\u00e8me panneau, au centre du mur.\",\"breadcrumb\":{\"@id\":\"https:\/\/www.bagnoitalia.com\/fr\/produit\/baignoire-rectangulaire-130x70-cm-avec-porte-vs123.html#breadcrumb\"},\"inLanguage\":\"fr-FR\",\"potentialAction\":[{\"@type\":\"ReadAction\",\"target\":[\"https:\/\/www.bagnoitalia.com\/fr\/produit\/baignoire-rectangulaire-130x70-cm-avec-porte-vs123.html\"]}]},{\"@type\":\"ImageObject\",\"inLanguage\":\"fr-FR\",\"@id\":\"https:\/\/www.bagnoitalia.com\/fr\/produit\/baignoire-rectangulaire-130x70-cm-avec-porte-vs123.html#primaryimage\",\"url\":\"https:\/\/img.bagnoitalia.com\/wp-content\/uploads\/virtuemart\/product\/bath-tub-with-hatch-130x70-cm-1.jpg\",\"contentUrl\":\"https:\/\/img.bagnoitalia.com\/wp-content\/uploads\/virtuemart\/product\/bath-tub-with-hatch-130x70-cm-1.jpg\",\"width\":545,\"height\":545},{\"@type\":\"BreadcrumbList\",\"@id\":\"https:\/\/www.bagnoitalia.com\/fr\/produit\/baignoire-rectangulaire-130x70-cm-avec-porte-vs123.html#breadcrumb\",\"itemListElement\":[{\"@type\":\"ListItem\",\"position\":1,\"name\":\"Home\",\"item\":\"https:\/\/www.bagnoitalia.com\/fr\"},{\"@type\":\"ListItem\",\"position\":2,\"name\":\"Produits\",\"item\":\"https:\/\/www.bagnoitalia.com\/fr\/shop\"},{\"@type\":\"ListItem\",\"position\":3,\"name\":\"Baignoire rectangulaire 130&#215;70 cm avec porte VS123\"}]},{\"@type\":\"WebSite\",\"@id\":\"https:\/\/www.bagnoitalia.com\/fr#website\",\"url\":\"https:\/\/www.bagnoitalia.com\/fr\",\"name\":\"Bagno Italia\",\"description\":\"\",\"publisher\":{\"@id\":\"https:\/\/www.bagnoitalia.com\/fr#organization\"},\"potentialAction\":[{\"@type\":\"SearchAction\",\"target\":{\"@type\":\"EntryPoint\",\"urlTemplate\":\"https:\/\/www.bagnoitalia.com\/fr?s={search_term_string}\"},\"query-input\":{\"@type\":\"PropertyValueSpecification\",\"valueRequired\":true,\"valueName\":\"search_term_string\"}}],\"inLanguage\":\"fr-FR\"},{\"@type\":\"Organization\",\"@id\":\"https:\/\/www.bagnoitalia.com\/fr#organization\",\"name\":\"Bagno Italia\",\"url\":\"https:\/\/www.bagnoitalia.com\/fr\",\"logo\":{\"@type\":\"ImageObject\",\"inLanguage\":\"fr-FR\",\"@id\":\"https:\/\/www.bagnoitalia.com\/fr#\/schema\/logo\/image\/\",\"url\":\"https:\/\/img.bagnoitalia.com\/wp-content\/uploads\/logo-bagnoitalia.webp\",\"contentUrl\":\"https:\/\/img.bagnoitalia.com\/wp-content\/uploads\/logo-bagnoitalia.webp\",\"width\":400,\"height\":70,\"caption\":\"Bagno Italia\"},\"image\":{\"@id\":\"https:\/\/www.bagnoitalia.com\/fr#\/schema\/logo\/image\/\"}}]}<\/script>\n<!-- \/ Yoast SEO plugin. -->","yoast_head_json":{"title":"Baignoire rectangulaire 130x70 cm avec porte VS123","description":"Baignoire pour personnes \u00e2g\u00e9es, qui peut \u00eatre install\u00e9e dans un coin ou, avec l'ajout du troisi\u00e8me panneau, au centre du mur.","robots":{"index":"index","follow":"follow","max-snippet":"max-snippet:-1","max-image-preview":"max-image-preview:large","max-video-preview":"max-video-preview:-1"},"canonical":"https:\/\/www.bagnoitalia.com\/fr\/produit\/baignoire-rectangulaire-130x70-cm-avec-porte-vs123.html","og_locale":"fr_FR","og_type":"article","og_title":"Baignoire rectangulaire 130x70 cm avec porte VS123","og_description":"Baignoire pour personnes \u00e2g\u00e9es, qui peut \u00eatre install\u00e9e dans un coin ou, avec l'ajout du troisi\u00e8me panneau, au centre du mur.","og_url":"https:\/\/www.bagnoitalia.com\/fr\/produit\/baignoire-rectangulaire-130x70-cm-avec-porte-vs123.html","og_site_name":"Bagno Italia","article_modified_time":"2026-05-06T09:34:54+00:00","og_image":[{"width":545,"height":545,"url":"https:\/\/img.bagnoitalia.com\/wp-content\/uploads\/virtuemart\/product\/bath-tub-with-hatch-130x70-cm-1.jpg","type":"image\/jpeg"}],"twitter_card":"summary_large_image","twitter_misc":{"Dur\u00e9e de lecture estim\u00e9e":"1 minute"},"schema":{"@context":"https:\/\/schema.org","@graph":[{"@type":"WebPage","@id":"https:\/\/www.bagnoitalia.com\/fr\/produit\/baignoire-rectangulaire-130x70-cm-avec-porte-vs123.html","url":"https:\/\/www.bagnoitalia.com\/fr\/produit\/baignoire-rectangulaire-130x70-cm-avec-porte-vs123.html","name":"Baignoire rectangulaire 130x70 cm avec porte VS123","isPartOf":{"@id":"https:\/\/www.bagnoitalia.com\/fr#website"},"primaryImageOfPage":{"@id":"https:\/\/www.bagnoitalia.com\/fr\/produit\/baignoire-rectangulaire-130x70-cm-avec-porte-vs123.html#primaryimage"},"image":{"@id":"https:\/\/www.bagnoitalia.com\/fr\/produit\/baignoire-rectangulaire-130x70-cm-avec-porte-vs123.html#primaryimage"},"thumbnailUrl":"https:\/\/img.bagnoitalia.com\/wp-content\/uploads\/virtuemart\/product\/bath-tub-with-hatch-130x70-cm-1.jpg","datePublished":"2023-02-03T14:34:38+00:00","dateModified":"2026-05-06T09:34:54+00:00","description":"Baignoire pour personnes \u00e2g\u00e9es, qui peut \u00eatre install\u00e9e dans un coin ou, avec l'ajout du troisi\u00e8me panneau, au centre du mur.","breadcrumb":{"@id":"https:\/\/www.bagnoitalia.com\/fr\/produit\/baignoire-rectangulaire-130x70-cm-avec-porte-vs123.html#breadcrumb"},"inLanguage":"fr-FR","potentialAction":[{"@type":"ReadAction","target":["https:\/\/www.bagnoitalia.com\/fr\/produit\/baignoire-rectangulaire-130x70-cm-avec-porte-vs123.html"]}]},{"@type":"ImageObject","inLanguage":"fr-FR","@id":"https:\/\/www.bagnoitalia.com\/fr\/produit\/baignoire-rectangulaire-130x70-cm-avec-porte-vs123.html#primaryimage","url":"https:\/\/img.bagnoitalia.com\/wp-content\/uploads\/virtuemart\/product\/bath-tub-with-hatch-130x70-cm-1.jpg","contentUrl":"https:\/\/img.bagnoitalia.com\/wp-content\/uploads\/virtuemart\/product\/bath-tub-with-hatch-130x70-cm-1.jpg","width":545,"height":545},{"@type":"BreadcrumbList","@id":"https:\/\/www.bagnoitalia.com\/fr\/produit\/baignoire-rectangulaire-130x70-cm-avec-porte-vs123.html#breadcrumb","itemListElement":[{"@type":"ListItem","position":1,"name":"Home","item":"https:\/\/www.bagnoitalia.com\/fr"},{"@type":"ListItem","position":2,"name":"Produits","item":"https:\/\/www.bagnoitalia.com\/fr\/shop"},{"@type":"ListItem","position":3,"name":"Baignoire rectangulaire 130&#215;70 cm avec porte VS123"}]},{"@type":"WebSite","@id":"https:\/\/www.bagnoitalia.com\/fr#website","url":"https:\/\/www.bagnoitalia.com\/fr","name":"Bagno Italia","description":"","publisher":{"@id":"https:\/\/www.bagnoitalia.com\/fr#organization"},"potentialAction":[{"@type":"SearchAction","target":{"@type":"EntryPoint","urlTemplate":"https:\/\/www.bagnoitalia.com\/fr?s={search_term_string}"},"query-input":{"@type":"PropertyValueSpecification","valueRequired":true,"valueName":"search_term_string"}}],"inLanguage":"fr-FR"},{"@type":"Organization","@id":"https:\/\/www.bagnoitalia.com\/fr#organization","name":"Bagno Italia","url":"https:\/\/www.bagnoitalia.com\/fr","logo":{"@type":"ImageObject","inLanguage":"fr-FR","@id":"https:\/\/www.bagnoitalia.com\/fr#\/schema\/logo\/image\/","url":"https:\/\/img.bagnoitalia.com\/wp-content\/uploads\/logo-bagnoitalia.webp","contentUrl":"https:\/\/img.bagnoitalia.com\/wp-content\/uploads\/logo-bagnoitalia.webp","width":400,"height":70,"caption":"Bagno Italia"},"image":{"@id":"https:\/\/www.bagnoitalia.com\/fr#\/schema\/logo\/image\/"}}]}},"_links":{"self":[{"href":"https:\/\/www.bagnoitalia.com\/fr\/wp-json\/wp\/v2\/product\/82754","targetHints":{"allow":["GET"]}}],"collection":[{"href":"https:\/\/www.bagnoitalia.com\/fr\/wp-json\/wp\/v2\/product"}],"about":[{"href":"https:\/\/www.bagnoitalia.com\/fr\/wp-json\/wp\/v2\/types\/product"}],"replies":[{"embeddable":true,"href":"https:\/\/www.bagnoitalia.com\/fr\/wp-json\/wp\/v2\/comments?post=82754"}],"version-history":[{"count":3,"href":"https:\/\/www.bagnoitalia.com\/fr\/wp-json\/wp\/v2\/product\/82754\/revisions"}],"predecessor-version":[{"id":117039,"href":"https:\/\/www.bagnoitalia.com\/fr\/wp-json\/wp\/v2\/product\/82754\/revisions\/117039"}],"wp:featuredmedia":[{"embeddable":true,"href":"https:\/\/www.bagnoitalia.com\/fr\/wp-json\/wp\/v2\/media\/59418"}],"wp:attachment":[{"href":"https:\/\/www.bagnoitalia.com\/fr\/wp-json\/wp\/v2\/media?parent=82754"}],"wp:term":[{"taxonomy":"product_brand","embeddable":true,"href":"https:\/\/www.bagnoitalia.com\/fr\/wp-json\/wp\/v2\/product_brand?post=82754"},{"taxonomy":"product_cat","embeddable":true,"href":"https:\/\/www.bagnoitalia.com\/fr\/wp-json\/wp\/v2\/product_cat?post=82754"},{"taxonomy":"product_tag","embeddable":true,"href":"https:\/\/www.bagnoitalia.com\/fr\/wp-json\/wp\/v2\/product_tag?post=82754"}],"curies":[{"name":"wp","href":"https:\/\/api.w.org\/{rel}","templated":true}]}}