{"id":82749,"date":"2023-02-02T16:29:04","date_gmt":"2023-02-02T15:29:04","guid":{"rendered":"https:\/\/www.bagnoitalia.com\/product\/built-in-electric-fireplace-60x50-3-cm-with-led-light-flame-ce009-2"},"modified":"2023-02-02T16:29:04","modified_gmt":"2023-02-02T15:29:04","slug":"built-in-electric-fireplace-60x50-3-cm-with-led-light-flame-ce009-2","status":"publish","type":"product","link":"https:\/\/www.bagnoitalia.com\/fr\/produit\/built-in-electric-fireplace-60x50-3-cm-with-led-light-flame-ce009-2.html","title":{"rendered":"Chemin\u00e9e \u00e9lectrique encastr\u00e9e 60&#215;50.3 cm avec flamme \u00e0 led CE009"},"content":{"rendered":"<p style=\"text-align: center;\"><span style=\"text-decoration: underline; color: #ff0000; font-size: 18pt;\"><strong>CHEMIN\u00c9E \u00c9LECTRIQUE INT\u00c9GR\u00c9E<\/strong><\/span><\/p>\n<p>&nbsp;<\/p>\n<p><span style=\"text-decoration: underline;\"><strong>Caract\u00e9ristiques :<\/strong><\/span><\/p>\n<p>Chemin\u00e9e \u00e9lectrique 60xP15xH50.3 cm<\/p>\n<p>Couleur du cadre : noir<\/p>\n<p>\u00c9quip\u00e9 d&rsquo;une t\u00e9l\u00e9commande<\/p>\n<p>Affichage de contr\u00f4le<\/p>\n<p>Flamme LED (avec 6 niveaux d&rsquo;intensit\u00e9) avec fausses b\u00fbches, avec possibilit\u00e9 de r\u00e9gler ou non le d\u00e9gagement de chaleur ; de cette fa\u00e7on, il sera possible d&rsquo;allumer la chemin\u00e9e m\u00eame dans les p\u00e9riodes les plus chaudes<\/p>\n<p>Protection contre la surchauffe<\/p>\n<p>Consommation : 750 &#8211; 1500 W<\/p>\n<p>mat\u00e9riaux : cadre en m\u00e9tal et fa\u00e7ade en verre tremp\u00e9<\/p>\n<p>un capteur sonore pour la d\u00e9tection des fen\u00eatres ouvertes (ce qui permet d&rsquo;\u00e9viter les gaspillages d&rsquo;\u00e9nergie).<\/p>\n<p>Minuterie hebdomadaire pour d\u00e9cider des jours et des heures de la semaine o\u00f9 la chemin\u00e9e peut \u00eatre allum\u00e9e.<\/p>\n<p>Minuterie d&rsquo;arr\u00eat pour r\u00e9gler les minutes pendant lesquelles le foyer doit s&rsquo;\u00e9teindre automatiquement.<\/p>\n<p>&nbsp;<\/p>\n<p>&nbsp;<\/p>\n<p>&nbsp;<\/p>\n<p>&nbsp;<\/p>\n","protected":false},"excerpt":{"rendered":"<p>Chemin\u00e9e \u00e9lectrique avec t\u00e9l\u00e9commande, adapt\u00e9e \u00e0 une installation encastr\u00e9e. Flamme LED avec 6 niveaux d&rsquo;intensit\u00e9.<\/p>\n","protected":false},"featured_media":59353,"comment_status":"open","ping_status":"closed","template":"","meta":[],"product_brand":[5004],"product_cat":[10000],"product_tag":[],"class_list":{"0":"post-82749","1":"product","2":"type-product","3":"status-publish","4":"has-post-thumbnail","6":"product_brand-vari-produttori","7":"product_cat-cheminee-electrique","9":"first","10":"instock","11":"sale","12":"taxable","13":"shipping-taxable","14":"purchasable","15":"product-type-simple"},"exclude_global_add_ons":[],"addons":[],"yoast_head":"<!-- This site is optimized with the Yoast SEO plugin v26.7 - https:\/\/yoast.com\/wordpress\/plugins\/seo\/ -->\n<title>Built-in electric fireplace 60x50.3 cm with led light flame CE009<\/title>\n<meta name=\"description\" content=\"Chemin\u00e9e \u00e9lectrique avec t\u00e9l\u00e9commande, adapt\u00e9e \u00e0 une installation encastr\u00e9e. Flamme LED avec 6 niveaux d&#039;intensit\u00e9.\" \/>\n<meta name=\"robots\" content=\"index, follow, max-snippet:-1, max-image-preview:large, max-video-preview:-1\" \/>\n<link rel=\"canonical\" href=\"https:\/\/www.bagnoitalia.com\/fr\/produit\/built-in-electric-fireplace-60x50-3-cm-with-led-light-flame-ce009-2.html\" \/>\n<meta property=\"og:locale\" content=\"fr_FR\" \/>\n<meta property=\"og:type\" content=\"article\" \/>\n<meta property=\"og:title\" content=\"Built-in electric fireplace 60x50.3 cm with led light flame CE009\" \/>\n<meta property=\"og:description\" content=\"Chemin\u00e9e \u00e9lectrique avec t\u00e9l\u00e9commande, adapt\u00e9e \u00e0 une installation encastr\u00e9e. Flamme LED avec 6 niveaux d&#039;intensit\u00e9.\" \/>\n<meta property=\"og:url\" content=\"https:\/\/www.bagnoitalia.com\/fr\/produit\/built-in-electric-fireplace-60x50-3-cm-with-led-light-flame-ce009-2.html\" \/>\n<meta property=\"og:site_name\" content=\"Bagno Italia\" \/>\n<meta property=\"og:image\" content=\"https:\/\/img.bagnoitalia.com\/wp-content\/uploads\/virtuemart\/product\/fireplace-electrically_built-in-1.jpg\" \/>\n\t<meta property=\"og:image:width\" content=\"550\" \/>\n\t<meta property=\"og:image:height\" content=\"550\" \/>\n\t<meta property=\"og:image:type\" content=\"image\/jpeg\" \/>\n<meta name=\"twitter:card\" content=\"summary_large_image\" \/>\n<meta name=\"twitter:label1\" content=\"Dur\u00e9e de lecture estim\u00e9e\" \/>\n\t<meta name=\"twitter:data1\" content=\"1 minute\" \/>\n<script type=\"application\/ld+json\" class=\"yoast-schema-graph\">{\"@context\":\"https:\/\/schema.org\",\"@graph\":[{\"@type\":\"WebPage\",\"@id\":\"https:\/\/www.bagnoitalia.com\/fr\/produit\/built-in-electric-fireplace-60x50-3-cm-with-led-light-flame-ce009-2.html\",\"url\":\"https:\/\/www.bagnoitalia.com\/fr\/produit\/built-in-electric-fireplace-60x50-3-cm-with-led-light-flame-ce009-2.html\",\"name\":\"Built-in electric fireplace 60x50.3 cm with led light flame CE009\",\"isPartOf\":{\"@id\":\"https:\/\/www.bagnoitalia.com\/fr#website\"},\"primaryImageOfPage\":{\"@id\":\"https:\/\/www.bagnoitalia.com\/fr\/produit\/built-in-electric-fireplace-60x50-3-cm-with-led-light-flame-ce009-2.html#primaryimage\"},\"image\":{\"@id\":\"https:\/\/www.bagnoitalia.com\/fr\/produit\/built-in-electric-fireplace-60x50-3-cm-with-led-light-flame-ce009-2.html#primaryimage\"},\"thumbnailUrl\":\"https:\/\/img.bagnoitalia.com\/wp-content\/uploads\/virtuemart\/product\/fireplace-electrically_built-in-1.jpg\",\"datePublished\":\"2023-02-02T15:29:04+00:00\",\"description\":\"Chemin\u00e9e \u00e9lectrique avec t\u00e9l\u00e9commande, adapt\u00e9e \u00e0 une installation encastr\u00e9e. Flamme LED avec 6 niveaux d&#39;intensit\u00e9.\",\"breadcrumb\":{\"@id\":\"https:\/\/www.bagnoitalia.com\/fr\/produit\/built-in-electric-fireplace-60x50-3-cm-with-led-light-flame-ce009-2.html#breadcrumb\"},\"inLanguage\":\"fr-FR\",\"potentialAction\":[{\"@type\":\"ReadAction\",\"target\":[\"https:\/\/www.bagnoitalia.com\/fr\/produit\/built-in-electric-fireplace-60x50-3-cm-with-led-light-flame-ce009-2.html\"]}]},{\"@type\":\"ImageObject\",\"inLanguage\":\"fr-FR\",\"@id\":\"https:\/\/www.bagnoitalia.com\/fr\/produit\/built-in-electric-fireplace-60x50-3-cm-with-led-light-flame-ce009-2.html#primaryimage\",\"url\":\"https:\/\/img.bagnoitalia.com\/wp-content\/uploads\/virtuemart\/product\/fireplace-electrically_built-in-1.jpg\",\"contentUrl\":\"https:\/\/img.bagnoitalia.com\/wp-content\/uploads\/virtuemart\/product\/fireplace-electrically_built-in-1.jpg\",\"width\":550,\"height\":550},{\"@type\":\"BreadcrumbList\",\"@id\":\"https:\/\/www.bagnoitalia.com\/fr\/produit\/built-in-electric-fireplace-60x50-3-cm-with-led-light-flame-ce009-2.html#breadcrumb\",\"itemListElement\":[{\"@type\":\"ListItem\",\"position\":1,\"name\":\"Home\",\"item\":\"https:\/\/www.bagnoitalia.com\/fr\"},{\"@type\":\"ListItem\",\"position\":2,\"name\":\"Produits\",\"item\":\"https:\/\/www.bagnoitalia.com\/fr\/shop\"},{\"@type\":\"ListItem\",\"position\":3,\"name\":\"Chemin\u00e9e \u00e9lectrique encastr\u00e9e 60&#215;50.3 cm avec flamme \u00e0 led CE009\"}]},{\"@type\":\"WebSite\",\"@id\":\"https:\/\/www.bagnoitalia.com\/fr#website\",\"url\":\"https:\/\/www.bagnoitalia.com\/fr\",\"name\":\"Bagno Italia\",\"description\":\"\",\"publisher\":{\"@id\":\"https:\/\/www.bagnoitalia.com\/fr#organization\"},\"potentialAction\":[{\"@type\":\"SearchAction\",\"target\":{\"@type\":\"EntryPoint\",\"urlTemplate\":\"https:\/\/www.bagnoitalia.com\/fr?s={search_term_string}\"},\"query-input\":{\"@type\":\"PropertyValueSpecification\",\"valueRequired\":true,\"valueName\":\"search_term_string\"}}],\"inLanguage\":\"fr-FR\"},{\"@type\":\"Organization\",\"@id\":\"https:\/\/www.bagnoitalia.com\/fr#organization\",\"name\":\"Bagno Italia\",\"url\":\"https:\/\/www.bagnoitalia.com\/fr\",\"logo\":{\"@type\":\"ImageObject\",\"inLanguage\":\"fr-FR\",\"@id\":\"https:\/\/www.bagnoitalia.com\/fr#\/schema\/logo\/image\/\",\"url\":\"https:\/\/img.bagnoitalia.com\/wp-content\/uploads\/logo-bagnoitalia.webp\",\"contentUrl\":\"https:\/\/img.bagnoitalia.com\/wp-content\/uploads\/logo-bagnoitalia.webp\",\"width\":400,\"height\":70,\"caption\":\"Bagno Italia\"},\"image\":{\"@id\":\"https:\/\/www.bagnoitalia.com\/fr#\/schema\/logo\/image\/\"}}]}<\/script>\n<!-- \/ Yoast SEO plugin. -->","yoast_head_json":{"title":"Built-in electric fireplace 60x50.3 cm with led light flame CE009","description":"Chemin\u00e9e \u00e9lectrique avec t\u00e9l\u00e9commande, adapt\u00e9e \u00e0 une installation encastr\u00e9e. Flamme LED avec 6 niveaux d&#39;intensit\u00e9.","robots":{"index":"index","follow":"follow","max-snippet":"max-snippet:-1","max-image-preview":"max-image-preview:large","max-video-preview":"max-video-preview:-1"},"canonical":"https:\/\/www.bagnoitalia.com\/fr\/produit\/built-in-electric-fireplace-60x50-3-cm-with-led-light-flame-ce009-2.html","og_locale":"fr_FR","og_type":"article","og_title":"Built-in electric fireplace 60x50.3 cm with led light flame CE009","og_description":"Chemin\u00e9e \u00e9lectrique avec t\u00e9l\u00e9commande, adapt\u00e9e \u00e0 une installation encastr\u00e9e. Flamme LED avec 6 niveaux d&#39;intensit\u00e9.","og_url":"https:\/\/www.bagnoitalia.com\/fr\/produit\/built-in-electric-fireplace-60x50-3-cm-with-led-light-flame-ce009-2.html","og_site_name":"Bagno Italia","og_image":[{"width":550,"height":550,"url":"https:\/\/img.bagnoitalia.com\/wp-content\/uploads\/virtuemart\/product\/fireplace-electrically_built-in-1.jpg","type":"image\/jpeg"}],"twitter_card":"summary_large_image","twitter_misc":{"Dur\u00e9e de lecture estim\u00e9e":"1 minute"},"schema":{"@context":"https:\/\/schema.org","@graph":[{"@type":"WebPage","@id":"https:\/\/www.bagnoitalia.com\/fr\/produit\/built-in-electric-fireplace-60x50-3-cm-with-led-light-flame-ce009-2.html","url":"https:\/\/www.bagnoitalia.com\/fr\/produit\/built-in-electric-fireplace-60x50-3-cm-with-led-light-flame-ce009-2.html","name":"Built-in electric fireplace 60x50.3 cm with led light flame CE009","isPartOf":{"@id":"https:\/\/www.bagnoitalia.com\/fr#website"},"primaryImageOfPage":{"@id":"https:\/\/www.bagnoitalia.com\/fr\/produit\/built-in-electric-fireplace-60x50-3-cm-with-led-light-flame-ce009-2.html#primaryimage"},"image":{"@id":"https:\/\/www.bagnoitalia.com\/fr\/produit\/built-in-electric-fireplace-60x50-3-cm-with-led-light-flame-ce009-2.html#primaryimage"},"thumbnailUrl":"https:\/\/img.bagnoitalia.com\/wp-content\/uploads\/virtuemart\/product\/fireplace-electrically_built-in-1.jpg","datePublished":"2023-02-02T15:29:04+00:00","description":"Chemin\u00e9e \u00e9lectrique avec t\u00e9l\u00e9commande, adapt\u00e9e \u00e0 une installation encastr\u00e9e. Flamme LED avec 6 niveaux d&#39;intensit\u00e9.","breadcrumb":{"@id":"https:\/\/www.bagnoitalia.com\/fr\/produit\/built-in-electric-fireplace-60x50-3-cm-with-led-light-flame-ce009-2.html#breadcrumb"},"inLanguage":"fr-FR","potentialAction":[{"@type":"ReadAction","target":["https:\/\/www.bagnoitalia.com\/fr\/produit\/built-in-electric-fireplace-60x50-3-cm-with-led-light-flame-ce009-2.html"]}]},{"@type":"ImageObject","inLanguage":"fr-FR","@id":"https:\/\/www.bagnoitalia.com\/fr\/produit\/built-in-electric-fireplace-60x50-3-cm-with-led-light-flame-ce009-2.html#primaryimage","url":"https:\/\/img.bagnoitalia.com\/wp-content\/uploads\/virtuemart\/product\/fireplace-electrically_built-in-1.jpg","contentUrl":"https:\/\/img.bagnoitalia.com\/wp-content\/uploads\/virtuemart\/product\/fireplace-electrically_built-in-1.jpg","width":550,"height":550},{"@type":"BreadcrumbList","@id":"https:\/\/www.bagnoitalia.com\/fr\/produit\/built-in-electric-fireplace-60x50-3-cm-with-led-light-flame-ce009-2.html#breadcrumb","itemListElement":[{"@type":"ListItem","position":1,"name":"Home","item":"https:\/\/www.bagnoitalia.com\/fr"},{"@type":"ListItem","position":2,"name":"Produits","item":"https:\/\/www.bagnoitalia.com\/fr\/shop"},{"@type":"ListItem","position":3,"name":"Chemin\u00e9e \u00e9lectrique encastr\u00e9e 60&#215;50.3 cm avec flamme \u00e0 led CE009"}]},{"@type":"WebSite","@id":"https:\/\/www.bagnoitalia.com\/fr#website","url":"https:\/\/www.bagnoitalia.com\/fr","name":"Bagno Italia","description":"","publisher":{"@id":"https:\/\/www.bagnoitalia.com\/fr#organization"},"potentialAction":[{"@type":"SearchAction","target":{"@type":"EntryPoint","urlTemplate":"https:\/\/www.bagnoitalia.com\/fr?s={search_term_string}"},"query-input":{"@type":"PropertyValueSpecification","valueRequired":true,"valueName":"search_term_string"}}],"inLanguage":"fr-FR"},{"@type":"Organization","@id":"https:\/\/www.bagnoitalia.com\/fr#organization","name":"Bagno Italia","url":"https:\/\/www.bagnoitalia.com\/fr","logo":{"@type":"ImageObject","inLanguage":"fr-FR","@id":"https:\/\/www.bagnoitalia.com\/fr#\/schema\/logo\/image\/","url":"https:\/\/img.bagnoitalia.com\/wp-content\/uploads\/logo-bagnoitalia.webp","contentUrl":"https:\/\/img.bagnoitalia.com\/wp-content\/uploads\/logo-bagnoitalia.webp","width":400,"height":70,"caption":"Bagno Italia"},"image":{"@id":"https:\/\/www.bagnoitalia.com\/fr#\/schema\/logo\/image\/"}}]}},"_links":{"self":[{"href":"https:\/\/www.bagnoitalia.com\/fr\/wp-json\/wp\/v2\/product\/82749","targetHints":{"allow":["GET"]}}],"collection":[{"href":"https:\/\/www.bagnoitalia.com\/fr\/wp-json\/wp\/v2\/product"}],"about":[{"href":"https:\/\/www.bagnoitalia.com\/fr\/wp-json\/wp\/v2\/types\/product"}],"replies":[{"embeddable":true,"href":"https:\/\/www.bagnoitalia.com\/fr\/wp-json\/wp\/v2\/comments?post=82749"}],"version-history":[{"count":0,"href":"https:\/\/www.bagnoitalia.com\/fr\/wp-json\/wp\/v2\/product\/82749\/revisions"}],"wp:featuredmedia":[{"embeddable":true,"href":"https:\/\/www.bagnoitalia.com\/fr\/wp-json\/wp\/v2\/media\/59353"}],"wp:attachment":[{"href":"https:\/\/www.bagnoitalia.com\/fr\/wp-json\/wp\/v2\/media?parent=82749"}],"wp:term":[{"taxonomy":"product_brand","embeddable":true,"href":"https:\/\/www.bagnoitalia.com\/fr\/wp-json\/wp\/v2\/product_brand?post=82749"},{"taxonomy":"product_cat","embeddable":true,"href":"https:\/\/www.bagnoitalia.com\/fr\/wp-json\/wp\/v2\/product_cat?post=82749"},{"taxonomy":"product_tag","embeddable":true,"href":"https:\/\/www.bagnoitalia.com\/fr\/wp-json\/wp\/v2\/product_tag?post=82749"}],"curies":[{"name":"wp","href":"https:\/\/api.w.org\/{rel}","templated":true}]}}