{"id":82608,"date":"2022-11-09T08:10:51","date_gmt":"2022-11-09T07:10:51","guid":{"rendered":"https:\/\/www.bagnoitalia.com\/product\/paffoni-chromed-brass-shower-mixer-in-two-types-rb94-2"},"modified":"2024-05-21T14:57:50","modified_gmt":"2024-05-21T12:57:50","slug":"paffoni-chromed-brass-shower-mixer-in-two-types-rb94-2","status":"publish","type":"product","link":"https:\/\/www.bagnoitalia.com\/fr\/produit\/paffoni-chromed-brass-shower-mixer-in-two-types-rb94-2.html","title":{"rendered":"Mitigeur de douche en laiton chrom\u00e9 Paffoni en deux types RB94"},"content":{"rendered":"<p><span style=\"text-decoration: underline; color: #ff0000; font-size: 14pt;\"><strong>M\u00c9LANGEURS DE DOUCHE : RB94<\/strong><\/span><\/p>\n<p>&nbsp;<\/p>\n<p><span style=\"text-decoration: underline;\"><strong>S\u00e9lectionnez le m\u00e9langeur souhait\u00e9 dans le menu lat\u00e9ral :<\/strong><\/span><\/p>\n<p>&#8211; Robinet encastr\u00e9 monotrou<\/p>\n<p>&#8211; Robinet ext\u00e9rieur \u00e0 double trou<\/p>\n<p>&nbsp;<\/p>\n<p>Marque du produit : Paffoni (fabriqu\u00e9 en Italie)<\/p>\n<p>Mat\u00e9riau : laiton chrom\u00e9<\/p>\n<p><span style=\"text-decoration: underline; color: #ff0000;\"><strong>La douche \u00e0 main et les tuyaux flexibles ne sont pas inclus dans le prix.<\/strong><\/span><\/p>\n<p>&nbsp;<\/p>\n<p><span style=\"text-decoration: underline;\"><strong>Pour voir les robinets de lavabo, bidet et baignoire de la m\u00eame ligne <a href=\"https:\/\/www.bagnoitalia.it\/rubinetteria-per-lavabo-bidet-con-piletta-e-vasca-con-doccino-marca-paffoni-rb93.html\">CLIQUEZ ICI<\/a><\/strong><\/span><\/p>\n<p>&nbsp;<\/p>\n<p>&nbsp;<\/p>\n<p>&nbsp;<\/p>\n<p>&nbsp;<\/p>\n<p>&nbsp;<\/p>\n<p>&nbsp;<\/p>\n<p>41AN1<br \/>\n28RP9<\/p>\n","protected":false},"excerpt":{"rendered":"<p>Les mitigeurs de douche de fabrication italienne sont disponibles en version monotrou (encastr\u00e9) et double trou (mitigeur externe).<\/p>\n","protected":false},"featured_media":57932,"comment_status":"open","ping_status":"closed","template":"","meta":[],"product_brand":[9900,9954],"product_cat":[10045,9691],"product_tag":[],"class_list":{"0":"post-82608","1":"product","2":"type-product","3":"status-publish","4":"has-post-thumbnail","6":"product_brand-baritermo-fr","7":"product_brand-thermo-professional-fr","8":"product_cat-robinets-de-douche","9":"product_cat-melangeurs-de-salle-de-bain","11":"first","12":"instock","13":"sale","14":"taxable","15":"shipping-taxable","16":"purchasable","17":"product-type-simple"},"exclude_global_add_ons":false,"addons":[{"name":"Robinets","type":"multiple_choice","position":0,"required":true,"title_format":"heading","default":"","description_enable":false,"description":"","placeholder_enable":false,"placeholder":"","display":"select","restrictions_type":"any_text","adjust_price":false,"price":"","price_type":"flat_fee","restrictions":false,"min":"0","max":"0","options":[{"label":"encastr\u00e9 (monotrou)","price":"","price_type":"quantity_based","image":0,"visibility":true},{"label":"externe (double trou)","price":"24","price_type":"quantity_based","image":0,"visibility":true}],"id":1716303470}],"yoast_head":"<!-- This site is optimized with the Yoast SEO plugin v26.7 - https:\/\/yoast.com\/wordpress\/plugins\/seo\/ -->\n<title>Mitigeur de douche en laiton chrom\u00e9 Paffoni en deux types RB94 - Bagno Italia<\/title>\n<meta name=\"robots\" content=\"index, follow, max-snippet:-1, max-image-preview:large, max-video-preview:-1\" \/>\n<link rel=\"canonical\" href=\"https:\/\/www.bagnoitalia.com\/fr\/produit\/paffoni-chromed-brass-shower-mixer-in-two-types-rb94-2.html\" \/>\n<meta property=\"og:locale\" content=\"fr_FR\" \/>\n<meta property=\"og:type\" content=\"article\" \/>\n<meta property=\"og:title\" content=\"Mitigeur de douche en laiton chrom\u00e9 Paffoni en deux types RB94 - Bagno Italia\" \/>\n<meta property=\"og:description\" content=\"Les mitigeurs de douche de fabrication italienne sont disponibles en version monotrou (encastr\u00e9) et double trou (mitigeur externe).\" \/>\n<meta property=\"og:url\" content=\"https:\/\/www.bagnoitalia.com\/fr\/produit\/paffoni-chromed-brass-shower-mixer-in-two-types-rb94-2.html\" \/>\n<meta property=\"og:site_name\" content=\"Bagno Italia\" \/>\n<meta property=\"article:modified_time\" content=\"2024-05-21T12:57:50+00:00\" \/>\n<meta property=\"og:image\" content=\"https:\/\/img.bagnoitalia.com\/wp-content\/uploads\/virtuemart\/product\/mixer-paffoni-for-shower-in-wall-or-outdoor-1.jpg\" \/>\n\t<meta property=\"og:image:width\" content=\"550\" \/>\n\t<meta property=\"og:image:height\" content=\"550\" \/>\n\t<meta property=\"og:image:type\" content=\"image\/jpeg\" \/>\n<meta name=\"twitter:card\" content=\"summary_large_image\" \/>\n<meta name=\"twitter:label1\" content=\"Dur\u00e9e de lecture estim\u00e9e\" \/>\n\t<meta name=\"twitter:data1\" content=\"1 minute\" \/>\n<script type=\"application\/ld+json\" class=\"yoast-schema-graph\">{\"@context\":\"https:\/\/schema.org\",\"@graph\":[{\"@type\":\"WebPage\",\"@id\":\"https:\/\/www.bagnoitalia.com\/fr\/produit\/paffoni-chromed-brass-shower-mixer-in-two-types-rb94-2.html\",\"url\":\"https:\/\/www.bagnoitalia.com\/fr\/produit\/paffoni-chromed-brass-shower-mixer-in-two-types-rb94-2.html\",\"name\":\"Mitigeur de douche en laiton chrom\u00e9 Paffoni en deux types RB94 - Bagno Italia\",\"isPartOf\":{\"@id\":\"https:\/\/www.bagnoitalia.com\/fr#website\"},\"primaryImageOfPage\":{\"@id\":\"https:\/\/www.bagnoitalia.com\/fr\/produit\/paffoni-chromed-brass-shower-mixer-in-two-types-rb94-2.html#primaryimage\"},\"image\":{\"@id\":\"https:\/\/www.bagnoitalia.com\/fr\/produit\/paffoni-chromed-brass-shower-mixer-in-two-types-rb94-2.html#primaryimage\"},\"thumbnailUrl\":\"https:\/\/img.bagnoitalia.com\/wp-content\/uploads\/virtuemart\/product\/mixer-paffoni-for-shower-in-wall-or-outdoor-1.jpg\",\"datePublished\":\"2022-11-09T07:10:51+00:00\",\"dateModified\":\"2024-05-21T12:57:50+00:00\",\"breadcrumb\":{\"@id\":\"https:\/\/www.bagnoitalia.com\/fr\/produit\/paffoni-chromed-brass-shower-mixer-in-two-types-rb94-2.html#breadcrumb\"},\"inLanguage\":\"fr-FR\",\"potentialAction\":[{\"@type\":\"ReadAction\",\"target\":[\"https:\/\/www.bagnoitalia.com\/fr\/produit\/paffoni-chromed-brass-shower-mixer-in-two-types-rb94-2.html\"]}]},{\"@type\":\"ImageObject\",\"inLanguage\":\"fr-FR\",\"@id\":\"https:\/\/www.bagnoitalia.com\/fr\/produit\/paffoni-chromed-brass-shower-mixer-in-two-types-rb94-2.html#primaryimage\",\"url\":\"https:\/\/img.bagnoitalia.com\/wp-content\/uploads\/virtuemart\/product\/mixer-paffoni-for-shower-in-wall-or-outdoor-1.jpg\",\"contentUrl\":\"https:\/\/img.bagnoitalia.com\/wp-content\/uploads\/virtuemart\/product\/mixer-paffoni-for-shower-in-wall-or-outdoor-1.jpg\",\"width\":550,\"height\":550},{\"@type\":\"BreadcrumbList\",\"@id\":\"https:\/\/www.bagnoitalia.com\/fr\/produit\/paffoni-chromed-brass-shower-mixer-in-two-types-rb94-2.html#breadcrumb\",\"itemListElement\":[{\"@type\":\"ListItem\",\"position\":1,\"name\":\"Home\",\"item\":\"https:\/\/www.bagnoitalia.com\/fr\"},{\"@type\":\"ListItem\",\"position\":2,\"name\":\"Produits\",\"item\":\"https:\/\/www.bagnoitalia.com\/fr\/shop\"},{\"@type\":\"ListItem\",\"position\":3,\"name\":\"Mitigeur de douche en laiton chrom\u00e9 Paffoni en deux types RB94\"}]},{\"@type\":\"WebSite\",\"@id\":\"https:\/\/www.bagnoitalia.com\/fr#website\",\"url\":\"https:\/\/www.bagnoitalia.com\/fr\",\"name\":\"Bagno Italia\",\"description\":\"\",\"publisher\":{\"@id\":\"https:\/\/www.bagnoitalia.com\/fr#organization\"},\"potentialAction\":[{\"@type\":\"SearchAction\",\"target\":{\"@type\":\"EntryPoint\",\"urlTemplate\":\"https:\/\/www.bagnoitalia.com\/fr?s={search_term_string}\"},\"query-input\":{\"@type\":\"PropertyValueSpecification\",\"valueRequired\":true,\"valueName\":\"search_term_string\"}}],\"inLanguage\":\"fr-FR\"},{\"@type\":\"Organization\",\"@id\":\"https:\/\/www.bagnoitalia.com\/fr#organization\",\"name\":\"Bagno Italia\",\"url\":\"https:\/\/www.bagnoitalia.com\/fr\",\"logo\":{\"@type\":\"ImageObject\",\"inLanguage\":\"fr-FR\",\"@id\":\"https:\/\/www.bagnoitalia.com\/fr#\/schema\/logo\/image\/\",\"url\":\"https:\/\/img.bagnoitalia.com\/wp-content\/uploads\/logo-bagnoitalia.webp\",\"contentUrl\":\"https:\/\/img.bagnoitalia.com\/wp-content\/uploads\/logo-bagnoitalia.webp\",\"width\":400,\"height\":70,\"caption\":\"Bagno Italia\"},\"image\":{\"@id\":\"https:\/\/www.bagnoitalia.com\/fr#\/schema\/logo\/image\/\"}}]}<\/script>\n<!-- \/ Yoast SEO plugin. -->","yoast_head_json":{"title":"Mitigeur de douche en laiton chrom\u00e9 Paffoni en deux types RB94 - Bagno Italia","robots":{"index":"index","follow":"follow","max-snippet":"max-snippet:-1","max-image-preview":"max-image-preview:large","max-video-preview":"max-video-preview:-1"},"canonical":"https:\/\/www.bagnoitalia.com\/fr\/produit\/paffoni-chromed-brass-shower-mixer-in-two-types-rb94-2.html","og_locale":"fr_FR","og_type":"article","og_title":"Mitigeur de douche en laiton chrom\u00e9 Paffoni en deux types RB94 - Bagno Italia","og_description":"Les mitigeurs de douche de fabrication italienne sont disponibles en version monotrou (encastr\u00e9) et double trou (mitigeur externe).","og_url":"https:\/\/www.bagnoitalia.com\/fr\/produit\/paffoni-chromed-brass-shower-mixer-in-two-types-rb94-2.html","og_site_name":"Bagno Italia","article_modified_time":"2024-05-21T12:57:50+00:00","og_image":[{"width":550,"height":550,"url":"https:\/\/img.bagnoitalia.com\/wp-content\/uploads\/virtuemart\/product\/mixer-paffoni-for-shower-in-wall-or-outdoor-1.jpg","type":"image\/jpeg"}],"twitter_card":"summary_large_image","twitter_misc":{"Dur\u00e9e de lecture estim\u00e9e":"1 minute"},"schema":{"@context":"https:\/\/schema.org","@graph":[{"@type":"WebPage","@id":"https:\/\/www.bagnoitalia.com\/fr\/produit\/paffoni-chromed-brass-shower-mixer-in-two-types-rb94-2.html","url":"https:\/\/www.bagnoitalia.com\/fr\/produit\/paffoni-chromed-brass-shower-mixer-in-two-types-rb94-2.html","name":"Mitigeur de douche en laiton chrom\u00e9 Paffoni en deux types RB94 - Bagno Italia","isPartOf":{"@id":"https:\/\/www.bagnoitalia.com\/fr#website"},"primaryImageOfPage":{"@id":"https:\/\/www.bagnoitalia.com\/fr\/produit\/paffoni-chromed-brass-shower-mixer-in-two-types-rb94-2.html#primaryimage"},"image":{"@id":"https:\/\/www.bagnoitalia.com\/fr\/produit\/paffoni-chromed-brass-shower-mixer-in-two-types-rb94-2.html#primaryimage"},"thumbnailUrl":"https:\/\/img.bagnoitalia.com\/wp-content\/uploads\/virtuemart\/product\/mixer-paffoni-for-shower-in-wall-or-outdoor-1.jpg","datePublished":"2022-11-09T07:10:51+00:00","dateModified":"2024-05-21T12:57:50+00:00","breadcrumb":{"@id":"https:\/\/www.bagnoitalia.com\/fr\/produit\/paffoni-chromed-brass-shower-mixer-in-two-types-rb94-2.html#breadcrumb"},"inLanguage":"fr-FR","potentialAction":[{"@type":"ReadAction","target":["https:\/\/www.bagnoitalia.com\/fr\/produit\/paffoni-chromed-brass-shower-mixer-in-two-types-rb94-2.html"]}]},{"@type":"ImageObject","inLanguage":"fr-FR","@id":"https:\/\/www.bagnoitalia.com\/fr\/produit\/paffoni-chromed-brass-shower-mixer-in-two-types-rb94-2.html#primaryimage","url":"https:\/\/img.bagnoitalia.com\/wp-content\/uploads\/virtuemart\/product\/mixer-paffoni-for-shower-in-wall-or-outdoor-1.jpg","contentUrl":"https:\/\/img.bagnoitalia.com\/wp-content\/uploads\/virtuemart\/product\/mixer-paffoni-for-shower-in-wall-or-outdoor-1.jpg","width":550,"height":550},{"@type":"BreadcrumbList","@id":"https:\/\/www.bagnoitalia.com\/fr\/produit\/paffoni-chromed-brass-shower-mixer-in-two-types-rb94-2.html#breadcrumb","itemListElement":[{"@type":"ListItem","position":1,"name":"Home","item":"https:\/\/www.bagnoitalia.com\/fr"},{"@type":"ListItem","position":2,"name":"Produits","item":"https:\/\/www.bagnoitalia.com\/fr\/shop"},{"@type":"ListItem","position":3,"name":"Mitigeur de douche en laiton chrom\u00e9 Paffoni en deux types RB94"}]},{"@type":"WebSite","@id":"https:\/\/www.bagnoitalia.com\/fr#website","url":"https:\/\/www.bagnoitalia.com\/fr","name":"Bagno Italia","description":"","publisher":{"@id":"https:\/\/www.bagnoitalia.com\/fr#organization"},"potentialAction":[{"@type":"SearchAction","target":{"@type":"EntryPoint","urlTemplate":"https:\/\/www.bagnoitalia.com\/fr?s={search_term_string}"},"query-input":{"@type":"PropertyValueSpecification","valueRequired":true,"valueName":"search_term_string"}}],"inLanguage":"fr-FR"},{"@type":"Organization","@id":"https:\/\/www.bagnoitalia.com\/fr#organization","name":"Bagno Italia","url":"https:\/\/www.bagnoitalia.com\/fr","logo":{"@type":"ImageObject","inLanguage":"fr-FR","@id":"https:\/\/www.bagnoitalia.com\/fr#\/schema\/logo\/image\/","url":"https:\/\/img.bagnoitalia.com\/wp-content\/uploads\/logo-bagnoitalia.webp","contentUrl":"https:\/\/img.bagnoitalia.com\/wp-content\/uploads\/logo-bagnoitalia.webp","width":400,"height":70,"caption":"Bagno Italia"},"image":{"@id":"https:\/\/www.bagnoitalia.com\/fr#\/schema\/logo\/image\/"}}]}},"_links":{"self":[{"href":"https:\/\/www.bagnoitalia.com\/fr\/wp-json\/wp\/v2\/product\/82608","targetHints":{"allow":["GET"]}}],"collection":[{"href":"https:\/\/www.bagnoitalia.com\/fr\/wp-json\/wp\/v2\/product"}],"about":[{"href":"https:\/\/www.bagnoitalia.com\/fr\/wp-json\/wp\/v2\/types\/product"}],"replies":[{"embeddable":true,"href":"https:\/\/www.bagnoitalia.com\/fr\/wp-json\/wp\/v2\/comments?post=82608"}],"version-history":[{"count":1,"href":"https:\/\/www.bagnoitalia.com\/fr\/wp-json\/wp\/v2\/product\/82608\/revisions"}],"predecessor-version":[{"id":87201,"href":"https:\/\/www.bagnoitalia.com\/fr\/wp-json\/wp\/v2\/product\/82608\/revisions\/87201"}],"wp:featuredmedia":[{"embeddable":true,"href":"https:\/\/www.bagnoitalia.com\/fr\/wp-json\/wp\/v2\/media\/57932"}],"wp:attachment":[{"href":"https:\/\/www.bagnoitalia.com\/fr\/wp-json\/wp\/v2\/media?parent=82608"}],"wp:term":[{"taxonomy":"product_brand","embeddable":true,"href":"https:\/\/www.bagnoitalia.com\/fr\/wp-json\/wp\/v2\/product_brand?post=82608"},{"taxonomy":"product_cat","embeddable":true,"href":"https:\/\/www.bagnoitalia.com\/fr\/wp-json\/wp\/v2\/product_cat?post=82608"},{"taxonomy":"product_tag","embeddable":true,"href":"https:\/\/www.bagnoitalia.com\/fr\/wp-json\/wp\/v2\/product_tag?post=82608"}],"curies":[{"name":"wp","href":"https:\/\/api.w.org\/{rel}","templated":true}]}}