{"id":82596,"date":"2022-11-05T10:41:41","date_gmt":"2022-11-05T09:41:41","guid":{"rendered":"https:\/\/www.bagnoitalia.com\/product\/single-hole-or-wall-mounted-or-pull-out-kitchen-sink-mixer-made-in-italy-rb91-2"},"modified":"2024-05-22T16:27:12","modified_gmt":"2024-05-22T14:27:12","slug":"single-hole-or-wall-mounted-or-pull-out-kitchen-sink-mixer-made-in-italy-rb91-2","status":"publish","type":"product","link":"https:\/\/www.bagnoitalia.com\/fr\/produit\/single-hole-or-wall-mounted-or-pull-out-kitchen-sink-mixer-made-in-italy-rb91-2.html","title":{"rendered":"M\u00e9langeur d&rsquo;\u00e9vier de cuisine monotrou mural ou coulissant fabriqu\u00e9 en Italie RB91"},"content":{"rendered":"<p style=\"text-align: center;\"><span style=\"text-decoration: underline; color: #ff0000; font-size: 14pt;\"><strong>M\u00e9langeurs en 3 types pour \u00e9vier de cuisine RB91<\/strong><\/span><\/p>\n<p>&nbsp;<\/p>\n<p>Ligne moderne de m\u00e9langeurs fabriqu\u00e9s en Italie en laiton chrom\u00e9 pour les \u00e9viers de cuisine ; disponible en 3 types.<\/p>\n<p>S\u00e9lectionnez le mod\u00e8le souhait\u00e9 dans le menu lat\u00e9ral.<\/p>\n<p>&nbsp;<\/p>\n<p><span style=\"text-decoration: underline;\"><strong>M\u00c9LANGEUR \u00c0 COL INCLIN\u00c9<\/strong><\/span><\/p>\n<p>M\u00e9langeur monotrou pour \u00e9vier de cuisine<\/p>\n<p>Col pivotant<\/p>\n<p>Cartouche d.40<\/p>\n<p>&nbsp;<\/p>\n<p><span style=\"text-decoration: underline;\"><strong>M\u00c9LANGEUR MURAL<\/strong><\/span><\/p>\n<p>M\u00e9langeur \u00e0 double trou pour \u00e9vier de cuisine<\/p>\n<p>Pour une installation murale<\/p>\n<p>Col pivotant<\/p>\n<p>&nbsp;<\/p>\n<p><span style=\"text-decoration: underline;\"><strong>MIXER PULL-OUT<\/strong><\/span><\/p>\n<p>M\u00e9langeur d&rsquo;\u00e9vier de cuisine monotrou<\/p>\n<p>Avec douchette extractible et col pivotant<\/p>\n<p>2 types de jets d&rsquo;eau : classique ou \u00ab\u00a0douche\u00a0\u00bb (en appuyant sur le bouton noir)<\/p>\n<p>&nbsp;<\/p>\n<p>&nbsp;<\/p>\n<p>&nbsp;<\/p>\n<p>&nbsp;<\/p>\n<p>&nbsp;<\/p>\n<p>&nbsp;<\/p>\n<p>10FT1<br \/>\n40GT6<br \/>\n23NO1<\/p>\n","protected":false},"excerpt":{"rendered":"<p>Robinets de fabrication italienne, disponibles en trois mod\u00e8les, pour les \u00e9viers de cuisine.<\/p>\n","protected":false},"featured_media":116119,"comment_status":"open","ping_status":"closed","template":"","meta":[],"product_brand":[9900,9954],"product_cat":[10042],"product_tag":[],"class_list":{"0":"post-82596","1":"product","2":"type-product","3":"status-publish","4":"has-post-thumbnail","6":"product_brand-baritermo-fr","7":"product_brand-thermo-professional-fr","8":"product_cat-robinetterie-de-cuisine","10":"first","11":"instock","12":"sale","13":"taxable","14":"shipping-taxable","15":"purchasable","16":"product-type-simple"},"exclude_global_add_ons":false,"addons":[{"name":"M\u00e9langeur","type":"multiple_choice","position":0,"required":true,"title_format":"heading","default":"","description_enable":false,"description":"","placeholder_enable":false,"placeholder":"","display":"select","restrictions_type":"any_text","adjust_price":false,"price":"","price_type":"flat_fee","restrictions":false,"min":"0","max":"0","options":[{"label":"avec col inclin\u00e9","price":"","price_type":"quantity_based","image":0,"visibility":true},{"label":"montage mural avec double trou","price":"10","price_type":"quantity_based","image":0,"visibility":true},{"label":"extractible","price":"20","price_type":"quantity_based","image":0,"visibility":true}],"id":1716395232}],"yoast_head":"<!-- This site is optimized with the Yoast SEO plugin v26.7 - https:\/\/yoast.com\/wordpress\/plugins\/seo\/ -->\n<title>M\u00e9langeur d&#039;\u00e9vier de cuisine monotrou mural ou coulissant fabriqu\u00e9 en Italie RB91 - Bagno Italia<\/title>\n<meta name=\"robots\" content=\"index, follow, max-snippet:-1, max-image-preview:large, max-video-preview:-1\" \/>\n<link rel=\"canonical\" href=\"https:\/\/www.bagnoitalia.com\/fr\/produit\/single-hole-or-wall-mounted-or-pull-out-kitchen-sink-mixer-made-in-italy-rb91-2.html\" \/>\n<meta property=\"og:locale\" content=\"fr_FR\" \/>\n<meta property=\"og:type\" content=\"article\" \/>\n<meta property=\"og:title\" content=\"M\u00e9langeur d&#039;\u00e9vier de cuisine monotrou mural ou coulissant fabriqu\u00e9 en Italie RB91 - Bagno Italia\" \/>\n<meta property=\"og:description\" content=\"Robinets de fabrication italienne, disponibles en trois mod\u00e8les, pour les \u00e9viers de cuisine.\" \/>\n<meta property=\"og:url\" content=\"https:\/\/www.bagnoitalia.com\/fr\/produit\/single-hole-or-wall-mounted-or-pull-out-kitchen-sink-mixer-made-in-italy-rb91-2.html\" \/>\n<meta property=\"og:site_name\" content=\"Bagno Italia\" \/>\n<meta property=\"article:modified_time\" content=\"2024-05-22T14:27:12+00:00\" \/>\n<meta property=\"og:image\" content=\"https:\/\/img.bagnoitalia.com\/wp-content\/uploads\/virtuemart\/product\/mixer-3-models-sink-kitchen-1.jpg\" \/>\n\t<meta property=\"og:image:width\" content=\"550\" \/>\n\t<meta property=\"og:image:height\" content=\"550\" \/>\n\t<meta property=\"og:image:type\" content=\"image\/jpeg\" \/>\n<meta name=\"twitter:card\" content=\"summary_large_image\" \/>\n<meta name=\"twitter:label1\" content=\"Dur\u00e9e de lecture estim\u00e9e\" \/>\n\t<meta name=\"twitter:data1\" content=\"1 minute\" \/>\n<script type=\"application\/ld+json\" class=\"yoast-schema-graph\">{\"@context\":\"https:\/\/schema.org\",\"@graph\":[{\"@type\":\"WebPage\",\"@id\":\"https:\/\/www.bagnoitalia.com\/fr\/produit\/single-hole-or-wall-mounted-or-pull-out-kitchen-sink-mixer-made-in-italy-rb91-2.html\",\"url\":\"https:\/\/www.bagnoitalia.com\/fr\/produit\/single-hole-or-wall-mounted-or-pull-out-kitchen-sink-mixer-made-in-italy-rb91-2.html\",\"name\":\"M\u00e9langeur d'\u00e9vier de cuisine monotrou mural ou coulissant fabriqu\u00e9 en Italie RB91 - Bagno Italia\",\"isPartOf\":{\"@id\":\"https:\/\/www.bagnoitalia.com\/fr#website\"},\"primaryImageOfPage\":{\"@id\":\"https:\/\/www.bagnoitalia.com\/fr\/produit\/single-hole-or-wall-mounted-or-pull-out-kitchen-sink-mixer-made-in-italy-rb91-2.html#primaryimage\"},\"image\":{\"@id\":\"https:\/\/www.bagnoitalia.com\/fr\/produit\/single-hole-or-wall-mounted-or-pull-out-kitchen-sink-mixer-made-in-italy-rb91-2.html#primaryimage\"},\"thumbnailUrl\":\"https:\/\/img.bagnoitalia.com\/wp-content\/uploads\/miscelatore-3-modelli-lavello-cucina-RB91.jpg\",\"datePublished\":\"2022-11-05T09:41:41+00:00\",\"dateModified\":\"2024-05-22T14:27:12+00:00\",\"breadcrumb\":{\"@id\":\"https:\/\/www.bagnoitalia.com\/fr\/produit\/single-hole-or-wall-mounted-or-pull-out-kitchen-sink-mixer-made-in-italy-rb91-2.html#breadcrumb\"},\"inLanguage\":\"fr-FR\",\"potentialAction\":[{\"@type\":\"ReadAction\",\"target\":[\"https:\/\/www.bagnoitalia.com\/fr\/produit\/single-hole-or-wall-mounted-or-pull-out-kitchen-sink-mixer-made-in-italy-rb91-2.html\"]}]},{\"@type\":\"ImageObject\",\"inLanguage\":\"fr-FR\",\"@id\":\"https:\/\/www.bagnoitalia.com\/fr\/produit\/single-hole-or-wall-mounted-or-pull-out-kitchen-sink-mixer-made-in-italy-rb91-2.html#primaryimage\",\"url\":\"https:\/\/img.bagnoitalia.com\/wp-content\/uploads\/miscelatore-3-modelli-lavello-cucina-RB91.jpg\",\"contentUrl\":\"https:\/\/img.bagnoitalia.com\/wp-content\/uploads\/miscelatore-3-modelli-lavello-cucina-RB91.jpg\",\"width\":550,\"height\":550},{\"@type\":\"BreadcrumbList\",\"@id\":\"https:\/\/www.bagnoitalia.com\/fr\/produit\/single-hole-or-wall-mounted-or-pull-out-kitchen-sink-mixer-made-in-italy-rb91-2.html#breadcrumb\",\"itemListElement\":[{\"@type\":\"ListItem\",\"position\":1,\"name\":\"Home\",\"item\":\"https:\/\/www.bagnoitalia.com\/fr\"},{\"@type\":\"ListItem\",\"position\":2,\"name\":\"Produits\",\"item\":\"https:\/\/www.bagnoitalia.com\/fr\/shop\"},{\"@type\":\"ListItem\",\"position\":3,\"name\":\"M\u00e9langeur d&#8217;\u00e9vier de cuisine monotrou mural ou coulissant fabriqu\u00e9 en Italie RB91\"}]},{\"@type\":\"WebSite\",\"@id\":\"https:\/\/www.bagnoitalia.com\/fr#website\",\"url\":\"https:\/\/www.bagnoitalia.com\/fr\",\"name\":\"Bagno Italia\",\"description\":\"\",\"publisher\":{\"@id\":\"https:\/\/www.bagnoitalia.com\/fr#organization\"},\"potentialAction\":[{\"@type\":\"SearchAction\",\"target\":{\"@type\":\"EntryPoint\",\"urlTemplate\":\"https:\/\/www.bagnoitalia.com\/fr?s={search_term_string}\"},\"query-input\":{\"@type\":\"PropertyValueSpecification\",\"valueRequired\":true,\"valueName\":\"search_term_string\"}}],\"inLanguage\":\"fr-FR\"},{\"@type\":\"Organization\",\"@id\":\"https:\/\/www.bagnoitalia.com\/fr#organization\",\"name\":\"Bagno Italia\",\"url\":\"https:\/\/www.bagnoitalia.com\/fr\",\"logo\":{\"@type\":\"ImageObject\",\"inLanguage\":\"fr-FR\",\"@id\":\"https:\/\/www.bagnoitalia.com\/fr#\/schema\/logo\/image\/\",\"url\":\"https:\/\/img.bagnoitalia.com\/wp-content\/uploads\/logo-bagnoitalia.webp\",\"contentUrl\":\"https:\/\/img.bagnoitalia.com\/wp-content\/uploads\/logo-bagnoitalia.webp\",\"width\":400,\"height\":70,\"caption\":\"Bagno Italia\"},\"image\":{\"@id\":\"https:\/\/www.bagnoitalia.com\/fr#\/schema\/logo\/image\/\"}}]}<\/script>\n<!-- \/ Yoast SEO plugin. -->","yoast_head_json":{"title":"M\u00e9langeur d'\u00e9vier de cuisine monotrou mural ou coulissant fabriqu\u00e9 en Italie RB91 - Bagno Italia","robots":{"index":"index","follow":"follow","max-snippet":"max-snippet:-1","max-image-preview":"max-image-preview:large","max-video-preview":"max-video-preview:-1"},"canonical":"https:\/\/www.bagnoitalia.com\/fr\/produit\/single-hole-or-wall-mounted-or-pull-out-kitchen-sink-mixer-made-in-italy-rb91-2.html","og_locale":"fr_FR","og_type":"article","og_title":"M\u00e9langeur d'\u00e9vier de cuisine monotrou mural ou coulissant fabriqu\u00e9 en Italie RB91 - Bagno Italia","og_description":"Robinets de fabrication italienne, disponibles en trois mod\u00e8les, pour les \u00e9viers de cuisine.","og_url":"https:\/\/www.bagnoitalia.com\/fr\/produit\/single-hole-or-wall-mounted-or-pull-out-kitchen-sink-mixer-made-in-italy-rb91-2.html","og_site_name":"Bagno Italia","article_modified_time":"2024-05-22T14:27:12+00:00","og_image":[{"width":550,"height":550,"url":"https:\/\/img.bagnoitalia.com\/wp-content\/uploads\/virtuemart\/product\/mixer-3-models-sink-kitchen-1.jpg","type":"image\/jpeg"}],"twitter_card":"summary_large_image","twitter_misc":{"Dur\u00e9e de lecture estim\u00e9e":"1 minute"},"schema":{"@context":"https:\/\/schema.org","@graph":[{"@type":"WebPage","@id":"https:\/\/www.bagnoitalia.com\/fr\/produit\/single-hole-or-wall-mounted-or-pull-out-kitchen-sink-mixer-made-in-italy-rb91-2.html","url":"https:\/\/www.bagnoitalia.com\/fr\/produit\/single-hole-or-wall-mounted-or-pull-out-kitchen-sink-mixer-made-in-italy-rb91-2.html","name":"M\u00e9langeur d'\u00e9vier de cuisine monotrou mural ou coulissant fabriqu\u00e9 en Italie RB91 - Bagno Italia","isPartOf":{"@id":"https:\/\/www.bagnoitalia.com\/fr#website"},"primaryImageOfPage":{"@id":"https:\/\/www.bagnoitalia.com\/fr\/produit\/single-hole-or-wall-mounted-or-pull-out-kitchen-sink-mixer-made-in-italy-rb91-2.html#primaryimage"},"image":{"@id":"https:\/\/www.bagnoitalia.com\/fr\/produit\/single-hole-or-wall-mounted-or-pull-out-kitchen-sink-mixer-made-in-italy-rb91-2.html#primaryimage"},"thumbnailUrl":"https:\/\/img.bagnoitalia.com\/wp-content\/uploads\/miscelatore-3-modelli-lavello-cucina-RB91.jpg","datePublished":"2022-11-05T09:41:41+00:00","dateModified":"2024-05-22T14:27:12+00:00","breadcrumb":{"@id":"https:\/\/www.bagnoitalia.com\/fr\/produit\/single-hole-or-wall-mounted-or-pull-out-kitchen-sink-mixer-made-in-italy-rb91-2.html#breadcrumb"},"inLanguage":"fr-FR","potentialAction":[{"@type":"ReadAction","target":["https:\/\/www.bagnoitalia.com\/fr\/produit\/single-hole-or-wall-mounted-or-pull-out-kitchen-sink-mixer-made-in-italy-rb91-2.html"]}]},{"@type":"ImageObject","inLanguage":"fr-FR","@id":"https:\/\/www.bagnoitalia.com\/fr\/produit\/single-hole-or-wall-mounted-or-pull-out-kitchen-sink-mixer-made-in-italy-rb91-2.html#primaryimage","url":"https:\/\/img.bagnoitalia.com\/wp-content\/uploads\/miscelatore-3-modelli-lavello-cucina-RB91.jpg","contentUrl":"https:\/\/img.bagnoitalia.com\/wp-content\/uploads\/miscelatore-3-modelli-lavello-cucina-RB91.jpg","width":550,"height":550},{"@type":"BreadcrumbList","@id":"https:\/\/www.bagnoitalia.com\/fr\/produit\/single-hole-or-wall-mounted-or-pull-out-kitchen-sink-mixer-made-in-italy-rb91-2.html#breadcrumb","itemListElement":[{"@type":"ListItem","position":1,"name":"Home","item":"https:\/\/www.bagnoitalia.com\/fr"},{"@type":"ListItem","position":2,"name":"Produits","item":"https:\/\/www.bagnoitalia.com\/fr\/shop"},{"@type":"ListItem","position":3,"name":"M\u00e9langeur d&#8217;\u00e9vier de cuisine monotrou mural ou coulissant fabriqu\u00e9 en Italie RB91"}]},{"@type":"WebSite","@id":"https:\/\/www.bagnoitalia.com\/fr#website","url":"https:\/\/www.bagnoitalia.com\/fr","name":"Bagno Italia","description":"","publisher":{"@id":"https:\/\/www.bagnoitalia.com\/fr#organization"},"potentialAction":[{"@type":"SearchAction","target":{"@type":"EntryPoint","urlTemplate":"https:\/\/www.bagnoitalia.com\/fr?s={search_term_string}"},"query-input":{"@type":"PropertyValueSpecification","valueRequired":true,"valueName":"search_term_string"}}],"inLanguage":"fr-FR"},{"@type":"Organization","@id":"https:\/\/www.bagnoitalia.com\/fr#organization","name":"Bagno Italia","url":"https:\/\/www.bagnoitalia.com\/fr","logo":{"@type":"ImageObject","inLanguage":"fr-FR","@id":"https:\/\/www.bagnoitalia.com\/fr#\/schema\/logo\/image\/","url":"https:\/\/img.bagnoitalia.com\/wp-content\/uploads\/logo-bagnoitalia.webp","contentUrl":"https:\/\/img.bagnoitalia.com\/wp-content\/uploads\/logo-bagnoitalia.webp","width":400,"height":70,"caption":"Bagno Italia"},"image":{"@id":"https:\/\/www.bagnoitalia.com\/fr#\/schema\/logo\/image\/"}}]}},"_links":{"self":[{"href":"https:\/\/www.bagnoitalia.com\/fr\/wp-json\/wp\/v2\/product\/82596","targetHints":{"allow":["GET"]}}],"collection":[{"href":"https:\/\/www.bagnoitalia.com\/fr\/wp-json\/wp\/v2\/product"}],"about":[{"href":"https:\/\/www.bagnoitalia.com\/fr\/wp-json\/wp\/v2\/types\/product"}],"replies":[{"embeddable":true,"href":"https:\/\/www.bagnoitalia.com\/fr\/wp-json\/wp\/v2\/comments?post=82596"}],"version-history":[{"count":1,"href":"https:\/\/www.bagnoitalia.com\/fr\/wp-json\/wp\/v2\/product\/82596\/revisions"}],"predecessor-version":[{"id":87617,"href":"https:\/\/www.bagnoitalia.com\/fr\/wp-json\/wp\/v2\/product\/82596\/revisions\/87617"}],"wp:featuredmedia":[{"embeddable":true,"href":"https:\/\/www.bagnoitalia.com\/fr\/wp-json\/wp\/v2\/media\/116119"}],"wp:attachment":[{"href":"https:\/\/www.bagnoitalia.com\/fr\/wp-json\/wp\/v2\/media?parent=82596"}],"wp:term":[{"taxonomy":"product_brand","embeddable":true,"href":"https:\/\/www.bagnoitalia.com\/fr\/wp-json\/wp\/v2\/product_brand?post=82596"},{"taxonomy":"product_cat","embeddable":true,"href":"https:\/\/www.bagnoitalia.com\/fr\/wp-json\/wp\/v2\/product_cat?post=82596"},{"taxonomy":"product_tag","embeddable":true,"href":"https:\/\/www.bagnoitalia.com\/fr\/wp-json\/wp\/v2\/product_tag?post=82596"}],"curies":[{"name":"wp","href":"https:\/\/api.w.org\/{rel}","templated":true}]}}