{"id":82556,"date":"2022-09-20T12:49:04","date_gmt":"2022-09-20T10:49:04","guid":{"rendered":"https:\/\/www.bagnoitalia.com\/product\/mixers-for-shower-or-bathtub-made-in-italy-brand-mamoli-rb110-2"},"modified":"2024-05-24T16:49:24","modified_gmt":"2024-05-24T14:49:24","slug":"mixers-for-shower-or-bathtub-made-in-italy-brand-mamoli-rb110-2","status":"publish","type":"product","link":"https:\/\/www.bagnoitalia.com\/fr\/produit\/mixers-for-shower-or-bathtub-made-in-italy-brand-mamoli-rb110-2.html","title":{"rendered":"Mitigeurs de baignoire et de douche fabriqu\u00e9s en Italie Mamoli RB110"},"content":{"rendered":"<p style=\"text-align: center;\"><span style=\"text-decoration: underline; color: #ff0000; font-size: 14pt;\"><strong>ROBINETS DE MARQUE MAMOLI POUR DOUCHE OU BAIN RB110<\/strong><\/span><\/p>\n<p>&nbsp;<\/p>\n<p>M\u00e9langeurs chrom\u00e9s avec une ligne moderne et lin\u00e9aire de production italienne, de la marque renomm\u00e9e Mamoli.<\/p>\n<p>S\u00e9lectionnez le robinet pour la douche ou le bain dans le menu lat\u00e9ral.<\/p>\n<p>&nbsp;<\/p>\n<p><span style=\"text-decoration: underline;\"><strong>Comprend un robinet de douche :<\/strong><\/span><\/p>\n<p>robinet mural avec double trou<br \/>\nbouton m\u00e9langeur d&rsquo;eau<br \/>\nSortie 1\/2M<br \/>\n<span style=\"text-decoration: underline;\"><strong>Caract\u00e9ristiques robinet de baignoire<\/strong><\/span><\/p>\n<p>robinet \u00e0 double trou avec bec verseur<br \/>\ndouchette \u00e0 main avec support mural articul\u00e9<br \/>\ntuyau flexible<br \/>\nD\u00e9viateur d&rsquo;eau (de la douchette \u00e0 main au bec du robinet et vice versa)<br \/>\n&nbsp;<\/p>\n<p>&nbsp;<\/p>\n<p>&nbsp;<\/p>\n<p>&nbsp;<\/p>\n<p>&nbsp;<\/p>\n<p>&nbsp;<\/p>\n<p>&nbsp;<\/p>\n<p>&nbsp;<\/p>\n<p>&nbsp;<\/p>\n<p>&nbsp;<\/p>\n<p>&nbsp;<\/p>\n<p>65DX7<br \/>\n52PP0<\/p>\n","protected":false},"excerpt":{"rendered":"<p>Robinetterie pour douche ext\u00e9rieure avec double trou ou pour baignoire comprenant une douchette et un support mural.<\/p>\n","protected":false},"featured_media":57496,"comment_status":"open","ping_status":"closed","template":"","meta":[],"product_brand":[9900,9954],"product_cat":[10036,10045],"product_tag":[],"class_list":{"0":"post-82556","1":"product","2":"type-product","3":"status-publish","4":"has-post-thumbnail","6":"product_brand-baritermo-fr","7":"product_brand-thermo-professional-fr","8":"product_cat-robinets-de-baignoire","9":"product_cat-robinets-de-douche","11":"first","12":"instock","13":"sale","14":"taxable","15":"shipping-taxable","16":"purchasable","17":"product-type-simple"},"exclude_global_add_ons":false,"addons":[{"name":"Robinetterie","type":"multiple_choice","position":0,"required":true,"title_format":"heading","default":"","description_enable":false,"description":"","placeholder_enable":false,"placeholder":"","display":"select","restrictions_type":"any_text","adjust_price":false,"price":"","price_type":"flat_fee","restrictions":false,"min":"0","max":"0","options":[{"label":"pour douche","price":"","price_type":"quantity_based","image":0,"visibility":true},{"label":"pour baignoire","price":"30","price_type":"quantity_based","image":0,"visibility":true}],"id":1716569365}],"yoast_head":"<!-- This site is optimized with the Yoast SEO plugin v26.7 - https:\/\/yoast.com\/wordpress\/plugins\/seo\/ -->\n<title>Mitigeurs de baignoire et de douche fabriqu\u00e9s en Italie Mamoli RB110 - Bagno Italia<\/title>\n<meta name=\"description\" content=\"Robinetterie pour douche ext\u00e9rieure avec double trou ou pour baignoire comprenant une douchette et un support mural.\" \/>\n<meta name=\"robots\" content=\"index, follow, max-snippet:-1, max-image-preview:large, max-video-preview:-1\" \/>\n<link rel=\"canonical\" href=\"https:\/\/www.bagnoitalia.com\/fr\/produit\/mixers-for-shower-or-bathtub-made-in-italy-brand-mamoli-rb110-2.html\" \/>\n<meta property=\"og:locale\" content=\"fr_FR\" \/>\n<meta property=\"og:type\" content=\"article\" \/>\n<meta property=\"og:title\" content=\"Mitigeurs de baignoire et de douche fabriqu\u00e9s en Italie Mamoli RB110 - Bagno Italia\" \/>\n<meta property=\"og:description\" content=\"Robinetterie pour douche ext\u00e9rieure avec double trou ou pour baignoire comprenant une douchette et un support mural.\" \/>\n<meta property=\"og:url\" content=\"https:\/\/www.bagnoitalia.com\/fr\/produit\/mixers-for-shower-or-bathtub-made-in-italy-brand-mamoli-rb110-2.html\" \/>\n<meta property=\"og:site_name\" content=\"Bagno Italia\" \/>\n<meta property=\"article:modified_time\" content=\"2024-05-24T14:49:24+00:00\" \/>\n<meta property=\"og:image\" content=\"https:\/\/img.bagnoitalia.com\/wp-content\/uploads\/virtuemart\/product\/mixers-for-shower-or-bathtub.jpg\" \/>\n\t<meta property=\"og:image:width\" content=\"550\" \/>\n\t<meta property=\"og:image:height\" content=\"550\" \/>\n\t<meta property=\"og:image:type\" content=\"image\/jpeg\" \/>\n<meta name=\"twitter:card\" content=\"summary_large_image\" \/>\n<meta name=\"twitter:label1\" content=\"Dur\u00e9e de lecture estim\u00e9e\" \/>\n\t<meta name=\"twitter:data1\" content=\"1 minute\" \/>\n<script type=\"application\/ld+json\" class=\"yoast-schema-graph\">{\"@context\":\"https:\/\/schema.org\",\"@graph\":[{\"@type\":\"WebPage\",\"@id\":\"https:\/\/www.bagnoitalia.com\/fr\/produit\/mixers-for-shower-or-bathtub-made-in-italy-brand-mamoli-rb110-2.html\",\"url\":\"https:\/\/www.bagnoitalia.com\/fr\/produit\/mixers-for-shower-or-bathtub-made-in-italy-brand-mamoli-rb110-2.html\",\"name\":\"Mitigeurs de baignoire et de douche fabriqu\u00e9s en Italie Mamoli RB110 - Bagno Italia\",\"isPartOf\":{\"@id\":\"https:\/\/www.bagnoitalia.com\/fr#website\"},\"primaryImageOfPage\":{\"@id\":\"https:\/\/www.bagnoitalia.com\/fr\/produit\/mixers-for-shower-or-bathtub-made-in-italy-brand-mamoli-rb110-2.html#primaryimage\"},\"image\":{\"@id\":\"https:\/\/www.bagnoitalia.com\/fr\/produit\/mixers-for-shower-or-bathtub-made-in-italy-brand-mamoli-rb110-2.html#primaryimage\"},\"thumbnailUrl\":\"https:\/\/img.bagnoitalia.com\/wp-content\/uploads\/virtuemart\/product\/mixers-for-shower-or-bathtub.jpg\",\"datePublished\":\"2022-09-20T10:49:04+00:00\",\"dateModified\":\"2024-05-24T14:49:24+00:00\",\"description\":\"Robinetterie pour douche ext\u00e9rieure avec double trou ou pour baignoire comprenant une douchette et un support mural.\",\"breadcrumb\":{\"@id\":\"https:\/\/www.bagnoitalia.com\/fr\/produit\/mixers-for-shower-or-bathtub-made-in-italy-brand-mamoli-rb110-2.html#breadcrumb\"},\"inLanguage\":\"fr-FR\",\"potentialAction\":[{\"@type\":\"ReadAction\",\"target\":[\"https:\/\/www.bagnoitalia.com\/fr\/produit\/mixers-for-shower-or-bathtub-made-in-italy-brand-mamoli-rb110-2.html\"]}]},{\"@type\":\"ImageObject\",\"inLanguage\":\"fr-FR\",\"@id\":\"https:\/\/www.bagnoitalia.com\/fr\/produit\/mixers-for-shower-or-bathtub-made-in-italy-brand-mamoli-rb110-2.html#primaryimage\",\"url\":\"https:\/\/img.bagnoitalia.com\/wp-content\/uploads\/virtuemart\/product\/mixers-for-shower-or-bathtub.jpg\",\"contentUrl\":\"https:\/\/img.bagnoitalia.com\/wp-content\/uploads\/virtuemart\/product\/mixers-for-shower-or-bathtub.jpg\",\"width\":550,\"height\":550},{\"@type\":\"BreadcrumbList\",\"@id\":\"https:\/\/www.bagnoitalia.com\/fr\/produit\/mixers-for-shower-or-bathtub-made-in-italy-brand-mamoli-rb110-2.html#breadcrumb\",\"itemListElement\":[{\"@type\":\"ListItem\",\"position\":1,\"name\":\"Home\",\"item\":\"https:\/\/www.bagnoitalia.com\/fr\"},{\"@type\":\"ListItem\",\"position\":2,\"name\":\"Produits\",\"item\":\"https:\/\/www.bagnoitalia.com\/fr\/shop\"},{\"@type\":\"ListItem\",\"position\":3,\"name\":\"Mitigeurs de baignoire et de douche fabriqu\u00e9s en Italie Mamoli RB110\"}]},{\"@type\":\"WebSite\",\"@id\":\"https:\/\/www.bagnoitalia.com\/fr#website\",\"url\":\"https:\/\/www.bagnoitalia.com\/fr\",\"name\":\"Bagno Italia\",\"description\":\"\",\"publisher\":{\"@id\":\"https:\/\/www.bagnoitalia.com\/fr#organization\"},\"potentialAction\":[{\"@type\":\"SearchAction\",\"target\":{\"@type\":\"EntryPoint\",\"urlTemplate\":\"https:\/\/www.bagnoitalia.com\/fr?s={search_term_string}\"},\"query-input\":{\"@type\":\"PropertyValueSpecification\",\"valueRequired\":true,\"valueName\":\"search_term_string\"}}],\"inLanguage\":\"fr-FR\"},{\"@type\":\"Organization\",\"@id\":\"https:\/\/www.bagnoitalia.com\/fr#organization\",\"name\":\"Bagno Italia\",\"url\":\"https:\/\/www.bagnoitalia.com\/fr\",\"logo\":{\"@type\":\"ImageObject\",\"inLanguage\":\"fr-FR\",\"@id\":\"https:\/\/www.bagnoitalia.com\/fr#\/schema\/logo\/image\/\",\"url\":\"https:\/\/img.bagnoitalia.com\/wp-content\/uploads\/logo-bagnoitalia.webp\",\"contentUrl\":\"https:\/\/img.bagnoitalia.com\/wp-content\/uploads\/logo-bagnoitalia.webp\",\"width\":400,\"height\":70,\"caption\":\"Bagno Italia\"},\"image\":{\"@id\":\"https:\/\/www.bagnoitalia.com\/fr#\/schema\/logo\/image\/\"}}]}<\/script>\n<!-- \/ Yoast SEO plugin. -->","yoast_head_json":{"title":"Mitigeurs de baignoire et de douche fabriqu\u00e9s en Italie Mamoli RB110 - Bagno Italia","description":"Robinetterie pour douche ext\u00e9rieure avec double trou ou pour baignoire comprenant une douchette et un support mural.","robots":{"index":"index","follow":"follow","max-snippet":"max-snippet:-1","max-image-preview":"max-image-preview:large","max-video-preview":"max-video-preview:-1"},"canonical":"https:\/\/www.bagnoitalia.com\/fr\/produit\/mixers-for-shower-or-bathtub-made-in-italy-brand-mamoli-rb110-2.html","og_locale":"fr_FR","og_type":"article","og_title":"Mitigeurs de baignoire et de douche fabriqu\u00e9s en Italie Mamoli RB110 - Bagno Italia","og_description":"Robinetterie pour douche ext\u00e9rieure avec double trou ou pour baignoire comprenant une douchette et un support mural.","og_url":"https:\/\/www.bagnoitalia.com\/fr\/produit\/mixers-for-shower-or-bathtub-made-in-italy-brand-mamoli-rb110-2.html","og_site_name":"Bagno Italia","article_modified_time":"2024-05-24T14:49:24+00:00","og_image":[{"width":550,"height":550,"url":"https:\/\/img.bagnoitalia.com\/wp-content\/uploads\/virtuemart\/product\/mixers-for-shower-or-bathtub.jpg","type":"image\/jpeg"}],"twitter_card":"summary_large_image","twitter_misc":{"Dur\u00e9e de lecture estim\u00e9e":"1 minute"},"schema":{"@context":"https:\/\/schema.org","@graph":[{"@type":"WebPage","@id":"https:\/\/www.bagnoitalia.com\/fr\/produit\/mixers-for-shower-or-bathtub-made-in-italy-brand-mamoli-rb110-2.html","url":"https:\/\/www.bagnoitalia.com\/fr\/produit\/mixers-for-shower-or-bathtub-made-in-italy-brand-mamoli-rb110-2.html","name":"Mitigeurs de baignoire et de douche fabriqu\u00e9s en Italie Mamoli RB110 - Bagno Italia","isPartOf":{"@id":"https:\/\/www.bagnoitalia.com\/fr#website"},"primaryImageOfPage":{"@id":"https:\/\/www.bagnoitalia.com\/fr\/produit\/mixers-for-shower-or-bathtub-made-in-italy-brand-mamoli-rb110-2.html#primaryimage"},"image":{"@id":"https:\/\/www.bagnoitalia.com\/fr\/produit\/mixers-for-shower-or-bathtub-made-in-italy-brand-mamoli-rb110-2.html#primaryimage"},"thumbnailUrl":"https:\/\/img.bagnoitalia.com\/wp-content\/uploads\/virtuemart\/product\/mixers-for-shower-or-bathtub.jpg","datePublished":"2022-09-20T10:49:04+00:00","dateModified":"2024-05-24T14:49:24+00:00","description":"Robinetterie pour douche ext\u00e9rieure avec double trou ou pour baignoire comprenant une douchette et un support mural.","breadcrumb":{"@id":"https:\/\/www.bagnoitalia.com\/fr\/produit\/mixers-for-shower-or-bathtub-made-in-italy-brand-mamoli-rb110-2.html#breadcrumb"},"inLanguage":"fr-FR","potentialAction":[{"@type":"ReadAction","target":["https:\/\/www.bagnoitalia.com\/fr\/produit\/mixers-for-shower-or-bathtub-made-in-italy-brand-mamoli-rb110-2.html"]}]},{"@type":"ImageObject","inLanguage":"fr-FR","@id":"https:\/\/www.bagnoitalia.com\/fr\/produit\/mixers-for-shower-or-bathtub-made-in-italy-brand-mamoli-rb110-2.html#primaryimage","url":"https:\/\/img.bagnoitalia.com\/wp-content\/uploads\/virtuemart\/product\/mixers-for-shower-or-bathtub.jpg","contentUrl":"https:\/\/img.bagnoitalia.com\/wp-content\/uploads\/virtuemart\/product\/mixers-for-shower-or-bathtub.jpg","width":550,"height":550},{"@type":"BreadcrumbList","@id":"https:\/\/www.bagnoitalia.com\/fr\/produit\/mixers-for-shower-or-bathtub-made-in-italy-brand-mamoli-rb110-2.html#breadcrumb","itemListElement":[{"@type":"ListItem","position":1,"name":"Home","item":"https:\/\/www.bagnoitalia.com\/fr"},{"@type":"ListItem","position":2,"name":"Produits","item":"https:\/\/www.bagnoitalia.com\/fr\/shop"},{"@type":"ListItem","position":3,"name":"Mitigeurs de baignoire et de douche fabriqu\u00e9s en Italie Mamoli RB110"}]},{"@type":"WebSite","@id":"https:\/\/www.bagnoitalia.com\/fr#website","url":"https:\/\/www.bagnoitalia.com\/fr","name":"Bagno Italia","description":"","publisher":{"@id":"https:\/\/www.bagnoitalia.com\/fr#organization"},"potentialAction":[{"@type":"SearchAction","target":{"@type":"EntryPoint","urlTemplate":"https:\/\/www.bagnoitalia.com\/fr?s={search_term_string}"},"query-input":{"@type":"PropertyValueSpecification","valueRequired":true,"valueName":"search_term_string"}}],"inLanguage":"fr-FR"},{"@type":"Organization","@id":"https:\/\/www.bagnoitalia.com\/fr#organization","name":"Bagno Italia","url":"https:\/\/www.bagnoitalia.com\/fr","logo":{"@type":"ImageObject","inLanguage":"fr-FR","@id":"https:\/\/www.bagnoitalia.com\/fr#\/schema\/logo\/image\/","url":"https:\/\/img.bagnoitalia.com\/wp-content\/uploads\/logo-bagnoitalia.webp","contentUrl":"https:\/\/img.bagnoitalia.com\/wp-content\/uploads\/logo-bagnoitalia.webp","width":400,"height":70,"caption":"Bagno Italia"},"image":{"@id":"https:\/\/www.bagnoitalia.com\/fr#\/schema\/logo\/image\/"}}]}},"_links":{"self":[{"href":"https:\/\/www.bagnoitalia.com\/fr\/wp-json\/wp\/v2\/product\/82556","targetHints":{"allow":["GET"]}}],"collection":[{"href":"https:\/\/www.bagnoitalia.com\/fr\/wp-json\/wp\/v2\/product"}],"about":[{"href":"https:\/\/www.bagnoitalia.com\/fr\/wp-json\/wp\/v2\/types\/product"}],"replies":[{"embeddable":true,"href":"https:\/\/www.bagnoitalia.com\/fr\/wp-json\/wp\/v2\/comments?post=82556"}],"version-history":[{"count":1,"href":"https:\/\/www.bagnoitalia.com\/fr\/wp-json\/wp\/v2\/product\/82556\/revisions"}],"predecessor-version":[{"id":88351,"href":"https:\/\/www.bagnoitalia.com\/fr\/wp-json\/wp\/v2\/product\/82556\/revisions\/88351"}],"wp:featuredmedia":[{"embeddable":true,"href":"https:\/\/www.bagnoitalia.com\/fr\/wp-json\/wp\/v2\/media\/57496"}],"wp:attachment":[{"href":"https:\/\/www.bagnoitalia.com\/fr\/wp-json\/wp\/v2\/media?parent=82556"}],"wp:term":[{"taxonomy":"product_brand","embeddable":true,"href":"https:\/\/www.bagnoitalia.com\/fr\/wp-json\/wp\/v2\/product_brand?post=82556"},{"taxonomy":"product_cat","embeddable":true,"href":"https:\/\/www.bagnoitalia.com\/fr\/wp-json\/wp\/v2\/product_cat?post=82556"},{"taxonomy":"product_tag","embeddable":true,"href":"https:\/\/www.bagnoitalia.com\/fr\/wp-json\/wp\/v2\/product_tag?post=82556"}],"curies":[{"name":"wp","href":"https:\/\/api.w.org\/{rel}","templated":true}]}}