{"id":82552,"date":"2022-09-20T12:47:04","date_gmt":"2022-09-20T10:47:04","guid":{"rendered":"https:\/\/www.bagnoitalia.com\/product\/huber-mixer-for-kitchen-sink-with-energy-saving-system-rb108-2"},"modified":"2022-09-20T12:47:04","modified_gmt":"2022-09-20T10:47:04","slug":"huber-mixer-for-kitchen-sink-with-energy-saving-system-rb108-2","status":"publish","type":"product","link":"https:\/\/www.bagnoitalia.com\/fr\/produit\/huber-mixer-for-kitchen-sink-with-energy-saving-system-rb108-2.html","title":{"rendered":"Huber m\u00e9langeur d&rsquo;\u00e9vier de cuisine avec syst\u00e8me d&rsquo;\u00e9conomie d&rsquo;\u00e9nergie RB108"},"content":{"rendered":"<p style=\"text-align: center;\"><span style=\"text-decoration: underline; color: #ff0000; font-size: 14pt;\"><strong>M\u00c9LANGEUR DE CUISINE HUBER RB108<\/strong><\/span><\/p>\n<p>&nbsp;<\/p>\n<p>Robinet de cuisine \u00e0 \u00e9conomie d&rsquo;\u00e9nergie innovant ; le bouton de m\u00e9lange a un premier clic pour une alimentation en eau normale et un second clic pour une alimentation accrue.<\/p>\n<p><span style=\"text-decoration: underline;\"><strong>D\u00c9TAILS :<\/strong><\/span><\/p>\n<p>M\u00e9langeur d&rsquo;\u00e9vier de cuisine monotrou<\/p>\n<p>Col haut et pivotant<\/p>\n<p>Mat\u00e9riau : laiton chrom\u00e9<\/p>\n<p>Y compris les fixations et les tuyaux en acier inoxydable<\/p>\n<p>Cartouche 35mm<\/p>\n<p>&nbsp;<\/p>\n<p>&nbsp;<\/p>\n<p>&nbsp;<\/p>\n<p>&nbsp;<\/p>\n<p>&nbsp;<\/p>\n<p>&nbsp;<\/p>\n<p>&nbsp;<\/p>\n<p>&nbsp;<\/p>\n<p>69PM75<\/p>\n","protected":false},"excerpt":{"rendered":"<p>Robinet \u00e0 col haut pour \u00e9vier de cuisine ; poign\u00e9e de robinet \u00e0 double clic \u00e9conomisant l&rsquo;eau.<\/p>\n","protected":false},"featured_media":57484,"comment_status":"open","ping_status":"closed","template":"","meta":[],"product_brand":[9900,9954],"product_cat":[10042],"product_tag":[],"class_list":{"0":"post-82552","1":"product","2":"type-product","3":"status-publish","4":"has-post-thumbnail","6":"product_brand-baritermo-fr","7":"product_brand-thermo-professional-fr","8":"product_cat-robinetterie-de-cuisine","10":"first","11":"instock","12":"sale","13":"taxable","14":"shipping-taxable","15":"purchasable","16":"product-type-simple"},"exclude_global_add_ons":[],"addons":[],"yoast_head":"<!-- This site is optimized with the Yoast SEO plugin v26.7 - https:\/\/yoast.com\/wordpress\/plugins\/seo\/ -->\n<title>Huber m\u00e9langeur d&#039;\u00e9vier de cuisine avec syst\u00e8me d&#039;\u00e9conomie d&#039;\u00e9nergie RB108 - Bagno Italia<\/title>\n<meta name=\"robots\" content=\"index, follow, max-snippet:-1, max-image-preview:large, max-video-preview:-1\" \/>\n<link rel=\"canonical\" href=\"https:\/\/www.bagnoitalia.com\/fr\/produit\/huber-mixer-for-kitchen-sink-with-energy-saving-system-rb108-2.html\" \/>\n<meta property=\"og:locale\" content=\"fr_FR\" \/>\n<meta property=\"og:type\" content=\"article\" \/>\n<meta property=\"og:title\" content=\"Huber m\u00e9langeur d&#039;\u00e9vier de cuisine avec syst\u00e8me d&#039;\u00e9conomie d&#039;\u00e9nergie RB108 - Bagno Italia\" \/>\n<meta property=\"og:description\" content=\"Robinet \u00e0 col haut pour \u00e9vier de cuisine ; poign\u00e9e de robinet \u00e0 double clic \u00e9conomisant l&#039;eau.\" \/>\n<meta property=\"og:url\" content=\"https:\/\/www.bagnoitalia.com\/fr\/produit\/huber-mixer-for-kitchen-sink-with-energy-saving-system-rb108-2.html\" \/>\n<meta property=\"og:site_name\" content=\"Bagno Italia\" \/>\n<meta property=\"og:image\" content=\"https:\/\/img.bagnoitalia.com\/wp-content\/uploads\/virtuemart\/product\/huber-mixer-for-kitchen-sink.jpg\" \/>\n\t<meta property=\"og:image:width\" content=\"550\" \/>\n\t<meta property=\"og:image:height\" content=\"550\" \/>\n\t<meta property=\"og:image:type\" content=\"image\/jpeg\" \/>\n<meta name=\"twitter:card\" content=\"summary_large_image\" \/>\n<script type=\"application\/ld+json\" class=\"yoast-schema-graph\">{\"@context\":\"https:\/\/schema.org\",\"@graph\":[{\"@type\":\"WebPage\",\"@id\":\"https:\/\/www.bagnoitalia.com\/fr\/produit\/huber-mixer-for-kitchen-sink-with-energy-saving-system-rb108-2.html\",\"url\":\"https:\/\/www.bagnoitalia.com\/fr\/produit\/huber-mixer-for-kitchen-sink-with-energy-saving-system-rb108-2.html\",\"name\":\"Huber m\u00e9langeur d'\u00e9vier de cuisine avec syst\u00e8me d'\u00e9conomie d'\u00e9nergie RB108 - Bagno Italia\",\"isPartOf\":{\"@id\":\"https:\/\/www.bagnoitalia.com\/fr#website\"},\"primaryImageOfPage\":{\"@id\":\"https:\/\/www.bagnoitalia.com\/fr\/produit\/huber-mixer-for-kitchen-sink-with-energy-saving-system-rb108-2.html#primaryimage\"},\"image\":{\"@id\":\"https:\/\/www.bagnoitalia.com\/fr\/produit\/huber-mixer-for-kitchen-sink-with-energy-saving-system-rb108-2.html#primaryimage\"},\"thumbnailUrl\":\"https:\/\/img.bagnoitalia.com\/wp-content\/uploads\/virtuemart\/product\/huber-mixer-for-kitchen-sink.jpg\",\"datePublished\":\"2022-09-20T10:47:04+00:00\",\"breadcrumb\":{\"@id\":\"https:\/\/www.bagnoitalia.com\/fr\/produit\/huber-mixer-for-kitchen-sink-with-energy-saving-system-rb108-2.html#breadcrumb\"},\"inLanguage\":\"fr-FR\",\"potentialAction\":[{\"@type\":\"ReadAction\",\"target\":[\"https:\/\/www.bagnoitalia.com\/fr\/produit\/huber-mixer-for-kitchen-sink-with-energy-saving-system-rb108-2.html\"]}]},{\"@type\":\"ImageObject\",\"inLanguage\":\"fr-FR\",\"@id\":\"https:\/\/www.bagnoitalia.com\/fr\/produit\/huber-mixer-for-kitchen-sink-with-energy-saving-system-rb108-2.html#primaryimage\",\"url\":\"https:\/\/img.bagnoitalia.com\/wp-content\/uploads\/virtuemart\/product\/huber-mixer-for-kitchen-sink.jpg\",\"contentUrl\":\"https:\/\/img.bagnoitalia.com\/wp-content\/uploads\/virtuemart\/product\/huber-mixer-for-kitchen-sink.jpg\",\"width\":550,\"height\":550},{\"@type\":\"BreadcrumbList\",\"@id\":\"https:\/\/www.bagnoitalia.com\/fr\/produit\/huber-mixer-for-kitchen-sink-with-energy-saving-system-rb108-2.html#breadcrumb\",\"itemListElement\":[{\"@type\":\"ListItem\",\"position\":1,\"name\":\"Home\",\"item\":\"https:\/\/www.bagnoitalia.com\/fr\"},{\"@type\":\"ListItem\",\"position\":2,\"name\":\"Produits\",\"item\":\"https:\/\/www.bagnoitalia.com\/fr\/shop\"},{\"@type\":\"ListItem\",\"position\":3,\"name\":\"Huber m\u00e9langeur d&#8217;\u00e9vier de cuisine avec syst\u00e8me d&#8217;\u00e9conomie d&#8217;\u00e9nergie RB108\"}]},{\"@type\":\"WebSite\",\"@id\":\"https:\/\/www.bagnoitalia.com\/fr#website\",\"url\":\"https:\/\/www.bagnoitalia.com\/fr\",\"name\":\"Bagno Italia\",\"description\":\"\",\"publisher\":{\"@id\":\"https:\/\/www.bagnoitalia.com\/fr#organization\"},\"potentialAction\":[{\"@type\":\"SearchAction\",\"target\":{\"@type\":\"EntryPoint\",\"urlTemplate\":\"https:\/\/www.bagnoitalia.com\/fr?s={search_term_string}\"},\"query-input\":{\"@type\":\"PropertyValueSpecification\",\"valueRequired\":true,\"valueName\":\"search_term_string\"}}],\"inLanguage\":\"fr-FR\"},{\"@type\":\"Organization\",\"@id\":\"https:\/\/www.bagnoitalia.com\/fr#organization\",\"name\":\"Bagno Italia\",\"url\":\"https:\/\/www.bagnoitalia.com\/fr\",\"logo\":{\"@type\":\"ImageObject\",\"inLanguage\":\"fr-FR\",\"@id\":\"https:\/\/www.bagnoitalia.com\/fr#\/schema\/logo\/image\/\",\"url\":\"https:\/\/img.bagnoitalia.com\/wp-content\/uploads\/logo-bagnoitalia.webp\",\"contentUrl\":\"https:\/\/img.bagnoitalia.com\/wp-content\/uploads\/logo-bagnoitalia.webp\",\"width\":400,\"height\":70,\"caption\":\"Bagno Italia\"},\"image\":{\"@id\":\"https:\/\/www.bagnoitalia.com\/fr#\/schema\/logo\/image\/\"}}]}<\/script>\n<!-- \/ Yoast SEO plugin. -->","yoast_head_json":{"title":"Huber m\u00e9langeur d'\u00e9vier de cuisine avec syst\u00e8me d'\u00e9conomie d'\u00e9nergie RB108 - Bagno Italia","robots":{"index":"index","follow":"follow","max-snippet":"max-snippet:-1","max-image-preview":"max-image-preview:large","max-video-preview":"max-video-preview:-1"},"canonical":"https:\/\/www.bagnoitalia.com\/fr\/produit\/huber-mixer-for-kitchen-sink-with-energy-saving-system-rb108-2.html","og_locale":"fr_FR","og_type":"article","og_title":"Huber m\u00e9langeur d'\u00e9vier de cuisine avec syst\u00e8me d'\u00e9conomie d'\u00e9nergie RB108 - Bagno Italia","og_description":"Robinet \u00e0 col haut pour \u00e9vier de cuisine ; poign\u00e9e de robinet \u00e0 double clic \u00e9conomisant l'eau.","og_url":"https:\/\/www.bagnoitalia.com\/fr\/produit\/huber-mixer-for-kitchen-sink-with-energy-saving-system-rb108-2.html","og_site_name":"Bagno Italia","og_image":[{"width":550,"height":550,"url":"https:\/\/img.bagnoitalia.com\/wp-content\/uploads\/virtuemart\/product\/huber-mixer-for-kitchen-sink.jpg","type":"image\/jpeg"}],"twitter_card":"summary_large_image","schema":{"@context":"https:\/\/schema.org","@graph":[{"@type":"WebPage","@id":"https:\/\/www.bagnoitalia.com\/fr\/produit\/huber-mixer-for-kitchen-sink-with-energy-saving-system-rb108-2.html","url":"https:\/\/www.bagnoitalia.com\/fr\/produit\/huber-mixer-for-kitchen-sink-with-energy-saving-system-rb108-2.html","name":"Huber m\u00e9langeur d'\u00e9vier de cuisine avec syst\u00e8me d'\u00e9conomie d'\u00e9nergie RB108 - Bagno Italia","isPartOf":{"@id":"https:\/\/www.bagnoitalia.com\/fr#website"},"primaryImageOfPage":{"@id":"https:\/\/www.bagnoitalia.com\/fr\/produit\/huber-mixer-for-kitchen-sink-with-energy-saving-system-rb108-2.html#primaryimage"},"image":{"@id":"https:\/\/www.bagnoitalia.com\/fr\/produit\/huber-mixer-for-kitchen-sink-with-energy-saving-system-rb108-2.html#primaryimage"},"thumbnailUrl":"https:\/\/img.bagnoitalia.com\/wp-content\/uploads\/virtuemart\/product\/huber-mixer-for-kitchen-sink.jpg","datePublished":"2022-09-20T10:47:04+00:00","breadcrumb":{"@id":"https:\/\/www.bagnoitalia.com\/fr\/produit\/huber-mixer-for-kitchen-sink-with-energy-saving-system-rb108-2.html#breadcrumb"},"inLanguage":"fr-FR","potentialAction":[{"@type":"ReadAction","target":["https:\/\/www.bagnoitalia.com\/fr\/produit\/huber-mixer-for-kitchen-sink-with-energy-saving-system-rb108-2.html"]}]},{"@type":"ImageObject","inLanguage":"fr-FR","@id":"https:\/\/www.bagnoitalia.com\/fr\/produit\/huber-mixer-for-kitchen-sink-with-energy-saving-system-rb108-2.html#primaryimage","url":"https:\/\/img.bagnoitalia.com\/wp-content\/uploads\/virtuemart\/product\/huber-mixer-for-kitchen-sink.jpg","contentUrl":"https:\/\/img.bagnoitalia.com\/wp-content\/uploads\/virtuemart\/product\/huber-mixer-for-kitchen-sink.jpg","width":550,"height":550},{"@type":"BreadcrumbList","@id":"https:\/\/www.bagnoitalia.com\/fr\/produit\/huber-mixer-for-kitchen-sink-with-energy-saving-system-rb108-2.html#breadcrumb","itemListElement":[{"@type":"ListItem","position":1,"name":"Home","item":"https:\/\/www.bagnoitalia.com\/fr"},{"@type":"ListItem","position":2,"name":"Produits","item":"https:\/\/www.bagnoitalia.com\/fr\/shop"},{"@type":"ListItem","position":3,"name":"Huber m\u00e9langeur d&#8217;\u00e9vier de cuisine avec syst\u00e8me d&#8217;\u00e9conomie d&#8217;\u00e9nergie RB108"}]},{"@type":"WebSite","@id":"https:\/\/www.bagnoitalia.com\/fr#website","url":"https:\/\/www.bagnoitalia.com\/fr","name":"Bagno Italia","description":"","publisher":{"@id":"https:\/\/www.bagnoitalia.com\/fr#organization"},"potentialAction":[{"@type":"SearchAction","target":{"@type":"EntryPoint","urlTemplate":"https:\/\/www.bagnoitalia.com\/fr?s={search_term_string}"},"query-input":{"@type":"PropertyValueSpecification","valueRequired":true,"valueName":"search_term_string"}}],"inLanguage":"fr-FR"},{"@type":"Organization","@id":"https:\/\/www.bagnoitalia.com\/fr#organization","name":"Bagno Italia","url":"https:\/\/www.bagnoitalia.com\/fr","logo":{"@type":"ImageObject","inLanguage":"fr-FR","@id":"https:\/\/www.bagnoitalia.com\/fr#\/schema\/logo\/image\/","url":"https:\/\/img.bagnoitalia.com\/wp-content\/uploads\/logo-bagnoitalia.webp","contentUrl":"https:\/\/img.bagnoitalia.com\/wp-content\/uploads\/logo-bagnoitalia.webp","width":400,"height":70,"caption":"Bagno Italia"},"image":{"@id":"https:\/\/www.bagnoitalia.com\/fr#\/schema\/logo\/image\/"}}]}},"_links":{"self":[{"href":"https:\/\/www.bagnoitalia.com\/fr\/wp-json\/wp\/v2\/product\/82552","targetHints":{"allow":["GET"]}}],"collection":[{"href":"https:\/\/www.bagnoitalia.com\/fr\/wp-json\/wp\/v2\/product"}],"about":[{"href":"https:\/\/www.bagnoitalia.com\/fr\/wp-json\/wp\/v2\/types\/product"}],"replies":[{"embeddable":true,"href":"https:\/\/www.bagnoitalia.com\/fr\/wp-json\/wp\/v2\/comments?post=82552"}],"version-history":[{"count":0,"href":"https:\/\/www.bagnoitalia.com\/fr\/wp-json\/wp\/v2\/product\/82552\/revisions"}],"wp:featuredmedia":[{"embeddable":true,"href":"https:\/\/www.bagnoitalia.com\/fr\/wp-json\/wp\/v2\/media\/57484"}],"wp:attachment":[{"href":"https:\/\/www.bagnoitalia.com\/fr\/wp-json\/wp\/v2\/media?parent=82552"}],"wp:term":[{"taxonomy":"product_brand","embeddable":true,"href":"https:\/\/www.bagnoitalia.com\/fr\/wp-json\/wp\/v2\/product_brand?post=82552"},{"taxonomy":"product_cat","embeddable":true,"href":"https:\/\/www.bagnoitalia.com\/fr\/wp-json\/wp\/v2\/product_cat?post=82552"},{"taxonomy":"product_tag","embeddable":true,"href":"https:\/\/www.bagnoitalia.com\/fr\/wp-json\/wp\/v2\/product_tag?post=82552"}],"curies":[{"name":"wp","href":"https:\/\/api.w.org\/{rel}","templated":true}]}}