{"id":82511,"date":"2022-09-15T13:21:54","date_gmt":"2022-09-15T11:21:54","guid":{"rendered":"https:\/\/www.bagnoitalia.com\/product\/finnish-sauna-for-3-4-people-measures-180x180-cm-with-led-lights-and-bluetooth-connection-sn054-2"},"modified":"2022-09-15T13:21:54","modified_gmt":"2022-09-15T11:21:54","slug":"finnish-sauna-for-3-4-people-measures-180x180-cm-with-led-lights-and-bluetooth-connection-sn054-2","status":"publish","type":"product","link":"https:\/\/www.bagnoitalia.com\/fr\/produit\/finnish-sauna-for-3-4-people-measures-180x180-cm-with-led-lights-and-bluetooth-connection-sn054-2.html","title":{"rendered":"Sauna finlandais pour 3-4 personnes taille 180&#215;180 cm avec lumi\u00e8res LED et connexion Bluetooth SN054"},"content":{"rendered":"<p style=\"text-align: center;\"><span style=\"text-decoration: underline; color: #ff0000; font-size: 14pt;\"><strong>Sauna finlandais 180x180cm SN054<\/strong><\/span><\/p>\n<p>&nbsp;<\/p>\n<p><span style=\"text-decoration: underline;\"><strong>PRINCIPALES CARACT\u00c9RISTIQUES :<\/strong><\/span><\/p>\n<p>Sauna finlandais en pin pour 3-4 personnes<\/p>\n<p>Dimensions ext\u00e9rieures : 180x180xH210 cm<\/p>\n<p>Connexion Bluetooth<\/p>\n<p>Lampe d&rsquo;\u00e9clairage<\/p>\n<p>Lumi\u00e8re LED pour la chromoth\u00e9rapie (le long du p\u00e9rim\u00e8tre du toit)<\/p>\n<p>porte et paroi frontale en verre de 8 mm d&rsquo;\u00e9paisseur<\/p>\n<p>Poids : 352 kg<\/p>\n<p>Po\u00eale de 6 kW<\/p>\n<p>Alimentation \u00e9lectrique : 220 V<\/p>\n<p>&nbsp;<\/p>\n<p><span style=\"text-decoration: underline;\"><strong>ACCESSOIRES INCLUS<\/strong><\/span><\/p>\n<p>Panneau de commande num\u00e9rique<\/p>\n<p>Radio<\/p>\n<p>Banc double<\/p>\n<p>Thermo-hygrom\u00e8tre<\/p>\n<p>Seau en bois avec louche<\/p>\n<p>Sablier<\/p>\n<p>Po\u00eale avec pierres<\/p>\n<p>&nbsp;<\/p>\n<p>&nbsp;<\/p>\n","protected":false},"excerpt":{"rendered":"<p>Sauna en bois de pin finlandais, avec po\u00eale et pierres. Fonctions incluses : radio, Bluetooth, chromoth\u00e9rapie.<\/p>\n","protected":false},"featured_media":57087,"comment_status":"open","ping_status":"closed","template":"","meta":[],"product_brand":[5004],"product_cat":[10115],"product_tag":[],"class_list":{"0":"post-82511","1":"product","2":"type-product","3":"status-publish","4":"has-post-thumbnail","6":"product_brand-vari-produttori","7":"product_cat-senza-categoria-fr","9":"first","10":"outofstock","11":"taxable","12":"shipping-taxable","13":"purchasable","14":"product-type-simple"},"exclude_global_add_ons":[],"addons":[],"yoast_head":"<!-- This site is optimized with the Yoast SEO plugin v26.7 - https:\/\/yoast.com\/wordpress\/plugins\/seo\/ -->\n<title>Sauna finlandais pour 3-4 personnes taille 180x180 cm avec lumi\u00e8res LED et connexion Bluetooth SN054 - Bagno Italia<\/title>\n<meta name=\"description\" content=\"Sauna en bois de pin finlandais, avec po\u00eale et pierres. Fonctions incluses : radio, Bluetooth, chromoth\u00e9rapie.\" \/>\n<meta name=\"robots\" content=\"index, follow, max-snippet:-1, max-image-preview:large, max-video-preview:-1\" \/>\n<link rel=\"canonical\" href=\"https:\/\/www.bagnoitalia.com\/fr\/produit\/finnish-sauna-for-3-4-people-measures-180x180-cm-with-led-lights-and-bluetooth-connection-sn054-2.html\" \/>\n<meta property=\"og:locale\" content=\"fr_FR\" \/>\n<meta property=\"og:type\" content=\"article\" \/>\n<meta property=\"og:title\" content=\"Sauna finlandais pour 3-4 personnes taille 180x180 cm avec lumi\u00e8res LED et connexion Bluetooth SN054 - Bagno Italia\" \/>\n<meta property=\"og:description\" content=\"Sauna en bois de pin finlandais, avec po\u00eale et pierres. Fonctions incluses : radio, Bluetooth, chromoth\u00e9rapie.\" \/>\n<meta property=\"og:url\" content=\"https:\/\/www.bagnoitalia.com\/fr\/produit\/finnish-sauna-for-3-4-people-measures-180x180-cm-with-led-lights-and-bluetooth-connection-sn054-2.html\" \/>\n<meta property=\"og:site_name\" content=\"Bagno Italia\" \/>\n<meta property=\"og:image\" content=\"https:\/\/img.bagnoitalia.com\/wp-content\/uploads\/virtuemart\/product\/finnish-sauna-for-3-4-people.jpg\" \/>\n\t<meta property=\"og:image:width\" content=\"550\" \/>\n\t<meta property=\"og:image:height\" content=\"550\" \/>\n\t<meta property=\"og:image:type\" content=\"image\/jpeg\" \/>\n<meta name=\"twitter:card\" content=\"summary_large_image\" \/>\n<script type=\"application\/ld+json\" class=\"yoast-schema-graph\">{\"@context\":\"https:\/\/schema.org\",\"@graph\":[{\"@type\":\"WebPage\",\"@id\":\"https:\/\/www.bagnoitalia.com\/fr\/produit\/finnish-sauna-for-3-4-people-measures-180x180-cm-with-led-lights-and-bluetooth-connection-sn054-2.html\",\"url\":\"https:\/\/www.bagnoitalia.com\/fr\/produit\/finnish-sauna-for-3-4-people-measures-180x180-cm-with-led-lights-and-bluetooth-connection-sn054-2.html\",\"name\":\"Sauna finlandais pour 3-4 personnes taille 180x180 cm avec lumi\u00e8res LED et connexion Bluetooth SN054 - Bagno Italia\",\"isPartOf\":{\"@id\":\"https:\/\/www.bagnoitalia.com\/fr#website\"},\"primaryImageOfPage\":{\"@id\":\"https:\/\/www.bagnoitalia.com\/fr\/produit\/finnish-sauna-for-3-4-people-measures-180x180-cm-with-led-lights-and-bluetooth-connection-sn054-2.html#primaryimage\"},\"image\":{\"@id\":\"https:\/\/www.bagnoitalia.com\/fr\/produit\/finnish-sauna-for-3-4-people-measures-180x180-cm-with-led-lights-and-bluetooth-connection-sn054-2.html#primaryimage\"},\"thumbnailUrl\":\"https:\/\/img.bagnoitalia.com\/wp-content\/uploads\/virtuemart\/product\/finnish-sauna-for-3-4-people.jpg\",\"datePublished\":\"2022-09-15T11:21:54+00:00\",\"description\":\"Sauna en bois de pin finlandais, avec po\u00eale et pierres. Fonctions incluses : radio, Bluetooth, chromoth\u00e9rapie.\",\"breadcrumb\":{\"@id\":\"https:\/\/www.bagnoitalia.com\/fr\/produit\/finnish-sauna-for-3-4-people-measures-180x180-cm-with-led-lights-and-bluetooth-connection-sn054-2.html#breadcrumb\"},\"inLanguage\":\"fr-FR\",\"potentialAction\":[{\"@type\":\"ReadAction\",\"target\":[\"https:\/\/www.bagnoitalia.com\/fr\/produit\/finnish-sauna-for-3-4-people-measures-180x180-cm-with-led-lights-and-bluetooth-connection-sn054-2.html\"]}]},{\"@type\":\"ImageObject\",\"inLanguage\":\"fr-FR\",\"@id\":\"https:\/\/www.bagnoitalia.com\/fr\/produit\/finnish-sauna-for-3-4-people-measures-180x180-cm-with-led-lights-and-bluetooth-connection-sn054-2.html#primaryimage\",\"url\":\"https:\/\/img.bagnoitalia.com\/wp-content\/uploads\/virtuemart\/product\/finnish-sauna-for-3-4-people.jpg\",\"contentUrl\":\"https:\/\/img.bagnoitalia.com\/wp-content\/uploads\/virtuemart\/product\/finnish-sauna-for-3-4-people.jpg\",\"width\":550,\"height\":550},{\"@type\":\"BreadcrumbList\",\"@id\":\"https:\/\/www.bagnoitalia.com\/fr\/produit\/finnish-sauna-for-3-4-people-measures-180x180-cm-with-led-lights-and-bluetooth-connection-sn054-2.html#breadcrumb\",\"itemListElement\":[{\"@type\":\"ListItem\",\"position\":1,\"name\":\"Home\",\"item\":\"https:\/\/www.bagnoitalia.com\/fr\"},{\"@type\":\"ListItem\",\"position\":2,\"name\":\"Produits\",\"item\":\"https:\/\/www.bagnoitalia.com\/fr\/shop\"},{\"@type\":\"ListItem\",\"position\":3,\"name\":\"Sauna finlandais pour 3-4 personnes taille 180&#215;180 cm avec lumi\u00e8res LED et connexion Bluetooth SN054\"}]},{\"@type\":\"WebSite\",\"@id\":\"https:\/\/www.bagnoitalia.com\/fr#website\",\"url\":\"https:\/\/www.bagnoitalia.com\/fr\",\"name\":\"Bagno Italia\",\"description\":\"\",\"publisher\":{\"@id\":\"https:\/\/www.bagnoitalia.com\/fr#organization\"},\"potentialAction\":[{\"@type\":\"SearchAction\",\"target\":{\"@type\":\"EntryPoint\",\"urlTemplate\":\"https:\/\/www.bagnoitalia.com\/fr?s={search_term_string}\"},\"query-input\":{\"@type\":\"PropertyValueSpecification\",\"valueRequired\":true,\"valueName\":\"search_term_string\"}}],\"inLanguage\":\"fr-FR\"},{\"@type\":\"Organization\",\"@id\":\"https:\/\/www.bagnoitalia.com\/fr#organization\",\"name\":\"Bagno Italia\",\"url\":\"https:\/\/www.bagnoitalia.com\/fr\",\"logo\":{\"@type\":\"ImageObject\",\"inLanguage\":\"fr-FR\",\"@id\":\"https:\/\/www.bagnoitalia.com\/fr#\/schema\/logo\/image\/\",\"url\":\"https:\/\/img.bagnoitalia.com\/wp-content\/uploads\/logo-bagnoitalia.webp\",\"contentUrl\":\"https:\/\/img.bagnoitalia.com\/wp-content\/uploads\/logo-bagnoitalia.webp\",\"width\":400,\"height\":70,\"caption\":\"Bagno Italia\"},\"image\":{\"@id\":\"https:\/\/www.bagnoitalia.com\/fr#\/schema\/logo\/image\/\"}}]}<\/script>\n<!-- \/ Yoast SEO plugin. -->","yoast_head_json":{"title":"Sauna finlandais pour 3-4 personnes taille 180x180 cm avec lumi\u00e8res LED et connexion Bluetooth SN054 - Bagno Italia","description":"Sauna en bois de pin finlandais, avec po\u00eale et pierres. Fonctions incluses : radio, Bluetooth, chromoth\u00e9rapie.","robots":{"index":"index","follow":"follow","max-snippet":"max-snippet:-1","max-image-preview":"max-image-preview:large","max-video-preview":"max-video-preview:-1"},"canonical":"https:\/\/www.bagnoitalia.com\/fr\/produit\/finnish-sauna-for-3-4-people-measures-180x180-cm-with-led-lights-and-bluetooth-connection-sn054-2.html","og_locale":"fr_FR","og_type":"article","og_title":"Sauna finlandais pour 3-4 personnes taille 180x180 cm avec lumi\u00e8res LED et connexion Bluetooth SN054 - Bagno Italia","og_description":"Sauna en bois de pin finlandais, avec po\u00eale et pierres. Fonctions incluses : radio, Bluetooth, chromoth\u00e9rapie.","og_url":"https:\/\/www.bagnoitalia.com\/fr\/produit\/finnish-sauna-for-3-4-people-measures-180x180-cm-with-led-lights-and-bluetooth-connection-sn054-2.html","og_site_name":"Bagno Italia","og_image":[{"width":550,"height":550,"url":"https:\/\/img.bagnoitalia.com\/wp-content\/uploads\/virtuemart\/product\/finnish-sauna-for-3-4-people.jpg","type":"image\/jpeg"}],"twitter_card":"summary_large_image","schema":{"@context":"https:\/\/schema.org","@graph":[{"@type":"WebPage","@id":"https:\/\/www.bagnoitalia.com\/fr\/produit\/finnish-sauna-for-3-4-people-measures-180x180-cm-with-led-lights-and-bluetooth-connection-sn054-2.html","url":"https:\/\/www.bagnoitalia.com\/fr\/produit\/finnish-sauna-for-3-4-people-measures-180x180-cm-with-led-lights-and-bluetooth-connection-sn054-2.html","name":"Sauna finlandais pour 3-4 personnes taille 180x180 cm avec lumi\u00e8res LED et connexion Bluetooth SN054 - Bagno Italia","isPartOf":{"@id":"https:\/\/www.bagnoitalia.com\/fr#website"},"primaryImageOfPage":{"@id":"https:\/\/www.bagnoitalia.com\/fr\/produit\/finnish-sauna-for-3-4-people-measures-180x180-cm-with-led-lights-and-bluetooth-connection-sn054-2.html#primaryimage"},"image":{"@id":"https:\/\/www.bagnoitalia.com\/fr\/produit\/finnish-sauna-for-3-4-people-measures-180x180-cm-with-led-lights-and-bluetooth-connection-sn054-2.html#primaryimage"},"thumbnailUrl":"https:\/\/img.bagnoitalia.com\/wp-content\/uploads\/virtuemart\/product\/finnish-sauna-for-3-4-people.jpg","datePublished":"2022-09-15T11:21:54+00:00","description":"Sauna en bois de pin finlandais, avec po\u00eale et pierres. Fonctions incluses : radio, Bluetooth, chromoth\u00e9rapie.","breadcrumb":{"@id":"https:\/\/www.bagnoitalia.com\/fr\/produit\/finnish-sauna-for-3-4-people-measures-180x180-cm-with-led-lights-and-bluetooth-connection-sn054-2.html#breadcrumb"},"inLanguage":"fr-FR","potentialAction":[{"@type":"ReadAction","target":["https:\/\/www.bagnoitalia.com\/fr\/produit\/finnish-sauna-for-3-4-people-measures-180x180-cm-with-led-lights-and-bluetooth-connection-sn054-2.html"]}]},{"@type":"ImageObject","inLanguage":"fr-FR","@id":"https:\/\/www.bagnoitalia.com\/fr\/produit\/finnish-sauna-for-3-4-people-measures-180x180-cm-with-led-lights-and-bluetooth-connection-sn054-2.html#primaryimage","url":"https:\/\/img.bagnoitalia.com\/wp-content\/uploads\/virtuemart\/product\/finnish-sauna-for-3-4-people.jpg","contentUrl":"https:\/\/img.bagnoitalia.com\/wp-content\/uploads\/virtuemart\/product\/finnish-sauna-for-3-4-people.jpg","width":550,"height":550},{"@type":"BreadcrumbList","@id":"https:\/\/www.bagnoitalia.com\/fr\/produit\/finnish-sauna-for-3-4-people-measures-180x180-cm-with-led-lights-and-bluetooth-connection-sn054-2.html#breadcrumb","itemListElement":[{"@type":"ListItem","position":1,"name":"Home","item":"https:\/\/www.bagnoitalia.com\/fr"},{"@type":"ListItem","position":2,"name":"Produits","item":"https:\/\/www.bagnoitalia.com\/fr\/shop"},{"@type":"ListItem","position":3,"name":"Sauna finlandais pour 3-4 personnes taille 180&#215;180 cm avec lumi\u00e8res LED et connexion Bluetooth SN054"}]},{"@type":"WebSite","@id":"https:\/\/www.bagnoitalia.com\/fr#website","url":"https:\/\/www.bagnoitalia.com\/fr","name":"Bagno Italia","description":"","publisher":{"@id":"https:\/\/www.bagnoitalia.com\/fr#organization"},"potentialAction":[{"@type":"SearchAction","target":{"@type":"EntryPoint","urlTemplate":"https:\/\/www.bagnoitalia.com\/fr?s={search_term_string}"},"query-input":{"@type":"PropertyValueSpecification","valueRequired":true,"valueName":"search_term_string"}}],"inLanguage":"fr-FR"},{"@type":"Organization","@id":"https:\/\/www.bagnoitalia.com\/fr#organization","name":"Bagno Italia","url":"https:\/\/www.bagnoitalia.com\/fr","logo":{"@type":"ImageObject","inLanguage":"fr-FR","@id":"https:\/\/www.bagnoitalia.com\/fr#\/schema\/logo\/image\/","url":"https:\/\/img.bagnoitalia.com\/wp-content\/uploads\/logo-bagnoitalia.webp","contentUrl":"https:\/\/img.bagnoitalia.com\/wp-content\/uploads\/logo-bagnoitalia.webp","width":400,"height":70,"caption":"Bagno Italia"},"image":{"@id":"https:\/\/www.bagnoitalia.com\/fr#\/schema\/logo\/image\/"}}]}},"_links":{"self":[{"href":"https:\/\/www.bagnoitalia.com\/fr\/wp-json\/wp\/v2\/product\/82511","targetHints":{"allow":["GET"]}}],"collection":[{"href":"https:\/\/www.bagnoitalia.com\/fr\/wp-json\/wp\/v2\/product"}],"about":[{"href":"https:\/\/www.bagnoitalia.com\/fr\/wp-json\/wp\/v2\/types\/product"}],"replies":[{"embeddable":true,"href":"https:\/\/www.bagnoitalia.com\/fr\/wp-json\/wp\/v2\/comments?post=82511"}],"version-history":[{"count":0,"href":"https:\/\/www.bagnoitalia.com\/fr\/wp-json\/wp\/v2\/product\/82511\/revisions"}],"wp:featuredmedia":[{"embeddable":true,"href":"https:\/\/www.bagnoitalia.com\/fr\/wp-json\/wp\/v2\/media\/57087"}],"wp:attachment":[{"href":"https:\/\/www.bagnoitalia.com\/fr\/wp-json\/wp\/v2\/media?parent=82511"}],"wp:term":[{"taxonomy":"product_brand","embeddable":true,"href":"https:\/\/www.bagnoitalia.com\/fr\/wp-json\/wp\/v2\/product_brand?post=82511"},{"taxonomy":"product_cat","embeddable":true,"href":"https:\/\/www.bagnoitalia.com\/fr\/wp-json\/wp\/v2\/product_cat?post=82511"},{"taxonomy":"product_tag","embeddable":true,"href":"https:\/\/www.bagnoitalia.com\/fr\/wp-json\/wp\/v2\/product_tag?post=82511"}],"curies":[{"name":"wp","href":"https:\/\/api.w.org\/{rel}","templated":true}]}}