{"id":82389,"date":"2022-08-29T15:23:32","date_gmt":"2022-08-29T13:23:32","guid":{"rendered":"https:\/\/www.bagnoitalia.com\/product\/hydromassage-hot-tub-210x170-cm-with-41-air-and-water-jets-ozone-therapy-chromotherapy-6-8-seats-mp38-2"},"modified":"2024-09-23T14:27:56","modified_gmt":"2024-09-23T12:27:56","slug":"hydromassage-hot-tub-210x170-cm-with-41-air-and-water-jets-ozone-therapy-chromotherapy-6-8-seats-mp38-2","status":"publish","type":"product","link":"https:\/\/www.bagnoitalia.com\/fr\/produit\/hydromassage-hot-tub-210x170-cm-with-41-air-and-water-jets-ozone-therapy-chromotherapy-6-8-seats-mp38-2.html","title":{"rendered":"Mini whirlpool 210&#215;170 cm avec 41 jets d&rsquo;air et d&rsquo;eau th\u00e9rapie par l&rsquo;ozone et les couleurs 6-8 places MP38"},"content":{"rendered":"<p style=\"text-align: center;\"><span style=\"text-decoration: underline; color: #ff0000;\"><strong>SPA COMPLET EN OPTION MP38<\/strong><\/span><\/p>\n<p>&nbsp;<\/p>\n<p>CARACT\u00c9RISTIQUES DU PRODUIT<\/p>\n<p>Baignoire d&rsquo;hydromassage ext\u00e9rieure rectangulaire<\/p>\n<p>Dimensions ext\u00e9rieures : 210x170xH80 cm<\/p>\n<p>Capacit\u00e9 maximale 6-8 personnes<\/p>\n<p>4 coussins appui-t\u00eate<\/p>\n<p>3 pompes d&rsquo;hydromassage (2 \u00e0 eau et 1 \u00e0 air)<\/p>\n<p>41 Jets dont<\/p>\n<p>16 petits en laiton<br \/>\n10 gros chromes<br \/>\n15 valves d&rsquo;air plac\u00e9es au fond du r\u00e9servoir<br \/>\nPanneau de contr\u00f4le<\/p>\n<p>connexion Bluetooth<\/p>\n<p>chromoth\u00e9rapie et lumi\u00e8re pour l&rsquo;\u00e9clairage<\/p>\n<p>bou\u00e9e de sauvetage \u00e9lectrique<\/p>\n<p>radio avec haut-parleurs<\/p>\n<p>radiateur thermostatique<\/p>\n<p>robinets<\/p>\n<p>&nbsp;<\/p>\n<p>&nbsp;<\/p>\n<p>MAT\u00c9RIAUX ET AUTRES D\u00c9TAILS<\/p>\n<p>Structure : acier galvanis\u00e9<\/p>\n<p>Rev\u00eatement ext\u00e9rieur : 4 couches de r\u00e9sine ABS<\/p>\n<p>Coque : fibre de verre 2 cm<\/p>\n<p>capacit\u00e9 maximale : 980 L<\/p>\n<p>Pompes \u00e0 eau 2 CV<\/p>\n<p>Pompe \u00e0 air de 0,50 CV<\/p>\n<p>&nbsp;<\/p>\n","protected":false},"excerpt":{"rendered":"<p>Bain \u00e0 remous ext\u00e9rieur avec 4 appuie-t\u00eate, lumi\u00e8res LED, 3 pompes de bain \u00e0 remous (1 air et 2 eau), g\u00e9n\u00e9rateur d&rsquo;ozone, chauffage.<\/p>\n","protected":false},"featured_media":55929,"comment_status":"open","ping_status":"closed","template":"","meta":[],"product_brand":[9924],"product_cat":[10069],"product_tag":[],"class_list":{"0":"post-82389","1":"product","2":"type-product","3":"status-publish","4":"has-post-thumbnail","6":"product_brand-predator-arredo-casa-fr","7":"product_cat-piscines-exterieures-a-hydromassage","9":"first","10":"instock","11":"sale","12":"taxable","13":"shipping-taxable","14":"purchasable","15":"product-type-simple"},"exclude_global_add_ons":false,"addons":[{"name":"Typologie","type":"multiple_choice","position":0,"required":true,"title_format":"heading","default":"","description_enable":false,"description":"","placeholder_enable":false,"placeholder":"","display":"select","restrictions_type":"any_text","adjust_price":false,"price":"","price_type":"flat_fee","restrictions":false,"min":"0","max":"0","options":[{"label":"Sans \u00e9chelle","price":"","price_type":"quantity_based","image":0,"visibility":true},{"label":"Avec \u00e9chelle","price":"229","price_type":"quantity_based","image":0,"visibility":true}],"id":1716219363}],"yoast_head":"<!-- This site is optimized with the Yoast SEO plugin v26.7 - https:\/\/yoast.com\/wordpress\/plugins\/seo\/ -->\n<title>Mini whirlpool 210x170 cm avec 41 jets d&#039;air et d&#039;eau th\u00e9rapie par l&#039;ozone et les couleurs 6-8 places MP38 - Bagno Italia<\/title>\n<meta name=\"description\" content=\"Bain \u00e0 remous ext\u00e9rieur avec 4 appuie-t\u00eate, lumi\u00e8res LED, 3 pompes de bain \u00e0 remous (1 air et 2 eau), g\u00e9n\u00e9rateur d&#039;ozone, chauffage.\" \/>\n<meta name=\"robots\" content=\"index, follow, max-snippet:-1, max-image-preview:large, max-video-preview:-1\" \/>\n<link rel=\"canonical\" href=\"https:\/\/www.bagnoitalia.com\/fr\/produit\/hydromassage-hot-tub-210x170-cm-with-41-air-and-water-jets-ozone-therapy-chromotherapy-6-8-seats-mp38-2.html\" \/>\n<meta property=\"og:locale\" content=\"fr_FR\" \/>\n<meta property=\"og:type\" content=\"article\" \/>\n<meta property=\"og:title\" content=\"Mini whirlpool 210x170 cm avec 41 jets d&#039;air et d&#039;eau th\u00e9rapie par l&#039;ozone et les couleurs 6-8 places MP38 - Bagno Italia\" \/>\n<meta property=\"og:description\" content=\"Bain \u00e0 remous ext\u00e9rieur avec 4 appuie-t\u00eate, lumi\u00e8res LED, 3 pompes de bain \u00e0 remous (1 air et 2 eau), g\u00e9n\u00e9rateur d&#039;ozone, chauffage.\" \/>\n<meta property=\"og:url\" content=\"https:\/\/www.bagnoitalia.com\/fr\/produit\/hydromassage-hot-tub-210x170-cm-with-41-air-and-water-jets-ozone-therapy-chromotherapy-6-8-seats-mp38-2.html\" \/>\n<meta property=\"og:site_name\" content=\"Bagno Italia\" \/>\n<meta property=\"article:modified_time\" content=\"2024-09-23T12:27:56+00:00\" \/>\n<meta property=\"og:image\" content=\"https:\/\/img.bagnoitalia.com\/wp-content\/uploads\/virtuemart\/product\/hydromassage-hot-tub-210x170-cm.jpg\" \/>\n\t<meta property=\"og:image:width\" content=\"549\" \/>\n\t<meta property=\"og:image:height\" content=\"550\" \/>\n\t<meta property=\"og:image:type\" content=\"image\/jpeg\" \/>\n<meta name=\"twitter:card\" content=\"summary_large_image\" \/>\n<meta name=\"twitter:label1\" content=\"Dur\u00e9e de lecture estim\u00e9e\" \/>\n\t<meta name=\"twitter:data1\" content=\"1 minute\" \/>\n<script type=\"application\/ld+json\" class=\"yoast-schema-graph\">{\"@context\":\"https:\/\/schema.org\",\"@graph\":[{\"@type\":\"WebPage\",\"@id\":\"https:\/\/www.bagnoitalia.com\/fr\/produit\/hydromassage-hot-tub-210x170-cm-with-41-air-and-water-jets-ozone-therapy-chromotherapy-6-8-seats-mp38-2.html\",\"url\":\"https:\/\/www.bagnoitalia.com\/fr\/produit\/hydromassage-hot-tub-210x170-cm-with-41-air-and-water-jets-ozone-therapy-chromotherapy-6-8-seats-mp38-2.html\",\"name\":\"Mini whirlpool 210x170 cm avec 41 jets d'air et d'eau th\u00e9rapie par l'ozone et les couleurs 6-8 places MP38 - Bagno Italia\",\"isPartOf\":{\"@id\":\"https:\/\/www.bagnoitalia.com\/fr#website\"},\"primaryImageOfPage\":{\"@id\":\"https:\/\/www.bagnoitalia.com\/fr\/produit\/hydromassage-hot-tub-210x170-cm-with-41-air-and-water-jets-ozone-therapy-chromotherapy-6-8-seats-mp38-2.html#primaryimage\"},\"image\":{\"@id\":\"https:\/\/www.bagnoitalia.com\/fr\/produit\/hydromassage-hot-tub-210x170-cm-with-41-air-and-water-jets-ozone-therapy-chromotherapy-6-8-seats-mp38-2.html#primaryimage\"},\"thumbnailUrl\":\"https:\/\/img.bagnoitalia.com\/wp-content\/uploads\/virtuemart\/product\/hydromassage-hot-tub-210x170-cm.jpg\",\"datePublished\":\"2022-08-29T13:23:32+00:00\",\"dateModified\":\"2024-09-23T12:27:56+00:00\",\"description\":\"Bain \u00e0 remous ext\u00e9rieur avec 4 appuie-t\u00eate, lumi\u00e8res LED, 3 pompes de bain \u00e0 remous (1 air et 2 eau), g\u00e9n\u00e9rateur d'ozone, chauffage.\",\"breadcrumb\":{\"@id\":\"https:\/\/www.bagnoitalia.com\/fr\/produit\/hydromassage-hot-tub-210x170-cm-with-41-air-and-water-jets-ozone-therapy-chromotherapy-6-8-seats-mp38-2.html#breadcrumb\"},\"inLanguage\":\"fr-FR\",\"potentialAction\":[{\"@type\":\"ReadAction\",\"target\":[\"https:\/\/www.bagnoitalia.com\/fr\/produit\/hydromassage-hot-tub-210x170-cm-with-41-air-and-water-jets-ozone-therapy-chromotherapy-6-8-seats-mp38-2.html\"]}]},{\"@type\":\"ImageObject\",\"inLanguage\":\"fr-FR\",\"@id\":\"https:\/\/www.bagnoitalia.com\/fr\/produit\/hydromassage-hot-tub-210x170-cm-with-41-air-and-water-jets-ozone-therapy-chromotherapy-6-8-seats-mp38-2.html#primaryimage\",\"url\":\"https:\/\/img.bagnoitalia.com\/wp-content\/uploads\/virtuemart\/product\/hydromassage-hot-tub-210x170-cm.jpg\",\"contentUrl\":\"https:\/\/img.bagnoitalia.com\/wp-content\/uploads\/virtuemart\/product\/hydromassage-hot-tub-210x170-cm.jpg\",\"width\":549,\"height\":550},{\"@type\":\"BreadcrumbList\",\"@id\":\"https:\/\/www.bagnoitalia.com\/fr\/produit\/hydromassage-hot-tub-210x170-cm-with-41-air-and-water-jets-ozone-therapy-chromotherapy-6-8-seats-mp38-2.html#breadcrumb\",\"itemListElement\":[{\"@type\":\"ListItem\",\"position\":1,\"name\":\"Home\",\"item\":\"https:\/\/www.bagnoitalia.com\/fr\"},{\"@type\":\"ListItem\",\"position\":2,\"name\":\"Produits\",\"item\":\"https:\/\/www.bagnoitalia.com\/fr\/shop\"},{\"@type\":\"ListItem\",\"position\":3,\"name\":\"Mini whirlpool 210&#215;170 cm avec 41 jets d&#8217;air et d&#8217;eau th\u00e9rapie par l&#8217;ozone et les couleurs 6-8 places MP38\"}]},{\"@type\":\"WebSite\",\"@id\":\"https:\/\/www.bagnoitalia.com\/fr#website\",\"url\":\"https:\/\/www.bagnoitalia.com\/fr\",\"name\":\"Bagno Italia\",\"description\":\"\",\"publisher\":{\"@id\":\"https:\/\/www.bagnoitalia.com\/fr#organization\"},\"potentialAction\":[{\"@type\":\"SearchAction\",\"target\":{\"@type\":\"EntryPoint\",\"urlTemplate\":\"https:\/\/www.bagnoitalia.com\/fr?s={search_term_string}\"},\"query-input\":{\"@type\":\"PropertyValueSpecification\",\"valueRequired\":true,\"valueName\":\"search_term_string\"}}],\"inLanguage\":\"fr-FR\"},{\"@type\":\"Organization\",\"@id\":\"https:\/\/www.bagnoitalia.com\/fr#organization\",\"name\":\"Bagno Italia\",\"url\":\"https:\/\/www.bagnoitalia.com\/fr\",\"logo\":{\"@type\":\"ImageObject\",\"inLanguage\":\"fr-FR\",\"@id\":\"https:\/\/www.bagnoitalia.com\/fr#\/schema\/logo\/image\/\",\"url\":\"https:\/\/img.bagnoitalia.com\/wp-content\/uploads\/logo-bagnoitalia.webp\",\"contentUrl\":\"https:\/\/img.bagnoitalia.com\/wp-content\/uploads\/logo-bagnoitalia.webp\",\"width\":400,\"height\":70,\"caption\":\"Bagno Italia\"},\"image\":{\"@id\":\"https:\/\/www.bagnoitalia.com\/fr#\/schema\/logo\/image\/\"}}]}<\/script>\n<!-- \/ Yoast SEO plugin. -->","yoast_head_json":{"title":"Mini whirlpool 210x170 cm avec 41 jets d'air et d'eau th\u00e9rapie par l'ozone et les couleurs 6-8 places MP38 - Bagno Italia","description":"Bain \u00e0 remous ext\u00e9rieur avec 4 appuie-t\u00eate, lumi\u00e8res LED, 3 pompes de bain \u00e0 remous (1 air et 2 eau), g\u00e9n\u00e9rateur d'ozone, chauffage.","robots":{"index":"index","follow":"follow","max-snippet":"max-snippet:-1","max-image-preview":"max-image-preview:large","max-video-preview":"max-video-preview:-1"},"canonical":"https:\/\/www.bagnoitalia.com\/fr\/produit\/hydromassage-hot-tub-210x170-cm-with-41-air-and-water-jets-ozone-therapy-chromotherapy-6-8-seats-mp38-2.html","og_locale":"fr_FR","og_type":"article","og_title":"Mini whirlpool 210x170 cm avec 41 jets d'air et d'eau th\u00e9rapie par l'ozone et les couleurs 6-8 places MP38 - Bagno Italia","og_description":"Bain \u00e0 remous ext\u00e9rieur avec 4 appuie-t\u00eate, lumi\u00e8res LED, 3 pompes de bain \u00e0 remous (1 air et 2 eau), g\u00e9n\u00e9rateur d'ozone, chauffage.","og_url":"https:\/\/www.bagnoitalia.com\/fr\/produit\/hydromassage-hot-tub-210x170-cm-with-41-air-and-water-jets-ozone-therapy-chromotherapy-6-8-seats-mp38-2.html","og_site_name":"Bagno Italia","article_modified_time":"2024-09-23T12:27:56+00:00","og_image":[{"width":549,"height":550,"url":"https:\/\/img.bagnoitalia.com\/wp-content\/uploads\/virtuemart\/product\/hydromassage-hot-tub-210x170-cm.jpg","type":"image\/jpeg"}],"twitter_card":"summary_large_image","twitter_misc":{"Dur\u00e9e de lecture estim\u00e9e":"1 minute"},"schema":{"@context":"https:\/\/schema.org","@graph":[{"@type":"WebPage","@id":"https:\/\/www.bagnoitalia.com\/fr\/produit\/hydromassage-hot-tub-210x170-cm-with-41-air-and-water-jets-ozone-therapy-chromotherapy-6-8-seats-mp38-2.html","url":"https:\/\/www.bagnoitalia.com\/fr\/produit\/hydromassage-hot-tub-210x170-cm-with-41-air-and-water-jets-ozone-therapy-chromotherapy-6-8-seats-mp38-2.html","name":"Mini whirlpool 210x170 cm avec 41 jets d'air et d'eau th\u00e9rapie par l'ozone et les couleurs 6-8 places MP38 - Bagno Italia","isPartOf":{"@id":"https:\/\/www.bagnoitalia.com\/fr#website"},"primaryImageOfPage":{"@id":"https:\/\/www.bagnoitalia.com\/fr\/produit\/hydromassage-hot-tub-210x170-cm-with-41-air-and-water-jets-ozone-therapy-chromotherapy-6-8-seats-mp38-2.html#primaryimage"},"image":{"@id":"https:\/\/www.bagnoitalia.com\/fr\/produit\/hydromassage-hot-tub-210x170-cm-with-41-air-and-water-jets-ozone-therapy-chromotherapy-6-8-seats-mp38-2.html#primaryimage"},"thumbnailUrl":"https:\/\/img.bagnoitalia.com\/wp-content\/uploads\/virtuemart\/product\/hydromassage-hot-tub-210x170-cm.jpg","datePublished":"2022-08-29T13:23:32+00:00","dateModified":"2024-09-23T12:27:56+00:00","description":"Bain \u00e0 remous ext\u00e9rieur avec 4 appuie-t\u00eate, lumi\u00e8res LED, 3 pompes de bain \u00e0 remous (1 air et 2 eau), g\u00e9n\u00e9rateur d'ozone, chauffage.","breadcrumb":{"@id":"https:\/\/www.bagnoitalia.com\/fr\/produit\/hydromassage-hot-tub-210x170-cm-with-41-air-and-water-jets-ozone-therapy-chromotherapy-6-8-seats-mp38-2.html#breadcrumb"},"inLanguage":"fr-FR","potentialAction":[{"@type":"ReadAction","target":["https:\/\/www.bagnoitalia.com\/fr\/produit\/hydromassage-hot-tub-210x170-cm-with-41-air-and-water-jets-ozone-therapy-chromotherapy-6-8-seats-mp38-2.html"]}]},{"@type":"ImageObject","inLanguage":"fr-FR","@id":"https:\/\/www.bagnoitalia.com\/fr\/produit\/hydromassage-hot-tub-210x170-cm-with-41-air-and-water-jets-ozone-therapy-chromotherapy-6-8-seats-mp38-2.html#primaryimage","url":"https:\/\/img.bagnoitalia.com\/wp-content\/uploads\/virtuemart\/product\/hydromassage-hot-tub-210x170-cm.jpg","contentUrl":"https:\/\/img.bagnoitalia.com\/wp-content\/uploads\/virtuemart\/product\/hydromassage-hot-tub-210x170-cm.jpg","width":549,"height":550},{"@type":"BreadcrumbList","@id":"https:\/\/www.bagnoitalia.com\/fr\/produit\/hydromassage-hot-tub-210x170-cm-with-41-air-and-water-jets-ozone-therapy-chromotherapy-6-8-seats-mp38-2.html#breadcrumb","itemListElement":[{"@type":"ListItem","position":1,"name":"Home","item":"https:\/\/www.bagnoitalia.com\/fr"},{"@type":"ListItem","position":2,"name":"Produits","item":"https:\/\/www.bagnoitalia.com\/fr\/shop"},{"@type":"ListItem","position":3,"name":"Mini whirlpool 210&#215;170 cm avec 41 jets d&#8217;air et d&#8217;eau th\u00e9rapie par l&#8217;ozone et les couleurs 6-8 places MP38"}]},{"@type":"WebSite","@id":"https:\/\/www.bagnoitalia.com\/fr#website","url":"https:\/\/www.bagnoitalia.com\/fr","name":"Bagno Italia","description":"","publisher":{"@id":"https:\/\/www.bagnoitalia.com\/fr#organization"},"potentialAction":[{"@type":"SearchAction","target":{"@type":"EntryPoint","urlTemplate":"https:\/\/www.bagnoitalia.com\/fr?s={search_term_string}"},"query-input":{"@type":"PropertyValueSpecification","valueRequired":true,"valueName":"search_term_string"}}],"inLanguage":"fr-FR"},{"@type":"Organization","@id":"https:\/\/www.bagnoitalia.com\/fr#organization","name":"Bagno Italia","url":"https:\/\/www.bagnoitalia.com\/fr","logo":{"@type":"ImageObject","inLanguage":"fr-FR","@id":"https:\/\/www.bagnoitalia.com\/fr#\/schema\/logo\/image\/","url":"https:\/\/img.bagnoitalia.com\/wp-content\/uploads\/logo-bagnoitalia.webp","contentUrl":"https:\/\/img.bagnoitalia.com\/wp-content\/uploads\/logo-bagnoitalia.webp","width":400,"height":70,"caption":"Bagno Italia"},"image":{"@id":"https:\/\/www.bagnoitalia.com\/fr#\/schema\/logo\/image\/"}}]}},"_links":{"self":[{"href":"https:\/\/www.bagnoitalia.com\/fr\/wp-json\/wp\/v2\/product\/82389","targetHints":{"allow":["GET"]}}],"collection":[{"href":"https:\/\/www.bagnoitalia.com\/fr\/wp-json\/wp\/v2\/product"}],"about":[{"href":"https:\/\/www.bagnoitalia.com\/fr\/wp-json\/wp\/v2\/types\/product"}],"replies":[{"embeddable":true,"href":"https:\/\/www.bagnoitalia.com\/fr\/wp-json\/wp\/v2\/comments?post=82389"}],"version-history":[{"count":3,"href":"https:\/\/www.bagnoitalia.com\/fr\/wp-json\/wp\/v2\/product\/82389\/revisions"}],"predecessor-version":[{"id":92355,"href":"https:\/\/www.bagnoitalia.com\/fr\/wp-json\/wp\/v2\/product\/82389\/revisions\/92355"}],"wp:featuredmedia":[{"embeddable":true,"href":"https:\/\/www.bagnoitalia.com\/fr\/wp-json\/wp\/v2\/media\/55929"}],"wp:attachment":[{"href":"https:\/\/www.bagnoitalia.com\/fr\/wp-json\/wp\/v2\/media?parent=82389"}],"wp:term":[{"taxonomy":"product_brand","embeddable":true,"href":"https:\/\/www.bagnoitalia.com\/fr\/wp-json\/wp\/v2\/product_brand?post=82389"},{"taxonomy":"product_cat","embeddable":true,"href":"https:\/\/www.bagnoitalia.com\/fr\/wp-json\/wp\/v2\/product_cat?post=82389"},{"taxonomy":"product_tag","embeddable":true,"href":"https:\/\/www.bagnoitalia.com\/fr\/wp-json\/wp\/v2\/product_tag?post=82389"}],"curies":[{"name":"wp","href":"https:\/\/api.w.org\/{rel}","templated":true}]}}