{"id":82362,"date":"2022-08-05T14:06:21","date_gmt":"2022-08-05T12:06:21","guid":{"rendered":"https:\/\/www.bagnoitalia.com\/product\/sauna-infrarouge-150x150-cm-8-irradiateurs-chromotherapie-aromatherapie-radio-sn051"},"modified":"2022-08-05T14:06:21","modified_gmt":"2022-08-05T12:06:21","slug":"sauna-infrarouge-150x150-cm-8-irradiateurs-chromotherapie-aromatherapie-radio-sn051","status":"publish","type":"product","link":"https:\/\/www.bagnoitalia.com\/fr\/produit\/sauna-infrarouge-150x150-cm-8-irradiateurs-chromotherapie-aromatherapie-radio-sn051.html","title":{"rendered":"Sauna infrarouge 150&#215;150 cm 8 irradiateurs chromoth\u00e9rapie aromath\u00e9rapie radio SN051"},"content":{"rendered":"<p style=\"text-align: center;\"><span style=\"text-decoration: underline; color: #ff0000; font-size: 14pt;\"><strong>Sauna \u00e0 infrarouge SN051<\/strong><\/span><\/p>\n<p>&nbsp;<\/p>\n<p><span style=\"text-decoration: underline;\"><strong>D\u00c9TAILS DU PRODUIT<\/strong><\/span><\/p>\n<p>Sauna \u00e0 infrarouge 150x150xH190<\/p>\n<p>en bois de Hemlock canadien<\/p>\n<p>avec 8 irradiateurs : 3 en carbone et 5 en c\u00e9ramique<\/p>\n<p>2 \u00e9crans de contr\u00f4le (1 \u00e0 l&rsquo;int\u00e9rieur et 1 \u00e0 l&rsquo;ext\u00e9rieur de la cabine)<\/p>\n<p>Puissance : 2760 W<\/p>\n<p>Temp\u00e9rature de 18 \u00e0 65\u00b0C<\/p>\n<p>Fonctions principales<\/p>\n<p>chromoth\u00e9rapie avec 7 variations de couleurs<\/p>\n<p>lumi\u00e8res LED int\u00e9rieures et ext\u00e9rieures<\/p>\n<p>aromath\u00e9rapie<\/p>\n<p>radio avec connexion usb et mp3<\/p>\n<p>&nbsp;<\/p>\n<p>&nbsp;<\/p>\n<p>&nbsp;<\/p>\n","protected":false},"excerpt":{"rendered":"<p>Sauna en bois de pruche de haute qualit\u00e9, \u00e9quip\u00e9 de 8 plaques infrarouges, dont 3 en carbone et 5 en c\u00e9ramique. \u00c9clairage LED interne et externe.<\/p>\n","protected":false},"featured_media":55646,"comment_status":"open","ping_status":"closed","template":"","meta":[],"product_brand":[9909],"product_cat":[9751],"product_tag":[],"class_list":{"0":"post-82362","1":"product","2":"type-product","3":"status-publish","4":"has-post-thumbnail","6":"product_brand-puntorelax-fr","7":"product_cat-saunas-infrarouges","9":"first","10":"instock","11":"sale","12":"taxable","13":"shipping-taxable","14":"purchasable","15":"product-type-simple"},"exclude_global_add_ons":[],"addons":[],"yoast_head":"<!-- This site is optimized with the Yoast SEO plugin v26.7 - https:\/\/yoast.com\/wordpress\/plugins\/seo\/ -->\n<title>Infrared sauna 150x150 cm 8 irradiators chromotherapy aromatherapy radio SN051<\/title>\n<meta name=\"description\" content=\"Sauna en bois de pruche de haute qualit\u00e9, \u00e9quip\u00e9 de 8 plaques infrarouges, dont 3 en carbone et 5 en c\u00e9ramique. \u00c9clairage LED interne et externe.\" \/>\n<meta name=\"robots\" content=\"index, follow, max-snippet:-1, max-image-preview:large, max-video-preview:-1\" \/>\n<link rel=\"canonical\" href=\"https:\/\/www.bagnoitalia.com\/fr\/produit\/sauna-infrarouge-150x150-cm-8-irradiateurs-chromotherapie-aromatherapie-radio-sn051.html\" \/>\n<meta property=\"og:locale\" content=\"fr_FR\" \/>\n<meta property=\"og:type\" content=\"article\" \/>\n<meta property=\"og:title\" content=\"Infrared sauna 150x150 cm 8 irradiators chromotherapy aromatherapy radio SN051\" \/>\n<meta property=\"og:description\" content=\"Sauna en bois de pruche de haute qualit\u00e9, \u00e9quip\u00e9 de 8 plaques infrarouges, dont 3 en carbone et 5 en c\u00e9ramique. \u00c9clairage LED interne et externe.\" \/>\n<meta property=\"og:url\" content=\"https:\/\/www.bagnoitalia.com\/fr\/produit\/sauna-infrarouge-150x150-cm-8-irradiateurs-chromotherapie-aromatherapie-radio-sn051.html\" \/>\n<meta property=\"og:site_name\" content=\"Bagno Italia\" \/>\n<meta property=\"og:image\" content=\"https:\/\/img.bagnoitalia.com\/wp-content\/uploads\/virtuemart\/product\/S4U-0992-1.jpg\" \/>\n\t<meta property=\"og:image:width\" content=\"550\" \/>\n\t<meta property=\"og:image:height\" content=\"550\" \/>\n\t<meta property=\"og:image:type\" content=\"image\/jpeg\" \/>\n<meta name=\"twitter:card\" content=\"summary_large_image\" \/>\n<script type=\"application\/ld+json\" class=\"yoast-schema-graph\">{\"@context\":\"https:\/\/schema.org\",\"@graph\":[{\"@type\":\"WebPage\",\"@id\":\"https:\/\/www.bagnoitalia.com\/fr\/produit\/sauna-infrarouge-150x150-cm-8-irradiateurs-chromotherapie-aromatherapie-radio-sn051.html\",\"url\":\"https:\/\/www.bagnoitalia.com\/fr\/produit\/sauna-infrarouge-150x150-cm-8-irradiateurs-chromotherapie-aromatherapie-radio-sn051.html\",\"name\":\"Infrared sauna 150x150 cm 8 irradiators chromotherapy aromatherapy radio SN051\",\"isPartOf\":{\"@id\":\"https:\/\/www.bagnoitalia.com\/fr#website\"},\"primaryImageOfPage\":{\"@id\":\"https:\/\/www.bagnoitalia.com\/fr\/produit\/sauna-infrarouge-150x150-cm-8-irradiateurs-chromotherapie-aromatherapie-radio-sn051.html#primaryimage\"},\"image\":{\"@id\":\"https:\/\/www.bagnoitalia.com\/fr\/produit\/sauna-infrarouge-150x150-cm-8-irradiateurs-chromotherapie-aromatherapie-radio-sn051.html#primaryimage\"},\"thumbnailUrl\":\"https:\/\/img.bagnoitalia.com\/wp-content\/uploads\/virtuemart\/product\/S4U-0992-1.jpg\",\"datePublished\":\"2022-08-05T12:06:21+00:00\",\"description\":\"Sauna en bois de pruche de haute qualit\u00e9, \u00e9quip\u00e9 de 8 plaques infrarouges, dont 3 en carbone et 5 en c\u00e9ramique. \u00c9clairage LED interne et externe.\",\"breadcrumb\":{\"@id\":\"https:\/\/www.bagnoitalia.com\/fr\/produit\/sauna-infrarouge-150x150-cm-8-irradiateurs-chromotherapie-aromatherapie-radio-sn051.html#breadcrumb\"},\"inLanguage\":\"fr-FR\",\"potentialAction\":[{\"@type\":\"ReadAction\",\"target\":[\"https:\/\/www.bagnoitalia.com\/fr\/produit\/sauna-infrarouge-150x150-cm-8-irradiateurs-chromotherapie-aromatherapie-radio-sn051.html\"]}]},{\"@type\":\"ImageObject\",\"inLanguage\":\"fr-FR\",\"@id\":\"https:\/\/www.bagnoitalia.com\/fr\/produit\/sauna-infrarouge-150x150-cm-8-irradiateurs-chromotherapie-aromatherapie-radio-sn051.html#primaryimage\",\"url\":\"https:\/\/img.bagnoitalia.com\/wp-content\/uploads\/virtuemart\/product\/S4U-0992-1.jpg\",\"contentUrl\":\"https:\/\/img.bagnoitalia.com\/wp-content\/uploads\/virtuemart\/product\/S4U-0992-1.jpg\",\"width\":550,\"height\":550},{\"@type\":\"BreadcrumbList\",\"@id\":\"https:\/\/www.bagnoitalia.com\/fr\/produit\/sauna-infrarouge-150x150-cm-8-irradiateurs-chromotherapie-aromatherapie-radio-sn051.html#breadcrumb\",\"itemListElement\":[{\"@type\":\"ListItem\",\"position\":1,\"name\":\"Home\",\"item\":\"https:\/\/www.bagnoitalia.com\/fr\"},{\"@type\":\"ListItem\",\"position\":2,\"name\":\"Produits\",\"item\":\"https:\/\/www.bagnoitalia.com\/fr\/shop\"},{\"@type\":\"ListItem\",\"position\":3,\"name\":\"Sauna infrarouge 150&#215;150 cm 8 irradiateurs chromoth\u00e9rapie aromath\u00e9rapie radio SN051\"}]},{\"@type\":\"WebSite\",\"@id\":\"https:\/\/www.bagnoitalia.com\/fr#website\",\"url\":\"https:\/\/www.bagnoitalia.com\/fr\",\"name\":\"Bagno Italia\",\"description\":\"\",\"publisher\":{\"@id\":\"https:\/\/www.bagnoitalia.com\/fr#organization\"},\"potentialAction\":[{\"@type\":\"SearchAction\",\"target\":{\"@type\":\"EntryPoint\",\"urlTemplate\":\"https:\/\/www.bagnoitalia.com\/fr?s={search_term_string}\"},\"query-input\":{\"@type\":\"PropertyValueSpecification\",\"valueRequired\":true,\"valueName\":\"search_term_string\"}}],\"inLanguage\":\"fr-FR\"},{\"@type\":\"Organization\",\"@id\":\"https:\/\/www.bagnoitalia.com\/fr#organization\",\"name\":\"Bagno Italia\",\"url\":\"https:\/\/www.bagnoitalia.com\/fr\",\"logo\":{\"@type\":\"ImageObject\",\"inLanguage\":\"fr-FR\",\"@id\":\"https:\/\/www.bagnoitalia.com\/fr#\/schema\/logo\/image\/\",\"url\":\"https:\/\/img.bagnoitalia.com\/wp-content\/uploads\/logo-bagnoitalia.webp\",\"contentUrl\":\"https:\/\/img.bagnoitalia.com\/wp-content\/uploads\/logo-bagnoitalia.webp\",\"width\":400,\"height\":70,\"caption\":\"Bagno Italia\"},\"image\":{\"@id\":\"https:\/\/www.bagnoitalia.com\/fr#\/schema\/logo\/image\/\"}}]}<\/script>\n<!-- \/ Yoast SEO plugin. -->","yoast_head_json":{"title":"Infrared sauna 150x150 cm 8 irradiators chromotherapy aromatherapy radio SN051","description":"Sauna en bois de pruche de haute qualit\u00e9, \u00e9quip\u00e9 de 8 plaques infrarouges, dont 3 en carbone et 5 en c\u00e9ramique. \u00c9clairage LED interne et externe.","robots":{"index":"index","follow":"follow","max-snippet":"max-snippet:-1","max-image-preview":"max-image-preview:large","max-video-preview":"max-video-preview:-1"},"canonical":"https:\/\/www.bagnoitalia.com\/fr\/produit\/sauna-infrarouge-150x150-cm-8-irradiateurs-chromotherapie-aromatherapie-radio-sn051.html","og_locale":"fr_FR","og_type":"article","og_title":"Infrared sauna 150x150 cm 8 irradiators chromotherapy aromatherapy radio SN051","og_description":"Sauna en bois de pruche de haute qualit\u00e9, \u00e9quip\u00e9 de 8 plaques infrarouges, dont 3 en carbone et 5 en c\u00e9ramique. \u00c9clairage LED interne et externe.","og_url":"https:\/\/www.bagnoitalia.com\/fr\/produit\/sauna-infrarouge-150x150-cm-8-irradiateurs-chromotherapie-aromatherapie-radio-sn051.html","og_site_name":"Bagno Italia","og_image":[{"width":550,"height":550,"url":"https:\/\/img.bagnoitalia.com\/wp-content\/uploads\/virtuemart\/product\/S4U-0992-1.jpg","type":"image\/jpeg"}],"twitter_card":"summary_large_image","schema":{"@context":"https:\/\/schema.org","@graph":[{"@type":"WebPage","@id":"https:\/\/www.bagnoitalia.com\/fr\/produit\/sauna-infrarouge-150x150-cm-8-irradiateurs-chromotherapie-aromatherapie-radio-sn051.html","url":"https:\/\/www.bagnoitalia.com\/fr\/produit\/sauna-infrarouge-150x150-cm-8-irradiateurs-chromotherapie-aromatherapie-radio-sn051.html","name":"Infrared sauna 150x150 cm 8 irradiators chromotherapy aromatherapy radio SN051","isPartOf":{"@id":"https:\/\/www.bagnoitalia.com\/fr#website"},"primaryImageOfPage":{"@id":"https:\/\/www.bagnoitalia.com\/fr\/produit\/sauna-infrarouge-150x150-cm-8-irradiateurs-chromotherapie-aromatherapie-radio-sn051.html#primaryimage"},"image":{"@id":"https:\/\/www.bagnoitalia.com\/fr\/produit\/sauna-infrarouge-150x150-cm-8-irradiateurs-chromotherapie-aromatherapie-radio-sn051.html#primaryimage"},"thumbnailUrl":"https:\/\/img.bagnoitalia.com\/wp-content\/uploads\/virtuemart\/product\/S4U-0992-1.jpg","datePublished":"2022-08-05T12:06:21+00:00","description":"Sauna en bois de pruche de haute qualit\u00e9, \u00e9quip\u00e9 de 8 plaques infrarouges, dont 3 en carbone et 5 en c\u00e9ramique. \u00c9clairage LED interne et externe.","breadcrumb":{"@id":"https:\/\/www.bagnoitalia.com\/fr\/produit\/sauna-infrarouge-150x150-cm-8-irradiateurs-chromotherapie-aromatherapie-radio-sn051.html#breadcrumb"},"inLanguage":"fr-FR","potentialAction":[{"@type":"ReadAction","target":["https:\/\/www.bagnoitalia.com\/fr\/produit\/sauna-infrarouge-150x150-cm-8-irradiateurs-chromotherapie-aromatherapie-radio-sn051.html"]}]},{"@type":"ImageObject","inLanguage":"fr-FR","@id":"https:\/\/www.bagnoitalia.com\/fr\/produit\/sauna-infrarouge-150x150-cm-8-irradiateurs-chromotherapie-aromatherapie-radio-sn051.html#primaryimage","url":"https:\/\/img.bagnoitalia.com\/wp-content\/uploads\/virtuemart\/product\/S4U-0992-1.jpg","contentUrl":"https:\/\/img.bagnoitalia.com\/wp-content\/uploads\/virtuemart\/product\/S4U-0992-1.jpg","width":550,"height":550},{"@type":"BreadcrumbList","@id":"https:\/\/www.bagnoitalia.com\/fr\/produit\/sauna-infrarouge-150x150-cm-8-irradiateurs-chromotherapie-aromatherapie-radio-sn051.html#breadcrumb","itemListElement":[{"@type":"ListItem","position":1,"name":"Home","item":"https:\/\/www.bagnoitalia.com\/fr"},{"@type":"ListItem","position":2,"name":"Produits","item":"https:\/\/www.bagnoitalia.com\/fr\/shop"},{"@type":"ListItem","position":3,"name":"Sauna infrarouge 150&#215;150 cm 8 irradiateurs chromoth\u00e9rapie aromath\u00e9rapie radio SN051"}]},{"@type":"WebSite","@id":"https:\/\/www.bagnoitalia.com\/fr#website","url":"https:\/\/www.bagnoitalia.com\/fr","name":"Bagno Italia","description":"","publisher":{"@id":"https:\/\/www.bagnoitalia.com\/fr#organization"},"potentialAction":[{"@type":"SearchAction","target":{"@type":"EntryPoint","urlTemplate":"https:\/\/www.bagnoitalia.com\/fr?s={search_term_string}"},"query-input":{"@type":"PropertyValueSpecification","valueRequired":true,"valueName":"search_term_string"}}],"inLanguage":"fr-FR"},{"@type":"Organization","@id":"https:\/\/www.bagnoitalia.com\/fr#organization","name":"Bagno Italia","url":"https:\/\/www.bagnoitalia.com\/fr","logo":{"@type":"ImageObject","inLanguage":"fr-FR","@id":"https:\/\/www.bagnoitalia.com\/fr#\/schema\/logo\/image\/","url":"https:\/\/img.bagnoitalia.com\/wp-content\/uploads\/logo-bagnoitalia.webp","contentUrl":"https:\/\/img.bagnoitalia.com\/wp-content\/uploads\/logo-bagnoitalia.webp","width":400,"height":70,"caption":"Bagno Italia"},"image":{"@id":"https:\/\/www.bagnoitalia.com\/fr#\/schema\/logo\/image\/"}}]}},"_links":{"self":[{"href":"https:\/\/www.bagnoitalia.com\/fr\/wp-json\/wp\/v2\/product\/82362","targetHints":{"allow":["GET"]}}],"collection":[{"href":"https:\/\/www.bagnoitalia.com\/fr\/wp-json\/wp\/v2\/product"}],"about":[{"href":"https:\/\/www.bagnoitalia.com\/fr\/wp-json\/wp\/v2\/types\/product"}],"replies":[{"embeddable":true,"href":"https:\/\/www.bagnoitalia.com\/fr\/wp-json\/wp\/v2\/comments?post=82362"}],"version-history":[{"count":0,"href":"https:\/\/www.bagnoitalia.com\/fr\/wp-json\/wp\/v2\/product\/82362\/revisions"}],"wp:featuredmedia":[{"embeddable":true,"href":"https:\/\/www.bagnoitalia.com\/fr\/wp-json\/wp\/v2\/media\/55646"}],"wp:attachment":[{"href":"https:\/\/www.bagnoitalia.com\/fr\/wp-json\/wp\/v2\/media?parent=82362"}],"wp:term":[{"taxonomy":"product_brand","embeddable":true,"href":"https:\/\/www.bagnoitalia.com\/fr\/wp-json\/wp\/v2\/product_brand?post=82362"},{"taxonomy":"product_cat","embeddable":true,"href":"https:\/\/www.bagnoitalia.com\/fr\/wp-json\/wp\/v2\/product_cat?post=82362"},{"taxonomy":"product_tag","embeddable":true,"href":"https:\/\/www.bagnoitalia.com\/fr\/wp-json\/wp\/v2\/product_tag?post=82362"}],"curies":[{"name":"wp","href":"https:\/\/api.w.org\/{rel}","templated":true}]}}