{"id":82321,"date":"2022-08-04T14:19:16","date_gmt":"2022-08-04T12:19:16","guid":{"rendered":"https:\/\/www.bagnoitalia.com\/product\/kappa-60-cm-wall-mounted-bathroom-cabinet-available-in-3-colours-mirror-included-2"},"modified":"2022-08-04T14:19:16","modified_gmt":"2022-08-04T12:19:16","slug":"kappa-60-cm-wall-mounted-bathroom-cabinet-available-in-3-colours-mirror-included-2","status":"publish","type":"product","link":"https:\/\/www.bagnoitalia.com\/fr\/produit\/kappa-60-cm-wall-mounted-bathroom-cabinet-available-in-3-colours-mirror-included-2.html","title":{"rendered":"Armoire de salle de bains murale KAPPA 60 cm disponible en 3 couleurs miroir inclus"},"content":{"rendered":"<p style=\"text-align: center;\"><span style=\"text-decoration: underline; color: #ff0000; font-size: 14pt;\"><strong>ARMOIRE DE TOILETTE MURALE \u00ab\u00a0KAPPA<\/strong><\/span><\/p>\n<p>&nbsp;<\/p>\n<p>Le prix comprend :<\/p>\n<p>Unit\u00e9 de base pour lavabo suspendu Nr. 1<\/p>\n<p>Lavabo en c\u00e9ramique Nr. 1<\/p>\n<p>Miroir n\u00b0 1<\/p>\n<p>Nr. 1 Applique murale<\/p>\n<p>Nr. 1 Kit de fixation murale<\/p>\n<p>&nbsp;<\/p>\n<p>Couleurs disponibles : blanc brillant, gris fer et noyer Canaletto.<\/p>\n<p>&nbsp;<\/p>\n<p>D\u00c9TAILS DU PRODUIT :<\/p>\n<p>Dimensions du meuble : 59,5&#215;39,5xH.59,5 cm<\/p>\n<p>Dimensions du lavabo : 48x22xH.10 cm<\/p>\n<p>Taille du miroir : 62 x 58,5 cm<\/p>\n<p>Structure en mdf<\/p>\n<p>Tiroirs \u00e0 fermeture douce et ouverture avec poign\u00e9e m\u00e9tallique<\/p>\n<p>Lavabo avec trou pour robinet et trop-plein<\/p>\n<p>&nbsp;<\/p>\n<p>&nbsp;<\/p>\n<p>ATTENTION : LES ROBINETS NE SONT PAS INCLUS DANS LE PRIX<\/p>\n<p>&nbsp;<\/p>\n<p>&nbsp;<\/p>\n<p>&nbsp;<\/p>\n<p>&nbsp;<\/p>\n<p>ADA6B<\/p>\n<p>ADA6G<\/p>\n<p>ADA6C<\/p>\n","protected":false},"excerpt":{"rendered":"<p>Meuble de salle de bains mural KAPPA, taille 60 cm. Disponible en blanc brillant, gris fer et noyer canaletto. Complet avec lavabo, miroir et applique murale.<\/p>\n","protected":false},"featured_media":54821,"comment_status":"open","ping_status":"closed","template":"","meta":[],"product_brand":[9882],"product_cat":[15],"product_tag":[],"class_list":{"0":"post-82321","1":"product","2":"type-product","3":"status-publish","4":"has-post-thumbnail","6":"product_brand-deghi-fr","7":"product_cat-senza-categoria","9":"first","10":"outofstock","11":"taxable","12":"shipping-taxable","13":"purchasable","14":"product-type-simple"},"exclude_global_add_ons":false,"addons":[{"name":"CAMPI_COLORE\r\n","type":"select","position":0,"required":true,"title_format":"label","default":"","description_enable":false,"description":"","placeholder_enable":false,"placeholder":"","display":"select","restrictions_type":"any_text","adjust_price":false,"price":"","price_type":"","restrictions":false,"min":"0","max":"0","options":[]}],"yoast_head":"<!-- This site is optimized with the Yoast SEO plugin v26.7 - https:\/\/yoast.com\/wordpress\/plugins\/seo\/ -->\n<title>Armoire de salle de bains murale KAPPA 60 cm disponible en 3 couleurs miroir inclus - Bagno Italia<\/title>\n<meta name=\"description\" content=\"Meuble de salle de bains mural KAPPA, taille 60 cm. Disponible en blanc brillant, gris fer et noyer canaletto. Complet avec lavabo, miroir et applique murale.\" \/>\n<meta name=\"robots\" content=\"index, follow, max-snippet:-1, max-image-preview:large, max-video-preview:-1\" \/>\n<link rel=\"canonical\" href=\"https:\/\/www.bagnoitalia.com\/fr\/produit\/kappa-60-cm-wall-mounted-bathroom-cabinet-available-in-3-colours-mirror-included-2.html\" \/>\n<meta property=\"og:locale\" content=\"fr_FR\" \/>\n<meta property=\"og:type\" content=\"article\" \/>\n<meta property=\"og:title\" content=\"Armoire de salle de bains murale KAPPA 60 cm disponible en 3 couleurs miroir inclus - Bagno Italia\" \/>\n<meta property=\"og:description\" content=\"Meuble de salle de bains mural KAPPA, taille 60 cm. Disponible en blanc brillant, gris fer et noyer canaletto. Complet avec lavabo, miroir et applique murale.\" \/>\n<meta property=\"og:url\" content=\"https:\/\/www.bagnoitalia.com\/fr\/produit\/kappa-60-cm-wall-mounted-bathroom-cabinet-available-in-3-colours-mirror-included-2.html\" \/>\n<meta property=\"og:site_name\" content=\"Bagno Italia\" \/>\n<meta property=\"og:image\" content=\"https:\/\/img.bagnoitalia.com\/wp-content\/uploads\/virtuemart\/product\/M0B-1000-1.jpg\" \/>\n\t<meta property=\"og:image:width\" content=\"550\" \/>\n\t<meta property=\"og:image:height\" content=\"550\" \/>\n\t<meta property=\"og:image:type\" content=\"image\/jpeg\" \/>\n<meta name=\"twitter:card\" content=\"summary_large_image\" \/>\n<meta name=\"twitter:label1\" content=\"Dur\u00e9e de lecture estim\u00e9e\" \/>\n\t<meta name=\"twitter:data1\" content=\"1 minute\" \/>\n<script type=\"application\/ld+json\" class=\"yoast-schema-graph\">{\"@context\":\"https:\/\/schema.org\",\"@graph\":[{\"@type\":\"WebPage\",\"@id\":\"https:\/\/www.bagnoitalia.com\/fr\/produit\/kappa-60-cm-wall-mounted-bathroom-cabinet-available-in-3-colours-mirror-included-2.html\",\"url\":\"https:\/\/www.bagnoitalia.com\/fr\/produit\/kappa-60-cm-wall-mounted-bathroom-cabinet-available-in-3-colours-mirror-included-2.html\",\"name\":\"Armoire de salle de bains murale KAPPA 60 cm disponible en 3 couleurs miroir inclus - Bagno Italia\",\"isPartOf\":{\"@id\":\"https:\/\/www.bagnoitalia.com\/fr#website\"},\"primaryImageOfPage\":{\"@id\":\"https:\/\/www.bagnoitalia.com\/fr\/produit\/kappa-60-cm-wall-mounted-bathroom-cabinet-available-in-3-colours-mirror-included-2.html#primaryimage\"},\"image\":{\"@id\":\"https:\/\/www.bagnoitalia.com\/fr\/produit\/kappa-60-cm-wall-mounted-bathroom-cabinet-available-in-3-colours-mirror-included-2.html#primaryimage\"},\"thumbnailUrl\":\"https:\/\/img.bagnoitalia.com\/wp-content\/uploads\/virtuemart\/product\/M0B-1000-1.jpg\",\"datePublished\":\"2022-08-04T12:19:16+00:00\",\"description\":\"Meuble de salle de bains mural KAPPA, taille 60 cm. Disponible en blanc brillant, gris fer et noyer canaletto. Complet avec lavabo, miroir et applique murale.\",\"breadcrumb\":{\"@id\":\"https:\/\/www.bagnoitalia.com\/fr\/produit\/kappa-60-cm-wall-mounted-bathroom-cabinet-available-in-3-colours-mirror-included-2.html#breadcrumb\"},\"inLanguage\":\"fr-FR\",\"potentialAction\":[{\"@type\":\"ReadAction\",\"target\":[\"https:\/\/www.bagnoitalia.com\/fr\/produit\/kappa-60-cm-wall-mounted-bathroom-cabinet-available-in-3-colours-mirror-included-2.html\"]}]},{\"@type\":\"ImageObject\",\"inLanguage\":\"fr-FR\",\"@id\":\"https:\/\/www.bagnoitalia.com\/fr\/produit\/kappa-60-cm-wall-mounted-bathroom-cabinet-available-in-3-colours-mirror-included-2.html#primaryimage\",\"url\":\"https:\/\/img.bagnoitalia.com\/wp-content\/uploads\/virtuemart\/product\/M0B-1000-1.jpg\",\"contentUrl\":\"https:\/\/img.bagnoitalia.com\/wp-content\/uploads\/virtuemart\/product\/M0B-1000-1.jpg\",\"width\":550,\"height\":550},{\"@type\":\"BreadcrumbList\",\"@id\":\"https:\/\/www.bagnoitalia.com\/fr\/produit\/kappa-60-cm-wall-mounted-bathroom-cabinet-available-in-3-colours-mirror-included-2.html#breadcrumb\",\"itemListElement\":[{\"@type\":\"ListItem\",\"position\":1,\"name\":\"Home\",\"item\":\"https:\/\/www.bagnoitalia.com\/fr\"},{\"@type\":\"ListItem\",\"position\":2,\"name\":\"Produits\",\"item\":\"https:\/\/www.bagnoitalia.com\/fr\/shop\"},{\"@type\":\"ListItem\",\"position\":3,\"name\":\"Armoire de salle de bains murale KAPPA 60 cm disponible en 3 couleurs miroir inclus\"}]},{\"@type\":\"WebSite\",\"@id\":\"https:\/\/www.bagnoitalia.com\/fr#website\",\"url\":\"https:\/\/www.bagnoitalia.com\/fr\",\"name\":\"Bagno Italia\",\"description\":\"\",\"publisher\":{\"@id\":\"https:\/\/www.bagnoitalia.com\/fr#organization\"},\"potentialAction\":[{\"@type\":\"SearchAction\",\"target\":{\"@type\":\"EntryPoint\",\"urlTemplate\":\"https:\/\/www.bagnoitalia.com\/fr?s={search_term_string}\"},\"query-input\":{\"@type\":\"PropertyValueSpecification\",\"valueRequired\":true,\"valueName\":\"search_term_string\"}}],\"inLanguage\":\"fr-FR\"},{\"@type\":\"Organization\",\"@id\":\"https:\/\/www.bagnoitalia.com\/fr#organization\",\"name\":\"Bagno Italia\",\"url\":\"https:\/\/www.bagnoitalia.com\/fr\",\"logo\":{\"@type\":\"ImageObject\",\"inLanguage\":\"fr-FR\",\"@id\":\"https:\/\/www.bagnoitalia.com\/fr#\/schema\/logo\/image\/\",\"url\":\"https:\/\/img.bagnoitalia.com\/wp-content\/uploads\/logo-bagnoitalia.webp\",\"contentUrl\":\"https:\/\/img.bagnoitalia.com\/wp-content\/uploads\/logo-bagnoitalia.webp\",\"width\":400,\"height\":70,\"caption\":\"Bagno Italia\"},\"image\":{\"@id\":\"https:\/\/www.bagnoitalia.com\/fr#\/schema\/logo\/image\/\"}}]}<\/script>\n<!-- \/ Yoast SEO plugin. -->","yoast_head_json":{"title":"Armoire de salle de bains murale KAPPA 60 cm disponible en 3 couleurs miroir inclus - Bagno Italia","description":"Meuble de salle de bains mural KAPPA, taille 60 cm. Disponible en blanc brillant, gris fer et noyer canaletto. Complet avec lavabo, miroir et applique murale.","robots":{"index":"index","follow":"follow","max-snippet":"max-snippet:-1","max-image-preview":"max-image-preview:large","max-video-preview":"max-video-preview:-1"},"canonical":"https:\/\/www.bagnoitalia.com\/fr\/produit\/kappa-60-cm-wall-mounted-bathroom-cabinet-available-in-3-colours-mirror-included-2.html","og_locale":"fr_FR","og_type":"article","og_title":"Armoire de salle de bains murale KAPPA 60 cm disponible en 3 couleurs miroir inclus - Bagno Italia","og_description":"Meuble de salle de bains mural KAPPA, taille 60 cm. Disponible en blanc brillant, gris fer et noyer canaletto. Complet avec lavabo, miroir et applique murale.","og_url":"https:\/\/www.bagnoitalia.com\/fr\/produit\/kappa-60-cm-wall-mounted-bathroom-cabinet-available-in-3-colours-mirror-included-2.html","og_site_name":"Bagno Italia","og_image":[{"width":550,"height":550,"url":"https:\/\/img.bagnoitalia.com\/wp-content\/uploads\/virtuemart\/product\/M0B-1000-1.jpg","type":"image\/jpeg"}],"twitter_card":"summary_large_image","twitter_misc":{"Dur\u00e9e de lecture estim\u00e9e":"1 minute"},"schema":{"@context":"https:\/\/schema.org","@graph":[{"@type":"WebPage","@id":"https:\/\/www.bagnoitalia.com\/fr\/produit\/kappa-60-cm-wall-mounted-bathroom-cabinet-available-in-3-colours-mirror-included-2.html","url":"https:\/\/www.bagnoitalia.com\/fr\/produit\/kappa-60-cm-wall-mounted-bathroom-cabinet-available-in-3-colours-mirror-included-2.html","name":"Armoire de salle de bains murale KAPPA 60 cm disponible en 3 couleurs miroir inclus - Bagno Italia","isPartOf":{"@id":"https:\/\/www.bagnoitalia.com\/fr#website"},"primaryImageOfPage":{"@id":"https:\/\/www.bagnoitalia.com\/fr\/produit\/kappa-60-cm-wall-mounted-bathroom-cabinet-available-in-3-colours-mirror-included-2.html#primaryimage"},"image":{"@id":"https:\/\/www.bagnoitalia.com\/fr\/produit\/kappa-60-cm-wall-mounted-bathroom-cabinet-available-in-3-colours-mirror-included-2.html#primaryimage"},"thumbnailUrl":"https:\/\/img.bagnoitalia.com\/wp-content\/uploads\/virtuemart\/product\/M0B-1000-1.jpg","datePublished":"2022-08-04T12:19:16+00:00","description":"Meuble de salle de bains mural KAPPA, taille 60 cm. Disponible en blanc brillant, gris fer et noyer canaletto. Complet avec lavabo, miroir et applique murale.","breadcrumb":{"@id":"https:\/\/www.bagnoitalia.com\/fr\/produit\/kappa-60-cm-wall-mounted-bathroom-cabinet-available-in-3-colours-mirror-included-2.html#breadcrumb"},"inLanguage":"fr-FR","potentialAction":[{"@type":"ReadAction","target":["https:\/\/www.bagnoitalia.com\/fr\/produit\/kappa-60-cm-wall-mounted-bathroom-cabinet-available-in-3-colours-mirror-included-2.html"]}]},{"@type":"ImageObject","inLanguage":"fr-FR","@id":"https:\/\/www.bagnoitalia.com\/fr\/produit\/kappa-60-cm-wall-mounted-bathroom-cabinet-available-in-3-colours-mirror-included-2.html#primaryimage","url":"https:\/\/img.bagnoitalia.com\/wp-content\/uploads\/virtuemart\/product\/M0B-1000-1.jpg","contentUrl":"https:\/\/img.bagnoitalia.com\/wp-content\/uploads\/virtuemart\/product\/M0B-1000-1.jpg","width":550,"height":550},{"@type":"BreadcrumbList","@id":"https:\/\/www.bagnoitalia.com\/fr\/produit\/kappa-60-cm-wall-mounted-bathroom-cabinet-available-in-3-colours-mirror-included-2.html#breadcrumb","itemListElement":[{"@type":"ListItem","position":1,"name":"Home","item":"https:\/\/www.bagnoitalia.com\/fr"},{"@type":"ListItem","position":2,"name":"Produits","item":"https:\/\/www.bagnoitalia.com\/fr\/shop"},{"@type":"ListItem","position":3,"name":"Armoire de salle de bains murale KAPPA 60 cm disponible en 3 couleurs miroir inclus"}]},{"@type":"WebSite","@id":"https:\/\/www.bagnoitalia.com\/fr#website","url":"https:\/\/www.bagnoitalia.com\/fr","name":"Bagno Italia","description":"","publisher":{"@id":"https:\/\/www.bagnoitalia.com\/fr#organization"},"potentialAction":[{"@type":"SearchAction","target":{"@type":"EntryPoint","urlTemplate":"https:\/\/www.bagnoitalia.com\/fr?s={search_term_string}"},"query-input":{"@type":"PropertyValueSpecification","valueRequired":true,"valueName":"search_term_string"}}],"inLanguage":"fr-FR"},{"@type":"Organization","@id":"https:\/\/www.bagnoitalia.com\/fr#organization","name":"Bagno Italia","url":"https:\/\/www.bagnoitalia.com\/fr","logo":{"@type":"ImageObject","inLanguage":"fr-FR","@id":"https:\/\/www.bagnoitalia.com\/fr#\/schema\/logo\/image\/","url":"https:\/\/img.bagnoitalia.com\/wp-content\/uploads\/logo-bagnoitalia.webp","contentUrl":"https:\/\/img.bagnoitalia.com\/wp-content\/uploads\/logo-bagnoitalia.webp","width":400,"height":70,"caption":"Bagno Italia"},"image":{"@id":"https:\/\/www.bagnoitalia.com\/fr#\/schema\/logo\/image\/"}}]}},"_links":{"self":[{"href":"https:\/\/www.bagnoitalia.com\/fr\/wp-json\/wp\/v2\/product\/82321","targetHints":{"allow":["GET"]}}],"collection":[{"href":"https:\/\/www.bagnoitalia.com\/fr\/wp-json\/wp\/v2\/product"}],"about":[{"href":"https:\/\/www.bagnoitalia.com\/fr\/wp-json\/wp\/v2\/types\/product"}],"replies":[{"embeddable":true,"href":"https:\/\/www.bagnoitalia.com\/fr\/wp-json\/wp\/v2\/comments?post=82321"}],"version-history":[{"count":0,"href":"https:\/\/www.bagnoitalia.com\/fr\/wp-json\/wp\/v2\/product\/82321\/revisions"}],"wp:featuredmedia":[{"embeddable":true,"href":"https:\/\/www.bagnoitalia.com\/fr\/wp-json\/wp\/v2\/media\/54821"}],"wp:attachment":[{"href":"https:\/\/www.bagnoitalia.com\/fr\/wp-json\/wp\/v2\/media?parent=82321"}],"wp:term":[{"taxonomy":"product_brand","embeddable":true,"href":"https:\/\/www.bagnoitalia.com\/fr\/wp-json\/wp\/v2\/product_brand?post=82321"},{"taxonomy":"product_cat","embeddable":true,"href":"https:\/\/www.bagnoitalia.com\/fr\/wp-json\/wp\/v2\/product_cat?post=82321"},{"taxonomy":"product_tag","embeddable":true,"href":"https:\/\/www.bagnoitalia.com\/fr\/wp-json\/wp\/v2\/product_tag?post=82321"}],"curies":[{"name":"wp","href":"https:\/\/api.w.org\/{rel}","templated":true}]}}