{"id":82313,"date":"2022-08-04T13:35:45","date_gmt":"2022-08-04T11:35:45","guid":{"rendered":"https:\/\/www.bagnoitalia.com\/product\/infrared-sauna-180x140-cm-6-seater-aromatherapy-ozone-therapy-sn052-2"},"modified":"2025-09-30T15:28:09","modified_gmt":"2025-09-30T13:28:09","slug":"infrared-sauna-180x140-cm-6-seater-aromatherapy-ozone-therapy-sn052-2","status":"publish","type":"product","link":"https:\/\/www.bagnoitalia.com\/fr\/produit\/infrared-sauna-180x140-cm-6-seater-aromatherapy-ozone-therapy-sn052-2.html","title":{"rendered":"Sauna infrarouge 180&#215;140 cm 6 places aromath\u00e9rapie ozonoth\u00e9rapie SN052"},"content":{"rendered":"<p style=\"text-align: center;\"><span style=\"text-decoration: underline; color: #ff0000; font-size: 14pt;\"><strong>SAUNA INFRAROUGE 180&#215;140 SN052<\/strong><\/span><\/p>\n<p>&nbsp;<\/p>\n<p><span style=\"text-decoration: underline;\"><strong>CARACT\u00c9RISTIQUES DU PRODUIT :<\/strong><\/span><\/p>\n<p>Sauna infrarouge 6 places<\/p>\n<p>dimensions 180x140xH190 cm<\/p>\n<p>n. 6 irradiateurs<\/p>\n<p>Puissance : 2700 W<\/p>\n<p>Temp\u00e9rature maximale : 65\u00b0C<\/p>\n<p>panneau de contr\u00f4le<\/p>\n<p>chromoth\u00e9rapie avec 7 variations de couleurs<\/p>\n<p>lampe de service<\/p>\n<p>th\u00e9rapie \u00e0 l&rsquo;ozone<\/p>\n<p>aromath\u00e9rapie<\/p>\n<p>Bluetooth<\/p>\n<p>radio avec connexion usb et mp3<\/p>\n<p>haut-parleur double<\/p>\n<p>thermom\u00e8tre \u00e9lectronique<\/p>\n<p>Minuterie (pour l&rsquo;arr\u00eat)<\/p>\n<p>syst\u00e8me de ventilation<\/p>\n<p>&nbsp;<\/p>\n<p>MAT\u00c9RIAUX et AUTRES D\u00c9TAILS<\/p>\n<p>structure en bois de pruche<\/p>\n<p>radiateurs en c\u00e9ramique<\/p>\n<p>Porte en verre de 8 mm<\/p>\n<p>profondeur du si\u00e8ge : 45 cm<\/p>\n<p>poign\u00e9e int\u00e9rieure et ext\u00e9rieure<\/p>\n<p>Des murs de 7 cm d&rsquo;\u00e9paisseur<\/p>\n","protected":false},"excerpt":{"rendered":"<p>Sauna avec irradiateurs en c\u00e9ramique, adapt\u00e9 \u00e0 6 personnes ; multifonctionnel : chromoth\u00e9rapie, bluetooth, ozonoth\u00e9rapie, aromath\u00e9rapie, radio et minuterie.<\/p>\n","protected":false},"featured_media":54693,"comment_status":"open","ping_status":"closed","template":"","meta":[],"product_brand":[9924],"product_cat":[9751],"product_tag":[],"class_list":{"0":"post-82313","1":"product","2":"type-product","3":"status-publish","4":"has-post-thumbnail","6":"product_brand-predator-arredo-casa-fr","7":"product_cat-saunas-infrarouges","9":"first","10":"instock","11":"sale","12":"taxable","13":"shipping-taxable","14":"purchasable","15":"product-type-simple"},"exclude_global_add_ons":[],"addons":[],"yoast_head":"<!-- This site is optimized with the Yoast SEO plugin v26.7 - https:\/\/yoast.com\/wordpress\/plugins\/seo\/ -->\n<title>Infrared sauna 180x140 cm 6-seater aromatherapy ozone therapy SN052<\/title>\n<meta name=\"description\" content=\"Sauna avec irradiateurs en c\u00e9ramique, adapt\u00e9 \u00e0 6 personnes ; multifonctionnel : chromoth\u00e9rapie, bluetooth, ozonoth\u00e9rapie, aromath\u00e9rapie, radio et minuterie.\" \/>\n<meta name=\"robots\" content=\"index, follow, max-snippet:-1, max-image-preview:large, max-video-preview:-1\" \/>\n<link rel=\"canonical\" href=\"https:\/\/www.bagnoitalia.com\/fr\/produit\/infrared-sauna-180x140-cm-6-seater-aromatherapy-ozone-therapy-sn052-2.html\" \/>\n<meta property=\"og:locale\" content=\"fr_FR\" \/>\n<meta property=\"og:type\" content=\"article\" \/>\n<meta property=\"og:title\" content=\"Infrared sauna 180x140 cm 6-seater aromatherapy ozone therapy SN052\" \/>\n<meta property=\"og:description\" content=\"Sauna avec irradiateurs en c\u00e9ramique, adapt\u00e9 \u00e0 6 personnes ; multifonctionnel : chromoth\u00e9rapie, bluetooth, ozonoth\u00e9rapie, aromath\u00e9rapie, radio et minuterie.\" \/>\n<meta property=\"og:url\" content=\"https:\/\/www.bagnoitalia.com\/fr\/produit\/infrared-sauna-180x140-cm-6-seater-aromatherapy-ozone-therapy-sn052-2.html\" \/>\n<meta property=\"og:site_name\" content=\"Bagno Italia\" \/>\n<meta property=\"article:modified_time\" content=\"2025-09-30T13:28:09+00:00\" \/>\n<meta property=\"og:image\" content=\"https:\/\/img.bagnoitalia.com\/wp-content\/uploads\/virtuemart\/product\/S4U-0993-1.jpg\" \/>\n\t<meta property=\"og:image:width\" content=\"550\" \/>\n\t<meta property=\"og:image:height\" content=\"550\" \/>\n\t<meta property=\"og:image:type\" content=\"image\/jpeg\" \/>\n<meta name=\"twitter:card\" content=\"summary_large_image\" \/>\n<meta name=\"twitter:label1\" content=\"Dur\u00e9e de lecture estim\u00e9e\" \/>\n\t<meta name=\"twitter:data1\" content=\"1 minute\" \/>\n<script type=\"application\/ld+json\" class=\"yoast-schema-graph\">{\"@context\":\"https:\/\/schema.org\",\"@graph\":[{\"@type\":\"WebPage\",\"@id\":\"https:\/\/www.bagnoitalia.com\/fr\/produit\/infrared-sauna-180x140-cm-6-seater-aromatherapy-ozone-therapy-sn052-2.html\",\"url\":\"https:\/\/www.bagnoitalia.com\/fr\/produit\/infrared-sauna-180x140-cm-6-seater-aromatherapy-ozone-therapy-sn052-2.html\",\"name\":\"Infrared sauna 180x140 cm 6-seater aromatherapy ozone therapy SN052\",\"isPartOf\":{\"@id\":\"https:\/\/www.bagnoitalia.com\/fr#website\"},\"primaryImageOfPage\":{\"@id\":\"https:\/\/www.bagnoitalia.com\/fr\/produit\/infrared-sauna-180x140-cm-6-seater-aromatherapy-ozone-therapy-sn052-2.html#primaryimage\"},\"image\":{\"@id\":\"https:\/\/www.bagnoitalia.com\/fr\/produit\/infrared-sauna-180x140-cm-6-seater-aromatherapy-ozone-therapy-sn052-2.html#primaryimage\"},\"thumbnailUrl\":\"https:\/\/img.bagnoitalia.com\/wp-content\/uploads\/virtuemart\/product\/S4U-0993-1.jpg\",\"datePublished\":\"2022-08-04T11:35:45+00:00\",\"dateModified\":\"2025-09-30T13:28:09+00:00\",\"description\":\"Sauna avec irradiateurs en c\u00e9ramique, adapt\u00e9 \u00e0 6 personnes ; multifonctionnel : chromoth\u00e9rapie, bluetooth, ozonoth\u00e9rapie, aromath\u00e9rapie, radio et minuterie.\",\"breadcrumb\":{\"@id\":\"https:\/\/www.bagnoitalia.com\/fr\/produit\/infrared-sauna-180x140-cm-6-seater-aromatherapy-ozone-therapy-sn052-2.html#breadcrumb\"},\"inLanguage\":\"fr-FR\",\"potentialAction\":[{\"@type\":\"ReadAction\",\"target\":[\"https:\/\/www.bagnoitalia.com\/fr\/produit\/infrared-sauna-180x140-cm-6-seater-aromatherapy-ozone-therapy-sn052-2.html\"]}]},{\"@type\":\"ImageObject\",\"inLanguage\":\"fr-FR\",\"@id\":\"https:\/\/www.bagnoitalia.com\/fr\/produit\/infrared-sauna-180x140-cm-6-seater-aromatherapy-ozone-therapy-sn052-2.html#primaryimage\",\"url\":\"https:\/\/img.bagnoitalia.com\/wp-content\/uploads\/virtuemart\/product\/S4U-0993-1.jpg\",\"contentUrl\":\"https:\/\/img.bagnoitalia.com\/wp-content\/uploads\/virtuemart\/product\/S4U-0993-1.jpg\",\"width\":550,\"height\":550},{\"@type\":\"BreadcrumbList\",\"@id\":\"https:\/\/www.bagnoitalia.com\/fr\/produit\/infrared-sauna-180x140-cm-6-seater-aromatherapy-ozone-therapy-sn052-2.html#breadcrumb\",\"itemListElement\":[{\"@type\":\"ListItem\",\"position\":1,\"name\":\"Home\",\"item\":\"https:\/\/www.bagnoitalia.com\/fr\"},{\"@type\":\"ListItem\",\"position\":2,\"name\":\"Produits\",\"item\":\"https:\/\/www.bagnoitalia.com\/fr\/shop\"},{\"@type\":\"ListItem\",\"position\":3,\"name\":\"Sauna infrarouge 180&#215;140 cm 6 places aromath\u00e9rapie ozonoth\u00e9rapie SN052\"}]},{\"@type\":\"WebSite\",\"@id\":\"https:\/\/www.bagnoitalia.com\/fr#website\",\"url\":\"https:\/\/www.bagnoitalia.com\/fr\",\"name\":\"Bagno Italia\",\"description\":\"\",\"publisher\":{\"@id\":\"https:\/\/www.bagnoitalia.com\/fr#organization\"},\"potentialAction\":[{\"@type\":\"SearchAction\",\"target\":{\"@type\":\"EntryPoint\",\"urlTemplate\":\"https:\/\/www.bagnoitalia.com\/fr?s={search_term_string}\"},\"query-input\":{\"@type\":\"PropertyValueSpecification\",\"valueRequired\":true,\"valueName\":\"search_term_string\"}}],\"inLanguage\":\"fr-FR\"},{\"@type\":\"Organization\",\"@id\":\"https:\/\/www.bagnoitalia.com\/fr#organization\",\"name\":\"Bagno Italia\",\"url\":\"https:\/\/www.bagnoitalia.com\/fr\",\"logo\":{\"@type\":\"ImageObject\",\"inLanguage\":\"fr-FR\",\"@id\":\"https:\/\/www.bagnoitalia.com\/fr#\/schema\/logo\/image\/\",\"url\":\"https:\/\/img.bagnoitalia.com\/wp-content\/uploads\/logo-bagnoitalia.webp\",\"contentUrl\":\"https:\/\/img.bagnoitalia.com\/wp-content\/uploads\/logo-bagnoitalia.webp\",\"width\":400,\"height\":70,\"caption\":\"Bagno Italia\"},\"image\":{\"@id\":\"https:\/\/www.bagnoitalia.com\/fr#\/schema\/logo\/image\/\"}}]}<\/script>\n<!-- \/ Yoast SEO plugin. -->","yoast_head_json":{"title":"Infrared sauna 180x140 cm 6-seater aromatherapy ozone therapy SN052","description":"Sauna avec irradiateurs en c\u00e9ramique, adapt\u00e9 \u00e0 6 personnes ; multifonctionnel : chromoth\u00e9rapie, bluetooth, ozonoth\u00e9rapie, aromath\u00e9rapie, radio et minuterie.","robots":{"index":"index","follow":"follow","max-snippet":"max-snippet:-1","max-image-preview":"max-image-preview:large","max-video-preview":"max-video-preview:-1"},"canonical":"https:\/\/www.bagnoitalia.com\/fr\/produit\/infrared-sauna-180x140-cm-6-seater-aromatherapy-ozone-therapy-sn052-2.html","og_locale":"fr_FR","og_type":"article","og_title":"Infrared sauna 180x140 cm 6-seater aromatherapy ozone therapy SN052","og_description":"Sauna avec irradiateurs en c\u00e9ramique, adapt\u00e9 \u00e0 6 personnes ; multifonctionnel : chromoth\u00e9rapie, bluetooth, ozonoth\u00e9rapie, aromath\u00e9rapie, radio et minuterie.","og_url":"https:\/\/www.bagnoitalia.com\/fr\/produit\/infrared-sauna-180x140-cm-6-seater-aromatherapy-ozone-therapy-sn052-2.html","og_site_name":"Bagno Italia","article_modified_time":"2025-09-30T13:28:09+00:00","og_image":[{"width":550,"height":550,"url":"https:\/\/img.bagnoitalia.com\/wp-content\/uploads\/virtuemart\/product\/S4U-0993-1.jpg","type":"image\/jpeg"}],"twitter_card":"summary_large_image","twitter_misc":{"Dur\u00e9e de lecture estim\u00e9e":"1 minute"},"schema":{"@context":"https:\/\/schema.org","@graph":[{"@type":"WebPage","@id":"https:\/\/www.bagnoitalia.com\/fr\/produit\/infrared-sauna-180x140-cm-6-seater-aromatherapy-ozone-therapy-sn052-2.html","url":"https:\/\/www.bagnoitalia.com\/fr\/produit\/infrared-sauna-180x140-cm-6-seater-aromatherapy-ozone-therapy-sn052-2.html","name":"Infrared sauna 180x140 cm 6-seater aromatherapy ozone therapy SN052","isPartOf":{"@id":"https:\/\/www.bagnoitalia.com\/fr#website"},"primaryImageOfPage":{"@id":"https:\/\/www.bagnoitalia.com\/fr\/produit\/infrared-sauna-180x140-cm-6-seater-aromatherapy-ozone-therapy-sn052-2.html#primaryimage"},"image":{"@id":"https:\/\/www.bagnoitalia.com\/fr\/produit\/infrared-sauna-180x140-cm-6-seater-aromatherapy-ozone-therapy-sn052-2.html#primaryimage"},"thumbnailUrl":"https:\/\/img.bagnoitalia.com\/wp-content\/uploads\/virtuemart\/product\/S4U-0993-1.jpg","datePublished":"2022-08-04T11:35:45+00:00","dateModified":"2025-09-30T13:28:09+00:00","description":"Sauna avec irradiateurs en c\u00e9ramique, adapt\u00e9 \u00e0 6 personnes ; multifonctionnel : chromoth\u00e9rapie, bluetooth, ozonoth\u00e9rapie, aromath\u00e9rapie, radio et minuterie.","breadcrumb":{"@id":"https:\/\/www.bagnoitalia.com\/fr\/produit\/infrared-sauna-180x140-cm-6-seater-aromatherapy-ozone-therapy-sn052-2.html#breadcrumb"},"inLanguage":"fr-FR","potentialAction":[{"@type":"ReadAction","target":["https:\/\/www.bagnoitalia.com\/fr\/produit\/infrared-sauna-180x140-cm-6-seater-aromatherapy-ozone-therapy-sn052-2.html"]}]},{"@type":"ImageObject","inLanguage":"fr-FR","@id":"https:\/\/www.bagnoitalia.com\/fr\/produit\/infrared-sauna-180x140-cm-6-seater-aromatherapy-ozone-therapy-sn052-2.html#primaryimage","url":"https:\/\/img.bagnoitalia.com\/wp-content\/uploads\/virtuemart\/product\/S4U-0993-1.jpg","contentUrl":"https:\/\/img.bagnoitalia.com\/wp-content\/uploads\/virtuemart\/product\/S4U-0993-1.jpg","width":550,"height":550},{"@type":"BreadcrumbList","@id":"https:\/\/www.bagnoitalia.com\/fr\/produit\/infrared-sauna-180x140-cm-6-seater-aromatherapy-ozone-therapy-sn052-2.html#breadcrumb","itemListElement":[{"@type":"ListItem","position":1,"name":"Home","item":"https:\/\/www.bagnoitalia.com\/fr"},{"@type":"ListItem","position":2,"name":"Produits","item":"https:\/\/www.bagnoitalia.com\/fr\/shop"},{"@type":"ListItem","position":3,"name":"Sauna infrarouge 180&#215;140 cm 6 places aromath\u00e9rapie ozonoth\u00e9rapie SN052"}]},{"@type":"WebSite","@id":"https:\/\/www.bagnoitalia.com\/fr#website","url":"https:\/\/www.bagnoitalia.com\/fr","name":"Bagno Italia","description":"","publisher":{"@id":"https:\/\/www.bagnoitalia.com\/fr#organization"},"potentialAction":[{"@type":"SearchAction","target":{"@type":"EntryPoint","urlTemplate":"https:\/\/www.bagnoitalia.com\/fr?s={search_term_string}"},"query-input":{"@type":"PropertyValueSpecification","valueRequired":true,"valueName":"search_term_string"}}],"inLanguage":"fr-FR"},{"@type":"Organization","@id":"https:\/\/www.bagnoitalia.com\/fr#organization","name":"Bagno Italia","url":"https:\/\/www.bagnoitalia.com\/fr","logo":{"@type":"ImageObject","inLanguage":"fr-FR","@id":"https:\/\/www.bagnoitalia.com\/fr#\/schema\/logo\/image\/","url":"https:\/\/img.bagnoitalia.com\/wp-content\/uploads\/logo-bagnoitalia.webp","contentUrl":"https:\/\/img.bagnoitalia.com\/wp-content\/uploads\/logo-bagnoitalia.webp","width":400,"height":70,"caption":"Bagno Italia"},"image":{"@id":"https:\/\/www.bagnoitalia.com\/fr#\/schema\/logo\/image\/"}}]}},"_links":{"self":[{"href":"https:\/\/www.bagnoitalia.com\/fr\/wp-json\/wp\/v2\/product\/82313","targetHints":{"allow":["GET"]}}],"collection":[{"href":"https:\/\/www.bagnoitalia.com\/fr\/wp-json\/wp\/v2\/product"}],"about":[{"href":"https:\/\/www.bagnoitalia.com\/fr\/wp-json\/wp\/v2\/types\/product"}],"replies":[{"embeddable":true,"href":"https:\/\/www.bagnoitalia.com\/fr\/wp-json\/wp\/v2\/comments?post=82313"}],"version-history":[{"count":1,"href":"https:\/\/www.bagnoitalia.com\/fr\/wp-json\/wp\/v2\/product\/82313\/revisions"}],"predecessor-version":[{"id":112130,"href":"https:\/\/www.bagnoitalia.com\/fr\/wp-json\/wp\/v2\/product\/82313\/revisions\/112130"}],"wp:featuredmedia":[{"embeddable":true,"href":"https:\/\/www.bagnoitalia.com\/fr\/wp-json\/wp\/v2\/media\/54693"}],"wp:attachment":[{"href":"https:\/\/www.bagnoitalia.com\/fr\/wp-json\/wp\/v2\/media?parent=82313"}],"wp:term":[{"taxonomy":"product_brand","embeddable":true,"href":"https:\/\/www.bagnoitalia.com\/fr\/wp-json\/wp\/v2\/product_brand?post=82313"},{"taxonomy":"product_cat","embeddable":true,"href":"https:\/\/www.bagnoitalia.com\/fr\/wp-json\/wp\/v2\/product_cat?post=82313"},{"taxonomy":"product_tag","embeddable":true,"href":"https:\/\/www.bagnoitalia.com\/fr\/wp-json\/wp\/v2\/product_tag?post=82313"}],"curies":[{"name":"wp","href":"https:\/\/api.w.org\/{rel}","templated":true}]}}