{"id":82284,"date":"2022-08-04T12:21:00","date_gmt":"2022-08-04T10:21:00","guid":{"rendered":"https:\/\/www.bagnoitalia.com\/product\/table-console-table-extendable-from-54-to-239-cm-10-seats-grey-oak-tl015-2"},"modified":"2025-10-10T11:27:12","modified_gmt":"2025-10-10T09:27:12","slug":"table-console-table-extendable-from-54-to-239-cm-10-seats-grey-oak-tl015-2","status":"publish","type":"product","link":"https:\/\/www.bagnoitalia.com\/fr\/produit\/table-console-table-extendable-from-54-to-239-cm-10-seats-grey-oak-tl015-2.html","title":{"rendered":"Table\/console extensible de 54 \u00e0 239 cm, 1 \u00e0 10 places, ch\u00eane, noir ou blanc TL015"},"content":{"rendered":"<p><strong><span dir=\"auto\">TABLE\/CONSOLE EXTENSIBLE \u00ab TL015 \u00bb<\/span><\/strong><\/p>\n<p>&nbsp;<\/p>\n<p><strong><span dir=\"auto\">CARACT\u00c9RISTIQUES DU PRODUIT :<\/span><\/strong><\/p>\n<p><span dir=\"auto\">Table rectangulaire extensible<\/span><\/p>\n<p><span dir=\"auto\">Dimensions minimales : 54xD90 cm<\/span><\/p>\n<p><span dir=\"auto\">n.3 extensions de 61,6 cm chacune<\/span><\/p>\n<p><span dir=\"auto\">Dimensions maximales : 239xD90 cm<\/span><\/p>\n<p><span dir=\"auto\">Hauteur : 77 cm<\/span><\/p>\n<p><span dir=\"auto\">Mat\u00e9riau du plateau : MDF<\/span><\/p>\n<p><span dir=\"auto\">\u00c9paisseur sup\u00e9rieure : 18 mm<\/span><\/p>\n<p><span dir=\"auto\">Mat\u00e9riau du cadre : MDF<\/span><\/p>\n<p><span dir=\"auto\">Couleurs disponibles : Ch\u00eane, noir ou blanc<\/span><\/p>\n<p><span dir=\"auto\">Pieds anti-rayures et anti-bruit<\/span><\/p>\n<p><span dir=\"auto\">Places assises : 1\/4\/6\/10 places<\/span><\/p>\n<p>&nbsp;<\/p>\n<p><span dir=\"auto\">NB : les chaises ne sont PAS incluses dans l&rsquo;offre<\/span><\/p>\n","protected":false},"excerpt":{"rendered":"<div class=\"woocommerce-product-details__short-description\">\n<p><span dir=\"auto\">Console une place extensible jusqu&rsquo;\u00e0 10 places. Enti\u00e8rement fabriqu\u00e9e en MDF, elle est disponible en trois finitions modernes.<\/span><\/p>\n<\/div>\n<div class=\"woocommerce-product-rating\">\n<div class=\"star-rating\" role=\"img\" aria-label=\"Not\u00e9 5,00 sur 5\"><\/div>\n<\/div>\n","protected":false},"featured_media":112633,"comment_status":"open","ping_status":"closed","template":"","meta":[],"product_brand":[9882],"product_cat":[10006],"product_tag":[],"class_list":{"0":"post-82284","1":"product","2":"type-product","3":"status-publish","4":"has-post-thumbnail","6":"product_brand-deghi-fr","7":"product_cat-tables-fr","9":"first","10":"instock","11":"sale","12":"taxable","13":"shipping-taxable","14":"purchasable","15":"product-type-simple"},"exclude_global_add_ons":false,"addons":[{"name":"Couleur","type":"multiple_choice","position":0,"required":true,"title_format":"heading","default":"","description_enable":false,"description":"","placeholder_enable":false,"placeholder":"","display":"select","restrictions_type":"any_text","adjust_price":false,"price":"","price_type":"flat_fee","restrictions":false,"min":"0","max":"0","options":[{"label":"blanc","price":"","price_type":"quantity_based","image":0,"visibility":true},{"label":"ch\u00eane","price":"","price_type":"quantity_based","image":0,"visibility":true},{"label":"noir","price":"","price_type":"quantity_based","image":0,"visibility":true}],"id":1731083688}],"yoast_head":"<!-- This site is optimized with the Yoast SEO plugin v26.7 - https:\/\/yoast.com\/wordpress\/plugins\/seo\/ -->\n<title>Table\/console extensible de 54 \u00e0 239 cm 10 places ch\u00eane gris TL015<\/title>\n<meta name=\"description\" content=\"Console\/table extensible dans les configurations 54\/98\/145\/192\/239x90cm. En bois gris effet ch\u00eane. Jusqu&#039;\u00e0 10 si\u00e8ges.\" \/>\n<meta name=\"robots\" content=\"index, follow, max-snippet:-1, max-image-preview:large, max-video-preview:-1\" \/>\n<link rel=\"canonical\" href=\"https:\/\/www.bagnoitalia.com\/fr\/produit\/table-console-table-extendable-from-54-to-239-cm-10-seats-grey-oak-tl015-2.html\" \/>\n<meta property=\"og:locale\" content=\"fr_FR\" \/>\n<meta property=\"og:type\" content=\"article\" \/>\n<meta property=\"og:title\" content=\"Table\/console extensible de 54 \u00e0 239 cm 10 places ch\u00eane gris TL015\" \/>\n<meta property=\"og:description\" content=\"Console\/table extensible dans les configurations 54\/98\/145\/192\/239x90cm. En bois gris effet ch\u00eane. Jusqu&#039;\u00e0 10 si\u00e8ges.\" \/>\n<meta property=\"og:url\" content=\"https:\/\/www.bagnoitalia.com\/fr\/produit\/table-console-table-extendable-from-54-to-239-cm-10-seats-grey-oak-tl015-2.html\" \/>\n<meta property=\"og:site_name\" content=\"Bagno Italia\" \/>\n<meta property=\"article:modified_time\" content=\"2025-10-10T09:27:12+00:00\" \/>\n<meta property=\"og:image\" content=\"https:\/\/img.bagnoitalia.com\/wp-content\/uploads\/1-26.webp\" \/>\n\t<meta property=\"og:image:width\" content=\"550\" \/>\n\t<meta property=\"og:image:height\" content=\"550\" \/>\n\t<meta property=\"og:image:type\" content=\"image\/webp\" \/>\n<meta name=\"twitter:card\" content=\"summary_large_image\" \/>\n<meta name=\"twitter:label1\" content=\"Dur\u00e9e de lecture estim\u00e9e\" \/>\n\t<meta name=\"twitter:data1\" content=\"1 minute\" \/>\n<script type=\"application\/ld+json\" class=\"yoast-schema-graph\">{\"@context\":\"https:\/\/schema.org\",\"@graph\":[{\"@type\":\"WebPage\",\"@id\":\"https:\/\/www.bagnoitalia.com\/fr\/produit\/table-console-table-extendable-from-54-to-239-cm-10-seats-grey-oak-tl015-2.html\",\"url\":\"https:\/\/www.bagnoitalia.com\/fr\/produit\/table-console-table-extendable-from-54-to-239-cm-10-seats-grey-oak-tl015-2.html\",\"name\":\"Table\/console extensible de 54 \u00e0 239 cm 10 places ch\u00eane gris TL015\",\"isPartOf\":{\"@id\":\"https:\/\/www.bagnoitalia.com\/fr#website\"},\"primaryImageOfPage\":{\"@id\":\"https:\/\/www.bagnoitalia.com\/fr\/produit\/table-console-table-extendable-from-54-to-239-cm-10-seats-grey-oak-tl015-2.html#primaryimage\"},\"image\":{\"@id\":\"https:\/\/www.bagnoitalia.com\/fr\/produit\/table-console-table-extendable-from-54-to-239-cm-10-seats-grey-oak-tl015-2.html#primaryimage\"},\"thumbnailUrl\":\"https:\/\/img.bagnoitalia.com\/wp-content\/uploads\/tavolo-consolle-estensibile-da-54-a-239-cm-3-colori.jpg\",\"datePublished\":\"2022-08-04T10:21:00+00:00\",\"dateModified\":\"2025-10-10T09:27:12+00:00\",\"description\":\"Console\/table extensible dans les configurations 54\/98\/145\/192\/239x90cm. En bois gris effet ch\u00eane. Jusqu'\u00e0 10 si\u00e8ges.\",\"breadcrumb\":{\"@id\":\"https:\/\/www.bagnoitalia.com\/fr\/produit\/table-console-table-extendable-from-54-to-239-cm-10-seats-grey-oak-tl015-2.html#breadcrumb\"},\"inLanguage\":\"fr-FR\",\"potentialAction\":[{\"@type\":\"ReadAction\",\"target\":[\"https:\/\/www.bagnoitalia.com\/fr\/produit\/table-console-table-extendable-from-54-to-239-cm-10-seats-grey-oak-tl015-2.html\"]}]},{\"@type\":\"ImageObject\",\"inLanguage\":\"fr-FR\",\"@id\":\"https:\/\/www.bagnoitalia.com\/fr\/produit\/table-console-table-extendable-from-54-to-239-cm-10-seats-grey-oak-tl015-2.html#primaryimage\",\"url\":\"https:\/\/img.bagnoitalia.com\/wp-content\/uploads\/tavolo-consolle-estensibile-da-54-a-239-cm-3-colori.jpg\",\"contentUrl\":\"https:\/\/img.bagnoitalia.com\/wp-content\/uploads\/tavolo-consolle-estensibile-da-54-a-239-cm-3-colori.jpg\",\"width\":1000,\"height\":1000},{\"@type\":\"BreadcrumbList\",\"@id\":\"https:\/\/www.bagnoitalia.com\/fr\/produit\/table-console-table-extendable-from-54-to-239-cm-10-seats-grey-oak-tl015-2.html#breadcrumb\",\"itemListElement\":[{\"@type\":\"ListItem\",\"position\":1,\"name\":\"Home\",\"item\":\"https:\/\/www.bagnoitalia.com\/fr\"},{\"@type\":\"ListItem\",\"position\":2,\"name\":\"Produits\",\"item\":\"https:\/\/www.bagnoitalia.com\/fr\/shop\"},{\"@type\":\"ListItem\",\"position\":3,\"name\":\"Table\/console extensible de 54 \u00e0 239 cm, 1 \u00e0 10 places, ch\u00eane, noir ou blanc TL015\"}]},{\"@type\":\"WebSite\",\"@id\":\"https:\/\/www.bagnoitalia.com\/fr#website\",\"url\":\"https:\/\/www.bagnoitalia.com\/fr\",\"name\":\"Bagno Italia\",\"description\":\"\",\"publisher\":{\"@id\":\"https:\/\/www.bagnoitalia.com\/fr#organization\"},\"potentialAction\":[{\"@type\":\"SearchAction\",\"target\":{\"@type\":\"EntryPoint\",\"urlTemplate\":\"https:\/\/www.bagnoitalia.com\/fr?s={search_term_string}\"},\"query-input\":{\"@type\":\"PropertyValueSpecification\",\"valueRequired\":true,\"valueName\":\"search_term_string\"}}],\"inLanguage\":\"fr-FR\"},{\"@type\":\"Organization\",\"@id\":\"https:\/\/www.bagnoitalia.com\/fr#organization\",\"name\":\"Bagno Italia\",\"url\":\"https:\/\/www.bagnoitalia.com\/fr\",\"logo\":{\"@type\":\"ImageObject\",\"inLanguage\":\"fr-FR\",\"@id\":\"https:\/\/www.bagnoitalia.com\/fr#\/schema\/logo\/image\/\",\"url\":\"https:\/\/img.bagnoitalia.com\/wp-content\/uploads\/logo-bagnoitalia.webp\",\"contentUrl\":\"https:\/\/img.bagnoitalia.com\/wp-content\/uploads\/logo-bagnoitalia.webp\",\"width\":400,\"height\":70,\"caption\":\"Bagno Italia\"},\"image\":{\"@id\":\"https:\/\/www.bagnoitalia.com\/fr#\/schema\/logo\/image\/\"}}]}<\/script>\n<!-- \/ Yoast SEO plugin. -->","yoast_head_json":{"title":"Table\/console extensible de 54 \u00e0 239 cm 10 places ch\u00eane gris TL015","description":"Console\/table extensible dans les configurations 54\/98\/145\/192\/239x90cm. En bois gris effet ch\u00eane. Jusqu'\u00e0 10 si\u00e8ges.","robots":{"index":"index","follow":"follow","max-snippet":"max-snippet:-1","max-image-preview":"max-image-preview:large","max-video-preview":"max-video-preview:-1"},"canonical":"https:\/\/www.bagnoitalia.com\/fr\/produit\/table-console-table-extendable-from-54-to-239-cm-10-seats-grey-oak-tl015-2.html","og_locale":"fr_FR","og_type":"article","og_title":"Table\/console extensible de 54 \u00e0 239 cm 10 places ch\u00eane gris TL015","og_description":"Console\/table extensible dans les configurations 54\/98\/145\/192\/239x90cm. En bois gris effet ch\u00eane. Jusqu'\u00e0 10 si\u00e8ges.","og_url":"https:\/\/www.bagnoitalia.com\/fr\/produit\/table-console-table-extendable-from-54-to-239-cm-10-seats-grey-oak-tl015-2.html","og_site_name":"Bagno Italia","article_modified_time":"2025-10-10T09:27:12+00:00","og_image":[{"width":550,"height":550,"url":"https:\/\/img.bagnoitalia.com\/wp-content\/uploads\/1-26.webp","type":"image\/webp"}],"twitter_card":"summary_large_image","twitter_misc":{"Dur\u00e9e de lecture estim\u00e9e":"1 minute"},"schema":{"@context":"https:\/\/schema.org","@graph":[{"@type":"WebPage","@id":"https:\/\/www.bagnoitalia.com\/fr\/produit\/table-console-table-extendable-from-54-to-239-cm-10-seats-grey-oak-tl015-2.html","url":"https:\/\/www.bagnoitalia.com\/fr\/produit\/table-console-table-extendable-from-54-to-239-cm-10-seats-grey-oak-tl015-2.html","name":"Table\/console extensible de 54 \u00e0 239 cm 10 places ch\u00eane gris TL015","isPartOf":{"@id":"https:\/\/www.bagnoitalia.com\/fr#website"},"primaryImageOfPage":{"@id":"https:\/\/www.bagnoitalia.com\/fr\/produit\/table-console-table-extendable-from-54-to-239-cm-10-seats-grey-oak-tl015-2.html#primaryimage"},"image":{"@id":"https:\/\/www.bagnoitalia.com\/fr\/produit\/table-console-table-extendable-from-54-to-239-cm-10-seats-grey-oak-tl015-2.html#primaryimage"},"thumbnailUrl":"https:\/\/img.bagnoitalia.com\/wp-content\/uploads\/tavolo-consolle-estensibile-da-54-a-239-cm-3-colori.jpg","datePublished":"2022-08-04T10:21:00+00:00","dateModified":"2025-10-10T09:27:12+00:00","description":"Console\/table extensible dans les configurations 54\/98\/145\/192\/239x90cm. En bois gris effet ch\u00eane. Jusqu'\u00e0 10 si\u00e8ges.","breadcrumb":{"@id":"https:\/\/www.bagnoitalia.com\/fr\/produit\/table-console-table-extendable-from-54-to-239-cm-10-seats-grey-oak-tl015-2.html#breadcrumb"},"inLanguage":"fr-FR","potentialAction":[{"@type":"ReadAction","target":["https:\/\/www.bagnoitalia.com\/fr\/produit\/table-console-table-extendable-from-54-to-239-cm-10-seats-grey-oak-tl015-2.html"]}]},{"@type":"ImageObject","inLanguage":"fr-FR","@id":"https:\/\/www.bagnoitalia.com\/fr\/produit\/table-console-table-extendable-from-54-to-239-cm-10-seats-grey-oak-tl015-2.html#primaryimage","url":"https:\/\/img.bagnoitalia.com\/wp-content\/uploads\/tavolo-consolle-estensibile-da-54-a-239-cm-3-colori.jpg","contentUrl":"https:\/\/img.bagnoitalia.com\/wp-content\/uploads\/tavolo-consolle-estensibile-da-54-a-239-cm-3-colori.jpg","width":1000,"height":1000},{"@type":"BreadcrumbList","@id":"https:\/\/www.bagnoitalia.com\/fr\/produit\/table-console-table-extendable-from-54-to-239-cm-10-seats-grey-oak-tl015-2.html#breadcrumb","itemListElement":[{"@type":"ListItem","position":1,"name":"Home","item":"https:\/\/www.bagnoitalia.com\/fr"},{"@type":"ListItem","position":2,"name":"Produits","item":"https:\/\/www.bagnoitalia.com\/fr\/shop"},{"@type":"ListItem","position":3,"name":"Table\/console extensible de 54 \u00e0 239 cm, 1 \u00e0 10 places, ch\u00eane, noir ou blanc TL015"}]},{"@type":"WebSite","@id":"https:\/\/www.bagnoitalia.com\/fr#website","url":"https:\/\/www.bagnoitalia.com\/fr","name":"Bagno Italia","description":"","publisher":{"@id":"https:\/\/www.bagnoitalia.com\/fr#organization"},"potentialAction":[{"@type":"SearchAction","target":{"@type":"EntryPoint","urlTemplate":"https:\/\/www.bagnoitalia.com\/fr?s={search_term_string}"},"query-input":{"@type":"PropertyValueSpecification","valueRequired":true,"valueName":"search_term_string"}}],"inLanguage":"fr-FR"},{"@type":"Organization","@id":"https:\/\/www.bagnoitalia.com\/fr#organization","name":"Bagno Italia","url":"https:\/\/www.bagnoitalia.com\/fr","logo":{"@type":"ImageObject","inLanguage":"fr-FR","@id":"https:\/\/www.bagnoitalia.com\/fr#\/schema\/logo\/image\/","url":"https:\/\/img.bagnoitalia.com\/wp-content\/uploads\/logo-bagnoitalia.webp","contentUrl":"https:\/\/img.bagnoitalia.com\/wp-content\/uploads\/logo-bagnoitalia.webp","width":400,"height":70,"caption":"Bagno Italia"},"image":{"@id":"https:\/\/www.bagnoitalia.com\/fr#\/schema\/logo\/image\/"}}]}},"_links":{"self":[{"href":"https:\/\/www.bagnoitalia.com\/fr\/wp-json\/wp\/v2\/product\/82284","targetHints":{"allow":["GET"]}}],"collection":[{"href":"https:\/\/www.bagnoitalia.com\/fr\/wp-json\/wp\/v2\/product"}],"about":[{"href":"https:\/\/www.bagnoitalia.com\/fr\/wp-json\/wp\/v2\/types\/product"}],"replies":[{"embeddable":true,"href":"https:\/\/www.bagnoitalia.com\/fr\/wp-json\/wp\/v2\/comments?post=82284"}],"version-history":[{"count":5,"href":"https:\/\/www.bagnoitalia.com\/fr\/wp-json\/wp\/v2\/product\/82284\/revisions"}],"predecessor-version":[{"id":112499,"href":"https:\/\/www.bagnoitalia.com\/fr\/wp-json\/wp\/v2\/product\/82284\/revisions\/112499"}],"wp:featuredmedia":[{"embeddable":true,"href":"https:\/\/www.bagnoitalia.com\/fr\/wp-json\/wp\/v2\/media\/112633"}],"wp:attachment":[{"href":"https:\/\/www.bagnoitalia.com\/fr\/wp-json\/wp\/v2\/media?parent=82284"}],"wp:term":[{"taxonomy":"product_brand","embeddable":true,"href":"https:\/\/www.bagnoitalia.com\/fr\/wp-json\/wp\/v2\/product_brand?post=82284"},{"taxonomy":"product_cat","embeddable":true,"href":"https:\/\/www.bagnoitalia.com\/fr\/wp-json\/wp\/v2\/product_cat?post=82284"},{"taxonomy":"product_tag","embeddable":true,"href":"https:\/\/www.bagnoitalia.com\/fr\/wp-json\/wp\/v2\/product_tag?post=82284"}],"curies":[{"name":"wp","href":"https:\/\/api.w.org\/{rel}","templated":true}]}}