{"id":82274,"date":"2022-08-04T10:34:38","date_gmt":"2022-08-04T08:34:38","guid":{"rendered":"https:\/\/www.bagnoitalia.com\/product\/counter-current-swimming-pool-580x220-cm-with-46-hydromassage-jets-bluetooth-ozone-therapy-mp37-2"},"modified":"2024-05-20T14:23:29","modified_gmt":"2024-05-20T12:23:29","slug":"counter-current-swimming-pool-580x220-cm-with-46-hydromassage-jets-bluetooth-ozone-therapy-mp37-2","status":"publish","type":"product","link":"https:\/\/www.bagnoitalia.com\/fr\/produit\/counter-current-swimming-pool-580x220-cm-with-46-hydromassage-jets-bluetooth-ozone-therapy-mp37-2.html","title":{"rendered":"Piscine \u00e0 contre-courant 580&#215;220 cm avec 46 jets d&rsquo;hydromassage bluetooth ozonoth\u00e9rapie MP37"},"content":{"rendered":"<p style=\"text-align: center;\"><span style=\"text-decoration: underline; color: #ff0000;\"><strong><span style=\"font-size: 14pt;\">WHIRLPOOL MP37<\/span><\/strong><\/span><\/p>\n<p>&nbsp;<\/p>\n<p style=\"text-align: justify;\"><span style=\"text-decoration: underline; color: #000000; font-size: 10pt;\"><strong>D\u00c9TAILS DU PRODUIT<\/strong><\/span><\/p>\n<p>whirlpool 580x220xH125 cm<\/p>\n<p>38 jets d&rsquo;hydromassage (dont 2 grands et orientables)<\/p>\n<p>8 jets pour la nage \u00e0 contre-courant<\/p>\n<p>m\u00e9langeur \u00e0 cascade<\/p>\n<p>2 si\u00e8ges avec coussin d&rsquo;appui-t\u00eate<\/p>\n<p>\u00e9cran de contr\u00f4le multifonctionnel<\/p>\n<p>radio<\/p>\n<p>haut-parleurs<\/p>\n<p>connexion bluetooth<\/p>\n<p>spots de chromoth\u00e9rapie<\/p>\n<p>aromath\u00e9rapie<\/p>\n<p>th\u00e9rapie \u00e0 l&rsquo;ozone<\/p>\n<p>chauffage<\/p>\n<p>syst\u00e8me de filtrage automatique<\/p>\n<p>cadre en acier inoxydable avec rev\u00eatement acrylique Aristech<\/p>\n<p>poids 1077kg<\/p>\n<p>capacit\u00e9 de 9000 litres<\/p>\n","protected":false},"excerpt":{"rendered":"<p>Bain \u00e0 remous multifonctionnel, avec 2 stations de relaxation, 8 jets pour la nage \u00e0 contre-courant, m\u00e9langeur \u00e0 cascade, aromath\u00e9rapie, chromoth\u00e9rapie, ozonoth\u00e9rapie, chauffage.<\/p>\n","protected":false},"featured_media":54290,"comment_status":"open","ping_status":"closed","template":"","meta":[],"product_brand":[5004],"product_cat":[10115],"product_tag":[],"class_list":{"0":"post-82274","1":"product","2":"type-product","3":"status-publish","4":"has-post-thumbnail","6":"product_brand-vari-produttori","7":"product_cat-senza-categoria-fr","9":"first","10":"outofstock","11":"taxable","12":"shipping-taxable","13":"purchasable","14":"product-type-simple"},"exclude_global_add_ons":false,"addons":[{"name":"Typologie","type":"multiple_choice","position":0,"required":true,"title_format":"heading","default":"","description_enable":false,"description":"","placeholder_enable":false,"placeholder":"","display":"select","restrictions_type":"any_text","adjust_price":false,"price":"","price_type":"flat_fee","restrictions":false,"min":"0","max":"0","options":[{"label":"gris","price":"","price_type":"quantity_based","image":0,"visibility":true},{"label":"marron","price":"","price_type":"quantity_based","image":0,"visibility":true}],"id":1716215009}],"yoast_head":"<!-- This site is optimized with the Yoast SEO plugin v26.7 - https:\/\/yoast.com\/wordpress\/plugins\/seo\/ -->\n<title>Counter-current swimming pool 580x220 cm with 46 hydromassage jets bluetooth ozone therapy MP37<\/title>\n<meta name=\"description\" content=\"Bain \u00e0 remous multifonctionnel, avec 2 stations de relaxation, 8 jets pour la nage \u00e0 contre-courant, m\u00e9langeur \u00e0 cascade, aromath\u00e9rapie, chromoth\u00e9rapie, ozonoth\u00e9rapie, chauffage.\" \/>\n<meta name=\"robots\" content=\"index, follow, max-snippet:-1, max-image-preview:large, max-video-preview:-1\" \/>\n<link rel=\"canonical\" href=\"https:\/\/www.bagnoitalia.com\/fr\/produit\/counter-current-swimming-pool-580x220-cm-with-46-hydromassage-jets-bluetooth-ozone-therapy-mp37-2.html\" \/>\n<meta property=\"og:locale\" content=\"fr_FR\" \/>\n<meta property=\"og:type\" content=\"article\" \/>\n<meta property=\"og:title\" content=\"Counter-current swimming pool 580x220 cm with 46 hydromassage jets bluetooth ozone therapy MP37\" \/>\n<meta property=\"og:description\" content=\"Bain \u00e0 remous multifonctionnel, avec 2 stations de relaxation, 8 jets pour la nage \u00e0 contre-courant, m\u00e9langeur \u00e0 cascade, aromath\u00e9rapie, chromoth\u00e9rapie, ozonoth\u00e9rapie, chauffage.\" \/>\n<meta property=\"og:url\" content=\"https:\/\/www.bagnoitalia.com\/fr\/produit\/counter-current-swimming-pool-580x220-cm-with-46-hydromassage-jets-bluetooth-ozone-therapy-mp37-2.html\" \/>\n<meta property=\"og:site_name\" content=\"Bagno Italia\" \/>\n<meta property=\"article:modified_time\" content=\"2024-05-20T12:23:29+00:00\" \/>\n<meta property=\"og:image\" content=\"https:\/\/img.bagnoitalia.com\/wp-content\/uploads\/virtuemart\/product\/mpis-0497-1.jpg\" \/>\n\t<meta property=\"og:image:width\" content=\"550\" \/>\n\t<meta property=\"og:image:height\" content=\"550\" \/>\n\t<meta property=\"og:image:type\" content=\"image\/jpeg\" \/>\n<meta name=\"twitter:card\" content=\"summary_large_image\" \/>\n<meta name=\"twitter:label1\" content=\"Dur\u00e9e de lecture estim\u00e9e\" \/>\n\t<meta name=\"twitter:data1\" content=\"1 minute\" \/>\n<script type=\"application\/ld+json\" class=\"yoast-schema-graph\">{\"@context\":\"https:\/\/schema.org\",\"@graph\":[{\"@type\":\"WebPage\",\"@id\":\"https:\/\/www.bagnoitalia.com\/fr\/produit\/counter-current-swimming-pool-580x220-cm-with-46-hydromassage-jets-bluetooth-ozone-therapy-mp37-2.html\",\"url\":\"https:\/\/www.bagnoitalia.com\/fr\/produit\/counter-current-swimming-pool-580x220-cm-with-46-hydromassage-jets-bluetooth-ozone-therapy-mp37-2.html\",\"name\":\"Counter-current swimming pool 580x220 cm with 46 hydromassage jets bluetooth ozone therapy MP37\",\"isPartOf\":{\"@id\":\"https:\/\/www.bagnoitalia.com\/fr#website\"},\"primaryImageOfPage\":{\"@id\":\"https:\/\/www.bagnoitalia.com\/fr\/produit\/counter-current-swimming-pool-580x220-cm-with-46-hydromassage-jets-bluetooth-ozone-therapy-mp37-2.html#primaryimage\"},\"image\":{\"@id\":\"https:\/\/www.bagnoitalia.com\/fr\/produit\/counter-current-swimming-pool-580x220-cm-with-46-hydromassage-jets-bluetooth-ozone-therapy-mp37-2.html#primaryimage\"},\"thumbnailUrl\":\"https:\/\/img.bagnoitalia.com\/wp-content\/uploads\/virtuemart\/product\/mpis-0497-1.jpg\",\"datePublished\":\"2022-08-04T08:34:38+00:00\",\"dateModified\":\"2024-05-20T12:23:29+00:00\",\"description\":\"Bain \u00e0 remous multifonctionnel, avec 2 stations de relaxation, 8 jets pour la nage \u00e0 contre-courant, m\u00e9langeur \u00e0 cascade, aromath\u00e9rapie, chromoth\u00e9rapie, ozonoth\u00e9rapie, chauffage.\",\"breadcrumb\":{\"@id\":\"https:\/\/www.bagnoitalia.com\/fr\/produit\/counter-current-swimming-pool-580x220-cm-with-46-hydromassage-jets-bluetooth-ozone-therapy-mp37-2.html#breadcrumb\"},\"inLanguage\":\"fr-FR\",\"potentialAction\":[{\"@type\":\"ReadAction\",\"target\":[\"https:\/\/www.bagnoitalia.com\/fr\/produit\/counter-current-swimming-pool-580x220-cm-with-46-hydromassage-jets-bluetooth-ozone-therapy-mp37-2.html\"]}]},{\"@type\":\"ImageObject\",\"inLanguage\":\"fr-FR\",\"@id\":\"https:\/\/www.bagnoitalia.com\/fr\/produit\/counter-current-swimming-pool-580x220-cm-with-46-hydromassage-jets-bluetooth-ozone-therapy-mp37-2.html#primaryimage\",\"url\":\"https:\/\/img.bagnoitalia.com\/wp-content\/uploads\/virtuemart\/product\/mpis-0497-1.jpg\",\"contentUrl\":\"https:\/\/img.bagnoitalia.com\/wp-content\/uploads\/virtuemart\/product\/mpis-0497-1.jpg\",\"width\":550,\"height\":550},{\"@type\":\"BreadcrumbList\",\"@id\":\"https:\/\/www.bagnoitalia.com\/fr\/produit\/counter-current-swimming-pool-580x220-cm-with-46-hydromassage-jets-bluetooth-ozone-therapy-mp37-2.html#breadcrumb\",\"itemListElement\":[{\"@type\":\"ListItem\",\"position\":1,\"name\":\"Home\",\"item\":\"https:\/\/www.bagnoitalia.com\/fr\"},{\"@type\":\"ListItem\",\"position\":2,\"name\":\"Produits\",\"item\":\"https:\/\/www.bagnoitalia.com\/fr\/shop\"},{\"@type\":\"ListItem\",\"position\":3,\"name\":\"Piscine \u00e0 contre-courant 580&#215;220 cm avec 46 jets d&#8217;hydromassage bluetooth ozonoth\u00e9rapie MP37\"}]},{\"@type\":\"WebSite\",\"@id\":\"https:\/\/www.bagnoitalia.com\/fr#website\",\"url\":\"https:\/\/www.bagnoitalia.com\/fr\",\"name\":\"Bagno Italia\",\"description\":\"\",\"publisher\":{\"@id\":\"https:\/\/www.bagnoitalia.com\/fr#organization\"},\"potentialAction\":[{\"@type\":\"SearchAction\",\"target\":{\"@type\":\"EntryPoint\",\"urlTemplate\":\"https:\/\/www.bagnoitalia.com\/fr?s={search_term_string}\"},\"query-input\":{\"@type\":\"PropertyValueSpecification\",\"valueRequired\":true,\"valueName\":\"search_term_string\"}}],\"inLanguage\":\"fr-FR\"},{\"@type\":\"Organization\",\"@id\":\"https:\/\/www.bagnoitalia.com\/fr#organization\",\"name\":\"Bagno Italia\",\"url\":\"https:\/\/www.bagnoitalia.com\/fr\",\"logo\":{\"@type\":\"ImageObject\",\"inLanguage\":\"fr-FR\",\"@id\":\"https:\/\/www.bagnoitalia.com\/fr#\/schema\/logo\/image\/\",\"url\":\"https:\/\/img.bagnoitalia.com\/wp-content\/uploads\/logo-bagnoitalia.webp\",\"contentUrl\":\"https:\/\/img.bagnoitalia.com\/wp-content\/uploads\/logo-bagnoitalia.webp\",\"width\":400,\"height\":70,\"caption\":\"Bagno Italia\"},\"image\":{\"@id\":\"https:\/\/www.bagnoitalia.com\/fr#\/schema\/logo\/image\/\"}}]}<\/script>\n<!-- \/ Yoast SEO plugin. -->","yoast_head_json":{"title":"Counter-current swimming pool 580x220 cm with 46 hydromassage jets bluetooth ozone therapy MP37","description":"Bain \u00e0 remous multifonctionnel, avec 2 stations de relaxation, 8 jets pour la nage \u00e0 contre-courant, m\u00e9langeur \u00e0 cascade, aromath\u00e9rapie, chromoth\u00e9rapie, ozonoth\u00e9rapie, chauffage.","robots":{"index":"index","follow":"follow","max-snippet":"max-snippet:-1","max-image-preview":"max-image-preview:large","max-video-preview":"max-video-preview:-1"},"canonical":"https:\/\/www.bagnoitalia.com\/fr\/produit\/counter-current-swimming-pool-580x220-cm-with-46-hydromassage-jets-bluetooth-ozone-therapy-mp37-2.html","og_locale":"fr_FR","og_type":"article","og_title":"Counter-current swimming pool 580x220 cm with 46 hydromassage jets bluetooth ozone therapy MP37","og_description":"Bain \u00e0 remous multifonctionnel, avec 2 stations de relaxation, 8 jets pour la nage \u00e0 contre-courant, m\u00e9langeur \u00e0 cascade, aromath\u00e9rapie, chromoth\u00e9rapie, ozonoth\u00e9rapie, chauffage.","og_url":"https:\/\/www.bagnoitalia.com\/fr\/produit\/counter-current-swimming-pool-580x220-cm-with-46-hydromassage-jets-bluetooth-ozone-therapy-mp37-2.html","og_site_name":"Bagno Italia","article_modified_time":"2024-05-20T12:23:29+00:00","og_image":[{"width":550,"height":550,"url":"https:\/\/img.bagnoitalia.com\/wp-content\/uploads\/virtuemart\/product\/mpis-0497-1.jpg","type":"image\/jpeg"}],"twitter_card":"summary_large_image","twitter_misc":{"Dur\u00e9e de lecture estim\u00e9e":"1 minute"},"schema":{"@context":"https:\/\/schema.org","@graph":[{"@type":"WebPage","@id":"https:\/\/www.bagnoitalia.com\/fr\/produit\/counter-current-swimming-pool-580x220-cm-with-46-hydromassage-jets-bluetooth-ozone-therapy-mp37-2.html","url":"https:\/\/www.bagnoitalia.com\/fr\/produit\/counter-current-swimming-pool-580x220-cm-with-46-hydromassage-jets-bluetooth-ozone-therapy-mp37-2.html","name":"Counter-current swimming pool 580x220 cm with 46 hydromassage jets bluetooth ozone therapy MP37","isPartOf":{"@id":"https:\/\/www.bagnoitalia.com\/fr#website"},"primaryImageOfPage":{"@id":"https:\/\/www.bagnoitalia.com\/fr\/produit\/counter-current-swimming-pool-580x220-cm-with-46-hydromassage-jets-bluetooth-ozone-therapy-mp37-2.html#primaryimage"},"image":{"@id":"https:\/\/www.bagnoitalia.com\/fr\/produit\/counter-current-swimming-pool-580x220-cm-with-46-hydromassage-jets-bluetooth-ozone-therapy-mp37-2.html#primaryimage"},"thumbnailUrl":"https:\/\/img.bagnoitalia.com\/wp-content\/uploads\/virtuemart\/product\/mpis-0497-1.jpg","datePublished":"2022-08-04T08:34:38+00:00","dateModified":"2024-05-20T12:23:29+00:00","description":"Bain \u00e0 remous multifonctionnel, avec 2 stations de relaxation, 8 jets pour la nage \u00e0 contre-courant, m\u00e9langeur \u00e0 cascade, aromath\u00e9rapie, chromoth\u00e9rapie, ozonoth\u00e9rapie, chauffage.","breadcrumb":{"@id":"https:\/\/www.bagnoitalia.com\/fr\/produit\/counter-current-swimming-pool-580x220-cm-with-46-hydromassage-jets-bluetooth-ozone-therapy-mp37-2.html#breadcrumb"},"inLanguage":"fr-FR","potentialAction":[{"@type":"ReadAction","target":["https:\/\/www.bagnoitalia.com\/fr\/produit\/counter-current-swimming-pool-580x220-cm-with-46-hydromassage-jets-bluetooth-ozone-therapy-mp37-2.html"]}]},{"@type":"ImageObject","inLanguage":"fr-FR","@id":"https:\/\/www.bagnoitalia.com\/fr\/produit\/counter-current-swimming-pool-580x220-cm-with-46-hydromassage-jets-bluetooth-ozone-therapy-mp37-2.html#primaryimage","url":"https:\/\/img.bagnoitalia.com\/wp-content\/uploads\/virtuemart\/product\/mpis-0497-1.jpg","contentUrl":"https:\/\/img.bagnoitalia.com\/wp-content\/uploads\/virtuemart\/product\/mpis-0497-1.jpg","width":550,"height":550},{"@type":"BreadcrumbList","@id":"https:\/\/www.bagnoitalia.com\/fr\/produit\/counter-current-swimming-pool-580x220-cm-with-46-hydromassage-jets-bluetooth-ozone-therapy-mp37-2.html#breadcrumb","itemListElement":[{"@type":"ListItem","position":1,"name":"Home","item":"https:\/\/www.bagnoitalia.com\/fr"},{"@type":"ListItem","position":2,"name":"Produits","item":"https:\/\/www.bagnoitalia.com\/fr\/shop"},{"@type":"ListItem","position":3,"name":"Piscine \u00e0 contre-courant 580&#215;220 cm avec 46 jets d&#8217;hydromassage bluetooth ozonoth\u00e9rapie MP37"}]},{"@type":"WebSite","@id":"https:\/\/www.bagnoitalia.com\/fr#website","url":"https:\/\/www.bagnoitalia.com\/fr","name":"Bagno Italia","description":"","publisher":{"@id":"https:\/\/www.bagnoitalia.com\/fr#organization"},"potentialAction":[{"@type":"SearchAction","target":{"@type":"EntryPoint","urlTemplate":"https:\/\/www.bagnoitalia.com\/fr?s={search_term_string}"},"query-input":{"@type":"PropertyValueSpecification","valueRequired":true,"valueName":"search_term_string"}}],"inLanguage":"fr-FR"},{"@type":"Organization","@id":"https:\/\/www.bagnoitalia.com\/fr#organization","name":"Bagno Italia","url":"https:\/\/www.bagnoitalia.com\/fr","logo":{"@type":"ImageObject","inLanguage":"fr-FR","@id":"https:\/\/www.bagnoitalia.com\/fr#\/schema\/logo\/image\/","url":"https:\/\/img.bagnoitalia.com\/wp-content\/uploads\/logo-bagnoitalia.webp","contentUrl":"https:\/\/img.bagnoitalia.com\/wp-content\/uploads\/logo-bagnoitalia.webp","width":400,"height":70,"caption":"Bagno Italia"},"image":{"@id":"https:\/\/www.bagnoitalia.com\/fr#\/schema\/logo\/image\/"}}]}},"_links":{"self":[{"href":"https:\/\/www.bagnoitalia.com\/fr\/wp-json\/wp\/v2\/product\/82274","targetHints":{"allow":["GET"]}}],"collection":[{"href":"https:\/\/www.bagnoitalia.com\/fr\/wp-json\/wp\/v2\/product"}],"about":[{"href":"https:\/\/www.bagnoitalia.com\/fr\/wp-json\/wp\/v2\/types\/product"}],"replies":[{"embeddable":true,"href":"https:\/\/www.bagnoitalia.com\/fr\/wp-json\/wp\/v2\/comments?post=82274"}],"version-history":[{"count":1,"href":"https:\/\/www.bagnoitalia.com\/fr\/wp-json\/wp\/v2\/product\/82274\/revisions"}],"predecessor-version":[{"id":86726,"href":"https:\/\/www.bagnoitalia.com\/fr\/wp-json\/wp\/v2\/product\/82274\/revisions\/86726"}],"wp:featuredmedia":[{"embeddable":true,"href":"https:\/\/www.bagnoitalia.com\/fr\/wp-json\/wp\/v2\/media\/54290"}],"wp:attachment":[{"href":"https:\/\/www.bagnoitalia.com\/fr\/wp-json\/wp\/v2\/media?parent=82274"}],"wp:term":[{"taxonomy":"product_brand","embeddable":true,"href":"https:\/\/www.bagnoitalia.com\/fr\/wp-json\/wp\/v2\/product_brand?post=82274"},{"taxonomy":"product_cat","embeddable":true,"href":"https:\/\/www.bagnoitalia.com\/fr\/wp-json\/wp\/v2\/product_cat?post=82274"},{"taxonomy":"product_tag","embeddable":true,"href":"https:\/\/www.bagnoitalia.com\/fr\/wp-json\/wp\/v2\/product_tag?post=82274"}],"curies":[{"name":"wp","href":"https:\/\/api.w.org\/{rel}","templated":true}]}}