{"id":82270,"date":"2022-08-04T10:16:36","date_gmt":"2022-08-04T08:16:36","guid":{"rendered":"https:\/\/www.bagnoitalia.com\/product\/living-room-table-in-various-sizes-160x85-180x90-200x100-220x100-cm-with-black-or-chrome-x-frame-tl019-2"},"modified":"2024-06-04T14:58:14","modified_gmt":"2024-06-04T12:58:14","slug":"living-room-table-in-various-sizes-160x85-180x90-200x100-220x100-cm-with-black-or-chrome-x-frame-tl019-2","status":"publish","type":"product","link":"https:\/\/www.bagnoitalia.com\/fr\/produit\/living-room-table-in-various-sizes-160x85-180x90-200x100-220x100-cm-with-black-or-chrome-x-frame-tl019-2.html","title":{"rendered":"Table de salon en diff\u00e9rentes tailles 160&#215;85, 180&#215;90, 200&#215;100, 220&#215;100 cm avec cadre \u00ab\u00a0x\u00a0\u00bb noir ou chrom\u00e9 TL019"},"content":{"rendered":"<p style=\"text-align: center;\"><span style=\"text-decoration: underline; color: #ff0000; font-size: 14pt;\"><strong>TABLE \u00c0 MANGER EN BOIS DE MANGUIER<\/strong><\/span><\/p>\n<p>&nbsp;<\/p>\n<p><span style=\"text-decoration: underline;\"><strong>DESCRIPTION DU PRODUIT :<\/strong><\/span><\/p>\n<p>Dimensions disponibles :<\/p>\n<p>160x85cm<br \/>\n190x90cm<br \/>\n200x100cm<br \/>\n220x100cm<\/p>\n<p>Hauteur : 77cm<\/p>\n<p>Mat\u00e9riau du dessus : bois de manguier<\/p>\n<p>Finition du dessus : bois naturel<\/p>\n<p>Hauteur du sommet : 2,6 cm<\/p>\n<p>Mat\u00e9riau de la structure : acier<\/p>\n<p>Type de jambe : section en \u00ab\u00a0X\u00a0\u00bb crois\u00e9e 8x4cm<\/p>\n<p>Finition des pieds : NOIR ou CHROME<\/p>\n<p>&nbsp;<\/p>\n<p>&nbsp;<\/p>\n<p>&nbsp;<\/p>\n<p>&nbsp;<\/p>\n<p>&nbsp;<\/p>\n<p>&nbsp;<\/p>\n<p>&nbsp;<\/p>\n<p>FRE-16XN<\/p>\n<p>FRE-16X<\/p>\n<p>FRE-18XN<\/p>\n<p>FRE-18X<\/p>\n<p>FRE-71XN<\/p>\n<p>FRE-71X<\/p>\n<p>FRE-22XN<\/p>\n<p>FRE-22X<\/p>\n","protected":false},"excerpt":{"rendered":"<p>Table de salle \u00e0 manger ou de salon en bois de manguier et pieds en &lsquo;X&rsquo; disponibles en finition noire ou chrom\u00e9e. Tailles disponibles : 160x85cm, 180x90cm, 200x100cm, 220x100cm. Design moderne et industriel.<\/p>\n","protected":false},"featured_media":54242,"comment_status":"open","ping_status":"closed","template":"","meta":[],"product_brand":[5006],"product_cat":[10006],"product_tag":[],"class_list":{"0":"post-82270","1":"product","2":"type-product","3":"status-publish","4":"has-post-thumbnail","6":"product_brand-deghi","7":"product_cat-tables-fr","9":"first","10":"instock","11":"sale","12":"taxable","13":"shipping-taxable","14":"purchasable","15":"product-type-simple"},"exclude_global_add_ons":false,"addons":[{"name":"Typologie","type":"multiple_choice","position":0,"required":true,"title_format":"heading","default":"","description_enable":false,"description":"","placeholder_enable":false,"placeholder":"","display":"select","restrictions_type":"any_text","adjust_price":false,"price":"","price_type":"flat_fee","restrictions":false,"min":"0","max":"0","options":[{"label":"160x85cm - NOIR","price":"","price_type":"quantity_based","image":0,"visibility":true},{"label":"160x85cm - CHROM\u00c9","price":"59.02","price_type":"quantity_based","image":0,"visibility":true},{"label":"180x90cm - NOIR","price":"39.34","price_type":"quantity_based","image":0,"visibility":true},{"label":"180x90cm - CHROM\u00c9","price":"98.36","price_type":"quantity_based","image":0,"visibility":true},{"label":"200x100cm - NOIR","price":"148.52","price_type":"quantity_based","image":0,"visibility":true},{"label":"200x100cm - CHROM\u00c9","price":"216.39","price_type":"quantity_based","image":0,"visibility":true},{"label":"220x100cm - NOIR","price":"196.72","price_type":"quantity_based","image":0,"visibility":true},{"label":"220x100cm - CHROM\u00c9","price":"261.64","price_type":"quantity_based","image":0,"visibility":true}],"id":1717513094}],"yoast_head":"<!-- This site is optimized with the Yoast SEO plugin v26.7 - https:\/\/yoast.com\/wordpress\/plugins\/seo\/ -->\n<title>Table de salon en diff\u00e9rentes tailles 160x85, 180x90, 200x100, 220x100 cm avec cadre &quot;x&quot; noir ou chrom\u00e9 TL019 - Bagno Italia<\/title>\n<meta name=\"description\" content=\"Table de salle \u00e0 manger ou de salon en bois de manguier et pieds en &#039;X&#039; disponibles en finition noire ou chrom\u00e9e. Tailles disponibles : 160x85cm, 180x90cm, 200x100cm, 220x100cm. Design moderne et industriel.\" \/>\n<meta name=\"robots\" content=\"index, follow, max-snippet:-1, max-image-preview:large, max-video-preview:-1\" \/>\n<link rel=\"canonical\" href=\"https:\/\/www.bagnoitalia.com\/fr\/produit\/living-room-table-in-various-sizes-160x85-180x90-200x100-220x100-cm-with-black-or-chrome-x-frame-tl019-2.html\" \/>\n<meta property=\"og:locale\" content=\"fr_FR\" \/>\n<meta property=\"og:type\" content=\"article\" \/>\n<meta property=\"og:title\" content=\"Table de salon en diff\u00e9rentes tailles 160x85, 180x90, 200x100, 220x100 cm avec cadre &quot;x&quot; noir ou chrom\u00e9 TL019 - Bagno Italia\" \/>\n<meta property=\"og:description\" content=\"Table de salle \u00e0 manger ou de salon en bois de manguier et pieds en &#039;X&#039; disponibles en finition noire ou chrom\u00e9e. Tailles disponibles : 160x85cm, 180x90cm, 200x100cm, 220x100cm. Design moderne et industriel.\" \/>\n<meta property=\"og:url\" content=\"https:\/\/www.bagnoitalia.com\/fr\/produit\/living-room-table-in-various-sizes-160x85-180x90-200x100-220x100-cm-with-black-or-chrome-x-frame-tl019-2.html\" \/>\n<meta property=\"og:site_name\" content=\"Bagno Italia\" \/>\n<meta property=\"article:modified_time\" content=\"2024-06-04T12:58:14+00:00\" \/>\n<meta property=\"og:image\" content=\"https:\/\/img.bagnoitalia.com\/wp-content\/uploads\/virtuemart\/product\/tav019-1.jpg\" \/>\n\t<meta property=\"og:image:width\" content=\"550\" \/>\n\t<meta property=\"og:image:height\" content=\"550\" \/>\n\t<meta property=\"og:image:type\" content=\"image\/jpeg\" \/>\n<meta name=\"twitter:card\" content=\"summary_large_image\" \/>\n<meta name=\"twitter:label1\" content=\"Dur\u00e9e de lecture estim\u00e9e\" \/>\n\t<meta name=\"twitter:data1\" content=\"1 minute\" \/>\n<script type=\"application\/ld+json\" class=\"yoast-schema-graph\">{\"@context\":\"https:\/\/schema.org\",\"@graph\":[{\"@type\":\"WebPage\",\"@id\":\"https:\/\/www.bagnoitalia.com\/fr\/produit\/living-room-table-in-various-sizes-160x85-180x90-200x100-220x100-cm-with-black-or-chrome-x-frame-tl019-2.html\",\"url\":\"https:\/\/www.bagnoitalia.com\/fr\/produit\/living-room-table-in-various-sizes-160x85-180x90-200x100-220x100-cm-with-black-or-chrome-x-frame-tl019-2.html\",\"name\":\"Table de salon en diff\u00e9rentes tailles 160x85, 180x90, 200x100, 220x100 cm avec cadre \\\"x\\\" noir ou chrom\u00e9 TL019 - Bagno Italia\",\"isPartOf\":{\"@id\":\"https:\/\/www.bagnoitalia.com\/fr#website\"},\"primaryImageOfPage\":{\"@id\":\"https:\/\/www.bagnoitalia.com\/fr\/produit\/living-room-table-in-various-sizes-160x85-180x90-200x100-220x100-cm-with-black-or-chrome-x-frame-tl019-2.html#primaryimage\"},\"image\":{\"@id\":\"https:\/\/www.bagnoitalia.com\/fr\/produit\/living-room-table-in-various-sizes-160x85-180x90-200x100-220x100-cm-with-black-or-chrome-x-frame-tl019-2.html#primaryimage\"},\"thumbnailUrl\":\"https:\/\/img.bagnoitalia.com\/wp-content\/uploads\/virtuemart\/product\/tav019-1.jpg\",\"datePublished\":\"2022-08-04T08:16:36+00:00\",\"dateModified\":\"2024-06-04T12:58:14+00:00\",\"description\":\"Table de salle \u00e0 manger ou de salon en bois de manguier et pieds en 'X' disponibles en finition noire ou chrom\u00e9e. Tailles disponibles : 160x85cm, 180x90cm, 200x100cm, 220x100cm. Design moderne et industriel.\",\"breadcrumb\":{\"@id\":\"https:\/\/www.bagnoitalia.com\/fr\/produit\/living-room-table-in-various-sizes-160x85-180x90-200x100-220x100-cm-with-black-or-chrome-x-frame-tl019-2.html#breadcrumb\"},\"inLanguage\":\"fr-FR\",\"potentialAction\":[{\"@type\":\"ReadAction\",\"target\":[\"https:\/\/www.bagnoitalia.com\/fr\/produit\/living-room-table-in-various-sizes-160x85-180x90-200x100-220x100-cm-with-black-or-chrome-x-frame-tl019-2.html\"]}]},{\"@type\":\"ImageObject\",\"inLanguage\":\"fr-FR\",\"@id\":\"https:\/\/www.bagnoitalia.com\/fr\/produit\/living-room-table-in-various-sizes-160x85-180x90-200x100-220x100-cm-with-black-or-chrome-x-frame-tl019-2.html#primaryimage\",\"url\":\"https:\/\/img.bagnoitalia.com\/wp-content\/uploads\/virtuemart\/product\/tav019-1.jpg\",\"contentUrl\":\"https:\/\/img.bagnoitalia.com\/wp-content\/uploads\/virtuemart\/product\/tav019-1.jpg\",\"width\":550,\"height\":550},{\"@type\":\"BreadcrumbList\",\"@id\":\"https:\/\/www.bagnoitalia.com\/fr\/produit\/living-room-table-in-various-sizes-160x85-180x90-200x100-220x100-cm-with-black-or-chrome-x-frame-tl019-2.html#breadcrumb\",\"itemListElement\":[{\"@type\":\"ListItem\",\"position\":1,\"name\":\"Home\",\"item\":\"https:\/\/www.bagnoitalia.com\/fr\"},{\"@type\":\"ListItem\",\"position\":2,\"name\":\"Produits\",\"item\":\"https:\/\/www.bagnoitalia.com\/fr\/shop\"},{\"@type\":\"ListItem\",\"position\":3,\"name\":\"Table de salon en diff\u00e9rentes tailles 160&#215;85, 180&#215;90, 200&#215;100, 220&#215;100 cm avec cadre &#8220;x&#8221; noir ou chrom\u00e9 TL019\"}]},{\"@type\":\"WebSite\",\"@id\":\"https:\/\/www.bagnoitalia.com\/fr#website\",\"url\":\"https:\/\/www.bagnoitalia.com\/fr\",\"name\":\"Bagno Italia\",\"description\":\"\",\"publisher\":{\"@id\":\"https:\/\/www.bagnoitalia.com\/fr#organization\"},\"potentialAction\":[{\"@type\":\"SearchAction\",\"target\":{\"@type\":\"EntryPoint\",\"urlTemplate\":\"https:\/\/www.bagnoitalia.com\/fr?s={search_term_string}\"},\"query-input\":{\"@type\":\"PropertyValueSpecification\",\"valueRequired\":true,\"valueName\":\"search_term_string\"}}],\"inLanguage\":\"fr-FR\"},{\"@type\":\"Organization\",\"@id\":\"https:\/\/www.bagnoitalia.com\/fr#organization\",\"name\":\"Bagno Italia\",\"url\":\"https:\/\/www.bagnoitalia.com\/fr\",\"logo\":{\"@type\":\"ImageObject\",\"inLanguage\":\"fr-FR\",\"@id\":\"https:\/\/www.bagnoitalia.com\/fr#\/schema\/logo\/image\/\",\"url\":\"https:\/\/img.bagnoitalia.com\/wp-content\/uploads\/logo-bagnoitalia.webp\",\"contentUrl\":\"https:\/\/img.bagnoitalia.com\/wp-content\/uploads\/logo-bagnoitalia.webp\",\"width\":400,\"height\":70,\"caption\":\"Bagno Italia\"},\"image\":{\"@id\":\"https:\/\/www.bagnoitalia.com\/fr#\/schema\/logo\/image\/\"}}]}<\/script>\n<!-- \/ Yoast SEO plugin. -->","yoast_head_json":{"title":"Table de salon en diff\u00e9rentes tailles 160x85, 180x90, 200x100, 220x100 cm avec cadre \"x\" noir ou chrom\u00e9 TL019 - Bagno Italia","description":"Table de salle \u00e0 manger ou de salon en bois de manguier et pieds en 'X' disponibles en finition noire ou chrom\u00e9e. Tailles disponibles : 160x85cm, 180x90cm, 200x100cm, 220x100cm. Design moderne et industriel.","robots":{"index":"index","follow":"follow","max-snippet":"max-snippet:-1","max-image-preview":"max-image-preview:large","max-video-preview":"max-video-preview:-1"},"canonical":"https:\/\/www.bagnoitalia.com\/fr\/produit\/living-room-table-in-various-sizes-160x85-180x90-200x100-220x100-cm-with-black-or-chrome-x-frame-tl019-2.html","og_locale":"fr_FR","og_type":"article","og_title":"Table de salon en diff\u00e9rentes tailles 160x85, 180x90, 200x100, 220x100 cm avec cadre \"x\" noir ou chrom\u00e9 TL019 - Bagno Italia","og_description":"Table de salle \u00e0 manger ou de salon en bois de manguier et pieds en 'X' disponibles en finition noire ou chrom\u00e9e. Tailles disponibles : 160x85cm, 180x90cm, 200x100cm, 220x100cm. Design moderne et industriel.","og_url":"https:\/\/www.bagnoitalia.com\/fr\/produit\/living-room-table-in-various-sizes-160x85-180x90-200x100-220x100-cm-with-black-or-chrome-x-frame-tl019-2.html","og_site_name":"Bagno Italia","article_modified_time":"2024-06-04T12:58:14+00:00","og_image":[{"width":550,"height":550,"url":"https:\/\/img.bagnoitalia.com\/wp-content\/uploads\/virtuemart\/product\/tav019-1.jpg","type":"image\/jpeg"}],"twitter_card":"summary_large_image","twitter_misc":{"Dur\u00e9e de lecture estim\u00e9e":"1 minute"},"schema":{"@context":"https:\/\/schema.org","@graph":[{"@type":"WebPage","@id":"https:\/\/www.bagnoitalia.com\/fr\/produit\/living-room-table-in-various-sizes-160x85-180x90-200x100-220x100-cm-with-black-or-chrome-x-frame-tl019-2.html","url":"https:\/\/www.bagnoitalia.com\/fr\/produit\/living-room-table-in-various-sizes-160x85-180x90-200x100-220x100-cm-with-black-or-chrome-x-frame-tl019-2.html","name":"Table de salon en diff\u00e9rentes tailles 160x85, 180x90, 200x100, 220x100 cm avec cadre \"x\" noir ou chrom\u00e9 TL019 - Bagno Italia","isPartOf":{"@id":"https:\/\/www.bagnoitalia.com\/fr#website"},"primaryImageOfPage":{"@id":"https:\/\/www.bagnoitalia.com\/fr\/produit\/living-room-table-in-various-sizes-160x85-180x90-200x100-220x100-cm-with-black-or-chrome-x-frame-tl019-2.html#primaryimage"},"image":{"@id":"https:\/\/www.bagnoitalia.com\/fr\/produit\/living-room-table-in-various-sizes-160x85-180x90-200x100-220x100-cm-with-black-or-chrome-x-frame-tl019-2.html#primaryimage"},"thumbnailUrl":"https:\/\/img.bagnoitalia.com\/wp-content\/uploads\/virtuemart\/product\/tav019-1.jpg","datePublished":"2022-08-04T08:16:36+00:00","dateModified":"2024-06-04T12:58:14+00:00","description":"Table de salle \u00e0 manger ou de salon en bois de manguier et pieds en 'X' disponibles en finition noire ou chrom\u00e9e. Tailles disponibles : 160x85cm, 180x90cm, 200x100cm, 220x100cm. Design moderne et industriel.","breadcrumb":{"@id":"https:\/\/www.bagnoitalia.com\/fr\/produit\/living-room-table-in-various-sizes-160x85-180x90-200x100-220x100-cm-with-black-or-chrome-x-frame-tl019-2.html#breadcrumb"},"inLanguage":"fr-FR","potentialAction":[{"@type":"ReadAction","target":["https:\/\/www.bagnoitalia.com\/fr\/produit\/living-room-table-in-various-sizes-160x85-180x90-200x100-220x100-cm-with-black-or-chrome-x-frame-tl019-2.html"]}]},{"@type":"ImageObject","inLanguage":"fr-FR","@id":"https:\/\/www.bagnoitalia.com\/fr\/produit\/living-room-table-in-various-sizes-160x85-180x90-200x100-220x100-cm-with-black-or-chrome-x-frame-tl019-2.html#primaryimage","url":"https:\/\/img.bagnoitalia.com\/wp-content\/uploads\/virtuemart\/product\/tav019-1.jpg","contentUrl":"https:\/\/img.bagnoitalia.com\/wp-content\/uploads\/virtuemart\/product\/tav019-1.jpg","width":550,"height":550},{"@type":"BreadcrumbList","@id":"https:\/\/www.bagnoitalia.com\/fr\/produit\/living-room-table-in-various-sizes-160x85-180x90-200x100-220x100-cm-with-black-or-chrome-x-frame-tl019-2.html#breadcrumb","itemListElement":[{"@type":"ListItem","position":1,"name":"Home","item":"https:\/\/www.bagnoitalia.com\/fr"},{"@type":"ListItem","position":2,"name":"Produits","item":"https:\/\/www.bagnoitalia.com\/fr\/shop"},{"@type":"ListItem","position":3,"name":"Table de salon en diff\u00e9rentes tailles 160&#215;85, 180&#215;90, 200&#215;100, 220&#215;100 cm avec cadre &#8220;x&#8221; noir ou chrom\u00e9 TL019"}]},{"@type":"WebSite","@id":"https:\/\/www.bagnoitalia.com\/fr#website","url":"https:\/\/www.bagnoitalia.com\/fr","name":"Bagno Italia","description":"","publisher":{"@id":"https:\/\/www.bagnoitalia.com\/fr#organization"},"potentialAction":[{"@type":"SearchAction","target":{"@type":"EntryPoint","urlTemplate":"https:\/\/www.bagnoitalia.com\/fr?s={search_term_string}"},"query-input":{"@type":"PropertyValueSpecification","valueRequired":true,"valueName":"search_term_string"}}],"inLanguage":"fr-FR"},{"@type":"Organization","@id":"https:\/\/www.bagnoitalia.com\/fr#organization","name":"Bagno Italia","url":"https:\/\/www.bagnoitalia.com\/fr","logo":{"@type":"ImageObject","inLanguage":"fr-FR","@id":"https:\/\/www.bagnoitalia.com\/fr#\/schema\/logo\/image\/","url":"https:\/\/img.bagnoitalia.com\/wp-content\/uploads\/logo-bagnoitalia.webp","contentUrl":"https:\/\/img.bagnoitalia.com\/wp-content\/uploads\/logo-bagnoitalia.webp","width":400,"height":70,"caption":"Bagno Italia"},"image":{"@id":"https:\/\/www.bagnoitalia.com\/fr#\/schema\/logo\/image\/"}}]}},"_links":{"self":[{"href":"https:\/\/www.bagnoitalia.com\/fr\/wp-json\/wp\/v2\/product\/82270","targetHints":{"allow":["GET"]}}],"collection":[{"href":"https:\/\/www.bagnoitalia.com\/fr\/wp-json\/wp\/v2\/product"}],"about":[{"href":"https:\/\/www.bagnoitalia.com\/fr\/wp-json\/wp\/v2\/types\/product"}],"replies":[{"embeddable":true,"href":"https:\/\/www.bagnoitalia.com\/fr\/wp-json\/wp\/v2\/comments?post=82270"}],"version-history":[{"count":1,"href":"https:\/\/www.bagnoitalia.com\/fr\/wp-json\/wp\/v2\/product\/82270\/revisions"}],"predecessor-version":[{"id":89278,"href":"https:\/\/www.bagnoitalia.com\/fr\/wp-json\/wp\/v2\/product\/82270\/revisions\/89278"}],"wp:featuredmedia":[{"embeddable":true,"href":"https:\/\/www.bagnoitalia.com\/fr\/wp-json\/wp\/v2\/media\/54242"}],"wp:attachment":[{"href":"https:\/\/www.bagnoitalia.com\/fr\/wp-json\/wp\/v2\/media?parent=82270"}],"wp:term":[{"taxonomy":"product_brand","embeddable":true,"href":"https:\/\/www.bagnoitalia.com\/fr\/wp-json\/wp\/v2\/product_brand?post=82270"},{"taxonomy":"product_cat","embeddable":true,"href":"https:\/\/www.bagnoitalia.com\/fr\/wp-json\/wp\/v2\/product_cat?post=82270"},{"taxonomy":"product_tag","embeddable":true,"href":"https:\/\/www.bagnoitalia.com\/fr\/wp-json\/wp\/v2\/product_tag?post=82270"}],"curies":[{"name":"wp","href":"https:\/\/api.w.org\/{rel}","templated":true}]}}