{"id":82228,"date":"2022-03-30T07:47:46","date_gmt":"2022-03-30T05:47:46","guid":{"rendered":"https:\/\/www.bagnoitalia.com\/product\/mini-piscine-d-39-hydromassage-carree-210x210-cm-avec-48-jets-d-39-ozonotherapie-radio-led-mp35"},"modified":"2024-12-05T15:17:05","modified_gmt":"2024-12-05T14:17:05","slug":"mini-piscine-d-39-hydromassage-carree-210x210-cm-avec-48-jets-d-39-ozonotherapie-radio-led-mp35","status":"publish","type":"product","link":"https:\/\/www.bagnoitalia.com\/fr\/produit\/mini-piscine-d-39-hydromassage-carree-210x210-cm-avec-48-jets-d-39-ozonotherapie-radio-led-mp35.html","title":{"rendered":"Baignoire baln\u00e9o carr\u00e9e 210&#215;210 cm avec 52 jets ozonoth\u00e9rapie led radio MP35"},"content":{"rendered":"<p>SQUARE WHIRLPOOL MP35<\/p>\n<p>&nbsp;<\/p>\n<p>&nbsp;<\/p>\n<p>D\u00c9TAILS :<\/p>\n<p>Mini bain \u00e0 remous de 210x210xH95 cm<\/p>\n<p>52 jets d&rsquo;hydromassage<\/p>\n<p>6 places (5 places assises et 1 chaise longue)<\/p>\n<p>capacit\u00e9 maximale : 1430 L<\/p>\n<p>\u00e9cran de contr\u00f4le<\/p>\n<p>syst\u00e8me d&rsquo;isolation thermique<\/p>\n<p>th\u00e9rapie \u00e0 l&rsquo;ozone<\/p>\n<p>radio<\/p>\n<p>connexion bluetooth<\/p>\n<p>lampes LED<\/p>\n<p>chauffage<\/p>\n<p>couverture incluse<\/p>\n<p>\u00e9chelle incluse<\/p>\n<p>&nbsp;<\/p>\n<p>CARACT\u00c9RISTIQUES TECHNIQUES<\/p>\n<p>2 pompes d&rsquo;hydromassage de 1,5 kW<\/p>\n<p>1 pompe de recirculation de l&rsquo;eau de 0,35 kW<\/p>\n<p>Puissance totale : 6,4 kW<\/p>\n<p>Puissance du chauffage : 3 kW<\/p>\n<p>Tension d&rsquo;alimentation : 220 &#8211; 240V 50Hz ou 380V 50Hz<\/p>\n<p>&nbsp;<\/p>\n<p>&nbsp;<\/p>\n<p>&nbsp;<\/p>\n<p>&nbsp;<\/p>\n<p>&nbsp;<\/p>\n<p>&nbsp;<\/p>\n<p>SPA12<\/p>\n<p>&nbsp;<\/p>\n","protected":false},"excerpt":{"rendered":"<p>mini-piscine ext\u00e9rieure, avec double pompe d&rsquo;hydromassage et 6 stations de relaxation. \u00c9quip\u00e9e d&rsquo;une connexion Bluetooth, d&rsquo;une radio, d&rsquo;une th\u00e9rapie \u00e0 l&rsquo;ozone et de lumi\u00e8res LED.<\/p>\n","protected":false},"featured_media":117275,"comment_status":"open","ping_status":"closed","template":"","meta":[],"product_brand":[9942],"product_cat":[10069],"product_tag":[],"class_list":{"0":"post-82228","1":"product","2":"type-product","3":"status-publish","4":"has-post-thumbnail","6":"product_brand-sanotechnik-italia-fr","7":"product_cat-piscines-exterieures-a-hydromassage","9":"first","10":"instock","11":"sale","12":"taxable","13":"shipping-taxable","14":"purchasable","15":"product-type-simple"},"exclude_global_add_ons":[],"addons":[],"yoast_head":"<!-- This site is optimized with the Yoast SEO plugin v26.7 - https:\/\/yoast.com\/wordpress\/plugins\/seo\/ -->\n<title>Mini-piscine d&#039;hydromassage carr\u00e9e 210x210 cm avec 48 jets d&#039;ozonoth\u00e9rapie radio led MP35<\/title>\n<meta name=\"description\" content=\"mini-piscine ext\u00e9rieure, avec double pompe d&#039;hydromassage et 6 stations de relaxation. \u00c9quip\u00e9 d&#039;une connexion Bluetooth, d&#039;une radio avec haut-parleurs, d&#039;une th\u00e9rapie \u00e0 l&#039;ozone, de lumi\u00e8res LED.\" \/>\n<meta name=\"robots\" content=\"index, follow, max-snippet:-1, max-image-preview:large, max-video-preview:-1\" \/>\n<link rel=\"canonical\" href=\"https:\/\/www.bagnoitalia.com\/fr\/produit\/mini-piscine-d-39-hydromassage-carree-210x210-cm-avec-48-jets-d-39-ozonotherapie-radio-led-mp35.html\" \/>\n<meta property=\"og:locale\" content=\"fr_FR\" \/>\n<meta property=\"og:type\" content=\"article\" \/>\n<meta property=\"og:title\" content=\"Mini-piscine d&#039;hydromassage carr\u00e9e 210x210 cm avec 48 jets d&#039;ozonoth\u00e9rapie radio led MP35\" \/>\n<meta property=\"og:description\" content=\"mini-piscine ext\u00e9rieure, avec double pompe d&#039;hydromassage et 6 stations de relaxation. \u00c9quip\u00e9 d&#039;une connexion Bluetooth, d&#039;une radio avec haut-parleurs, d&#039;une th\u00e9rapie \u00e0 l&#039;ozone, de lumi\u00e8res LED.\" \/>\n<meta property=\"og:url\" content=\"https:\/\/www.bagnoitalia.com\/fr\/produit\/mini-piscine-d-39-hydromassage-carree-210x210-cm-avec-48-jets-d-39-ozonotherapie-radio-led-mp35.html\" \/>\n<meta property=\"og:site_name\" content=\"Bagno Italia\" \/>\n<meta property=\"article:modified_time\" content=\"2024-12-05T14:17:05+00:00\" \/>\n<meta property=\"og:image\" content=\"https:\/\/img.bagnoitalia.com\/wp-content\/uploads\/minipiscina-idromassaggio-quadrata-210x210-cm.jpg\" \/>\n\t<meta property=\"og:image:width\" content=\"1000\" \/>\n\t<meta property=\"og:image:height\" content=\"1000\" \/>\n\t<meta property=\"og:image:type\" content=\"image\/jpeg\" \/>\n<meta name=\"twitter:card\" content=\"summary_large_image\" \/>\n<meta name=\"twitter:label1\" content=\"Dur\u00e9e de lecture estim\u00e9e\" \/>\n\t<meta name=\"twitter:data1\" content=\"1 minute\" \/>\n<script type=\"application\/ld+json\" class=\"yoast-schema-graph\">{\"@context\":\"https:\/\/schema.org\",\"@graph\":[{\"@type\":\"WebPage\",\"@id\":\"https:\/\/www.bagnoitalia.com\/fr\/produit\/mini-piscine-d-39-hydromassage-carree-210x210-cm-avec-48-jets-d-39-ozonotherapie-radio-led-mp35.html\",\"url\":\"https:\/\/www.bagnoitalia.com\/fr\/produit\/mini-piscine-d-39-hydromassage-carree-210x210-cm-avec-48-jets-d-39-ozonotherapie-radio-led-mp35.html\",\"name\":\"Mini-piscine d'hydromassage carr\u00e9e 210x210 cm avec 48 jets d'ozonoth\u00e9rapie radio led MP35\",\"isPartOf\":{\"@id\":\"https:\/\/www.bagnoitalia.com\/fr#website\"},\"primaryImageOfPage\":{\"@id\":\"https:\/\/www.bagnoitalia.com\/fr\/produit\/mini-piscine-d-39-hydromassage-carree-210x210-cm-avec-48-jets-d-39-ozonotherapie-radio-led-mp35.html#primaryimage\"},\"image\":{\"@id\":\"https:\/\/www.bagnoitalia.com\/fr\/produit\/mini-piscine-d-39-hydromassage-carree-210x210-cm-avec-48-jets-d-39-ozonotherapie-radio-led-mp35.html#primaryimage\"},\"thumbnailUrl\":\"https:\/\/img.bagnoitalia.com\/wp-content\/uploads\/minipiscina-idromassaggio-quadrata-210x210-cm.jpg\",\"datePublished\":\"2022-03-30T05:47:46+00:00\",\"dateModified\":\"2024-12-05T14:17:05+00:00\",\"description\":\"mini-piscine ext\u00e9rieure, avec double pompe d'hydromassage et 6 stations de relaxation. \u00c9quip\u00e9 d'une connexion Bluetooth, d'une radio avec haut-parleurs, d'une th\u00e9rapie \u00e0 l'ozone, de lumi\u00e8res LED.\",\"breadcrumb\":{\"@id\":\"https:\/\/www.bagnoitalia.com\/fr\/produit\/mini-piscine-d-39-hydromassage-carree-210x210-cm-avec-48-jets-d-39-ozonotherapie-radio-led-mp35.html#breadcrumb\"},\"inLanguage\":\"fr-FR\",\"potentialAction\":[{\"@type\":\"ReadAction\",\"target\":[\"https:\/\/www.bagnoitalia.com\/fr\/produit\/mini-piscine-d-39-hydromassage-carree-210x210-cm-avec-48-jets-d-39-ozonotherapie-radio-led-mp35.html\"]}]},{\"@type\":\"ImageObject\",\"inLanguage\":\"fr-FR\",\"@id\":\"https:\/\/www.bagnoitalia.com\/fr\/produit\/mini-piscine-d-39-hydromassage-carree-210x210-cm-avec-48-jets-d-39-ozonotherapie-radio-led-mp35.html#primaryimage\",\"url\":\"https:\/\/img.bagnoitalia.com\/wp-content\/uploads\/minipiscina-idromassaggio-quadrata-210x210-cm.jpg\",\"contentUrl\":\"https:\/\/img.bagnoitalia.com\/wp-content\/uploads\/minipiscina-idromassaggio-quadrata-210x210-cm.jpg\",\"width\":1000,\"height\":1000},{\"@type\":\"BreadcrumbList\",\"@id\":\"https:\/\/www.bagnoitalia.com\/fr\/produit\/mini-piscine-d-39-hydromassage-carree-210x210-cm-avec-48-jets-d-39-ozonotherapie-radio-led-mp35.html#breadcrumb\",\"itemListElement\":[{\"@type\":\"ListItem\",\"position\":1,\"name\":\"Home\",\"item\":\"https:\/\/www.bagnoitalia.com\/fr\"},{\"@type\":\"ListItem\",\"position\":2,\"name\":\"Produits\",\"item\":\"https:\/\/www.bagnoitalia.com\/fr\/shop\"},{\"@type\":\"ListItem\",\"position\":3,\"name\":\"Baignoire baln\u00e9o carr\u00e9e 210&#215;210 cm avec 52 jets ozonoth\u00e9rapie led radio MP35\"}]},{\"@type\":\"WebSite\",\"@id\":\"https:\/\/www.bagnoitalia.com\/fr#website\",\"url\":\"https:\/\/www.bagnoitalia.com\/fr\",\"name\":\"Bagno Italia\",\"description\":\"\",\"publisher\":{\"@id\":\"https:\/\/www.bagnoitalia.com\/fr#organization\"},\"potentialAction\":[{\"@type\":\"SearchAction\",\"target\":{\"@type\":\"EntryPoint\",\"urlTemplate\":\"https:\/\/www.bagnoitalia.com\/fr?s={search_term_string}\"},\"query-input\":{\"@type\":\"PropertyValueSpecification\",\"valueRequired\":true,\"valueName\":\"search_term_string\"}}],\"inLanguage\":\"fr-FR\"},{\"@type\":\"Organization\",\"@id\":\"https:\/\/www.bagnoitalia.com\/fr#organization\",\"name\":\"Bagno Italia\",\"url\":\"https:\/\/www.bagnoitalia.com\/fr\",\"logo\":{\"@type\":\"ImageObject\",\"inLanguage\":\"fr-FR\",\"@id\":\"https:\/\/www.bagnoitalia.com\/fr#\/schema\/logo\/image\/\",\"url\":\"https:\/\/img.bagnoitalia.com\/wp-content\/uploads\/logo-bagnoitalia.webp\",\"contentUrl\":\"https:\/\/img.bagnoitalia.com\/wp-content\/uploads\/logo-bagnoitalia.webp\",\"width\":400,\"height\":70,\"caption\":\"Bagno Italia\"},\"image\":{\"@id\":\"https:\/\/www.bagnoitalia.com\/fr#\/schema\/logo\/image\/\"}}]}<\/script>\n<!-- \/ Yoast SEO plugin. -->","yoast_head_json":{"title":"Mini-piscine d'hydromassage carr\u00e9e 210x210 cm avec 48 jets d'ozonoth\u00e9rapie radio led MP35","description":"mini-piscine ext\u00e9rieure, avec double pompe d'hydromassage et 6 stations de relaxation. \u00c9quip\u00e9 d'une connexion Bluetooth, d'une radio avec haut-parleurs, d'une th\u00e9rapie \u00e0 l'ozone, de lumi\u00e8res LED.","robots":{"index":"index","follow":"follow","max-snippet":"max-snippet:-1","max-image-preview":"max-image-preview:large","max-video-preview":"max-video-preview:-1"},"canonical":"https:\/\/www.bagnoitalia.com\/fr\/produit\/mini-piscine-d-39-hydromassage-carree-210x210-cm-avec-48-jets-d-39-ozonotherapie-radio-led-mp35.html","og_locale":"fr_FR","og_type":"article","og_title":"Mini-piscine d'hydromassage carr\u00e9e 210x210 cm avec 48 jets d'ozonoth\u00e9rapie radio led MP35","og_description":"mini-piscine ext\u00e9rieure, avec double pompe d'hydromassage et 6 stations de relaxation. \u00c9quip\u00e9 d'une connexion Bluetooth, d'une radio avec haut-parleurs, d'une th\u00e9rapie \u00e0 l'ozone, de lumi\u00e8res LED.","og_url":"https:\/\/www.bagnoitalia.com\/fr\/produit\/mini-piscine-d-39-hydromassage-carree-210x210-cm-avec-48-jets-d-39-ozonotherapie-radio-led-mp35.html","og_site_name":"Bagno Italia","article_modified_time":"2024-12-05T14:17:05+00:00","og_image":[{"width":1000,"height":1000,"url":"https:\/\/img.bagnoitalia.com\/wp-content\/uploads\/minipiscina-idromassaggio-quadrata-210x210-cm.jpg","type":"image\/jpeg"}],"twitter_card":"summary_large_image","twitter_misc":{"Dur\u00e9e de lecture estim\u00e9e":"1 minute"},"schema":{"@context":"https:\/\/schema.org","@graph":[{"@type":"WebPage","@id":"https:\/\/www.bagnoitalia.com\/fr\/produit\/mini-piscine-d-39-hydromassage-carree-210x210-cm-avec-48-jets-d-39-ozonotherapie-radio-led-mp35.html","url":"https:\/\/www.bagnoitalia.com\/fr\/produit\/mini-piscine-d-39-hydromassage-carree-210x210-cm-avec-48-jets-d-39-ozonotherapie-radio-led-mp35.html","name":"Mini-piscine d'hydromassage carr\u00e9e 210x210 cm avec 48 jets d'ozonoth\u00e9rapie radio led MP35","isPartOf":{"@id":"https:\/\/www.bagnoitalia.com\/fr#website"},"primaryImageOfPage":{"@id":"https:\/\/www.bagnoitalia.com\/fr\/produit\/mini-piscine-d-39-hydromassage-carree-210x210-cm-avec-48-jets-d-39-ozonotherapie-radio-led-mp35.html#primaryimage"},"image":{"@id":"https:\/\/www.bagnoitalia.com\/fr\/produit\/mini-piscine-d-39-hydromassage-carree-210x210-cm-avec-48-jets-d-39-ozonotherapie-radio-led-mp35.html#primaryimage"},"thumbnailUrl":"https:\/\/img.bagnoitalia.com\/wp-content\/uploads\/minipiscina-idromassaggio-quadrata-210x210-cm.jpg","datePublished":"2022-03-30T05:47:46+00:00","dateModified":"2024-12-05T14:17:05+00:00","description":"mini-piscine ext\u00e9rieure, avec double pompe d'hydromassage et 6 stations de relaxation. \u00c9quip\u00e9 d'une connexion Bluetooth, d'une radio avec haut-parleurs, d'une th\u00e9rapie \u00e0 l'ozone, de lumi\u00e8res LED.","breadcrumb":{"@id":"https:\/\/www.bagnoitalia.com\/fr\/produit\/mini-piscine-d-39-hydromassage-carree-210x210-cm-avec-48-jets-d-39-ozonotherapie-radio-led-mp35.html#breadcrumb"},"inLanguage":"fr-FR","potentialAction":[{"@type":"ReadAction","target":["https:\/\/www.bagnoitalia.com\/fr\/produit\/mini-piscine-d-39-hydromassage-carree-210x210-cm-avec-48-jets-d-39-ozonotherapie-radio-led-mp35.html"]}]},{"@type":"ImageObject","inLanguage":"fr-FR","@id":"https:\/\/www.bagnoitalia.com\/fr\/produit\/mini-piscine-d-39-hydromassage-carree-210x210-cm-avec-48-jets-d-39-ozonotherapie-radio-led-mp35.html#primaryimage","url":"https:\/\/img.bagnoitalia.com\/wp-content\/uploads\/minipiscina-idromassaggio-quadrata-210x210-cm.jpg","contentUrl":"https:\/\/img.bagnoitalia.com\/wp-content\/uploads\/minipiscina-idromassaggio-quadrata-210x210-cm.jpg","width":1000,"height":1000},{"@type":"BreadcrumbList","@id":"https:\/\/www.bagnoitalia.com\/fr\/produit\/mini-piscine-d-39-hydromassage-carree-210x210-cm-avec-48-jets-d-39-ozonotherapie-radio-led-mp35.html#breadcrumb","itemListElement":[{"@type":"ListItem","position":1,"name":"Home","item":"https:\/\/www.bagnoitalia.com\/fr"},{"@type":"ListItem","position":2,"name":"Produits","item":"https:\/\/www.bagnoitalia.com\/fr\/shop"},{"@type":"ListItem","position":3,"name":"Baignoire baln\u00e9o carr\u00e9e 210&#215;210 cm avec 52 jets ozonoth\u00e9rapie led radio MP35"}]},{"@type":"WebSite","@id":"https:\/\/www.bagnoitalia.com\/fr#website","url":"https:\/\/www.bagnoitalia.com\/fr","name":"Bagno Italia","description":"","publisher":{"@id":"https:\/\/www.bagnoitalia.com\/fr#organization"},"potentialAction":[{"@type":"SearchAction","target":{"@type":"EntryPoint","urlTemplate":"https:\/\/www.bagnoitalia.com\/fr?s={search_term_string}"},"query-input":{"@type":"PropertyValueSpecification","valueRequired":true,"valueName":"search_term_string"}}],"inLanguage":"fr-FR"},{"@type":"Organization","@id":"https:\/\/www.bagnoitalia.com\/fr#organization","name":"Bagno Italia","url":"https:\/\/www.bagnoitalia.com\/fr","logo":{"@type":"ImageObject","inLanguage":"fr-FR","@id":"https:\/\/www.bagnoitalia.com\/fr#\/schema\/logo\/image\/","url":"https:\/\/img.bagnoitalia.com\/wp-content\/uploads\/logo-bagnoitalia.webp","contentUrl":"https:\/\/img.bagnoitalia.com\/wp-content\/uploads\/logo-bagnoitalia.webp","width":400,"height":70,"caption":"Bagno Italia"},"image":{"@id":"https:\/\/www.bagnoitalia.com\/fr#\/schema\/logo\/image\/"}}]}},"_links":{"self":[{"href":"https:\/\/www.bagnoitalia.com\/fr\/wp-json\/wp\/v2\/product\/82228","targetHints":{"allow":["GET"]}}],"collection":[{"href":"https:\/\/www.bagnoitalia.com\/fr\/wp-json\/wp\/v2\/product"}],"about":[{"href":"https:\/\/www.bagnoitalia.com\/fr\/wp-json\/wp\/v2\/types\/product"}],"replies":[{"embeddable":true,"href":"https:\/\/www.bagnoitalia.com\/fr\/wp-json\/wp\/v2\/comments?post=82228"}],"version-history":[{"count":2,"href":"https:\/\/www.bagnoitalia.com\/fr\/wp-json\/wp\/v2\/product\/82228\/revisions"}],"predecessor-version":[{"id":98288,"href":"https:\/\/www.bagnoitalia.com\/fr\/wp-json\/wp\/v2\/product\/82228\/revisions\/98288"}],"wp:featuredmedia":[{"embeddable":true,"href":"https:\/\/www.bagnoitalia.com\/fr\/wp-json\/wp\/v2\/media\/117275"}],"wp:attachment":[{"href":"https:\/\/www.bagnoitalia.com\/fr\/wp-json\/wp\/v2\/media?parent=82228"}],"wp:term":[{"taxonomy":"product_brand","embeddable":true,"href":"https:\/\/www.bagnoitalia.com\/fr\/wp-json\/wp\/v2\/product_brand?post=82228"},{"taxonomy":"product_cat","embeddable":true,"href":"https:\/\/www.bagnoitalia.com\/fr\/wp-json\/wp\/v2\/product_cat?post=82228"},{"taxonomy":"product_tag","embeddable":true,"href":"https:\/\/www.bagnoitalia.com\/fr\/wp-json\/wp\/v2\/product_tag?post=82228"}],"curies":[{"name":"wp","href":"https:\/\/api.w.org\/{rel}","templated":true}]}}