{"id":82224,"date":"2022-03-30T07:47:46","date_gmt":"2022-03-30T05:47:46","guid":{"rendered":"https:\/\/www.bagnoitalia.com\/product\/bain-a-remous-exterieur-3-places-205x130-cm-35-jets-bluetooth-ozonotherapie-led-mp34"},"modified":"2024-12-05T16:21:15","modified_gmt":"2024-12-05T15:21:15","slug":"bain-a-remous-exterieur-3-places-205x130-cm-35-jets-bluetooth-ozonotherapie-led-mp34","status":"publish","type":"product","link":"https:\/\/www.bagnoitalia.com\/fr\/produit\/bain-a-remous-exterieur-3-places-205x130-cm-35-jets-bluetooth-ozonotherapie-led-mp34.html","title":{"rendered":"Bain \u00e0 remous ext\u00e9rieur 3 places 205&#215;130 cm 35 jets bluetooth ozonoth\u00e9rapie led MP34"},"content":{"rendered":"<p style=\"text-align: center;\"><span style=\"text-decoration: underline;\"><strong><span style=\"font-size: 18pt;\">MP34 MINI BAIN TOURBILLON<\/span><br \/>\n<\/strong><\/span><\/p>\n<p><strong>CARACT\u00c9RISTIQUES DU PRODUIT:<br \/>\n<\/strong><\/p>\n<p>Spa ext\u00e9rieur de 205x130xH70 cm<\/p>\n<p>Pompe \u00e0 eau 2,35kW<\/p>\n<p>Pompe de recirculation d&rsquo;eau de 0,35 kW<\/p>\n<p>35 jets hydromassants<\/p>\n<p>3 places (2 places et 1 m\u00e9ridienne)<\/p>\n<p>capacit\u00e9 maximale 590 litres<\/p>\n<p>panneau de commande<\/p>\n<p>Syst\u00e8me d&rsquo;isolation thermique<\/p>\n<p>d\u00e9sinfection \u00e0 l&rsquo;ozone<\/p>\n<p>radio<\/p>\n<p>2 haut-parleurs<\/p>\n<p>Bluetooth<\/p>\n<p>\u00c9clairage LED<\/p>\n<p>Puissance totale : 5,7 kW<\/p>\n<p>Puissance de chauffe : 3 kW<\/p>\n<p>Tension d&rsquo;alimentation : 220 &#8211; 240V 50Hz ou 380V 50Hz<\/p>\n","protected":false},"excerpt":{"rendered":"<p>mini piscine spa \u00e0 remous, adapt\u00e9e \u00e0 une installation en ext\u00e9rieur. 3 postes de d\u00e9tente (1 chaise longue et 2 si\u00e8ges). Enti\u00e8rement facultatif.<\/p>\n","protected":false},"featured_media":98515,"comment_status":"open","ping_status":"closed","template":"","meta":[],"product_brand":[9942],"product_cat":[10069],"product_tag":[],"class_list":{"0":"post-82224","1":"product","2":"type-product","3":"status-publish","4":"has-post-thumbnail","6":"product_brand-sanotechnik-italia-fr","7":"product_cat-piscines-exterieures-a-hydromassage","9":"first","10":"instock","11":"sale","12":"taxable","13":"shipping-taxable","14":"purchasable","15":"product-type-simple"},"exclude_global_add_ons":[],"addons":[],"yoast_head":"<!-- This site is optimized with the Yoast SEO plugin v26.7 - https:\/\/yoast.com\/wordpress\/plugins\/seo\/ -->\n<title>Bain \u00e0 remous ext\u00e9rieur 3 places 205x130 cm 35 jets bluetooth ozonoth\u00e9rapie led MP34<\/title>\n<meta name=\"description\" content=\"mini piscine spa \u00e0 remous, adapt\u00e9e \u00e0 une installation en ext\u00e9rieur. 3 postes de d\u00e9tente (1 chaise longue et 2 si\u00e8ges). Enti\u00e8rement facultatif.\" \/>\n<meta name=\"robots\" content=\"index, follow, max-snippet:-1, max-image-preview:large, max-video-preview:-1\" \/>\n<link rel=\"canonical\" href=\"https:\/\/www.bagnoitalia.com\/fr\/produit\/bain-a-remous-exterieur-3-places-205x130-cm-35-jets-bluetooth-ozonotherapie-led-mp34.html\" \/>\n<meta property=\"og:locale\" content=\"fr_FR\" \/>\n<meta property=\"og:type\" content=\"article\" \/>\n<meta property=\"og:title\" content=\"Bain \u00e0 remous ext\u00e9rieur 3 places 205x130 cm 35 jets bluetooth ozonoth\u00e9rapie led MP34\" \/>\n<meta property=\"og:description\" content=\"mini piscine spa \u00e0 remous, adapt\u00e9e \u00e0 une installation en ext\u00e9rieur. 3 postes de d\u00e9tente (1 chaise longue et 2 si\u00e8ges). Enti\u00e8rement facultatif.\" \/>\n<meta property=\"og:url\" content=\"https:\/\/www.bagnoitalia.com\/fr\/produit\/bain-a-remous-exterieur-3-places-205x130-cm-35-jets-bluetooth-ozonotherapie-led-mp34.html\" \/>\n<meta property=\"og:site_name\" content=\"Bagno Italia\" \/>\n<meta property=\"article:modified_time\" content=\"2024-12-05T15:21:15+00:00\" \/>\n<meta property=\"og:image\" content=\"https:\/\/img.bagnoitalia.com\/wp-content\/uploads\/1-69.webp\" \/>\n\t<meta property=\"og:image:width\" content=\"550\" \/>\n\t<meta property=\"og:image:height\" content=\"550\" \/>\n\t<meta property=\"og:image:type\" content=\"image\/webp\" \/>\n<meta name=\"twitter:card\" content=\"summary_large_image\" \/>\n<meta name=\"twitter:label1\" content=\"Dur\u00e9e de lecture estim\u00e9e\" \/>\n\t<meta name=\"twitter:data1\" content=\"1 minute\" \/>\n<script type=\"application\/ld+json\" class=\"yoast-schema-graph\">{\"@context\":\"https:\/\/schema.org\",\"@graph\":[{\"@type\":\"WebPage\",\"@id\":\"https:\/\/www.bagnoitalia.com\/fr\/produit\/bain-a-remous-exterieur-3-places-205x130-cm-35-jets-bluetooth-ozonotherapie-led-mp34.html\",\"url\":\"https:\/\/www.bagnoitalia.com\/fr\/produit\/bain-a-remous-exterieur-3-places-205x130-cm-35-jets-bluetooth-ozonotherapie-led-mp34.html\",\"name\":\"Bain \u00e0 remous ext\u00e9rieur 3 places 205x130 cm 35 jets bluetooth ozonoth\u00e9rapie led MP34\",\"isPartOf\":{\"@id\":\"https:\/\/www.bagnoitalia.com\/fr#website\"},\"primaryImageOfPage\":{\"@id\":\"https:\/\/www.bagnoitalia.com\/fr\/produit\/bain-a-remous-exterieur-3-places-205x130-cm-35-jets-bluetooth-ozonotherapie-led-mp34.html#primaryimage\"},\"image\":{\"@id\":\"https:\/\/www.bagnoitalia.com\/fr\/produit\/bain-a-remous-exterieur-3-places-205x130-cm-35-jets-bluetooth-ozonotherapie-led-mp34.html#primaryimage\"},\"thumbnailUrl\":\"https:\/\/img.bagnoitalia.com\/wp-content\/uploads\/1-69.webp\",\"datePublished\":\"2022-03-30T05:47:46+00:00\",\"dateModified\":\"2024-12-05T15:21:15+00:00\",\"description\":\"mini piscine spa \u00e0 remous, adapt\u00e9e \u00e0 une installation en ext\u00e9rieur. 3 postes de d\u00e9tente (1 chaise longue et 2 si\u00e8ges). Enti\u00e8rement facultatif.\",\"breadcrumb\":{\"@id\":\"https:\/\/www.bagnoitalia.com\/fr\/produit\/bain-a-remous-exterieur-3-places-205x130-cm-35-jets-bluetooth-ozonotherapie-led-mp34.html#breadcrumb\"},\"inLanguage\":\"fr-FR\",\"potentialAction\":[{\"@type\":\"ReadAction\",\"target\":[\"https:\/\/www.bagnoitalia.com\/fr\/produit\/bain-a-remous-exterieur-3-places-205x130-cm-35-jets-bluetooth-ozonotherapie-led-mp34.html\"]}]},{\"@type\":\"ImageObject\",\"inLanguage\":\"fr-FR\",\"@id\":\"https:\/\/www.bagnoitalia.com\/fr\/produit\/bain-a-remous-exterieur-3-places-205x130-cm-35-jets-bluetooth-ozonotherapie-led-mp34.html#primaryimage\",\"url\":\"https:\/\/img.bagnoitalia.com\/wp-content\/uploads\/1-69.webp\",\"contentUrl\":\"https:\/\/img.bagnoitalia.com\/wp-content\/uploads\/1-69.webp\",\"width\":550,\"height\":550},{\"@type\":\"BreadcrumbList\",\"@id\":\"https:\/\/www.bagnoitalia.com\/fr\/produit\/bain-a-remous-exterieur-3-places-205x130-cm-35-jets-bluetooth-ozonotherapie-led-mp34.html#breadcrumb\",\"itemListElement\":[{\"@type\":\"ListItem\",\"position\":1,\"name\":\"Home\",\"item\":\"https:\/\/www.bagnoitalia.com\/fr\"},{\"@type\":\"ListItem\",\"position\":2,\"name\":\"Produits\",\"item\":\"https:\/\/www.bagnoitalia.com\/fr\/shop\"},{\"@type\":\"ListItem\",\"position\":3,\"name\":\"Bain \u00e0 remous ext\u00e9rieur 3 places 205&#215;130 cm 35 jets bluetooth ozonoth\u00e9rapie led MP34\"}]},{\"@type\":\"WebSite\",\"@id\":\"https:\/\/www.bagnoitalia.com\/fr#website\",\"url\":\"https:\/\/www.bagnoitalia.com\/fr\",\"name\":\"Bagno Italia\",\"description\":\"\",\"publisher\":{\"@id\":\"https:\/\/www.bagnoitalia.com\/fr#organization\"},\"potentialAction\":[{\"@type\":\"SearchAction\",\"target\":{\"@type\":\"EntryPoint\",\"urlTemplate\":\"https:\/\/www.bagnoitalia.com\/fr?s={search_term_string}\"},\"query-input\":{\"@type\":\"PropertyValueSpecification\",\"valueRequired\":true,\"valueName\":\"search_term_string\"}}],\"inLanguage\":\"fr-FR\"},{\"@type\":\"Organization\",\"@id\":\"https:\/\/www.bagnoitalia.com\/fr#organization\",\"name\":\"Bagno Italia\",\"url\":\"https:\/\/www.bagnoitalia.com\/fr\",\"logo\":{\"@type\":\"ImageObject\",\"inLanguage\":\"fr-FR\",\"@id\":\"https:\/\/www.bagnoitalia.com\/fr#\/schema\/logo\/image\/\",\"url\":\"https:\/\/img.bagnoitalia.com\/wp-content\/uploads\/logo-bagnoitalia.webp\",\"contentUrl\":\"https:\/\/img.bagnoitalia.com\/wp-content\/uploads\/logo-bagnoitalia.webp\",\"width\":400,\"height\":70,\"caption\":\"Bagno Italia\"},\"image\":{\"@id\":\"https:\/\/www.bagnoitalia.com\/fr#\/schema\/logo\/image\/\"}}]}<\/script>\n<!-- \/ Yoast SEO plugin. -->","yoast_head_json":{"title":"Bain \u00e0 remous ext\u00e9rieur 3 places 205x130 cm 35 jets bluetooth ozonoth\u00e9rapie led MP34","description":"mini piscine spa \u00e0 remous, adapt\u00e9e \u00e0 une installation en ext\u00e9rieur. 3 postes de d\u00e9tente (1 chaise longue et 2 si\u00e8ges). Enti\u00e8rement facultatif.","robots":{"index":"index","follow":"follow","max-snippet":"max-snippet:-1","max-image-preview":"max-image-preview:large","max-video-preview":"max-video-preview:-1"},"canonical":"https:\/\/www.bagnoitalia.com\/fr\/produit\/bain-a-remous-exterieur-3-places-205x130-cm-35-jets-bluetooth-ozonotherapie-led-mp34.html","og_locale":"fr_FR","og_type":"article","og_title":"Bain \u00e0 remous ext\u00e9rieur 3 places 205x130 cm 35 jets bluetooth ozonoth\u00e9rapie led MP34","og_description":"mini piscine spa \u00e0 remous, adapt\u00e9e \u00e0 une installation en ext\u00e9rieur. 3 postes de d\u00e9tente (1 chaise longue et 2 si\u00e8ges). Enti\u00e8rement facultatif.","og_url":"https:\/\/www.bagnoitalia.com\/fr\/produit\/bain-a-remous-exterieur-3-places-205x130-cm-35-jets-bluetooth-ozonotherapie-led-mp34.html","og_site_name":"Bagno Italia","article_modified_time":"2024-12-05T15:21:15+00:00","og_image":[{"width":550,"height":550,"url":"https:\/\/img.bagnoitalia.com\/wp-content\/uploads\/1-69.webp","type":"image\/webp"}],"twitter_card":"summary_large_image","twitter_misc":{"Dur\u00e9e de lecture estim\u00e9e":"1 minute"},"schema":{"@context":"https:\/\/schema.org","@graph":[{"@type":"WebPage","@id":"https:\/\/www.bagnoitalia.com\/fr\/produit\/bain-a-remous-exterieur-3-places-205x130-cm-35-jets-bluetooth-ozonotherapie-led-mp34.html","url":"https:\/\/www.bagnoitalia.com\/fr\/produit\/bain-a-remous-exterieur-3-places-205x130-cm-35-jets-bluetooth-ozonotherapie-led-mp34.html","name":"Bain \u00e0 remous ext\u00e9rieur 3 places 205x130 cm 35 jets bluetooth ozonoth\u00e9rapie led MP34","isPartOf":{"@id":"https:\/\/www.bagnoitalia.com\/fr#website"},"primaryImageOfPage":{"@id":"https:\/\/www.bagnoitalia.com\/fr\/produit\/bain-a-remous-exterieur-3-places-205x130-cm-35-jets-bluetooth-ozonotherapie-led-mp34.html#primaryimage"},"image":{"@id":"https:\/\/www.bagnoitalia.com\/fr\/produit\/bain-a-remous-exterieur-3-places-205x130-cm-35-jets-bluetooth-ozonotherapie-led-mp34.html#primaryimage"},"thumbnailUrl":"https:\/\/img.bagnoitalia.com\/wp-content\/uploads\/1-69.webp","datePublished":"2022-03-30T05:47:46+00:00","dateModified":"2024-12-05T15:21:15+00:00","description":"mini piscine spa \u00e0 remous, adapt\u00e9e \u00e0 une installation en ext\u00e9rieur. 3 postes de d\u00e9tente (1 chaise longue et 2 si\u00e8ges). Enti\u00e8rement facultatif.","breadcrumb":{"@id":"https:\/\/www.bagnoitalia.com\/fr\/produit\/bain-a-remous-exterieur-3-places-205x130-cm-35-jets-bluetooth-ozonotherapie-led-mp34.html#breadcrumb"},"inLanguage":"fr-FR","potentialAction":[{"@type":"ReadAction","target":["https:\/\/www.bagnoitalia.com\/fr\/produit\/bain-a-remous-exterieur-3-places-205x130-cm-35-jets-bluetooth-ozonotherapie-led-mp34.html"]}]},{"@type":"ImageObject","inLanguage":"fr-FR","@id":"https:\/\/www.bagnoitalia.com\/fr\/produit\/bain-a-remous-exterieur-3-places-205x130-cm-35-jets-bluetooth-ozonotherapie-led-mp34.html#primaryimage","url":"https:\/\/img.bagnoitalia.com\/wp-content\/uploads\/1-69.webp","contentUrl":"https:\/\/img.bagnoitalia.com\/wp-content\/uploads\/1-69.webp","width":550,"height":550},{"@type":"BreadcrumbList","@id":"https:\/\/www.bagnoitalia.com\/fr\/produit\/bain-a-remous-exterieur-3-places-205x130-cm-35-jets-bluetooth-ozonotherapie-led-mp34.html#breadcrumb","itemListElement":[{"@type":"ListItem","position":1,"name":"Home","item":"https:\/\/www.bagnoitalia.com\/fr"},{"@type":"ListItem","position":2,"name":"Produits","item":"https:\/\/www.bagnoitalia.com\/fr\/shop"},{"@type":"ListItem","position":3,"name":"Bain \u00e0 remous ext\u00e9rieur 3 places 205&#215;130 cm 35 jets bluetooth ozonoth\u00e9rapie led MP34"}]},{"@type":"WebSite","@id":"https:\/\/www.bagnoitalia.com\/fr#website","url":"https:\/\/www.bagnoitalia.com\/fr","name":"Bagno Italia","description":"","publisher":{"@id":"https:\/\/www.bagnoitalia.com\/fr#organization"},"potentialAction":[{"@type":"SearchAction","target":{"@type":"EntryPoint","urlTemplate":"https:\/\/www.bagnoitalia.com\/fr?s={search_term_string}"},"query-input":{"@type":"PropertyValueSpecification","valueRequired":true,"valueName":"search_term_string"}}],"inLanguage":"fr-FR"},{"@type":"Organization","@id":"https:\/\/www.bagnoitalia.com\/fr#organization","name":"Bagno Italia","url":"https:\/\/www.bagnoitalia.com\/fr","logo":{"@type":"ImageObject","inLanguage":"fr-FR","@id":"https:\/\/www.bagnoitalia.com\/fr#\/schema\/logo\/image\/","url":"https:\/\/img.bagnoitalia.com\/wp-content\/uploads\/logo-bagnoitalia.webp","contentUrl":"https:\/\/img.bagnoitalia.com\/wp-content\/uploads\/logo-bagnoitalia.webp","width":400,"height":70,"caption":"Bagno Italia"},"image":{"@id":"https:\/\/www.bagnoitalia.com\/fr#\/schema\/logo\/image\/"}}]}},"_links":{"self":[{"href":"https:\/\/www.bagnoitalia.com\/fr\/wp-json\/wp\/v2\/product\/82224","targetHints":{"allow":["GET"]}}],"collection":[{"href":"https:\/\/www.bagnoitalia.com\/fr\/wp-json\/wp\/v2\/product"}],"about":[{"href":"https:\/\/www.bagnoitalia.com\/fr\/wp-json\/wp\/v2\/types\/product"}],"replies":[{"embeddable":true,"href":"https:\/\/www.bagnoitalia.com\/fr\/wp-json\/wp\/v2\/comments?post=82224"}],"version-history":[{"count":1,"href":"https:\/\/www.bagnoitalia.com\/fr\/wp-json\/wp\/v2\/product\/82224\/revisions"}],"predecessor-version":[{"id":87064,"href":"https:\/\/www.bagnoitalia.com\/fr\/wp-json\/wp\/v2\/product\/82224\/revisions\/87064"}],"wp:featuredmedia":[{"embeddable":true,"href":"https:\/\/www.bagnoitalia.com\/fr\/wp-json\/wp\/v2\/media\/98515"}],"wp:attachment":[{"href":"https:\/\/www.bagnoitalia.com\/fr\/wp-json\/wp\/v2\/media?parent=82224"}],"wp:term":[{"taxonomy":"product_brand","embeddable":true,"href":"https:\/\/www.bagnoitalia.com\/fr\/wp-json\/wp\/v2\/product_brand?post=82224"},{"taxonomy":"product_cat","embeddable":true,"href":"https:\/\/www.bagnoitalia.com\/fr\/wp-json\/wp\/v2\/product_cat?post=82224"},{"taxonomy":"product_tag","embeddable":true,"href":"https:\/\/www.bagnoitalia.com\/fr\/wp-json\/wp\/v2\/product_tag?post=82224"}],"curies":[{"name":"wp","href":"https:\/\/api.w.org\/{rel}","templated":true}]}}