{"id":82204,"date":"2022-03-30T07:47:46","date_gmt":"2022-03-30T05:47:46","guid":{"rendered":"https:\/\/www.bagnoitalia.com\/product\/baignoire-balneo-150x150-cm-chromotherapie-20-jets-pompe-air-et-eau-radio-vs117"},"modified":"2022-03-30T07:47:46","modified_gmt":"2022-03-30T05:47:46","slug":"baignoire-balneo-150x150-cm-chromotherapie-20-jets-pompe-air-et-eau-radio-vs117","status":"publish","type":"product","link":"https:\/\/www.bagnoitalia.com\/fr\/produit\/baignoire-balneo-150x150-cm-chromotherapie-20-jets-pompe-air-et-eau-radio-vs117.html","title":{"rendered":"Baignoire baln\u00e9o 150&#215;150 cm chromoth\u00e9rapie 20 jets pompe air et eau radio VS117"},"content":{"rendered":"<\/p>\n<p style=\"text-align: center;\"><span style=\"font-size: 14pt;\"><strong>BAIN TOURBILLON VS117<\/strong><\/span><\/p>\n<\/p>\n<p> <strong>CARACT\u00c9RISTIQUES ET ACCESSOIRES INCLUS\u00a0:<\/strong><\/p>\n<p> baignoire d&#39;angle 150x150xH62 cm<\/p>\n<p> pour deux personnes<\/p>\n<p> 20 jets d&#39;hydromassage dont 12 \u00e0 eau et 8 \u00e0 air<\/p>\n<p> Sauver des vies<\/p>\n<p> Affichage de contr\u00f4le<\/p>\n<p> radio FM<\/p>\n<p> 2 appuie-t\u00eate<\/p>\n<p> Robinet avec douchette extractible et mitigeur cascade<\/p>\n<p> Chromoth\u00e9rapie avec 7 LED externes et 3 LED internes<\/p>\n<p> Syst\u00e8me de st\u00e9rilisation et de d\u00e9sinfection<\/p>\n<p> 2 haut-parleurs<\/p>\n<p> R\u00e9glage de la pression de l&#39;eau<\/p>\n<p> Porte-serviettes<\/p>\n<p> Poids 100 kg<\/p>\n<\/p>\n<p> <strong>Mat\u00e9riaux:<\/strong><\/p>\n<p> structure d&#39;acier<\/p>\n<p> rev\u00eatement acrylique sanitaire blanc brillant de haute qualit\u00e9<\/p>\n<p> panneau avant avec verre<\/p>\n","protected":false},"excerpt":{"rendered":"<p>Baignoire hydromassage d&#39;angle 150&#215;150 cm full option. Convient pour deux personnes. Jets d&#39;eau et d&#39;air, lumi\u00e8res LED internes et externes, radio avec haut-parleurs, vitre frontale.<\/p>\n","protected":false},"featured_media":53432,"comment_status":"open","ping_status":"closed","template":"","meta":[],"product_brand":[9912],"product_cat":[9707,9743],"product_tag":[],"class_list":{"0":"post-82204","1":"product","2":"type-product","3":"status-publish","4":"has-post-thumbnail","6":"product_brand-simba-fr","7":"product_cat-baignoire-balneo","8":"product_cat-piscines-d-39-hydromassage","10":"first","11":"instock","12":"sale","13":"taxable","14":"shipping-taxable","15":"purchasable","16":"product-type-simple"},"exclude_global_add_ons":[],"addons":[],"yoast_head":"<!-- This site is optimized with the Yoast SEO plugin v26.7 - https:\/\/yoast.com\/wordpress\/plugins\/seo\/ -->\n<title>Baignoire baln\u00e9o 150x150 cm chromoth\u00e9rapie 20 jets pompe air et eau radio VS117<\/title>\n<meta name=\"description\" content=\"Baignoire hydromassage d&#039;angle 150x150 cm full option. Convient pour deux personnes. Jets d&#039;eau et d&#039;air, lumi\u00e8res LED internes et externes, radio avec haut-parleurs, vitre frontale.\" \/>\n<meta name=\"robots\" content=\"index, follow, max-snippet:-1, max-image-preview:large, max-video-preview:-1\" \/>\n<link rel=\"canonical\" href=\"https:\/\/www.bagnoitalia.com\/fr\/produit\/baignoire-balneo-150x150-cm-chromotherapie-20-jets-pompe-air-et-eau-radio-vs117.html\" \/>\n<meta property=\"og:locale\" content=\"fr_FR\" \/>\n<meta property=\"og:type\" content=\"article\" \/>\n<meta property=\"og:title\" content=\"Baignoire baln\u00e9o 150x150 cm chromoth\u00e9rapie 20 jets pompe air et eau radio VS117\" \/>\n<meta property=\"og:description\" content=\"Baignoire hydromassage d&#039;angle 150x150 cm full option. Convient pour deux personnes. Jets d&#039;eau et d&#039;air, lumi\u00e8res LED internes et externes, radio avec haut-parleurs, vitre frontale.\" \/>\n<meta property=\"og:url\" content=\"https:\/\/www.bagnoitalia.com\/fr\/produit\/baignoire-balneo-150x150-cm-chromotherapie-20-jets-pompe-air-et-eau-radio-vs117.html\" \/>\n<meta property=\"og:site_name\" content=\"Bagno Italia\" \/>\n<meta property=\"og:image\" content=\"https:\/\/img.bagnoitalia.com\/wp-content\/uploads\/virtuemart\/product\/V4S-0018_1.jpg\" \/>\n\t<meta property=\"og:image:width\" content=\"550\" \/>\n\t<meta property=\"og:image:height\" content=\"550\" \/>\n\t<meta property=\"og:image:type\" content=\"image\/jpeg\" \/>\n<meta name=\"twitter:card\" content=\"summary_large_image\" \/>\n<script type=\"application\/ld+json\" class=\"yoast-schema-graph\">{\"@context\":\"https:\/\/schema.org\",\"@graph\":[{\"@type\":\"WebPage\",\"@id\":\"https:\/\/www.bagnoitalia.com\/fr\/produit\/baignoire-balneo-150x150-cm-chromotherapie-20-jets-pompe-air-et-eau-radio-vs117.html\",\"url\":\"https:\/\/www.bagnoitalia.com\/fr\/produit\/baignoire-balneo-150x150-cm-chromotherapie-20-jets-pompe-air-et-eau-radio-vs117.html\",\"name\":\"Baignoire baln\u00e9o 150x150 cm chromoth\u00e9rapie 20 jets pompe air et eau radio VS117\",\"isPartOf\":{\"@id\":\"https:\/\/www.bagnoitalia.com\/fr#website\"},\"primaryImageOfPage\":{\"@id\":\"https:\/\/www.bagnoitalia.com\/fr\/produit\/baignoire-balneo-150x150-cm-chromotherapie-20-jets-pompe-air-et-eau-radio-vs117.html#primaryimage\"},\"image\":{\"@id\":\"https:\/\/www.bagnoitalia.com\/fr\/produit\/baignoire-balneo-150x150-cm-chromotherapie-20-jets-pompe-air-et-eau-radio-vs117.html#primaryimage\"},\"thumbnailUrl\":\"https:\/\/img.bagnoitalia.com\/wp-content\/uploads\/virtuemart\/product\/V4S-0018_1.jpg\",\"datePublished\":\"2022-03-30T05:47:46+00:00\",\"description\":\"Baignoire hydromassage d&#39;angle 150x150 cm full option. Convient pour deux personnes. Jets d&#39;eau et d&#39;air, lumi\u00e8res LED internes et externes, radio avec haut-parleurs, vitre frontale.\",\"breadcrumb\":{\"@id\":\"https:\/\/www.bagnoitalia.com\/fr\/produit\/baignoire-balneo-150x150-cm-chromotherapie-20-jets-pompe-air-et-eau-radio-vs117.html#breadcrumb\"},\"inLanguage\":\"fr-FR\",\"potentialAction\":[{\"@type\":\"ReadAction\",\"target\":[\"https:\/\/www.bagnoitalia.com\/fr\/produit\/baignoire-balneo-150x150-cm-chromotherapie-20-jets-pompe-air-et-eau-radio-vs117.html\"]}]},{\"@type\":\"ImageObject\",\"inLanguage\":\"fr-FR\",\"@id\":\"https:\/\/www.bagnoitalia.com\/fr\/produit\/baignoire-balneo-150x150-cm-chromotherapie-20-jets-pompe-air-et-eau-radio-vs117.html#primaryimage\",\"url\":\"https:\/\/img.bagnoitalia.com\/wp-content\/uploads\/virtuemart\/product\/V4S-0018_1.jpg\",\"contentUrl\":\"https:\/\/img.bagnoitalia.com\/wp-content\/uploads\/virtuemart\/product\/V4S-0018_1.jpg\",\"width\":550,\"height\":550},{\"@type\":\"BreadcrumbList\",\"@id\":\"https:\/\/www.bagnoitalia.com\/fr\/produit\/baignoire-balneo-150x150-cm-chromotherapie-20-jets-pompe-air-et-eau-radio-vs117.html#breadcrumb\",\"itemListElement\":[{\"@type\":\"ListItem\",\"position\":1,\"name\":\"Home\",\"item\":\"https:\/\/www.bagnoitalia.com\/fr\"},{\"@type\":\"ListItem\",\"position\":2,\"name\":\"Produits\",\"item\":\"https:\/\/www.bagnoitalia.com\/fr\/shop\"},{\"@type\":\"ListItem\",\"position\":3,\"name\":\"Baignoire baln\u00e9o 150&#215;150 cm chromoth\u00e9rapie 20 jets pompe air et eau radio VS117\"}]},{\"@type\":\"WebSite\",\"@id\":\"https:\/\/www.bagnoitalia.com\/fr#website\",\"url\":\"https:\/\/www.bagnoitalia.com\/fr\",\"name\":\"Bagno Italia\",\"description\":\"\",\"publisher\":{\"@id\":\"https:\/\/www.bagnoitalia.com\/fr#organization\"},\"potentialAction\":[{\"@type\":\"SearchAction\",\"target\":{\"@type\":\"EntryPoint\",\"urlTemplate\":\"https:\/\/www.bagnoitalia.com\/fr?s={search_term_string}\"},\"query-input\":{\"@type\":\"PropertyValueSpecification\",\"valueRequired\":true,\"valueName\":\"search_term_string\"}}],\"inLanguage\":\"fr-FR\"},{\"@type\":\"Organization\",\"@id\":\"https:\/\/www.bagnoitalia.com\/fr#organization\",\"name\":\"Bagno Italia\",\"url\":\"https:\/\/www.bagnoitalia.com\/fr\",\"logo\":{\"@type\":\"ImageObject\",\"inLanguage\":\"fr-FR\",\"@id\":\"https:\/\/www.bagnoitalia.com\/fr#\/schema\/logo\/image\/\",\"url\":\"https:\/\/img.bagnoitalia.com\/wp-content\/uploads\/logo-bagnoitalia.webp\",\"contentUrl\":\"https:\/\/img.bagnoitalia.com\/wp-content\/uploads\/logo-bagnoitalia.webp\",\"width\":400,\"height\":70,\"caption\":\"Bagno Italia\"},\"image\":{\"@id\":\"https:\/\/www.bagnoitalia.com\/fr#\/schema\/logo\/image\/\"}}]}<\/script>\n<!-- \/ Yoast SEO plugin. -->","yoast_head_json":{"title":"Baignoire baln\u00e9o 150x150 cm chromoth\u00e9rapie 20 jets pompe air et eau radio VS117","description":"Baignoire hydromassage d&#39;angle 150x150 cm full option. Convient pour deux personnes. Jets d&#39;eau et d&#39;air, lumi\u00e8res LED internes et externes, radio avec haut-parleurs, vitre frontale.","robots":{"index":"index","follow":"follow","max-snippet":"max-snippet:-1","max-image-preview":"max-image-preview:large","max-video-preview":"max-video-preview:-1"},"canonical":"https:\/\/www.bagnoitalia.com\/fr\/produit\/baignoire-balneo-150x150-cm-chromotherapie-20-jets-pompe-air-et-eau-radio-vs117.html","og_locale":"fr_FR","og_type":"article","og_title":"Baignoire baln\u00e9o 150x150 cm chromoth\u00e9rapie 20 jets pompe air et eau radio VS117","og_description":"Baignoire hydromassage d&#39;angle 150x150 cm full option. Convient pour deux personnes. Jets d&#39;eau et d&#39;air, lumi\u00e8res LED internes et externes, radio avec haut-parleurs, vitre frontale.","og_url":"https:\/\/www.bagnoitalia.com\/fr\/produit\/baignoire-balneo-150x150-cm-chromotherapie-20-jets-pompe-air-et-eau-radio-vs117.html","og_site_name":"Bagno Italia","og_image":[{"width":550,"height":550,"url":"https:\/\/img.bagnoitalia.com\/wp-content\/uploads\/virtuemart\/product\/V4S-0018_1.jpg","type":"image\/jpeg"}],"twitter_card":"summary_large_image","schema":{"@context":"https:\/\/schema.org","@graph":[{"@type":"WebPage","@id":"https:\/\/www.bagnoitalia.com\/fr\/produit\/baignoire-balneo-150x150-cm-chromotherapie-20-jets-pompe-air-et-eau-radio-vs117.html","url":"https:\/\/www.bagnoitalia.com\/fr\/produit\/baignoire-balneo-150x150-cm-chromotherapie-20-jets-pompe-air-et-eau-radio-vs117.html","name":"Baignoire baln\u00e9o 150x150 cm chromoth\u00e9rapie 20 jets pompe air et eau radio VS117","isPartOf":{"@id":"https:\/\/www.bagnoitalia.com\/fr#website"},"primaryImageOfPage":{"@id":"https:\/\/www.bagnoitalia.com\/fr\/produit\/baignoire-balneo-150x150-cm-chromotherapie-20-jets-pompe-air-et-eau-radio-vs117.html#primaryimage"},"image":{"@id":"https:\/\/www.bagnoitalia.com\/fr\/produit\/baignoire-balneo-150x150-cm-chromotherapie-20-jets-pompe-air-et-eau-radio-vs117.html#primaryimage"},"thumbnailUrl":"https:\/\/img.bagnoitalia.com\/wp-content\/uploads\/virtuemart\/product\/V4S-0018_1.jpg","datePublished":"2022-03-30T05:47:46+00:00","description":"Baignoire hydromassage d&#39;angle 150x150 cm full option. Convient pour deux personnes. Jets d&#39;eau et d&#39;air, lumi\u00e8res LED internes et externes, radio avec haut-parleurs, vitre frontale.","breadcrumb":{"@id":"https:\/\/www.bagnoitalia.com\/fr\/produit\/baignoire-balneo-150x150-cm-chromotherapie-20-jets-pompe-air-et-eau-radio-vs117.html#breadcrumb"},"inLanguage":"fr-FR","potentialAction":[{"@type":"ReadAction","target":["https:\/\/www.bagnoitalia.com\/fr\/produit\/baignoire-balneo-150x150-cm-chromotherapie-20-jets-pompe-air-et-eau-radio-vs117.html"]}]},{"@type":"ImageObject","inLanguage":"fr-FR","@id":"https:\/\/www.bagnoitalia.com\/fr\/produit\/baignoire-balneo-150x150-cm-chromotherapie-20-jets-pompe-air-et-eau-radio-vs117.html#primaryimage","url":"https:\/\/img.bagnoitalia.com\/wp-content\/uploads\/virtuemart\/product\/V4S-0018_1.jpg","contentUrl":"https:\/\/img.bagnoitalia.com\/wp-content\/uploads\/virtuemart\/product\/V4S-0018_1.jpg","width":550,"height":550},{"@type":"BreadcrumbList","@id":"https:\/\/www.bagnoitalia.com\/fr\/produit\/baignoire-balneo-150x150-cm-chromotherapie-20-jets-pompe-air-et-eau-radio-vs117.html#breadcrumb","itemListElement":[{"@type":"ListItem","position":1,"name":"Home","item":"https:\/\/www.bagnoitalia.com\/fr"},{"@type":"ListItem","position":2,"name":"Produits","item":"https:\/\/www.bagnoitalia.com\/fr\/shop"},{"@type":"ListItem","position":3,"name":"Baignoire baln\u00e9o 150&#215;150 cm chromoth\u00e9rapie 20 jets pompe air et eau radio VS117"}]},{"@type":"WebSite","@id":"https:\/\/www.bagnoitalia.com\/fr#website","url":"https:\/\/www.bagnoitalia.com\/fr","name":"Bagno Italia","description":"","publisher":{"@id":"https:\/\/www.bagnoitalia.com\/fr#organization"},"potentialAction":[{"@type":"SearchAction","target":{"@type":"EntryPoint","urlTemplate":"https:\/\/www.bagnoitalia.com\/fr?s={search_term_string}"},"query-input":{"@type":"PropertyValueSpecification","valueRequired":true,"valueName":"search_term_string"}}],"inLanguage":"fr-FR"},{"@type":"Organization","@id":"https:\/\/www.bagnoitalia.com\/fr#organization","name":"Bagno Italia","url":"https:\/\/www.bagnoitalia.com\/fr","logo":{"@type":"ImageObject","inLanguage":"fr-FR","@id":"https:\/\/www.bagnoitalia.com\/fr#\/schema\/logo\/image\/","url":"https:\/\/img.bagnoitalia.com\/wp-content\/uploads\/logo-bagnoitalia.webp","contentUrl":"https:\/\/img.bagnoitalia.com\/wp-content\/uploads\/logo-bagnoitalia.webp","width":400,"height":70,"caption":"Bagno Italia"},"image":{"@id":"https:\/\/www.bagnoitalia.com\/fr#\/schema\/logo\/image\/"}}]}},"_links":{"self":[{"href":"https:\/\/www.bagnoitalia.com\/fr\/wp-json\/wp\/v2\/product\/82204","targetHints":{"allow":["GET"]}}],"collection":[{"href":"https:\/\/www.bagnoitalia.com\/fr\/wp-json\/wp\/v2\/product"}],"about":[{"href":"https:\/\/www.bagnoitalia.com\/fr\/wp-json\/wp\/v2\/types\/product"}],"replies":[{"embeddable":true,"href":"https:\/\/www.bagnoitalia.com\/fr\/wp-json\/wp\/v2\/comments?post=82204"}],"version-history":[{"count":0,"href":"https:\/\/www.bagnoitalia.com\/fr\/wp-json\/wp\/v2\/product\/82204\/revisions"}],"wp:featuredmedia":[{"embeddable":true,"href":"https:\/\/www.bagnoitalia.com\/fr\/wp-json\/wp\/v2\/media\/53432"}],"wp:attachment":[{"href":"https:\/\/www.bagnoitalia.com\/fr\/wp-json\/wp\/v2\/media?parent=82204"}],"wp:term":[{"taxonomy":"product_brand","embeddable":true,"href":"https:\/\/www.bagnoitalia.com\/fr\/wp-json\/wp\/v2\/product_brand?post=82204"},{"taxonomy":"product_cat","embeddable":true,"href":"https:\/\/www.bagnoitalia.com\/fr\/wp-json\/wp\/v2\/product_cat?post=82204"},{"taxonomy":"product_tag","embeddable":true,"href":"https:\/\/www.bagnoitalia.com\/fr\/wp-json\/wp\/v2\/product_tag?post=82204"}],"curies":[{"name":"wp","href":"https:\/\/api.w.org\/{rel}","templated":true}]}}