{"id":82184,"date":"2022-03-30T07:47:46","date_gmt":"2022-03-30T05:47:46","guid":{"rendered":"https:\/\/www.bagnoitalia.com\/product\/bidet-et-toilettes-cairo-au-ras-du-mur-ou-siege-de-toilette-suspendu-a-fermeture-amortie"},"modified":"2024-06-18T14:44:45","modified_gmt":"2024-06-18T12:44:45","slug":"bidet-et-toilettes-cairo-au-ras-du-mur-ou-siege-de-toilette-suspendu-a-fermeture-amortie","status":"publish","type":"product","link":"https:\/\/www.bagnoitalia.com\/fr\/produit\/bidet-et-toilettes-cairo-au-ras-du-mur-ou-siege-de-toilette-suspendu-a-fermeture-amortie.html","title":{"rendered":"Bidet et toilettes Cairo au ras du mur ou si\u00e8ge de toilette suspendu \u00e0 fermeture amortie"},"content":{"rendered":"<p><span style=\"font-size: 12pt; color: #000000;\"><span style=\"font-size: 14pt;\"><strong>SANITAIRE ENCASTR\u00c9 OU SUSPENDU \u00ab\u00a0CAIRO\u00a0\u00bb<\/strong><\/span><br \/>\n<\/span><\/p>\n<p>&nbsp;<\/p>\n<p><span style=\"color: #000000;\">LE PRIX CI-DESSUS COMPREND\u00a0:<br \/>\n<\/span><\/p>\n<p><span style=\"color: #000000;\">n.m. 1 WC au sol de 34,5x52xH40 cm<\/span><\/p>\n<p><span style=\"color: #000000;\">n.m. 1 bidet au <span style=\"color: #000000;\">sol<\/span> <span style=\"color: #000000;\">34,5x52xH40<\/span> cm<br \/>\n<\/span><\/p>\n<p><span style=\"color: #000000;\">n.m. 1 couvercle de toilette \u00e0 fermeture douce<br \/>\n<\/span><\/p>\n<p><span style=\"color: #000000;\">Le siphon est au mur mais gr\u00e2ce \u00e0 une courbe technique (NON incluse dans le prix) il peut \u00eatre transform\u00e9 en siphon de sol<\/span><\/p>\n<p>&nbsp;<\/p>\n<p><span style=\"color: #000000;\">Dans le menu d\u00e9roulant, il est possible de choisir les sanitaires en version suspendue (taille 35,5x50xH34)<\/span><\/p>\n<p>&nbsp;<\/p>\n<p><span style=\"color: #000000;\">MAT\u00c9RIAUX:<\/span><\/p>\n<p><span style=\"color: #000000;\">sanitaires en c\u00e9ramique<\/span><\/p>\n<p><span style=\"color: #000000;\">si\u00e8ge de toilette thermodurcissable<\/span><\/p>\n<p>&nbsp;<\/p>\n<p>&nbsp;<\/p>\n<p><span style=\"color: #000000;\">ATTENTION: robinet de bidet et vidange non inclus dans le prix<\/span><\/p>\n<p>&nbsp;<\/p>\n<p>&nbsp;<\/p>\n<p>&nbsp;<\/p>\n<p>&nbsp;<\/p>\n<p>2387<\/p>\n<p>2388<\/p>\n","protected":false},"excerpt":{"rendered":"<p>toilettes et bidet au design moderne, disponibles en version encastr\u00e9e au sol ou suspendue, avec abattant thermodurcissable \u00e0 fermeture lente inclus dans le prix.<\/p>\n","protected":false},"featured_media":53312,"comment_status":"open","ping_status":"closed","template":"","meta":[],"product_brand":[9900,9954],"product_cat":[9695],"product_tag":[],"class_list":{"0":"post-82184","1":"product","2":"type-product","3":"status-publish","4":"has-post-thumbnail","6":"product_brand-baritermo-fr","7":"product_brand-thermo-professional-fr","8":"product_cat-salle-de-bain-sanitaire","10":"first","11":"instock","12":"sale","13":"taxable","14":"shipping-taxable","15":"purchasable","16":"product-type-simple"},"exclude_global_add_ons":false,"addons":[{"name":"typologie","type":"multiple_choice","position":0,"required":true,"title_format":"heading","default":"","description_enable":false,"description":"","placeholder_enable":false,"placeholder":"","display":"select","restrictions_type":"any_text","adjust_price":false,"price":"","price_type":"flat_fee","restrictions":false,"min":"0","max":"0","options":[{"label":"au sol","price":"","price_type":"quantity_based","image":0,"visibility":true},{"label":"suspendue","price":"29.51","price_type":"quantity_based","image":0,"visibility":true}],"id":1718721886}],"yoast_head":"<!-- This site is optimized with the Yoast SEO plugin v26.7 - https:\/\/yoast.com\/wordpress\/plugins\/seo\/ -->\n<title>Bidet et toilettes Cairo au ras du mur ou si\u00e8ge de toilette suspendu \u00e0 fermeture amortie<\/title>\n<meta name=\"description\" content=\"toilettes et bidet au design moderne, disponibles en version encastr\u00e9e au sol ou suspendue, avec abattant thermodurcissable \u00e0 fermeture lente inclus dans le prix.\" \/>\n<meta name=\"robots\" content=\"index, follow, max-snippet:-1, max-image-preview:large, max-video-preview:-1\" \/>\n<link rel=\"canonical\" href=\"https:\/\/www.bagnoitalia.com\/fr\/produit\/bidet-et-toilettes-cairo-au-ras-du-mur-ou-siege-de-toilette-suspendu-a-fermeture-amortie.html\" \/>\n<meta property=\"og:locale\" content=\"fr_FR\" \/>\n<meta property=\"og:type\" content=\"article\" \/>\n<meta property=\"og:title\" content=\"Bidet et toilettes Cairo au ras du mur ou si\u00e8ge de toilette suspendu \u00e0 fermeture amortie\" \/>\n<meta property=\"og:description\" content=\"toilettes et bidet au design moderne, disponibles en version encastr\u00e9e au sol ou suspendue, avec abattant thermodurcissable \u00e0 fermeture lente inclus dans le prix.\" \/>\n<meta property=\"og:url\" content=\"https:\/\/www.bagnoitalia.com\/fr\/produit\/bidet-et-toilettes-cairo-au-ras-du-mur-ou-siege-de-toilette-suspendu-a-fermeture-amortie.html\" \/>\n<meta property=\"og:site_name\" content=\"Bagno Italia\" \/>\n<meta property=\"article:modified_time\" content=\"2024-06-18T12:44:45+00:00\" \/>\n<meta property=\"og:image\" content=\"https:\/\/img.bagnoitalia.com\/wp-content\/uploads\/virtuemart\/product\/san0007_1.jpg\" \/>\n\t<meta property=\"og:image:width\" content=\"550\" \/>\n\t<meta property=\"og:image:height\" content=\"550\" \/>\n\t<meta property=\"og:image:type\" content=\"image\/jpeg\" \/>\n<meta name=\"twitter:card\" content=\"summary_large_image\" \/>\n<meta name=\"twitter:label1\" content=\"Dur\u00e9e de lecture estim\u00e9e\" \/>\n\t<meta name=\"twitter:data1\" content=\"1 minute\" \/>\n<script type=\"application\/ld+json\" class=\"yoast-schema-graph\">{\"@context\":\"https:\/\/schema.org\",\"@graph\":[{\"@type\":\"WebPage\",\"@id\":\"https:\/\/www.bagnoitalia.com\/fr\/produit\/bidet-et-toilettes-cairo-au-ras-du-mur-ou-siege-de-toilette-suspendu-a-fermeture-amortie.html\",\"url\":\"https:\/\/www.bagnoitalia.com\/fr\/produit\/bidet-et-toilettes-cairo-au-ras-du-mur-ou-siege-de-toilette-suspendu-a-fermeture-amortie.html\",\"name\":\"Bidet et toilettes Cairo au ras du mur ou si\u00e8ge de toilette suspendu \u00e0 fermeture amortie\",\"isPartOf\":{\"@id\":\"https:\/\/www.bagnoitalia.com\/fr#website\"},\"primaryImageOfPage\":{\"@id\":\"https:\/\/www.bagnoitalia.com\/fr\/produit\/bidet-et-toilettes-cairo-au-ras-du-mur-ou-siege-de-toilette-suspendu-a-fermeture-amortie.html#primaryimage\"},\"image\":{\"@id\":\"https:\/\/www.bagnoitalia.com\/fr\/produit\/bidet-et-toilettes-cairo-au-ras-du-mur-ou-siege-de-toilette-suspendu-a-fermeture-amortie.html#primaryimage\"},\"thumbnailUrl\":\"https:\/\/img.bagnoitalia.com\/wp-content\/uploads\/virtuemart\/product\/san0007_1.jpg\",\"datePublished\":\"2022-03-30T05:47:46+00:00\",\"dateModified\":\"2024-06-18T12:44:45+00:00\",\"description\":\"toilettes et bidet au design moderne, disponibles en version encastr\u00e9e au sol ou suspendue, avec abattant thermodurcissable \u00e0 fermeture lente inclus dans le prix.\",\"breadcrumb\":{\"@id\":\"https:\/\/www.bagnoitalia.com\/fr\/produit\/bidet-et-toilettes-cairo-au-ras-du-mur-ou-siege-de-toilette-suspendu-a-fermeture-amortie.html#breadcrumb\"},\"inLanguage\":\"fr-FR\",\"potentialAction\":[{\"@type\":\"ReadAction\",\"target\":[\"https:\/\/www.bagnoitalia.com\/fr\/produit\/bidet-et-toilettes-cairo-au-ras-du-mur-ou-siege-de-toilette-suspendu-a-fermeture-amortie.html\"]}]},{\"@type\":\"ImageObject\",\"inLanguage\":\"fr-FR\",\"@id\":\"https:\/\/www.bagnoitalia.com\/fr\/produit\/bidet-et-toilettes-cairo-au-ras-du-mur-ou-siege-de-toilette-suspendu-a-fermeture-amortie.html#primaryimage\",\"url\":\"https:\/\/img.bagnoitalia.com\/wp-content\/uploads\/virtuemart\/product\/san0007_1.jpg\",\"contentUrl\":\"https:\/\/img.bagnoitalia.com\/wp-content\/uploads\/virtuemart\/product\/san0007_1.jpg\",\"width\":550,\"height\":550},{\"@type\":\"BreadcrumbList\",\"@id\":\"https:\/\/www.bagnoitalia.com\/fr\/produit\/bidet-et-toilettes-cairo-au-ras-du-mur-ou-siege-de-toilette-suspendu-a-fermeture-amortie.html#breadcrumb\",\"itemListElement\":[{\"@type\":\"ListItem\",\"position\":1,\"name\":\"Home\",\"item\":\"https:\/\/www.bagnoitalia.com\/fr\"},{\"@type\":\"ListItem\",\"position\":2,\"name\":\"Produits\",\"item\":\"https:\/\/www.bagnoitalia.com\/fr\/shop\"},{\"@type\":\"ListItem\",\"position\":3,\"name\":\"Bidet et toilettes Cairo au ras du mur ou si\u00e8ge de toilette suspendu \u00e0 fermeture amortie\"}]},{\"@type\":\"WebSite\",\"@id\":\"https:\/\/www.bagnoitalia.com\/fr#website\",\"url\":\"https:\/\/www.bagnoitalia.com\/fr\",\"name\":\"Bagno Italia\",\"description\":\"\",\"publisher\":{\"@id\":\"https:\/\/www.bagnoitalia.com\/fr#organization\"},\"potentialAction\":[{\"@type\":\"SearchAction\",\"target\":{\"@type\":\"EntryPoint\",\"urlTemplate\":\"https:\/\/www.bagnoitalia.com\/fr?s={search_term_string}\"},\"query-input\":{\"@type\":\"PropertyValueSpecification\",\"valueRequired\":true,\"valueName\":\"search_term_string\"}}],\"inLanguage\":\"fr-FR\"},{\"@type\":\"Organization\",\"@id\":\"https:\/\/www.bagnoitalia.com\/fr#organization\",\"name\":\"Bagno Italia\",\"url\":\"https:\/\/www.bagnoitalia.com\/fr\",\"logo\":{\"@type\":\"ImageObject\",\"inLanguage\":\"fr-FR\",\"@id\":\"https:\/\/www.bagnoitalia.com\/fr#\/schema\/logo\/image\/\",\"url\":\"https:\/\/img.bagnoitalia.com\/wp-content\/uploads\/logo-bagnoitalia.webp\",\"contentUrl\":\"https:\/\/img.bagnoitalia.com\/wp-content\/uploads\/logo-bagnoitalia.webp\",\"width\":400,\"height\":70,\"caption\":\"Bagno Italia\"},\"image\":{\"@id\":\"https:\/\/www.bagnoitalia.com\/fr#\/schema\/logo\/image\/\"}}]}<\/script>\n<!-- \/ Yoast SEO plugin. -->","yoast_head_json":{"title":"Bidet et toilettes Cairo au ras du mur ou si\u00e8ge de toilette suspendu \u00e0 fermeture amortie","description":"toilettes et bidet au design moderne, disponibles en version encastr\u00e9e au sol ou suspendue, avec abattant thermodurcissable \u00e0 fermeture lente inclus dans le prix.","robots":{"index":"index","follow":"follow","max-snippet":"max-snippet:-1","max-image-preview":"max-image-preview:large","max-video-preview":"max-video-preview:-1"},"canonical":"https:\/\/www.bagnoitalia.com\/fr\/produit\/bidet-et-toilettes-cairo-au-ras-du-mur-ou-siege-de-toilette-suspendu-a-fermeture-amortie.html","og_locale":"fr_FR","og_type":"article","og_title":"Bidet et toilettes Cairo au ras du mur ou si\u00e8ge de toilette suspendu \u00e0 fermeture amortie","og_description":"toilettes et bidet au design moderne, disponibles en version encastr\u00e9e au sol ou suspendue, avec abattant thermodurcissable \u00e0 fermeture lente inclus dans le prix.","og_url":"https:\/\/www.bagnoitalia.com\/fr\/produit\/bidet-et-toilettes-cairo-au-ras-du-mur-ou-siege-de-toilette-suspendu-a-fermeture-amortie.html","og_site_name":"Bagno Italia","article_modified_time":"2024-06-18T12:44:45+00:00","og_image":[{"width":550,"height":550,"url":"https:\/\/img.bagnoitalia.com\/wp-content\/uploads\/virtuemart\/product\/san0007_1.jpg","type":"image\/jpeg"}],"twitter_card":"summary_large_image","twitter_misc":{"Dur\u00e9e de lecture estim\u00e9e":"1 minute"},"schema":{"@context":"https:\/\/schema.org","@graph":[{"@type":"WebPage","@id":"https:\/\/www.bagnoitalia.com\/fr\/produit\/bidet-et-toilettes-cairo-au-ras-du-mur-ou-siege-de-toilette-suspendu-a-fermeture-amortie.html","url":"https:\/\/www.bagnoitalia.com\/fr\/produit\/bidet-et-toilettes-cairo-au-ras-du-mur-ou-siege-de-toilette-suspendu-a-fermeture-amortie.html","name":"Bidet et toilettes Cairo au ras du mur ou si\u00e8ge de toilette suspendu \u00e0 fermeture amortie","isPartOf":{"@id":"https:\/\/www.bagnoitalia.com\/fr#website"},"primaryImageOfPage":{"@id":"https:\/\/www.bagnoitalia.com\/fr\/produit\/bidet-et-toilettes-cairo-au-ras-du-mur-ou-siege-de-toilette-suspendu-a-fermeture-amortie.html#primaryimage"},"image":{"@id":"https:\/\/www.bagnoitalia.com\/fr\/produit\/bidet-et-toilettes-cairo-au-ras-du-mur-ou-siege-de-toilette-suspendu-a-fermeture-amortie.html#primaryimage"},"thumbnailUrl":"https:\/\/img.bagnoitalia.com\/wp-content\/uploads\/virtuemart\/product\/san0007_1.jpg","datePublished":"2022-03-30T05:47:46+00:00","dateModified":"2024-06-18T12:44:45+00:00","description":"toilettes et bidet au design moderne, disponibles en version encastr\u00e9e au sol ou suspendue, avec abattant thermodurcissable \u00e0 fermeture lente inclus dans le prix.","breadcrumb":{"@id":"https:\/\/www.bagnoitalia.com\/fr\/produit\/bidet-et-toilettes-cairo-au-ras-du-mur-ou-siege-de-toilette-suspendu-a-fermeture-amortie.html#breadcrumb"},"inLanguage":"fr-FR","potentialAction":[{"@type":"ReadAction","target":["https:\/\/www.bagnoitalia.com\/fr\/produit\/bidet-et-toilettes-cairo-au-ras-du-mur-ou-siege-de-toilette-suspendu-a-fermeture-amortie.html"]}]},{"@type":"ImageObject","inLanguage":"fr-FR","@id":"https:\/\/www.bagnoitalia.com\/fr\/produit\/bidet-et-toilettes-cairo-au-ras-du-mur-ou-siege-de-toilette-suspendu-a-fermeture-amortie.html#primaryimage","url":"https:\/\/img.bagnoitalia.com\/wp-content\/uploads\/virtuemart\/product\/san0007_1.jpg","contentUrl":"https:\/\/img.bagnoitalia.com\/wp-content\/uploads\/virtuemart\/product\/san0007_1.jpg","width":550,"height":550},{"@type":"BreadcrumbList","@id":"https:\/\/www.bagnoitalia.com\/fr\/produit\/bidet-et-toilettes-cairo-au-ras-du-mur-ou-siege-de-toilette-suspendu-a-fermeture-amortie.html#breadcrumb","itemListElement":[{"@type":"ListItem","position":1,"name":"Home","item":"https:\/\/www.bagnoitalia.com\/fr"},{"@type":"ListItem","position":2,"name":"Produits","item":"https:\/\/www.bagnoitalia.com\/fr\/shop"},{"@type":"ListItem","position":3,"name":"Bidet et toilettes Cairo au ras du mur ou si\u00e8ge de toilette suspendu \u00e0 fermeture amortie"}]},{"@type":"WebSite","@id":"https:\/\/www.bagnoitalia.com\/fr#website","url":"https:\/\/www.bagnoitalia.com\/fr","name":"Bagno Italia","description":"","publisher":{"@id":"https:\/\/www.bagnoitalia.com\/fr#organization"},"potentialAction":[{"@type":"SearchAction","target":{"@type":"EntryPoint","urlTemplate":"https:\/\/www.bagnoitalia.com\/fr?s={search_term_string}"},"query-input":{"@type":"PropertyValueSpecification","valueRequired":true,"valueName":"search_term_string"}}],"inLanguage":"fr-FR"},{"@type":"Organization","@id":"https:\/\/www.bagnoitalia.com\/fr#organization","name":"Bagno Italia","url":"https:\/\/www.bagnoitalia.com\/fr","logo":{"@type":"ImageObject","inLanguage":"fr-FR","@id":"https:\/\/www.bagnoitalia.com\/fr#\/schema\/logo\/image\/","url":"https:\/\/img.bagnoitalia.com\/wp-content\/uploads\/logo-bagnoitalia.webp","contentUrl":"https:\/\/img.bagnoitalia.com\/wp-content\/uploads\/logo-bagnoitalia.webp","width":400,"height":70,"caption":"Bagno Italia"},"image":{"@id":"https:\/\/www.bagnoitalia.com\/fr#\/schema\/logo\/image\/"}}]}},"_links":{"self":[{"href":"https:\/\/www.bagnoitalia.com\/fr\/wp-json\/wp\/v2\/product\/82184","targetHints":{"allow":["GET"]}}],"collection":[{"href":"https:\/\/www.bagnoitalia.com\/fr\/wp-json\/wp\/v2\/product"}],"about":[{"href":"https:\/\/www.bagnoitalia.com\/fr\/wp-json\/wp\/v2\/types\/product"}],"replies":[{"embeddable":true,"href":"https:\/\/www.bagnoitalia.com\/fr\/wp-json\/wp\/v2\/comments?post=82184"}],"version-history":[{"count":1,"href":"https:\/\/www.bagnoitalia.com\/fr\/wp-json\/wp\/v2\/product\/82184\/revisions"}],"predecessor-version":[{"id":90557,"href":"https:\/\/www.bagnoitalia.com\/fr\/wp-json\/wp\/v2\/product\/82184\/revisions\/90557"}],"wp:featuredmedia":[{"embeddable":true,"href":"https:\/\/www.bagnoitalia.com\/fr\/wp-json\/wp\/v2\/media\/53312"}],"wp:attachment":[{"href":"https:\/\/www.bagnoitalia.com\/fr\/wp-json\/wp\/v2\/media?parent=82184"}],"wp:term":[{"taxonomy":"product_brand","embeddable":true,"href":"https:\/\/www.bagnoitalia.com\/fr\/wp-json\/wp\/v2\/product_brand?post=82184"},{"taxonomy":"product_cat","embeddable":true,"href":"https:\/\/www.bagnoitalia.com\/fr\/wp-json\/wp\/v2\/product_cat?post=82184"},{"taxonomy":"product_tag","embeddable":true,"href":"https:\/\/www.bagnoitalia.com\/fr\/wp-json\/wp\/v2\/product_tag?post=82184"}],"curies":[{"name":"wp","href":"https:\/\/api.w.org\/{rel}","templated":true}]}}