{"id":82116,"date":"2022-03-30T07:47:46","date_gmt":"2022-03-30T05:47:46","guid":{"rendered":"https:\/\/www.bagnoitalia.com\/product\/receveur-de-douche-en-resine-marbree-avec-vidage-surbaisse-disponible-en-plusieurs-tailles-et-couleurs-pa028"},"modified":"2025-05-22T12:27:14","modified_gmt":"2025-05-22T10:27:14","slug":"receveur-de-douche-en-resine-marbree-avec-vidage-surbaisse-disponible-en-plusieurs-tailles-et-couleurs-pa028","status":"publish","type":"product","link":"https:\/\/www.bagnoitalia.com\/fr\/produit\/receveur-de-douche-en-resine-marbree-avec-vidage-surbaisse-disponible-en-plusieurs-tailles-et-couleurs-pa028.html","title":{"rendered":"Receveur de douche en r\u00e9sine marbr\u00e9e avec vidage surbaiss\u00e9 disponible en plusieurs tailles et couleurs PA028"},"content":{"rendered":"<p><span style=\"color: #000000;\">Receveur de douche en marbre-r\u00e9sine disponible dans les couleurs suivantes : blanc, cr\u00e8me, gris clair, anthracite, noir, chocolat, moka et sable. Chacune de ces finitions, visibles sur les photos, est r\u00e9alis\u00e9e avec soin et a un effet suggestif et esth\u00e9tique in\u00e9gal\u00e9.<\/span><\/p>\n<p><span style=\"color: #000000;\">Le caniveau, au design tr\u00e8s appr\u00e9ci\u00e9, est inclus dans le prix et est fourni dans la m\u00eame couleur que le receveur, un d\u00e9tail qui d\u00e9montre le soin et l&rsquo;attention apport\u00e9s \u00e0 la construction du receveur de douche.<br \/>\n<\/span><\/p>\n<p><span style=\"color: #000000;\">Produit fabriqu\u00e9 sur commande : il n&rsquo;est pas possible d&rsquo;appliquer le droit de r\u00e9tractation sur ce produit<\/span><\/p>\n<p><span style=\"color: #000000;\">Les receveurs de douche en r\u00e9sine marbre se distinguent des receveurs de douche courants pour de nombreuses raisons :<\/span><\/p>\n<p><span style=\"color: #000000;\">&#8211; Il est possible <strong><strong>de<\/strong><\/strong> <strong><strong>les<\/strong><\/strong> <strong>coller<\/strong> , donc ils peuvent \u00eatre r\u00e9alis\u00e9s <strong><strong>sur mesure<\/strong><\/strong><\/span><\/p>\n<p><span style=\"color: #000000;\">&#8211; La surface a un \u00ab\u00a0effet pierre\u00a0\u00bb rugueux au toucher, ce qui les rend <strong><strong>antid\u00e9rapants<\/strong><\/strong> et donc plus s\u00fbrs<\/span><\/p>\n<p><span style=\"color: #000000;\">&#8211; Ils sont <strong><strong>anti-rayures et anti-bact\u00e9riens<\/strong><\/strong><\/span><\/p>\n<p><span style=\"color: #000000;\">&#8211; Ils sont <strong><strong>finis<\/strong><\/strong> sur tous les c\u00f4t\u00e9s (ils sont donc r\u00e9versibles)<\/span><\/p>\n<p>&nbsp;<\/p>\n<p style=\"margin-top: 0cm; margin-right: 0cm; margin-bottom: 0.0001pt; background-image: initial; background-position: initial; background-repeat: initial; background-attachment: initial; vertical-align: baseline;\"><span style=\"color: #000000;\"><strong><span style=\"font-family: Arial, sans-serif;\">Caract\u00e9ristiques:<\/span><\/strong><\/span><\/p>\n<ul>\n<li><span style=\"font-family: Arial, sans-serif; color: #000000;\">Mati\u00e8re : <strong>r\u00e9sine marbr\u00e9e<\/strong> avec finition <strong>gelcoat marine<\/strong><\/span><\/li>\n<\/ul>\n<ul>\n<li><span style=\"font-family: Arial, sans-serif; color: #000000;\">Ultraslim, avec une \u00e9paisseur de <strong>3 cm<\/strong><\/span><\/li>\n<\/ul>\n<ul>\n<li><span style=\"font-family: Arial, sans-serif; color: #000000;\"><strong>Caniveau de drainage<\/strong> avec couvercle dans le m\u00eame mat\u00e9riau et la m\u00eame couleur que la plaque<\/span><\/li>\n<li><span style=\"font-family: Arial, sans-serif; color: #000000;\">Drain bas avec drainage \u00e9lev\u00e9<br \/>\n<\/span><\/li>\n<\/ul>\n<ul>\n<li><span style=\"color: #000000;\"><span style=\"text-decoration: underline;\"><span style=\"font-family: Arial, sans-serif;\">Redimensionnable<\/span><\/span> <span style=\"font-family: Arial, sans-serif;\">sur place avec disque diamant<br \/>\n<\/span><\/span><\/li>\n<\/ul>\n<ul>\n<li><span style=\"font-family: Arial, sans-serif; color: #000000;\">Ils ont une <span style=\"text-decoration: underline;\">l\u00e9g\u00e8re<\/span> <span style=\"text-decoration: underline;\">pente<\/span> pour faciliter le drainage de l&rsquo;eau.<\/span><\/li>\n<\/ul>\n<ul>\n<li><span style=\"line-height: 107%; font-family: Arial, sans-serif; color: #000000;\">Rapide et facile \u00e0 nettoyer<\/span><\/li>\n<li><span style=\"line-height: 107%; font-family: Arial, sans-serif; color: #000000;\">possibilit\u00e9 d&rsquo;installation m\u00eame au ras du sol<br \/>\n<\/span><\/li>\n<\/ul>\n<p>&nbsp;<\/p>\n<p>&nbsp;<\/p>\n<p>&nbsp;<\/p>\n","protected":false},"excerpt":{"rendered":"<p>Le receveur de douche est en marbre r\u00e9sine et est disponible en plusieurs tailles (et \u00e9galement r\u00e9ductibles) et en 8 couleurs. La grille de vidange correspond \u00e0 la plaque.<\/p>\n","protected":false},"featured_media":52712,"comment_status":"open","ping_status":"closed","template":"","meta":[],"product_brand":[],"product_cat":[9755],"product_tag":[],"class_list":{"0":"post-82116","1":"product","2":"type-product","3":"status-publish","4":"has-post-thumbnail","6":"product_cat-receveurs-de-douche","8":"first","9":"instock","10":"sale","11":"taxable","12":"shipping-taxable","13":"purchasable","14":"product-type-simple"},"exclude_global_add_ons":false,"addons":[{"name":"Dimensions","type":"multiple_choice","position":0,"required":true,"title_format":"heading","default":"","description_enable":false,"description":"","placeholder_enable":false,"placeholder":"","display":"select","restrictions_type":"any_text","adjust_price":false,"price":"","price_type":"flat_fee","restrictions":false,"min":"0","max":"0","options":[{"label":"70x100","price":"","price_type":"quantity_based","image":0,"visibility":true},{"label":"70x110","price":"30","price_type":"quantity_based","image":0,"visibility":true},{"label":"70x120","price":"40","price_type":"quantity_based","image":0,"visibility":true},{"label":"70x130","price":"50","price_type":"quantity_based","image":0,"visibility":true},{"label":"70x140","price":"60","price_type":"quantity_based","image":0,"visibility":true},{"label":"70x150","price":"80","price_type":"quantity_based","image":0,"visibility":true},{"label":"70x160","price":"90","price_type":"quantity_based","image":0,"visibility":true},{"label":"70x170","price":"110","price_type":"quantity_based","image":0,"visibility":true},{"label":"70x180","price":"120","price_type":"quantity_based","image":0,"visibility":true},{"label":"70x190","price":"150","price_type":"quantity_based","image":0,"visibility":true},{"label":"70x200","price":"160","price_type":"quantity_based","image":0,"visibility":true},{"label":"80x100","price":"30","price_type":"quantity_based","image":0,"visibility":true},{"label":"80x110","price":"40","price_type":"quantity_based","image":0,"visibility":true},{"label":"80x120","price":"50","price_type":"quantity_based","image":0,"visibility":true},{"label":"80x130","price":"60","price_type":"quantity_based","image":0,"visibility":true},{"label":"80x140","price":"70","price_type":"quantity_based","image":0,"visibility":true},{"label":"80x150","price":"90","price_type":"quantity_based","image":0,"visibility":true},{"label":"80x160","price":"110","price_type":"quantity_based","image":0,"visibility":true},{"label":"80x170","price":"120","price_type":"quantity_based","image":0,"visibility":true},{"label":"80x180","price":"130","price_type":"quantity_based","image":0,"visibility":true},{"label":"80x190","price":"150","price_type":"quantity_based","image":0,"visibility":true},{"label":"80x200","price":"160","price_type":"quantity_based","image":0,"visibility":true},{"label":"90x100","price":"50","price_type":"quantity_based","image":0,"visibility":true},{"label":"90x110","price":"70","price_type":"quantity_based","image":0,"visibility":true},{"label":"90x120","price":"80","price_type":"quantity_based","image":0,"visibility":true},{"label":"90x130","price":"110","price_type":"quantity_based","image":0,"visibility":true},{"label":"90x140","price":"120","price_type":"quantity_based","image":0,"visibility":true},{"label":"90x150","price":"130","price_type":"quantity_based","image":0,"visibility":true},{"label":"90x160","price":"150","price_type":"quantity_based","image":0,"visibility":true},{"label":"90x170","price":"180","price_type":"quantity_based","image":0,"visibility":true},{"label":"90x180","price":"190","price_type":"quantity_based","image":0,"visibility":true},{"label":"90x190","price":"220","price_type":"quantity_based","image":0,"visibility":true},{"label":"90x200","price":"230","price_type":"quantity_based","image":0,"visibility":true}],"id":1718117069},{"name":"Couleur","type":"multiple_choice","position":1,"required":true,"title_format":"heading","default":"","description_enable":false,"description":"","placeholder_enable":false,"placeholder":"","display":"select","restrictions_type":"any_text","adjust_price":false,"price":"","price_type":"flat_fee","restrictions":false,"min":"0","max":"0","options":[{"label":"blanc","price":"","price_type":"quantity_based","image":0,"visibility":true},{"label":"gris clair","price":"","price_type":"quantity_based","image":0,"visibility":true},{"label":"Couleur chocolat","price":"","price_type":"quantity_based","image":0,"visibility":true},{"label":"Couleur sable","price":"","price_type":"quantity_based","image":0,"visibility":true},{"label":"cr\u00e8me","price":"","price_type":"quantity_based","image":0,"visibility":true},{"label":"moka","price":"","price_type":"quantity_based","image":0,"visibility":true},{"label":"Anthracite","price":"","price_type":"quantity_based","image":0,"visibility":true},{"label":"Noir","price":"","price_type":"quantity_based","image":0,"visibility":true}],"id":1718117070}],"yoast_head":"<!-- This site is optimized with the Yoast SEO plugin v26.7 - https:\/\/yoast.com\/wordpress\/plugins\/seo\/ -->\n<title>Receveur de douche en r\u00e9sine marbr\u00e9e avec vidage surbaiss\u00e9 disponible en plusieurs tailles et couleurs PA028<\/title>\n<meta name=\"description\" content=\"Le receveur de douche est en marbre r\u00e9sine et est disponible en plusieurs tailles (et \u00e9galement r\u00e9ductibles) et en 8 couleurs. La grille de vidange correspond \u00e0 la plaque.\" \/>\n<meta name=\"robots\" content=\"index, follow, max-snippet:-1, max-image-preview:large, max-video-preview:-1\" \/>\n<link rel=\"canonical\" href=\"https:\/\/www.bagnoitalia.com\/fr\/produit\/receveur-de-douche-en-resine-marbree-avec-vidage-surbaisse-disponible-en-plusieurs-tailles-et-couleurs-pa028.html\" \/>\n<meta property=\"og:locale\" content=\"fr_FR\" \/>\n<meta property=\"og:type\" content=\"article\" \/>\n<meta property=\"og:title\" content=\"Receveur de douche en r\u00e9sine marbr\u00e9e avec vidage surbaiss\u00e9 disponible en plusieurs tailles et couleurs PA028\" \/>\n<meta property=\"og:description\" content=\"Le receveur de douche est en marbre r\u00e9sine et est disponible en plusieurs tailles (et \u00e9galement r\u00e9ductibles) et en 8 couleurs. La grille de vidange correspond \u00e0 la plaque.\" \/>\n<meta property=\"og:url\" content=\"https:\/\/www.bagnoitalia.com\/fr\/produit\/receveur-de-douche-en-resine-marbree-avec-vidage-surbaisse-disponible-en-plusieurs-tailles-et-couleurs-pa028.html\" \/>\n<meta property=\"og:site_name\" content=\"Bagno Italia\" \/>\n<meta property=\"article:modified_time\" content=\"2025-05-22T10:27:14+00:00\" \/>\n<meta property=\"og:image\" content=\"https:\/\/img.bagnoitalia.com\/wp-content\/uploads\/virtuemart\/product\/P1A-0946_1.jpg\" \/>\n\t<meta property=\"og:image:width\" content=\"550\" \/>\n\t<meta property=\"og:image:height\" content=\"550\" \/>\n\t<meta property=\"og:image:type\" content=\"image\/jpeg\" \/>\n<meta name=\"twitter:card\" content=\"summary_large_image\" \/>\n<meta name=\"twitter:label1\" content=\"Dur\u00e9e de lecture estim\u00e9e\" \/>\n\t<meta name=\"twitter:data1\" content=\"2 minutes\" \/>\n<script type=\"application\/ld+json\" class=\"yoast-schema-graph\">{\"@context\":\"https:\/\/schema.org\",\"@graph\":[{\"@type\":\"WebPage\",\"@id\":\"https:\/\/www.bagnoitalia.com\/fr\/produit\/receveur-de-douche-en-resine-marbree-avec-vidage-surbaisse-disponible-en-plusieurs-tailles-et-couleurs-pa028.html\",\"url\":\"https:\/\/www.bagnoitalia.com\/fr\/produit\/receveur-de-douche-en-resine-marbree-avec-vidage-surbaisse-disponible-en-plusieurs-tailles-et-couleurs-pa028.html\",\"name\":\"Receveur de douche en r\u00e9sine marbr\u00e9e avec vidage surbaiss\u00e9 disponible en plusieurs tailles et couleurs PA028\",\"isPartOf\":{\"@id\":\"https:\/\/www.bagnoitalia.com\/fr#website\"},\"primaryImageOfPage\":{\"@id\":\"https:\/\/www.bagnoitalia.com\/fr\/produit\/receveur-de-douche-en-resine-marbree-avec-vidage-surbaisse-disponible-en-plusieurs-tailles-et-couleurs-pa028.html#primaryimage\"},\"image\":{\"@id\":\"https:\/\/www.bagnoitalia.com\/fr\/produit\/receveur-de-douche-en-resine-marbree-avec-vidage-surbaisse-disponible-en-plusieurs-tailles-et-couleurs-pa028.html#primaryimage\"},\"thumbnailUrl\":\"https:\/\/img.bagnoitalia.com\/wp-content\/uploads\/virtuemart\/product\/P1A-0946_1.jpg\",\"datePublished\":\"2022-03-30T05:47:46+00:00\",\"dateModified\":\"2025-05-22T10:27:14+00:00\",\"description\":\"Le receveur de douche est en marbre r\u00e9sine et est disponible en plusieurs tailles (et \u00e9galement r\u00e9ductibles) et en 8 couleurs. La grille de vidange correspond \u00e0 la plaque.\",\"breadcrumb\":{\"@id\":\"https:\/\/www.bagnoitalia.com\/fr\/produit\/receveur-de-douche-en-resine-marbree-avec-vidage-surbaisse-disponible-en-plusieurs-tailles-et-couleurs-pa028.html#breadcrumb\"},\"inLanguage\":\"fr-FR\",\"potentialAction\":[{\"@type\":\"ReadAction\",\"target\":[\"https:\/\/www.bagnoitalia.com\/fr\/produit\/receveur-de-douche-en-resine-marbree-avec-vidage-surbaisse-disponible-en-plusieurs-tailles-et-couleurs-pa028.html\"]}]},{\"@type\":\"ImageObject\",\"inLanguage\":\"fr-FR\",\"@id\":\"https:\/\/www.bagnoitalia.com\/fr\/produit\/receveur-de-douche-en-resine-marbree-avec-vidage-surbaisse-disponible-en-plusieurs-tailles-et-couleurs-pa028.html#primaryimage\",\"url\":\"https:\/\/img.bagnoitalia.com\/wp-content\/uploads\/virtuemart\/product\/P1A-0946_1.jpg\",\"contentUrl\":\"https:\/\/img.bagnoitalia.com\/wp-content\/uploads\/virtuemart\/product\/P1A-0946_1.jpg\",\"width\":550,\"height\":550},{\"@type\":\"BreadcrumbList\",\"@id\":\"https:\/\/www.bagnoitalia.com\/fr\/produit\/receveur-de-douche-en-resine-marbree-avec-vidage-surbaisse-disponible-en-plusieurs-tailles-et-couleurs-pa028.html#breadcrumb\",\"itemListElement\":[{\"@type\":\"ListItem\",\"position\":1,\"name\":\"Home\",\"item\":\"https:\/\/www.bagnoitalia.com\/fr\"},{\"@type\":\"ListItem\",\"position\":2,\"name\":\"Produits\",\"item\":\"https:\/\/www.bagnoitalia.com\/fr\/shop\"},{\"@type\":\"ListItem\",\"position\":3,\"name\":\"Receveur de douche en r\u00e9sine marbr\u00e9e avec vidage surbaiss\u00e9 disponible en plusieurs tailles et couleurs PA028\"}]},{\"@type\":\"WebSite\",\"@id\":\"https:\/\/www.bagnoitalia.com\/fr#website\",\"url\":\"https:\/\/www.bagnoitalia.com\/fr\",\"name\":\"Bagno Italia\",\"description\":\"\",\"publisher\":{\"@id\":\"https:\/\/www.bagnoitalia.com\/fr#organization\"},\"potentialAction\":[{\"@type\":\"SearchAction\",\"target\":{\"@type\":\"EntryPoint\",\"urlTemplate\":\"https:\/\/www.bagnoitalia.com\/fr?s={search_term_string}\"},\"query-input\":{\"@type\":\"PropertyValueSpecification\",\"valueRequired\":true,\"valueName\":\"search_term_string\"}}],\"inLanguage\":\"fr-FR\"},{\"@type\":\"Organization\",\"@id\":\"https:\/\/www.bagnoitalia.com\/fr#organization\",\"name\":\"Bagno Italia\",\"url\":\"https:\/\/www.bagnoitalia.com\/fr\",\"logo\":{\"@type\":\"ImageObject\",\"inLanguage\":\"fr-FR\",\"@id\":\"https:\/\/www.bagnoitalia.com\/fr#\/schema\/logo\/image\/\",\"url\":\"https:\/\/img.bagnoitalia.com\/wp-content\/uploads\/logo-bagnoitalia.webp\",\"contentUrl\":\"https:\/\/img.bagnoitalia.com\/wp-content\/uploads\/logo-bagnoitalia.webp\",\"width\":400,\"height\":70,\"caption\":\"Bagno Italia\"},\"image\":{\"@id\":\"https:\/\/www.bagnoitalia.com\/fr#\/schema\/logo\/image\/\"}}]}<\/script>\n<!-- \/ Yoast SEO plugin. -->","yoast_head_json":{"title":"Receveur de douche en r\u00e9sine marbr\u00e9e avec vidage surbaiss\u00e9 disponible en plusieurs tailles et couleurs PA028","description":"Le receveur de douche est en marbre r\u00e9sine et est disponible en plusieurs tailles (et \u00e9galement r\u00e9ductibles) et en 8 couleurs. La grille de vidange correspond \u00e0 la plaque.","robots":{"index":"index","follow":"follow","max-snippet":"max-snippet:-1","max-image-preview":"max-image-preview:large","max-video-preview":"max-video-preview:-1"},"canonical":"https:\/\/www.bagnoitalia.com\/fr\/produit\/receveur-de-douche-en-resine-marbree-avec-vidage-surbaisse-disponible-en-plusieurs-tailles-et-couleurs-pa028.html","og_locale":"fr_FR","og_type":"article","og_title":"Receveur de douche en r\u00e9sine marbr\u00e9e avec vidage surbaiss\u00e9 disponible en plusieurs tailles et couleurs PA028","og_description":"Le receveur de douche est en marbre r\u00e9sine et est disponible en plusieurs tailles (et \u00e9galement r\u00e9ductibles) et en 8 couleurs. La grille de vidange correspond \u00e0 la plaque.","og_url":"https:\/\/www.bagnoitalia.com\/fr\/produit\/receveur-de-douche-en-resine-marbree-avec-vidage-surbaisse-disponible-en-plusieurs-tailles-et-couleurs-pa028.html","og_site_name":"Bagno Italia","article_modified_time":"2025-05-22T10:27:14+00:00","og_image":[{"width":550,"height":550,"url":"https:\/\/img.bagnoitalia.com\/wp-content\/uploads\/virtuemart\/product\/P1A-0946_1.jpg","type":"image\/jpeg"}],"twitter_card":"summary_large_image","twitter_misc":{"Dur\u00e9e de lecture estim\u00e9e":"2 minutes"},"schema":{"@context":"https:\/\/schema.org","@graph":[{"@type":"WebPage","@id":"https:\/\/www.bagnoitalia.com\/fr\/produit\/receveur-de-douche-en-resine-marbree-avec-vidage-surbaisse-disponible-en-plusieurs-tailles-et-couleurs-pa028.html","url":"https:\/\/www.bagnoitalia.com\/fr\/produit\/receveur-de-douche-en-resine-marbree-avec-vidage-surbaisse-disponible-en-plusieurs-tailles-et-couleurs-pa028.html","name":"Receveur de douche en r\u00e9sine marbr\u00e9e avec vidage surbaiss\u00e9 disponible en plusieurs tailles et couleurs PA028","isPartOf":{"@id":"https:\/\/www.bagnoitalia.com\/fr#website"},"primaryImageOfPage":{"@id":"https:\/\/www.bagnoitalia.com\/fr\/produit\/receveur-de-douche-en-resine-marbree-avec-vidage-surbaisse-disponible-en-plusieurs-tailles-et-couleurs-pa028.html#primaryimage"},"image":{"@id":"https:\/\/www.bagnoitalia.com\/fr\/produit\/receveur-de-douche-en-resine-marbree-avec-vidage-surbaisse-disponible-en-plusieurs-tailles-et-couleurs-pa028.html#primaryimage"},"thumbnailUrl":"https:\/\/img.bagnoitalia.com\/wp-content\/uploads\/virtuemart\/product\/P1A-0946_1.jpg","datePublished":"2022-03-30T05:47:46+00:00","dateModified":"2025-05-22T10:27:14+00:00","description":"Le receveur de douche est en marbre r\u00e9sine et est disponible en plusieurs tailles (et \u00e9galement r\u00e9ductibles) et en 8 couleurs. La grille de vidange correspond \u00e0 la plaque.","breadcrumb":{"@id":"https:\/\/www.bagnoitalia.com\/fr\/produit\/receveur-de-douche-en-resine-marbree-avec-vidage-surbaisse-disponible-en-plusieurs-tailles-et-couleurs-pa028.html#breadcrumb"},"inLanguage":"fr-FR","potentialAction":[{"@type":"ReadAction","target":["https:\/\/www.bagnoitalia.com\/fr\/produit\/receveur-de-douche-en-resine-marbree-avec-vidage-surbaisse-disponible-en-plusieurs-tailles-et-couleurs-pa028.html"]}]},{"@type":"ImageObject","inLanguage":"fr-FR","@id":"https:\/\/www.bagnoitalia.com\/fr\/produit\/receveur-de-douche-en-resine-marbree-avec-vidage-surbaisse-disponible-en-plusieurs-tailles-et-couleurs-pa028.html#primaryimage","url":"https:\/\/img.bagnoitalia.com\/wp-content\/uploads\/virtuemart\/product\/P1A-0946_1.jpg","contentUrl":"https:\/\/img.bagnoitalia.com\/wp-content\/uploads\/virtuemart\/product\/P1A-0946_1.jpg","width":550,"height":550},{"@type":"BreadcrumbList","@id":"https:\/\/www.bagnoitalia.com\/fr\/produit\/receveur-de-douche-en-resine-marbree-avec-vidage-surbaisse-disponible-en-plusieurs-tailles-et-couleurs-pa028.html#breadcrumb","itemListElement":[{"@type":"ListItem","position":1,"name":"Home","item":"https:\/\/www.bagnoitalia.com\/fr"},{"@type":"ListItem","position":2,"name":"Produits","item":"https:\/\/www.bagnoitalia.com\/fr\/shop"},{"@type":"ListItem","position":3,"name":"Receveur de douche en r\u00e9sine marbr\u00e9e avec vidage surbaiss\u00e9 disponible en plusieurs tailles et couleurs PA028"}]},{"@type":"WebSite","@id":"https:\/\/www.bagnoitalia.com\/fr#website","url":"https:\/\/www.bagnoitalia.com\/fr","name":"Bagno Italia","description":"","publisher":{"@id":"https:\/\/www.bagnoitalia.com\/fr#organization"},"potentialAction":[{"@type":"SearchAction","target":{"@type":"EntryPoint","urlTemplate":"https:\/\/www.bagnoitalia.com\/fr?s={search_term_string}"},"query-input":{"@type":"PropertyValueSpecification","valueRequired":true,"valueName":"search_term_string"}}],"inLanguage":"fr-FR"},{"@type":"Organization","@id":"https:\/\/www.bagnoitalia.com\/fr#organization","name":"Bagno Italia","url":"https:\/\/www.bagnoitalia.com\/fr","logo":{"@type":"ImageObject","inLanguage":"fr-FR","@id":"https:\/\/www.bagnoitalia.com\/fr#\/schema\/logo\/image\/","url":"https:\/\/img.bagnoitalia.com\/wp-content\/uploads\/logo-bagnoitalia.webp","contentUrl":"https:\/\/img.bagnoitalia.com\/wp-content\/uploads\/logo-bagnoitalia.webp","width":400,"height":70,"caption":"Bagno Italia"},"image":{"@id":"https:\/\/www.bagnoitalia.com\/fr#\/schema\/logo\/image\/"}}]}},"_links":{"self":[{"href":"https:\/\/www.bagnoitalia.com\/fr\/wp-json\/wp\/v2\/product\/82116","targetHints":{"allow":["GET"]}}],"collection":[{"href":"https:\/\/www.bagnoitalia.com\/fr\/wp-json\/wp\/v2\/product"}],"about":[{"href":"https:\/\/www.bagnoitalia.com\/fr\/wp-json\/wp\/v2\/types\/product"}],"replies":[{"embeddable":true,"href":"https:\/\/www.bagnoitalia.com\/fr\/wp-json\/wp\/v2\/comments?post=82116"}],"version-history":[{"count":3,"href":"https:\/\/www.bagnoitalia.com\/fr\/wp-json\/wp\/v2\/product\/82116\/revisions"}],"predecessor-version":[{"id":107985,"href":"https:\/\/www.bagnoitalia.com\/fr\/wp-json\/wp\/v2\/product\/82116\/revisions\/107985"}],"wp:featuredmedia":[{"embeddable":true,"href":"https:\/\/www.bagnoitalia.com\/fr\/wp-json\/wp\/v2\/media\/52712"}],"wp:attachment":[{"href":"https:\/\/www.bagnoitalia.com\/fr\/wp-json\/wp\/v2\/media?parent=82116"}],"wp:term":[{"taxonomy":"product_brand","embeddable":true,"href":"https:\/\/www.bagnoitalia.com\/fr\/wp-json\/wp\/v2\/product_brand?post=82116"},{"taxonomy":"product_cat","embeddable":true,"href":"https:\/\/www.bagnoitalia.com\/fr\/wp-json\/wp\/v2\/product_cat?post=82116"},{"taxonomy":"product_tag","embeddable":true,"href":"https:\/\/www.bagnoitalia.com\/fr\/wp-json\/wp\/v2\/product_tag?post=82116"}],"curies":[{"name":"wp","href":"https:\/\/api.w.org\/{rel}","templated":true}]}}