{"id":82096,"date":"2022-03-30T07:47:46","date_gmt":"2022-03-30T05:47:46","guid":{"rendered":"https:\/\/www.bagnoitalia.com\/product\/meuble-de-salle-de-bain-gain-de-place-nordik-40-cm-meuble-suspendu-moderne-avec-miroir-inclus"},"modified":"2022-03-30T07:47:46","modified_gmt":"2022-03-30T05:47:46","slug":"meuble-de-salle-de-bain-gain-de-place-nordik-40-cm-meuble-suspendu-moderne-avec-miroir-inclus","status":"publish","type":"product","link":"https:\/\/www.bagnoitalia.com\/fr\/produit\/meuble-de-salle-de-bain-gain-de-place-nordik-40-cm-meuble-suspendu-moderne-avec-miroir-inclus.html","title":{"rendered":"Meuble de salle de bain gain de place Nordik 40 cm meuble suspendu moderne avec miroir inclus"},"content":{"rendered":"<p><span style=\"font-size: 12pt;\"><strong><span style=\"color: #ff0000;\"><span style=\"font-size: 14pt;\">Meuble de salle de bain gain de place NORDIK<\/span><br \/><\/span><\/strong><\/span><\/p>\n<\/p>\n<p> <strong><span style=\"font-size: 12pt;\">le prix ci-dessus comprend<br \/><\/span><\/strong><\/p>\n<p> n.1 base lavabo 40xP22xH58 cm<\/p>\n<p> n.m. 1 lavabo (avec trou lat\u00e9ral pour mitigeur)<\/p>\n<p> n.m. 1 miroir de 40&#215;50 cm<\/p>\n<\/p>\n<p> <strong><span style=\"font-size: 12pt;\">d\u00e9tails du produit<br \/><\/span><\/strong><\/p>\n<p> poign\u00e9e en aluminium<\/p>\n<p> pi\u00e8tement en bois m\u00e9lamin\u00e9<\/p>\n<p> lavabo en r\u00e9sine<\/p>\n<p> Couleur ch\u00eane Nordik<\/p>\n<p> 1 \u00e9tag\u00e8re int\u00e9rieure en bois<\/p>\n<p> Il est possible d&#39;ajouter une applique led depuis le menu d\u00e9roulant (disponible en chrome ou noir mat)<\/p>\n<\/p>\n<p> NB : mitigeur et vidange non inclus dans le prix<\/p><\/p>\n","protected":false},"excerpt":{"rendered":"<p>Meuble suspendu moderne, adapt\u00e9 aux petites salles de bain. Armoire peu encombrante, couleur ch\u00eane nordik, dimensions 40x22xH58 cm avec miroir inclus dans le prix<\/p>\n","protected":false},"featured_media":52444,"comment_status":"open","ping_status":"closed","template":"","meta":[],"product_brand":[9879],"product_cat":[10115],"product_tag":[],"class_list":{"0":"post-82096","1":"product","2":"type-product","3":"status-publish","4":"has-post-thumbnail","6":"product_brand-vari-produttori-fr","7":"product_cat-senza-categoria-fr","9":"first","10":"outofstock","11":"sale","12":"taxable","13":"shipping-taxable","14":"purchasable","15":"product-type-simple"},"exclude_global_add_ons":false,"addons":[{"name":"CAMPI_APPLIQUE\r\n","type":"select","position":0,"required":true,"title_format":"label","default":"","description_enable":false,"description":"","placeholder_enable":false,"placeholder":"","display":"select","restrictions_type":"any_text","adjust_price":false,"price":"","price_type":"","restrictions":false,"min":"0","max":"0","options":[]}],"yoast_head":"<!-- This site is optimized with the Yoast SEO plugin v26.7 - https:\/\/yoast.com\/wordpress\/plugins\/seo\/ -->\n<title>Meuble de salle de bain gain de place Nordik 40 cm meuble suspendu moderne avec miroir inclus<\/title>\n<meta name=\"description\" content=\"Meuble suspendu moderne, adapt\u00e9 aux petites salles de bain. Meuble gain de place 40x22xH58 cm avec miroir inclus dans le prix\" \/>\n<meta name=\"robots\" content=\"index, follow, max-snippet:-1, max-image-preview:large, max-video-preview:-1\" \/>\n<link rel=\"canonical\" href=\"https:\/\/www.bagnoitalia.com\/fr\/produit\/meuble-de-salle-de-bain-gain-de-place-nordik-40-cm-meuble-suspendu-moderne-avec-miroir-inclus.html\" \/>\n<meta property=\"og:locale\" content=\"fr_FR\" \/>\n<meta property=\"og:type\" content=\"article\" \/>\n<meta property=\"og:title\" content=\"Meuble de salle de bain gain de place Nordik 40 cm meuble suspendu moderne avec miroir inclus\" \/>\n<meta property=\"og:description\" content=\"Meuble suspendu moderne, adapt\u00e9 aux petites salles de bain. Meuble gain de place 40x22xH58 cm avec miroir inclus dans le prix\" \/>\n<meta property=\"og:url\" content=\"https:\/\/www.bagnoitalia.com\/fr\/produit\/meuble-de-salle-de-bain-gain-de-place-nordik-40-cm-meuble-suspendu-moderne-avec-miroir-inclus.html\" \/>\n<meta property=\"og:site_name\" content=\"Bagno Italia\" \/>\n<meta property=\"og:image\" content=\"https:\/\/img.bagnoitalia.com\/wp-content\/uploads\/virtuemart\/product\/M0B-0611_1.jpg\" \/>\n\t<meta property=\"og:image:width\" content=\"500\" \/>\n\t<meta property=\"og:image:height\" content=\"500\" \/>\n\t<meta property=\"og:image:type\" content=\"image\/jpeg\" \/>\n<meta name=\"twitter:card\" content=\"summary_large_image\" \/>\n<script type=\"application\/ld+json\" class=\"yoast-schema-graph\">{\"@context\":\"https:\/\/schema.org\",\"@graph\":[{\"@type\":\"WebPage\",\"@id\":\"https:\/\/www.bagnoitalia.com\/fr\/produit\/meuble-de-salle-de-bain-gain-de-place-nordik-40-cm-meuble-suspendu-moderne-avec-miroir-inclus.html\",\"url\":\"https:\/\/www.bagnoitalia.com\/fr\/produit\/meuble-de-salle-de-bain-gain-de-place-nordik-40-cm-meuble-suspendu-moderne-avec-miroir-inclus.html\",\"name\":\"Meuble de salle de bain gain de place Nordik 40 cm meuble suspendu moderne avec miroir inclus\",\"isPartOf\":{\"@id\":\"https:\/\/www.bagnoitalia.com\/fr#website\"},\"primaryImageOfPage\":{\"@id\":\"https:\/\/www.bagnoitalia.com\/fr\/produit\/meuble-de-salle-de-bain-gain-de-place-nordik-40-cm-meuble-suspendu-moderne-avec-miroir-inclus.html#primaryimage\"},\"image\":{\"@id\":\"https:\/\/www.bagnoitalia.com\/fr\/produit\/meuble-de-salle-de-bain-gain-de-place-nordik-40-cm-meuble-suspendu-moderne-avec-miroir-inclus.html#primaryimage\"},\"thumbnailUrl\":\"https:\/\/img.bagnoitalia.com\/wp-content\/uploads\/virtuemart\/product\/M0B-0611_1.jpg\",\"datePublished\":\"2022-03-30T05:47:46+00:00\",\"description\":\"Meuble suspendu moderne, adapt\u00e9 aux petites salles de bain. Meuble gain de place 40x22xH58 cm avec miroir inclus dans le prix\",\"breadcrumb\":{\"@id\":\"https:\/\/www.bagnoitalia.com\/fr\/produit\/meuble-de-salle-de-bain-gain-de-place-nordik-40-cm-meuble-suspendu-moderne-avec-miroir-inclus.html#breadcrumb\"},\"inLanguage\":\"fr-FR\",\"potentialAction\":[{\"@type\":\"ReadAction\",\"target\":[\"https:\/\/www.bagnoitalia.com\/fr\/produit\/meuble-de-salle-de-bain-gain-de-place-nordik-40-cm-meuble-suspendu-moderne-avec-miroir-inclus.html\"]}]},{\"@type\":\"ImageObject\",\"inLanguage\":\"fr-FR\",\"@id\":\"https:\/\/www.bagnoitalia.com\/fr\/produit\/meuble-de-salle-de-bain-gain-de-place-nordik-40-cm-meuble-suspendu-moderne-avec-miroir-inclus.html#primaryimage\",\"url\":\"https:\/\/img.bagnoitalia.com\/wp-content\/uploads\/virtuemart\/product\/M0B-0611_1.jpg\",\"contentUrl\":\"https:\/\/img.bagnoitalia.com\/wp-content\/uploads\/virtuemart\/product\/M0B-0611_1.jpg\",\"width\":500,\"height\":500},{\"@type\":\"BreadcrumbList\",\"@id\":\"https:\/\/www.bagnoitalia.com\/fr\/produit\/meuble-de-salle-de-bain-gain-de-place-nordik-40-cm-meuble-suspendu-moderne-avec-miroir-inclus.html#breadcrumb\",\"itemListElement\":[{\"@type\":\"ListItem\",\"position\":1,\"name\":\"Home\",\"item\":\"https:\/\/www.bagnoitalia.com\/fr\"},{\"@type\":\"ListItem\",\"position\":2,\"name\":\"Produits\",\"item\":\"https:\/\/www.bagnoitalia.com\/fr\/shop\"},{\"@type\":\"ListItem\",\"position\":3,\"name\":\"Meuble de salle de bain gain de place Nordik 40 cm meuble suspendu moderne avec miroir inclus\"}]},{\"@type\":\"WebSite\",\"@id\":\"https:\/\/www.bagnoitalia.com\/fr#website\",\"url\":\"https:\/\/www.bagnoitalia.com\/fr\",\"name\":\"Bagno Italia\",\"description\":\"\",\"publisher\":{\"@id\":\"https:\/\/www.bagnoitalia.com\/fr#organization\"},\"potentialAction\":[{\"@type\":\"SearchAction\",\"target\":{\"@type\":\"EntryPoint\",\"urlTemplate\":\"https:\/\/www.bagnoitalia.com\/fr?s={search_term_string}\"},\"query-input\":{\"@type\":\"PropertyValueSpecification\",\"valueRequired\":true,\"valueName\":\"search_term_string\"}}],\"inLanguage\":\"fr-FR\"},{\"@type\":\"Organization\",\"@id\":\"https:\/\/www.bagnoitalia.com\/fr#organization\",\"name\":\"Bagno Italia\",\"url\":\"https:\/\/www.bagnoitalia.com\/fr\",\"logo\":{\"@type\":\"ImageObject\",\"inLanguage\":\"fr-FR\",\"@id\":\"https:\/\/www.bagnoitalia.com\/fr#\/schema\/logo\/image\/\",\"url\":\"https:\/\/img.bagnoitalia.com\/wp-content\/uploads\/logo-bagnoitalia.webp\",\"contentUrl\":\"https:\/\/img.bagnoitalia.com\/wp-content\/uploads\/logo-bagnoitalia.webp\",\"width\":400,\"height\":70,\"caption\":\"Bagno Italia\"},\"image\":{\"@id\":\"https:\/\/www.bagnoitalia.com\/fr#\/schema\/logo\/image\/\"}}]}<\/script>\n<!-- \/ Yoast SEO plugin. -->","yoast_head_json":{"title":"Meuble de salle de bain gain de place Nordik 40 cm meuble suspendu moderne avec miroir inclus","description":"Meuble suspendu moderne, adapt\u00e9 aux petites salles de bain. Meuble gain de place 40x22xH58 cm avec miroir inclus dans le prix","robots":{"index":"index","follow":"follow","max-snippet":"max-snippet:-1","max-image-preview":"max-image-preview:large","max-video-preview":"max-video-preview:-1"},"canonical":"https:\/\/www.bagnoitalia.com\/fr\/produit\/meuble-de-salle-de-bain-gain-de-place-nordik-40-cm-meuble-suspendu-moderne-avec-miroir-inclus.html","og_locale":"fr_FR","og_type":"article","og_title":"Meuble de salle de bain gain de place Nordik 40 cm meuble suspendu moderne avec miroir inclus","og_description":"Meuble suspendu moderne, adapt\u00e9 aux petites salles de bain. Meuble gain de place 40x22xH58 cm avec miroir inclus dans le prix","og_url":"https:\/\/www.bagnoitalia.com\/fr\/produit\/meuble-de-salle-de-bain-gain-de-place-nordik-40-cm-meuble-suspendu-moderne-avec-miroir-inclus.html","og_site_name":"Bagno Italia","og_image":[{"width":500,"height":500,"url":"https:\/\/img.bagnoitalia.com\/wp-content\/uploads\/virtuemart\/product\/M0B-0611_1.jpg","type":"image\/jpeg"}],"twitter_card":"summary_large_image","schema":{"@context":"https:\/\/schema.org","@graph":[{"@type":"WebPage","@id":"https:\/\/www.bagnoitalia.com\/fr\/produit\/meuble-de-salle-de-bain-gain-de-place-nordik-40-cm-meuble-suspendu-moderne-avec-miroir-inclus.html","url":"https:\/\/www.bagnoitalia.com\/fr\/produit\/meuble-de-salle-de-bain-gain-de-place-nordik-40-cm-meuble-suspendu-moderne-avec-miroir-inclus.html","name":"Meuble de salle de bain gain de place Nordik 40 cm meuble suspendu moderne avec miroir inclus","isPartOf":{"@id":"https:\/\/www.bagnoitalia.com\/fr#website"},"primaryImageOfPage":{"@id":"https:\/\/www.bagnoitalia.com\/fr\/produit\/meuble-de-salle-de-bain-gain-de-place-nordik-40-cm-meuble-suspendu-moderne-avec-miroir-inclus.html#primaryimage"},"image":{"@id":"https:\/\/www.bagnoitalia.com\/fr\/produit\/meuble-de-salle-de-bain-gain-de-place-nordik-40-cm-meuble-suspendu-moderne-avec-miroir-inclus.html#primaryimage"},"thumbnailUrl":"https:\/\/img.bagnoitalia.com\/wp-content\/uploads\/virtuemart\/product\/M0B-0611_1.jpg","datePublished":"2022-03-30T05:47:46+00:00","description":"Meuble suspendu moderne, adapt\u00e9 aux petites salles de bain. Meuble gain de place 40x22xH58 cm avec miroir inclus dans le prix","breadcrumb":{"@id":"https:\/\/www.bagnoitalia.com\/fr\/produit\/meuble-de-salle-de-bain-gain-de-place-nordik-40-cm-meuble-suspendu-moderne-avec-miroir-inclus.html#breadcrumb"},"inLanguage":"fr-FR","potentialAction":[{"@type":"ReadAction","target":["https:\/\/www.bagnoitalia.com\/fr\/produit\/meuble-de-salle-de-bain-gain-de-place-nordik-40-cm-meuble-suspendu-moderne-avec-miroir-inclus.html"]}]},{"@type":"ImageObject","inLanguage":"fr-FR","@id":"https:\/\/www.bagnoitalia.com\/fr\/produit\/meuble-de-salle-de-bain-gain-de-place-nordik-40-cm-meuble-suspendu-moderne-avec-miroir-inclus.html#primaryimage","url":"https:\/\/img.bagnoitalia.com\/wp-content\/uploads\/virtuemart\/product\/M0B-0611_1.jpg","contentUrl":"https:\/\/img.bagnoitalia.com\/wp-content\/uploads\/virtuemart\/product\/M0B-0611_1.jpg","width":500,"height":500},{"@type":"BreadcrumbList","@id":"https:\/\/www.bagnoitalia.com\/fr\/produit\/meuble-de-salle-de-bain-gain-de-place-nordik-40-cm-meuble-suspendu-moderne-avec-miroir-inclus.html#breadcrumb","itemListElement":[{"@type":"ListItem","position":1,"name":"Home","item":"https:\/\/www.bagnoitalia.com\/fr"},{"@type":"ListItem","position":2,"name":"Produits","item":"https:\/\/www.bagnoitalia.com\/fr\/shop"},{"@type":"ListItem","position":3,"name":"Meuble de salle de bain gain de place Nordik 40 cm meuble suspendu moderne avec miroir inclus"}]},{"@type":"WebSite","@id":"https:\/\/www.bagnoitalia.com\/fr#website","url":"https:\/\/www.bagnoitalia.com\/fr","name":"Bagno Italia","description":"","publisher":{"@id":"https:\/\/www.bagnoitalia.com\/fr#organization"},"potentialAction":[{"@type":"SearchAction","target":{"@type":"EntryPoint","urlTemplate":"https:\/\/www.bagnoitalia.com\/fr?s={search_term_string}"},"query-input":{"@type":"PropertyValueSpecification","valueRequired":true,"valueName":"search_term_string"}}],"inLanguage":"fr-FR"},{"@type":"Organization","@id":"https:\/\/www.bagnoitalia.com\/fr#organization","name":"Bagno Italia","url":"https:\/\/www.bagnoitalia.com\/fr","logo":{"@type":"ImageObject","inLanguage":"fr-FR","@id":"https:\/\/www.bagnoitalia.com\/fr#\/schema\/logo\/image\/","url":"https:\/\/img.bagnoitalia.com\/wp-content\/uploads\/logo-bagnoitalia.webp","contentUrl":"https:\/\/img.bagnoitalia.com\/wp-content\/uploads\/logo-bagnoitalia.webp","width":400,"height":70,"caption":"Bagno Italia"},"image":{"@id":"https:\/\/www.bagnoitalia.com\/fr#\/schema\/logo\/image\/"}}]}},"_links":{"self":[{"href":"https:\/\/www.bagnoitalia.com\/fr\/wp-json\/wp\/v2\/product\/82096","targetHints":{"allow":["GET"]}}],"collection":[{"href":"https:\/\/www.bagnoitalia.com\/fr\/wp-json\/wp\/v2\/product"}],"about":[{"href":"https:\/\/www.bagnoitalia.com\/fr\/wp-json\/wp\/v2\/types\/product"}],"replies":[{"embeddable":true,"href":"https:\/\/www.bagnoitalia.com\/fr\/wp-json\/wp\/v2\/comments?post=82096"}],"version-history":[{"count":0,"href":"https:\/\/www.bagnoitalia.com\/fr\/wp-json\/wp\/v2\/product\/82096\/revisions"}],"wp:featuredmedia":[{"embeddable":true,"href":"https:\/\/www.bagnoitalia.com\/fr\/wp-json\/wp\/v2\/media\/52444"}],"wp:attachment":[{"href":"https:\/\/www.bagnoitalia.com\/fr\/wp-json\/wp\/v2\/media?parent=82096"}],"wp:term":[{"taxonomy":"product_brand","embeddable":true,"href":"https:\/\/www.bagnoitalia.com\/fr\/wp-json\/wp\/v2\/product_brand?post=82096"},{"taxonomy":"product_cat","embeddable":true,"href":"https:\/\/www.bagnoitalia.com\/fr\/wp-json\/wp\/v2\/product_cat?post=82096"},{"taxonomy":"product_tag","embeddable":true,"href":"https:\/\/www.bagnoitalia.com\/fr\/wp-json\/wp\/v2\/product_tag?post=82096"}],"curies":[{"name":"wp","href":"https:\/\/api.w.org\/{rel}","templated":true}]}}