{"id":82092,"date":"2022-03-30T07:47:46","date_gmt":"2022-03-30T05:47:46","guid":{"rendered":"https:\/\/www.bagnoitalia.com\/product\/lavabo-a-poser-rectangulaire-en-deux-modeles-45x35-cm-gris-ou-46x33-cm-noir-lav56"},"modified":"2022-03-30T07:47:46","modified_gmt":"2022-03-30T05:47:46","slug":"lavabo-a-poser-rectangulaire-en-deux-modeles-45x35-cm-gris-ou-46x33-cm-noir-lav56","status":"publish","type":"product","link":"https:\/\/www.bagnoitalia.com\/fr\/produit\/lavabo-a-poser-rectangulaire-en-deux-modeles-45x35-cm-gris-ou-46x33-cm-noir-lav56.html","title":{"rendered":"Lavabo \u00e0 poser rectangulaire en deux mod\u00e8les 45&#215;35 cm gris ou 46&#215;33 cm noir LAV56"},"content":{"rendered":"<p><strong><span style=\"font-size: 12pt;\"><span style=\"font-size: 14pt;\">LAVABO RECTANGULAIRE EN MARBRE DEUX MOD\u00c8LES LAV56<\/span><br \/><\/span><\/strong><\/p>\n<\/p>\n<p> \u00c9vier rectangulaire fabriqu\u00e9 \u00e0 la main \u00e0 partir de pierre de marbre naturelle; <span style=\"text-decoration: underline;\">chaque pi\u00e8ce peut avoir des diff\u00e9rences de forme, de taille et de nuance de couleur.<\/span><\/p>\n<p> \u00c9tant un produit fait \u00e0 la main, les dimensions ext\u00e9rieures peuvent varier de +\/- 2 cm de largeur et +\/- 1 cm de hauteur<\/p>\n<\/p>\n<p> <span style=\"text-decoration: underline;\"><strong>D\u00c9TAILS DU MOD\u00c8LE GRIS<\/strong><\/span> <span style=\"text-decoration: underline; font-size: 12pt;\"><strong>:<\/strong><\/span><\/p>\n<p> mesure ext\u00e9rieure : 45x35xH12 cm<\/p>\n<p> couleur : gris clair satin\u00e9<\/p>\n<p> bordure de 1cm<\/p>\n<\/p>\n<p> <span style=\"text-decoration: underline;\"><strong>D\u00c9TAILS DU MOD\u00c8LE NOIR<\/strong><\/span> <span style=\"text-decoration: underline; font-size: 12pt;\"><strong>:<\/strong><\/span><\/p>\n<p> dimension externe : 46x33xH13.5 cm<\/p>\n<p> couleur : noir satin\u00e9<\/p>\n<p> bordure de 1cm<\/p>\n<\/p>\n<p> ATTENTION : \u00e9viter l&#39;utilisation de produits agressifs pour le nettoyage du lavabo ; l&#39;utilisation de produits adapt\u00e9s au traitement de la pierre naturelle \/ du marbre est recommand\u00e9e<\/p>\n<p> Le lavabo n&#39;a pas de trou de trop-plein ni de trou de robinetterie<\/p>\n<p> Robinets non inclus, vidange s\u00e9lectionnable dans le menu d\u00e9roulant<\/p>\n<\/p>\n<p> LAP45G<\/p>\n<p> LAP36<\/p>\n","protected":false},"excerpt":{"rendered":"<p>\u00c9vier rectangulaire fabriqu\u00e9 \u00e0 la main en pierre de marbre naturelle. Disponible en deux tailles et coloris : 45&#215;35 cm gris clair ou 46&#215;33 cm noir<\/p>\n","protected":false},"featured_media":52412,"comment_status":"open","ping_status":"closed","template":"","meta":[],"product_brand":[5006],"product_cat":[15],"product_tag":[],"class_list":{"0":"post-82092","1":"product","2":"type-product","3":"status-publish","4":"has-post-thumbnail","6":"product_brand-deghi","7":"product_cat-senza-categoria","9":"first","10":"outofstock","11":"taxable","12":"shipping-taxable","13":"purchasable","14":"product-type-simple"},"exclude_global_add_ons":false,"addons":[{"name":"CAMPI_COLORE\r\n","type":"select","position":0,"required":true,"title_format":"label","default":"","description_enable":false,"description":"","placeholder_enable":false,"placeholder":"","display":"select","restrictions_type":"any_text","adjust_price":false,"price":"","price_type":"","restrictions":false,"min":"0","max":"0","options":[]},{"name":"CAMPI_PILETTA\r\n","type":"select","position":0,"required":true,"title_format":"label","default":"","description_enable":false,"description":"","placeholder_enable":false,"placeholder":"","display":"select","restrictions_type":"any_text","adjust_price":false,"price":"","price_type":"","restrictions":false,"min":"0","max":"0","options":[]}],"yoast_head":"<!-- This site is optimized with the Yoast SEO plugin v26.7 - https:\/\/yoast.com\/wordpress\/plugins\/seo\/ -->\n<title>Lavabo \u00e0 poser rectangulaire en deux mod\u00e8les 45x35 cm gris ou 46x33 cm noir LAV56<\/title>\n<meta name=\"description\" content=\"\u00c9vier rectangulaire fabriqu\u00e9 \u00e0 la main en pierre de marbre naturelle. Disponible en deux tailles et coloris : 45x35 cm gris clair ou 46x33 cm noir\" \/>\n<meta name=\"robots\" content=\"index, follow, max-snippet:-1, max-image-preview:large, max-video-preview:-1\" \/>\n<link rel=\"canonical\" href=\"https:\/\/www.bagnoitalia.com\/fr\/produit\/lavabo-a-poser-rectangulaire-en-deux-modeles-45x35-cm-gris-ou-46x33-cm-noir-lav56.html\" \/>\n<meta property=\"og:locale\" content=\"fr_FR\" \/>\n<meta property=\"og:type\" content=\"article\" \/>\n<meta property=\"og:title\" content=\"Lavabo \u00e0 poser rectangulaire en deux mod\u00e8les 45x35 cm gris ou 46x33 cm noir LAV56\" \/>\n<meta property=\"og:description\" content=\"\u00c9vier rectangulaire fabriqu\u00e9 \u00e0 la main en pierre de marbre naturelle. Disponible en deux tailles et coloris : 45x35 cm gris clair ou 46x33 cm noir\" \/>\n<meta property=\"og:url\" content=\"https:\/\/www.bagnoitalia.com\/fr\/produit\/lavabo-a-poser-rectangulaire-en-deux-modeles-45x35-cm-gris-ou-46x33-cm-noir-lav56.html\" \/>\n<meta property=\"og:site_name\" content=\"Bagno Italia\" \/>\n<meta property=\"og:image\" content=\"https:\/\/img.bagnoitalia.com\/wp-content\/uploads\/virtuemart\/product\/lavabo-da-appoggio-rettangolare-moderno-marmo-grigio-nero.jpg\" \/>\n\t<meta property=\"og:image:width\" content=\"550\" \/>\n\t<meta property=\"og:image:height\" content=\"550\" \/>\n\t<meta property=\"og:image:type\" content=\"image\/jpeg\" \/>\n<meta name=\"twitter:card\" content=\"summary_large_image\" \/>\n<meta name=\"twitter:label1\" content=\"Dur\u00e9e de lecture estim\u00e9e\" \/>\n\t<meta name=\"twitter:data1\" content=\"1 minute\" \/>\n<script type=\"application\/ld+json\" class=\"yoast-schema-graph\">{\"@context\":\"https:\/\/schema.org\",\"@graph\":[{\"@type\":\"WebPage\",\"@id\":\"https:\/\/www.bagnoitalia.com\/fr\/produit\/lavabo-a-poser-rectangulaire-en-deux-modeles-45x35-cm-gris-ou-46x33-cm-noir-lav56.html\",\"url\":\"https:\/\/www.bagnoitalia.com\/fr\/produit\/lavabo-a-poser-rectangulaire-en-deux-modeles-45x35-cm-gris-ou-46x33-cm-noir-lav56.html\",\"name\":\"Lavabo \u00e0 poser rectangulaire en deux mod\u00e8les 45x35 cm gris ou 46x33 cm noir LAV56\",\"isPartOf\":{\"@id\":\"https:\/\/www.bagnoitalia.com\/fr#website\"},\"primaryImageOfPage\":{\"@id\":\"https:\/\/www.bagnoitalia.com\/fr\/produit\/lavabo-a-poser-rectangulaire-en-deux-modeles-45x35-cm-gris-ou-46x33-cm-noir-lav56.html#primaryimage\"},\"image\":{\"@id\":\"https:\/\/www.bagnoitalia.com\/fr\/produit\/lavabo-a-poser-rectangulaire-en-deux-modeles-45x35-cm-gris-ou-46x33-cm-noir-lav56.html#primaryimage\"},\"thumbnailUrl\":\"https:\/\/img.bagnoitalia.com\/wp-content\/uploads\/virtuemart\/product\/lavabo-da-appoggio-rettangolare-moderno-marmo-grigio-nero.jpg\",\"datePublished\":\"2022-03-30T05:47:46+00:00\",\"description\":\"\u00c9vier rectangulaire fabriqu\u00e9 \u00e0 la main en pierre de marbre naturelle. Disponible en deux tailles et coloris : 45x35 cm gris clair ou 46x33 cm noir\",\"breadcrumb\":{\"@id\":\"https:\/\/www.bagnoitalia.com\/fr\/produit\/lavabo-a-poser-rectangulaire-en-deux-modeles-45x35-cm-gris-ou-46x33-cm-noir-lav56.html#breadcrumb\"},\"inLanguage\":\"fr-FR\",\"potentialAction\":[{\"@type\":\"ReadAction\",\"target\":[\"https:\/\/www.bagnoitalia.com\/fr\/produit\/lavabo-a-poser-rectangulaire-en-deux-modeles-45x35-cm-gris-ou-46x33-cm-noir-lav56.html\"]}]},{\"@type\":\"ImageObject\",\"inLanguage\":\"fr-FR\",\"@id\":\"https:\/\/www.bagnoitalia.com\/fr\/produit\/lavabo-a-poser-rectangulaire-en-deux-modeles-45x35-cm-gris-ou-46x33-cm-noir-lav56.html#primaryimage\",\"url\":\"https:\/\/img.bagnoitalia.com\/wp-content\/uploads\/virtuemart\/product\/lavabo-da-appoggio-rettangolare-moderno-marmo-grigio-nero.jpg\",\"contentUrl\":\"https:\/\/img.bagnoitalia.com\/wp-content\/uploads\/virtuemart\/product\/lavabo-da-appoggio-rettangolare-moderno-marmo-grigio-nero.jpg\",\"width\":550,\"height\":550},{\"@type\":\"BreadcrumbList\",\"@id\":\"https:\/\/www.bagnoitalia.com\/fr\/produit\/lavabo-a-poser-rectangulaire-en-deux-modeles-45x35-cm-gris-ou-46x33-cm-noir-lav56.html#breadcrumb\",\"itemListElement\":[{\"@type\":\"ListItem\",\"position\":1,\"name\":\"Home\",\"item\":\"https:\/\/www.bagnoitalia.com\/fr\"},{\"@type\":\"ListItem\",\"position\":2,\"name\":\"Produits\",\"item\":\"https:\/\/www.bagnoitalia.com\/fr\/shop\"},{\"@type\":\"ListItem\",\"position\":3,\"name\":\"Lavabo \u00e0 poser rectangulaire en deux mod\u00e8les 45&#215;35 cm gris ou 46&#215;33 cm noir LAV56\"}]},{\"@type\":\"WebSite\",\"@id\":\"https:\/\/www.bagnoitalia.com\/fr#website\",\"url\":\"https:\/\/www.bagnoitalia.com\/fr\",\"name\":\"Bagno Italia\",\"description\":\"\",\"publisher\":{\"@id\":\"https:\/\/www.bagnoitalia.com\/fr#organization\"},\"potentialAction\":[{\"@type\":\"SearchAction\",\"target\":{\"@type\":\"EntryPoint\",\"urlTemplate\":\"https:\/\/www.bagnoitalia.com\/fr?s={search_term_string}\"},\"query-input\":{\"@type\":\"PropertyValueSpecification\",\"valueRequired\":true,\"valueName\":\"search_term_string\"}}],\"inLanguage\":\"fr-FR\"},{\"@type\":\"Organization\",\"@id\":\"https:\/\/www.bagnoitalia.com\/fr#organization\",\"name\":\"Bagno Italia\",\"url\":\"https:\/\/www.bagnoitalia.com\/fr\",\"logo\":{\"@type\":\"ImageObject\",\"inLanguage\":\"fr-FR\",\"@id\":\"https:\/\/www.bagnoitalia.com\/fr#\/schema\/logo\/image\/\",\"url\":\"https:\/\/img.bagnoitalia.com\/wp-content\/uploads\/logo-bagnoitalia.webp\",\"contentUrl\":\"https:\/\/img.bagnoitalia.com\/wp-content\/uploads\/logo-bagnoitalia.webp\",\"width\":400,\"height\":70,\"caption\":\"Bagno Italia\"},\"image\":{\"@id\":\"https:\/\/www.bagnoitalia.com\/fr#\/schema\/logo\/image\/\"}}]}<\/script>\n<!-- \/ Yoast SEO plugin. -->","yoast_head_json":{"title":"Lavabo \u00e0 poser rectangulaire en deux mod\u00e8les 45x35 cm gris ou 46x33 cm noir LAV56","description":"\u00c9vier rectangulaire fabriqu\u00e9 \u00e0 la main en pierre de marbre naturelle. Disponible en deux tailles et coloris : 45x35 cm gris clair ou 46x33 cm noir","robots":{"index":"index","follow":"follow","max-snippet":"max-snippet:-1","max-image-preview":"max-image-preview:large","max-video-preview":"max-video-preview:-1"},"canonical":"https:\/\/www.bagnoitalia.com\/fr\/produit\/lavabo-a-poser-rectangulaire-en-deux-modeles-45x35-cm-gris-ou-46x33-cm-noir-lav56.html","og_locale":"fr_FR","og_type":"article","og_title":"Lavabo \u00e0 poser rectangulaire en deux mod\u00e8les 45x35 cm gris ou 46x33 cm noir LAV56","og_description":"\u00c9vier rectangulaire fabriqu\u00e9 \u00e0 la main en pierre de marbre naturelle. Disponible en deux tailles et coloris : 45x35 cm gris clair ou 46x33 cm noir","og_url":"https:\/\/www.bagnoitalia.com\/fr\/produit\/lavabo-a-poser-rectangulaire-en-deux-modeles-45x35-cm-gris-ou-46x33-cm-noir-lav56.html","og_site_name":"Bagno Italia","og_image":[{"width":550,"height":550,"url":"https:\/\/img.bagnoitalia.com\/wp-content\/uploads\/virtuemart\/product\/lavabo-da-appoggio-rettangolare-moderno-marmo-grigio-nero.jpg","type":"image\/jpeg"}],"twitter_card":"summary_large_image","twitter_misc":{"Dur\u00e9e de lecture estim\u00e9e":"1 minute"},"schema":{"@context":"https:\/\/schema.org","@graph":[{"@type":"WebPage","@id":"https:\/\/www.bagnoitalia.com\/fr\/produit\/lavabo-a-poser-rectangulaire-en-deux-modeles-45x35-cm-gris-ou-46x33-cm-noir-lav56.html","url":"https:\/\/www.bagnoitalia.com\/fr\/produit\/lavabo-a-poser-rectangulaire-en-deux-modeles-45x35-cm-gris-ou-46x33-cm-noir-lav56.html","name":"Lavabo \u00e0 poser rectangulaire en deux mod\u00e8les 45x35 cm gris ou 46x33 cm noir LAV56","isPartOf":{"@id":"https:\/\/www.bagnoitalia.com\/fr#website"},"primaryImageOfPage":{"@id":"https:\/\/www.bagnoitalia.com\/fr\/produit\/lavabo-a-poser-rectangulaire-en-deux-modeles-45x35-cm-gris-ou-46x33-cm-noir-lav56.html#primaryimage"},"image":{"@id":"https:\/\/www.bagnoitalia.com\/fr\/produit\/lavabo-a-poser-rectangulaire-en-deux-modeles-45x35-cm-gris-ou-46x33-cm-noir-lav56.html#primaryimage"},"thumbnailUrl":"https:\/\/img.bagnoitalia.com\/wp-content\/uploads\/virtuemart\/product\/lavabo-da-appoggio-rettangolare-moderno-marmo-grigio-nero.jpg","datePublished":"2022-03-30T05:47:46+00:00","description":"\u00c9vier rectangulaire fabriqu\u00e9 \u00e0 la main en pierre de marbre naturelle. Disponible en deux tailles et coloris : 45x35 cm gris clair ou 46x33 cm noir","breadcrumb":{"@id":"https:\/\/www.bagnoitalia.com\/fr\/produit\/lavabo-a-poser-rectangulaire-en-deux-modeles-45x35-cm-gris-ou-46x33-cm-noir-lav56.html#breadcrumb"},"inLanguage":"fr-FR","potentialAction":[{"@type":"ReadAction","target":["https:\/\/www.bagnoitalia.com\/fr\/produit\/lavabo-a-poser-rectangulaire-en-deux-modeles-45x35-cm-gris-ou-46x33-cm-noir-lav56.html"]}]},{"@type":"ImageObject","inLanguage":"fr-FR","@id":"https:\/\/www.bagnoitalia.com\/fr\/produit\/lavabo-a-poser-rectangulaire-en-deux-modeles-45x35-cm-gris-ou-46x33-cm-noir-lav56.html#primaryimage","url":"https:\/\/img.bagnoitalia.com\/wp-content\/uploads\/virtuemart\/product\/lavabo-da-appoggio-rettangolare-moderno-marmo-grigio-nero.jpg","contentUrl":"https:\/\/img.bagnoitalia.com\/wp-content\/uploads\/virtuemart\/product\/lavabo-da-appoggio-rettangolare-moderno-marmo-grigio-nero.jpg","width":550,"height":550},{"@type":"BreadcrumbList","@id":"https:\/\/www.bagnoitalia.com\/fr\/produit\/lavabo-a-poser-rectangulaire-en-deux-modeles-45x35-cm-gris-ou-46x33-cm-noir-lav56.html#breadcrumb","itemListElement":[{"@type":"ListItem","position":1,"name":"Home","item":"https:\/\/www.bagnoitalia.com\/fr"},{"@type":"ListItem","position":2,"name":"Produits","item":"https:\/\/www.bagnoitalia.com\/fr\/shop"},{"@type":"ListItem","position":3,"name":"Lavabo \u00e0 poser rectangulaire en deux mod\u00e8les 45&#215;35 cm gris ou 46&#215;33 cm noir LAV56"}]},{"@type":"WebSite","@id":"https:\/\/www.bagnoitalia.com\/fr#website","url":"https:\/\/www.bagnoitalia.com\/fr","name":"Bagno Italia","description":"","publisher":{"@id":"https:\/\/www.bagnoitalia.com\/fr#organization"},"potentialAction":[{"@type":"SearchAction","target":{"@type":"EntryPoint","urlTemplate":"https:\/\/www.bagnoitalia.com\/fr?s={search_term_string}"},"query-input":{"@type":"PropertyValueSpecification","valueRequired":true,"valueName":"search_term_string"}}],"inLanguage":"fr-FR"},{"@type":"Organization","@id":"https:\/\/www.bagnoitalia.com\/fr#organization","name":"Bagno Italia","url":"https:\/\/www.bagnoitalia.com\/fr","logo":{"@type":"ImageObject","inLanguage":"fr-FR","@id":"https:\/\/www.bagnoitalia.com\/fr#\/schema\/logo\/image\/","url":"https:\/\/img.bagnoitalia.com\/wp-content\/uploads\/logo-bagnoitalia.webp","contentUrl":"https:\/\/img.bagnoitalia.com\/wp-content\/uploads\/logo-bagnoitalia.webp","width":400,"height":70,"caption":"Bagno Italia"},"image":{"@id":"https:\/\/www.bagnoitalia.com\/fr#\/schema\/logo\/image\/"}}]}},"_links":{"self":[{"href":"https:\/\/www.bagnoitalia.com\/fr\/wp-json\/wp\/v2\/product\/82092","targetHints":{"allow":["GET"]}}],"collection":[{"href":"https:\/\/www.bagnoitalia.com\/fr\/wp-json\/wp\/v2\/product"}],"about":[{"href":"https:\/\/www.bagnoitalia.com\/fr\/wp-json\/wp\/v2\/types\/product"}],"replies":[{"embeddable":true,"href":"https:\/\/www.bagnoitalia.com\/fr\/wp-json\/wp\/v2\/comments?post=82092"}],"version-history":[{"count":0,"href":"https:\/\/www.bagnoitalia.com\/fr\/wp-json\/wp\/v2\/product\/82092\/revisions"}],"wp:featuredmedia":[{"embeddable":true,"href":"https:\/\/www.bagnoitalia.com\/fr\/wp-json\/wp\/v2\/media\/52412"}],"wp:attachment":[{"href":"https:\/\/www.bagnoitalia.com\/fr\/wp-json\/wp\/v2\/media?parent=82092"}],"wp:term":[{"taxonomy":"product_brand","embeddable":true,"href":"https:\/\/www.bagnoitalia.com\/fr\/wp-json\/wp\/v2\/product_brand?post=82092"},{"taxonomy":"product_cat","embeddable":true,"href":"https:\/\/www.bagnoitalia.com\/fr\/wp-json\/wp\/v2\/product_cat?post=82092"},{"taxonomy":"product_tag","embeddable":true,"href":"https:\/\/www.bagnoitalia.com\/fr\/wp-json\/wp\/v2\/product_tag?post=82092"}],"curies":[{"name":"wp","href":"https:\/\/api.w.org\/{rel}","templated":true}]}}