{"id":82072,"date":"2022-03-30T07:47:46","date_gmt":"2022-03-30T05:47:46","guid":{"rendered":"https:\/\/www.bagnoitalia.com\/product\/vasque-a-poser-50x35xh12-cm-en-marbre-naturel-semi-opaque-3-couleurs-lav47"},"modified":"2022-03-30T07:47:46","modified_gmt":"2022-03-30T05:47:46","slug":"vasque-a-poser-50x35xh12-cm-en-marbre-naturel-semi-opaque-3-couleurs-lav47","status":"publish","type":"product","link":"https:\/\/www.bagnoitalia.com\/fr\/produit\/vasque-a-poser-50x35xh12-cm-en-marbre-naturel-semi-opaque-3-couleurs-lav47.html","title":{"rendered":"Vasque \u00e0 poser 50x35xH12 cm en marbre naturel semi-opaque 3 couleurs LAV47"},"content":{"rendered":"<p><strong><span style=\"font-size: 12pt;\"><span style=\"font-size: 14pt;\">LAVABO \u00c0 POSER RECTANGULAIRE LAV47<\/span><br \/><\/span><\/strong><\/p>\n<\/p>\n<p> Lavabo fabriqu\u00e9 \u00e0 la main \u00e0 partir de blocs de pierre de marbre naturel, chaque pi\u00e8ce peut pr\u00e9senter de l\u00e9g\u00e8res diff\u00e9rences de forme, de taille et de nuance de couleur.<\/p>\n<\/p>\n<p> <span style=\"text-decoration: underline;\"><strong>CARACT\u00c9RISTIQUES<\/strong><\/span><span style=\"text-decoration: underline; font-size: 12pt;\"><strong>\u00a0:<\/strong><\/span><\/p>\n<p> Dimensions : 50x35xH12cm<\/p>\n<p> hauteur int\u00e9rieure : 8cm<\/p>\n<p> Bordure de 1 cm<\/p>\n<p> installation: comptoir<\/p>\n<p> couleurs disponibles : cr\u00e8me, gris clair, gris fonc\u00e9<\/p>\n<p> finition semi-mate<\/p>\n<p> \u00c9tant un produit fait \u00e0 la main, les dimensions ext\u00e9rieures peuvent varier d&#39;environ +\/- 2 cm (et de +\/- 1 cm de hauteur)<\/p>\n<\/p>\n<p> Robinets non inclus, vidange s\u00e9lectionnable dans le menu d\u00e9roulant<\/p>\n<\/p>\n<p> ATTENTION : \u00e9viter l&#39;utilisation de produits agressifs pour le nettoyage du lavabo ; l&#39;utilisation de produits adapt\u00e9s au marbre est recommand\u00e9e<\/p>\n<p> Le lavabo n&#39;a pas de trou de trop-plein ni de trou de robinetterie<\/p>\n<\/p>\n<p> LAP32C<\/p>\n<p> LAP53S<\/p>\n<p> LAP53G<\/p><\/p>\n","protected":false},"excerpt":{"rendered":"<p>\u00c9vier rectangulaire en pierre de marbre naturel avec une finition satin\u00e9e. Disponible dans les couleurs cr\u00e8me, gris clair et gris fonc\u00e9.<\/p>\n","protected":false},"featured_media":52200,"comment_status":"open","ping_status":"closed","template":"","meta":[],"product_brand":[9882],"product_cat":[15],"product_tag":[],"class_list":{"0":"post-82072","1":"product","2":"type-product","3":"status-publish","4":"has-post-thumbnail","6":"product_brand-deghi-fr","7":"product_cat-senza-categoria","9":"first","10":"outofstock","11":"taxable","12":"shipping-taxable","13":"purchasable","14":"product-type-simple"},"exclude_global_add_ons":false,"addons":[{"name":"CAMPI_COLORE\r\n","type":"select","position":0,"required":true,"title_format":"label","default":"","description_enable":false,"description":"","placeholder_enable":false,"placeholder":"","display":"select","restrictions_type":"any_text","adjust_price":false,"price":"","price_type":"","restrictions":false,"min":"0","max":"0","options":[]},{"name":"CAMPI_PILETTA\r\n","type":"select","position":0,"required":true,"title_format":"label","default":"","description_enable":false,"description":"","placeholder_enable":false,"placeholder":"","display":"select","restrictions_type":"any_text","adjust_price":false,"price":"","price_type":"","restrictions":false,"min":"0","max":"0","options":[]}],"yoast_head":"<!-- This site is optimized with the Yoast SEO plugin v26.7 - https:\/\/yoast.com\/wordpress\/plugins\/seo\/ -->\n<title>Vasque \u00e0 poser 50x35xH12 cm en marbre naturel semi-opaque 3 couleurs LAV47<\/title>\n<meta name=\"description\" content=\"\u00c9vier rectangulaire en pierre de marbre naturel avec une finition satin\u00e9e. Disponible dans les couleurs cr\u00e8me, gris clair et gris fonc\u00e9.\" \/>\n<meta name=\"robots\" content=\"index, follow, max-snippet:-1, max-image-preview:large, max-video-preview:-1\" \/>\n<link rel=\"canonical\" href=\"https:\/\/www.bagnoitalia.com\/fr\/produit\/vasque-a-poser-50x35xh12-cm-en-marbre-naturel-semi-opaque-3-couleurs-lav47.html\" \/>\n<meta property=\"og:locale\" content=\"fr_FR\" \/>\n<meta property=\"og:type\" content=\"article\" \/>\n<meta property=\"og:title\" content=\"Vasque \u00e0 poser 50x35xH12 cm en marbre naturel semi-opaque 3 couleurs LAV47\" \/>\n<meta property=\"og:description\" content=\"\u00c9vier rectangulaire en pierre de marbre naturel avec une finition satin\u00e9e. Disponible dans les couleurs cr\u00e8me, gris clair et gris fonc\u00e9.\" \/>\n<meta property=\"og:url\" content=\"https:\/\/www.bagnoitalia.com\/fr\/produit\/vasque-a-poser-50x35xh12-cm-en-marbre-naturel-semi-opaque-3-couleurs-lav47.html\" \/>\n<meta property=\"og:site_name\" content=\"Bagno Italia\" \/>\n<meta property=\"og:image\" content=\"https:\/\/img.bagnoitalia.com\/wp-content\/uploads\/virtuemart\/product\/L4V-01016_1.jpg\" \/>\n\t<meta property=\"og:image:width\" content=\"550\" \/>\n\t<meta property=\"og:image:height\" content=\"550\" \/>\n\t<meta property=\"og:image:type\" content=\"image\/jpeg\" \/>\n<meta name=\"twitter:card\" content=\"summary_large_image\" \/>\n<meta name=\"twitter:label1\" content=\"Dur\u00e9e de lecture estim\u00e9e\" \/>\n\t<meta name=\"twitter:data1\" content=\"1 minute\" \/>\n<script type=\"application\/ld+json\" class=\"yoast-schema-graph\">{\"@context\":\"https:\/\/schema.org\",\"@graph\":[{\"@type\":\"WebPage\",\"@id\":\"https:\/\/www.bagnoitalia.com\/fr\/produit\/vasque-a-poser-50x35xh12-cm-en-marbre-naturel-semi-opaque-3-couleurs-lav47.html\",\"url\":\"https:\/\/www.bagnoitalia.com\/fr\/produit\/vasque-a-poser-50x35xh12-cm-en-marbre-naturel-semi-opaque-3-couleurs-lav47.html\",\"name\":\"Vasque \u00e0 poser 50x35xH12 cm en marbre naturel semi-opaque 3 couleurs LAV47\",\"isPartOf\":{\"@id\":\"https:\/\/www.bagnoitalia.com\/fr#website\"},\"primaryImageOfPage\":{\"@id\":\"https:\/\/www.bagnoitalia.com\/fr\/produit\/vasque-a-poser-50x35xh12-cm-en-marbre-naturel-semi-opaque-3-couleurs-lav47.html#primaryimage\"},\"image\":{\"@id\":\"https:\/\/www.bagnoitalia.com\/fr\/produit\/vasque-a-poser-50x35xh12-cm-en-marbre-naturel-semi-opaque-3-couleurs-lav47.html#primaryimage\"},\"thumbnailUrl\":\"https:\/\/img.bagnoitalia.com\/wp-content\/uploads\/virtuemart\/product\/L4V-01016_1.jpg\",\"datePublished\":\"2022-03-30T05:47:46+00:00\",\"description\":\"\u00c9vier rectangulaire en pierre de marbre naturel avec une finition satin\u00e9e. Disponible dans les couleurs cr\u00e8me, gris clair et gris fonc\u00e9.\",\"breadcrumb\":{\"@id\":\"https:\/\/www.bagnoitalia.com\/fr\/produit\/vasque-a-poser-50x35xh12-cm-en-marbre-naturel-semi-opaque-3-couleurs-lav47.html#breadcrumb\"},\"inLanguage\":\"fr-FR\",\"potentialAction\":[{\"@type\":\"ReadAction\",\"target\":[\"https:\/\/www.bagnoitalia.com\/fr\/produit\/vasque-a-poser-50x35xh12-cm-en-marbre-naturel-semi-opaque-3-couleurs-lav47.html\"]}]},{\"@type\":\"ImageObject\",\"inLanguage\":\"fr-FR\",\"@id\":\"https:\/\/www.bagnoitalia.com\/fr\/produit\/vasque-a-poser-50x35xh12-cm-en-marbre-naturel-semi-opaque-3-couleurs-lav47.html#primaryimage\",\"url\":\"https:\/\/img.bagnoitalia.com\/wp-content\/uploads\/virtuemart\/product\/L4V-01016_1.jpg\",\"contentUrl\":\"https:\/\/img.bagnoitalia.com\/wp-content\/uploads\/virtuemart\/product\/L4V-01016_1.jpg\",\"width\":550,\"height\":550},{\"@type\":\"BreadcrumbList\",\"@id\":\"https:\/\/www.bagnoitalia.com\/fr\/produit\/vasque-a-poser-50x35xh12-cm-en-marbre-naturel-semi-opaque-3-couleurs-lav47.html#breadcrumb\",\"itemListElement\":[{\"@type\":\"ListItem\",\"position\":1,\"name\":\"Home\",\"item\":\"https:\/\/www.bagnoitalia.com\/fr\"},{\"@type\":\"ListItem\",\"position\":2,\"name\":\"Produits\",\"item\":\"https:\/\/www.bagnoitalia.com\/fr\/shop\"},{\"@type\":\"ListItem\",\"position\":3,\"name\":\"Vasque \u00e0 poser 50x35xH12 cm en marbre naturel semi-opaque 3 couleurs LAV47\"}]},{\"@type\":\"WebSite\",\"@id\":\"https:\/\/www.bagnoitalia.com\/fr#website\",\"url\":\"https:\/\/www.bagnoitalia.com\/fr\",\"name\":\"Bagno Italia\",\"description\":\"\",\"publisher\":{\"@id\":\"https:\/\/www.bagnoitalia.com\/fr#organization\"},\"potentialAction\":[{\"@type\":\"SearchAction\",\"target\":{\"@type\":\"EntryPoint\",\"urlTemplate\":\"https:\/\/www.bagnoitalia.com\/fr?s={search_term_string}\"},\"query-input\":{\"@type\":\"PropertyValueSpecification\",\"valueRequired\":true,\"valueName\":\"search_term_string\"}}],\"inLanguage\":\"fr-FR\"},{\"@type\":\"Organization\",\"@id\":\"https:\/\/www.bagnoitalia.com\/fr#organization\",\"name\":\"Bagno Italia\",\"url\":\"https:\/\/www.bagnoitalia.com\/fr\",\"logo\":{\"@type\":\"ImageObject\",\"inLanguage\":\"fr-FR\",\"@id\":\"https:\/\/www.bagnoitalia.com\/fr#\/schema\/logo\/image\/\",\"url\":\"https:\/\/img.bagnoitalia.com\/wp-content\/uploads\/logo-bagnoitalia.webp\",\"contentUrl\":\"https:\/\/img.bagnoitalia.com\/wp-content\/uploads\/logo-bagnoitalia.webp\",\"width\":400,\"height\":70,\"caption\":\"Bagno Italia\"},\"image\":{\"@id\":\"https:\/\/www.bagnoitalia.com\/fr#\/schema\/logo\/image\/\"}}]}<\/script>\n<!-- \/ Yoast SEO plugin. -->","yoast_head_json":{"title":"Vasque \u00e0 poser 50x35xH12 cm en marbre naturel semi-opaque 3 couleurs LAV47","description":"\u00c9vier rectangulaire en pierre de marbre naturel avec une finition satin\u00e9e. Disponible dans les couleurs cr\u00e8me, gris clair et gris fonc\u00e9.","robots":{"index":"index","follow":"follow","max-snippet":"max-snippet:-1","max-image-preview":"max-image-preview:large","max-video-preview":"max-video-preview:-1"},"canonical":"https:\/\/www.bagnoitalia.com\/fr\/produit\/vasque-a-poser-50x35xh12-cm-en-marbre-naturel-semi-opaque-3-couleurs-lav47.html","og_locale":"fr_FR","og_type":"article","og_title":"Vasque \u00e0 poser 50x35xH12 cm en marbre naturel semi-opaque 3 couleurs LAV47","og_description":"\u00c9vier rectangulaire en pierre de marbre naturel avec une finition satin\u00e9e. Disponible dans les couleurs cr\u00e8me, gris clair et gris fonc\u00e9.","og_url":"https:\/\/www.bagnoitalia.com\/fr\/produit\/vasque-a-poser-50x35xh12-cm-en-marbre-naturel-semi-opaque-3-couleurs-lav47.html","og_site_name":"Bagno Italia","og_image":[{"width":550,"height":550,"url":"https:\/\/img.bagnoitalia.com\/wp-content\/uploads\/virtuemart\/product\/L4V-01016_1.jpg","type":"image\/jpeg"}],"twitter_card":"summary_large_image","twitter_misc":{"Dur\u00e9e de lecture estim\u00e9e":"1 minute"},"schema":{"@context":"https:\/\/schema.org","@graph":[{"@type":"WebPage","@id":"https:\/\/www.bagnoitalia.com\/fr\/produit\/vasque-a-poser-50x35xh12-cm-en-marbre-naturel-semi-opaque-3-couleurs-lav47.html","url":"https:\/\/www.bagnoitalia.com\/fr\/produit\/vasque-a-poser-50x35xh12-cm-en-marbre-naturel-semi-opaque-3-couleurs-lav47.html","name":"Vasque \u00e0 poser 50x35xH12 cm en marbre naturel semi-opaque 3 couleurs LAV47","isPartOf":{"@id":"https:\/\/www.bagnoitalia.com\/fr#website"},"primaryImageOfPage":{"@id":"https:\/\/www.bagnoitalia.com\/fr\/produit\/vasque-a-poser-50x35xh12-cm-en-marbre-naturel-semi-opaque-3-couleurs-lav47.html#primaryimage"},"image":{"@id":"https:\/\/www.bagnoitalia.com\/fr\/produit\/vasque-a-poser-50x35xh12-cm-en-marbre-naturel-semi-opaque-3-couleurs-lav47.html#primaryimage"},"thumbnailUrl":"https:\/\/img.bagnoitalia.com\/wp-content\/uploads\/virtuemart\/product\/L4V-01016_1.jpg","datePublished":"2022-03-30T05:47:46+00:00","description":"\u00c9vier rectangulaire en pierre de marbre naturel avec une finition satin\u00e9e. Disponible dans les couleurs cr\u00e8me, gris clair et gris fonc\u00e9.","breadcrumb":{"@id":"https:\/\/www.bagnoitalia.com\/fr\/produit\/vasque-a-poser-50x35xh12-cm-en-marbre-naturel-semi-opaque-3-couleurs-lav47.html#breadcrumb"},"inLanguage":"fr-FR","potentialAction":[{"@type":"ReadAction","target":["https:\/\/www.bagnoitalia.com\/fr\/produit\/vasque-a-poser-50x35xh12-cm-en-marbre-naturel-semi-opaque-3-couleurs-lav47.html"]}]},{"@type":"ImageObject","inLanguage":"fr-FR","@id":"https:\/\/www.bagnoitalia.com\/fr\/produit\/vasque-a-poser-50x35xh12-cm-en-marbre-naturel-semi-opaque-3-couleurs-lav47.html#primaryimage","url":"https:\/\/img.bagnoitalia.com\/wp-content\/uploads\/virtuemart\/product\/L4V-01016_1.jpg","contentUrl":"https:\/\/img.bagnoitalia.com\/wp-content\/uploads\/virtuemart\/product\/L4V-01016_1.jpg","width":550,"height":550},{"@type":"BreadcrumbList","@id":"https:\/\/www.bagnoitalia.com\/fr\/produit\/vasque-a-poser-50x35xh12-cm-en-marbre-naturel-semi-opaque-3-couleurs-lav47.html#breadcrumb","itemListElement":[{"@type":"ListItem","position":1,"name":"Home","item":"https:\/\/www.bagnoitalia.com\/fr"},{"@type":"ListItem","position":2,"name":"Produits","item":"https:\/\/www.bagnoitalia.com\/fr\/shop"},{"@type":"ListItem","position":3,"name":"Vasque \u00e0 poser 50x35xH12 cm en marbre naturel semi-opaque 3 couleurs LAV47"}]},{"@type":"WebSite","@id":"https:\/\/www.bagnoitalia.com\/fr#website","url":"https:\/\/www.bagnoitalia.com\/fr","name":"Bagno Italia","description":"","publisher":{"@id":"https:\/\/www.bagnoitalia.com\/fr#organization"},"potentialAction":[{"@type":"SearchAction","target":{"@type":"EntryPoint","urlTemplate":"https:\/\/www.bagnoitalia.com\/fr?s={search_term_string}"},"query-input":{"@type":"PropertyValueSpecification","valueRequired":true,"valueName":"search_term_string"}}],"inLanguage":"fr-FR"},{"@type":"Organization","@id":"https:\/\/www.bagnoitalia.com\/fr#organization","name":"Bagno Italia","url":"https:\/\/www.bagnoitalia.com\/fr","logo":{"@type":"ImageObject","inLanguage":"fr-FR","@id":"https:\/\/www.bagnoitalia.com\/fr#\/schema\/logo\/image\/","url":"https:\/\/img.bagnoitalia.com\/wp-content\/uploads\/logo-bagnoitalia.webp","contentUrl":"https:\/\/img.bagnoitalia.com\/wp-content\/uploads\/logo-bagnoitalia.webp","width":400,"height":70,"caption":"Bagno Italia"},"image":{"@id":"https:\/\/www.bagnoitalia.com\/fr#\/schema\/logo\/image\/"}}]}},"_links":{"self":[{"href":"https:\/\/www.bagnoitalia.com\/fr\/wp-json\/wp\/v2\/product\/82072","targetHints":{"allow":["GET"]}}],"collection":[{"href":"https:\/\/www.bagnoitalia.com\/fr\/wp-json\/wp\/v2\/product"}],"about":[{"href":"https:\/\/www.bagnoitalia.com\/fr\/wp-json\/wp\/v2\/types\/product"}],"replies":[{"embeddable":true,"href":"https:\/\/www.bagnoitalia.com\/fr\/wp-json\/wp\/v2\/comments?post=82072"}],"version-history":[{"count":0,"href":"https:\/\/www.bagnoitalia.com\/fr\/wp-json\/wp\/v2\/product\/82072\/revisions"}],"wp:featuredmedia":[{"embeddable":true,"href":"https:\/\/www.bagnoitalia.com\/fr\/wp-json\/wp\/v2\/media\/52200"}],"wp:attachment":[{"href":"https:\/\/www.bagnoitalia.com\/fr\/wp-json\/wp\/v2\/media?parent=82072"}],"wp:term":[{"taxonomy":"product_brand","embeddable":true,"href":"https:\/\/www.bagnoitalia.com\/fr\/wp-json\/wp\/v2\/product_brand?post=82072"},{"taxonomy":"product_cat","embeddable":true,"href":"https:\/\/www.bagnoitalia.com\/fr\/wp-json\/wp\/v2\/product_cat?post=82072"},{"taxonomy":"product_tag","embeddable":true,"href":"https:\/\/www.bagnoitalia.com\/fr\/wp-json\/wp\/v2\/product_tag?post=82072"}],"curies":[{"name":"wp","href":"https:\/\/api.w.org\/{rel}","templated":true}]}}