{"id":82064,"date":"2022-03-30T07:47:46","date_gmt":"2022-03-30T05:47:46","guid":{"rendered":"https:\/\/www.bagnoitalia.com\/product\/table-en-bois-de-chene-massif-avec-noeud-et-pieds-en-metal-disponible-en-160-180-ou-250-cm-en-deux-coloris"},"modified":"2024-05-24T16:16:59","modified_gmt":"2024-05-24T14:16:59","slug":"table-en-bois-de-chene-massif-avec-noeud-et-pieds-en-metal-disponible-en-160-180-ou-250-cm-en-deux-coloris","status":"publish","type":"product","link":"https:\/\/www.bagnoitalia.com\/fr\/produit\/table-en-bois-de-chene-massif-avec-noeud-et-pieds-en-metal-disponible-en-160-180-ou-250-cm-en-deux-coloris.html","title":{"rendered":"Table en bois de ch\u00eane massif avec noeud et pieds en m\u00e9tal disponible en 160 180 ou 250 cm en deux coloris TL004"},"content":{"rendered":"<p><span style=\"font-size: 14pt; font-family: 'arial black', 'avant garde';\">Table en ch\u00eane massif<br \/>\n<\/span><\/p>\n<p>&nbsp;<\/p>\n<p>Table moderne disponible dans les dimensions suivantes :<\/p>\n<p>160 \u00d7 90xH75cm<\/p>\n<p>180 \u00d7 90xH75cm<\/p>\n<p>250 \u00d7 100xH75cm<\/p>\n<p>Couleurs disponibles : Grain ou Beton<\/p>\n<p>(s\u00e9lectionnez la couleur et la taille souhait\u00e9es dans le menu d\u00e9roulant)<\/p>\n<p>&nbsp;<\/p>\n<p><span style=\"text-decoration: underline;\">D\u00c9TAILS DU PRODUIT:<\/span><\/p>\n<p>Epaisseur 4cm<\/p>\n<p>Pieds en m\u00e9tal<\/p>\n<p>Plateau en bois de ch\u00eane nou\u00e9 massif<\/p>\n<p>&nbsp;<\/p>\n<p>&nbsp;<\/p>\n<p>&nbsp;<\/p>\n","protected":false},"excerpt":{"rendered":"<p>Table moderne disponible en 3 longueurs, adapt\u00e9e \u00e0 tous les environnements. Structure robuste et tr\u00e8s r\u00e9sistante. Disponible en deux couleurs : bl\u00e9 ou beton<\/p>\n","protected":false},"featured_media":52132,"comment_status":"open","ping_status":"closed","template":"","meta":[],"product_brand":[9945],"product_cat":[9961,10006],"product_tag":[],"class_list":{"0":"post-82064","1":"product","2":"type-product","3":"status-publish","4":"has-post-thumbnail","6":"product_brand-tempesta-lineatavoli-fr","7":"product_cat-showroom-fr","8":"product_cat-tables-fr","10":"first","11":"instock","12":"sale","13":"taxable","14":"shipping-taxable","15":"purchasable","16":"product-type-simple"},"exclude_global_add_ons":false,"addons":[{"name":"Couleur","type":"multiple_choice","position":0,"required":true,"title_format":"heading","default":"","description_enable":false,"description":"","placeholder_enable":false,"placeholder":"","display":"select","restrictions_type":"any_text","adjust_price":false,"price":"","price_type":"flat_fee","restrictions":false,"min":"0","max":"0","options":[{"label":"bl\u00e9","price":"","price_type":"quantity_based","image":0,"visibility":true},{"label":"b\u00e9ton","price":"","price_type":"quantity_based","image":0,"visibility":true}],"id":1716567420},{"name":"dimensions","type":"multiple_choice","position":1,"required":true,"title_format":"heading","default":"","description_enable":false,"description":"","placeholder_enable":false,"placeholder":"","display":"select","restrictions_type":"any_text","adjust_price":false,"price":"","price_type":"flat_fee","restrictions":false,"min":"0","max":"0","options":[{"label":"160cm","price":"","price_type":"quantity_based","image":0,"visibility":true},{"label":"180cm","price":"","price_type":"quantity_based","image":0,"visibility":true},{"label":"250cm","price":"","price_type":"quantity_based","image":0,"visibility":true}],"id":1716567421}],"yoast_head":"<!-- This site is optimized with the Yoast SEO plugin v26.7 - https:\/\/yoast.com\/wordpress\/plugins\/seo\/ -->\n<title>Table en bois de ch\u00eane massif avec noeud et pieds en m\u00e9tal disponible en 160 180 ou 250 cm en deux coloris<\/title>\n<meta name=\"description\" content=\"Table moderne disponible en 3 longueurs, adapt\u00e9e \u00e0 tous les environnements. Structure robuste et tr\u00e8s r\u00e9sistante. Disponible en deux couleurs : bl\u00e9 ou beton\" \/>\n<meta name=\"robots\" content=\"index, follow, max-snippet:-1, max-image-preview:large, max-video-preview:-1\" \/>\n<link rel=\"canonical\" href=\"https:\/\/www.bagnoitalia.com\/fr\/produit\/table-en-bois-de-chene-massif-avec-noeud-et-pieds-en-metal-disponible-en-160-180-ou-250-cm-en-deux-coloris.html\" \/>\n<meta property=\"og:locale\" content=\"fr_FR\" \/>\n<meta property=\"og:type\" content=\"article\" \/>\n<meta property=\"og:title\" content=\"Table en bois de ch\u00eane massif avec noeud et pieds en m\u00e9tal disponible en 160 180 ou 250 cm en deux coloris\" \/>\n<meta property=\"og:description\" content=\"Table moderne disponible en 3 longueurs, adapt\u00e9e \u00e0 tous les environnements. Structure robuste et tr\u00e8s r\u00e9sistante. Disponible en deux couleurs : bl\u00e9 ou beton\" \/>\n<meta property=\"og:url\" content=\"https:\/\/www.bagnoitalia.com\/fr\/produit\/table-en-bois-de-chene-massif-avec-noeud-et-pieds-en-metal-disponible-en-160-180-ou-250-cm-en-deux-coloris.html\" \/>\n<meta property=\"og:site_name\" content=\"Bagno Italia\" \/>\n<meta property=\"article:modified_time\" content=\"2024-05-24T14:16:59+00:00\" \/>\n<meta property=\"og:image\" content=\"https:\/\/img.bagnoitalia.com\/wp-content\/uploads\/virtuemart\/product\/tav004_1.jpg\" \/>\n\t<meta property=\"og:image:width\" content=\"550\" \/>\n\t<meta property=\"og:image:height\" content=\"550\" \/>\n\t<meta property=\"og:image:type\" content=\"image\/jpeg\" \/>\n<meta name=\"twitter:card\" content=\"summary_large_image\" \/>\n<meta name=\"twitter:label1\" content=\"Dur\u00e9e de lecture estim\u00e9e\" \/>\n\t<meta name=\"twitter:data1\" content=\"1 minute\" \/>\n<script type=\"application\/ld+json\" class=\"yoast-schema-graph\">{\"@context\":\"https:\/\/schema.org\",\"@graph\":[{\"@type\":\"WebPage\",\"@id\":\"https:\/\/www.bagnoitalia.com\/fr\/produit\/table-en-bois-de-chene-massif-avec-noeud-et-pieds-en-metal-disponible-en-160-180-ou-250-cm-en-deux-coloris.html\",\"url\":\"https:\/\/www.bagnoitalia.com\/fr\/produit\/table-en-bois-de-chene-massif-avec-noeud-et-pieds-en-metal-disponible-en-160-180-ou-250-cm-en-deux-coloris.html\",\"name\":\"Table en bois de ch\u00eane massif avec noeud et pieds en m\u00e9tal disponible en 160 180 ou 250 cm en deux coloris\",\"isPartOf\":{\"@id\":\"https:\/\/www.bagnoitalia.com\/fr#website\"},\"primaryImageOfPage\":{\"@id\":\"https:\/\/www.bagnoitalia.com\/fr\/produit\/table-en-bois-de-chene-massif-avec-noeud-et-pieds-en-metal-disponible-en-160-180-ou-250-cm-en-deux-coloris.html#primaryimage\"},\"image\":{\"@id\":\"https:\/\/www.bagnoitalia.com\/fr\/produit\/table-en-bois-de-chene-massif-avec-noeud-et-pieds-en-metal-disponible-en-160-180-ou-250-cm-en-deux-coloris.html#primaryimage\"},\"thumbnailUrl\":\"https:\/\/img.bagnoitalia.com\/wp-content\/uploads\/virtuemart\/product\/tav004_1.jpg\",\"datePublished\":\"2022-03-30T05:47:46+00:00\",\"dateModified\":\"2024-05-24T14:16:59+00:00\",\"description\":\"Table moderne disponible en 3 longueurs, adapt\u00e9e \u00e0 tous les environnements. Structure robuste et tr\u00e8s r\u00e9sistante. Disponible en deux couleurs : bl\u00e9 ou beton\",\"breadcrumb\":{\"@id\":\"https:\/\/www.bagnoitalia.com\/fr\/produit\/table-en-bois-de-chene-massif-avec-noeud-et-pieds-en-metal-disponible-en-160-180-ou-250-cm-en-deux-coloris.html#breadcrumb\"},\"inLanguage\":\"fr-FR\",\"potentialAction\":[{\"@type\":\"ReadAction\",\"target\":[\"https:\/\/www.bagnoitalia.com\/fr\/produit\/table-en-bois-de-chene-massif-avec-noeud-et-pieds-en-metal-disponible-en-160-180-ou-250-cm-en-deux-coloris.html\"]}]},{\"@type\":\"ImageObject\",\"inLanguage\":\"fr-FR\",\"@id\":\"https:\/\/www.bagnoitalia.com\/fr\/produit\/table-en-bois-de-chene-massif-avec-noeud-et-pieds-en-metal-disponible-en-160-180-ou-250-cm-en-deux-coloris.html#primaryimage\",\"url\":\"https:\/\/img.bagnoitalia.com\/wp-content\/uploads\/virtuemart\/product\/tav004_1.jpg\",\"contentUrl\":\"https:\/\/img.bagnoitalia.com\/wp-content\/uploads\/virtuemart\/product\/tav004_1.jpg\",\"width\":550,\"height\":550},{\"@type\":\"BreadcrumbList\",\"@id\":\"https:\/\/www.bagnoitalia.com\/fr\/produit\/table-en-bois-de-chene-massif-avec-noeud-et-pieds-en-metal-disponible-en-160-180-ou-250-cm-en-deux-coloris.html#breadcrumb\",\"itemListElement\":[{\"@type\":\"ListItem\",\"position\":1,\"name\":\"Home\",\"item\":\"https:\/\/www.bagnoitalia.com\/fr\"},{\"@type\":\"ListItem\",\"position\":2,\"name\":\"Produits\",\"item\":\"https:\/\/www.bagnoitalia.com\/fr\/shop\"},{\"@type\":\"ListItem\",\"position\":3,\"name\":\"Table en bois de ch\u00eane massif avec noeud et pieds en m\u00e9tal disponible en 160 180 ou 250 cm en deux coloris TL004\"}]},{\"@type\":\"WebSite\",\"@id\":\"https:\/\/www.bagnoitalia.com\/fr#website\",\"url\":\"https:\/\/www.bagnoitalia.com\/fr\",\"name\":\"Bagno Italia\",\"description\":\"\",\"publisher\":{\"@id\":\"https:\/\/www.bagnoitalia.com\/fr#organization\"},\"potentialAction\":[{\"@type\":\"SearchAction\",\"target\":{\"@type\":\"EntryPoint\",\"urlTemplate\":\"https:\/\/www.bagnoitalia.com\/fr?s={search_term_string}\"},\"query-input\":{\"@type\":\"PropertyValueSpecification\",\"valueRequired\":true,\"valueName\":\"search_term_string\"}}],\"inLanguage\":\"fr-FR\"},{\"@type\":\"Organization\",\"@id\":\"https:\/\/www.bagnoitalia.com\/fr#organization\",\"name\":\"Bagno Italia\",\"url\":\"https:\/\/www.bagnoitalia.com\/fr\",\"logo\":{\"@type\":\"ImageObject\",\"inLanguage\":\"fr-FR\",\"@id\":\"https:\/\/www.bagnoitalia.com\/fr#\/schema\/logo\/image\/\",\"url\":\"https:\/\/img.bagnoitalia.com\/wp-content\/uploads\/logo-bagnoitalia.webp\",\"contentUrl\":\"https:\/\/img.bagnoitalia.com\/wp-content\/uploads\/logo-bagnoitalia.webp\",\"width\":400,\"height\":70,\"caption\":\"Bagno Italia\"},\"image\":{\"@id\":\"https:\/\/www.bagnoitalia.com\/fr#\/schema\/logo\/image\/\"}}]}<\/script>\n<!-- \/ Yoast SEO plugin. -->","yoast_head_json":{"title":"Table en bois de ch\u00eane massif avec noeud et pieds en m\u00e9tal disponible en 160 180 ou 250 cm en deux coloris","description":"Table moderne disponible en 3 longueurs, adapt\u00e9e \u00e0 tous les environnements. Structure robuste et tr\u00e8s r\u00e9sistante. Disponible en deux couleurs : bl\u00e9 ou beton","robots":{"index":"index","follow":"follow","max-snippet":"max-snippet:-1","max-image-preview":"max-image-preview:large","max-video-preview":"max-video-preview:-1"},"canonical":"https:\/\/www.bagnoitalia.com\/fr\/produit\/table-en-bois-de-chene-massif-avec-noeud-et-pieds-en-metal-disponible-en-160-180-ou-250-cm-en-deux-coloris.html","og_locale":"fr_FR","og_type":"article","og_title":"Table en bois de ch\u00eane massif avec noeud et pieds en m\u00e9tal disponible en 160 180 ou 250 cm en deux coloris","og_description":"Table moderne disponible en 3 longueurs, adapt\u00e9e \u00e0 tous les environnements. Structure robuste et tr\u00e8s r\u00e9sistante. Disponible en deux couleurs : bl\u00e9 ou beton","og_url":"https:\/\/www.bagnoitalia.com\/fr\/produit\/table-en-bois-de-chene-massif-avec-noeud-et-pieds-en-metal-disponible-en-160-180-ou-250-cm-en-deux-coloris.html","og_site_name":"Bagno Italia","article_modified_time":"2024-05-24T14:16:59+00:00","og_image":[{"width":550,"height":550,"url":"https:\/\/img.bagnoitalia.com\/wp-content\/uploads\/virtuemart\/product\/tav004_1.jpg","type":"image\/jpeg"}],"twitter_card":"summary_large_image","twitter_misc":{"Dur\u00e9e de lecture estim\u00e9e":"1 minute"},"schema":{"@context":"https:\/\/schema.org","@graph":[{"@type":"WebPage","@id":"https:\/\/www.bagnoitalia.com\/fr\/produit\/table-en-bois-de-chene-massif-avec-noeud-et-pieds-en-metal-disponible-en-160-180-ou-250-cm-en-deux-coloris.html","url":"https:\/\/www.bagnoitalia.com\/fr\/produit\/table-en-bois-de-chene-massif-avec-noeud-et-pieds-en-metal-disponible-en-160-180-ou-250-cm-en-deux-coloris.html","name":"Table en bois de ch\u00eane massif avec noeud et pieds en m\u00e9tal disponible en 160 180 ou 250 cm en deux coloris","isPartOf":{"@id":"https:\/\/www.bagnoitalia.com\/fr#website"},"primaryImageOfPage":{"@id":"https:\/\/www.bagnoitalia.com\/fr\/produit\/table-en-bois-de-chene-massif-avec-noeud-et-pieds-en-metal-disponible-en-160-180-ou-250-cm-en-deux-coloris.html#primaryimage"},"image":{"@id":"https:\/\/www.bagnoitalia.com\/fr\/produit\/table-en-bois-de-chene-massif-avec-noeud-et-pieds-en-metal-disponible-en-160-180-ou-250-cm-en-deux-coloris.html#primaryimage"},"thumbnailUrl":"https:\/\/img.bagnoitalia.com\/wp-content\/uploads\/virtuemart\/product\/tav004_1.jpg","datePublished":"2022-03-30T05:47:46+00:00","dateModified":"2024-05-24T14:16:59+00:00","description":"Table moderne disponible en 3 longueurs, adapt\u00e9e \u00e0 tous les environnements. Structure robuste et tr\u00e8s r\u00e9sistante. Disponible en deux couleurs : bl\u00e9 ou beton","breadcrumb":{"@id":"https:\/\/www.bagnoitalia.com\/fr\/produit\/table-en-bois-de-chene-massif-avec-noeud-et-pieds-en-metal-disponible-en-160-180-ou-250-cm-en-deux-coloris.html#breadcrumb"},"inLanguage":"fr-FR","potentialAction":[{"@type":"ReadAction","target":["https:\/\/www.bagnoitalia.com\/fr\/produit\/table-en-bois-de-chene-massif-avec-noeud-et-pieds-en-metal-disponible-en-160-180-ou-250-cm-en-deux-coloris.html"]}]},{"@type":"ImageObject","inLanguage":"fr-FR","@id":"https:\/\/www.bagnoitalia.com\/fr\/produit\/table-en-bois-de-chene-massif-avec-noeud-et-pieds-en-metal-disponible-en-160-180-ou-250-cm-en-deux-coloris.html#primaryimage","url":"https:\/\/img.bagnoitalia.com\/wp-content\/uploads\/virtuemart\/product\/tav004_1.jpg","contentUrl":"https:\/\/img.bagnoitalia.com\/wp-content\/uploads\/virtuemart\/product\/tav004_1.jpg","width":550,"height":550},{"@type":"BreadcrumbList","@id":"https:\/\/www.bagnoitalia.com\/fr\/produit\/table-en-bois-de-chene-massif-avec-noeud-et-pieds-en-metal-disponible-en-160-180-ou-250-cm-en-deux-coloris.html#breadcrumb","itemListElement":[{"@type":"ListItem","position":1,"name":"Home","item":"https:\/\/www.bagnoitalia.com\/fr"},{"@type":"ListItem","position":2,"name":"Produits","item":"https:\/\/www.bagnoitalia.com\/fr\/shop"},{"@type":"ListItem","position":3,"name":"Table en bois de ch\u00eane massif avec noeud et pieds en m\u00e9tal disponible en 160 180 ou 250 cm en deux coloris TL004"}]},{"@type":"WebSite","@id":"https:\/\/www.bagnoitalia.com\/fr#website","url":"https:\/\/www.bagnoitalia.com\/fr","name":"Bagno Italia","description":"","publisher":{"@id":"https:\/\/www.bagnoitalia.com\/fr#organization"},"potentialAction":[{"@type":"SearchAction","target":{"@type":"EntryPoint","urlTemplate":"https:\/\/www.bagnoitalia.com\/fr?s={search_term_string}"},"query-input":{"@type":"PropertyValueSpecification","valueRequired":true,"valueName":"search_term_string"}}],"inLanguage":"fr-FR"},{"@type":"Organization","@id":"https:\/\/www.bagnoitalia.com\/fr#organization","name":"Bagno Italia","url":"https:\/\/www.bagnoitalia.com\/fr","logo":{"@type":"ImageObject","inLanguage":"fr-FR","@id":"https:\/\/www.bagnoitalia.com\/fr#\/schema\/logo\/image\/","url":"https:\/\/img.bagnoitalia.com\/wp-content\/uploads\/logo-bagnoitalia.webp","contentUrl":"https:\/\/img.bagnoitalia.com\/wp-content\/uploads\/logo-bagnoitalia.webp","width":400,"height":70,"caption":"Bagno Italia"},"image":{"@id":"https:\/\/www.bagnoitalia.com\/fr#\/schema\/logo\/image\/"}}]}},"_links":{"self":[{"href":"https:\/\/www.bagnoitalia.com\/fr\/wp-json\/wp\/v2\/product\/82064","targetHints":{"allow":["GET"]}}],"collection":[{"href":"https:\/\/www.bagnoitalia.com\/fr\/wp-json\/wp\/v2\/product"}],"about":[{"href":"https:\/\/www.bagnoitalia.com\/fr\/wp-json\/wp\/v2\/types\/product"}],"replies":[{"embeddable":true,"href":"https:\/\/www.bagnoitalia.com\/fr\/wp-json\/wp\/v2\/comments?post=82064"}],"version-history":[{"count":1,"href":"https:\/\/www.bagnoitalia.com\/fr\/wp-json\/wp\/v2\/product\/82064\/revisions"}],"predecessor-version":[{"id":88297,"href":"https:\/\/www.bagnoitalia.com\/fr\/wp-json\/wp\/v2\/product\/82064\/revisions\/88297"}],"wp:featuredmedia":[{"embeddable":true,"href":"https:\/\/www.bagnoitalia.com\/fr\/wp-json\/wp\/v2\/media\/52132"}],"wp:attachment":[{"href":"https:\/\/www.bagnoitalia.com\/fr\/wp-json\/wp\/v2\/media?parent=82064"}],"wp:term":[{"taxonomy":"product_brand","embeddable":true,"href":"https:\/\/www.bagnoitalia.com\/fr\/wp-json\/wp\/v2\/product_brand?post=82064"},{"taxonomy":"product_cat","embeddable":true,"href":"https:\/\/www.bagnoitalia.com\/fr\/wp-json\/wp\/v2\/product_cat?post=82064"},{"taxonomy":"product_tag","embeddable":true,"href":"https:\/\/www.bagnoitalia.com\/fr\/wp-json\/wp\/v2\/product_tag?post=82064"}],"curies":[{"name":"wp","href":"https:\/\/api.w.org\/{rel}","templated":true}]}}