{"id":82056,"date":"2022-03-30T07:47:46","date_gmt":"2022-03-30T05:47:46","guid":{"rendered":"https:\/\/www.bagnoitalia.com\/product\/bureau-avec-tiroir-et-compartiment-ouvert-100x50xh74-cm-couleur-chene-pour-bureau-ou-etude"},"modified":"2022-03-30T07:47:46","modified_gmt":"2022-03-30T05:47:46","slug":"bureau-avec-tiroir-et-compartiment-ouvert-100x50xh74-cm-couleur-chene-pour-bureau-ou-etude","status":"publish","type":"product","link":"https:\/\/www.bagnoitalia.com\/fr\/produit\/bureau-avec-tiroir-et-compartiment-ouvert-100x50xh74-cm-couleur-chene-pour-bureau-ou-etude.html","title":{"rendered":"Bureau avec tiroir et compartiment ouvert 100x50xH74 cm couleur ch\u00eane pour bureau ou \u00e9tude TL025"},"content":{"rendered":"<p>&nbsp;<\/p>\n<p><span style=\"text-decoration: underline;\"><span style=\"font-size: 18pt;\"><strong>BUREAU AVEC TIROIR ET COMPARTIMENT OUVERT<br \/><\/strong><\/span><\/span><\/p>\n<p>&nbsp;<\/p>\n<p>Dimensions bureau : 100 x P50 x H74 cm<\/p>\n<p>Couleur ch\u00eane<\/p>\n<p>Avec panneau arri\u00e8re<\/p>\n<p>Comprenant un compartiment ouvert et un tiroir<\/p>\n<p>Convient comme plan de travail, bureau, studio, jeux et bien plus encore.<\/p>\n<p><span style=\"font-size: 14pt;\"><\/span><\/p>\n<p><strong><span style=\"color: #ff0000;\">LE PRODUIT ARRIVE D\u00c9MONT\u00c9<\/span><\/strong><\/p>\n","protected":false},"excerpt":{"rendered":"<p>Bureau moderne adapt\u00e9 au bureau, \u00e0 l&rsquo;\u00e9tude, aux jeux et bien plus encore. Disponible en ch\u00eane, avec un compartiment ouvert pratique et un tiroir lat\u00e9ral<\/p>\n","protected":false},"featured_media":52112,"comment_status":"open","ping_status":"closed","template":"","meta":[],"product_brand":[5004],"product_cat":[9997],"product_tag":[],"class_list":{"0":"post-82056","1":"product","2":"type-product","3":"status-publish","4":"has-post-thumbnail","6":"product_brand-vari-produttori","7":"product_cat-bureaux","9":"first","10":"instock","11":"sale","12":"taxable","13":"shipping-taxable","14":"purchasable","15":"product-type-simple"},"exclude_global_add_ons":[],"addons":[],"yoast_head":"<!-- This site is optimized with the Yoast SEO plugin v26.7 - https:\/\/yoast.com\/wordpress\/plugins\/seo\/ -->\n<title>Bureau avec tiroir et compartiment ouvert 100x50xH74 cm couleur ch\u00eane pour bureau ou \u00e9tude<\/title>\n<meta name=\"description\" content=\"Bureau moderne adapt\u00e9 au bureau, \u00e0 l&#039;\u00e9tude, aux jeux et bien plus encore. Disponible en ch\u00eane, avec un compartiment ouvert pratique et un tiroir lat\u00e9ral\" \/>\n<meta name=\"robots\" content=\"index, follow, max-snippet:-1, max-image-preview:large, max-video-preview:-1\" \/>\n<link rel=\"canonical\" href=\"https:\/\/www.bagnoitalia.com\/fr\/produit\/bureau-avec-tiroir-et-compartiment-ouvert-100x50xh74-cm-couleur-chene-pour-bureau-ou-etude.html\" \/>\n<meta property=\"og:locale\" content=\"fr_FR\" \/>\n<meta property=\"og:type\" content=\"article\" \/>\n<meta property=\"og:title\" content=\"Bureau avec tiroir et compartiment ouvert 100x50xH74 cm couleur ch\u00eane pour bureau ou \u00e9tude\" \/>\n<meta property=\"og:description\" content=\"Bureau moderne adapt\u00e9 au bureau, \u00e0 l&#039;\u00e9tude, aux jeux et bien plus encore. Disponible en ch\u00eane, avec un compartiment ouvert pratique et un tiroir lat\u00e9ral\" \/>\n<meta property=\"og:url\" content=\"https:\/\/www.bagnoitalia.com\/fr\/produit\/bureau-avec-tiroir-et-compartiment-ouvert-100x50xh74-cm-couleur-chene-pour-bureau-ou-etude.html\" \/>\n<meta property=\"og:site_name\" content=\"Bagno Italia\" \/>\n<meta property=\"og:image\" content=\"https:\/\/img.bagnoitalia.com\/wp-content\/uploads\/virtuemart\/product\/scr-004_1.jpg\" \/>\n\t<meta property=\"og:image:width\" content=\"500\" \/>\n\t<meta property=\"og:image:height\" content=\"500\" \/>\n\t<meta property=\"og:image:type\" content=\"image\/jpeg\" \/>\n<meta name=\"twitter:card\" content=\"summary_large_image\" \/>\n<script type=\"application\/ld+json\" class=\"yoast-schema-graph\">{\"@context\":\"https:\/\/schema.org\",\"@graph\":[{\"@type\":\"WebPage\",\"@id\":\"https:\/\/www.bagnoitalia.com\/fr\/produit\/bureau-avec-tiroir-et-compartiment-ouvert-100x50xh74-cm-couleur-chene-pour-bureau-ou-etude.html\",\"url\":\"https:\/\/www.bagnoitalia.com\/fr\/produit\/bureau-avec-tiroir-et-compartiment-ouvert-100x50xh74-cm-couleur-chene-pour-bureau-ou-etude.html\",\"name\":\"Bureau avec tiroir et compartiment ouvert 100x50xH74 cm couleur ch\u00eane pour bureau ou \u00e9tude\",\"isPartOf\":{\"@id\":\"https:\/\/www.bagnoitalia.com\/fr#website\"},\"primaryImageOfPage\":{\"@id\":\"https:\/\/www.bagnoitalia.com\/fr\/produit\/bureau-avec-tiroir-et-compartiment-ouvert-100x50xh74-cm-couleur-chene-pour-bureau-ou-etude.html#primaryimage\"},\"image\":{\"@id\":\"https:\/\/www.bagnoitalia.com\/fr\/produit\/bureau-avec-tiroir-et-compartiment-ouvert-100x50xh74-cm-couleur-chene-pour-bureau-ou-etude.html#primaryimage\"},\"thumbnailUrl\":\"https:\/\/img.bagnoitalia.com\/wp-content\/uploads\/virtuemart\/product\/scr-004_1.jpg\",\"datePublished\":\"2022-03-30T05:47:46+00:00\",\"description\":\"Bureau moderne adapt\u00e9 au bureau, \u00e0 l&#39;\u00e9tude, aux jeux et bien plus encore. Disponible en ch\u00eane, avec un compartiment ouvert pratique et un tiroir lat\u00e9ral\",\"breadcrumb\":{\"@id\":\"https:\/\/www.bagnoitalia.com\/fr\/produit\/bureau-avec-tiroir-et-compartiment-ouvert-100x50xh74-cm-couleur-chene-pour-bureau-ou-etude.html#breadcrumb\"},\"inLanguage\":\"fr-FR\",\"potentialAction\":[{\"@type\":\"ReadAction\",\"target\":[\"https:\/\/www.bagnoitalia.com\/fr\/produit\/bureau-avec-tiroir-et-compartiment-ouvert-100x50xh74-cm-couleur-chene-pour-bureau-ou-etude.html\"]}]},{\"@type\":\"ImageObject\",\"inLanguage\":\"fr-FR\",\"@id\":\"https:\/\/www.bagnoitalia.com\/fr\/produit\/bureau-avec-tiroir-et-compartiment-ouvert-100x50xh74-cm-couleur-chene-pour-bureau-ou-etude.html#primaryimage\",\"url\":\"https:\/\/img.bagnoitalia.com\/wp-content\/uploads\/virtuemart\/product\/scr-004_1.jpg\",\"contentUrl\":\"https:\/\/img.bagnoitalia.com\/wp-content\/uploads\/virtuemart\/product\/scr-004_1.jpg\",\"width\":500,\"height\":500},{\"@type\":\"BreadcrumbList\",\"@id\":\"https:\/\/www.bagnoitalia.com\/fr\/produit\/bureau-avec-tiroir-et-compartiment-ouvert-100x50xh74-cm-couleur-chene-pour-bureau-ou-etude.html#breadcrumb\",\"itemListElement\":[{\"@type\":\"ListItem\",\"position\":1,\"name\":\"Home\",\"item\":\"https:\/\/www.bagnoitalia.com\/fr\"},{\"@type\":\"ListItem\",\"position\":2,\"name\":\"Produits\",\"item\":\"https:\/\/www.bagnoitalia.com\/fr\/shop\"},{\"@type\":\"ListItem\",\"position\":3,\"name\":\"Bureau avec tiroir et compartiment ouvert 100x50xH74 cm couleur ch\u00eane pour bureau ou \u00e9tude TL025\"}]},{\"@type\":\"WebSite\",\"@id\":\"https:\/\/www.bagnoitalia.com\/fr#website\",\"url\":\"https:\/\/www.bagnoitalia.com\/fr\",\"name\":\"Bagno Italia\",\"description\":\"\",\"publisher\":{\"@id\":\"https:\/\/www.bagnoitalia.com\/fr#organization\"},\"potentialAction\":[{\"@type\":\"SearchAction\",\"target\":{\"@type\":\"EntryPoint\",\"urlTemplate\":\"https:\/\/www.bagnoitalia.com\/fr?s={search_term_string}\"},\"query-input\":{\"@type\":\"PropertyValueSpecification\",\"valueRequired\":true,\"valueName\":\"search_term_string\"}}],\"inLanguage\":\"fr-FR\"},{\"@type\":\"Organization\",\"@id\":\"https:\/\/www.bagnoitalia.com\/fr#organization\",\"name\":\"Bagno Italia\",\"url\":\"https:\/\/www.bagnoitalia.com\/fr\",\"logo\":{\"@type\":\"ImageObject\",\"inLanguage\":\"fr-FR\",\"@id\":\"https:\/\/www.bagnoitalia.com\/fr#\/schema\/logo\/image\/\",\"url\":\"https:\/\/img.bagnoitalia.com\/wp-content\/uploads\/logo-bagnoitalia.webp\",\"contentUrl\":\"https:\/\/img.bagnoitalia.com\/wp-content\/uploads\/logo-bagnoitalia.webp\",\"width\":400,\"height\":70,\"caption\":\"Bagno Italia\"},\"image\":{\"@id\":\"https:\/\/www.bagnoitalia.com\/fr#\/schema\/logo\/image\/\"}}]}<\/script>\n<!-- \/ Yoast SEO plugin. -->","yoast_head_json":{"title":"Bureau avec tiroir et compartiment ouvert 100x50xH74 cm couleur ch\u00eane pour bureau ou \u00e9tude","description":"Bureau moderne adapt\u00e9 au bureau, \u00e0 l&#39;\u00e9tude, aux jeux et bien plus encore. Disponible en ch\u00eane, avec un compartiment ouvert pratique et un tiroir lat\u00e9ral","robots":{"index":"index","follow":"follow","max-snippet":"max-snippet:-1","max-image-preview":"max-image-preview:large","max-video-preview":"max-video-preview:-1"},"canonical":"https:\/\/www.bagnoitalia.com\/fr\/produit\/bureau-avec-tiroir-et-compartiment-ouvert-100x50xh74-cm-couleur-chene-pour-bureau-ou-etude.html","og_locale":"fr_FR","og_type":"article","og_title":"Bureau avec tiroir et compartiment ouvert 100x50xH74 cm couleur ch\u00eane pour bureau ou \u00e9tude","og_description":"Bureau moderne adapt\u00e9 au bureau, \u00e0 l&#39;\u00e9tude, aux jeux et bien plus encore. Disponible en ch\u00eane, avec un compartiment ouvert pratique et un tiroir lat\u00e9ral","og_url":"https:\/\/www.bagnoitalia.com\/fr\/produit\/bureau-avec-tiroir-et-compartiment-ouvert-100x50xh74-cm-couleur-chene-pour-bureau-ou-etude.html","og_site_name":"Bagno Italia","og_image":[{"width":500,"height":500,"url":"https:\/\/img.bagnoitalia.com\/wp-content\/uploads\/virtuemart\/product\/scr-004_1.jpg","type":"image\/jpeg"}],"twitter_card":"summary_large_image","schema":{"@context":"https:\/\/schema.org","@graph":[{"@type":"WebPage","@id":"https:\/\/www.bagnoitalia.com\/fr\/produit\/bureau-avec-tiroir-et-compartiment-ouvert-100x50xh74-cm-couleur-chene-pour-bureau-ou-etude.html","url":"https:\/\/www.bagnoitalia.com\/fr\/produit\/bureau-avec-tiroir-et-compartiment-ouvert-100x50xh74-cm-couleur-chene-pour-bureau-ou-etude.html","name":"Bureau avec tiroir et compartiment ouvert 100x50xH74 cm couleur ch\u00eane pour bureau ou \u00e9tude","isPartOf":{"@id":"https:\/\/www.bagnoitalia.com\/fr#website"},"primaryImageOfPage":{"@id":"https:\/\/www.bagnoitalia.com\/fr\/produit\/bureau-avec-tiroir-et-compartiment-ouvert-100x50xh74-cm-couleur-chene-pour-bureau-ou-etude.html#primaryimage"},"image":{"@id":"https:\/\/www.bagnoitalia.com\/fr\/produit\/bureau-avec-tiroir-et-compartiment-ouvert-100x50xh74-cm-couleur-chene-pour-bureau-ou-etude.html#primaryimage"},"thumbnailUrl":"https:\/\/img.bagnoitalia.com\/wp-content\/uploads\/virtuemart\/product\/scr-004_1.jpg","datePublished":"2022-03-30T05:47:46+00:00","description":"Bureau moderne adapt\u00e9 au bureau, \u00e0 l&#39;\u00e9tude, aux jeux et bien plus encore. Disponible en ch\u00eane, avec un compartiment ouvert pratique et un tiroir lat\u00e9ral","breadcrumb":{"@id":"https:\/\/www.bagnoitalia.com\/fr\/produit\/bureau-avec-tiroir-et-compartiment-ouvert-100x50xh74-cm-couleur-chene-pour-bureau-ou-etude.html#breadcrumb"},"inLanguage":"fr-FR","potentialAction":[{"@type":"ReadAction","target":["https:\/\/www.bagnoitalia.com\/fr\/produit\/bureau-avec-tiroir-et-compartiment-ouvert-100x50xh74-cm-couleur-chene-pour-bureau-ou-etude.html"]}]},{"@type":"ImageObject","inLanguage":"fr-FR","@id":"https:\/\/www.bagnoitalia.com\/fr\/produit\/bureau-avec-tiroir-et-compartiment-ouvert-100x50xh74-cm-couleur-chene-pour-bureau-ou-etude.html#primaryimage","url":"https:\/\/img.bagnoitalia.com\/wp-content\/uploads\/virtuemart\/product\/scr-004_1.jpg","contentUrl":"https:\/\/img.bagnoitalia.com\/wp-content\/uploads\/virtuemart\/product\/scr-004_1.jpg","width":500,"height":500},{"@type":"BreadcrumbList","@id":"https:\/\/www.bagnoitalia.com\/fr\/produit\/bureau-avec-tiroir-et-compartiment-ouvert-100x50xh74-cm-couleur-chene-pour-bureau-ou-etude.html#breadcrumb","itemListElement":[{"@type":"ListItem","position":1,"name":"Home","item":"https:\/\/www.bagnoitalia.com\/fr"},{"@type":"ListItem","position":2,"name":"Produits","item":"https:\/\/www.bagnoitalia.com\/fr\/shop"},{"@type":"ListItem","position":3,"name":"Bureau avec tiroir et compartiment ouvert 100x50xH74 cm couleur ch\u00eane pour bureau ou \u00e9tude TL025"}]},{"@type":"WebSite","@id":"https:\/\/www.bagnoitalia.com\/fr#website","url":"https:\/\/www.bagnoitalia.com\/fr","name":"Bagno Italia","description":"","publisher":{"@id":"https:\/\/www.bagnoitalia.com\/fr#organization"},"potentialAction":[{"@type":"SearchAction","target":{"@type":"EntryPoint","urlTemplate":"https:\/\/www.bagnoitalia.com\/fr?s={search_term_string}"},"query-input":{"@type":"PropertyValueSpecification","valueRequired":true,"valueName":"search_term_string"}}],"inLanguage":"fr-FR"},{"@type":"Organization","@id":"https:\/\/www.bagnoitalia.com\/fr#organization","name":"Bagno Italia","url":"https:\/\/www.bagnoitalia.com\/fr","logo":{"@type":"ImageObject","inLanguage":"fr-FR","@id":"https:\/\/www.bagnoitalia.com\/fr#\/schema\/logo\/image\/","url":"https:\/\/img.bagnoitalia.com\/wp-content\/uploads\/logo-bagnoitalia.webp","contentUrl":"https:\/\/img.bagnoitalia.com\/wp-content\/uploads\/logo-bagnoitalia.webp","width":400,"height":70,"caption":"Bagno Italia"},"image":{"@id":"https:\/\/www.bagnoitalia.com\/fr#\/schema\/logo\/image\/"}}]}},"_links":{"self":[{"href":"https:\/\/www.bagnoitalia.com\/fr\/wp-json\/wp\/v2\/product\/82056","targetHints":{"allow":["GET"]}}],"collection":[{"href":"https:\/\/www.bagnoitalia.com\/fr\/wp-json\/wp\/v2\/product"}],"about":[{"href":"https:\/\/www.bagnoitalia.com\/fr\/wp-json\/wp\/v2\/types\/product"}],"replies":[{"embeddable":true,"href":"https:\/\/www.bagnoitalia.com\/fr\/wp-json\/wp\/v2\/comments?post=82056"}],"version-history":[{"count":0,"href":"https:\/\/www.bagnoitalia.com\/fr\/wp-json\/wp\/v2\/product\/82056\/revisions"}],"wp:featuredmedia":[{"embeddable":true,"href":"https:\/\/www.bagnoitalia.com\/fr\/wp-json\/wp\/v2\/media\/52112"}],"wp:attachment":[{"href":"https:\/\/www.bagnoitalia.com\/fr\/wp-json\/wp\/v2\/media?parent=82056"}],"wp:term":[{"taxonomy":"product_brand","embeddable":true,"href":"https:\/\/www.bagnoitalia.com\/fr\/wp-json\/wp\/v2\/product_brand?post=82056"},{"taxonomy":"product_cat","embeddable":true,"href":"https:\/\/www.bagnoitalia.com\/fr\/wp-json\/wp\/v2\/product_cat?post=82056"},{"taxonomy":"product_tag","embeddable":true,"href":"https:\/\/www.bagnoitalia.com\/fr\/wp-json\/wp\/v2\/product_tag?post=82056"}],"curies":[{"name":"wp","href":"https:\/\/api.w.org\/{rel}","templated":true}]}}