{"id":81980,"date":"2022-03-30T07:47:46","date_gmt":"2022-03-30T05:47:46","guid":{"rendered":"https:\/\/www.bagnoitalia.com\/product\/canape-d-39-angle-lit-gloria-302x234-cm-reversible-avec-double-rangement-en-microfibre-grise"},"modified":"2022-03-30T07:47:46","modified_gmt":"2022-03-30T05:47:46","slug":"canape-d-39-angle-lit-gloria-302x234-cm-reversible-avec-double-rangement-en-microfibre-grise","status":"publish","type":"product","link":"https:\/\/www.bagnoitalia.com\/fr\/produit\/canape-d-39-angle-lit-gloria-302x234-cm-reversible-avec-double-rangement-en-microfibre-grise.html","title":{"rendered":"Canap\u00e9 d&#39;angle lit Gloria 302&#215;234 cm r\u00e9versible avec double rangement en microfibre grise"},"content":{"rendered":"<p><span style=\"text-decoration: underline; font-size: 12pt;\"><strong><span style=\"font-size: 24pt;\">CANAP\u00c9-LIT D&#39;ANGLE \u00ab GLORIA \u00bb<\/span><br \/><\/strong><\/span><\/p>\n<\/p>\n<p> <strong style=\"font-family: 'Arial Unicode MS', sans-serif;\">CARACT\u00c9RISTIQUES DU PRODUIT:<br \/><\/strong><\/p>\n<\/p>\n<p> dimensions ext\u00e9rieures (ferm\u00e9) : <strong>302x234xH88 cm<\/strong><\/p>\n<p> p\u00e9ninsule r\u00e9versible : elle peut \u00eatre positionn\u00e9e \u00e0 droite ou \u00e0 gauche gr\u00e2ce au syst\u00e8me &quot;d&#39;embo\u00eetement&quot;, en retirant l&#39;accoudoir et en d\u00e9pla\u00e7ant l&#39;angle du canap\u00e9.<\/p>\n<p> 2 dossiers inclinables pour 2 <strong>couchages<\/strong> confortables de : <strong>190xP110cm + 124xP110cm.<\/strong><\/p>\n<p> oreillers inclus<\/p>\n<p> 2 vide-poches pratiques positionn\u00e9s sous les si\u00e8ges<\/p>\n<\/p>\n<p> MAT\u00c9RIAUX:<\/p>\n<p> doublure en microfibre grise<\/p>\n<p> structure et accoudoirs en h\u00eatre et m\u00e9tal<\/p>\n<p> compartiment conteneur en mdf<\/p>\n<\/p>\n<\/p>\n<p> 004<\/p><\/p>\n","protected":false},"excerpt":{"rendered":"<p>Canap\u00e9 inclinable moderne en position lit avec angle positionnable en version droite ou gauche. Compartiment de rangement sous les deux si\u00e8ges.<\/p>\n","protected":false},"featured_media":51656,"comment_status":"open","ping_status":"closed","template":"","meta":[],"product_brand":[9924],"product_cat":[15],"product_tag":[],"class_list":{"0":"post-81980","1":"product","2":"type-product","3":"status-publish","4":"has-post-thumbnail","6":"product_brand-predator-arredo-casa-fr","7":"product_cat-senza-categoria","9":"first","10":"outofstock","11":"taxable","12":"shipping-taxable","13":"purchasable","14":"product-type-simple"},"exclude_global_add_ons":[],"addons":[],"yoast_head":"<!-- This site is optimized with the Yoast SEO plugin v26.7 - https:\/\/yoast.com\/wordpress\/plugins\/seo\/ -->\n<title>Canap\u00e9 d&#039;angle lit Gloria 302x234 cm r\u00e9versible avec double rangement en microfibre grise<\/title>\n<meta name=\"description\" content=\"Canap\u00e9 inclinable moderne en position lit avec angle positionnable en version droite ou gauche. Compartiment de rangement sous les deux si\u00e8ges.\" \/>\n<meta name=\"robots\" content=\"index, follow, max-snippet:-1, max-image-preview:large, max-video-preview:-1\" \/>\n<link rel=\"canonical\" href=\"https:\/\/www.bagnoitalia.com\/fr\/produit\/canape-d-39-angle-lit-gloria-302x234-cm-reversible-avec-double-rangement-en-microfibre-grise.html\" \/>\n<meta property=\"og:locale\" content=\"fr_FR\" \/>\n<meta property=\"og:type\" content=\"article\" \/>\n<meta property=\"og:title\" content=\"Canap\u00e9 d&#039;angle lit Gloria 302x234 cm r\u00e9versible avec double rangement en microfibre grise\" \/>\n<meta property=\"og:description\" content=\"Canap\u00e9 inclinable moderne en position lit avec angle positionnable en version droite ou gauche. Compartiment de rangement sous les deux si\u00e8ges.\" \/>\n<meta property=\"og:url\" content=\"https:\/\/www.bagnoitalia.com\/fr\/produit\/canape-d-39-angle-lit-gloria-302x234-cm-reversible-avec-double-rangement-en-microfibre-grise.html\" \/>\n<meta property=\"og:site_name\" content=\"Bagno Italia\" \/>\n<meta property=\"og:image\" content=\"https:\/\/img.bagnoitalia.com\/wp-content\/uploads\/virtuemart\/product\/D1V-0931_1.jpg\" \/>\n\t<meta property=\"og:image:width\" content=\"550\" \/>\n\t<meta property=\"og:image:height\" content=\"550\" \/>\n\t<meta property=\"og:image:type\" content=\"image\/jpeg\" \/>\n<meta name=\"twitter:card\" content=\"summary_large_image\" \/>\n<script type=\"application\/ld+json\" class=\"yoast-schema-graph\">{\"@context\":\"https:\/\/schema.org\",\"@graph\":[{\"@type\":\"WebPage\",\"@id\":\"https:\/\/www.bagnoitalia.com\/fr\/produit\/canape-d-39-angle-lit-gloria-302x234-cm-reversible-avec-double-rangement-en-microfibre-grise.html\",\"url\":\"https:\/\/www.bagnoitalia.com\/fr\/produit\/canape-d-39-angle-lit-gloria-302x234-cm-reversible-avec-double-rangement-en-microfibre-grise.html\",\"name\":\"Canap\u00e9 d&#39;angle lit Gloria 302x234 cm r\u00e9versible avec double rangement en microfibre grise\",\"isPartOf\":{\"@id\":\"https:\/\/www.bagnoitalia.com\/fr#website\"},\"primaryImageOfPage\":{\"@id\":\"https:\/\/www.bagnoitalia.com\/fr\/produit\/canape-d-39-angle-lit-gloria-302x234-cm-reversible-avec-double-rangement-en-microfibre-grise.html#primaryimage\"},\"image\":{\"@id\":\"https:\/\/www.bagnoitalia.com\/fr\/produit\/canape-d-39-angle-lit-gloria-302x234-cm-reversible-avec-double-rangement-en-microfibre-grise.html#primaryimage\"},\"thumbnailUrl\":\"https:\/\/img.bagnoitalia.com\/wp-content\/uploads\/virtuemart\/product\/D1V-0931_1.jpg\",\"datePublished\":\"2022-03-30T05:47:46+00:00\",\"description\":\"Canap\u00e9 inclinable moderne en position lit avec angle positionnable en version droite ou gauche. Compartiment de rangement sous les deux si\u00e8ges.\",\"breadcrumb\":{\"@id\":\"https:\/\/www.bagnoitalia.com\/fr\/produit\/canape-d-39-angle-lit-gloria-302x234-cm-reversible-avec-double-rangement-en-microfibre-grise.html#breadcrumb\"},\"inLanguage\":\"fr-FR\",\"potentialAction\":[{\"@type\":\"ReadAction\",\"target\":[\"https:\/\/www.bagnoitalia.com\/fr\/produit\/canape-d-39-angle-lit-gloria-302x234-cm-reversible-avec-double-rangement-en-microfibre-grise.html\"]}]},{\"@type\":\"ImageObject\",\"inLanguage\":\"fr-FR\",\"@id\":\"https:\/\/www.bagnoitalia.com\/fr\/produit\/canape-d-39-angle-lit-gloria-302x234-cm-reversible-avec-double-rangement-en-microfibre-grise.html#primaryimage\",\"url\":\"https:\/\/img.bagnoitalia.com\/wp-content\/uploads\/virtuemart\/product\/D1V-0931_1.jpg\",\"contentUrl\":\"https:\/\/img.bagnoitalia.com\/wp-content\/uploads\/virtuemart\/product\/D1V-0931_1.jpg\",\"width\":550,\"height\":550},{\"@type\":\"BreadcrumbList\",\"@id\":\"https:\/\/www.bagnoitalia.com\/fr\/produit\/canape-d-39-angle-lit-gloria-302x234-cm-reversible-avec-double-rangement-en-microfibre-grise.html#breadcrumb\",\"itemListElement\":[{\"@type\":\"ListItem\",\"position\":1,\"name\":\"Home\",\"item\":\"https:\/\/www.bagnoitalia.com\/fr\"},{\"@type\":\"ListItem\",\"position\":2,\"name\":\"Produits\",\"item\":\"https:\/\/www.bagnoitalia.com\/fr\/shop\"},{\"@type\":\"ListItem\",\"position\":3,\"name\":\"Canap\u00e9 d&#39;angle lit Gloria 302&#215;234 cm r\u00e9versible avec double rangement en microfibre grise\"}]},{\"@type\":\"WebSite\",\"@id\":\"https:\/\/www.bagnoitalia.com\/fr#website\",\"url\":\"https:\/\/www.bagnoitalia.com\/fr\",\"name\":\"Bagno Italia\",\"description\":\"\",\"publisher\":{\"@id\":\"https:\/\/www.bagnoitalia.com\/fr#organization\"},\"potentialAction\":[{\"@type\":\"SearchAction\",\"target\":{\"@type\":\"EntryPoint\",\"urlTemplate\":\"https:\/\/www.bagnoitalia.com\/fr?s={search_term_string}\"},\"query-input\":{\"@type\":\"PropertyValueSpecification\",\"valueRequired\":true,\"valueName\":\"search_term_string\"}}],\"inLanguage\":\"fr-FR\"},{\"@type\":\"Organization\",\"@id\":\"https:\/\/www.bagnoitalia.com\/fr#organization\",\"name\":\"Bagno Italia\",\"url\":\"https:\/\/www.bagnoitalia.com\/fr\",\"logo\":{\"@type\":\"ImageObject\",\"inLanguage\":\"fr-FR\",\"@id\":\"https:\/\/www.bagnoitalia.com\/fr#\/schema\/logo\/image\/\",\"url\":\"https:\/\/img.bagnoitalia.com\/wp-content\/uploads\/logo-bagnoitalia.webp\",\"contentUrl\":\"https:\/\/img.bagnoitalia.com\/wp-content\/uploads\/logo-bagnoitalia.webp\",\"width\":400,\"height\":70,\"caption\":\"Bagno Italia\"},\"image\":{\"@id\":\"https:\/\/www.bagnoitalia.com\/fr#\/schema\/logo\/image\/\"}}]}<\/script>\n<!-- \/ Yoast SEO plugin. -->","yoast_head_json":{"title":"Canap\u00e9 d&#39;angle lit Gloria 302x234 cm r\u00e9versible avec double rangement en microfibre grise","description":"Canap\u00e9 inclinable moderne en position lit avec angle positionnable en version droite ou gauche. Compartiment de rangement sous les deux si\u00e8ges.","robots":{"index":"index","follow":"follow","max-snippet":"max-snippet:-1","max-image-preview":"max-image-preview:large","max-video-preview":"max-video-preview:-1"},"canonical":"https:\/\/www.bagnoitalia.com\/fr\/produit\/canape-d-39-angle-lit-gloria-302x234-cm-reversible-avec-double-rangement-en-microfibre-grise.html","og_locale":"fr_FR","og_type":"article","og_title":"Canap\u00e9 d&#39;angle lit Gloria 302x234 cm r\u00e9versible avec double rangement en microfibre grise","og_description":"Canap\u00e9 inclinable moderne en position lit avec angle positionnable en version droite ou gauche. Compartiment de rangement sous les deux si\u00e8ges.","og_url":"https:\/\/www.bagnoitalia.com\/fr\/produit\/canape-d-39-angle-lit-gloria-302x234-cm-reversible-avec-double-rangement-en-microfibre-grise.html","og_site_name":"Bagno Italia","og_image":[{"width":550,"height":550,"url":"https:\/\/img.bagnoitalia.com\/wp-content\/uploads\/virtuemart\/product\/D1V-0931_1.jpg","type":"image\/jpeg"}],"twitter_card":"summary_large_image","schema":{"@context":"https:\/\/schema.org","@graph":[{"@type":"WebPage","@id":"https:\/\/www.bagnoitalia.com\/fr\/produit\/canape-d-39-angle-lit-gloria-302x234-cm-reversible-avec-double-rangement-en-microfibre-grise.html","url":"https:\/\/www.bagnoitalia.com\/fr\/produit\/canape-d-39-angle-lit-gloria-302x234-cm-reversible-avec-double-rangement-en-microfibre-grise.html","name":"Canap\u00e9 d&#39;angle lit Gloria 302x234 cm r\u00e9versible avec double rangement en microfibre grise","isPartOf":{"@id":"https:\/\/www.bagnoitalia.com\/fr#website"},"primaryImageOfPage":{"@id":"https:\/\/www.bagnoitalia.com\/fr\/produit\/canape-d-39-angle-lit-gloria-302x234-cm-reversible-avec-double-rangement-en-microfibre-grise.html#primaryimage"},"image":{"@id":"https:\/\/www.bagnoitalia.com\/fr\/produit\/canape-d-39-angle-lit-gloria-302x234-cm-reversible-avec-double-rangement-en-microfibre-grise.html#primaryimage"},"thumbnailUrl":"https:\/\/img.bagnoitalia.com\/wp-content\/uploads\/virtuemart\/product\/D1V-0931_1.jpg","datePublished":"2022-03-30T05:47:46+00:00","description":"Canap\u00e9 inclinable moderne en position lit avec angle positionnable en version droite ou gauche. Compartiment de rangement sous les deux si\u00e8ges.","breadcrumb":{"@id":"https:\/\/www.bagnoitalia.com\/fr\/produit\/canape-d-39-angle-lit-gloria-302x234-cm-reversible-avec-double-rangement-en-microfibre-grise.html#breadcrumb"},"inLanguage":"fr-FR","potentialAction":[{"@type":"ReadAction","target":["https:\/\/www.bagnoitalia.com\/fr\/produit\/canape-d-39-angle-lit-gloria-302x234-cm-reversible-avec-double-rangement-en-microfibre-grise.html"]}]},{"@type":"ImageObject","inLanguage":"fr-FR","@id":"https:\/\/www.bagnoitalia.com\/fr\/produit\/canape-d-39-angle-lit-gloria-302x234-cm-reversible-avec-double-rangement-en-microfibre-grise.html#primaryimage","url":"https:\/\/img.bagnoitalia.com\/wp-content\/uploads\/virtuemart\/product\/D1V-0931_1.jpg","contentUrl":"https:\/\/img.bagnoitalia.com\/wp-content\/uploads\/virtuemart\/product\/D1V-0931_1.jpg","width":550,"height":550},{"@type":"BreadcrumbList","@id":"https:\/\/www.bagnoitalia.com\/fr\/produit\/canape-d-39-angle-lit-gloria-302x234-cm-reversible-avec-double-rangement-en-microfibre-grise.html#breadcrumb","itemListElement":[{"@type":"ListItem","position":1,"name":"Home","item":"https:\/\/www.bagnoitalia.com\/fr"},{"@type":"ListItem","position":2,"name":"Produits","item":"https:\/\/www.bagnoitalia.com\/fr\/shop"},{"@type":"ListItem","position":3,"name":"Canap\u00e9 d&#39;angle lit Gloria 302&#215;234 cm r\u00e9versible avec double rangement en microfibre grise"}]},{"@type":"WebSite","@id":"https:\/\/www.bagnoitalia.com\/fr#website","url":"https:\/\/www.bagnoitalia.com\/fr","name":"Bagno Italia","description":"","publisher":{"@id":"https:\/\/www.bagnoitalia.com\/fr#organization"},"potentialAction":[{"@type":"SearchAction","target":{"@type":"EntryPoint","urlTemplate":"https:\/\/www.bagnoitalia.com\/fr?s={search_term_string}"},"query-input":{"@type":"PropertyValueSpecification","valueRequired":true,"valueName":"search_term_string"}}],"inLanguage":"fr-FR"},{"@type":"Organization","@id":"https:\/\/www.bagnoitalia.com\/fr#organization","name":"Bagno Italia","url":"https:\/\/www.bagnoitalia.com\/fr","logo":{"@type":"ImageObject","inLanguage":"fr-FR","@id":"https:\/\/www.bagnoitalia.com\/fr#\/schema\/logo\/image\/","url":"https:\/\/img.bagnoitalia.com\/wp-content\/uploads\/logo-bagnoitalia.webp","contentUrl":"https:\/\/img.bagnoitalia.com\/wp-content\/uploads\/logo-bagnoitalia.webp","width":400,"height":70,"caption":"Bagno Italia"},"image":{"@id":"https:\/\/www.bagnoitalia.com\/fr#\/schema\/logo\/image\/"}}]}},"_links":{"self":[{"href":"https:\/\/www.bagnoitalia.com\/fr\/wp-json\/wp\/v2\/product\/81980","targetHints":{"allow":["GET"]}}],"collection":[{"href":"https:\/\/www.bagnoitalia.com\/fr\/wp-json\/wp\/v2\/product"}],"about":[{"href":"https:\/\/www.bagnoitalia.com\/fr\/wp-json\/wp\/v2\/types\/product"}],"replies":[{"embeddable":true,"href":"https:\/\/www.bagnoitalia.com\/fr\/wp-json\/wp\/v2\/comments?post=81980"}],"version-history":[{"count":0,"href":"https:\/\/www.bagnoitalia.com\/fr\/wp-json\/wp\/v2\/product\/81980\/revisions"}],"wp:featuredmedia":[{"embeddable":true,"href":"https:\/\/www.bagnoitalia.com\/fr\/wp-json\/wp\/v2\/media\/51656"}],"wp:attachment":[{"href":"https:\/\/www.bagnoitalia.com\/fr\/wp-json\/wp\/v2\/media?parent=81980"}],"wp:term":[{"taxonomy":"product_brand","embeddable":true,"href":"https:\/\/www.bagnoitalia.com\/fr\/wp-json\/wp\/v2\/product_brand?post=81980"},{"taxonomy":"product_cat","embeddable":true,"href":"https:\/\/www.bagnoitalia.com\/fr\/wp-json\/wp\/v2\/product_cat?post=81980"},{"taxonomy":"product_tag","embeddable":true,"href":"https:\/\/www.bagnoitalia.com\/fr\/wp-json\/wp\/v2\/product_tag?post=81980"}],"curies":[{"name":"wp","href":"https:\/\/api.w.org\/{rel}","templated":true}]}}