{"id":81940,"date":"2022-03-30T07:47:46","date_gmt":"2022-03-30T05:47:46","guid":{"rendered":"https:\/\/www.bagnoitalia.com\/product\/gianna-canape-d-39-angle-inclinable-et-avec-conteneur-246x160-cm-peninsule-reversible"},"modified":"2022-03-30T07:47:46","modified_gmt":"2022-03-30T05:47:46","slug":"gianna-canape-d-39-angle-inclinable-et-avec-conteneur-246x160-cm-peninsule-reversible","status":"publish","type":"product","link":"https:\/\/www.bagnoitalia.com\/fr\/produit\/gianna-canape-d-39-angle-inclinable-et-avec-conteneur-246x160-cm-peninsule-reversible.html","title":{"rendered":"Gianna canap\u00e9 d&#39;angle inclinable et avec conteneur 246&#215;160 cm p\u00e9ninsule r\u00e9versible"},"content":{"rendered":"<p><span style=\"text-decoration: underline; font-size: 12pt;\"><strong><span style=\"font-size: 24pt;\">CANAP\u00c9-LIT D&#39;ANGLE &quot;GIANNA&quot;<\/span><br \/><\/strong><\/span><\/p>\n<\/p>\n<p> <strong style=\"font-family: 'Arial Unicode MS', sans-serif;\">DES D\u00c9TAILS:<br \/><\/strong><\/p>\n<p> mesures du canap\u00e9 (ferm\u00e9) 246 x 160 x H91 cm<\/p>\n<p> taille du lit (ouvert) 215 x 115 cm<strong><br \/><\/strong><\/p>\n<p> P\u00e9ninsule r\u00e9versible : il est possible de choisir o\u00f9 installer la m\u00e9ridienne, que ce soit \u00e0 droite ou \u00e0 gauche (les accoudoirs sont embo\u00eetables et sont amovibles pour permettre le mouvement de la p\u00e9ninsule)<\/p>\n<p> oreillers inclus<\/p>\n<p> 2 compartiments de rangement pratiques sous le si\u00e8ge et sous la p\u00e9ninsule<\/p>\n<p> bicolore : blanc et gris<\/p>\n<p> dossier inclinable pour position lit<\/p>\n<\/p>\n<p> MAT\u00c9RIAUX:<\/p>\n<p> doublure en microfibre et \u00e9co-cuir<\/p>\n<p> structure et accoudoirs en h\u00eatre et m\u00e9tal<\/p>\n<p> compartiment conteneur en mdf<\/p>\n<p> pieds en bois<\/p>\n<\/p>\n<p> UNIQUEMENT SUR COMMANDE, IL EST POSSIBLE DE DEMANDER LE CANAP\u00c9 DANS D&#39;AUTRES FINITIONS COMME SUR LA PHOTO CI-DESSOUS (pour plus d&#39;informations et un devis, cliquez sur le bouton &quot;poser une question sur ce produit&quot;)<\/p>\n<p><img decoding=\"async\" src=\"images\/images\/colori-su-ordinazione-per-divano-letto-angolare.jpg\" alt=\"\" \/><\/p>\n<\/p>\n<p>011<\/p>\n","protected":false},"excerpt":{"rendered":"<p>Canap\u00e9 bicolore blanc et gris recouvert de cuir \u00e9cologique et microfibre, avec dossier inclinable pour la position lit et chaise longue \u00e0 installer \u00e0 droite ou \u00e0 gauche. Compartiments de rangement sous le si\u00e8ge et sous la p\u00e9ninsule<\/p>\n","protected":false},"featured_media":51364,"comment_status":"open","ping_status":"closed","template":"","meta":[],"product_brand":[9924],"product_cat":[15],"product_tag":[],"class_list":{"0":"post-81940","1":"product","2":"type-product","3":"status-publish","4":"has-post-thumbnail","6":"product_brand-predator-arredo-casa-fr","7":"product_cat-senza-categoria","9":"first","10":"outofstock","11":"taxable","12":"shipping-taxable","13":"purchasable","14":"product-type-simple"},"exclude_global_add_ons":[],"addons":[],"yoast_head":"<!-- This site is optimized with the Yoast SEO plugin v26.7 - https:\/\/yoast.com\/wordpress\/plugins\/seo\/ -->\n<title>Canap\u00e9-lit d&#039;angle Gianna inclinable et avec conteneur 246x160 cm et p\u00e9ninsule r\u00e9versible<\/title>\n<meta name=\"description\" content=\"Canap\u00e9 bicolore blanc et gris recouvert de cuir \u00e9cologique et microfibre, avec dossier inclinable pour la position lit et chaise longue \u00e0 installer \u00e0 droite ou \u00e0 gauche. Compartiments de rangement sous le si\u00e8ge et sous la p\u00e9ninsule\" \/>\n<meta name=\"robots\" content=\"index, follow, max-snippet:-1, max-image-preview:large, max-video-preview:-1\" \/>\n<link rel=\"canonical\" href=\"https:\/\/www.bagnoitalia.com\/fr\/produit\/gianna-canape-d-39-angle-inclinable-et-avec-conteneur-246x160-cm-peninsule-reversible.html\" \/>\n<meta property=\"og:locale\" content=\"fr_FR\" \/>\n<meta property=\"og:type\" content=\"article\" \/>\n<meta property=\"og:title\" content=\"Canap\u00e9-lit d&#039;angle Gianna inclinable et avec conteneur 246x160 cm et p\u00e9ninsule r\u00e9versible\" \/>\n<meta property=\"og:description\" content=\"Canap\u00e9 bicolore blanc et gris recouvert de cuir \u00e9cologique et microfibre, avec dossier inclinable pour la position lit et chaise longue \u00e0 installer \u00e0 droite ou \u00e0 gauche. Compartiments de rangement sous le si\u00e8ge et sous la p\u00e9ninsule\" \/>\n<meta property=\"og:url\" content=\"https:\/\/www.bagnoitalia.com\/fr\/produit\/gianna-canape-d-39-angle-inclinable-et-avec-conteneur-246x160-cm-peninsule-reversible.html\" \/>\n<meta property=\"og:site_name\" content=\"Bagno Italia\" \/>\n<meta property=\"og:image\" content=\"https:\/\/img.bagnoitalia.com\/wp-content\/uploads\/virtuemart\/product\/D1V-0922_1.jpg\" \/>\n\t<meta property=\"og:image:width\" content=\"550\" \/>\n\t<meta property=\"og:image:height\" content=\"550\" \/>\n\t<meta property=\"og:image:type\" content=\"image\/jpeg\" \/>\n<meta name=\"twitter:card\" content=\"summary_large_image\" \/>\n<meta name=\"twitter:label1\" content=\"Dur\u00e9e de lecture estim\u00e9e\" \/>\n\t<meta name=\"twitter:data1\" content=\"1 minute\" \/>\n<script type=\"application\/ld+json\" class=\"yoast-schema-graph\">{\"@context\":\"https:\/\/schema.org\",\"@graph\":[{\"@type\":\"WebPage\",\"@id\":\"https:\/\/www.bagnoitalia.com\/fr\/produit\/gianna-canape-d-39-angle-inclinable-et-avec-conteneur-246x160-cm-peninsule-reversible.html\",\"url\":\"https:\/\/www.bagnoitalia.com\/fr\/produit\/gianna-canape-d-39-angle-inclinable-et-avec-conteneur-246x160-cm-peninsule-reversible.html\",\"name\":\"Canap\u00e9-lit d&#39;angle Gianna inclinable et avec conteneur 246x160 cm et p\u00e9ninsule r\u00e9versible\",\"isPartOf\":{\"@id\":\"https:\/\/www.bagnoitalia.com\/fr#website\"},\"primaryImageOfPage\":{\"@id\":\"https:\/\/www.bagnoitalia.com\/fr\/produit\/gianna-canape-d-39-angle-inclinable-et-avec-conteneur-246x160-cm-peninsule-reversible.html#primaryimage\"},\"image\":{\"@id\":\"https:\/\/www.bagnoitalia.com\/fr\/produit\/gianna-canape-d-39-angle-inclinable-et-avec-conteneur-246x160-cm-peninsule-reversible.html#primaryimage\"},\"thumbnailUrl\":\"https:\/\/img.bagnoitalia.com\/wp-content\/uploads\/virtuemart\/product\/D1V-0922_1.jpg\",\"datePublished\":\"2022-03-30T05:47:46+00:00\",\"description\":\"Canap\u00e9 bicolore blanc et gris recouvert de cuir \u00e9cologique et microfibre, avec dossier inclinable pour la position lit et chaise longue \u00e0 installer \u00e0 droite ou \u00e0 gauche. Compartiments de rangement sous le si\u00e8ge et sous la p\u00e9ninsule\",\"breadcrumb\":{\"@id\":\"https:\/\/www.bagnoitalia.com\/fr\/produit\/gianna-canape-d-39-angle-inclinable-et-avec-conteneur-246x160-cm-peninsule-reversible.html#breadcrumb\"},\"inLanguage\":\"fr-FR\",\"potentialAction\":[{\"@type\":\"ReadAction\",\"target\":[\"https:\/\/www.bagnoitalia.com\/fr\/produit\/gianna-canape-d-39-angle-inclinable-et-avec-conteneur-246x160-cm-peninsule-reversible.html\"]}]},{\"@type\":\"ImageObject\",\"inLanguage\":\"fr-FR\",\"@id\":\"https:\/\/www.bagnoitalia.com\/fr\/produit\/gianna-canape-d-39-angle-inclinable-et-avec-conteneur-246x160-cm-peninsule-reversible.html#primaryimage\",\"url\":\"https:\/\/img.bagnoitalia.com\/wp-content\/uploads\/virtuemart\/product\/D1V-0922_1.jpg\",\"contentUrl\":\"https:\/\/img.bagnoitalia.com\/wp-content\/uploads\/virtuemart\/product\/D1V-0922_1.jpg\",\"width\":550,\"height\":550},{\"@type\":\"BreadcrumbList\",\"@id\":\"https:\/\/www.bagnoitalia.com\/fr\/produit\/gianna-canape-d-39-angle-inclinable-et-avec-conteneur-246x160-cm-peninsule-reversible.html#breadcrumb\",\"itemListElement\":[{\"@type\":\"ListItem\",\"position\":1,\"name\":\"Home\",\"item\":\"https:\/\/www.bagnoitalia.com\/fr\"},{\"@type\":\"ListItem\",\"position\":2,\"name\":\"Produits\",\"item\":\"https:\/\/www.bagnoitalia.com\/fr\/shop\"},{\"@type\":\"ListItem\",\"position\":3,\"name\":\"Gianna canap\u00e9 d&#39;angle inclinable et avec conteneur 246&#215;160 cm p\u00e9ninsule r\u00e9versible\"}]},{\"@type\":\"WebSite\",\"@id\":\"https:\/\/www.bagnoitalia.com\/fr#website\",\"url\":\"https:\/\/www.bagnoitalia.com\/fr\",\"name\":\"Bagno Italia\",\"description\":\"\",\"publisher\":{\"@id\":\"https:\/\/www.bagnoitalia.com\/fr#organization\"},\"potentialAction\":[{\"@type\":\"SearchAction\",\"target\":{\"@type\":\"EntryPoint\",\"urlTemplate\":\"https:\/\/www.bagnoitalia.com\/fr?s={search_term_string}\"},\"query-input\":{\"@type\":\"PropertyValueSpecification\",\"valueRequired\":true,\"valueName\":\"search_term_string\"}}],\"inLanguage\":\"fr-FR\"},{\"@type\":\"Organization\",\"@id\":\"https:\/\/www.bagnoitalia.com\/fr#organization\",\"name\":\"Bagno Italia\",\"url\":\"https:\/\/www.bagnoitalia.com\/fr\",\"logo\":{\"@type\":\"ImageObject\",\"inLanguage\":\"fr-FR\",\"@id\":\"https:\/\/www.bagnoitalia.com\/fr#\/schema\/logo\/image\/\",\"url\":\"https:\/\/img.bagnoitalia.com\/wp-content\/uploads\/logo-bagnoitalia.webp\",\"contentUrl\":\"https:\/\/img.bagnoitalia.com\/wp-content\/uploads\/logo-bagnoitalia.webp\",\"width\":400,\"height\":70,\"caption\":\"Bagno Italia\"},\"image\":{\"@id\":\"https:\/\/www.bagnoitalia.com\/fr#\/schema\/logo\/image\/\"}}]}<\/script>\n<!-- \/ Yoast SEO plugin. -->","yoast_head_json":{"title":"Canap\u00e9-lit d&#39;angle Gianna inclinable et avec conteneur 246x160 cm et p\u00e9ninsule r\u00e9versible","description":"Canap\u00e9 bicolore blanc et gris recouvert de cuir \u00e9cologique et microfibre, avec dossier inclinable pour la position lit et chaise longue \u00e0 installer \u00e0 droite ou \u00e0 gauche. Compartiments de rangement sous le si\u00e8ge et sous la p\u00e9ninsule","robots":{"index":"index","follow":"follow","max-snippet":"max-snippet:-1","max-image-preview":"max-image-preview:large","max-video-preview":"max-video-preview:-1"},"canonical":"https:\/\/www.bagnoitalia.com\/fr\/produit\/gianna-canape-d-39-angle-inclinable-et-avec-conteneur-246x160-cm-peninsule-reversible.html","og_locale":"fr_FR","og_type":"article","og_title":"Canap\u00e9-lit d&#39;angle Gianna inclinable et avec conteneur 246x160 cm et p\u00e9ninsule r\u00e9versible","og_description":"Canap\u00e9 bicolore blanc et gris recouvert de cuir \u00e9cologique et microfibre, avec dossier inclinable pour la position lit et chaise longue \u00e0 installer \u00e0 droite ou \u00e0 gauche. Compartiments de rangement sous le si\u00e8ge et sous la p\u00e9ninsule","og_url":"https:\/\/www.bagnoitalia.com\/fr\/produit\/gianna-canape-d-39-angle-inclinable-et-avec-conteneur-246x160-cm-peninsule-reversible.html","og_site_name":"Bagno Italia","og_image":[{"width":550,"height":550,"url":"https:\/\/img.bagnoitalia.com\/wp-content\/uploads\/virtuemart\/product\/D1V-0922_1.jpg","type":"image\/jpeg"}],"twitter_card":"summary_large_image","twitter_misc":{"Dur\u00e9e de lecture estim\u00e9e":"1 minute"},"schema":{"@context":"https:\/\/schema.org","@graph":[{"@type":"WebPage","@id":"https:\/\/www.bagnoitalia.com\/fr\/produit\/gianna-canape-d-39-angle-inclinable-et-avec-conteneur-246x160-cm-peninsule-reversible.html","url":"https:\/\/www.bagnoitalia.com\/fr\/produit\/gianna-canape-d-39-angle-inclinable-et-avec-conteneur-246x160-cm-peninsule-reversible.html","name":"Canap\u00e9-lit d&#39;angle Gianna inclinable et avec conteneur 246x160 cm et p\u00e9ninsule r\u00e9versible","isPartOf":{"@id":"https:\/\/www.bagnoitalia.com\/fr#website"},"primaryImageOfPage":{"@id":"https:\/\/www.bagnoitalia.com\/fr\/produit\/gianna-canape-d-39-angle-inclinable-et-avec-conteneur-246x160-cm-peninsule-reversible.html#primaryimage"},"image":{"@id":"https:\/\/www.bagnoitalia.com\/fr\/produit\/gianna-canape-d-39-angle-inclinable-et-avec-conteneur-246x160-cm-peninsule-reversible.html#primaryimage"},"thumbnailUrl":"https:\/\/img.bagnoitalia.com\/wp-content\/uploads\/virtuemart\/product\/D1V-0922_1.jpg","datePublished":"2022-03-30T05:47:46+00:00","description":"Canap\u00e9 bicolore blanc et gris recouvert de cuir \u00e9cologique et microfibre, avec dossier inclinable pour la position lit et chaise longue \u00e0 installer \u00e0 droite ou \u00e0 gauche. Compartiments de rangement sous le si\u00e8ge et sous la p\u00e9ninsule","breadcrumb":{"@id":"https:\/\/www.bagnoitalia.com\/fr\/produit\/gianna-canape-d-39-angle-inclinable-et-avec-conteneur-246x160-cm-peninsule-reversible.html#breadcrumb"},"inLanguage":"fr-FR","potentialAction":[{"@type":"ReadAction","target":["https:\/\/www.bagnoitalia.com\/fr\/produit\/gianna-canape-d-39-angle-inclinable-et-avec-conteneur-246x160-cm-peninsule-reversible.html"]}]},{"@type":"ImageObject","inLanguage":"fr-FR","@id":"https:\/\/www.bagnoitalia.com\/fr\/produit\/gianna-canape-d-39-angle-inclinable-et-avec-conteneur-246x160-cm-peninsule-reversible.html#primaryimage","url":"https:\/\/img.bagnoitalia.com\/wp-content\/uploads\/virtuemart\/product\/D1V-0922_1.jpg","contentUrl":"https:\/\/img.bagnoitalia.com\/wp-content\/uploads\/virtuemart\/product\/D1V-0922_1.jpg","width":550,"height":550},{"@type":"BreadcrumbList","@id":"https:\/\/www.bagnoitalia.com\/fr\/produit\/gianna-canape-d-39-angle-inclinable-et-avec-conteneur-246x160-cm-peninsule-reversible.html#breadcrumb","itemListElement":[{"@type":"ListItem","position":1,"name":"Home","item":"https:\/\/www.bagnoitalia.com\/fr"},{"@type":"ListItem","position":2,"name":"Produits","item":"https:\/\/www.bagnoitalia.com\/fr\/shop"},{"@type":"ListItem","position":3,"name":"Gianna canap\u00e9 d&#39;angle inclinable et avec conteneur 246&#215;160 cm p\u00e9ninsule r\u00e9versible"}]},{"@type":"WebSite","@id":"https:\/\/www.bagnoitalia.com\/fr#website","url":"https:\/\/www.bagnoitalia.com\/fr","name":"Bagno Italia","description":"","publisher":{"@id":"https:\/\/www.bagnoitalia.com\/fr#organization"},"potentialAction":[{"@type":"SearchAction","target":{"@type":"EntryPoint","urlTemplate":"https:\/\/www.bagnoitalia.com\/fr?s={search_term_string}"},"query-input":{"@type":"PropertyValueSpecification","valueRequired":true,"valueName":"search_term_string"}}],"inLanguage":"fr-FR"},{"@type":"Organization","@id":"https:\/\/www.bagnoitalia.com\/fr#organization","name":"Bagno Italia","url":"https:\/\/www.bagnoitalia.com\/fr","logo":{"@type":"ImageObject","inLanguage":"fr-FR","@id":"https:\/\/www.bagnoitalia.com\/fr#\/schema\/logo\/image\/","url":"https:\/\/img.bagnoitalia.com\/wp-content\/uploads\/logo-bagnoitalia.webp","contentUrl":"https:\/\/img.bagnoitalia.com\/wp-content\/uploads\/logo-bagnoitalia.webp","width":400,"height":70,"caption":"Bagno Italia"},"image":{"@id":"https:\/\/www.bagnoitalia.com\/fr#\/schema\/logo\/image\/"}}]}},"_links":{"self":[{"href":"https:\/\/www.bagnoitalia.com\/fr\/wp-json\/wp\/v2\/product\/81940","targetHints":{"allow":["GET"]}}],"collection":[{"href":"https:\/\/www.bagnoitalia.com\/fr\/wp-json\/wp\/v2\/product"}],"about":[{"href":"https:\/\/www.bagnoitalia.com\/fr\/wp-json\/wp\/v2\/types\/product"}],"replies":[{"embeddable":true,"href":"https:\/\/www.bagnoitalia.com\/fr\/wp-json\/wp\/v2\/comments?post=81940"}],"version-history":[{"count":0,"href":"https:\/\/www.bagnoitalia.com\/fr\/wp-json\/wp\/v2\/product\/81940\/revisions"}],"wp:featuredmedia":[{"embeddable":true,"href":"https:\/\/www.bagnoitalia.com\/fr\/wp-json\/wp\/v2\/media\/51364"}],"wp:attachment":[{"href":"https:\/\/www.bagnoitalia.com\/fr\/wp-json\/wp\/v2\/media?parent=81940"}],"wp:term":[{"taxonomy":"product_brand","embeddable":true,"href":"https:\/\/www.bagnoitalia.com\/fr\/wp-json\/wp\/v2\/product_brand?post=81940"},{"taxonomy":"product_cat","embeddable":true,"href":"https:\/\/www.bagnoitalia.com\/fr\/wp-json\/wp\/v2\/product_cat?post=81940"},{"taxonomy":"product_tag","embeddable":true,"href":"https:\/\/www.bagnoitalia.com\/fr\/wp-json\/wp\/v2\/product_tag?post=81940"}],"curies":[{"name":"wp","href":"https:\/\/api.w.org\/{rel}","templated":true}]}}