{"id":81924,"date":"2022-03-30T07:47:46","date_gmt":"2022-03-30T05:47:46","guid":{"rendered":"https:\/\/www.bagnoitalia.com\/product\/canape-lit-d-39-angle-miriam-305x238-cm-en-eco-cuir-et-microfibre-avec-2-compartiments-de-rangement-peninsule-reversible"},"modified":"2022-03-30T07:47:46","modified_gmt":"2022-03-30T05:47:46","slug":"canape-lit-d-39-angle-miriam-305x238-cm-en-eco-cuir-et-microfibre-avec-2-compartiments-de-rangement-peninsule-reversible","status":"publish","type":"product","link":"https:\/\/www.bagnoitalia.com\/fr\/produit\/canape-lit-d-39-angle-miriam-305x238-cm-en-eco-cuir-et-microfibre-avec-2-compartiments-de-rangement-peninsule-reversible.html","title":{"rendered":"Canap\u00e9-lit d&rsquo;angle Miriam 305&#215;238 cm en \u00e9co-cuir et microfibre avec 2 compartiments de rangement p\u00e9ninsule r\u00e9versible"},"content":{"rendered":"<p style=\"text-align: center;\"><span style=\"text-decoration: underline; color: #ff0000; font-size: 18pt;\"><strong>CANAP\u00c9-LIT D&rsquo;ANGLE \u00ab\u00a0MIRIAM<\/strong><\/span><\/p>\n<p>&nbsp;<\/p>\n<p><span style=\"text-decoration: underline;\"><strong>CARACT\u00c9RISTIQUES<\/strong><\/span><\/p>\n<p>dimensions ext\u00e9rieures (en position ferm\u00e9e) : 305x238xH91cm &nbsp;&nbsp;<\/p>\n<p>p\u00e9ninsule r\u00e9versible : peut \u00eatre positionn\u00e9e \u00e0 droite ou \u00e0 gauche gr\u00e2ce au syst\u00e8me d&#8217;embo\u00eetement, en enlevant l&rsquo;accoudoir et en d\u00e9pla\u00e7ant l&rsquo;angle du canap\u00e9<\/p>\n<p>2 dossiers inclinables pour 2 positions de sommeil confortables de : 233xP110cm + 167xP110cm.<\/p>\n<p>coussins inclus<\/p>\n<p>2 compartiments de rangement pratiques sous les si\u00e8ges<\/p>\n<p>&nbsp;<\/p>\n<p><span style=\"text-decoration: underline;\"><strong>MAT\u00c9RIAU<\/strong> <\/span>:<\/p>\n<p>microfibre grise et cuir artificiel noir<\/p>\n<p>structure et accoudoirs en h\u00eatre et m\u00e9tal<\/p>\n<p>compartiment de rangement en mdf<\/p>\n<p>&nbsp;<\/p>\n<p>&nbsp;<\/p>\n<p>&nbsp;<\/p>\n<p>&nbsp;<\/p>\n<p>005<\/p>\n<p>&nbsp;<\/p>\n<p>&nbsp;<\/p>\n","protected":false},"excerpt":{"rendered":"<p>Canap\u00e9 avec p\u00e9ninsule pouvant \u00eatre positionn\u00e9e \u00e0 droite ou \u00e0 gauche, dossier inclinable des deux c\u00f4t\u00e9s pour la position lit, 2 compartiments de rangement sous les si\u00e8ges. Fabriqu\u00e9 en similicuir noir et microfibre grise.<\/p>\n","protected":false},"featured_media":51260,"comment_status":"open","ping_status":"closed","template":"","meta":[],"product_brand":[5021],"product_cat":[9791,9795],"product_tag":[],"class_list":{"0":"post-81924","1":"product","2":"type-product","3":"status-publish","4":"has-post-thumbnail","6":"product_brand-predator-arredo-casa","7":"product_cat-canapes","8":"product_cat-canape-lit","10":"first","11":"instock","12":"sale","13":"taxable","14":"shipping-taxable","15":"purchasable","16":"product-type-simple"},"exclude_global_add_ons":[],"addons":[],"yoast_head":"<!-- This site is optimized with the Yoast SEO plugin v26.7 - https:\/\/yoast.com\/wordpress\/plugins\/seo\/ -->\n<title>Canap\u00e9-lit d&#039;angle Miriam 305x238 cm en \u00e9co-cuir et microfibre avec 2 compartiments de rangement p\u00e9ninsule r\u00e9versible<\/title>\n<meta name=\"description\" content=\"Canap\u00e9 avec p\u00e9ninsule pouvant \u00eatre positionn\u00e9e \u00e0 droite ou \u00e0 gauche, dossier inclinable des deux c\u00f4t\u00e9s pour la position lit, 2 compartiments de rangement sous les si\u00e8ges. Fabriqu\u00e9 en similicuir noir et microfibre grise.\" \/>\n<meta name=\"robots\" content=\"index, follow, max-snippet:-1, max-image-preview:large, max-video-preview:-1\" \/>\n<link rel=\"canonical\" href=\"https:\/\/www.bagnoitalia.com\/fr\/produit\/canape-lit-d-39-angle-miriam-305x238-cm-en-eco-cuir-et-microfibre-avec-2-compartiments-de-rangement-peninsule-reversible.html\" \/>\n<meta property=\"og:locale\" content=\"fr_FR\" \/>\n<meta property=\"og:type\" content=\"article\" \/>\n<meta property=\"og:title\" content=\"Canap\u00e9-lit d&#039;angle Miriam 305x238 cm en \u00e9co-cuir et microfibre avec 2 compartiments de rangement p\u00e9ninsule r\u00e9versible\" \/>\n<meta property=\"og:description\" content=\"Canap\u00e9 avec p\u00e9ninsule pouvant \u00eatre positionn\u00e9e \u00e0 droite ou \u00e0 gauche, dossier inclinable des deux c\u00f4t\u00e9s pour la position lit, 2 compartiments de rangement sous les si\u00e8ges. Fabriqu\u00e9 en similicuir noir et microfibre grise.\" \/>\n<meta property=\"og:url\" content=\"https:\/\/www.bagnoitalia.com\/fr\/produit\/canape-lit-d-39-angle-miriam-305x238-cm-en-eco-cuir-et-microfibre-avec-2-compartiments-de-rangement-peninsule-reversible.html\" \/>\n<meta property=\"og:site_name\" content=\"Bagno Italia\" \/>\n<meta property=\"og:image\" content=\"https:\/\/img.bagnoitalia.com\/wp-content\/uploads\/virtuemart\/product\/D1V-0909_1.jpg\" \/>\n\t<meta property=\"og:image:width\" content=\"550\" \/>\n\t<meta property=\"og:image:height\" content=\"550\" \/>\n\t<meta property=\"og:image:type\" content=\"image\/jpeg\" \/>\n<meta name=\"twitter:card\" content=\"summary_large_image\" \/>\n<script type=\"application\/ld+json\" class=\"yoast-schema-graph\">{\"@context\":\"https:\/\/schema.org\",\"@graph\":[{\"@type\":\"WebPage\",\"@id\":\"https:\/\/www.bagnoitalia.com\/fr\/produit\/canape-lit-d-39-angle-miriam-305x238-cm-en-eco-cuir-et-microfibre-avec-2-compartiments-de-rangement-peninsule-reversible.html\",\"url\":\"https:\/\/www.bagnoitalia.com\/fr\/produit\/canape-lit-d-39-angle-miriam-305x238-cm-en-eco-cuir-et-microfibre-avec-2-compartiments-de-rangement-peninsule-reversible.html\",\"name\":\"Canap\u00e9-lit d'angle Miriam 305x238 cm en \u00e9co-cuir et microfibre avec 2 compartiments de rangement p\u00e9ninsule r\u00e9versible\",\"isPartOf\":{\"@id\":\"https:\/\/www.bagnoitalia.com\/fr#website\"},\"primaryImageOfPage\":{\"@id\":\"https:\/\/www.bagnoitalia.com\/fr\/produit\/canape-lit-d-39-angle-miriam-305x238-cm-en-eco-cuir-et-microfibre-avec-2-compartiments-de-rangement-peninsule-reversible.html#primaryimage\"},\"image\":{\"@id\":\"https:\/\/www.bagnoitalia.com\/fr\/produit\/canape-lit-d-39-angle-miriam-305x238-cm-en-eco-cuir-et-microfibre-avec-2-compartiments-de-rangement-peninsule-reversible.html#primaryimage\"},\"thumbnailUrl\":\"https:\/\/img.bagnoitalia.com\/wp-content\/uploads\/virtuemart\/product\/D1V-0909_1.jpg\",\"datePublished\":\"2022-03-30T05:47:46+00:00\",\"description\":\"Canap\u00e9 avec p\u00e9ninsule pouvant \u00eatre positionn\u00e9e \u00e0 droite ou \u00e0 gauche, dossier inclinable des deux c\u00f4t\u00e9s pour la position lit, 2 compartiments de rangement sous les si\u00e8ges. Fabriqu\u00e9 en similicuir noir et microfibre grise.\",\"breadcrumb\":{\"@id\":\"https:\/\/www.bagnoitalia.com\/fr\/produit\/canape-lit-d-39-angle-miriam-305x238-cm-en-eco-cuir-et-microfibre-avec-2-compartiments-de-rangement-peninsule-reversible.html#breadcrumb\"},\"inLanguage\":\"fr-FR\",\"potentialAction\":[{\"@type\":\"ReadAction\",\"target\":[\"https:\/\/www.bagnoitalia.com\/fr\/produit\/canape-lit-d-39-angle-miriam-305x238-cm-en-eco-cuir-et-microfibre-avec-2-compartiments-de-rangement-peninsule-reversible.html\"]}]},{\"@type\":\"ImageObject\",\"inLanguage\":\"fr-FR\",\"@id\":\"https:\/\/www.bagnoitalia.com\/fr\/produit\/canape-lit-d-39-angle-miriam-305x238-cm-en-eco-cuir-et-microfibre-avec-2-compartiments-de-rangement-peninsule-reversible.html#primaryimage\",\"url\":\"https:\/\/img.bagnoitalia.com\/wp-content\/uploads\/virtuemart\/product\/D1V-0909_1.jpg\",\"contentUrl\":\"https:\/\/img.bagnoitalia.com\/wp-content\/uploads\/virtuemart\/product\/D1V-0909_1.jpg\",\"width\":550,\"height\":550},{\"@type\":\"BreadcrumbList\",\"@id\":\"https:\/\/www.bagnoitalia.com\/fr\/produit\/canape-lit-d-39-angle-miriam-305x238-cm-en-eco-cuir-et-microfibre-avec-2-compartiments-de-rangement-peninsule-reversible.html#breadcrumb\",\"itemListElement\":[{\"@type\":\"ListItem\",\"position\":1,\"name\":\"Home\",\"item\":\"https:\/\/www.bagnoitalia.com\/fr\"},{\"@type\":\"ListItem\",\"position\":2,\"name\":\"Produits\",\"item\":\"https:\/\/www.bagnoitalia.com\/fr\/shop\"},{\"@type\":\"ListItem\",\"position\":3,\"name\":\"Canap\u00e9-lit d&#8217;angle Miriam 305&#215;238 cm en \u00e9co-cuir et microfibre avec 2 compartiments de rangement p\u00e9ninsule r\u00e9versible\"}]},{\"@type\":\"WebSite\",\"@id\":\"https:\/\/www.bagnoitalia.com\/fr#website\",\"url\":\"https:\/\/www.bagnoitalia.com\/fr\",\"name\":\"Bagno Italia\",\"description\":\"\",\"publisher\":{\"@id\":\"https:\/\/www.bagnoitalia.com\/fr#organization\"},\"potentialAction\":[{\"@type\":\"SearchAction\",\"target\":{\"@type\":\"EntryPoint\",\"urlTemplate\":\"https:\/\/www.bagnoitalia.com\/fr?s={search_term_string}\"},\"query-input\":{\"@type\":\"PropertyValueSpecification\",\"valueRequired\":true,\"valueName\":\"search_term_string\"}}],\"inLanguage\":\"fr-FR\"},{\"@type\":\"Organization\",\"@id\":\"https:\/\/www.bagnoitalia.com\/fr#organization\",\"name\":\"Bagno Italia\",\"url\":\"https:\/\/www.bagnoitalia.com\/fr\",\"logo\":{\"@type\":\"ImageObject\",\"inLanguage\":\"fr-FR\",\"@id\":\"https:\/\/www.bagnoitalia.com\/fr#\/schema\/logo\/image\/\",\"url\":\"https:\/\/img.bagnoitalia.com\/wp-content\/uploads\/logo-bagnoitalia.webp\",\"contentUrl\":\"https:\/\/img.bagnoitalia.com\/wp-content\/uploads\/logo-bagnoitalia.webp\",\"width\":400,\"height\":70,\"caption\":\"Bagno Italia\"},\"image\":{\"@id\":\"https:\/\/www.bagnoitalia.com\/fr#\/schema\/logo\/image\/\"}}]}<\/script>\n<!-- \/ Yoast SEO plugin. -->","yoast_head_json":{"title":"Canap\u00e9-lit d'angle Miriam 305x238 cm en \u00e9co-cuir et microfibre avec 2 compartiments de rangement p\u00e9ninsule r\u00e9versible","description":"Canap\u00e9 avec p\u00e9ninsule pouvant \u00eatre positionn\u00e9e \u00e0 droite ou \u00e0 gauche, dossier inclinable des deux c\u00f4t\u00e9s pour la position lit, 2 compartiments de rangement sous les si\u00e8ges. Fabriqu\u00e9 en similicuir noir et microfibre grise.","robots":{"index":"index","follow":"follow","max-snippet":"max-snippet:-1","max-image-preview":"max-image-preview:large","max-video-preview":"max-video-preview:-1"},"canonical":"https:\/\/www.bagnoitalia.com\/fr\/produit\/canape-lit-d-39-angle-miriam-305x238-cm-en-eco-cuir-et-microfibre-avec-2-compartiments-de-rangement-peninsule-reversible.html","og_locale":"fr_FR","og_type":"article","og_title":"Canap\u00e9-lit d'angle Miriam 305x238 cm en \u00e9co-cuir et microfibre avec 2 compartiments de rangement p\u00e9ninsule r\u00e9versible","og_description":"Canap\u00e9 avec p\u00e9ninsule pouvant \u00eatre positionn\u00e9e \u00e0 droite ou \u00e0 gauche, dossier inclinable des deux c\u00f4t\u00e9s pour la position lit, 2 compartiments de rangement sous les si\u00e8ges. Fabriqu\u00e9 en similicuir noir et microfibre grise.","og_url":"https:\/\/www.bagnoitalia.com\/fr\/produit\/canape-lit-d-39-angle-miriam-305x238-cm-en-eco-cuir-et-microfibre-avec-2-compartiments-de-rangement-peninsule-reversible.html","og_site_name":"Bagno Italia","og_image":[{"width":550,"height":550,"url":"https:\/\/img.bagnoitalia.com\/wp-content\/uploads\/virtuemart\/product\/D1V-0909_1.jpg","type":"image\/jpeg"}],"twitter_card":"summary_large_image","schema":{"@context":"https:\/\/schema.org","@graph":[{"@type":"WebPage","@id":"https:\/\/www.bagnoitalia.com\/fr\/produit\/canape-lit-d-39-angle-miriam-305x238-cm-en-eco-cuir-et-microfibre-avec-2-compartiments-de-rangement-peninsule-reversible.html","url":"https:\/\/www.bagnoitalia.com\/fr\/produit\/canape-lit-d-39-angle-miriam-305x238-cm-en-eco-cuir-et-microfibre-avec-2-compartiments-de-rangement-peninsule-reversible.html","name":"Canap\u00e9-lit d'angle Miriam 305x238 cm en \u00e9co-cuir et microfibre avec 2 compartiments de rangement p\u00e9ninsule r\u00e9versible","isPartOf":{"@id":"https:\/\/www.bagnoitalia.com\/fr#website"},"primaryImageOfPage":{"@id":"https:\/\/www.bagnoitalia.com\/fr\/produit\/canape-lit-d-39-angle-miriam-305x238-cm-en-eco-cuir-et-microfibre-avec-2-compartiments-de-rangement-peninsule-reversible.html#primaryimage"},"image":{"@id":"https:\/\/www.bagnoitalia.com\/fr\/produit\/canape-lit-d-39-angle-miriam-305x238-cm-en-eco-cuir-et-microfibre-avec-2-compartiments-de-rangement-peninsule-reversible.html#primaryimage"},"thumbnailUrl":"https:\/\/img.bagnoitalia.com\/wp-content\/uploads\/virtuemart\/product\/D1V-0909_1.jpg","datePublished":"2022-03-30T05:47:46+00:00","description":"Canap\u00e9 avec p\u00e9ninsule pouvant \u00eatre positionn\u00e9e \u00e0 droite ou \u00e0 gauche, dossier inclinable des deux c\u00f4t\u00e9s pour la position lit, 2 compartiments de rangement sous les si\u00e8ges. Fabriqu\u00e9 en similicuir noir et microfibre grise.","breadcrumb":{"@id":"https:\/\/www.bagnoitalia.com\/fr\/produit\/canape-lit-d-39-angle-miriam-305x238-cm-en-eco-cuir-et-microfibre-avec-2-compartiments-de-rangement-peninsule-reversible.html#breadcrumb"},"inLanguage":"fr-FR","potentialAction":[{"@type":"ReadAction","target":["https:\/\/www.bagnoitalia.com\/fr\/produit\/canape-lit-d-39-angle-miriam-305x238-cm-en-eco-cuir-et-microfibre-avec-2-compartiments-de-rangement-peninsule-reversible.html"]}]},{"@type":"ImageObject","inLanguage":"fr-FR","@id":"https:\/\/www.bagnoitalia.com\/fr\/produit\/canape-lit-d-39-angle-miriam-305x238-cm-en-eco-cuir-et-microfibre-avec-2-compartiments-de-rangement-peninsule-reversible.html#primaryimage","url":"https:\/\/img.bagnoitalia.com\/wp-content\/uploads\/virtuemart\/product\/D1V-0909_1.jpg","contentUrl":"https:\/\/img.bagnoitalia.com\/wp-content\/uploads\/virtuemart\/product\/D1V-0909_1.jpg","width":550,"height":550},{"@type":"BreadcrumbList","@id":"https:\/\/www.bagnoitalia.com\/fr\/produit\/canape-lit-d-39-angle-miriam-305x238-cm-en-eco-cuir-et-microfibre-avec-2-compartiments-de-rangement-peninsule-reversible.html#breadcrumb","itemListElement":[{"@type":"ListItem","position":1,"name":"Home","item":"https:\/\/www.bagnoitalia.com\/fr"},{"@type":"ListItem","position":2,"name":"Produits","item":"https:\/\/www.bagnoitalia.com\/fr\/shop"},{"@type":"ListItem","position":3,"name":"Canap\u00e9-lit d&#8217;angle Miriam 305&#215;238 cm en \u00e9co-cuir et microfibre avec 2 compartiments de rangement p\u00e9ninsule r\u00e9versible"}]},{"@type":"WebSite","@id":"https:\/\/www.bagnoitalia.com\/fr#website","url":"https:\/\/www.bagnoitalia.com\/fr","name":"Bagno Italia","description":"","publisher":{"@id":"https:\/\/www.bagnoitalia.com\/fr#organization"},"potentialAction":[{"@type":"SearchAction","target":{"@type":"EntryPoint","urlTemplate":"https:\/\/www.bagnoitalia.com\/fr?s={search_term_string}"},"query-input":{"@type":"PropertyValueSpecification","valueRequired":true,"valueName":"search_term_string"}}],"inLanguage":"fr-FR"},{"@type":"Organization","@id":"https:\/\/www.bagnoitalia.com\/fr#organization","name":"Bagno Italia","url":"https:\/\/www.bagnoitalia.com\/fr","logo":{"@type":"ImageObject","inLanguage":"fr-FR","@id":"https:\/\/www.bagnoitalia.com\/fr#\/schema\/logo\/image\/","url":"https:\/\/img.bagnoitalia.com\/wp-content\/uploads\/logo-bagnoitalia.webp","contentUrl":"https:\/\/img.bagnoitalia.com\/wp-content\/uploads\/logo-bagnoitalia.webp","width":400,"height":70,"caption":"Bagno Italia"},"image":{"@id":"https:\/\/www.bagnoitalia.com\/fr#\/schema\/logo\/image\/"}}]}},"_links":{"self":[{"href":"https:\/\/www.bagnoitalia.com\/fr\/wp-json\/wp\/v2\/product\/81924","targetHints":{"allow":["GET"]}}],"collection":[{"href":"https:\/\/www.bagnoitalia.com\/fr\/wp-json\/wp\/v2\/product"}],"about":[{"href":"https:\/\/www.bagnoitalia.com\/fr\/wp-json\/wp\/v2\/types\/product"}],"replies":[{"embeddable":true,"href":"https:\/\/www.bagnoitalia.com\/fr\/wp-json\/wp\/v2\/comments?post=81924"}],"version-history":[{"count":0,"href":"https:\/\/www.bagnoitalia.com\/fr\/wp-json\/wp\/v2\/product\/81924\/revisions"}],"wp:featuredmedia":[{"embeddable":true,"href":"https:\/\/www.bagnoitalia.com\/fr\/wp-json\/wp\/v2\/media\/51260"}],"wp:attachment":[{"href":"https:\/\/www.bagnoitalia.com\/fr\/wp-json\/wp\/v2\/media?parent=81924"}],"wp:term":[{"taxonomy":"product_brand","embeddable":true,"href":"https:\/\/www.bagnoitalia.com\/fr\/wp-json\/wp\/v2\/product_brand?post=81924"},{"taxonomy":"product_cat","embeddable":true,"href":"https:\/\/www.bagnoitalia.com\/fr\/wp-json\/wp\/v2\/product_cat?post=81924"},{"taxonomy":"product_tag","embeddable":true,"href":"https:\/\/www.bagnoitalia.com\/fr\/wp-json\/wp\/v2\/product_tag?post=81924"}],"curies":[{"name":"wp","href":"https:\/\/api.w.org\/{rel}","templated":true}]}}