{"id":81916,"date":"2022-03-30T07:47:46","date_gmt":"2022-03-30T05:47:46","guid":{"rendered":"https:\/\/www.bagnoitalia.com\/product\/sanitaires-zenit-en-ceramique-noire-mate-bidet-et-wc-dos-au-mur-et-abattant-wc-a-fermeture-lente"},"modified":"2022-03-30T07:47:46","modified_gmt":"2022-03-30T05:47:46","slug":"sanitaires-zenit-en-ceramique-noire-mate-bidet-et-wc-dos-au-mur-et-abattant-wc-a-fermeture-lente","status":"publish","type":"product","link":"https:\/\/www.bagnoitalia.com\/fr\/produit\/sanitaires-zenit-en-ceramique-noire-mate-bidet-et-wc-dos-au-mur-et-abattant-wc-a-fermeture-lente.html","title":{"rendered":"Sanitaires Zenit en c\u00e9ramique noire mate, bidet et WC dos au mur et abattant WC \u00e0 fermeture lente"},"content":{"rendered":"<p><strong>SANITAIRE ACCROCH\u00c9 AU MUR MOD\u00c8LE NOIR MAT &quot;ZENIT&quot;<br \/><\/strong><\/p>\n<\/p>\n<p> <strong>Le prix ci-dessus comprend :<\/strong><\/p>\n<p> n.m. 1 WC \u00e0 encastrer 36,5&#215;56,5xH41 cm<\/p>\n<p> n.m. 1 bidet \u00e0 fleur de mur 36,5&#215;56,5xH41 cm<\/p>\n<p> n.m. 1 abattant WC &quot;soft-close&quot;<\/p>\n<\/p>\n<p> pose : au sol<\/p>\n<p> Vidange : au mur (ou au sol, \u00e0 travers la courbe technique incluse dans le prix)<\/p>\n<p> en c\u00e9ramique noire au fini mat<\/p>\n<p> fixations au sol incluses<\/p>\n<\/p>\n<p> NB : robinets et vidange non inclus dans le prix<\/p><\/p>\n","protected":false},"excerpt":{"rendered":"<p>Paire d&#39;appareils sanitaires modernes en c\u00e9ramique avec finition noire mate, \u00e0 fleur de la version au sol. Un si\u00e8ge de toilette \u00e0 fermeture en douceur est inclus dans le prix<\/p>\n","protected":false},"featured_media":51212,"comment_status":"open","ping_status":"closed","template":"","meta":[],"product_brand":[5004],"product_cat":[9695],"product_tag":[],"class_list":{"0":"post-81916","1":"product","2":"type-product","3":"status-publish","4":"has-post-thumbnail","6":"product_brand-vari-produttori","7":"product_cat-salle-de-bain-sanitaire","9":"first","10":"instock","11":"sale","12":"taxable","13":"shipping-taxable","14":"purchasable","15":"product-type-simple"},"exclude_global_add_ons":[],"addons":[],"yoast_head":"<!-- This site is optimized with the Yoast SEO plugin v26.7 - https:\/\/yoast.com\/wordpress\/plugins\/seo\/ -->\n<title>Sanitaires en c\u00e9ramique noire mate, bidet et WC \u00e0 fleur de mur et abattant WC \u00e0 fermeture lente<\/title>\n<meta name=\"description\" content=\"Paire d&#039;appareils sanitaires modernes en c\u00e9ramique avec finition noire mate, \u00e0 fleur de la version au sol. Un si\u00e8ge de toilette \u00e0 fermeture en douceur est inclus dans le prix\" \/>\n<meta name=\"robots\" content=\"index, follow, max-snippet:-1, max-image-preview:large, max-video-preview:-1\" \/>\n<link rel=\"canonical\" href=\"https:\/\/www.bagnoitalia.com\/fr\/produit\/sanitaires-zenit-en-ceramique-noire-mate-bidet-et-wc-dos-au-mur-et-abattant-wc-a-fermeture-lente.html\" \/>\n<meta property=\"og:locale\" content=\"fr_FR\" \/>\n<meta property=\"og:type\" content=\"article\" \/>\n<meta property=\"og:title\" content=\"Sanitaires en c\u00e9ramique noire mate, bidet et WC \u00e0 fleur de mur et abattant WC \u00e0 fermeture lente\" \/>\n<meta property=\"og:description\" content=\"Paire d&#039;appareils sanitaires modernes en c\u00e9ramique avec finition noire mate, \u00e0 fleur de la version au sol. Un si\u00e8ge de toilette \u00e0 fermeture en douceur est inclus dans le prix\" \/>\n<meta property=\"og:url\" content=\"https:\/\/www.bagnoitalia.com\/fr\/produit\/sanitaires-zenit-en-ceramique-noire-mate-bidet-et-wc-dos-au-mur-et-abattant-wc-a-fermeture-lente.html\" \/>\n<meta property=\"og:site_name\" content=\"Bagno Italia\" \/>\n<meta property=\"og:image\" content=\"https:\/\/img.bagnoitalia.com\/wp-content\/uploads\/virtuemart\/product\/san0004_1.jpg\" \/>\n\t<meta property=\"og:image:width\" content=\"550\" \/>\n\t<meta property=\"og:image:height\" content=\"550\" \/>\n\t<meta property=\"og:image:type\" content=\"image\/jpeg\" \/>\n<meta name=\"twitter:card\" content=\"summary_large_image\" \/>\n<script type=\"application\/ld+json\" class=\"yoast-schema-graph\">{\"@context\":\"https:\/\/schema.org\",\"@graph\":[{\"@type\":\"WebPage\",\"@id\":\"https:\/\/www.bagnoitalia.com\/fr\/produit\/sanitaires-zenit-en-ceramique-noire-mate-bidet-et-wc-dos-au-mur-et-abattant-wc-a-fermeture-lente.html\",\"url\":\"https:\/\/www.bagnoitalia.com\/fr\/produit\/sanitaires-zenit-en-ceramique-noire-mate-bidet-et-wc-dos-au-mur-et-abattant-wc-a-fermeture-lente.html\",\"name\":\"Sanitaires en c\u00e9ramique noire mate, bidet et WC \u00e0 fleur de mur et abattant WC \u00e0 fermeture lente\",\"isPartOf\":{\"@id\":\"https:\/\/www.bagnoitalia.com\/fr#website\"},\"primaryImageOfPage\":{\"@id\":\"https:\/\/www.bagnoitalia.com\/fr\/produit\/sanitaires-zenit-en-ceramique-noire-mate-bidet-et-wc-dos-au-mur-et-abattant-wc-a-fermeture-lente.html#primaryimage\"},\"image\":{\"@id\":\"https:\/\/www.bagnoitalia.com\/fr\/produit\/sanitaires-zenit-en-ceramique-noire-mate-bidet-et-wc-dos-au-mur-et-abattant-wc-a-fermeture-lente.html#primaryimage\"},\"thumbnailUrl\":\"https:\/\/img.bagnoitalia.com\/wp-content\/uploads\/virtuemart\/product\/san0004_1.jpg\",\"datePublished\":\"2022-03-30T05:47:46+00:00\",\"description\":\"Paire d&#39;appareils sanitaires modernes en c\u00e9ramique avec finition noire mate, \u00e0 fleur de la version au sol. Un si\u00e8ge de toilette \u00e0 fermeture en douceur est inclus dans le prix\",\"breadcrumb\":{\"@id\":\"https:\/\/www.bagnoitalia.com\/fr\/produit\/sanitaires-zenit-en-ceramique-noire-mate-bidet-et-wc-dos-au-mur-et-abattant-wc-a-fermeture-lente.html#breadcrumb\"},\"inLanguage\":\"fr-FR\",\"potentialAction\":[{\"@type\":\"ReadAction\",\"target\":[\"https:\/\/www.bagnoitalia.com\/fr\/produit\/sanitaires-zenit-en-ceramique-noire-mate-bidet-et-wc-dos-au-mur-et-abattant-wc-a-fermeture-lente.html\"]}]},{\"@type\":\"ImageObject\",\"inLanguage\":\"fr-FR\",\"@id\":\"https:\/\/www.bagnoitalia.com\/fr\/produit\/sanitaires-zenit-en-ceramique-noire-mate-bidet-et-wc-dos-au-mur-et-abattant-wc-a-fermeture-lente.html#primaryimage\",\"url\":\"https:\/\/img.bagnoitalia.com\/wp-content\/uploads\/virtuemart\/product\/san0004_1.jpg\",\"contentUrl\":\"https:\/\/img.bagnoitalia.com\/wp-content\/uploads\/virtuemart\/product\/san0004_1.jpg\",\"width\":550,\"height\":550},{\"@type\":\"BreadcrumbList\",\"@id\":\"https:\/\/www.bagnoitalia.com\/fr\/produit\/sanitaires-zenit-en-ceramique-noire-mate-bidet-et-wc-dos-au-mur-et-abattant-wc-a-fermeture-lente.html#breadcrumb\",\"itemListElement\":[{\"@type\":\"ListItem\",\"position\":1,\"name\":\"Home\",\"item\":\"https:\/\/www.bagnoitalia.com\/fr\"},{\"@type\":\"ListItem\",\"position\":2,\"name\":\"Produits\",\"item\":\"https:\/\/www.bagnoitalia.com\/fr\/shop\"},{\"@type\":\"ListItem\",\"position\":3,\"name\":\"Sanitaires Zenit en c\u00e9ramique noire mate, bidet et WC dos au mur et abattant WC \u00e0 fermeture lente\"}]},{\"@type\":\"WebSite\",\"@id\":\"https:\/\/www.bagnoitalia.com\/fr#website\",\"url\":\"https:\/\/www.bagnoitalia.com\/fr\",\"name\":\"Bagno Italia\",\"description\":\"\",\"publisher\":{\"@id\":\"https:\/\/www.bagnoitalia.com\/fr#organization\"},\"potentialAction\":[{\"@type\":\"SearchAction\",\"target\":{\"@type\":\"EntryPoint\",\"urlTemplate\":\"https:\/\/www.bagnoitalia.com\/fr?s={search_term_string}\"},\"query-input\":{\"@type\":\"PropertyValueSpecification\",\"valueRequired\":true,\"valueName\":\"search_term_string\"}}],\"inLanguage\":\"fr-FR\"},{\"@type\":\"Organization\",\"@id\":\"https:\/\/www.bagnoitalia.com\/fr#organization\",\"name\":\"Bagno Italia\",\"url\":\"https:\/\/www.bagnoitalia.com\/fr\",\"logo\":{\"@type\":\"ImageObject\",\"inLanguage\":\"fr-FR\",\"@id\":\"https:\/\/www.bagnoitalia.com\/fr#\/schema\/logo\/image\/\",\"url\":\"https:\/\/img.bagnoitalia.com\/wp-content\/uploads\/logo-bagnoitalia.webp\",\"contentUrl\":\"https:\/\/img.bagnoitalia.com\/wp-content\/uploads\/logo-bagnoitalia.webp\",\"width\":400,\"height\":70,\"caption\":\"Bagno Italia\"},\"image\":{\"@id\":\"https:\/\/www.bagnoitalia.com\/fr#\/schema\/logo\/image\/\"}}]}<\/script>\n<!-- \/ Yoast SEO plugin. -->","yoast_head_json":{"title":"Sanitaires en c\u00e9ramique noire mate, bidet et WC \u00e0 fleur de mur et abattant WC \u00e0 fermeture lente","description":"Paire d&#39;appareils sanitaires modernes en c\u00e9ramique avec finition noire mate, \u00e0 fleur de la version au sol. Un si\u00e8ge de toilette \u00e0 fermeture en douceur est inclus dans le prix","robots":{"index":"index","follow":"follow","max-snippet":"max-snippet:-1","max-image-preview":"max-image-preview:large","max-video-preview":"max-video-preview:-1"},"canonical":"https:\/\/www.bagnoitalia.com\/fr\/produit\/sanitaires-zenit-en-ceramique-noire-mate-bidet-et-wc-dos-au-mur-et-abattant-wc-a-fermeture-lente.html","og_locale":"fr_FR","og_type":"article","og_title":"Sanitaires en c\u00e9ramique noire mate, bidet et WC \u00e0 fleur de mur et abattant WC \u00e0 fermeture lente","og_description":"Paire d&#39;appareils sanitaires modernes en c\u00e9ramique avec finition noire mate, \u00e0 fleur de la version au sol. Un si\u00e8ge de toilette \u00e0 fermeture en douceur est inclus dans le prix","og_url":"https:\/\/www.bagnoitalia.com\/fr\/produit\/sanitaires-zenit-en-ceramique-noire-mate-bidet-et-wc-dos-au-mur-et-abattant-wc-a-fermeture-lente.html","og_site_name":"Bagno Italia","og_image":[{"width":550,"height":550,"url":"https:\/\/img.bagnoitalia.com\/wp-content\/uploads\/virtuemart\/product\/san0004_1.jpg","type":"image\/jpeg"}],"twitter_card":"summary_large_image","schema":{"@context":"https:\/\/schema.org","@graph":[{"@type":"WebPage","@id":"https:\/\/www.bagnoitalia.com\/fr\/produit\/sanitaires-zenit-en-ceramique-noire-mate-bidet-et-wc-dos-au-mur-et-abattant-wc-a-fermeture-lente.html","url":"https:\/\/www.bagnoitalia.com\/fr\/produit\/sanitaires-zenit-en-ceramique-noire-mate-bidet-et-wc-dos-au-mur-et-abattant-wc-a-fermeture-lente.html","name":"Sanitaires en c\u00e9ramique noire mate, bidet et WC \u00e0 fleur de mur et abattant WC \u00e0 fermeture lente","isPartOf":{"@id":"https:\/\/www.bagnoitalia.com\/fr#website"},"primaryImageOfPage":{"@id":"https:\/\/www.bagnoitalia.com\/fr\/produit\/sanitaires-zenit-en-ceramique-noire-mate-bidet-et-wc-dos-au-mur-et-abattant-wc-a-fermeture-lente.html#primaryimage"},"image":{"@id":"https:\/\/www.bagnoitalia.com\/fr\/produit\/sanitaires-zenit-en-ceramique-noire-mate-bidet-et-wc-dos-au-mur-et-abattant-wc-a-fermeture-lente.html#primaryimage"},"thumbnailUrl":"https:\/\/img.bagnoitalia.com\/wp-content\/uploads\/virtuemart\/product\/san0004_1.jpg","datePublished":"2022-03-30T05:47:46+00:00","description":"Paire d&#39;appareils sanitaires modernes en c\u00e9ramique avec finition noire mate, \u00e0 fleur de la version au sol. Un si\u00e8ge de toilette \u00e0 fermeture en douceur est inclus dans le prix","breadcrumb":{"@id":"https:\/\/www.bagnoitalia.com\/fr\/produit\/sanitaires-zenit-en-ceramique-noire-mate-bidet-et-wc-dos-au-mur-et-abattant-wc-a-fermeture-lente.html#breadcrumb"},"inLanguage":"fr-FR","potentialAction":[{"@type":"ReadAction","target":["https:\/\/www.bagnoitalia.com\/fr\/produit\/sanitaires-zenit-en-ceramique-noire-mate-bidet-et-wc-dos-au-mur-et-abattant-wc-a-fermeture-lente.html"]}]},{"@type":"ImageObject","inLanguage":"fr-FR","@id":"https:\/\/www.bagnoitalia.com\/fr\/produit\/sanitaires-zenit-en-ceramique-noire-mate-bidet-et-wc-dos-au-mur-et-abattant-wc-a-fermeture-lente.html#primaryimage","url":"https:\/\/img.bagnoitalia.com\/wp-content\/uploads\/virtuemart\/product\/san0004_1.jpg","contentUrl":"https:\/\/img.bagnoitalia.com\/wp-content\/uploads\/virtuemart\/product\/san0004_1.jpg","width":550,"height":550},{"@type":"BreadcrumbList","@id":"https:\/\/www.bagnoitalia.com\/fr\/produit\/sanitaires-zenit-en-ceramique-noire-mate-bidet-et-wc-dos-au-mur-et-abattant-wc-a-fermeture-lente.html#breadcrumb","itemListElement":[{"@type":"ListItem","position":1,"name":"Home","item":"https:\/\/www.bagnoitalia.com\/fr"},{"@type":"ListItem","position":2,"name":"Produits","item":"https:\/\/www.bagnoitalia.com\/fr\/shop"},{"@type":"ListItem","position":3,"name":"Sanitaires Zenit en c\u00e9ramique noire mate, bidet et WC dos au mur et abattant WC \u00e0 fermeture lente"}]},{"@type":"WebSite","@id":"https:\/\/www.bagnoitalia.com\/fr#website","url":"https:\/\/www.bagnoitalia.com\/fr","name":"Bagno Italia","description":"","publisher":{"@id":"https:\/\/www.bagnoitalia.com\/fr#organization"},"potentialAction":[{"@type":"SearchAction","target":{"@type":"EntryPoint","urlTemplate":"https:\/\/www.bagnoitalia.com\/fr?s={search_term_string}"},"query-input":{"@type":"PropertyValueSpecification","valueRequired":true,"valueName":"search_term_string"}}],"inLanguage":"fr-FR"},{"@type":"Organization","@id":"https:\/\/www.bagnoitalia.com\/fr#organization","name":"Bagno Italia","url":"https:\/\/www.bagnoitalia.com\/fr","logo":{"@type":"ImageObject","inLanguage":"fr-FR","@id":"https:\/\/www.bagnoitalia.com\/fr#\/schema\/logo\/image\/","url":"https:\/\/img.bagnoitalia.com\/wp-content\/uploads\/logo-bagnoitalia.webp","contentUrl":"https:\/\/img.bagnoitalia.com\/wp-content\/uploads\/logo-bagnoitalia.webp","width":400,"height":70,"caption":"Bagno Italia"},"image":{"@id":"https:\/\/www.bagnoitalia.com\/fr#\/schema\/logo\/image\/"}}]}},"_links":{"self":[{"href":"https:\/\/www.bagnoitalia.com\/fr\/wp-json\/wp\/v2\/product\/81916","targetHints":{"allow":["GET"]}}],"collection":[{"href":"https:\/\/www.bagnoitalia.com\/fr\/wp-json\/wp\/v2\/product"}],"about":[{"href":"https:\/\/www.bagnoitalia.com\/fr\/wp-json\/wp\/v2\/types\/product"}],"replies":[{"embeddable":true,"href":"https:\/\/www.bagnoitalia.com\/fr\/wp-json\/wp\/v2\/comments?post=81916"}],"version-history":[{"count":0,"href":"https:\/\/www.bagnoitalia.com\/fr\/wp-json\/wp\/v2\/product\/81916\/revisions"}],"wp:featuredmedia":[{"embeddable":true,"href":"https:\/\/www.bagnoitalia.com\/fr\/wp-json\/wp\/v2\/media\/51212"}],"wp:attachment":[{"href":"https:\/\/www.bagnoitalia.com\/fr\/wp-json\/wp\/v2\/media?parent=81916"}],"wp:term":[{"taxonomy":"product_brand","embeddable":true,"href":"https:\/\/www.bagnoitalia.com\/fr\/wp-json\/wp\/v2\/product_brand?post=81916"},{"taxonomy":"product_cat","embeddable":true,"href":"https:\/\/www.bagnoitalia.com\/fr\/wp-json\/wp\/v2\/product_cat?post=81916"},{"taxonomy":"product_tag","embeddable":true,"href":"https:\/\/www.bagnoitalia.com\/fr\/wp-json\/wp\/v2\/product_tag?post=81916"}],"curies":[{"name":"wp","href":"https:\/\/api.w.org\/{rel}","templated":true}]}}