{"id":81888,"date":"2022-03-30T07:47:46","date_gmt":"2022-03-30T05:47:46","guid":{"rendered":"https:\/\/www.bagnoitalia.com\/product\/baignoire-balneo-170x90-cm-avec-led-frontale-11-jets-et-verre-lateral-vs105"},"modified":"2022-03-30T07:47:46","modified_gmt":"2022-03-30T05:47:46","slug":"baignoire-balneo-170x90-cm-avec-led-frontale-11-jets-et-verre-lateral-vs105","status":"publish","type":"product","link":"https:\/\/www.bagnoitalia.com\/fr\/produit\/baignoire-balneo-170x90-cm-avec-led-frontale-11-jets-et-verre-lateral-vs105.html","title":{"rendered":"Baignoire baln\u00e9o 170&#215;90 cm avec led frontale 11 jets et verre lat\u00e9ral VS105"},"content":{"rendered":"<p><span style=\"font-size: 18pt;\"><strong>BAIGNOIRE TOURBILLON VS105<\/strong><\/span><\/p>\n<\/p>\n<p> Baignoire en acrylique sanitaire blanc de haute qualit\u00e9 et structure en acier dans les dimensions <strong>170x90x60h cm<\/strong><\/p>\n<p> 11 petits jets tourbillons<\/p>\n<p> Pompe \u00e0 remous 1,5 HP<\/p>\n<p> 7 projecteurs \u00e0 leds<\/p>\n<p> 1 appui-t\u00eate<\/p>\n<p> robinetterie avec douchette<\/p>\n<p> \u00e9cran de contr\u00f4le<\/p>\n<p> r\u00e9gulation de pression et syst\u00e8me de circulation d&#39;eau<\/p>\n<p> syst\u00e8me de sauvetage automatique<\/p>\n<p> Caisse et radio incluses<\/p>\n<p> changer<\/p>\n<p> Poids du r\u00e9servoir\u00a0: 100\u00a0kg<\/p>\n","protected":false},"excerpt":{"rendered":"<p>Baignoire avec 11 jets d&#39;hydromassage comprenant des robinets, 1 appui-t\u00eate, un haut-parleur et 7 petites lampes frontales<\/p>\n","protected":false},"featured_media":51020,"comment_status":"open","ping_status":"closed","template":"","meta":[],"product_brand":[9912],"product_cat":[9707,9743],"product_tag":[],"class_list":{"0":"post-81888","1":"product","2":"type-product","3":"status-publish","4":"has-post-thumbnail","6":"product_brand-simba-fr","7":"product_cat-baignoire-balneo","8":"product_cat-piscines-d-39-hydromassage","10":"first","11":"instock","12":"sale","13":"taxable","14":"shipping-taxable","15":"purchasable","16":"product-type-simple"},"exclude_global_add_ons":[],"addons":[],"yoast_head":"<!-- This site is optimized with the Yoast SEO plugin v26.7 - https:\/\/yoast.com\/wordpress\/plugins\/seo\/ -->\n<title>Baignoire baln\u00e9o 170x90 cm avec led frontale 11 jets et verre lat\u00e9ral VS105<\/title>\n<meta name=\"description\" content=\"Baignoire avec 11 jets d&#039;hydromassage comprenant des robinets, 1 appui-t\u00eate, un haut-parleur et 7 petites lampes frontales\" \/>\n<meta name=\"robots\" content=\"index, follow, max-snippet:-1, max-image-preview:large, max-video-preview:-1\" \/>\n<link rel=\"canonical\" href=\"https:\/\/www.bagnoitalia.com\/fr\/produit\/baignoire-balneo-170x90-cm-avec-led-frontale-11-jets-et-verre-lateral-vs105.html\" \/>\n<meta property=\"og:locale\" content=\"fr_FR\" \/>\n<meta property=\"og:type\" content=\"article\" \/>\n<meta property=\"og:title\" content=\"Baignoire baln\u00e9o 170x90 cm avec led frontale 11 jets et verre lat\u00e9ral VS105\" \/>\n<meta property=\"og:description\" content=\"Baignoire avec 11 jets d&#039;hydromassage comprenant des robinets, 1 appui-t\u00eate, un haut-parleur et 7 petites lampes frontales\" \/>\n<meta property=\"og:url\" content=\"https:\/\/www.bagnoitalia.com\/fr\/produit\/baignoire-balneo-170x90-cm-avec-led-frontale-11-jets-et-verre-lateral-vs105.html\" \/>\n<meta property=\"og:site_name\" content=\"Bagno Italia\" \/>\n<meta property=\"og:image\" content=\"https:\/\/img.bagnoitalia.com\/wp-content\/uploads\/virtuemart\/product\/V4S-0006_1.jpg\" \/>\n\t<meta property=\"og:image:width\" content=\"500\" \/>\n\t<meta property=\"og:image:height\" content=\"500\" \/>\n\t<meta property=\"og:image:type\" content=\"image\/jpeg\" \/>\n<meta name=\"twitter:card\" content=\"summary_large_image\" \/>\n<script type=\"application\/ld+json\" class=\"yoast-schema-graph\">{\"@context\":\"https:\/\/schema.org\",\"@graph\":[{\"@type\":\"WebPage\",\"@id\":\"https:\/\/www.bagnoitalia.com\/fr\/produit\/baignoire-balneo-170x90-cm-avec-led-frontale-11-jets-et-verre-lateral-vs105.html\",\"url\":\"https:\/\/www.bagnoitalia.com\/fr\/produit\/baignoire-balneo-170x90-cm-avec-led-frontale-11-jets-et-verre-lateral-vs105.html\",\"name\":\"Baignoire baln\u00e9o 170x90 cm avec led frontale 11 jets et verre lat\u00e9ral VS105\",\"isPartOf\":{\"@id\":\"https:\/\/www.bagnoitalia.com\/fr#website\"},\"primaryImageOfPage\":{\"@id\":\"https:\/\/www.bagnoitalia.com\/fr\/produit\/baignoire-balneo-170x90-cm-avec-led-frontale-11-jets-et-verre-lateral-vs105.html#primaryimage\"},\"image\":{\"@id\":\"https:\/\/www.bagnoitalia.com\/fr\/produit\/baignoire-balneo-170x90-cm-avec-led-frontale-11-jets-et-verre-lateral-vs105.html#primaryimage\"},\"thumbnailUrl\":\"https:\/\/img.bagnoitalia.com\/wp-content\/uploads\/virtuemart\/product\/V4S-0006_1.jpg\",\"datePublished\":\"2022-03-30T05:47:46+00:00\",\"description\":\"Baignoire avec 11 jets d&#39;hydromassage comprenant des robinets, 1 appui-t\u00eate, un haut-parleur et 7 petites lampes frontales\",\"breadcrumb\":{\"@id\":\"https:\/\/www.bagnoitalia.com\/fr\/produit\/baignoire-balneo-170x90-cm-avec-led-frontale-11-jets-et-verre-lateral-vs105.html#breadcrumb\"},\"inLanguage\":\"fr-FR\",\"potentialAction\":[{\"@type\":\"ReadAction\",\"target\":[\"https:\/\/www.bagnoitalia.com\/fr\/produit\/baignoire-balneo-170x90-cm-avec-led-frontale-11-jets-et-verre-lateral-vs105.html\"]}]},{\"@type\":\"ImageObject\",\"inLanguage\":\"fr-FR\",\"@id\":\"https:\/\/www.bagnoitalia.com\/fr\/produit\/baignoire-balneo-170x90-cm-avec-led-frontale-11-jets-et-verre-lateral-vs105.html#primaryimage\",\"url\":\"https:\/\/img.bagnoitalia.com\/wp-content\/uploads\/virtuemart\/product\/V4S-0006_1.jpg\",\"contentUrl\":\"https:\/\/img.bagnoitalia.com\/wp-content\/uploads\/virtuemart\/product\/V4S-0006_1.jpg\",\"width\":500,\"height\":500},{\"@type\":\"BreadcrumbList\",\"@id\":\"https:\/\/www.bagnoitalia.com\/fr\/produit\/baignoire-balneo-170x90-cm-avec-led-frontale-11-jets-et-verre-lateral-vs105.html#breadcrumb\",\"itemListElement\":[{\"@type\":\"ListItem\",\"position\":1,\"name\":\"Home\",\"item\":\"https:\/\/www.bagnoitalia.com\/fr\"},{\"@type\":\"ListItem\",\"position\":2,\"name\":\"Produits\",\"item\":\"https:\/\/www.bagnoitalia.com\/fr\/shop\"},{\"@type\":\"ListItem\",\"position\":3,\"name\":\"Baignoire baln\u00e9o 170&#215;90 cm avec led frontale 11 jets et verre lat\u00e9ral VS105\"}]},{\"@type\":\"WebSite\",\"@id\":\"https:\/\/www.bagnoitalia.com\/fr#website\",\"url\":\"https:\/\/www.bagnoitalia.com\/fr\",\"name\":\"Bagno Italia\",\"description\":\"\",\"publisher\":{\"@id\":\"https:\/\/www.bagnoitalia.com\/fr#organization\"},\"potentialAction\":[{\"@type\":\"SearchAction\",\"target\":{\"@type\":\"EntryPoint\",\"urlTemplate\":\"https:\/\/www.bagnoitalia.com\/fr?s={search_term_string}\"},\"query-input\":{\"@type\":\"PropertyValueSpecification\",\"valueRequired\":true,\"valueName\":\"search_term_string\"}}],\"inLanguage\":\"fr-FR\"},{\"@type\":\"Organization\",\"@id\":\"https:\/\/www.bagnoitalia.com\/fr#organization\",\"name\":\"Bagno Italia\",\"url\":\"https:\/\/www.bagnoitalia.com\/fr\",\"logo\":{\"@type\":\"ImageObject\",\"inLanguage\":\"fr-FR\",\"@id\":\"https:\/\/www.bagnoitalia.com\/fr#\/schema\/logo\/image\/\",\"url\":\"https:\/\/img.bagnoitalia.com\/wp-content\/uploads\/logo-bagnoitalia.webp\",\"contentUrl\":\"https:\/\/img.bagnoitalia.com\/wp-content\/uploads\/logo-bagnoitalia.webp\",\"width\":400,\"height\":70,\"caption\":\"Bagno Italia\"},\"image\":{\"@id\":\"https:\/\/www.bagnoitalia.com\/fr#\/schema\/logo\/image\/\"}}]}<\/script>\n<!-- \/ Yoast SEO plugin. -->","yoast_head_json":{"title":"Baignoire baln\u00e9o 170x90 cm avec led frontale 11 jets et verre lat\u00e9ral VS105","description":"Baignoire avec 11 jets d&#39;hydromassage comprenant des robinets, 1 appui-t\u00eate, un haut-parleur et 7 petites lampes frontales","robots":{"index":"index","follow":"follow","max-snippet":"max-snippet:-1","max-image-preview":"max-image-preview:large","max-video-preview":"max-video-preview:-1"},"canonical":"https:\/\/www.bagnoitalia.com\/fr\/produit\/baignoire-balneo-170x90-cm-avec-led-frontale-11-jets-et-verre-lateral-vs105.html","og_locale":"fr_FR","og_type":"article","og_title":"Baignoire baln\u00e9o 170x90 cm avec led frontale 11 jets et verre lat\u00e9ral VS105","og_description":"Baignoire avec 11 jets d&#39;hydromassage comprenant des robinets, 1 appui-t\u00eate, un haut-parleur et 7 petites lampes frontales","og_url":"https:\/\/www.bagnoitalia.com\/fr\/produit\/baignoire-balneo-170x90-cm-avec-led-frontale-11-jets-et-verre-lateral-vs105.html","og_site_name":"Bagno Italia","og_image":[{"width":500,"height":500,"url":"https:\/\/img.bagnoitalia.com\/wp-content\/uploads\/virtuemart\/product\/V4S-0006_1.jpg","type":"image\/jpeg"}],"twitter_card":"summary_large_image","schema":{"@context":"https:\/\/schema.org","@graph":[{"@type":"WebPage","@id":"https:\/\/www.bagnoitalia.com\/fr\/produit\/baignoire-balneo-170x90-cm-avec-led-frontale-11-jets-et-verre-lateral-vs105.html","url":"https:\/\/www.bagnoitalia.com\/fr\/produit\/baignoire-balneo-170x90-cm-avec-led-frontale-11-jets-et-verre-lateral-vs105.html","name":"Baignoire baln\u00e9o 170x90 cm avec led frontale 11 jets et verre lat\u00e9ral VS105","isPartOf":{"@id":"https:\/\/www.bagnoitalia.com\/fr#website"},"primaryImageOfPage":{"@id":"https:\/\/www.bagnoitalia.com\/fr\/produit\/baignoire-balneo-170x90-cm-avec-led-frontale-11-jets-et-verre-lateral-vs105.html#primaryimage"},"image":{"@id":"https:\/\/www.bagnoitalia.com\/fr\/produit\/baignoire-balneo-170x90-cm-avec-led-frontale-11-jets-et-verre-lateral-vs105.html#primaryimage"},"thumbnailUrl":"https:\/\/img.bagnoitalia.com\/wp-content\/uploads\/virtuemart\/product\/V4S-0006_1.jpg","datePublished":"2022-03-30T05:47:46+00:00","description":"Baignoire avec 11 jets d&#39;hydromassage comprenant des robinets, 1 appui-t\u00eate, un haut-parleur et 7 petites lampes frontales","breadcrumb":{"@id":"https:\/\/www.bagnoitalia.com\/fr\/produit\/baignoire-balneo-170x90-cm-avec-led-frontale-11-jets-et-verre-lateral-vs105.html#breadcrumb"},"inLanguage":"fr-FR","potentialAction":[{"@type":"ReadAction","target":["https:\/\/www.bagnoitalia.com\/fr\/produit\/baignoire-balneo-170x90-cm-avec-led-frontale-11-jets-et-verre-lateral-vs105.html"]}]},{"@type":"ImageObject","inLanguage":"fr-FR","@id":"https:\/\/www.bagnoitalia.com\/fr\/produit\/baignoire-balneo-170x90-cm-avec-led-frontale-11-jets-et-verre-lateral-vs105.html#primaryimage","url":"https:\/\/img.bagnoitalia.com\/wp-content\/uploads\/virtuemart\/product\/V4S-0006_1.jpg","contentUrl":"https:\/\/img.bagnoitalia.com\/wp-content\/uploads\/virtuemart\/product\/V4S-0006_1.jpg","width":500,"height":500},{"@type":"BreadcrumbList","@id":"https:\/\/www.bagnoitalia.com\/fr\/produit\/baignoire-balneo-170x90-cm-avec-led-frontale-11-jets-et-verre-lateral-vs105.html#breadcrumb","itemListElement":[{"@type":"ListItem","position":1,"name":"Home","item":"https:\/\/www.bagnoitalia.com\/fr"},{"@type":"ListItem","position":2,"name":"Produits","item":"https:\/\/www.bagnoitalia.com\/fr\/shop"},{"@type":"ListItem","position":3,"name":"Baignoire baln\u00e9o 170&#215;90 cm avec led frontale 11 jets et verre lat\u00e9ral VS105"}]},{"@type":"WebSite","@id":"https:\/\/www.bagnoitalia.com\/fr#website","url":"https:\/\/www.bagnoitalia.com\/fr","name":"Bagno Italia","description":"","publisher":{"@id":"https:\/\/www.bagnoitalia.com\/fr#organization"},"potentialAction":[{"@type":"SearchAction","target":{"@type":"EntryPoint","urlTemplate":"https:\/\/www.bagnoitalia.com\/fr?s={search_term_string}"},"query-input":{"@type":"PropertyValueSpecification","valueRequired":true,"valueName":"search_term_string"}}],"inLanguage":"fr-FR"},{"@type":"Organization","@id":"https:\/\/www.bagnoitalia.com\/fr#organization","name":"Bagno Italia","url":"https:\/\/www.bagnoitalia.com\/fr","logo":{"@type":"ImageObject","inLanguage":"fr-FR","@id":"https:\/\/www.bagnoitalia.com\/fr#\/schema\/logo\/image\/","url":"https:\/\/img.bagnoitalia.com\/wp-content\/uploads\/logo-bagnoitalia.webp","contentUrl":"https:\/\/img.bagnoitalia.com\/wp-content\/uploads\/logo-bagnoitalia.webp","width":400,"height":70,"caption":"Bagno Italia"},"image":{"@id":"https:\/\/www.bagnoitalia.com\/fr#\/schema\/logo\/image\/"}}]}},"_links":{"self":[{"href":"https:\/\/www.bagnoitalia.com\/fr\/wp-json\/wp\/v2\/product\/81888","targetHints":{"allow":["GET"]}}],"collection":[{"href":"https:\/\/www.bagnoitalia.com\/fr\/wp-json\/wp\/v2\/product"}],"about":[{"href":"https:\/\/www.bagnoitalia.com\/fr\/wp-json\/wp\/v2\/types\/product"}],"replies":[{"embeddable":true,"href":"https:\/\/www.bagnoitalia.com\/fr\/wp-json\/wp\/v2\/comments?post=81888"}],"version-history":[{"count":0,"href":"https:\/\/www.bagnoitalia.com\/fr\/wp-json\/wp\/v2\/product\/81888\/revisions"}],"wp:featuredmedia":[{"embeddable":true,"href":"https:\/\/www.bagnoitalia.com\/fr\/wp-json\/wp\/v2\/media\/51020"}],"wp:attachment":[{"href":"https:\/\/www.bagnoitalia.com\/fr\/wp-json\/wp\/v2\/media?parent=81888"}],"wp:term":[{"taxonomy":"product_brand","embeddable":true,"href":"https:\/\/www.bagnoitalia.com\/fr\/wp-json\/wp\/v2\/product_brand?post=81888"},{"taxonomy":"product_cat","embeddable":true,"href":"https:\/\/www.bagnoitalia.com\/fr\/wp-json\/wp\/v2\/product_cat?post=81888"},{"taxonomy":"product_tag","embeddable":true,"href":"https:\/\/www.bagnoitalia.com\/fr\/wp-json\/wp\/v2\/product_tag?post=81888"}],"curies":[{"name":"wp","href":"https:\/\/api.w.org\/{rel}","templated":true}]}}