{"id":81840,"date":"2022-03-30T07:47:46","date_gmt":"2022-03-30T05:47:46","guid":{"rendered":"https:\/\/www.bagnoitalia.com\/product\/baignoire-balneo-94x80xh100-cm-avec-porte-a-ouverture-frontale-vs104"},"modified":"2022-03-30T07:47:46","modified_gmt":"2022-03-30T05:47:46","slug":"baignoire-balneo-94x80xh100-cm-avec-porte-a-ouverture-frontale-vs104","status":"publish","type":"product","link":"https:\/\/www.bagnoitalia.com\/fr\/produit\/baignoire-balneo-94x80xh100-cm-avec-porte-a-ouverture-frontale-vs104.html","title":{"rendered":"Baignoire baln\u00e9o 94x80xh100 cm avec porte \u00e0 ouverture frontale VS104"},"content":{"rendered":"<p><span style=\"text-decoration: underline; color: #ff0000;\"><strong><span style=\"font-size: 14pt;\">BAIGNOIRE VS104<\/span><\/strong><\/span><\/p>\n<p> La baignoire VS104 allie la commodit\u00e9 d&#39;une baignoire (facilement utilis\u00e9e par les personnes \u00e2g\u00e9es et les personnes handicap\u00e9es) au plaisir de l&#39;hydromassage.<\/p>\n<\/p>\n<p> <span style=\"text-decoration: underline;\"><strong>Caract\u00e9ristiques:<br style=\"clear: left;\" \/><\/strong><\/span><\/p>\n<p> mesure 94 x 80 x h100 cm<\/p>\n<p> Largeur porte 60cm<\/p>\n<p> acrylique sanitaire blanc de haute qualit\u00e9<\/p>\n<p> Porte avec ouverture vers l&#39;ext\u00e9rieur<\/p>\n<p> Si\u00e8ge sur\u00e9lev\u00e9<\/p>\n<p> Facile \u00e0 nettoyer<\/p>\n<p> n 4 grands jets tourbillons<\/p>\n<p> n 3 petits jets tourbillons<\/p>\n<p> sauvetage automatique<\/p>\n<p> n 1 robinet cascade<\/p>\n<p> n 1 grande lumi\u00e8re led<\/p>\n<p> Robinets inclus<\/p>\n<p> Poids : 60 KG<\/p>\n<\/p>\n<\/p><\/p>\n","protected":false},"excerpt":{"rendered":"<p>Baignoire avec porte d&#39;entr\u00e9e adapt\u00e9e aux personnes \u00e2g\u00e9es et aux personnes handicap\u00e9es.Robinets inclus<\/p>\n","protected":false},"featured_media":50660,"comment_status":"open","ping_status":"closed","template":"","meta":[],"product_brand":[5017],"product_cat":[15,9964],"product_tag":[],"class_list":{"0":"post-81840","1":"product","2":"type-product","3":"status-publish","4":"has-post-thumbnail","6":"product_brand-simba","7":"product_cat-senza-categoria","8":"product_cat-tubs-whith-door-fr","10":"first","11":"instock","12":"sale","13":"taxable","14":"shipping-taxable","15":"purchasable","16":"product-type-simple"},"exclude_global_add_ons":[],"addons":[],"yoast_head":"<!-- This site is optimized with the Yoast SEO plugin v26.7 - https:\/\/yoast.com\/wordpress\/plugins\/seo\/ -->\n<title>Baignoire 94x80xh100 cm avec porte \u00e0 ouverture frontale VS104<\/title>\n<meta name=\"description\" content=\"Baignoire avec porte d&#039;entr\u00e9e adapt\u00e9e aux personnes \u00e2g\u00e9es et aux personnes handicap\u00e9es.Robinets inclus\" \/>\n<meta name=\"robots\" content=\"index, follow, max-snippet:-1, max-image-preview:large, max-video-preview:-1\" \/>\n<link rel=\"canonical\" href=\"https:\/\/www.bagnoitalia.com\/fr\/produit\/baignoire-balneo-94x80xh100-cm-avec-porte-a-ouverture-frontale-vs104.html\" \/>\n<meta property=\"og:locale\" content=\"fr_FR\" \/>\n<meta property=\"og:type\" content=\"article\" \/>\n<meta property=\"og:title\" content=\"Baignoire 94x80xh100 cm avec porte \u00e0 ouverture frontale VS104\" \/>\n<meta property=\"og:description\" content=\"Baignoire avec porte d&#039;entr\u00e9e adapt\u00e9e aux personnes \u00e2g\u00e9es et aux personnes handicap\u00e9es.Robinets inclus\" \/>\n<meta property=\"og:url\" content=\"https:\/\/www.bagnoitalia.com\/fr\/produit\/baignoire-balneo-94x80xh100-cm-avec-porte-a-ouverture-frontale-vs104.html\" \/>\n<meta property=\"og:site_name\" content=\"Bagno Italia\" \/>\n<meta property=\"og:image\" content=\"https:\/\/img.bagnoitalia.com\/wp-content\/uploads\/virtuemart\/product\/V4S-0005_1.jpg\" \/>\n\t<meta property=\"og:image:width\" content=\"1400\" \/>\n\t<meta property=\"og:image:height\" content=\"1400\" \/>\n\t<meta property=\"og:image:type\" content=\"image\/jpeg\" \/>\n<meta name=\"twitter:card\" content=\"summary_large_image\" \/>\n<script type=\"application\/ld+json\" class=\"yoast-schema-graph\">{\"@context\":\"https:\/\/schema.org\",\"@graph\":[{\"@type\":\"WebPage\",\"@id\":\"https:\/\/www.bagnoitalia.com\/fr\/produit\/baignoire-balneo-94x80xh100-cm-avec-porte-a-ouverture-frontale-vs104.html\",\"url\":\"https:\/\/www.bagnoitalia.com\/fr\/produit\/baignoire-balneo-94x80xh100-cm-avec-porte-a-ouverture-frontale-vs104.html\",\"name\":\"Baignoire 94x80xh100 cm avec porte \u00e0 ouverture frontale VS104\",\"isPartOf\":{\"@id\":\"https:\/\/www.bagnoitalia.com\/fr#website\"},\"primaryImageOfPage\":{\"@id\":\"https:\/\/www.bagnoitalia.com\/fr\/produit\/baignoire-balneo-94x80xh100-cm-avec-porte-a-ouverture-frontale-vs104.html#primaryimage\"},\"image\":{\"@id\":\"https:\/\/www.bagnoitalia.com\/fr\/produit\/baignoire-balneo-94x80xh100-cm-avec-porte-a-ouverture-frontale-vs104.html#primaryimage\"},\"thumbnailUrl\":\"https:\/\/img.bagnoitalia.com\/wp-content\/uploads\/virtuemart\/product\/V4S-0005_1.jpg\",\"datePublished\":\"2022-03-30T05:47:46+00:00\",\"description\":\"Baignoire avec porte d&#39;entr\u00e9e adapt\u00e9e aux personnes \u00e2g\u00e9es et aux personnes handicap\u00e9es.Robinets inclus\",\"breadcrumb\":{\"@id\":\"https:\/\/www.bagnoitalia.com\/fr\/produit\/baignoire-balneo-94x80xh100-cm-avec-porte-a-ouverture-frontale-vs104.html#breadcrumb\"},\"inLanguage\":\"fr-FR\",\"potentialAction\":[{\"@type\":\"ReadAction\",\"target\":[\"https:\/\/www.bagnoitalia.com\/fr\/produit\/baignoire-balneo-94x80xh100-cm-avec-porte-a-ouverture-frontale-vs104.html\"]}]},{\"@type\":\"ImageObject\",\"inLanguage\":\"fr-FR\",\"@id\":\"https:\/\/www.bagnoitalia.com\/fr\/produit\/baignoire-balneo-94x80xh100-cm-avec-porte-a-ouverture-frontale-vs104.html#primaryimage\",\"url\":\"https:\/\/img.bagnoitalia.com\/wp-content\/uploads\/virtuemart\/product\/V4S-0005_1.jpg\",\"contentUrl\":\"https:\/\/img.bagnoitalia.com\/wp-content\/uploads\/virtuemart\/product\/V4S-0005_1.jpg\",\"width\":1400,\"height\":1400},{\"@type\":\"BreadcrumbList\",\"@id\":\"https:\/\/www.bagnoitalia.com\/fr\/produit\/baignoire-balneo-94x80xh100-cm-avec-porte-a-ouverture-frontale-vs104.html#breadcrumb\",\"itemListElement\":[{\"@type\":\"ListItem\",\"position\":1,\"name\":\"Home\",\"item\":\"https:\/\/www.bagnoitalia.com\/fr\"},{\"@type\":\"ListItem\",\"position\":2,\"name\":\"Produits\",\"item\":\"https:\/\/www.bagnoitalia.com\/fr\/shop\"},{\"@type\":\"ListItem\",\"position\":3,\"name\":\"Baignoire baln\u00e9o 94x80xh100 cm avec porte \u00e0 ouverture frontale VS104\"}]},{\"@type\":\"WebSite\",\"@id\":\"https:\/\/www.bagnoitalia.com\/fr#website\",\"url\":\"https:\/\/www.bagnoitalia.com\/fr\",\"name\":\"Bagno Italia\",\"description\":\"\",\"publisher\":{\"@id\":\"https:\/\/www.bagnoitalia.com\/fr#organization\"},\"potentialAction\":[{\"@type\":\"SearchAction\",\"target\":{\"@type\":\"EntryPoint\",\"urlTemplate\":\"https:\/\/www.bagnoitalia.com\/fr?s={search_term_string}\"},\"query-input\":{\"@type\":\"PropertyValueSpecification\",\"valueRequired\":true,\"valueName\":\"search_term_string\"}}],\"inLanguage\":\"fr-FR\"},{\"@type\":\"Organization\",\"@id\":\"https:\/\/www.bagnoitalia.com\/fr#organization\",\"name\":\"Bagno Italia\",\"url\":\"https:\/\/www.bagnoitalia.com\/fr\",\"logo\":{\"@type\":\"ImageObject\",\"inLanguage\":\"fr-FR\",\"@id\":\"https:\/\/www.bagnoitalia.com\/fr#\/schema\/logo\/image\/\",\"url\":\"https:\/\/img.bagnoitalia.com\/wp-content\/uploads\/logo-bagnoitalia.webp\",\"contentUrl\":\"https:\/\/img.bagnoitalia.com\/wp-content\/uploads\/logo-bagnoitalia.webp\",\"width\":400,\"height\":70,\"caption\":\"Bagno Italia\"},\"image\":{\"@id\":\"https:\/\/www.bagnoitalia.com\/fr#\/schema\/logo\/image\/\"}}]}<\/script>\n<!-- \/ Yoast SEO plugin. -->","yoast_head_json":{"title":"Baignoire 94x80xh100 cm avec porte \u00e0 ouverture frontale VS104","description":"Baignoire avec porte d&#39;entr\u00e9e adapt\u00e9e aux personnes \u00e2g\u00e9es et aux personnes handicap\u00e9es.Robinets inclus","robots":{"index":"index","follow":"follow","max-snippet":"max-snippet:-1","max-image-preview":"max-image-preview:large","max-video-preview":"max-video-preview:-1"},"canonical":"https:\/\/www.bagnoitalia.com\/fr\/produit\/baignoire-balneo-94x80xh100-cm-avec-porte-a-ouverture-frontale-vs104.html","og_locale":"fr_FR","og_type":"article","og_title":"Baignoire 94x80xh100 cm avec porte \u00e0 ouverture frontale VS104","og_description":"Baignoire avec porte d&#39;entr\u00e9e adapt\u00e9e aux personnes \u00e2g\u00e9es et aux personnes handicap\u00e9es.Robinets inclus","og_url":"https:\/\/www.bagnoitalia.com\/fr\/produit\/baignoire-balneo-94x80xh100-cm-avec-porte-a-ouverture-frontale-vs104.html","og_site_name":"Bagno Italia","og_image":[{"width":1400,"height":1400,"url":"https:\/\/img.bagnoitalia.com\/wp-content\/uploads\/virtuemart\/product\/V4S-0005_1.jpg","type":"image\/jpeg"}],"twitter_card":"summary_large_image","schema":{"@context":"https:\/\/schema.org","@graph":[{"@type":"WebPage","@id":"https:\/\/www.bagnoitalia.com\/fr\/produit\/baignoire-balneo-94x80xh100-cm-avec-porte-a-ouverture-frontale-vs104.html","url":"https:\/\/www.bagnoitalia.com\/fr\/produit\/baignoire-balneo-94x80xh100-cm-avec-porte-a-ouverture-frontale-vs104.html","name":"Baignoire 94x80xh100 cm avec porte \u00e0 ouverture frontale VS104","isPartOf":{"@id":"https:\/\/www.bagnoitalia.com\/fr#website"},"primaryImageOfPage":{"@id":"https:\/\/www.bagnoitalia.com\/fr\/produit\/baignoire-balneo-94x80xh100-cm-avec-porte-a-ouverture-frontale-vs104.html#primaryimage"},"image":{"@id":"https:\/\/www.bagnoitalia.com\/fr\/produit\/baignoire-balneo-94x80xh100-cm-avec-porte-a-ouverture-frontale-vs104.html#primaryimage"},"thumbnailUrl":"https:\/\/img.bagnoitalia.com\/wp-content\/uploads\/virtuemart\/product\/V4S-0005_1.jpg","datePublished":"2022-03-30T05:47:46+00:00","description":"Baignoire avec porte d&#39;entr\u00e9e adapt\u00e9e aux personnes \u00e2g\u00e9es et aux personnes handicap\u00e9es.Robinets inclus","breadcrumb":{"@id":"https:\/\/www.bagnoitalia.com\/fr\/produit\/baignoire-balneo-94x80xh100-cm-avec-porte-a-ouverture-frontale-vs104.html#breadcrumb"},"inLanguage":"fr-FR","potentialAction":[{"@type":"ReadAction","target":["https:\/\/www.bagnoitalia.com\/fr\/produit\/baignoire-balneo-94x80xh100-cm-avec-porte-a-ouverture-frontale-vs104.html"]}]},{"@type":"ImageObject","inLanguage":"fr-FR","@id":"https:\/\/www.bagnoitalia.com\/fr\/produit\/baignoire-balneo-94x80xh100-cm-avec-porte-a-ouverture-frontale-vs104.html#primaryimage","url":"https:\/\/img.bagnoitalia.com\/wp-content\/uploads\/virtuemart\/product\/V4S-0005_1.jpg","contentUrl":"https:\/\/img.bagnoitalia.com\/wp-content\/uploads\/virtuemart\/product\/V4S-0005_1.jpg","width":1400,"height":1400},{"@type":"BreadcrumbList","@id":"https:\/\/www.bagnoitalia.com\/fr\/produit\/baignoire-balneo-94x80xh100-cm-avec-porte-a-ouverture-frontale-vs104.html#breadcrumb","itemListElement":[{"@type":"ListItem","position":1,"name":"Home","item":"https:\/\/www.bagnoitalia.com\/fr"},{"@type":"ListItem","position":2,"name":"Produits","item":"https:\/\/www.bagnoitalia.com\/fr\/shop"},{"@type":"ListItem","position":3,"name":"Baignoire baln\u00e9o 94x80xh100 cm avec porte \u00e0 ouverture frontale VS104"}]},{"@type":"WebSite","@id":"https:\/\/www.bagnoitalia.com\/fr#website","url":"https:\/\/www.bagnoitalia.com\/fr","name":"Bagno Italia","description":"","publisher":{"@id":"https:\/\/www.bagnoitalia.com\/fr#organization"},"potentialAction":[{"@type":"SearchAction","target":{"@type":"EntryPoint","urlTemplate":"https:\/\/www.bagnoitalia.com\/fr?s={search_term_string}"},"query-input":{"@type":"PropertyValueSpecification","valueRequired":true,"valueName":"search_term_string"}}],"inLanguage":"fr-FR"},{"@type":"Organization","@id":"https:\/\/www.bagnoitalia.com\/fr#organization","name":"Bagno Italia","url":"https:\/\/www.bagnoitalia.com\/fr","logo":{"@type":"ImageObject","inLanguage":"fr-FR","@id":"https:\/\/www.bagnoitalia.com\/fr#\/schema\/logo\/image\/","url":"https:\/\/img.bagnoitalia.com\/wp-content\/uploads\/logo-bagnoitalia.webp","contentUrl":"https:\/\/img.bagnoitalia.com\/wp-content\/uploads\/logo-bagnoitalia.webp","width":400,"height":70,"caption":"Bagno Italia"},"image":{"@id":"https:\/\/www.bagnoitalia.com\/fr#\/schema\/logo\/image\/"}}]}},"_links":{"self":[{"href":"https:\/\/www.bagnoitalia.com\/fr\/wp-json\/wp\/v2\/product\/81840","targetHints":{"allow":["GET"]}}],"collection":[{"href":"https:\/\/www.bagnoitalia.com\/fr\/wp-json\/wp\/v2\/product"}],"about":[{"href":"https:\/\/www.bagnoitalia.com\/fr\/wp-json\/wp\/v2\/types\/product"}],"replies":[{"embeddable":true,"href":"https:\/\/www.bagnoitalia.com\/fr\/wp-json\/wp\/v2\/comments?post=81840"}],"version-history":[{"count":0,"href":"https:\/\/www.bagnoitalia.com\/fr\/wp-json\/wp\/v2\/product\/81840\/revisions"}],"wp:featuredmedia":[{"embeddable":true,"href":"https:\/\/www.bagnoitalia.com\/fr\/wp-json\/wp\/v2\/media\/50660"}],"wp:attachment":[{"href":"https:\/\/www.bagnoitalia.com\/fr\/wp-json\/wp\/v2\/media?parent=81840"}],"wp:term":[{"taxonomy":"product_brand","embeddable":true,"href":"https:\/\/www.bagnoitalia.com\/fr\/wp-json\/wp\/v2\/product_brand?post=81840"},{"taxonomy":"product_cat","embeddable":true,"href":"https:\/\/www.bagnoitalia.com\/fr\/wp-json\/wp\/v2\/product_cat?post=81840"},{"taxonomy":"product_tag","embeddable":true,"href":"https:\/\/www.bagnoitalia.com\/fr\/wp-json\/wp\/v2\/product_tag?post=81840"}],"curies":[{"name":"wp","href":"https:\/\/api.w.org\/{rel}","templated":true}]}}