{"id":81828,"date":"2022-03-30T07:47:46","date_gmt":"2022-03-30T05:47:46","guid":{"rendered":"https:\/\/www.bagnoitalia.com\/product\/sauna-infrarouge-90x90-ou-100x90-a-economie-d-39-energie-et-4-radiateurs-carbone-sn040"},"modified":"2022-03-30T07:47:46","modified_gmt":"2022-03-30T05:47:46","slug":"sauna-infrarouge-90x90-ou-100x90-a-economie-d-39-energie-et-4-radiateurs-carbone-sn040","status":"publish","type":"product","link":"https:\/\/www.bagnoitalia.com\/fr\/produit\/sauna-infrarouge-90x90-ou-100x90-a-economie-d-39-energie-et-4-radiateurs-carbone-sn040.html","title":{"rendered":"Sauna infrarouge 90&#215;90 ou 100&#215;90 \u00e0 \u00e9conomie d&#39;\u00e9nergie et 4 radiateurs carbone SN040"},"content":{"rendered":"<p><span style=\"text-decoration: underline; color: #ff0000;\"><span style=\"text-decoration: underline;\"><strong><span style=\"font-size: 14pt;\">Sauna infrarouge mod\u00e8le SN040<\/span><\/strong><\/span><\/span><\/p>\n<\/p>\n<p> <span style=\"text-decoration: underline; font-size: 12pt;\"><strong>D\u00c9TAILS DU PRODUIT:<\/strong><\/span><\/p>\n<p> tailles disponibles : 90x90xH188 et 100x90xH188 cm<\/p>\n<\/p>\n<p> Puissance 1720 watts<\/p>\n<p> 4 radiateurs carbone<\/p>\n<p> porte en verre de 5 mm<\/p>\n<p> lecteur mp3 avec connexion jack<\/p>\n<p> panneau de commande interne et externe<\/p>\n<p> haut-parleurs<\/p>\n<p> poids : 110KG<\/p>\n<p> Bois : Pruche du Canada<\/p>\n","protected":false},"excerpt":{"rendered":"<p>Sauna infrarouge disponible en deux versions : 90x90xH188 et 100x90xH188 cm Panneau de commande interne et externe, haut-parleurs int\u00e9gr\u00e9s et prise d&#39;air<\/p>\n","protected":false},"featured_media":50512,"comment_status":"open","ping_status":"closed","template":"","meta":[],"product_brand":[9951],"product_cat":[15],"product_tag":[],"class_list":{"0":"post-81828","1":"product","2":"type-product","3":"status-publish","4":"has-post-thumbnail","6":"product_brand-importforme-fr","7":"product_cat-senza-categoria","9":"first","10":"outofstock","11":"taxable","12":"shipping-taxable","13":"purchasable","14":"product-type-simple"},"exclude_global_add_ons":false,"addons":[{"name":"CAMPI_TIPOLOGIA\r\n","type":"select","position":0,"required":true,"title_format":"label","default":"","description_enable":false,"description":"","placeholder_enable":false,"placeholder":"","display":"select","restrictions_type":"any_text","adjust_price":false,"price":"","price_type":"","restrictions":false,"min":"0","max":"0","options":[]}],"yoast_head":"<!-- This site is optimized with the Yoast SEO plugin v26.7 - https:\/\/yoast.com\/wordpress\/plugins\/seo\/ -->\n<title>Sauna infrarouge en deux tailles avec \u00e9conomie d&#039;\u00e9nergie et 4 radiateurs \u00e0 charbon SN040<\/title>\n<meta name=\"description\" content=\"Sauna infrarouge disponible en deux versions : 90x90xH188 et 100x90xH188 cm Panneau de commande interne et externe, haut-parleurs int\u00e9gr\u00e9s et prise d&#039;air\" \/>\n<meta name=\"robots\" content=\"index, follow, max-snippet:-1, max-image-preview:large, max-video-preview:-1\" \/>\n<link rel=\"canonical\" href=\"https:\/\/www.bagnoitalia.com\/fr\/produit\/sauna-infrarouge-90x90-ou-100x90-a-economie-d-39-energie-et-4-radiateurs-carbone-sn040.html\" \/>\n<meta property=\"og:locale\" content=\"fr_FR\" \/>\n<meta property=\"og:type\" content=\"article\" \/>\n<meta property=\"og:title\" content=\"Sauna infrarouge en deux tailles avec \u00e9conomie d&#039;\u00e9nergie et 4 radiateurs \u00e0 charbon SN040\" \/>\n<meta property=\"og:description\" content=\"Sauna infrarouge disponible en deux versions : 90x90xH188 et 100x90xH188 cm Panneau de commande interne et externe, haut-parleurs int\u00e9gr\u00e9s et prise d&#039;air\" \/>\n<meta property=\"og:url\" content=\"https:\/\/www.bagnoitalia.com\/fr\/produit\/sauna-infrarouge-90x90-ou-100x90-a-economie-d-39-energie-et-4-radiateurs-carbone-sn040.html\" \/>\n<meta property=\"og:site_name\" content=\"Bagno Italia\" \/>\n<meta property=\"og:image\" content=\"https:\/\/img.bagnoitalia.com\/wp-content\/uploads\/virtuemart\/product\/S4U-0981_1.jpg\" \/>\n\t<meta property=\"og:image:width\" content=\"640\" \/>\n\t<meta property=\"og:image:height\" content=\"637\" \/>\n\t<meta property=\"og:image:type\" content=\"image\/jpeg\" \/>\n<meta name=\"twitter:card\" content=\"summary_large_image\" \/>\n<script type=\"application\/ld+json\" class=\"yoast-schema-graph\">{\"@context\":\"https:\/\/schema.org\",\"@graph\":[{\"@type\":\"WebPage\",\"@id\":\"https:\/\/www.bagnoitalia.com\/fr\/produit\/sauna-infrarouge-90x90-ou-100x90-a-economie-d-39-energie-et-4-radiateurs-carbone-sn040.html\",\"url\":\"https:\/\/www.bagnoitalia.com\/fr\/produit\/sauna-infrarouge-90x90-ou-100x90-a-economie-d-39-energie-et-4-radiateurs-carbone-sn040.html\",\"name\":\"Sauna infrarouge en deux tailles avec \u00e9conomie d&#39;\u00e9nergie et 4 radiateurs \u00e0 charbon SN040\",\"isPartOf\":{\"@id\":\"https:\/\/www.bagnoitalia.com\/fr#website\"},\"primaryImageOfPage\":{\"@id\":\"https:\/\/www.bagnoitalia.com\/fr\/produit\/sauna-infrarouge-90x90-ou-100x90-a-economie-d-39-energie-et-4-radiateurs-carbone-sn040.html#primaryimage\"},\"image\":{\"@id\":\"https:\/\/www.bagnoitalia.com\/fr\/produit\/sauna-infrarouge-90x90-ou-100x90-a-economie-d-39-energie-et-4-radiateurs-carbone-sn040.html#primaryimage\"},\"thumbnailUrl\":\"https:\/\/img.bagnoitalia.com\/wp-content\/uploads\/virtuemart\/product\/S4U-0981_1.jpg\",\"datePublished\":\"2022-03-30T05:47:46+00:00\",\"description\":\"Sauna infrarouge disponible en deux versions : 90x90xH188 et 100x90xH188 cm Panneau de commande interne et externe, haut-parleurs int\u00e9gr\u00e9s et prise d&#39;air\",\"breadcrumb\":{\"@id\":\"https:\/\/www.bagnoitalia.com\/fr\/produit\/sauna-infrarouge-90x90-ou-100x90-a-economie-d-39-energie-et-4-radiateurs-carbone-sn040.html#breadcrumb\"},\"inLanguage\":\"fr-FR\",\"potentialAction\":[{\"@type\":\"ReadAction\",\"target\":[\"https:\/\/www.bagnoitalia.com\/fr\/produit\/sauna-infrarouge-90x90-ou-100x90-a-economie-d-39-energie-et-4-radiateurs-carbone-sn040.html\"]}]},{\"@type\":\"ImageObject\",\"inLanguage\":\"fr-FR\",\"@id\":\"https:\/\/www.bagnoitalia.com\/fr\/produit\/sauna-infrarouge-90x90-ou-100x90-a-economie-d-39-energie-et-4-radiateurs-carbone-sn040.html#primaryimage\",\"url\":\"https:\/\/img.bagnoitalia.com\/wp-content\/uploads\/virtuemart\/product\/S4U-0981_1.jpg\",\"contentUrl\":\"https:\/\/img.bagnoitalia.com\/wp-content\/uploads\/virtuemart\/product\/S4U-0981_1.jpg\",\"width\":640,\"height\":637},{\"@type\":\"BreadcrumbList\",\"@id\":\"https:\/\/www.bagnoitalia.com\/fr\/produit\/sauna-infrarouge-90x90-ou-100x90-a-economie-d-39-energie-et-4-radiateurs-carbone-sn040.html#breadcrumb\",\"itemListElement\":[{\"@type\":\"ListItem\",\"position\":1,\"name\":\"Home\",\"item\":\"https:\/\/www.bagnoitalia.com\/fr\"},{\"@type\":\"ListItem\",\"position\":2,\"name\":\"Produits\",\"item\":\"https:\/\/www.bagnoitalia.com\/fr\/shop\"},{\"@type\":\"ListItem\",\"position\":3,\"name\":\"Sauna infrarouge 90&#215;90 ou 100&#215;90 \u00e0 \u00e9conomie d&#39;\u00e9nergie et 4 radiateurs carbone SN040\"}]},{\"@type\":\"WebSite\",\"@id\":\"https:\/\/www.bagnoitalia.com\/fr#website\",\"url\":\"https:\/\/www.bagnoitalia.com\/fr\",\"name\":\"Bagno Italia\",\"description\":\"\",\"publisher\":{\"@id\":\"https:\/\/www.bagnoitalia.com\/fr#organization\"},\"potentialAction\":[{\"@type\":\"SearchAction\",\"target\":{\"@type\":\"EntryPoint\",\"urlTemplate\":\"https:\/\/www.bagnoitalia.com\/fr?s={search_term_string}\"},\"query-input\":{\"@type\":\"PropertyValueSpecification\",\"valueRequired\":true,\"valueName\":\"search_term_string\"}}],\"inLanguage\":\"fr-FR\"},{\"@type\":\"Organization\",\"@id\":\"https:\/\/www.bagnoitalia.com\/fr#organization\",\"name\":\"Bagno Italia\",\"url\":\"https:\/\/www.bagnoitalia.com\/fr\",\"logo\":{\"@type\":\"ImageObject\",\"inLanguage\":\"fr-FR\",\"@id\":\"https:\/\/www.bagnoitalia.com\/fr#\/schema\/logo\/image\/\",\"url\":\"https:\/\/img.bagnoitalia.com\/wp-content\/uploads\/logo-bagnoitalia.webp\",\"contentUrl\":\"https:\/\/img.bagnoitalia.com\/wp-content\/uploads\/logo-bagnoitalia.webp\",\"width\":400,\"height\":70,\"caption\":\"Bagno Italia\"},\"image\":{\"@id\":\"https:\/\/www.bagnoitalia.com\/fr#\/schema\/logo\/image\/\"}}]}<\/script>\n<!-- \/ Yoast SEO plugin. -->","yoast_head_json":{"title":"Sauna infrarouge en deux tailles avec \u00e9conomie d&#39;\u00e9nergie et 4 radiateurs \u00e0 charbon SN040","description":"Sauna infrarouge disponible en deux versions : 90x90xH188 et 100x90xH188 cm Panneau de commande interne et externe, haut-parleurs int\u00e9gr\u00e9s et prise d&#39;air","robots":{"index":"index","follow":"follow","max-snippet":"max-snippet:-1","max-image-preview":"max-image-preview:large","max-video-preview":"max-video-preview:-1"},"canonical":"https:\/\/www.bagnoitalia.com\/fr\/produit\/sauna-infrarouge-90x90-ou-100x90-a-economie-d-39-energie-et-4-radiateurs-carbone-sn040.html","og_locale":"fr_FR","og_type":"article","og_title":"Sauna infrarouge en deux tailles avec \u00e9conomie d&#39;\u00e9nergie et 4 radiateurs \u00e0 charbon SN040","og_description":"Sauna infrarouge disponible en deux versions : 90x90xH188 et 100x90xH188 cm Panneau de commande interne et externe, haut-parleurs int\u00e9gr\u00e9s et prise d&#39;air","og_url":"https:\/\/www.bagnoitalia.com\/fr\/produit\/sauna-infrarouge-90x90-ou-100x90-a-economie-d-39-energie-et-4-radiateurs-carbone-sn040.html","og_site_name":"Bagno Italia","og_image":[{"width":640,"height":637,"url":"https:\/\/img.bagnoitalia.com\/wp-content\/uploads\/virtuemart\/product\/S4U-0981_1.jpg","type":"image\/jpeg"}],"twitter_card":"summary_large_image","schema":{"@context":"https:\/\/schema.org","@graph":[{"@type":"WebPage","@id":"https:\/\/www.bagnoitalia.com\/fr\/produit\/sauna-infrarouge-90x90-ou-100x90-a-economie-d-39-energie-et-4-radiateurs-carbone-sn040.html","url":"https:\/\/www.bagnoitalia.com\/fr\/produit\/sauna-infrarouge-90x90-ou-100x90-a-economie-d-39-energie-et-4-radiateurs-carbone-sn040.html","name":"Sauna infrarouge en deux tailles avec \u00e9conomie d&#39;\u00e9nergie et 4 radiateurs \u00e0 charbon SN040","isPartOf":{"@id":"https:\/\/www.bagnoitalia.com\/fr#website"},"primaryImageOfPage":{"@id":"https:\/\/www.bagnoitalia.com\/fr\/produit\/sauna-infrarouge-90x90-ou-100x90-a-economie-d-39-energie-et-4-radiateurs-carbone-sn040.html#primaryimage"},"image":{"@id":"https:\/\/www.bagnoitalia.com\/fr\/produit\/sauna-infrarouge-90x90-ou-100x90-a-economie-d-39-energie-et-4-radiateurs-carbone-sn040.html#primaryimage"},"thumbnailUrl":"https:\/\/img.bagnoitalia.com\/wp-content\/uploads\/virtuemart\/product\/S4U-0981_1.jpg","datePublished":"2022-03-30T05:47:46+00:00","description":"Sauna infrarouge disponible en deux versions : 90x90xH188 et 100x90xH188 cm Panneau de commande interne et externe, haut-parleurs int\u00e9gr\u00e9s et prise d&#39;air","breadcrumb":{"@id":"https:\/\/www.bagnoitalia.com\/fr\/produit\/sauna-infrarouge-90x90-ou-100x90-a-economie-d-39-energie-et-4-radiateurs-carbone-sn040.html#breadcrumb"},"inLanguage":"fr-FR","potentialAction":[{"@type":"ReadAction","target":["https:\/\/www.bagnoitalia.com\/fr\/produit\/sauna-infrarouge-90x90-ou-100x90-a-economie-d-39-energie-et-4-radiateurs-carbone-sn040.html"]}]},{"@type":"ImageObject","inLanguage":"fr-FR","@id":"https:\/\/www.bagnoitalia.com\/fr\/produit\/sauna-infrarouge-90x90-ou-100x90-a-economie-d-39-energie-et-4-radiateurs-carbone-sn040.html#primaryimage","url":"https:\/\/img.bagnoitalia.com\/wp-content\/uploads\/virtuemart\/product\/S4U-0981_1.jpg","contentUrl":"https:\/\/img.bagnoitalia.com\/wp-content\/uploads\/virtuemart\/product\/S4U-0981_1.jpg","width":640,"height":637},{"@type":"BreadcrumbList","@id":"https:\/\/www.bagnoitalia.com\/fr\/produit\/sauna-infrarouge-90x90-ou-100x90-a-economie-d-39-energie-et-4-radiateurs-carbone-sn040.html#breadcrumb","itemListElement":[{"@type":"ListItem","position":1,"name":"Home","item":"https:\/\/www.bagnoitalia.com\/fr"},{"@type":"ListItem","position":2,"name":"Produits","item":"https:\/\/www.bagnoitalia.com\/fr\/shop"},{"@type":"ListItem","position":3,"name":"Sauna infrarouge 90&#215;90 ou 100&#215;90 \u00e0 \u00e9conomie d&#39;\u00e9nergie et 4 radiateurs carbone SN040"}]},{"@type":"WebSite","@id":"https:\/\/www.bagnoitalia.com\/fr#website","url":"https:\/\/www.bagnoitalia.com\/fr","name":"Bagno Italia","description":"","publisher":{"@id":"https:\/\/www.bagnoitalia.com\/fr#organization"},"potentialAction":[{"@type":"SearchAction","target":{"@type":"EntryPoint","urlTemplate":"https:\/\/www.bagnoitalia.com\/fr?s={search_term_string}"},"query-input":{"@type":"PropertyValueSpecification","valueRequired":true,"valueName":"search_term_string"}}],"inLanguage":"fr-FR"},{"@type":"Organization","@id":"https:\/\/www.bagnoitalia.com\/fr#organization","name":"Bagno Italia","url":"https:\/\/www.bagnoitalia.com\/fr","logo":{"@type":"ImageObject","inLanguage":"fr-FR","@id":"https:\/\/www.bagnoitalia.com\/fr#\/schema\/logo\/image\/","url":"https:\/\/img.bagnoitalia.com\/wp-content\/uploads\/logo-bagnoitalia.webp","contentUrl":"https:\/\/img.bagnoitalia.com\/wp-content\/uploads\/logo-bagnoitalia.webp","width":400,"height":70,"caption":"Bagno Italia"},"image":{"@id":"https:\/\/www.bagnoitalia.com\/fr#\/schema\/logo\/image\/"}}]}},"_links":{"self":[{"href":"https:\/\/www.bagnoitalia.com\/fr\/wp-json\/wp\/v2\/product\/81828","targetHints":{"allow":["GET"]}}],"collection":[{"href":"https:\/\/www.bagnoitalia.com\/fr\/wp-json\/wp\/v2\/product"}],"about":[{"href":"https:\/\/www.bagnoitalia.com\/fr\/wp-json\/wp\/v2\/types\/product"}],"replies":[{"embeddable":true,"href":"https:\/\/www.bagnoitalia.com\/fr\/wp-json\/wp\/v2\/comments?post=81828"}],"version-history":[{"count":0,"href":"https:\/\/www.bagnoitalia.com\/fr\/wp-json\/wp\/v2\/product\/81828\/revisions"}],"wp:featuredmedia":[{"embeddable":true,"href":"https:\/\/www.bagnoitalia.com\/fr\/wp-json\/wp\/v2\/media\/50512"}],"wp:attachment":[{"href":"https:\/\/www.bagnoitalia.com\/fr\/wp-json\/wp\/v2\/media?parent=81828"}],"wp:term":[{"taxonomy":"product_brand","embeddable":true,"href":"https:\/\/www.bagnoitalia.com\/fr\/wp-json\/wp\/v2\/product_brand?post=81828"},{"taxonomy":"product_cat","embeddable":true,"href":"https:\/\/www.bagnoitalia.com\/fr\/wp-json\/wp\/v2\/product_cat?post=81828"},{"taxonomy":"product_tag","embeddable":true,"href":"https:\/\/www.bagnoitalia.com\/fr\/wp-json\/wp\/v2\/product_tag?post=81828"}],"curies":[{"name":"wp","href":"https:\/\/api.w.org\/{rel}","templated":true}]}}