{"id":81816,"date":"2022-03-30T07:47:46","date_gmt":"2022-03-30T05:47:46","guid":{"rendered":"https:\/\/www.bagnoitalia.com\/product\/cabine-d-39-hydromassage-pour-2-personnes-avec-baignoire-semi-circulaire-150x150-cm-radio-chromotherapie-cb076"},"modified":"2022-03-30T07:47:46","modified_gmt":"2022-03-30T05:47:46","slug":"cabine-d-39-hydromassage-pour-2-personnes-avec-baignoire-semi-circulaire-150x150-cm-radio-chromotherapie-cb076","status":"publish","type":"product","link":"https:\/\/www.bagnoitalia.com\/fr\/produit\/cabine-d-39-hydromassage-pour-2-personnes-avec-baignoire-semi-circulaire-150x150-cm-radio-chromotherapie-cb076.html","title":{"rendered":"Cabine d&#39;hydromassage pour 2 personnes avec baignoire semi-circulaire 150&#215;150 cm, radio chromoth\u00e9rapie CB076"},"content":{"rendered":"<p style=\"line-height: normal; margin: 0cm 0cm 10pt; text-align: justify;\" align=\"center\"><span style=\"font-size: 10pt;\"><strong><span style=\"font-family: 'Times New Roman', 'serif';\"><strong><span style=\"font-family: 'Times New Roman', 'serif';\"><span style=\"font-family: 'Times New Roman';\"><strong><span style=\"font-family: 'Times New Roman', 'serif';\"><strong><span style=\"font-family: 'Times New Roman', 'serif';\"><span style=\"font-family: 'Arial';\"><span style=\"text-decoration: underline;\"><span style=\"font-size: 12pt;\">Cabine d&#39;hydromassage semi-circulaire CB076 avec baignoire<\/span><\/span><br \/><\/span><\/span><\/strong><\/span><\/strong><\/span><\/span><\/strong><\/span><\/strong><\/span><\/p>\n<\/p>\n<p> <span style=\"text-decoration: underline;\">CARACT\u00c9RISTIQUES:<\/span><br style=\"font-family: 'Arial';\" \/><\/p>\n<p> Cabine avec baignoire Mesure 150x150x230H cm<\/p>\n<p> Hauteur baignoire 60cm<\/p>\n<p> R\u00e9servoir avec fond antid\u00e9rapant en ABS renforc\u00e9<\/p>\n<p> Verre fum\u00e9 anti-casse et anti-blessure de 5 mm<\/p>\n<p> Colonne d&#39;hydromassage et bain \u00e0 remous<\/p>\n<p> Haute gargouille avec cascade centrale<\/p>\n<p> Pompe \u00e0 remous 1,5 HP<\/p>\n<p> radio FM<\/p>\n<p> Panneau de commande<\/p>\n<p> Chromoth\u00e9rapie<\/p>\n<p> Porte-objet en verre<\/p>\n<p> Porte-serviettes<\/p>\n<p> Mixer<\/p>\n<p> Miroiter<\/p>\n<p> Si\u00e8ge confortable pour l&#39;hydromassage<\/p>\n<p> Fermeture magn\u00e9tique<\/p>\n<p> Dossier<\/p><\/p>\n","protected":false},"excerpt":{"rendered":"<p>Bo\u00eete \u00e0 remous en verre tremp\u00e9 et noirci anti-blessure de 5 mm, syst\u00e8me de ventilation, radio et haut-parleurs<\/p>\n","protected":false},"featured_media":50360,"comment_status":"open","ping_status":"closed","template":"","meta":[],"product_brand":[5017],"product_cat":[9735],"product_tag":[],"class_list":{"0":"post-81816","1":"product","2":"type-product","3":"status-publish","4":"has-post-thumbnail","6":"product_brand-simba","7":"product_cat-cabine-d-39-hydromassage","9":"first","10":"instock","11":"sale","12":"taxable","13":"shipping-taxable","14":"purchasable","15":"product-type-simple"},"exclude_global_add_ons":[],"addons":[],"yoast_head":"<!-- This site is optimized with the Yoast SEO plugin v26.7 - https:\/\/yoast.com\/wordpress\/plugins\/seo\/ -->\n<title>Cabine d&#039;hydromassage pour 2 personnes avec baignoire semi-circulaire 150x150x230Hcm radio chromoth\u00e9rapie CB076<\/title>\n<meta name=\"description\" content=\"Bo\u00eete \u00e0 remous avec verre tremp\u00e9 et noirci de 5 mm, anti-blessure, syst\u00e8me de ventilation, radio et haut-parleurs\" \/>\n<meta name=\"robots\" content=\"index, follow, max-snippet:-1, max-image-preview:large, max-video-preview:-1\" \/>\n<link rel=\"canonical\" href=\"https:\/\/www.bagnoitalia.com\/fr\/produit\/cabine-d-39-hydromassage-pour-2-personnes-avec-baignoire-semi-circulaire-150x150-cm-radio-chromotherapie-cb076.html\" \/>\n<meta property=\"og:locale\" content=\"fr_FR\" \/>\n<meta property=\"og:type\" content=\"article\" \/>\n<meta property=\"og:title\" content=\"Cabine d&#039;hydromassage pour 2 personnes avec baignoire semi-circulaire 150x150x230Hcm radio chromoth\u00e9rapie CB076\" \/>\n<meta property=\"og:description\" content=\"Bo\u00eete \u00e0 remous avec verre tremp\u00e9 et noirci de 5 mm, anti-blessure, syst\u00e8me de ventilation, radio et haut-parleurs\" \/>\n<meta property=\"og:url\" content=\"https:\/\/www.bagnoitalia.com\/fr\/produit\/cabine-d-39-hydromassage-pour-2-personnes-avec-baignoire-semi-circulaire-150x150-cm-radio-chromotherapie-cb076.html\" \/>\n<meta property=\"og:site_name\" content=\"Bagno Italia\" \/>\n<meta property=\"og:image\" content=\"https:\/\/img.bagnoitalia.com\/wp-content\/uploads\/virtuemart\/product\/C4B-01036_1.jpg\" \/>\n\t<meta property=\"og:image:width\" content=\"600\" \/>\n\t<meta property=\"og:image:height\" content=\"600\" \/>\n\t<meta property=\"og:image:type\" content=\"image\/jpeg\" \/>\n<meta name=\"twitter:card\" content=\"summary_large_image\" \/>\n<script type=\"application\/ld+json\" class=\"yoast-schema-graph\">{\"@context\":\"https:\/\/schema.org\",\"@graph\":[{\"@type\":\"WebPage\",\"@id\":\"https:\/\/www.bagnoitalia.com\/fr\/produit\/cabine-d-39-hydromassage-pour-2-personnes-avec-baignoire-semi-circulaire-150x150-cm-radio-chromotherapie-cb076.html\",\"url\":\"https:\/\/www.bagnoitalia.com\/fr\/produit\/cabine-d-39-hydromassage-pour-2-personnes-avec-baignoire-semi-circulaire-150x150-cm-radio-chromotherapie-cb076.html\",\"name\":\"Cabine d&#39;hydromassage pour 2 personnes avec baignoire semi-circulaire 150x150x230Hcm radio chromoth\u00e9rapie CB076\",\"isPartOf\":{\"@id\":\"https:\/\/www.bagnoitalia.com\/fr#website\"},\"primaryImageOfPage\":{\"@id\":\"https:\/\/www.bagnoitalia.com\/fr\/produit\/cabine-d-39-hydromassage-pour-2-personnes-avec-baignoire-semi-circulaire-150x150-cm-radio-chromotherapie-cb076.html#primaryimage\"},\"image\":{\"@id\":\"https:\/\/www.bagnoitalia.com\/fr\/produit\/cabine-d-39-hydromassage-pour-2-personnes-avec-baignoire-semi-circulaire-150x150-cm-radio-chromotherapie-cb076.html#primaryimage\"},\"thumbnailUrl\":\"https:\/\/img.bagnoitalia.com\/wp-content\/uploads\/virtuemart\/product\/C4B-01036_1.jpg\",\"datePublished\":\"2022-03-30T05:47:46+00:00\",\"description\":\"Bo\u00eete \u00e0 remous avec verre tremp\u00e9 et noirci de 5 mm, anti-blessure, syst\u00e8me de ventilation, radio et haut-parleurs\",\"breadcrumb\":{\"@id\":\"https:\/\/www.bagnoitalia.com\/fr\/produit\/cabine-d-39-hydromassage-pour-2-personnes-avec-baignoire-semi-circulaire-150x150-cm-radio-chromotherapie-cb076.html#breadcrumb\"},\"inLanguage\":\"fr-FR\",\"potentialAction\":[{\"@type\":\"ReadAction\",\"target\":[\"https:\/\/www.bagnoitalia.com\/fr\/produit\/cabine-d-39-hydromassage-pour-2-personnes-avec-baignoire-semi-circulaire-150x150-cm-radio-chromotherapie-cb076.html\"]}]},{\"@type\":\"ImageObject\",\"inLanguage\":\"fr-FR\",\"@id\":\"https:\/\/www.bagnoitalia.com\/fr\/produit\/cabine-d-39-hydromassage-pour-2-personnes-avec-baignoire-semi-circulaire-150x150-cm-radio-chromotherapie-cb076.html#primaryimage\",\"url\":\"https:\/\/img.bagnoitalia.com\/wp-content\/uploads\/virtuemart\/product\/C4B-01036_1.jpg\",\"contentUrl\":\"https:\/\/img.bagnoitalia.com\/wp-content\/uploads\/virtuemart\/product\/C4B-01036_1.jpg\",\"width\":600,\"height\":600},{\"@type\":\"BreadcrumbList\",\"@id\":\"https:\/\/www.bagnoitalia.com\/fr\/produit\/cabine-d-39-hydromassage-pour-2-personnes-avec-baignoire-semi-circulaire-150x150-cm-radio-chromotherapie-cb076.html#breadcrumb\",\"itemListElement\":[{\"@type\":\"ListItem\",\"position\":1,\"name\":\"Home\",\"item\":\"https:\/\/www.bagnoitalia.com\/fr\"},{\"@type\":\"ListItem\",\"position\":2,\"name\":\"Produits\",\"item\":\"https:\/\/www.bagnoitalia.com\/fr\/shop\"},{\"@type\":\"ListItem\",\"position\":3,\"name\":\"Cabine d&#39;hydromassage pour 2 personnes avec baignoire semi-circulaire 150&#215;150 cm, radio chromoth\u00e9rapie CB076\"}]},{\"@type\":\"WebSite\",\"@id\":\"https:\/\/www.bagnoitalia.com\/fr#website\",\"url\":\"https:\/\/www.bagnoitalia.com\/fr\",\"name\":\"Bagno Italia\",\"description\":\"\",\"publisher\":{\"@id\":\"https:\/\/www.bagnoitalia.com\/fr#organization\"},\"potentialAction\":[{\"@type\":\"SearchAction\",\"target\":{\"@type\":\"EntryPoint\",\"urlTemplate\":\"https:\/\/www.bagnoitalia.com\/fr?s={search_term_string}\"},\"query-input\":{\"@type\":\"PropertyValueSpecification\",\"valueRequired\":true,\"valueName\":\"search_term_string\"}}],\"inLanguage\":\"fr-FR\"},{\"@type\":\"Organization\",\"@id\":\"https:\/\/www.bagnoitalia.com\/fr#organization\",\"name\":\"Bagno Italia\",\"url\":\"https:\/\/www.bagnoitalia.com\/fr\",\"logo\":{\"@type\":\"ImageObject\",\"inLanguage\":\"fr-FR\",\"@id\":\"https:\/\/www.bagnoitalia.com\/fr#\/schema\/logo\/image\/\",\"url\":\"https:\/\/img.bagnoitalia.com\/wp-content\/uploads\/logo-bagnoitalia.webp\",\"contentUrl\":\"https:\/\/img.bagnoitalia.com\/wp-content\/uploads\/logo-bagnoitalia.webp\",\"width\":400,\"height\":70,\"caption\":\"Bagno Italia\"},\"image\":{\"@id\":\"https:\/\/www.bagnoitalia.com\/fr#\/schema\/logo\/image\/\"}}]}<\/script>\n<!-- \/ Yoast SEO plugin. -->","yoast_head_json":{"title":"Cabine d&#39;hydromassage pour 2 personnes avec baignoire semi-circulaire 150x150x230Hcm radio chromoth\u00e9rapie CB076","description":"Bo\u00eete \u00e0 remous avec verre tremp\u00e9 et noirci de 5 mm, anti-blessure, syst\u00e8me de ventilation, radio et haut-parleurs","robots":{"index":"index","follow":"follow","max-snippet":"max-snippet:-1","max-image-preview":"max-image-preview:large","max-video-preview":"max-video-preview:-1"},"canonical":"https:\/\/www.bagnoitalia.com\/fr\/produit\/cabine-d-39-hydromassage-pour-2-personnes-avec-baignoire-semi-circulaire-150x150-cm-radio-chromotherapie-cb076.html","og_locale":"fr_FR","og_type":"article","og_title":"Cabine d&#39;hydromassage pour 2 personnes avec baignoire semi-circulaire 150x150x230Hcm radio chromoth\u00e9rapie CB076","og_description":"Bo\u00eete \u00e0 remous avec verre tremp\u00e9 et noirci de 5 mm, anti-blessure, syst\u00e8me de ventilation, radio et haut-parleurs","og_url":"https:\/\/www.bagnoitalia.com\/fr\/produit\/cabine-d-39-hydromassage-pour-2-personnes-avec-baignoire-semi-circulaire-150x150-cm-radio-chromotherapie-cb076.html","og_site_name":"Bagno Italia","og_image":[{"width":600,"height":600,"url":"https:\/\/img.bagnoitalia.com\/wp-content\/uploads\/virtuemart\/product\/C4B-01036_1.jpg","type":"image\/jpeg"}],"twitter_card":"summary_large_image","schema":{"@context":"https:\/\/schema.org","@graph":[{"@type":"WebPage","@id":"https:\/\/www.bagnoitalia.com\/fr\/produit\/cabine-d-39-hydromassage-pour-2-personnes-avec-baignoire-semi-circulaire-150x150-cm-radio-chromotherapie-cb076.html","url":"https:\/\/www.bagnoitalia.com\/fr\/produit\/cabine-d-39-hydromassage-pour-2-personnes-avec-baignoire-semi-circulaire-150x150-cm-radio-chromotherapie-cb076.html","name":"Cabine d&#39;hydromassage pour 2 personnes avec baignoire semi-circulaire 150x150x230Hcm radio chromoth\u00e9rapie CB076","isPartOf":{"@id":"https:\/\/www.bagnoitalia.com\/fr#website"},"primaryImageOfPage":{"@id":"https:\/\/www.bagnoitalia.com\/fr\/produit\/cabine-d-39-hydromassage-pour-2-personnes-avec-baignoire-semi-circulaire-150x150-cm-radio-chromotherapie-cb076.html#primaryimage"},"image":{"@id":"https:\/\/www.bagnoitalia.com\/fr\/produit\/cabine-d-39-hydromassage-pour-2-personnes-avec-baignoire-semi-circulaire-150x150-cm-radio-chromotherapie-cb076.html#primaryimage"},"thumbnailUrl":"https:\/\/img.bagnoitalia.com\/wp-content\/uploads\/virtuemart\/product\/C4B-01036_1.jpg","datePublished":"2022-03-30T05:47:46+00:00","description":"Bo\u00eete \u00e0 remous avec verre tremp\u00e9 et noirci de 5 mm, anti-blessure, syst\u00e8me de ventilation, radio et haut-parleurs","breadcrumb":{"@id":"https:\/\/www.bagnoitalia.com\/fr\/produit\/cabine-d-39-hydromassage-pour-2-personnes-avec-baignoire-semi-circulaire-150x150-cm-radio-chromotherapie-cb076.html#breadcrumb"},"inLanguage":"fr-FR","potentialAction":[{"@type":"ReadAction","target":["https:\/\/www.bagnoitalia.com\/fr\/produit\/cabine-d-39-hydromassage-pour-2-personnes-avec-baignoire-semi-circulaire-150x150-cm-radio-chromotherapie-cb076.html"]}]},{"@type":"ImageObject","inLanguage":"fr-FR","@id":"https:\/\/www.bagnoitalia.com\/fr\/produit\/cabine-d-39-hydromassage-pour-2-personnes-avec-baignoire-semi-circulaire-150x150-cm-radio-chromotherapie-cb076.html#primaryimage","url":"https:\/\/img.bagnoitalia.com\/wp-content\/uploads\/virtuemart\/product\/C4B-01036_1.jpg","contentUrl":"https:\/\/img.bagnoitalia.com\/wp-content\/uploads\/virtuemart\/product\/C4B-01036_1.jpg","width":600,"height":600},{"@type":"BreadcrumbList","@id":"https:\/\/www.bagnoitalia.com\/fr\/produit\/cabine-d-39-hydromassage-pour-2-personnes-avec-baignoire-semi-circulaire-150x150-cm-radio-chromotherapie-cb076.html#breadcrumb","itemListElement":[{"@type":"ListItem","position":1,"name":"Home","item":"https:\/\/www.bagnoitalia.com\/fr"},{"@type":"ListItem","position":2,"name":"Produits","item":"https:\/\/www.bagnoitalia.com\/fr\/shop"},{"@type":"ListItem","position":3,"name":"Cabine d&#39;hydromassage pour 2 personnes avec baignoire semi-circulaire 150&#215;150 cm, radio chromoth\u00e9rapie CB076"}]},{"@type":"WebSite","@id":"https:\/\/www.bagnoitalia.com\/fr#website","url":"https:\/\/www.bagnoitalia.com\/fr","name":"Bagno Italia","description":"","publisher":{"@id":"https:\/\/www.bagnoitalia.com\/fr#organization"},"potentialAction":[{"@type":"SearchAction","target":{"@type":"EntryPoint","urlTemplate":"https:\/\/www.bagnoitalia.com\/fr?s={search_term_string}"},"query-input":{"@type":"PropertyValueSpecification","valueRequired":true,"valueName":"search_term_string"}}],"inLanguage":"fr-FR"},{"@type":"Organization","@id":"https:\/\/www.bagnoitalia.com\/fr#organization","name":"Bagno Italia","url":"https:\/\/www.bagnoitalia.com\/fr","logo":{"@type":"ImageObject","inLanguage":"fr-FR","@id":"https:\/\/www.bagnoitalia.com\/fr#\/schema\/logo\/image\/","url":"https:\/\/img.bagnoitalia.com\/wp-content\/uploads\/logo-bagnoitalia.webp","contentUrl":"https:\/\/img.bagnoitalia.com\/wp-content\/uploads\/logo-bagnoitalia.webp","width":400,"height":70,"caption":"Bagno Italia"},"image":{"@id":"https:\/\/www.bagnoitalia.com\/fr#\/schema\/logo\/image\/"}}]}},"_links":{"self":[{"href":"https:\/\/www.bagnoitalia.com\/fr\/wp-json\/wp\/v2\/product\/81816","targetHints":{"allow":["GET"]}}],"collection":[{"href":"https:\/\/www.bagnoitalia.com\/fr\/wp-json\/wp\/v2\/product"}],"about":[{"href":"https:\/\/www.bagnoitalia.com\/fr\/wp-json\/wp\/v2\/types\/product"}],"replies":[{"embeddable":true,"href":"https:\/\/www.bagnoitalia.com\/fr\/wp-json\/wp\/v2\/comments?post=81816"}],"version-history":[{"count":0,"href":"https:\/\/www.bagnoitalia.com\/fr\/wp-json\/wp\/v2\/product\/81816\/revisions"}],"wp:featuredmedia":[{"embeddable":true,"href":"https:\/\/www.bagnoitalia.com\/fr\/wp-json\/wp\/v2\/media\/50360"}],"wp:attachment":[{"href":"https:\/\/www.bagnoitalia.com\/fr\/wp-json\/wp\/v2\/media?parent=81816"}],"wp:term":[{"taxonomy":"product_brand","embeddable":true,"href":"https:\/\/www.bagnoitalia.com\/fr\/wp-json\/wp\/v2\/product_brand?post=81816"},{"taxonomy":"product_cat","embeddable":true,"href":"https:\/\/www.bagnoitalia.com\/fr\/wp-json\/wp\/v2\/product_cat?post=81816"},{"taxonomy":"product_tag","embeddable":true,"href":"https:\/\/www.bagnoitalia.com\/fr\/wp-json\/wp\/v2\/product_tag?post=81816"}],"curies":[{"name":"wp","href":"https:\/\/api.w.org\/{rel}","templated":true}]}}