{"id":81804,"date":"2022-03-30T07:47:46","date_gmt":"2022-03-30T05:47:46","guid":{"rendered":"https:\/\/www.bagnoitalia.com\/product\/sauna-infrarouge-150x120-cm-3-personnes-avec-chromotherapie-lecteur-mp3-connexion-bluetooth-sn039"},"modified":"2022-03-30T07:47:46","modified_gmt":"2022-03-30T05:47:46","slug":"sauna-infrarouge-150x120-cm-3-personnes-avec-chromotherapie-lecteur-mp3-connexion-bluetooth-sn039","status":"publish","type":"product","link":"https:\/\/www.bagnoitalia.com\/fr\/produit\/sauna-infrarouge-150x120-cm-3-personnes-avec-chromotherapie-lecteur-mp3-connexion-bluetooth-sn039.html","title":{"rendered":"Sauna infrarouge 150&#215;120 cm 3 personnes avec chromoth\u00e9rapie lecteur mp3 connexion bluetooth SN039"},"content":{"rendered":"<p><span style=\"text-decoration: underline; color: #ff0000;\"><span style=\"text-decoration: underline;\"><strong><span style=\"font-size: 14pt;\">Sauna infrarouge rectangulaire SN039<\/span><\/strong><\/span><\/span><\/p>\n<\/p>\n<p> <span style=\"text-decoration: underline; font-size: 12pt;\"><strong>D\u00c9TAILS DU PRODUIT:<\/strong><\/span><\/p>\n<p> Dimensions : 150x120xH200cm<\/p>\n<p> capacit\u00e9 : 3 personnes<\/p>\n<p> n.6 rayonnant de lumi\u00e8re rouge (3 r\u00e9glables) et n. 3 plaques en carbone magn\u00e9sium<\/p>\n<p> Puissance : 2,45kW<\/p>\n<p> Temp\u00e9rature d&#39;utilisation recommand\u00e9e 40-45 \u00b0 C<\/p>\n<p> chromoth\u00e9rapie<\/p>\n<p> panneau de commande<\/p>\n<p> \u00e9clairage<\/p>\n<p> lecteur mp3<\/p>\n<p> Fonction Bluetooth<\/p>\n<p> 2 haut-parleurs<\/p>\n<\/p>\n<p> Mat\u00e9riaux:<\/p>\n<p> structure en pruche<\/p>\n<p> verre 8mm<\/p>\n","protected":false},"excerpt":{"rendered":"<p>Sauna infrarouge rectangulaire aux dimensions 150x120xH200 cm, capacit\u00e9 3 places, avec fonction bluetooth, lumi\u00e8res led et \u00e9cran de contr\u00f4le. Radiateurs carbone magn\u00e9sium.<\/p>\n","protected":false},"featured_media":50296,"comment_status":"open","ping_status":"closed","template":"","meta":[],"product_brand":[9879],"product_cat":[15],"product_tag":[],"class_list":{"0":"post-81804","1":"product","2":"type-product","3":"status-publish","4":"has-post-thumbnail","6":"product_brand-vari-produttori-fr","7":"product_cat-senza-categoria","9":"first","10":"outofstock","11":"taxable","12":"shipping-taxable","13":"purchasable","14":"product-type-simple"},"exclude_global_add_ons":[],"addons":[],"yoast_head":"<!-- This site is optimized with the Yoast SEO plugin v26.7 - https:\/\/yoast.com\/wordpress\/plugins\/seo\/ -->\n<title>Sauna infrarouge 150x120 cm 3 personnes avec chromoth\u00e9rapie lecteur mp3 connexion bluetooth SN039<\/title>\n<meta name=\"description\" content=\"Sauna infrarouge rectangulaire aux dimensions 150x120xH200 cm, capacit\u00e9 3 places, avec fonction bluetooth, lumi\u00e8res led et \u00e9cran de contr\u00f4le. Radiateurs carbone magn\u00e9sium.\" \/>\n<meta name=\"robots\" content=\"index, follow, max-snippet:-1, max-image-preview:large, max-video-preview:-1\" \/>\n<link rel=\"canonical\" href=\"https:\/\/www.bagnoitalia.com\/fr\/produit\/sauna-infrarouge-150x120-cm-3-personnes-avec-chromotherapie-lecteur-mp3-connexion-bluetooth-sn039.html\" \/>\n<meta property=\"og:locale\" content=\"fr_FR\" \/>\n<meta property=\"og:type\" content=\"article\" \/>\n<meta property=\"og:title\" content=\"Sauna infrarouge 150x120 cm 3 personnes avec chromoth\u00e9rapie lecteur mp3 connexion bluetooth SN039\" \/>\n<meta property=\"og:description\" content=\"Sauna infrarouge rectangulaire aux dimensions 150x120xH200 cm, capacit\u00e9 3 places, avec fonction bluetooth, lumi\u00e8res led et \u00e9cran de contr\u00f4le. Radiateurs carbone magn\u00e9sium.\" \/>\n<meta property=\"og:url\" content=\"https:\/\/www.bagnoitalia.com\/fr\/produit\/sauna-infrarouge-150x120-cm-3-personnes-avec-chromotherapie-lecteur-mp3-connexion-bluetooth-sn039.html\" \/>\n<meta property=\"og:site_name\" content=\"Bagno Italia\" \/>\n<meta property=\"og:image\" content=\"https:\/\/img.bagnoitalia.com\/wp-content\/uploads\/virtuemart\/product\/S4U-0980_1.jpg\" \/>\n\t<meta property=\"og:image:width\" content=\"700\" \/>\n\t<meta property=\"og:image:height\" content=\"700\" \/>\n\t<meta property=\"og:image:type\" content=\"image\/jpeg\" \/>\n<meta name=\"twitter:card\" content=\"summary_large_image\" \/>\n<script type=\"application\/ld+json\" class=\"yoast-schema-graph\">{\"@context\":\"https:\/\/schema.org\",\"@graph\":[{\"@type\":\"WebPage\",\"@id\":\"https:\/\/www.bagnoitalia.com\/fr\/produit\/sauna-infrarouge-150x120-cm-3-personnes-avec-chromotherapie-lecteur-mp3-connexion-bluetooth-sn039.html\",\"url\":\"https:\/\/www.bagnoitalia.com\/fr\/produit\/sauna-infrarouge-150x120-cm-3-personnes-avec-chromotherapie-lecteur-mp3-connexion-bluetooth-sn039.html\",\"name\":\"Sauna infrarouge 150x120 cm 3 personnes avec chromoth\u00e9rapie lecteur mp3 connexion bluetooth SN039\",\"isPartOf\":{\"@id\":\"https:\/\/www.bagnoitalia.com\/fr#website\"},\"primaryImageOfPage\":{\"@id\":\"https:\/\/www.bagnoitalia.com\/fr\/produit\/sauna-infrarouge-150x120-cm-3-personnes-avec-chromotherapie-lecteur-mp3-connexion-bluetooth-sn039.html#primaryimage\"},\"image\":{\"@id\":\"https:\/\/www.bagnoitalia.com\/fr\/produit\/sauna-infrarouge-150x120-cm-3-personnes-avec-chromotherapie-lecteur-mp3-connexion-bluetooth-sn039.html#primaryimage\"},\"thumbnailUrl\":\"https:\/\/img.bagnoitalia.com\/wp-content\/uploads\/virtuemart\/product\/S4U-0980_1.jpg\",\"datePublished\":\"2022-03-30T05:47:46+00:00\",\"description\":\"Sauna infrarouge rectangulaire aux dimensions 150x120xH200 cm, capacit\u00e9 3 places, avec fonction bluetooth, lumi\u00e8res led et \u00e9cran de contr\u00f4le. Radiateurs carbone magn\u00e9sium.\",\"breadcrumb\":{\"@id\":\"https:\/\/www.bagnoitalia.com\/fr\/produit\/sauna-infrarouge-150x120-cm-3-personnes-avec-chromotherapie-lecteur-mp3-connexion-bluetooth-sn039.html#breadcrumb\"},\"inLanguage\":\"fr-FR\",\"potentialAction\":[{\"@type\":\"ReadAction\",\"target\":[\"https:\/\/www.bagnoitalia.com\/fr\/produit\/sauna-infrarouge-150x120-cm-3-personnes-avec-chromotherapie-lecteur-mp3-connexion-bluetooth-sn039.html\"]}]},{\"@type\":\"ImageObject\",\"inLanguage\":\"fr-FR\",\"@id\":\"https:\/\/www.bagnoitalia.com\/fr\/produit\/sauna-infrarouge-150x120-cm-3-personnes-avec-chromotherapie-lecteur-mp3-connexion-bluetooth-sn039.html#primaryimage\",\"url\":\"https:\/\/img.bagnoitalia.com\/wp-content\/uploads\/virtuemart\/product\/S4U-0980_1.jpg\",\"contentUrl\":\"https:\/\/img.bagnoitalia.com\/wp-content\/uploads\/virtuemart\/product\/S4U-0980_1.jpg\",\"width\":700,\"height\":700},{\"@type\":\"BreadcrumbList\",\"@id\":\"https:\/\/www.bagnoitalia.com\/fr\/produit\/sauna-infrarouge-150x120-cm-3-personnes-avec-chromotherapie-lecteur-mp3-connexion-bluetooth-sn039.html#breadcrumb\",\"itemListElement\":[{\"@type\":\"ListItem\",\"position\":1,\"name\":\"Home\",\"item\":\"https:\/\/www.bagnoitalia.com\/fr\"},{\"@type\":\"ListItem\",\"position\":2,\"name\":\"Produits\",\"item\":\"https:\/\/www.bagnoitalia.com\/fr\/shop\"},{\"@type\":\"ListItem\",\"position\":3,\"name\":\"Sauna infrarouge 150&#215;120 cm 3 personnes avec chromoth\u00e9rapie lecteur mp3 connexion bluetooth SN039\"}]},{\"@type\":\"WebSite\",\"@id\":\"https:\/\/www.bagnoitalia.com\/fr#website\",\"url\":\"https:\/\/www.bagnoitalia.com\/fr\",\"name\":\"Bagno Italia\",\"description\":\"\",\"publisher\":{\"@id\":\"https:\/\/www.bagnoitalia.com\/fr#organization\"},\"potentialAction\":[{\"@type\":\"SearchAction\",\"target\":{\"@type\":\"EntryPoint\",\"urlTemplate\":\"https:\/\/www.bagnoitalia.com\/fr?s={search_term_string}\"},\"query-input\":{\"@type\":\"PropertyValueSpecification\",\"valueRequired\":true,\"valueName\":\"search_term_string\"}}],\"inLanguage\":\"fr-FR\"},{\"@type\":\"Organization\",\"@id\":\"https:\/\/www.bagnoitalia.com\/fr#organization\",\"name\":\"Bagno Italia\",\"url\":\"https:\/\/www.bagnoitalia.com\/fr\",\"logo\":{\"@type\":\"ImageObject\",\"inLanguage\":\"fr-FR\",\"@id\":\"https:\/\/www.bagnoitalia.com\/fr#\/schema\/logo\/image\/\",\"url\":\"https:\/\/img.bagnoitalia.com\/wp-content\/uploads\/logo-bagnoitalia.webp\",\"contentUrl\":\"https:\/\/img.bagnoitalia.com\/wp-content\/uploads\/logo-bagnoitalia.webp\",\"width\":400,\"height\":70,\"caption\":\"Bagno Italia\"},\"image\":{\"@id\":\"https:\/\/www.bagnoitalia.com\/fr#\/schema\/logo\/image\/\"}}]}<\/script>\n<!-- \/ Yoast SEO plugin. -->","yoast_head_json":{"title":"Sauna infrarouge 150x120 cm 3 personnes avec chromoth\u00e9rapie lecteur mp3 connexion bluetooth SN039","description":"Sauna infrarouge rectangulaire aux dimensions 150x120xH200 cm, capacit\u00e9 3 places, avec fonction bluetooth, lumi\u00e8res led et \u00e9cran de contr\u00f4le. Radiateurs carbone magn\u00e9sium.","robots":{"index":"index","follow":"follow","max-snippet":"max-snippet:-1","max-image-preview":"max-image-preview:large","max-video-preview":"max-video-preview:-1"},"canonical":"https:\/\/www.bagnoitalia.com\/fr\/produit\/sauna-infrarouge-150x120-cm-3-personnes-avec-chromotherapie-lecteur-mp3-connexion-bluetooth-sn039.html","og_locale":"fr_FR","og_type":"article","og_title":"Sauna infrarouge 150x120 cm 3 personnes avec chromoth\u00e9rapie lecteur mp3 connexion bluetooth SN039","og_description":"Sauna infrarouge rectangulaire aux dimensions 150x120xH200 cm, capacit\u00e9 3 places, avec fonction bluetooth, lumi\u00e8res led et \u00e9cran de contr\u00f4le. Radiateurs carbone magn\u00e9sium.","og_url":"https:\/\/www.bagnoitalia.com\/fr\/produit\/sauna-infrarouge-150x120-cm-3-personnes-avec-chromotherapie-lecteur-mp3-connexion-bluetooth-sn039.html","og_site_name":"Bagno Italia","og_image":[{"width":700,"height":700,"url":"https:\/\/img.bagnoitalia.com\/wp-content\/uploads\/virtuemart\/product\/S4U-0980_1.jpg","type":"image\/jpeg"}],"twitter_card":"summary_large_image","schema":{"@context":"https:\/\/schema.org","@graph":[{"@type":"WebPage","@id":"https:\/\/www.bagnoitalia.com\/fr\/produit\/sauna-infrarouge-150x120-cm-3-personnes-avec-chromotherapie-lecteur-mp3-connexion-bluetooth-sn039.html","url":"https:\/\/www.bagnoitalia.com\/fr\/produit\/sauna-infrarouge-150x120-cm-3-personnes-avec-chromotherapie-lecteur-mp3-connexion-bluetooth-sn039.html","name":"Sauna infrarouge 150x120 cm 3 personnes avec chromoth\u00e9rapie lecteur mp3 connexion bluetooth SN039","isPartOf":{"@id":"https:\/\/www.bagnoitalia.com\/fr#website"},"primaryImageOfPage":{"@id":"https:\/\/www.bagnoitalia.com\/fr\/produit\/sauna-infrarouge-150x120-cm-3-personnes-avec-chromotherapie-lecteur-mp3-connexion-bluetooth-sn039.html#primaryimage"},"image":{"@id":"https:\/\/www.bagnoitalia.com\/fr\/produit\/sauna-infrarouge-150x120-cm-3-personnes-avec-chromotherapie-lecteur-mp3-connexion-bluetooth-sn039.html#primaryimage"},"thumbnailUrl":"https:\/\/img.bagnoitalia.com\/wp-content\/uploads\/virtuemart\/product\/S4U-0980_1.jpg","datePublished":"2022-03-30T05:47:46+00:00","description":"Sauna infrarouge rectangulaire aux dimensions 150x120xH200 cm, capacit\u00e9 3 places, avec fonction bluetooth, lumi\u00e8res led et \u00e9cran de contr\u00f4le. Radiateurs carbone magn\u00e9sium.","breadcrumb":{"@id":"https:\/\/www.bagnoitalia.com\/fr\/produit\/sauna-infrarouge-150x120-cm-3-personnes-avec-chromotherapie-lecteur-mp3-connexion-bluetooth-sn039.html#breadcrumb"},"inLanguage":"fr-FR","potentialAction":[{"@type":"ReadAction","target":["https:\/\/www.bagnoitalia.com\/fr\/produit\/sauna-infrarouge-150x120-cm-3-personnes-avec-chromotherapie-lecteur-mp3-connexion-bluetooth-sn039.html"]}]},{"@type":"ImageObject","inLanguage":"fr-FR","@id":"https:\/\/www.bagnoitalia.com\/fr\/produit\/sauna-infrarouge-150x120-cm-3-personnes-avec-chromotherapie-lecteur-mp3-connexion-bluetooth-sn039.html#primaryimage","url":"https:\/\/img.bagnoitalia.com\/wp-content\/uploads\/virtuemart\/product\/S4U-0980_1.jpg","contentUrl":"https:\/\/img.bagnoitalia.com\/wp-content\/uploads\/virtuemart\/product\/S4U-0980_1.jpg","width":700,"height":700},{"@type":"BreadcrumbList","@id":"https:\/\/www.bagnoitalia.com\/fr\/produit\/sauna-infrarouge-150x120-cm-3-personnes-avec-chromotherapie-lecteur-mp3-connexion-bluetooth-sn039.html#breadcrumb","itemListElement":[{"@type":"ListItem","position":1,"name":"Home","item":"https:\/\/www.bagnoitalia.com\/fr"},{"@type":"ListItem","position":2,"name":"Produits","item":"https:\/\/www.bagnoitalia.com\/fr\/shop"},{"@type":"ListItem","position":3,"name":"Sauna infrarouge 150&#215;120 cm 3 personnes avec chromoth\u00e9rapie lecteur mp3 connexion bluetooth SN039"}]},{"@type":"WebSite","@id":"https:\/\/www.bagnoitalia.com\/fr#website","url":"https:\/\/www.bagnoitalia.com\/fr","name":"Bagno Italia","description":"","publisher":{"@id":"https:\/\/www.bagnoitalia.com\/fr#organization"},"potentialAction":[{"@type":"SearchAction","target":{"@type":"EntryPoint","urlTemplate":"https:\/\/www.bagnoitalia.com\/fr?s={search_term_string}"},"query-input":{"@type":"PropertyValueSpecification","valueRequired":true,"valueName":"search_term_string"}}],"inLanguage":"fr-FR"},{"@type":"Organization","@id":"https:\/\/www.bagnoitalia.com\/fr#organization","name":"Bagno Italia","url":"https:\/\/www.bagnoitalia.com\/fr","logo":{"@type":"ImageObject","inLanguage":"fr-FR","@id":"https:\/\/www.bagnoitalia.com\/fr#\/schema\/logo\/image\/","url":"https:\/\/img.bagnoitalia.com\/wp-content\/uploads\/logo-bagnoitalia.webp","contentUrl":"https:\/\/img.bagnoitalia.com\/wp-content\/uploads\/logo-bagnoitalia.webp","width":400,"height":70,"caption":"Bagno Italia"},"image":{"@id":"https:\/\/www.bagnoitalia.com\/fr#\/schema\/logo\/image\/"}}]}},"_links":{"self":[{"href":"https:\/\/www.bagnoitalia.com\/fr\/wp-json\/wp\/v2\/product\/81804","targetHints":{"allow":["GET"]}}],"collection":[{"href":"https:\/\/www.bagnoitalia.com\/fr\/wp-json\/wp\/v2\/product"}],"about":[{"href":"https:\/\/www.bagnoitalia.com\/fr\/wp-json\/wp\/v2\/types\/product"}],"replies":[{"embeddable":true,"href":"https:\/\/www.bagnoitalia.com\/fr\/wp-json\/wp\/v2\/comments?post=81804"}],"version-history":[{"count":0,"href":"https:\/\/www.bagnoitalia.com\/fr\/wp-json\/wp\/v2\/product\/81804\/revisions"}],"wp:featuredmedia":[{"embeddable":true,"href":"https:\/\/www.bagnoitalia.com\/fr\/wp-json\/wp\/v2\/media\/50296"}],"wp:attachment":[{"href":"https:\/\/www.bagnoitalia.com\/fr\/wp-json\/wp\/v2\/media?parent=81804"}],"wp:term":[{"taxonomy":"product_brand","embeddable":true,"href":"https:\/\/www.bagnoitalia.com\/fr\/wp-json\/wp\/v2\/product_brand?post=81804"},{"taxonomy":"product_cat","embeddable":true,"href":"https:\/\/www.bagnoitalia.com\/fr\/wp-json\/wp\/v2\/product_cat?post=81804"},{"taxonomy":"product_tag","embeddable":true,"href":"https:\/\/www.bagnoitalia.com\/fr\/wp-json\/wp\/v2\/product_tag?post=81804"}],"curies":[{"name":"wp","href":"https:\/\/api.w.org\/{rel}","templated":true}]}}