{"id":81784,"date":"2022-03-30T07:47:46","date_gmt":"2022-03-30T05:47:46","guid":{"rendered":"https:\/\/www.bagnoitalia.com\/product\/baignoire-d-39-hydromassage-multifonctionnelle-180x120-cm-pour-deux-personnes-relax-vs100"},"modified":"2022-03-30T07:47:46","modified_gmt":"2022-03-30T05:47:46","slug":"baignoire-d-39-hydromassage-multifonctionnelle-180x120-cm-pour-deux-personnes-relax-vs100","status":"publish","type":"product","link":"https:\/\/www.bagnoitalia.com\/fr\/produit\/baignoire-d-39-hydromassage-multifonctionnelle-180x120-cm-pour-deux-personnes-relax-vs100.html","title":{"rendered":"Baignoire d&#39;hydromassage multifonctionnelle 180&#215;120 cm pour deux personnes relax VS100"},"content":{"rendered":"<h2><span style=\"text-decoration: underline;\"><strong>BAIN TOURBILLON POUR 2 PERSONNES VS100<\/strong><\/span><\/h2>\n<p> <strong>CARACT\u00c9RISTIQUES ET ACCESSOIRES<\/strong><\/p>\n<ul>\n<li> Dimensions baignoire baln\u00e9o : 180 X 120 X 59h cm<\/li>\n<li> Pompe \u00e0 eau 1,5 HP et pompe \u00e0 air 0,25 HP<\/li>\n<li> 10 grosses buses chrom\u00e9es<\/li>\n<li> 8 petites buses chrom\u00e9es<\/li>\n<li> Syst\u00e8me de protection contre les fuites \u00e9lectriques (disjoncteur)<\/li>\n<li> Affichage de contr\u00f4le<\/li>\n<li> Radio<\/li>\n<li> Cascade am\u00e9ricaine incluse<\/li>\n<li> Circulation de l&#39;eau<\/li>\n<li> 1 grande lumi\u00e8re led<\/li>\n<li> 2 haut-parleurs<\/li>\n<li> 1 porte-serviettes<\/li>\n<li> 7 petites lumi\u00e8res led avant<\/li>\n<li> Baignoire acrylique sanitaire blanche de haute qualit\u00e9<\/li>\n<li> Poids\u00a0: 130\u00a0kg<\/li>\n<li> Ch\u00e2ssis en acier<\/li>\n<li> \u00c9quip\u00e9 de 4 panneaux pour pouvoir installer la baignoire au centre de la salle de bain<\/li>\n<\/ul>\n<p> <strong><span style=\"color: #ff0000;\">ROBINETS INCLUS DANS LE PRIX<\/span><\/strong><\/p>\n","protected":false},"excerpt":{"rendered":"<p>Baignoire baln\u00e9o rectangulaire 180x120x59 cm enti\u00e8rement optionnelle avec vitres lat\u00e9rales, 2 appuis-t\u00eate, pompe \u00e0 air et \u00e0 eau et 18 buses chrom\u00e9es Robinetterie incluse<\/p>\n","protected":false},"featured_media":50148,"comment_status":"open","ping_status":"closed","template":"","meta":[],"product_brand":[9912],"product_cat":[9707,9743],"product_tag":[],"class_list":{"0":"post-81784","1":"product","2":"type-product","3":"status-publish","4":"has-post-thumbnail","6":"product_brand-simba-fr","7":"product_cat-baignoire-balneo","8":"product_cat-piscines-d-39-hydromassage","10":"first","11":"instock","12":"sale","13":"taxable","14":"shipping-taxable","15":"purchasable","16":"product-type-simple"},"exclude_global_add_ons":[],"addons":[],"yoast_head":"<!-- This site is optimized with the Yoast SEO plugin v26.7 - https:\/\/yoast.com\/wordpress\/plugins\/seo\/ -->\n<title>Baignoire d&#039;hydromassage multifonctionnelle 180x120 cm pour deux personnes relax VS100<\/title>\n<meta name=\"description\" content=\"Baignoire baln\u00e9o rectangulaire 180x120x59 cm enti\u00e8rement optionnelle avec vitres lat\u00e9rales, 2 appuis-t\u00eate, pompe \u00e0 air et \u00e0 eau et 18 buses chrom\u00e9es Robinetterie incluse\" \/>\n<meta name=\"robots\" content=\"index, follow, max-snippet:-1, max-image-preview:large, max-video-preview:-1\" \/>\n<link rel=\"canonical\" href=\"https:\/\/www.bagnoitalia.com\/fr\/produit\/baignoire-d-39-hydromassage-multifonctionnelle-180x120-cm-pour-deux-personnes-relax-vs100.html\" \/>\n<meta property=\"og:locale\" content=\"fr_FR\" \/>\n<meta property=\"og:type\" content=\"article\" \/>\n<meta property=\"og:title\" content=\"Baignoire d&#039;hydromassage multifonctionnelle 180x120 cm pour deux personnes relax VS100\" \/>\n<meta property=\"og:description\" content=\"Baignoire baln\u00e9o rectangulaire 180x120x59 cm enti\u00e8rement optionnelle avec vitres lat\u00e9rales, 2 appuis-t\u00eate, pompe \u00e0 air et \u00e0 eau et 18 buses chrom\u00e9es Robinetterie incluse\" \/>\n<meta property=\"og:url\" content=\"https:\/\/www.bagnoitalia.com\/fr\/produit\/baignoire-d-39-hydromassage-multifonctionnelle-180x120-cm-pour-deux-personnes-relax-vs100.html\" \/>\n<meta property=\"og:site_name\" content=\"Bagno Italia\" \/>\n<meta property=\"og:image\" content=\"https:\/\/img.bagnoitalia.com\/wp-content\/uploads\/virtuemart\/product\/V4S-0001_1.jpg\" \/>\n\t<meta property=\"og:image:width\" content=\"600\" \/>\n\t<meta property=\"og:image:height\" content=\"600\" \/>\n\t<meta property=\"og:image:type\" content=\"image\/jpeg\" \/>\n<meta name=\"twitter:card\" content=\"summary_large_image\" \/>\n<script type=\"application\/ld+json\" class=\"yoast-schema-graph\">{\"@context\":\"https:\/\/schema.org\",\"@graph\":[{\"@type\":\"WebPage\",\"@id\":\"https:\/\/www.bagnoitalia.com\/fr\/produit\/baignoire-d-39-hydromassage-multifonctionnelle-180x120-cm-pour-deux-personnes-relax-vs100.html\",\"url\":\"https:\/\/www.bagnoitalia.com\/fr\/produit\/baignoire-d-39-hydromassage-multifonctionnelle-180x120-cm-pour-deux-personnes-relax-vs100.html\",\"name\":\"Baignoire d&#39;hydromassage multifonctionnelle 180x120 cm pour deux personnes relax VS100\",\"isPartOf\":{\"@id\":\"https:\/\/www.bagnoitalia.com\/fr#website\"},\"primaryImageOfPage\":{\"@id\":\"https:\/\/www.bagnoitalia.com\/fr\/produit\/baignoire-d-39-hydromassage-multifonctionnelle-180x120-cm-pour-deux-personnes-relax-vs100.html#primaryimage\"},\"image\":{\"@id\":\"https:\/\/www.bagnoitalia.com\/fr\/produit\/baignoire-d-39-hydromassage-multifonctionnelle-180x120-cm-pour-deux-personnes-relax-vs100.html#primaryimage\"},\"thumbnailUrl\":\"https:\/\/img.bagnoitalia.com\/wp-content\/uploads\/virtuemart\/product\/V4S-0001_1.jpg\",\"datePublished\":\"2022-03-30T05:47:46+00:00\",\"description\":\"Baignoire baln\u00e9o rectangulaire 180x120x59 cm enti\u00e8rement optionnelle avec vitres lat\u00e9rales, 2 appuis-t\u00eate, pompe \u00e0 air et \u00e0 eau et 18 buses chrom\u00e9es Robinetterie incluse\",\"breadcrumb\":{\"@id\":\"https:\/\/www.bagnoitalia.com\/fr\/produit\/baignoire-d-39-hydromassage-multifonctionnelle-180x120-cm-pour-deux-personnes-relax-vs100.html#breadcrumb\"},\"inLanguage\":\"fr-FR\",\"potentialAction\":[{\"@type\":\"ReadAction\",\"target\":[\"https:\/\/www.bagnoitalia.com\/fr\/produit\/baignoire-d-39-hydromassage-multifonctionnelle-180x120-cm-pour-deux-personnes-relax-vs100.html\"]}]},{\"@type\":\"ImageObject\",\"inLanguage\":\"fr-FR\",\"@id\":\"https:\/\/www.bagnoitalia.com\/fr\/produit\/baignoire-d-39-hydromassage-multifonctionnelle-180x120-cm-pour-deux-personnes-relax-vs100.html#primaryimage\",\"url\":\"https:\/\/img.bagnoitalia.com\/wp-content\/uploads\/virtuemart\/product\/V4S-0001_1.jpg\",\"contentUrl\":\"https:\/\/img.bagnoitalia.com\/wp-content\/uploads\/virtuemart\/product\/V4S-0001_1.jpg\",\"width\":600,\"height\":600},{\"@type\":\"BreadcrumbList\",\"@id\":\"https:\/\/www.bagnoitalia.com\/fr\/produit\/baignoire-d-39-hydromassage-multifonctionnelle-180x120-cm-pour-deux-personnes-relax-vs100.html#breadcrumb\",\"itemListElement\":[{\"@type\":\"ListItem\",\"position\":1,\"name\":\"Home\",\"item\":\"https:\/\/www.bagnoitalia.com\/fr\"},{\"@type\":\"ListItem\",\"position\":2,\"name\":\"Produits\",\"item\":\"https:\/\/www.bagnoitalia.com\/fr\/shop\"},{\"@type\":\"ListItem\",\"position\":3,\"name\":\"Baignoire d&#39;hydromassage multifonctionnelle 180&#215;120 cm pour deux personnes relax VS100\"}]},{\"@type\":\"WebSite\",\"@id\":\"https:\/\/www.bagnoitalia.com\/fr#website\",\"url\":\"https:\/\/www.bagnoitalia.com\/fr\",\"name\":\"Bagno Italia\",\"description\":\"\",\"publisher\":{\"@id\":\"https:\/\/www.bagnoitalia.com\/fr#organization\"},\"potentialAction\":[{\"@type\":\"SearchAction\",\"target\":{\"@type\":\"EntryPoint\",\"urlTemplate\":\"https:\/\/www.bagnoitalia.com\/fr?s={search_term_string}\"},\"query-input\":{\"@type\":\"PropertyValueSpecification\",\"valueRequired\":true,\"valueName\":\"search_term_string\"}}],\"inLanguage\":\"fr-FR\"},{\"@type\":\"Organization\",\"@id\":\"https:\/\/www.bagnoitalia.com\/fr#organization\",\"name\":\"Bagno Italia\",\"url\":\"https:\/\/www.bagnoitalia.com\/fr\",\"logo\":{\"@type\":\"ImageObject\",\"inLanguage\":\"fr-FR\",\"@id\":\"https:\/\/www.bagnoitalia.com\/fr#\/schema\/logo\/image\/\",\"url\":\"https:\/\/img.bagnoitalia.com\/wp-content\/uploads\/logo-bagnoitalia.webp\",\"contentUrl\":\"https:\/\/img.bagnoitalia.com\/wp-content\/uploads\/logo-bagnoitalia.webp\",\"width\":400,\"height\":70,\"caption\":\"Bagno Italia\"},\"image\":{\"@id\":\"https:\/\/www.bagnoitalia.com\/fr#\/schema\/logo\/image\/\"}}]}<\/script>\n<!-- \/ Yoast SEO plugin. -->","yoast_head_json":{"title":"Baignoire d&#39;hydromassage multifonctionnelle 180x120 cm pour deux personnes relax VS100","description":"Baignoire baln\u00e9o rectangulaire 180x120x59 cm enti\u00e8rement optionnelle avec vitres lat\u00e9rales, 2 appuis-t\u00eate, pompe \u00e0 air et \u00e0 eau et 18 buses chrom\u00e9es Robinetterie incluse","robots":{"index":"index","follow":"follow","max-snippet":"max-snippet:-1","max-image-preview":"max-image-preview:large","max-video-preview":"max-video-preview:-1"},"canonical":"https:\/\/www.bagnoitalia.com\/fr\/produit\/baignoire-d-39-hydromassage-multifonctionnelle-180x120-cm-pour-deux-personnes-relax-vs100.html","og_locale":"fr_FR","og_type":"article","og_title":"Baignoire d&#39;hydromassage multifonctionnelle 180x120 cm pour deux personnes relax VS100","og_description":"Baignoire baln\u00e9o rectangulaire 180x120x59 cm enti\u00e8rement optionnelle avec vitres lat\u00e9rales, 2 appuis-t\u00eate, pompe \u00e0 air et \u00e0 eau et 18 buses chrom\u00e9es Robinetterie incluse","og_url":"https:\/\/www.bagnoitalia.com\/fr\/produit\/baignoire-d-39-hydromassage-multifonctionnelle-180x120-cm-pour-deux-personnes-relax-vs100.html","og_site_name":"Bagno Italia","og_image":[{"width":600,"height":600,"url":"https:\/\/img.bagnoitalia.com\/wp-content\/uploads\/virtuemart\/product\/V4S-0001_1.jpg","type":"image\/jpeg"}],"twitter_card":"summary_large_image","schema":{"@context":"https:\/\/schema.org","@graph":[{"@type":"WebPage","@id":"https:\/\/www.bagnoitalia.com\/fr\/produit\/baignoire-d-39-hydromassage-multifonctionnelle-180x120-cm-pour-deux-personnes-relax-vs100.html","url":"https:\/\/www.bagnoitalia.com\/fr\/produit\/baignoire-d-39-hydromassage-multifonctionnelle-180x120-cm-pour-deux-personnes-relax-vs100.html","name":"Baignoire d&#39;hydromassage multifonctionnelle 180x120 cm pour deux personnes relax VS100","isPartOf":{"@id":"https:\/\/www.bagnoitalia.com\/fr#website"},"primaryImageOfPage":{"@id":"https:\/\/www.bagnoitalia.com\/fr\/produit\/baignoire-d-39-hydromassage-multifonctionnelle-180x120-cm-pour-deux-personnes-relax-vs100.html#primaryimage"},"image":{"@id":"https:\/\/www.bagnoitalia.com\/fr\/produit\/baignoire-d-39-hydromassage-multifonctionnelle-180x120-cm-pour-deux-personnes-relax-vs100.html#primaryimage"},"thumbnailUrl":"https:\/\/img.bagnoitalia.com\/wp-content\/uploads\/virtuemart\/product\/V4S-0001_1.jpg","datePublished":"2022-03-30T05:47:46+00:00","description":"Baignoire baln\u00e9o rectangulaire 180x120x59 cm enti\u00e8rement optionnelle avec vitres lat\u00e9rales, 2 appuis-t\u00eate, pompe \u00e0 air et \u00e0 eau et 18 buses chrom\u00e9es Robinetterie incluse","breadcrumb":{"@id":"https:\/\/www.bagnoitalia.com\/fr\/produit\/baignoire-d-39-hydromassage-multifonctionnelle-180x120-cm-pour-deux-personnes-relax-vs100.html#breadcrumb"},"inLanguage":"fr-FR","potentialAction":[{"@type":"ReadAction","target":["https:\/\/www.bagnoitalia.com\/fr\/produit\/baignoire-d-39-hydromassage-multifonctionnelle-180x120-cm-pour-deux-personnes-relax-vs100.html"]}]},{"@type":"ImageObject","inLanguage":"fr-FR","@id":"https:\/\/www.bagnoitalia.com\/fr\/produit\/baignoire-d-39-hydromassage-multifonctionnelle-180x120-cm-pour-deux-personnes-relax-vs100.html#primaryimage","url":"https:\/\/img.bagnoitalia.com\/wp-content\/uploads\/virtuemart\/product\/V4S-0001_1.jpg","contentUrl":"https:\/\/img.bagnoitalia.com\/wp-content\/uploads\/virtuemart\/product\/V4S-0001_1.jpg","width":600,"height":600},{"@type":"BreadcrumbList","@id":"https:\/\/www.bagnoitalia.com\/fr\/produit\/baignoire-d-39-hydromassage-multifonctionnelle-180x120-cm-pour-deux-personnes-relax-vs100.html#breadcrumb","itemListElement":[{"@type":"ListItem","position":1,"name":"Home","item":"https:\/\/www.bagnoitalia.com\/fr"},{"@type":"ListItem","position":2,"name":"Produits","item":"https:\/\/www.bagnoitalia.com\/fr\/shop"},{"@type":"ListItem","position":3,"name":"Baignoire d&#39;hydromassage multifonctionnelle 180&#215;120 cm pour deux personnes relax VS100"}]},{"@type":"WebSite","@id":"https:\/\/www.bagnoitalia.com\/fr#website","url":"https:\/\/www.bagnoitalia.com\/fr","name":"Bagno Italia","description":"","publisher":{"@id":"https:\/\/www.bagnoitalia.com\/fr#organization"},"potentialAction":[{"@type":"SearchAction","target":{"@type":"EntryPoint","urlTemplate":"https:\/\/www.bagnoitalia.com\/fr?s={search_term_string}"},"query-input":{"@type":"PropertyValueSpecification","valueRequired":true,"valueName":"search_term_string"}}],"inLanguage":"fr-FR"},{"@type":"Organization","@id":"https:\/\/www.bagnoitalia.com\/fr#organization","name":"Bagno Italia","url":"https:\/\/www.bagnoitalia.com\/fr","logo":{"@type":"ImageObject","inLanguage":"fr-FR","@id":"https:\/\/www.bagnoitalia.com\/fr#\/schema\/logo\/image\/","url":"https:\/\/img.bagnoitalia.com\/wp-content\/uploads\/logo-bagnoitalia.webp","contentUrl":"https:\/\/img.bagnoitalia.com\/wp-content\/uploads\/logo-bagnoitalia.webp","width":400,"height":70,"caption":"Bagno Italia"},"image":{"@id":"https:\/\/www.bagnoitalia.com\/fr#\/schema\/logo\/image\/"}}]}},"_links":{"self":[{"href":"https:\/\/www.bagnoitalia.com\/fr\/wp-json\/wp\/v2\/product\/81784","targetHints":{"allow":["GET"]}}],"collection":[{"href":"https:\/\/www.bagnoitalia.com\/fr\/wp-json\/wp\/v2\/product"}],"about":[{"href":"https:\/\/www.bagnoitalia.com\/fr\/wp-json\/wp\/v2\/types\/product"}],"replies":[{"embeddable":true,"href":"https:\/\/www.bagnoitalia.com\/fr\/wp-json\/wp\/v2\/comments?post=81784"}],"version-history":[{"count":0,"href":"https:\/\/www.bagnoitalia.com\/fr\/wp-json\/wp\/v2\/product\/81784\/revisions"}],"wp:featuredmedia":[{"embeddable":true,"href":"https:\/\/www.bagnoitalia.com\/fr\/wp-json\/wp\/v2\/media\/50148"}],"wp:attachment":[{"href":"https:\/\/www.bagnoitalia.com\/fr\/wp-json\/wp\/v2\/media?parent=81784"}],"wp:term":[{"taxonomy":"product_brand","embeddable":true,"href":"https:\/\/www.bagnoitalia.com\/fr\/wp-json\/wp\/v2\/product_brand?post=81784"},{"taxonomy":"product_cat","embeddable":true,"href":"https:\/\/www.bagnoitalia.com\/fr\/wp-json\/wp\/v2\/product_cat?post=81784"},{"taxonomy":"product_tag","embeddable":true,"href":"https:\/\/www.bagnoitalia.com\/fr\/wp-json\/wp\/v2\/product_tag?post=81784"}],"curies":[{"name":"wp","href":"https:\/\/api.w.org\/{rel}","templated":true}]}}