{"id":81764,"date":"2022-03-30T07:47:46","date_gmt":"2022-03-30T05:47:46","guid":{"rendered":"https:\/\/www.bagnoitalia.com\/product\/mini-piscine-autogonflante-mspa-185xh68-cm-balneo-spa-5-6-places-mg13"},"modified":"2025-08-07T16:29:14","modified_gmt":"2025-08-07T14:29:14","slug":"mini-piscine-autogonflante-mspa-185xh68-cm-balneo-spa-5-6-places-mg13","status":"publish","type":"product","link":"https:\/\/www.bagnoitalia.com\/fr\/produit\/mini-piscine-autogonflante-mspa-185xh68-cm-balneo-spa-5-6-places-mg13.html","title":{"rendered":"Mini-piscine autogonflante Mspa 185xH68 cm baln\u00e9o spa 5-6 places MG13"},"content":{"rendered":"<p><strong><span style=\"font-size: 14pt;\"><span style=\"text-decoration: underline;\">BAIN TOURBILLON GONFLABLE MG13<\/span><\/span><\/strong><\/p>\n<p><strong>DIMENSIONS :<\/strong> 185 XH 68 CM adapt\u00e9 pour 5-6 personnes<\/p>\n<p><strong>AUTO-GONFLAGE :<\/strong> au moyen d&rsquo;un moteur interne<\/p>\n<p><span style=\"text-decoration: underline;\"><strong>CARACT\u00c9RISTIQUES TECHNIQUES:<\/strong><\/span><\/p>\n<p>Mini-piscine \u00e9quip\u00e9e d&rsquo;un r\u00e9chauffeur (1500W MAX 42\u00b0C) et d&rsquo;un syst\u00e8me antigel<\/p>\n<p>-2 filtres pour le filtrage de l&rsquo;eau et 1 pompe \u00e0 air (600Watt)<\/p>\n<p>-930 litres de capacit\u00e9 et puissance de 220-240 volts<\/p>\n<p>&#8211; Mat\u00e9riau pvc renforc\u00e9 \u00e0 6 couches<\/p>\n<p>&#8211; T\u00e9l\u00e9commande led r\u00e9sistante \u00e0 l&rsquo;eau et horloge num\u00e9rique<\/p>\n<p>&#8211; Fonction de verrouillage enfant disponible<\/p>\n<p>-132 jets tourbillons<\/p>\n<h5>&#8211; Adaptateur de tuyau d&rsquo;\u00e9chappement, couvercle de fermeture \u00e0 glissi\u00e8re et tapis en mousse inclus dans le prix<\/h5>\n<h5>&#8211; <strong>CERTIFICATIONS\u00a0: CE, ISO9001-2008<\/strong><\/h5>\n<p>ATTENTION\u00a0: dans le menu d\u00e9roulant, il est possible de combiner une <a href=\"struttura-in-simil-rattan-per-minipiscine-gonfiabili-mspa-rotonda-o-quadrata-con-gradini.html\">structure en rotin \u00e0<\/a> installer autour de la minipiscine. Le kit se compose de <strong>7 armoires<\/strong> dont 4 avec portes et 3 ouvertes (ouvertes, sans portes) et est disponible :<\/p>\n<p>&#8211; avec seulement 1 marche<\/p>\n<p>&#8211; \u00e0 double marche, c&rsquo;est-\u00e0-dire compos\u00e9e de 1 marche simple et de 2 marches superpos\u00e9es (pour un total de 3 pi\u00e8ces)<\/p>\n","protected":false},"excerpt":{"rendered":"<p>Spa gonflable \u00e0 remous, 132 jets tourbillons, syst\u00e8me antigel et chauffe-eau et couvercle avec boucles de fermeture inclus<\/p>\n","protected":false},"featured_media":49992,"comment_status":"open","ping_status":"closed","template":"","meta":[],"product_brand":[9924],"product_cat":[9775],"product_tag":[],"class_list":{"0":"post-81764","1":"product","2":"type-product","3":"status-publish","4":"has-post-thumbnail","6":"product_brand-predator-arredo-casa-fr","7":"product_cat-bains-a-remous-gonflables","9":"first","10":"instock","11":"sale","12":"taxable","13":"shipping-taxable","14":"purchasable","15":"product-type-simple"},"exclude_global_add_ons":false,"addons":[{"name":"Typologie","type":"multiple_choice","position":0,"required":true,"title_format":"heading","default":"","description_enable":false,"description":"","placeholder_enable":false,"placeholder":"","display":"select","restrictions_type":"any_text","adjust_price":false,"price":"","price_type":"flat_fee","restrictions":false,"min":"0","max":"0","options":[{"label":"sans structure en rotin","price":"","price_type":"quantity_based","image":0,"visibility":true},{"label":"avec structure en rotin et 1 \u00e9tape","price":"1799","price_type":"quantity_based","image":0,"visibility":true},{"label":"(Pas disponible) avec structure en rotin et double \u00e9tape","price":"1999","price_type":"quantity_based","image":0,"visibility":true}],"id":1716981473}],"yoast_head":"<!-- This site is optimized with the Yoast SEO plugin v26.7 - https:\/\/yoast.com\/wordpress\/plugins\/seo\/ -->\n<title>Mini-piscine autogonflante 185xH68 cm baln\u00e9o spa 5-6 places MG13<\/title>\n<meta name=\"description\" content=\"Spa gonflable \u00e0 remous, 132 jets tourbillons, syst\u00e8me antigel et chauffe-eau et couvercle avec boucles de fermeture inclus\" \/>\n<meta name=\"robots\" content=\"index, follow, max-snippet:-1, max-image-preview:large, max-video-preview:-1\" \/>\n<link rel=\"canonical\" href=\"https:\/\/www.bagnoitalia.com\/fr\/produit\/mini-piscine-autogonflante-mspa-185xh68-cm-balneo-spa-5-6-places-mg13.html\" \/>\n<meta property=\"og:locale\" content=\"fr_FR\" \/>\n<meta property=\"og:type\" content=\"article\" \/>\n<meta property=\"og:title\" content=\"Mini-piscine autogonflante 185xH68 cm baln\u00e9o spa 5-6 places MG13\" \/>\n<meta property=\"og:description\" content=\"Spa gonflable \u00e0 remous, 132 jets tourbillons, syst\u00e8me antigel et chauffe-eau et couvercle avec boucles de fermeture inclus\" \/>\n<meta property=\"og:url\" content=\"https:\/\/www.bagnoitalia.com\/fr\/produit\/mini-piscine-autogonflante-mspa-185xh68-cm-balneo-spa-5-6-places-mg13.html\" \/>\n<meta property=\"og:site_name\" content=\"Bagno Italia\" \/>\n<meta property=\"article:modified_time\" content=\"2025-08-07T14:29:14+00:00\" \/>\n<meta property=\"og:image\" content=\"https:\/\/img.bagnoitalia.com\/wp-content\/uploads\/virtuemart\/product\/mpg-0008_1.jpg\" \/>\n\t<meta property=\"og:image:width\" content=\"550\" \/>\n\t<meta property=\"og:image:height\" content=\"550\" \/>\n\t<meta property=\"og:image:type\" content=\"image\/jpeg\" \/>\n<meta name=\"twitter:card\" content=\"summary_large_image\" \/>\n<meta name=\"twitter:label1\" content=\"Dur\u00e9e de lecture estim\u00e9e\" \/>\n\t<meta name=\"twitter:data1\" content=\"1 minute\" \/>\n<script type=\"application\/ld+json\" class=\"yoast-schema-graph\">{\"@context\":\"https:\/\/schema.org\",\"@graph\":[{\"@type\":\"WebPage\",\"@id\":\"https:\/\/www.bagnoitalia.com\/fr\/produit\/mini-piscine-autogonflante-mspa-185xh68-cm-balneo-spa-5-6-places-mg13.html\",\"url\":\"https:\/\/www.bagnoitalia.com\/fr\/produit\/mini-piscine-autogonflante-mspa-185xh68-cm-balneo-spa-5-6-places-mg13.html\",\"name\":\"Mini-piscine autogonflante 185xH68 cm baln\u00e9o spa 5-6 places MG13\",\"isPartOf\":{\"@id\":\"https:\/\/www.bagnoitalia.com\/fr#website\"},\"primaryImageOfPage\":{\"@id\":\"https:\/\/www.bagnoitalia.com\/fr\/produit\/mini-piscine-autogonflante-mspa-185xh68-cm-balneo-spa-5-6-places-mg13.html#primaryimage\"},\"image\":{\"@id\":\"https:\/\/www.bagnoitalia.com\/fr\/produit\/mini-piscine-autogonflante-mspa-185xh68-cm-balneo-spa-5-6-places-mg13.html#primaryimage\"},\"thumbnailUrl\":\"https:\/\/img.bagnoitalia.com\/wp-content\/uploads\/virtuemart\/product\/mpg-0008_1.jpg\",\"datePublished\":\"2022-03-30T05:47:46+00:00\",\"dateModified\":\"2025-08-07T14:29:14+00:00\",\"description\":\"Spa gonflable \u00e0 remous, 132 jets tourbillons, syst\u00e8me antigel et chauffe-eau et couvercle avec boucles de fermeture inclus\",\"breadcrumb\":{\"@id\":\"https:\/\/www.bagnoitalia.com\/fr\/produit\/mini-piscine-autogonflante-mspa-185xh68-cm-balneo-spa-5-6-places-mg13.html#breadcrumb\"},\"inLanguage\":\"fr-FR\",\"potentialAction\":[{\"@type\":\"ReadAction\",\"target\":[\"https:\/\/www.bagnoitalia.com\/fr\/produit\/mini-piscine-autogonflante-mspa-185xh68-cm-balneo-spa-5-6-places-mg13.html\"]}]},{\"@type\":\"ImageObject\",\"inLanguage\":\"fr-FR\",\"@id\":\"https:\/\/www.bagnoitalia.com\/fr\/produit\/mini-piscine-autogonflante-mspa-185xh68-cm-balneo-spa-5-6-places-mg13.html#primaryimage\",\"url\":\"https:\/\/img.bagnoitalia.com\/wp-content\/uploads\/virtuemart\/product\/mpg-0008_1.jpg\",\"contentUrl\":\"https:\/\/img.bagnoitalia.com\/wp-content\/uploads\/virtuemart\/product\/mpg-0008_1.jpg\",\"width\":550,\"height\":550},{\"@type\":\"BreadcrumbList\",\"@id\":\"https:\/\/www.bagnoitalia.com\/fr\/produit\/mini-piscine-autogonflante-mspa-185xh68-cm-balneo-spa-5-6-places-mg13.html#breadcrumb\",\"itemListElement\":[{\"@type\":\"ListItem\",\"position\":1,\"name\":\"Home\",\"item\":\"https:\/\/www.bagnoitalia.com\/fr\"},{\"@type\":\"ListItem\",\"position\":2,\"name\":\"Produits\",\"item\":\"https:\/\/www.bagnoitalia.com\/fr\/shop\"},{\"@type\":\"ListItem\",\"position\":3,\"name\":\"Mini-piscine autogonflante Mspa 185xH68 cm baln\u00e9o spa 5-6 places MG13\"}]},{\"@type\":\"WebSite\",\"@id\":\"https:\/\/www.bagnoitalia.com\/fr#website\",\"url\":\"https:\/\/www.bagnoitalia.com\/fr\",\"name\":\"Bagno Italia\",\"description\":\"\",\"publisher\":{\"@id\":\"https:\/\/www.bagnoitalia.com\/fr#organization\"},\"potentialAction\":[{\"@type\":\"SearchAction\",\"target\":{\"@type\":\"EntryPoint\",\"urlTemplate\":\"https:\/\/www.bagnoitalia.com\/fr?s={search_term_string}\"},\"query-input\":{\"@type\":\"PropertyValueSpecification\",\"valueRequired\":true,\"valueName\":\"search_term_string\"}}],\"inLanguage\":\"fr-FR\"},{\"@type\":\"Organization\",\"@id\":\"https:\/\/www.bagnoitalia.com\/fr#organization\",\"name\":\"Bagno Italia\",\"url\":\"https:\/\/www.bagnoitalia.com\/fr\",\"logo\":{\"@type\":\"ImageObject\",\"inLanguage\":\"fr-FR\",\"@id\":\"https:\/\/www.bagnoitalia.com\/fr#\/schema\/logo\/image\/\",\"url\":\"https:\/\/img.bagnoitalia.com\/wp-content\/uploads\/logo-bagnoitalia.webp\",\"contentUrl\":\"https:\/\/img.bagnoitalia.com\/wp-content\/uploads\/logo-bagnoitalia.webp\",\"width\":400,\"height\":70,\"caption\":\"Bagno Italia\"},\"image\":{\"@id\":\"https:\/\/www.bagnoitalia.com\/fr#\/schema\/logo\/image\/\"}}]}<\/script>\n<!-- \/ Yoast SEO plugin. -->","yoast_head_json":{"title":"Mini-piscine autogonflante 185xH68 cm baln\u00e9o spa 5-6 places MG13","description":"Spa gonflable \u00e0 remous, 132 jets tourbillons, syst\u00e8me antigel et chauffe-eau et couvercle avec boucles de fermeture inclus","robots":{"index":"index","follow":"follow","max-snippet":"max-snippet:-1","max-image-preview":"max-image-preview:large","max-video-preview":"max-video-preview:-1"},"canonical":"https:\/\/www.bagnoitalia.com\/fr\/produit\/mini-piscine-autogonflante-mspa-185xh68-cm-balneo-spa-5-6-places-mg13.html","og_locale":"fr_FR","og_type":"article","og_title":"Mini-piscine autogonflante 185xH68 cm baln\u00e9o spa 5-6 places MG13","og_description":"Spa gonflable \u00e0 remous, 132 jets tourbillons, syst\u00e8me antigel et chauffe-eau et couvercle avec boucles de fermeture inclus","og_url":"https:\/\/www.bagnoitalia.com\/fr\/produit\/mini-piscine-autogonflante-mspa-185xh68-cm-balneo-spa-5-6-places-mg13.html","og_site_name":"Bagno Italia","article_modified_time":"2025-08-07T14:29:14+00:00","og_image":[{"width":550,"height":550,"url":"https:\/\/img.bagnoitalia.com\/wp-content\/uploads\/virtuemart\/product\/mpg-0008_1.jpg","type":"image\/jpeg"}],"twitter_card":"summary_large_image","twitter_misc":{"Dur\u00e9e de lecture estim\u00e9e":"1 minute"},"schema":{"@context":"https:\/\/schema.org","@graph":[{"@type":"WebPage","@id":"https:\/\/www.bagnoitalia.com\/fr\/produit\/mini-piscine-autogonflante-mspa-185xh68-cm-balneo-spa-5-6-places-mg13.html","url":"https:\/\/www.bagnoitalia.com\/fr\/produit\/mini-piscine-autogonflante-mspa-185xh68-cm-balneo-spa-5-6-places-mg13.html","name":"Mini-piscine autogonflante 185xH68 cm baln\u00e9o spa 5-6 places MG13","isPartOf":{"@id":"https:\/\/www.bagnoitalia.com\/fr#website"},"primaryImageOfPage":{"@id":"https:\/\/www.bagnoitalia.com\/fr\/produit\/mini-piscine-autogonflante-mspa-185xh68-cm-balneo-spa-5-6-places-mg13.html#primaryimage"},"image":{"@id":"https:\/\/www.bagnoitalia.com\/fr\/produit\/mini-piscine-autogonflante-mspa-185xh68-cm-balneo-spa-5-6-places-mg13.html#primaryimage"},"thumbnailUrl":"https:\/\/img.bagnoitalia.com\/wp-content\/uploads\/virtuemart\/product\/mpg-0008_1.jpg","datePublished":"2022-03-30T05:47:46+00:00","dateModified":"2025-08-07T14:29:14+00:00","description":"Spa gonflable \u00e0 remous, 132 jets tourbillons, syst\u00e8me antigel et chauffe-eau et couvercle avec boucles de fermeture inclus","breadcrumb":{"@id":"https:\/\/www.bagnoitalia.com\/fr\/produit\/mini-piscine-autogonflante-mspa-185xh68-cm-balneo-spa-5-6-places-mg13.html#breadcrumb"},"inLanguage":"fr-FR","potentialAction":[{"@type":"ReadAction","target":["https:\/\/www.bagnoitalia.com\/fr\/produit\/mini-piscine-autogonflante-mspa-185xh68-cm-balneo-spa-5-6-places-mg13.html"]}]},{"@type":"ImageObject","inLanguage":"fr-FR","@id":"https:\/\/www.bagnoitalia.com\/fr\/produit\/mini-piscine-autogonflante-mspa-185xh68-cm-balneo-spa-5-6-places-mg13.html#primaryimage","url":"https:\/\/img.bagnoitalia.com\/wp-content\/uploads\/virtuemart\/product\/mpg-0008_1.jpg","contentUrl":"https:\/\/img.bagnoitalia.com\/wp-content\/uploads\/virtuemart\/product\/mpg-0008_1.jpg","width":550,"height":550},{"@type":"BreadcrumbList","@id":"https:\/\/www.bagnoitalia.com\/fr\/produit\/mini-piscine-autogonflante-mspa-185xh68-cm-balneo-spa-5-6-places-mg13.html#breadcrumb","itemListElement":[{"@type":"ListItem","position":1,"name":"Home","item":"https:\/\/www.bagnoitalia.com\/fr"},{"@type":"ListItem","position":2,"name":"Produits","item":"https:\/\/www.bagnoitalia.com\/fr\/shop"},{"@type":"ListItem","position":3,"name":"Mini-piscine autogonflante Mspa 185xH68 cm baln\u00e9o spa 5-6 places MG13"}]},{"@type":"WebSite","@id":"https:\/\/www.bagnoitalia.com\/fr#website","url":"https:\/\/www.bagnoitalia.com\/fr","name":"Bagno Italia","description":"","publisher":{"@id":"https:\/\/www.bagnoitalia.com\/fr#organization"},"potentialAction":[{"@type":"SearchAction","target":{"@type":"EntryPoint","urlTemplate":"https:\/\/www.bagnoitalia.com\/fr?s={search_term_string}"},"query-input":{"@type":"PropertyValueSpecification","valueRequired":true,"valueName":"search_term_string"}}],"inLanguage":"fr-FR"},{"@type":"Organization","@id":"https:\/\/www.bagnoitalia.com\/fr#organization","name":"Bagno Italia","url":"https:\/\/www.bagnoitalia.com\/fr","logo":{"@type":"ImageObject","inLanguage":"fr-FR","@id":"https:\/\/www.bagnoitalia.com\/fr#\/schema\/logo\/image\/","url":"https:\/\/img.bagnoitalia.com\/wp-content\/uploads\/logo-bagnoitalia.webp","contentUrl":"https:\/\/img.bagnoitalia.com\/wp-content\/uploads\/logo-bagnoitalia.webp","width":400,"height":70,"caption":"Bagno Italia"},"image":{"@id":"https:\/\/www.bagnoitalia.com\/fr#\/schema\/logo\/image\/"}}]}},"_links":{"self":[{"href":"https:\/\/www.bagnoitalia.com\/fr\/wp-json\/wp\/v2\/product\/81764","targetHints":{"allow":["GET"]}}],"collection":[{"href":"https:\/\/www.bagnoitalia.com\/fr\/wp-json\/wp\/v2\/product"}],"about":[{"href":"https:\/\/www.bagnoitalia.com\/fr\/wp-json\/wp\/v2\/types\/product"}],"replies":[{"embeddable":true,"href":"https:\/\/www.bagnoitalia.com\/fr\/wp-json\/wp\/v2\/comments?post=81764"}],"version-history":[{"count":1,"href":"https:\/\/www.bagnoitalia.com\/fr\/wp-json\/wp\/v2\/product\/81764\/revisions"}],"predecessor-version":[{"id":88747,"href":"https:\/\/www.bagnoitalia.com\/fr\/wp-json\/wp\/v2\/product\/81764\/revisions\/88747"}],"wp:featuredmedia":[{"embeddable":true,"href":"https:\/\/www.bagnoitalia.com\/fr\/wp-json\/wp\/v2\/media\/49992"}],"wp:attachment":[{"href":"https:\/\/www.bagnoitalia.com\/fr\/wp-json\/wp\/v2\/media?parent=81764"}],"wp:term":[{"taxonomy":"product_brand","embeddable":true,"href":"https:\/\/www.bagnoitalia.com\/fr\/wp-json\/wp\/v2\/product_brand?post=81764"},{"taxonomy":"product_cat","embeddable":true,"href":"https:\/\/www.bagnoitalia.com\/fr\/wp-json\/wp\/v2\/product_cat?post=81764"},{"taxonomy":"product_tag","embeddable":true,"href":"https:\/\/www.bagnoitalia.com\/fr\/wp-json\/wp\/v2\/product_tag?post=81764"}],"curies":[{"name":"wp","href":"https:\/\/api.w.org\/{rel}","templated":true}]}}