{"id":81740,"date":"2022-03-30T07:47:46","date_gmt":"2022-03-30T05:47:46","guid":{"rendered":"https:\/\/www.bagnoitalia.com\/product\/mini-piscine-hydromassage-auto-gonflable-185x185-cm-spa-relax-6-places-132-jets-mg12"},"modified":"2025-08-07T16:29:07","modified_gmt":"2025-08-07T14:29:07","slug":"mini-piscine-hydromassage-auto-gonflable-185x185-cm-spa-relax-6-places-132-jets-mg12","status":"publish","type":"product","link":"https:\/\/www.bagnoitalia.com\/fr\/produit\/mini-piscine-hydromassage-auto-gonflable-185x185-cm-spa-relax-6-places-132-jets-mg12.html","title":{"rendered":"Mini-piscine hydromassage auto-gonflable 185&#215;185 cm spa relax 6 places 132 jets MG12"},"content":{"rendered":"<p><strong><span style=\"font-size: 14pt;\"><span style=\"text-decoration: underline;\">MINI PISCINE AUTOGONFLANTE CARREE MG12<\/span><br \/>\n<\/span><\/strong><\/p>\n<p>ATTENTION\u00a0: dans le menu d\u00e9roulant, il est possible de combiner une <a href=\"struttura-in-simil-rattan-per-minipiscine-gonfiabili-mspa-rotonda-o-quadrata-con-gradini.html\">structure en rotin \u00e0<\/a> installer autour de la minipiscine. Le kit se compose de <strong>7 armoires<\/strong> dont 4 avec portes et 3 ouvertes (ouvertes, sans portes) et est disponible :<\/p>\n<p>&#8211; avec seulement 1 marche<\/p>\n<p>&#8211; \u00e0 double marche, c&rsquo;est-\u00e0-dire compos\u00e9e de 1 marche simple et de 2 marches superpos\u00e9es (pour un total de 3 pi\u00e8ces)<\/p>\n<p><span style=\"text-decoration: underline;\"><span style=\"font-size: 14pt;\"><strong>D\u00c9TAILS DU PRODUIT:<br \/>\n<\/strong><\/span><\/span><\/p>\n<p>Dimensions ext\u00e9rieures : 185&#215;185 cm<\/p>\n<p>Mesures internes : 145&#215;145 cm<\/p>\n<p>Hauteur : 68cm<\/p>\n<p>Il se gonfle via le moteur interne<\/p>\n<p>132 jets d&rsquo;air \u00e0 3 niveaux de d\u00e9bit<\/p>\n<p>T\u00e9l\u00e9commande tactile \u00e9tanche avec syst\u00e8me LCD<\/p>\n<p>Convient pour 6 personnes<\/p>\n<p>Chambre \u00e0 air<\/p>\n<p>Matelas flottant<\/p>\n<p>Adaptateur de tuyau d&rsquo;\u00e9chappement<\/p>\n<p>Th\u00e9rapie \u00e0 l&rsquo;ozone<\/p>\n<p>R\u00e9gulation de la temp\u00e9rature (max 40\u00b0C)<\/p>\n<p>Chauffage (consommation maximale 1500W) : permet d&rsquo;augmenter la temp\u00e9rature de 1,5-2\u00b0C\/heure<\/p>\n<p>Syst\u00e8me de filtre \u00e0 eau 12V \/ 60W (2 filtres inclus avec le produit)<\/p>\n<p>Capacit\u00e9 maximale : 930 litres<\/p>\n<p>Alimentation\u00a0: 220-240\u00a0volts<\/p>\n<p>Pompe \u00e0 air 720W<\/p>\n<p>Mat\u00e9riau PVC renforc\u00e9 \u00e0 6 couches Rhino-TechTM Premium<\/p>\n<p>Housse en PVC renforc\u00e9, fermeture zipp\u00e9e<\/p>\n<p>Syst\u00e8me antigel<\/p>\n<p>Certifications\u00a0: CE, ISO9001-2008<\/p>\n","protected":false},"excerpt":{"rendered":"<p>Mini-piscine autogonflante avec 132 jets d&rsquo;air, ozonoth\u00e9rapie. Accessoires inclus : couverture thermique, matelas flottant, 2 filtres, vessie gonflable, t\u00e9l\u00e9commande.<\/p>\n","protected":false},"featured_media":49668,"comment_status":"open","ping_status":"closed","template":"","meta":[],"product_brand":[9879],"product_cat":[9775],"product_tag":[],"class_list":{"0":"post-81740","1":"product","2":"type-product","3":"status-publish","4":"has-post-thumbnail","6":"product_brand-vari-produttori-fr","7":"product_cat-bains-a-remous-gonflables","9":"first","10":"instock","11":"sale","12":"taxable","13":"shipping-taxable","14":"purchasable","15":"product-type-simple"},"exclude_global_add_ons":false,"addons":[{"name":"Typologie","type":"multiple_choice","position":0,"required":true,"title_format":"heading","default":"","description_enable":false,"description":"","placeholder_enable":false,"placeholder":"","display":"select","restrictions_type":"any_text","adjust_price":false,"price":"","price_type":"flat_fee","restrictions":false,"min":"0","max":"0","options":[{"label":"sans structure en rotin","price":"","price_type":"quantity_based","image":0,"visibility":true},{"label":"avec structure en rotin et 1 \u00e9tape","price":"1799","price_type":"quantity_based","image":0,"visibility":true},{"label":"(Pas disponible) avec structure en rotin et double \u00e9tape","price":"1999","price_type":"quantity_based","image":0,"visibility":true}],"id":1716562308}],"yoast_head":"<!-- This site is optimized with the Yoast SEO plugin v26.7 - https:\/\/yoast.com\/wordpress\/plugins\/seo\/ -->\n<title>Mini-piscine hydromassage auto-gonflable 185x185 cm spa relax 6 places 132 jets MG12<\/title>\n<meta name=\"description\" content=\"Mini-piscine autogonflante avec 132 jets d&#039;air, ozonoth\u00e9rapie. Accessoires inclus : couverture thermique, matelas flottant, 2 filtres, vessie gonflable, t\u00e9l\u00e9commande.\" \/>\n<meta name=\"robots\" content=\"index, follow, max-snippet:-1, max-image-preview:large, max-video-preview:-1\" \/>\n<link rel=\"canonical\" href=\"https:\/\/www.bagnoitalia.com\/fr\/produit\/mini-piscine-hydromassage-auto-gonflable-185x185-cm-spa-relax-6-places-132-jets-mg12.html\" \/>\n<meta property=\"og:locale\" content=\"fr_FR\" \/>\n<meta property=\"og:type\" content=\"article\" \/>\n<meta property=\"og:title\" content=\"Mini-piscine hydromassage auto-gonflable 185x185 cm spa relax 6 places 132 jets MG12\" \/>\n<meta property=\"og:description\" content=\"Mini-piscine autogonflante avec 132 jets d&#039;air, ozonoth\u00e9rapie. Accessoires inclus : couverture thermique, matelas flottant, 2 filtres, vessie gonflable, t\u00e9l\u00e9commande.\" \/>\n<meta property=\"og:url\" content=\"https:\/\/www.bagnoitalia.com\/fr\/produit\/mini-piscine-hydromassage-auto-gonflable-185x185-cm-spa-relax-6-places-132-jets-mg12.html\" \/>\n<meta property=\"og:site_name\" content=\"Bagno Italia\" \/>\n<meta property=\"article:modified_time\" content=\"2025-08-07T14:29:07+00:00\" \/>\n<meta property=\"og:image\" content=\"https:\/\/img.bagnoitalia.com\/wp-content\/uploads\/virtuemart\/product\/mpg-0007_1.jpg\" \/>\n\t<meta property=\"og:image:width\" content=\"550\" \/>\n\t<meta property=\"og:image:height\" content=\"550\" \/>\n\t<meta property=\"og:image:type\" content=\"image\/jpeg\" \/>\n<meta name=\"twitter:card\" content=\"summary_large_image\" \/>\n<meta name=\"twitter:label1\" content=\"Dur\u00e9e de lecture estim\u00e9e\" \/>\n\t<meta name=\"twitter:data1\" content=\"1 minute\" \/>\n<script type=\"application\/ld+json\" class=\"yoast-schema-graph\">{\"@context\":\"https:\/\/schema.org\",\"@graph\":[{\"@type\":\"WebPage\",\"@id\":\"https:\/\/www.bagnoitalia.com\/fr\/produit\/mini-piscine-hydromassage-auto-gonflable-185x185-cm-spa-relax-6-places-132-jets-mg12.html\",\"url\":\"https:\/\/www.bagnoitalia.com\/fr\/produit\/mini-piscine-hydromassage-auto-gonflable-185x185-cm-spa-relax-6-places-132-jets-mg12.html\",\"name\":\"Mini-piscine hydromassage auto-gonflable 185x185 cm spa relax 6 places 132 jets MG12\",\"isPartOf\":{\"@id\":\"https:\/\/www.bagnoitalia.com\/fr#website\"},\"primaryImageOfPage\":{\"@id\":\"https:\/\/www.bagnoitalia.com\/fr\/produit\/mini-piscine-hydromassage-auto-gonflable-185x185-cm-spa-relax-6-places-132-jets-mg12.html#primaryimage\"},\"image\":{\"@id\":\"https:\/\/www.bagnoitalia.com\/fr\/produit\/mini-piscine-hydromassage-auto-gonflable-185x185-cm-spa-relax-6-places-132-jets-mg12.html#primaryimage\"},\"thumbnailUrl\":\"https:\/\/img.bagnoitalia.com\/wp-content\/uploads\/virtuemart\/product\/mpg-0007_1.jpg\",\"datePublished\":\"2022-03-30T05:47:46+00:00\",\"dateModified\":\"2025-08-07T14:29:07+00:00\",\"description\":\"Mini-piscine autogonflante avec 132 jets d'air, ozonoth\u00e9rapie. Accessoires inclus : couverture thermique, matelas flottant, 2 filtres, vessie gonflable, t\u00e9l\u00e9commande.\",\"breadcrumb\":{\"@id\":\"https:\/\/www.bagnoitalia.com\/fr\/produit\/mini-piscine-hydromassage-auto-gonflable-185x185-cm-spa-relax-6-places-132-jets-mg12.html#breadcrumb\"},\"inLanguage\":\"fr-FR\",\"potentialAction\":[{\"@type\":\"ReadAction\",\"target\":[\"https:\/\/www.bagnoitalia.com\/fr\/produit\/mini-piscine-hydromassage-auto-gonflable-185x185-cm-spa-relax-6-places-132-jets-mg12.html\"]}]},{\"@type\":\"ImageObject\",\"inLanguage\":\"fr-FR\",\"@id\":\"https:\/\/www.bagnoitalia.com\/fr\/produit\/mini-piscine-hydromassage-auto-gonflable-185x185-cm-spa-relax-6-places-132-jets-mg12.html#primaryimage\",\"url\":\"https:\/\/img.bagnoitalia.com\/wp-content\/uploads\/virtuemart\/product\/mpg-0007_1.jpg\",\"contentUrl\":\"https:\/\/img.bagnoitalia.com\/wp-content\/uploads\/virtuemart\/product\/mpg-0007_1.jpg\",\"width\":550,\"height\":550},{\"@type\":\"BreadcrumbList\",\"@id\":\"https:\/\/www.bagnoitalia.com\/fr\/produit\/mini-piscine-hydromassage-auto-gonflable-185x185-cm-spa-relax-6-places-132-jets-mg12.html#breadcrumb\",\"itemListElement\":[{\"@type\":\"ListItem\",\"position\":1,\"name\":\"Home\",\"item\":\"https:\/\/www.bagnoitalia.com\/fr\"},{\"@type\":\"ListItem\",\"position\":2,\"name\":\"Produits\",\"item\":\"https:\/\/www.bagnoitalia.com\/fr\/shop\"},{\"@type\":\"ListItem\",\"position\":3,\"name\":\"Mini-piscine hydromassage auto-gonflable 185&#215;185 cm spa relax 6 places 132 jets MG12\"}]},{\"@type\":\"WebSite\",\"@id\":\"https:\/\/www.bagnoitalia.com\/fr#website\",\"url\":\"https:\/\/www.bagnoitalia.com\/fr\",\"name\":\"Bagno Italia\",\"description\":\"\",\"publisher\":{\"@id\":\"https:\/\/www.bagnoitalia.com\/fr#organization\"},\"potentialAction\":[{\"@type\":\"SearchAction\",\"target\":{\"@type\":\"EntryPoint\",\"urlTemplate\":\"https:\/\/www.bagnoitalia.com\/fr?s={search_term_string}\"},\"query-input\":{\"@type\":\"PropertyValueSpecification\",\"valueRequired\":true,\"valueName\":\"search_term_string\"}}],\"inLanguage\":\"fr-FR\"},{\"@type\":\"Organization\",\"@id\":\"https:\/\/www.bagnoitalia.com\/fr#organization\",\"name\":\"Bagno Italia\",\"url\":\"https:\/\/www.bagnoitalia.com\/fr\",\"logo\":{\"@type\":\"ImageObject\",\"inLanguage\":\"fr-FR\",\"@id\":\"https:\/\/www.bagnoitalia.com\/fr#\/schema\/logo\/image\/\",\"url\":\"https:\/\/img.bagnoitalia.com\/wp-content\/uploads\/logo-bagnoitalia.webp\",\"contentUrl\":\"https:\/\/img.bagnoitalia.com\/wp-content\/uploads\/logo-bagnoitalia.webp\",\"width\":400,\"height\":70,\"caption\":\"Bagno Italia\"},\"image\":{\"@id\":\"https:\/\/www.bagnoitalia.com\/fr#\/schema\/logo\/image\/\"}}]}<\/script>\n<!-- \/ Yoast SEO plugin. -->","yoast_head_json":{"title":"Mini-piscine hydromassage auto-gonflable 185x185 cm spa relax 6 places 132 jets MG12","description":"Mini-piscine autogonflante avec 132 jets d'air, ozonoth\u00e9rapie. Accessoires inclus : couverture thermique, matelas flottant, 2 filtres, vessie gonflable, t\u00e9l\u00e9commande.","robots":{"index":"index","follow":"follow","max-snippet":"max-snippet:-1","max-image-preview":"max-image-preview:large","max-video-preview":"max-video-preview:-1"},"canonical":"https:\/\/www.bagnoitalia.com\/fr\/produit\/mini-piscine-hydromassage-auto-gonflable-185x185-cm-spa-relax-6-places-132-jets-mg12.html","og_locale":"fr_FR","og_type":"article","og_title":"Mini-piscine hydromassage auto-gonflable 185x185 cm spa relax 6 places 132 jets MG12","og_description":"Mini-piscine autogonflante avec 132 jets d'air, ozonoth\u00e9rapie. Accessoires inclus : couverture thermique, matelas flottant, 2 filtres, vessie gonflable, t\u00e9l\u00e9commande.","og_url":"https:\/\/www.bagnoitalia.com\/fr\/produit\/mini-piscine-hydromassage-auto-gonflable-185x185-cm-spa-relax-6-places-132-jets-mg12.html","og_site_name":"Bagno Italia","article_modified_time":"2025-08-07T14:29:07+00:00","og_image":[{"width":550,"height":550,"url":"https:\/\/img.bagnoitalia.com\/wp-content\/uploads\/virtuemart\/product\/mpg-0007_1.jpg","type":"image\/jpeg"}],"twitter_card":"summary_large_image","twitter_misc":{"Dur\u00e9e de lecture estim\u00e9e":"1 minute"},"schema":{"@context":"https:\/\/schema.org","@graph":[{"@type":"WebPage","@id":"https:\/\/www.bagnoitalia.com\/fr\/produit\/mini-piscine-hydromassage-auto-gonflable-185x185-cm-spa-relax-6-places-132-jets-mg12.html","url":"https:\/\/www.bagnoitalia.com\/fr\/produit\/mini-piscine-hydromassage-auto-gonflable-185x185-cm-spa-relax-6-places-132-jets-mg12.html","name":"Mini-piscine hydromassage auto-gonflable 185x185 cm spa relax 6 places 132 jets MG12","isPartOf":{"@id":"https:\/\/www.bagnoitalia.com\/fr#website"},"primaryImageOfPage":{"@id":"https:\/\/www.bagnoitalia.com\/fr\/produit\/mini-piscine-hydromassage-auto-gonflable-185x185-cm-spa-relax-6-places-132-jets-mg12.html#primaryimage"},"image":{"@id":"https:\/\/www.bagnoitalia.com\/fr\/produit\/mini-piscine-hydromassage-auto-gonflable-185x185-cm-spa-relax-6-places-132-jets-mg12.html#primaryimage"},"thumbnailUrl":"https:\/\/img.bagnoitalia.com\/wp-content\/uploads\/virtuemart\/product\/mpg-0007_1.jpg","datePublished":"2022-03-30T05:47:46+00:00","dateModified":"2025-08-07T14:29:07+00:00","description":"Mini-piscine autogonflante avec 132 jets d'air, ozonoth\u00e9rapie. Accessoires inclus : couverture thermique, matelas flottant, 2 filtres, vessie gonflable, t\u00e9l\u00e9commande.","breadcrumb":{"@id":"https:\/\/www.bagnoitalia.com\/fr\/produit\/mini-piscine-hydromassage-auto-gonflable-185x185-cm-spa-relax-6-places-132-jets-mg12.html#breadcrumb"},"inLanguage":"fr-FR","potentialAction":[{"@type":"ReadAction","target":["https:\/\/www.bagnoitalia.com\/fr\/produit\/mini-piscine-hydromassage-auto-gonflable-185x185-cm-spa-relax-6-places-132-jets-mg12.html"]}]},{"@type":"ImageObject","inLanguage":"fr-FR","@id":"https:\/\/www.bagnoitalia.com\/fr\/produit\/mini-piscine-hydromassage-auto-gonflable-185x185-cm-spa-relax-6-places-132-jets-mg12.html#primaryimage","url":"https:\/\/img.bagnoitalia.com\/wp-content\/uploads\/virtuemart\/product\/mpg-0007_1.jpg","contentUrl":"https:\/\/img.bagnoitalia.com\/wp-content\/uploads\/virtuemart\/product\/mpg-0007_1.jpg","width":550,"height":550},{"@type":"BreadcrumbList","@id":"https:\/\/www.bagnoitalia.com\/fr\/produit\/mini-piscine-hydromassage-auto-gonflable-185x185-cm-spa-relax-6-places-132-jets-mg12.html#breadcrumb","itemListElement":[{"@type":"ListItem","position":1,"name":"Home","item":"https:\/\/www.bagnoitalia.com\/fr"},{"@type":"ListItem","position":2,"name":"Produits","item":"https:\/\/www.bagnoitalia.com\/fr\/shop"},{"@type":"ListItem","position":3,"name":"Mini-piscine hydromassage auto-gonflable 185&#215;185 cm spa relax 6 places 132 jets MG12"}]},{"@type":"WebSite","@id":"https:\/\/www.bagnoitalia.com\/fr#website","url":"https:\/\/www.bagnoitalia.com\/fr","name":"Bagno Italia","description":"","publisher":{"@id":"https:\/\/www.bagnoitalia.com\/fr#organization"},"potentialAction":[{"@type":"SearchAction","target":{"@type":"EntryPoint","urlTemplate":"https:\/\/www.bagnoitalia.com\/fr?s={search_term_string}"},"query-input":{"@type":"PropertyValueSpecification","valueRequired":true,"valueName":"search_term_string"}}],"inLanguage":"fr-FR"},{"@type":"Organization","@id":"https:\/\/www.bagnoitalia.com\/fr#organization","name":"Bagno Italia","url":"https:\/\/www.bagnoitalia.com\/fr","logo":{"@type":"ImageObject","inLanguage":"fr-FR","@id":"https:\/\/www.bagnoitalia.com\/fr#\/schema\/logo\/image\/","url":"https:\/\/img.bagnoitalia.com\/wp-content\/uploads\/logo-bagnoitalia.webp","contentUrl":"https:\/\/img.bagnoitalia.com\/wp-content\/uploads\/logo-bagnoitalia.webp","width":400,"height":70,"caption":"Bagno Italia"},"image":{"@id":"https:\/\/www.bagnoitalia.com\/fr#\/schema\/logo\/image\/"}}]}},"_links":{"self":[{"href":"https:\/\/www.bagnoitalia.com\/fr\/wp-json\/wp\/v2\/product\/81740","targetHints":{"allow":["GET"]}}],"collection":[{"href":"https:\/\/www.bagnoitalia.com\/fr\/wp-json\/wp\/v2\/product"}],"about":[{"href":"https:\/\/www.bagnoitalia.com\/fr\/wp-json\/wp\/v2\/types\/product"}],"replies":[{"embeddable":true,"href":"https:\/\/www.bagnoitalia.com\/fr\/wp-json\/wp\/v2\/comments?post=81740"}],"version-history":[{"count":2,"href":"https:\/\/www.bagnoitalia.com\/fr\/wp-json\/wp\/v2\/product\/81740\/revisions"}],"predecessor-version":[{"id":91724,"href":"https:\/\/www.bagnoitalia.com\/fr\/wp-json\/wp\/v2\/product\/81740\/revisions\/91724"}],"wp:featuredmedia":[{"embeddable":true,"href":"https:\/\/www.bagnoitalia.com\/fr\/wp-json\/wp\/v2\/media\/49668"}],"wp:attachment":[{"href":"https:\/\/www.bagnoitalia.com\/fr\/wp-json\/wp\/v2\/media?parent=81740"}],"wp:term":[{"taxonomy":"product_brand","embeddable":true,"href":"https:\/\/www.bagnoitalia.com\/fr\/wp-json\/wp\/v2\/product_brand?post=81740"},{"taxonomy":"product_cat","embeddable":true,"href":"https:\/\/www.bagnoitalia.com\/fr\/wp-json\/wp\/v2\/product_cat?post=81740"},{"taxonomy":"product_tag","embeddable":true,"href":"https:\/\/www.bagnoitalia.com\/fr\/wp-json\/wp\/v2\/product_tag?post=81740"}],"curies":[{"name":"wp","href":"https:\/\/api.w.org\/{rel}","templated":true}]}}