{"id":81720,"date":"2022-03-30T07:47:46","date_gmt":"2022-03-30T05:47:46","guid":{"rendered":"https:\/\/www.bagnoitalia.com\/product\/sauna-infrarouge-124x116-cm-pour-deux-personnes-avec-radio-chromotherapie-et-connexion-usb-sn033"},"modified":"2022-03-30T07:47:46","modified_gmt":"2022-03-30T05:47:46","slug":"sauna-infrarouge-124x116-cm-pour-deux-personnes-avec-radio-chromotherapie-et-connexion-usb-sn033","status":"publish","type":"product","link":"https:\/\/www.bagnoitalia.com\/fr\/produit\/sauna-infrarouge-124x116-cm-pour-deux-personnes-avec-radio-chromotherapie-et-connexion-usb-sn033.html","title":{"rendered":"Sauna infrarouge 124&#215;116 cm pour deux personnes avec radio chromoth\u00e9rapie et connexion USB SN033"},"content":{"rendered":"<\/p>\n<p><span style=\"text-decoration: underline; color: #ff0000;\"><span style=\"text-decoration: underline;\"><strong><span style=\"font-size: 14pt;\">Sauna infrarouge SN033<\/span><\/strong><\/span><\/span><\/p>\n<\/p>\n<p> <span style=\"text-decoration: underline; font-size: 12pt;\"><strong>CARACT\u00c9RISTIQUES:<\/strong><\/span><\/p>\n<p> Dimensions ext\u00e9rieures : 124x116xH190 cm<\/p>\n<p> Mesures internes : 113x96xH176 cm<\/p>\n<p> capacit\u00e9 : 2 places<\/p>\n<p> 7 radiateurs carbone magn\u00e9sium<\/p>\n<p> Puissance 1,85kW<\/p>\n<p> chromoth\u00e9rapie<\/p>\n<p> radio FM<\/p>\n<p> port USB<\/p>\n<p> Verre avant de 6 mm<\/p>\n<p> porte en verre de 6 mm<\/p>\n<p> panneau de commande<\/p>\n<p> lumi\u00e8res int\u00e9rieures et ext\u00e9rieures<\/p>\n<p> 1 haut-parleur<\/p>\n<p> lampe de p\u00e9dale (avec extinction s\u00e9par\u00e9e)<\/p>\n<p> syst\u00e8me de ventilation<\/p>\n<p> structure en bois pr\u00e9cieux Hemlock canadien<\/p><\/p>\n","protected":false},"excerpt":{"rendered":"<p>Sauna infrarouge \u00e0 deux places 124x116xH190 cm avec lumi\u00e8res led pour chromoth\u00e9rapie, radio avec port usb, caisse de r\u00e9sonance<\/p>\n","protected":false},"featured_media":49556,"comment_status":"open","ping_status":"closed","template":"","meta":[],"product_brand":[9942],"product_cat":[10115],"product_tag":[],"class_list":{"0":"post-81720","1":"product","2":"type-product","3":"status-publish","4":"has-post-thumbnail","6":"product_brand-sanotechnik-italia-fr","7":"product_cat-senza-categoria-fr","9":"first","10":"outofstock","11":"taxable","12":"shipping-taxable","13":"purchasable","14":"product-type-simple"},"exclude_global_add_ons":[],"addons":[],"yoast_head":"<!-- This site is optimized with the Yoast SEO plugin v26.7 - https:\/\/yoast.com\/wordpress\/plugins\/seo\/ -->\n<title>Sauna infrarouge 124x116 cm pour deux personnes avec radio chromoth\u00e9rapie et connexion USB SN033<\/title>\n<meta name=\"description\" content=\"Sauna infrarouge \u00e0 deux places 124x116xH190 cm avec lumi\u00e8res led pour chromoth\u00e9rapie, radio avec port usb, caisse de r\u00e9sonance\" \/>\n<meta name=\"robots\" content=\"index, follow, max-snippet:-1, max-image-preview:large, max-video-preview:-1\" \/>\n<link rel=\"canonical\" href=\"https:\/\/www.bagnoitalia.com\/fr\/produit\/sauna-infrarouge-124x116-cm-pour-deux-personnes-avec-radio-chromotherapie-et-connexion-usb-sn033.html\" \/>\n<meta property=\"og:locale\" content=\"fr_FR\" \/>\n<meta property=\"og:type\" content=\"article\" \/>\n<meta property=\"og:title\" content=\"Sauna infrarouge 124x116 cm pour deux personnes avec radio chromoth\u00e9rapie et connexion USB SN033\" \/>\n<meta property=\"og:description\" content=\"Sauna infrarouge \u00e0 deux places 124x116xH190 cm avec lumi\u00e8res led pour chromoth\u00e9rapie, radio avec port usb, caisse de r\u00e9sonance\" \/>\n<meta property=\"og:url\" content=\"https:\/\/www.bagnoitalia.com\/fr\/produit\/sauna-infrarouge-124x116-cm-pour-deux-personnes-avec-radio-chromotherapie-et-connexion-usb-sn033.html\" \/>\n<meta property=\"og:site_name\" content=\"Bagno Italia\" \/>\n<meta property=\"og:image\" content=\"https:\/\/img.bagnoitalia.com\/wp-content\/uploads\/virtuemart\/product\/S4U-0976_1.jpg\" \/>\n\t<meta property=\"og:image:width\" content=\"600\" \/>\n\t<meta property=\"og:image:height\" content=\"600\" \/>\n\t<meta property=\"og:image:type\" content=\"image\/jpeg\" \/>\n<meta name=\"twitter:card\" content=\"summary_large_image\" \/>\n<script type=\"application\/ld+json\" class=\"yoast-schema-graph\">{\"@context\":\"https:\/\/schema.org\",\"@graph\":[{\"@type\":\"WebPage\",\"@id\":\"https:\/\/www.bagnoitalia.com\/fr\/produit\/sauna-infrarouge-124x116-cm-pour-deux-personnes-avec-radio-chromotherapie-et-connexion-usb-sn033.html\",\"url\":\"https:\/\/www.bagnoitalia.com\/fr\/produit\/sauna-infrarouge-124x116-cm-pour-deux-personnes-avec-radio-chromotherapie-et-connexion-usb-sn033.html\",\"name\":\"Sauna infrarouge 124x116 cm pour deux personnes avec radio chromoth\u00e9rapie et connexion USB SN033\",\"isPartOf\":{\"@id\":\"https:\/\/www.bagnoitalia.com\/fr#website\"},\"primaryImageOfPage\":{\"@id\":\"https:\/\/www.bagnoitalia.com\/fr\/produit\/sauna-infrarouge-124x116-cm-pour-deux-personnes-avec-radio-chromotherapie-et-connexion-usb-sn033.html#primaryimage\"},\"image\":{\"@id\":\"https:\/\/www.bagnoitalia.com\/fr\/produit\/sauna-infrarouge-124x116-cm-pour-deux-personnes-avec-radio-chromotherapie-et-connexion-usb-sn033.html#primaryimage\"},\"thumbnailUrl\":\"https:\/\/img.bagnoitalia.com\/wp-content\/uploads\/virtuemart\/product\/S4U-0976_1.jpg\",\"datePublished\":\"2022-03-30T05:47:46+00:00\",\"description\":\"Sauna infrarouge \u00e0 deux places 124x116xH190 cm avec lumi\u00e8res led pour chromoth\u00e9rapie, radio avec port usb, caisse de r\u00e9sonance\",\"breadcrumb\":{\"@id\":\"https:\/\/www.bagnoitalia.com\/fr\/produit\/sauna-infrarouge-124x116-cm-pour-deux-personnes-avec-radio-chromotherapie-et-connexion-usb-sn033.html#breadcrumb\"},\"inLanguage\":\"fr-FR\",\"potentialAction\":[{\"@type\":\"ReadAction\",\"target\":[\"https:\/\/www.bagnoitalia.com\/fr\/produit\/sauna-infrarouge-124x116-cm-pour-deux-personnes-avec-radio-chromotherapie-et-connexion-usb-sn033.html\"]}]},{\"@type\":\"ImageObject\",\"inLanguage\":\"fr-FR\",\"@id\":\"https:\/\/www.bagnoitalia.com\/fr\/produit\/sauna-infrarouge-124x116-cm-pour-deux-personnes-avec-radio-chromotherapie-et-connexion-usb-sn033.html#primaryimage\",\"url\":\"https:\/\/img.bagnoitalia.com\/wp-content\/uploads\/virtuemart\/product\/S4U-0976_1.jpg\",\"contentUrl\":\"https:\/\/img.bagnoitalia.com\/wp-content\/uploads\/virtuemart\/product\/S4U-0976_1.jpg\",\"width\":600,\"height\":600},{\"@type\":\"BreadcrumbList\",\"@id\":\"https:\/\/www.bagnoitalia.com\/fr\/produit\/sauna-infrarouge-124x116-cm-pour-deux-personnes-avec-radio-chromotherapie-et-connexion-usb-sn033.html#breadcrumb\",\"itemListElement\":[{\"@type\":\"ListItem\",\"position\":1,\"name\":\"Home\",\"item\":\"https:\/\/www.bagnoitalia.com\/fr\"},{\"@type\":\"ListItem\",\"position\":2,\"name\":\"Produits\",\"item\":\"https:\/\/www.bagnoitalia.com\/fr\/shop\"},{\"@type\":\"ListItem\",\"position\":3,\"name\":\"Sauna infrarouge 124&#215;116 cm pour deux personnes avec radio chromoth\u00e9rapie et connexion USB SN033\"}]},{\"@type\":\"WebSite\",\"@id\":\"https:\/\/www.bagnoitalia.com\/fr#website\",\"url\":\"https:\/\/www.bagnoitalia.com\/fr\",\"name\":\"Bagno Italia\",\"description\":\"\",\"publisher\":{\"@id\":\"https:\/\/www.bagnoitalia.com\/fr#organization\"},\"potentialAction\":[{\"@type\":\"SearchAction\",\"target\":{\"@type\":\"EntryPoint\",\"urlTemplate\":\"https:\/\/www.bagnoitalia.com\/fr?s={search_term_string}\"},\"query-input\":{\"@type\":\"PropertyValueSpecification\",\"valueRequired\":true,\"valueName\":\"search_term_string\"}}],\"inLanguage\":\"fr-FR\"},{\"@type\":\"Organization\",\"@id\":\"https:\/\/www.bagnoitalia.com\/fr#organization\",\"name\":\"Bagno Italia\",\"url\":\"https:\/\/www.bagnoitalia.com\/fr\",\"logo\":{\"@type\":\"ImageObject\",\"inLanguage\":\"fr-FR\",\"@id\":\"https:\/\/www.bagnoitalia.com\/fr#\/schema\/logo\/image\/\",\"url\":\"https:\/\/img.bagnoitalia.com\/wp-content\/uploads\/logo-bagnoitalia.webp\",\"contentUrl\":\"https:\/\/img.bagnoitalia.com\/wp-content\/uploads\/logo-bagnoitalia.webp\",\"width\":400,\"height\":70,\"caption\":\"Bagno Italia\"},\"image\":{\"@id\":\"https:\/\/www.bagnoitalia.com\/fr#\/schema\/logo\/image\/\"}}]}<\/script>\n<!-- \/ Yoast SEO plugin. -->","yoast_head_json":{"title":"Sauna infrarouge 124x116 cm pour deux personnes avec radio chromoth\u00e9rapie et connexion USB SN033","description":"Sauna infrarouge \u00e0 deux places 124x116xH190 cm avec lumi\u00e8res led pour chromoth\u00e9rapie, radio avec port usb, caisse de r\u00e9sonance","robots":{"index":"index","follow":"follow","max-snippet":"max-snippet:-1","max-image-preview":"max-image-preview:large","max-video-preview":"max-video-preview:-1"},"canonical":"https:\/\/www.bagnoitalia.com\/fr\/produit\/sauna-infrarouge-124x116-cm-pour-deux-personnes-avec-radio-chromotherapie-et-connexion-usb-sn033.html","og_locale":"fr_FR","og_type":"article","og_title":"Sauna infrarouge 124x116 cm pour deux personnes avec radio chromoth\u00e9rapie et connexion USB SN033","og_description":"Sauna infrarouge \u00e0 deux places 124x116xH190 cm avec lumi\u00e8res led pour chromoth\u00e9rapie, radio avec port usb, caisse de r\u00e9sonance","og_url":"https:\/\/www.bagnoitalia.com\/fr\/produit\/sauna-infrarouge-124x116-cm-pour-deux-personnes-avec-radio-chromotherapie-et-connexion-usb-sn033.html","og_site_name":"Bagno Italia","og_image":[{"width":600,"height":600,"url":"https:\/\/img.bagnoitalia.com\/wp-content\/uploads\/virtuemart\/product\/S4U-0976_1.jpg","type":"image\/jpeg"}],"twitter_card":"summary_large_image","schema":{"@context":"https:\/\/schema.org","@graph":[{"@type":"WebPage","@id":"https:\/\/www.bagnoitalia.com\/fr\/produit\/sauna-infrarouge-124x116-cm-pour-deux-personnes-avec-radio-chromotherapie-et-connexion-usb-sn033.html","url":"https:\/\/www.bagnoitalia.com\/fr\/produit\/sauna-infrarouge-124x116-cm-pour-deux-personnes-avec-radio-chromotherapie-et-connexion-usb-sn033.html","name":"Sauna infrarouge 124x116 cm pour deux personnes avec radio chromoth\u00e9rapie et connexion USB SN033","isPartOf":{"@id":"https:\/\/www.bagnoitalia.com\/fr#website"},"primaryImageOfPage":{"@id":"https:\/\/www.bagnoitalia.com\/fr\/produit\/sauna-infrarouge-124x116-cm-pour-deux-personnes-avec-radio-chromotherapie-et-connexion-usb-sn033.html#primaryimage"},"image":{"@id":"https:\/\/www.bagnoitalia.com\/fr\/produit\/sauna-infrarouge-124x116-cm-pour-deux-personnes-avec-radio-chromotherapie-et-connexion-usb-sn033.html#primaryimage"},"thumbnailUrl":"https:\/\/img.bagnoitalia.com\/wp-content\/uploads\/virtuemart\/product\/S4U-0976_1.jpg","datePublished":"2022-03-30T05:47:46+00:00","description":"Sauna infrarouge \u00e0 deux places 124x116xH190 cm avec lumi\u00e8res led pour chromoth\u00e9rapie, radio avec port usb, caisse de r\u00e9sonance","breadcrumb":{"@id":"https:\/\/www.bagnoitalia.com\/fr\/produit\/sauna-infrarouge-124x116-cm-pour-deux-personnes-avec-radio-chromotherapie-et-connexion-usb-sn033.html#breadcrumb"},"inLanguage":"fr-FR","potentialAction":[{"@type":"ReadAction","target":["https:\/\/www.bagnoitalia.com\/fr\/produit\/sauna-infrarouge-124x116-cm-pour-deux-personnes-avec-radio-chromotherapie-et-connexion-usb-sn033.html"]}]},{"@type":"ImageObject","inLanguage":"fr-FR","@id":"https:\/\/www.bagnoitalia.com\/fr\/produit\/sauna-infrarouge-124x116-cm-pour-deux-personnes-avec-radio-chromotherapie-et-connexion-usb-sn033.html#primaryimage","url":"https:\/\/img.bagnoitalia.com\/wp-content\/uploads\/virtuemart\/product\/S4U-0976_1.jpg","contentUrl":"https:\/\/img.bagnoitalia.com\/wp-content\/uploads\/virtuemart\/product\/S4U-0976_1.jpg","width":600,"height":600},{"@type":"BreadcrumbList","@id":"https:\/\/www.bagnoitalia.com\/fr\/produit\/sauna-infrarouge-124x116-cm-pour-deux-personnes-avec-radio-chromotherapie-et-connexion-usb-sn033.html#breadcrumb","itemListElement":[{"@type":"ListItem","position":1,"name":"Home","item":"https:\/\/www.bagnoitalia.com\/fr"},{"@type":"ListItem","position":2,"name":"Produits","item":"https:\/\/www.bagnoitalia.com\/fr\/shop"},{"@type":"ListItem","position":3,"name":"Sauna infrarouge 124&#215;116 cm pour deux personnes avec radio chromoth\u00e9rapie et connexion USB SN033"}]},{"@type":"WebSite","@id":"https:\/\/www.bagnoitalia.com\/fr#website","url":"https:\/\/www.bagnoitalia.com\/fr","name":"Bagno Italia","description":"","publisher":{"@id":"https:\/\/www.bagnoitalia.com\/fr#organization"},"potentialAction":[{"@type":"SearchAction","target":{"@type":"EntryPoint","urlTemplate":"https:\/\/www.bagnoitalia.com\/fr?s={search_term_string}"},"query-input":{"@type":"PropertyValueSpecification","valueRequired":true,"valueName":"search_term_string"}}],"inLanguage":"fr-FR"},{"@type":"Organization","@id":"https:\/\/www.bagnoitalia.com\/fr#organization","name":"Bagno Italia","url":"https:\/\/www.bagnoitalia.com\/fr","logo":{"@type":"ImageObject","inLanguage":"fr-FR","@id":"https:\/\/www.bagnoitalia.com\/fr#\/schema\/logo\/image\/","url":"https:\/\/img.bagnoitalia.com\/wp-content\/uploads\/logo-bagnoitalia.webp","contentUrl":"https:\/\/img.bagnoitalia.com\/wp-content\/uploads\/logo-bagnoitalia.webp","width":400,"height":70,"caption":"Bagno Italia"},"image":{"@id":"https:\/\/www.bagnoitalia.com\/fr#\/schema\/logo\/image\/"}}]}},"_links":{"self":[{"href":"https:\/\/www.bagnoitalia.com\/fr\/wp-json\/wp\/v2\/product\/81720","targetHints":{"allow":["GET"]}}],"collection":[{"href":"https:\/\/www.bagnoitalia.com\/fr\/wp-json\/wp\/v2\/product"}],"about":[{"href":"https:\/\/www.bagnoitalia.com\/fr\/wp-json\/wp\/v2\/types\/product"}],"replies":[{"embeddable":true,"href":"https:\/\/www.bagnoitalia.com\/fr\/wp-json\/wp\/v2\/comments?post=81720"}],"version-history":[{"count":0,"href":"https:\/\/www.bagnoitalia.com\/fr\/wp-json\/wp\/v2\/product\/81720\/revisions"}],"wp:featuredmedia":[{"embeddable":true,"href":"https:\/\/www.bagnoitalia.com\/fr\/wp-json\/wp\/v2\/media\/49556"}],"wp:attachment":[{"href":"https:\/\/www.bagnoitalia.com\/fr\/wp-json\/wp\/v2\/media?parent=81720"}],"wp:term":[{"taxonomy":"product_brand","embeddable":true,"href":"https:\/\/www.bagnoitalia.com\/fr\/wp-json\/wp\/v2\/product_brand?post=81720"},{"taxonomy":"product_cat","embeddable":true,"href":"https:\/\/www.bagnoitalia.com\/fr\/wp-json\/wp\/v2\/product_cat?post=81720"},{"taxonomy":"product_tag","embeddable":true,"href":"https:\/\/www.bagnoitalia.com\/fr\/wp-json\/wp\/v2\/product_tag?post=81720"}],"curies":[{"name":"wp","href":"https:\/\/api.w.org\/{rel}","templated":true}]}}