{"id":81579,"date":"2022-02-09T13:31:43","date_gmt":"2022-02-09T12:31:43","guid":{"rendered":"https:\/\/www.bagnoitalia.com\/product\/round-spa-whirlpool-193-cm-with-external-motor-6-seats-ozone-therapy-mp21-2"},"modified":"2026-03-24T09:38:50","modified_gmt":"2026-03-24T08:38:50","slug":"round-spa-whirlpool-193-cm-with-external-motor-6-seats-ozone-therapy-mp21-2","status":"publish","type":"product","link":"https:\/\/www.bagnoitalia.com\/fr\/produit\/round-spa-whirlpool-193-cm-with-external-motor-6-seats-ozone-therapy-mp21-2.html","title":{"rendered":"Spa rond 193 cm avec moteur externe 6 places th\u00e9rapie \u00e0 l&rsquo;ozone MP21"},"content":{"rendered":"<p style=\"text-align: center;\"><span style=\"text-decoration: underline; color: #ff0000; font-size: 18pt;\"><strong>SPA AVEC MOTEUR EXTERNE MP21<\/strong><\/span><\/p>\n<p>&nbsp;<\/p>\n<p><span style=\"text-decoration: underline;\"><strong>D\u00c9TAILS DU PRODUIT :<\/strong><\/span><\/p>\n<p>Spa rond 193xH73 cm (diam\u00e8tre int\u00e9rieur 173 cm) pour 6 personnes avec 138 jets (1200 litres max)<\/p>\n<p>Moteur externe<\/p>\n<p>Jets d&rsquo;air avec 3 vitesses de flux r\u00e9glables (consommation max. 720W)<\/p>\n<p>Panneau de contr\u00f4le<\/p>\n<p>Ozonoth\u00e9rapie 5,5W (rendement : 30-50mg\/Hr)<\/p>\n<p>Contr\u00f4le de la temp\u00e9rature<\/p>\n<p>Chauffage (consommation maximale de 1500W)<\/p>\n<p>Syst\u00e8me de filtration de l&rsquo;eau 12V\/60W (2 filtres inclus dans le produit)<\/p>\n<p>Alimentation : 220-240 Volt<\/p>\n<p>Pompe \u00e0 air 720W<\/p>\n<p>Mat\u00e9riau Rhino-TechTM Premium PVC renforc\u00e9 6 couches<\/p>\n<p>Rev\u00eatement en plastique imitant le bois de couleur argent m\u00e9tallique<\/p>\n<p>Rev\u00eatement pour le maintien de la temp\u00e9rature<\/p>\n<p>Tapis en mousse<\/p>\n<p>Adaptateur pour tuyau d&rsquo;\u00e9chappement<\/p>\n<p>Certifications : CE, ISO9001-2008<\/p>\n<p>&nbsp;<\/p>\n<p>NB : le spa est \u00e9galement disponible dans la VERSION SMART, qui comprend la connexion WI-FI et BLUETOOTH ; vous pouvez acheter cette version en la s\u00e9lectionnant dans le menu ci-dessus.<\/p>\n","protected":false},"excerpt":{"rendered":"<p>Bain \u00e0 remous avec 138 jets d&rsquo;air ; \u00e9quip\u00e9 d&rsquo;un moteur externe, d&rsquo;un g\u00e9n\u00e9rateur d&rsquo;ozone, d&rsquo;un chauffage et d&rsquo;une couverture.<\/p>\n","protected":false},"featured_media":47567,"comment_status":"open","ping_status":"closed","template":"","meta":[],"product_brand":[9924],"product_cat":[10069,9775],"product_tag":[],"class_list":{"0":"post-81579","1":"product","2":"type-product","3":"status-publish","4":"has-post-thumbnail","6":"product_brand-predator-arredo-casa-fr","7":"product_cat-piscines-exterieures-a-hydromassage","8":"product_cat-bains-a-remous-gonflables","10":"first","11":"instock","12":"sale","13":"taxable","14":"shipping-taxable","15":"purchasable","16":"product-type-simple"},"exclude_global_add_ons":false,"addons":[{"name":"Typologie","type":"multiple_choice","position":0,"required":true,"title_format":"heading","default":"","description_enable":false,"description":"","placeholder_enable":false,"placeholder":"","display":"select","restrictions_type":"any_text","adjust_price":false,"price":"","price_type":"flat_fee","restrictions":false,"min":"0","max":"0","options":[{"label":"version standard","price":"","price_type":"quantity_based","image":0,"visibility":true},{"label":"version Smart (avec wifi et bluetooth)","price":"40","price_type":"quantity_based","image":0,"visibility":true}],"id":1716464394}],"yoast_head":"<!-- This site is optimized with the Yoast SEO plugin v26.7 - https:\/\/yoast.com\/wordpress\/plugins\/seo\/ -->\n<title>Spa rond 193 cm avec moteur externe 6 places th\u00e9rapie \u00e0 l&#039;ozone MP21<\/title>\n<meta name=\"description\" content=\"Bain \u00e0 remous avec 138 jets d&#039;air ; \u00e9quip\u00e9 d&#039;un moteur externe, d&#039;un g\u00e9n\u00e9rateur d&#039;ozone, d&#039;un chauffage et d&#039;une couverture.\" \/>\n<meta name=\"robots\" content=\"index, follow, max-snippet:-1, max-image-preview:large, max-video-preview:-1\" \/>\n<link rel=\"canonical\" href=\"https:\/\/www.bagnoitalia.com\/fr\/produit\/round-spa-whirlpool-193-cm-with-external-motor-6-seats-ozone-therapy-mp21-2.html\" \/>\n<meta property=\"og:locale\" content=\"fr_FR\" \/>\n<meta property=\"og:type\" content=\"article\" \/>\n<meta property=\"og:title\" content=\"Spa rond 193 cm avec moteur externe 6 places th\u00e9rapie \u00e0 l&#039;ozone MP21\" \/>\n<meta property=\"og:description\" content=\"Bain \u00e0 remous avec 138 jets d&#039;air ; \u00e9quip\u00e9 d&#039;un moteur externe, d&#039;un g\u00e9n\u00e9rateur d&#039;ozone, d&#039;un chauffage et d&#039;une couverture.\" \/>\n<meta property=\"og:url\" content=\"https:\/\/www.bagnoitalia.com\/fr\/produit\/round-spa-whirlpool-193-cm-with-external-motor-6-seats-ozone-therapy-mp21-2.html\" \/>\n<meta property=\"og:site_name\" content=\"Bagno Italia\" \/>\n<meta property=\"article:modified_time\" content=\"2026-03-24T08:38:50+00:00\" \/>\n<meta property=\"og:image\" content=\"https:\/\/img.bagnoitalia.com\/wp-content\/uploads\/virtuemart\/product\/mini-hydromassage-spa-relax-motor-exterior.jpg\" \/>\n\t<meta property=\"og:image:width\" content=\"550\" \/>\n\t<meta property=\"og:image:height\" content=\"550\" \/>\n\t<meta property=\"og:image:type\" content=\"image\/jpeg\" \/>\n<meta name=\"twitter:card\" content=\"summary_large_image\" \/>\n<meta name=\"twitter:label1\" content=\"Dur\u00e9e de lecture estim\u00e9e\" \/>\n\t<meta name=\"twitter:data1\" content=\"1 minute\" \/>\n<script type=\"application\/ld+json\" class=\"yoast-schema-graph\">{\"@context\":\"https:\/\/schema.org\",\"@graph\":[{\"@type\":\"WebPage\",\"@id\":\"https:\/\/www.bagnoitalia.com\/fr\/produit\/round-spa-whirlpool-193-cm-with-external-motor-6-seats-ozone-therapy-mp21-2.html\",\"url\":\"https:\/\/www.bagnoitalia.com\/fr\/produit\/round-spa-whirlpool-193-cm-with-external-motor-6-seats-ozone-therapy-mp21-2.html\",\"name\":\"Spa rond 193 cm avec moteur externe 6 places th\u00e9rapie \u00e0 l'ozone MP21\",\"isPartOf\":{\"@id\":\"https:\/\/www.bagnoitalia.com\/fr#website\"},\"primaryImageOfPage\":{\"@id\":\"https:\/\/www.bagnoitalia.com\/fr\/produit\/round-spa-whirlpool-193-cm-with-external-motor-6-seats-ozone-therapy-mp21-2.html#primaryimage\"},\"image\":{\"@id\":\"https:\/\/www.bagnoitalia.com\/fr\/produit\/round-spa-whirlpool-193-cm-with-external-motor-6-seats-ozone-therapy-mp21-2.html#primaryimage\"},\"thumbnailUrl\":\"https:\/\/img.bagnoitalia.com\/wp-content\/uploads\/virtuemart\/product\/mini-hydromassage-spa-relax-motor-exterior.jpg\",\"datePublished\":\"2022-02-09T12:31:43+00:00\",\"dateModified\":\"2026-03-24T08:38:50+00:00\",\"description\":\"Bain \u00e0 remous avec 138 jets d'air ; \u00e9quip\u00e9 d'un moteur externe, d'un g\u00e9n\u00e9rateur d'ozone, d'un chauffage et d'une couverture.\",\"breadcrumb\":{\"@id\":\"https:\/\/www.bagnoitalia.com\/fr\/produit\/round-spa-whirlpool-193-cm-with-external-motor-6-seats-ozone-therapy-mp21-2.html#breadcrumb\"},\"inLanguage\":\"fr-FR\",\"potentialAction\":[{\"@type\":\"ReadAction\",\"target\":[\"https:\/\/www.bagnoitalia.com\/fr\/produit\/round-spa-whirlpool-193-cm-with-external-motor-6-seats-ozone-therapy-mp21-2.html\"]}]},{\"@type\":\"ImageObject\",\"inLanguage\":\"fr-FR\",\"@id\":\"https:\/\/www.bagnoitalia.com\/fr\/produit\/round-spa-whirlpool-193-cm-with-external-motor-6-seats-ozone-therapy-mp21-2.html#primaryimage\",\"url\":\"https:\/\/img.bagnoitalia.com\/wp-content\/uploads\/virtuemart\/product\/mini-hydromassage-spa-relax-motor-exterior.jpg\",\"contentUrl\":\"https:\/\/img.bagnoitalia.com\/wp-content\/uploads\/virtuemart\/product\/mini-hydromassage-spa-relax-motor-exterior.jpg\",\"width\":550,\"height\":550},{\"@type\":\"BreadcrumbList\",\"@id\":\"https:\/\/www.bagnoitalia.com\/fr\/produit\/round-spa-whirlpool-193-cm-with-external-motor-6-seats-ozone-therapy-mp21-2.html#breadcrumb\",\"itemListElement\":[{\"@type\":\"ListItem\",\"position\":1,\"name\":\"Home\",\"item\":\"https:\/\/www.bagnoitalia.com\/fr\"},{\"@type\":\"ListItem\",\"position\":2,\"name\":\"Produits\",\"item\":\"https:\/\/www.bagnoitalia.com\/fr\/shop\"},{\"@type\":\"ListItem\",\"position\":3,\"name\":\"Spa rond 193 cm avec moteur externe 6 places th\u00e9rapie \u00e0 l&#8217;ozone MP21\"}]},{\"@type\":\"WebSite\",\"@id\":\"https:\/\/www.bagnoitalia.com\/fr#website\",\"url\":\"https:\/\/www.bagnoitalia.com\/fr\",\"name\":\"Bagno Italia\",\"description\":\"\",\"publisher\":{\"@id\":\"https:\/\/www.bagnoitalia.com\/fr#organization\"},\"potentialAction\":[{\"@type\":\"SearchAction\",\"target\":{\"@type\":\"EntryPoint\",\"urlTemplate\":\"https:\/\/www.bagnoitalia.com\/fr?s={search_term_string}\"},\"query-input\":{\"@type\":\"PropertyValueSpecification\",\"valueRequired\":true,\"valueName\":\"search_term_string\"}}],\"inLanguage\":\"fr-FR\"},{\"@type\":\"Organization\",\"@id\":\"https:\/\/www.bagnoitalia.com\/fr#organization\",\"name\":\"Bagno Italia\",\"url\":\"https:\/\/www.bagnoitalia.com\/fr\",\"logo\":{\"@type\":\"ImageObject\",\"inLanguage\":\"fr-FR\",\"@id\":\"https:\/\/www.bagnoitalia.com\/fr#\/schema\/logo\/image\/\",\"url\":\"https:\/\/img.bagnoitalia.com\/wp-content\/uploads\/logo-bagnoitalia.webp\",\"contentUrl\":\"https:\/\/img.bagnoitalia.com\/wp-content\/uploads\/logo-bagnoitalia.webp\",\"width\":400,\"height\":70,\"caption\":\"Bagno Italia\"},\"image\":{\"@id\":\"https:\/\/www.bagnoitalia.com\/fr#\/schema\/logo\/image\/\"}}]}<\/script>\n<!-- \/ Yoast SEO plugin. -->","yoast_head_json":{"title":"Spa rond 193 cm avec moteur externe 6 places th\u00e9rapie \u00e0 l'ozone MP21","description":"Bain \u00e0 remous avec 138 jets d'air ; \u00e9quip\u00e9 d'un moteur externe, d'un g\u00e9n\u00e9rateur d'ozone, d'un chauffage et d'une couverture.","robots":{"index":"index","follow":"follow","max-snippet":"max-snippet:-1","max-image-preview":"max-image-preview:large","max-video-preview":"max-video-preview:-1"},"canonical":"https:\/\/www.bagnoitalia.com\/fr\/produit\/round-spa-whirlpool-193-cm-with-external-motor-6-seats-ozone-therapy-mp21-2.html","og_locale":"fr_FR","og_type":"article","og_title":"Spa rond 193 cm avec moteur externe 6 places th\u00e9rapie \u00e0 l'ozone MP21","og_description":"Bain \u00e0 remous avec 138 jets d'air ; \u00e9quip\u00e9 d'un moteur externe, d'un g\u00e9n\u00e9rateur d'ozone, d'un chauffage et d'une couverture.","og_url":"https:\/\/www.bagnoitalia.com\/fr\/produit\/round-spa-whirlpool-193-cm-with-external-motor-6-seats-ozone-therapy-mp21-2.html","og_site_name":"Bagno Italia","article_modified_time":"2026-03-24T08:38:50+00:00","og_image":[{"width":550,"height":550,"url":"https:\/\/img.bagnoitalia.com\/wp-content\/uploads\/virtuemart\/product\/mini-hydromassage-spa-relax-motor-exterior.jpg","type":"image\/jpeg"}],"twitter_card":"summary_large_image","twitter_misc":{"Dur\u00e9e de lecture estim\u00e9e":"1 minute"},"schema":{"@context":"https:\/\/schema.org","@graph":[{"@type":"WebPage","@id":"https:\/\/www.bagnoitalia.com\/fr\/produit\/round-spa-whirlpool-193-cm-with-external-motor-6-seats-ozone-therapy-mp21-2.html","url":"https:\/\/www.bagnoitalia.com\/fr\/produit\/round-spa-whirlpool-193-cm-with-external-motor-6-seats-ozone-therapy-mp21-2.html","name":"Spa rond 193 cm avec moteur externe 6 places th\u00e9rapie \u00e0 l'ozone MP21","isPartOf":{"@id":"https:\/\/www.bagnoitalia.com\/fr#website"},"primaryImageOfPage":{"@id":"https:\/\/www.bagnoitalia.com\/fr\/produit\/round-spa-whirlpool-193-cm-with-external-motor-6-seats-ozone-therapy-mp21-2.html#primaryimage"},"image":{"@id":"https:\/\/www.bagnoitalia.com\/fr\/produit\/round-spa-whirlpool-193-cm-with-external-motor-6-seats-ozone-therapy-mp21-2.html#primaryimage"},"thumbnailUrl":"https:\/\/img.bagnoitalia.com\/wp-content\/uploads\/virtuemart\/product\/mini-hydromassage-spa-relax-motor-exterior.jpg","datePublished":"2022-02-09T12:31:43+00:00","dateModified":"2026-03-24T08:38:50+00:00","description":"Bain \u00e0 remous avec 138 jets d'air ; \u00e9quip\u00e9 d'un moteur externe, d'un g\u00e9n\u00e9rateur d'ozone, d'un chauffage et d'une couverture.","breadcrumb":{"@id":"https:\/\/www.bagnoitalia.com\/fr\/produit\/round-spa-whirlpool-193-cm-with-external-motor-6-seats-ozone-therapy-mp21-2.html#breadcrumb"},"inLanguage":"fr-FR","potentialAction":[{"@type":"ReadAction","target":["https:\/\/www.bagnoitalia.com\/fr\/produit\/round-spa-whirlpool-193-cm-with-external-motor-6-seats-ozone-therapy-mp21-2.html"]}]},{"@type":"ImageObject","inLanguage":"fr-FR","@id":"https:\/\/www.bagnoitalia.com\/fr\/produit\/round-spa-whirlpool-193-cm-with-external-motor-6-seats-ozone-therapy-mp21-2.html#primaryimage","url":"https:\/\/img.bagnoitalia.com\/wp-content\/uploads\/virtuemart\/product\/mini-hydromassage-spa-relax-motor-exterior.jpg","contentUrl":"https:\/\/img.bagnoitalia.com\/wp-content\/uploads\/virtuemart\/product\/mini-hydromassage-spa-relax-motor-exterior.jpg","width":550,"height":550},{"@type":"BreadcrumbList","@id":"https:\/\/www.bagnoitalia.com\/fr\/produit\/round-spa-whirlpool-193-cm-with-external-motor-6-seats-ozone-therapy-mp21-2.html#breadcrumb","itemListElement":[{"@type":"ListItem","position":1,"name":"Home","item":"https:\/\/www.bagnoitalia.com\/fr"},{"@type":"ListItem","position":2,"name":"Produits","item":"https:\/\/www.bagnoitalia.com\/fr\/shop"},{"@type":"ListItem","position":3,"name":"Spa rond 193 cm avec moteur externe 6 places th\u00e9rapie \u00e0 l&#8217;ozone MP21"}]},{"@type":"WebSite","@id":"https:\/\/www.bagnoitalia.com\/fr#website","url":"https:\/\/www.bagnoitalia.com\/fr","name":"Bagno Italia","description":"","publisher":{"@id":"https:\/\/www.bagnoitalia.com\/fr#organization"},"potentialAction":[{"@type":"SearchAction","target":{"@type":"EntryPoint","urlTemplate":"https:\/\/www.bagnoitalia.com\/fr?s={search_term_string}"},"query-input":{"@type":"PropertyValueSpecification","valueRequired":true,"valueName":"search_term_string"}}],"inLanguage":"fr-FR"},{"@type":"Organization","@id":"https:\/\/www.bagnoitalia.com\/fr#organization","name":"Bagno Italia","url":"https:\/\/www.bagnoitalia.com\/fr","logo":{"@type":"ImageObject","inLanguage":"fr-FR","@id":"https:\/\/www.bagnoitalia.com\/fr#\/schema\/logo\/image\/","url":"https:\/\/img.bagnoitalia.com\/wp-content\/uploads\/logo-bagnoitalia.webp","contentUrl":"https:\/\/img.bagnoitalia.com\/wp-content\/uploads\/logo-bagnoitalia.webp","width":400,"height":70,"caption":"Bagno Italia"},"image":{"@id":"https:\/\/www.bagnoitalia.com\/fr#\/schema\/logo\/image\/"}}]}},"_links":{"self":[{"href":"https:\/\/www.bagnoitalia.com\/fr\/wp-json\/wp\/v2\/product\/81579","targetHints":{"allow":["GET"]}}],"collection":[{"href":"https:\/\/www.bagnoitalia.com\/fr\/wp-json\/wp\/v2\/product"}],"about":[{"href":"https:\/\/www.bagnoitalia.com\/fr\/wp-json\/wp\/v2\/types\/product"}],"replies":[{"embeddable":true,"href":"https:\/\/www.bagnoitalia.com\/fr\/wp-json\/wp\/v2\/comments?post=81579"}],"version-history":[{"count":1,"href":"https:\/\/www.bagnoitalia.com\/fr\/wp-json\/wp\/v2\/product\/81579\/revisions"}],"predecessor-version":[{"id":87740,"href":"https:\/\/www.bagnoitalia.com\/fr\/wp-json\/wp\/v2\/product\/81579\/revisions\/87740"}],"wp:featuredmedia":[{"embeddable":true,"href":"https:\/\/www.bagnoitalia.com\/fr\/wp-json\/wp\/v2\/media\/47567"}],"wp:attachment":[{"href":"https:\/\/www.bagnoitalia.com\/fr\/wp-json\/wp\/v2\/media?parent=81579"}],"wp:term":[{"taxonomy":"product_brand","embeddable":true,"href":"https:\/\/www.bagnoitalia.com\/fr\/wp-json\/wp\/v2\/product_brand?post=81579"},{"taxonomy":"product_cat","embeddable":true,"href":"https:\/\/www.bagnoitalia.com\/fr\/wp-json\/wp\/v2\/product_cat?post=81579"},{"taxonomy":"product_tag","embeddable":true,"href":"https:\/\/www.bagnoitalia.com\/fr\/wp-json\/wp\/v2\/product_tag?post=81579"}],"curies":[{"name":"wp","href":"https:\/\/api.w.org\/{rel}","templated":true}]}}