{"id":81478,"date":"2020-01-30T11:11:21","date_gmt":"2020-01-30T10:11:21","guid":{"rendered":"https:\/\/www.bagnoitalia.com\/product\/bathroom-cabinet-85-90-or-100-cm-glossy-white-matt-gray-light-oak-dark-oak-mirror-included-giusy3-model-2"},"modified":"2025-12-18T10:02:17","modified_gmt":"2025-12-18T09:02:17","slug":"bathroom-cabinet-85-90-or-100-cm-glossy-white-matt-gray-light-oak-dark-oak-mirror-included-giusy3-model-2","status":"publish","type":"product","link":"https:\/\/www.bagnoitalia.com\/fr\/produit\/bathroom-cabinet-85-90-or-100-cm-glossy-white-matt-gray-light-oak-dark-oak-mirror-included-giusy3-model-2.html","title":{"rendered":"Meuble de salle de bain Giusy3 de 85, 90 ou 100 cm, disponible en 9 couleurs, suspendu, moderne, avec miroir et lavabo"},"content":{"rendered":"<p><strong><span dir=\"auto\">MEUBLES DE SALLE DE BAIN GIUSY3<\/span><\/strong><\/p>\n<p>&nbsp;<\/p>\n<p><span dir=\"auto\">Meubles de salle de bains suspendus modernes disponibles dans les dimensions suivantes (\u00e0 s\u00e9lectionner dans le menu ci-dessus)\u00a0:<\/span><\/p>\n<p>&nbsp;<\/p>\n<p><span dir=\"auto\">\u2013 Meuble de 90 cm\u00a0<\/span><strong><span dir=\"auto\">,\u00a0<\/span><\/strong><span dir=\"auto\">2 tiroirs<\/span><span dir=\"auto\">\u00a0avec\u00a0<\/span><strong><span dir=\"auto\">miroir<\/span><\/strong><span dir=\"auto\">\u00a0de 70 \u00d7 90 cm<\/span><\/p>\n<p><span dir=\"auto\">\u2013 Meuble de 100 cm\u00a0<\/span><strong><span dir=\"auto\">,\u00a0<\/span><\/strong><span dir=\"auto\">2 tiroirs<\/span>\u00a0<span dir=\"auto\">avec\u00a0<\/span><strong><span dir=\"auto\">miroir de<\/span><\/strong><span dir=\"auto\">\u00a070 \u00d7 100 cm<\/span><\/p>\n<p><span dir=\"auto\">\u2013 Meuble de 85 cm\u00a0<\/span><strong><span dir=\"auto\">,\u00a0<\/span><\/strong><span dir=\"auto\">2 tiroirs + 1 porte (avec\u00a0<\/span><strong><span dir=\"auto\">lavabo \u00e0 droite ou \u00e0 gauche<\/span><\/strong><span dir=\"auto\">\u00a0)<\/span>\u00a0<span dir=\"auto\">avec\u00a0<\/span><strong><span dir=\"auto\">miroir de<\/span><\/strong><span dir=\"auto\">\u00a070 \u00d7 90 cm<\/span><\/p>\n<p>&nbsp;<\/p>\n<p><span dir=\"auto\">La\u00a0<\/span><strong><span dir=\"auto\">profondeur<\/span><\/strong><span dir=\"auto\">\u00a0du meuble est de 46 cm<\/span><\/p>\n<p><span dir=\"auto\">La hauteur est\u00a0<\/span><strong><span dir=\"auto\">de 54 cm<\/span><\/strong><\/p>\n<p><span dir=\"auto\">Lavabo en c\u00e9ramique (91, 101 ou 86,5 cm) avec trou de robinetterie et trop-plein<\/span><\/p>\n<p><span dir=\"auto\">Meuble sans poign\u00e9e, l&rsquo;ouverture est facilit\u00e9e par une rainure<\/span><\/p>\n<p><span dir=\"auto\">Charni\u00e8res avec syst\u00e8me de fermeture amortie (fermeture en douceur)<\/span><\/p>\n<p><span dir=\"auto\">Miroir rectangulaire r\u00e9versible inclus<\/span><\/p>\n<p><span dir=\"auto\">9 couleurs disponibles\u00a0: noir satin\u00e9, blanc brillant, blanc satin\u00e9, ch\u00eane de l\u2019Atlas, noyer maya, ch\u00eane d\u2019Afrique, vert satin\u00e9, bleu satin\u00e9, rouge satin\u00e9<\/span><\/p>\n<p>&nbsp;<\/p>\n<p><span dir=\"auto\">N.B. : LES ROBINETS, LA BONDE ET L&rsquo;APPAREIL \u00c9CLAIRAGE NE SONT PAS INCLUS DANS LE PRIX.<\/span><\/p>\n<p><span dir=\"auto\">Vous pouvez ajouter une applique murale et\/ou une colonne assorties en les s\u00e9lectionnant dans le menu d\u00e9roulant ci-dessus.<\/span><\/p>\n<p>&nbsp;<\/p>\n","protected":false},"excerpt":{"rendered":"<div class=\"woocommerce-product-details__short-description\">\n<p><span dir=\"auto\"><span class=\"VIpgJd-yAWNEb-VIpgJd-fmcmS-sn54Q\" dir=\"auto\">Meuble-lavabo mural moderne, disponible en versions 90 et 100 cm avec deux tiroirs, ou en 85 cm avec deux tiroirs et une porte. Couleurs disponibles : noir satin\u00e9, blanc brillant, blanc satin\u00e9, ch\u00eane Atlas, noyer Maya, ch\u00eane africain, vert satin\u00e9, bleu satin\u00e9, rouge satin\u00e9. Miroir et vasque en c\u00e9ramique inclus.<\/span><\/span><\/p>\n<\/div>\n<div class=\"woocommerce-product-rating\">\n<div class=\"star-rating\" role=\"img\" aria-label=\"Note : 5\/5\"><\/div>\n<\/div>\n","protected":false},"featured_media":115300,"comment_status":"open","ping_status":"closed","template":"","meta":[],"product_brand":[9882],"product_cat":[10115],"product_tag":[],"class_list":{"0":"post-81478","1":"product","2":"type-product","3":"status-publish","4":"has-post-thumbnail","6":"product_brand-deghi-fr","7":"product_cat-senza-categoria-fr","9":"first","10":"outofstock","11":"taxable","12":"shipping-taxable","13":"purchasable","14":"product-type-simple"},"exclude_global_add_ons":false,"addons":[{"name":"Type","type":"multiple_choice","position":0,"required":false,"title_format":"label","default":"","description_enable":false,"description":"","placeholder_enable":false,"placeholder":"","display":"select","restrictions_type":"any_text","adjust_price":false,"price":"","price_type":"flat_fee","restrictions":false,"min":"0","max":"0","options":[{"label":"90cm blanc brillant","price":"","price_type":"flat_fee","image":0,"visibility":true},{"label":"90cm blanc satin\u00e9","price":"","price_type":"flat_fee","image":0,"visibility":true},{"label":"90cm bleu satin\u00e9","price":"","price_type":"flat_fee","image":0,"visibility":true},{"label":"90cm noir satin\u00e9","price":"","price_type":"flat_fee","image":0,"visibility":true},{"label":"90cm vert satin\u00e9","price":"","price_type":"flat_fee","image":0,"visibility":true},{"label":"90cm ch\u00eane - rovere africa","price":"","price_type":"flat_fee","image":0,"visibility":true},{"label":"90cm noyer - noce Maya","price":"","price_type":"flat_fee","image":0,"visibility":true},{"label":"90cm ch\u00eane -rovere Atlas","price":"","price_type":"flat_fee","image":0,"visibility":true},{"label":"90cm rouge satin\u00e9","price":"","price_type":"flat_fee","image":0,"visibility":true},{"label":"100cm blanc brillant","price":"40","price_type":"flat_fee","image":0,"visibility":true},{"label":"100cm blanc satin\u00e9","price":"40","price_type":"flat_fee","image":0,"visibility":true},{"label":"100cm bleu satin\u00e9","price":"40","price_type":"flat_fee","image":0,"visibility":true},{"label":"100cm noir satin\u00e9","price":"40","price_type":"flat_fee","image":0,"visibility":true},{"label":"100cm vert satin\u00e9","price":"40","price_type":"flat_fee","image":0,"visibility":true},{"label":"100cm ch\u00eane - rovere africa","price":"40","price_type":"flat_fee","image":0,"visibility":true},{"label":"100cm noyer - noce Maya","price":"40","price_type":"flat_fee","image":0,"visibility":true},{"label":"100cm ch\u00eane -rovere Atlas","price":"40","price_type":"flat_fee","image":0,"visibility":true},{"label":"100cm rouge satin\u00e9","price":"40","price_type":"flat_fee","image":0,"visibility":true},{"label":"85cm Lavabo \u00e0 Droite - blanc brillant","price":"30","price_type":"flat_fee","image":0,"visibility":true},{"label":"85cm Lavabo \u00e0 Droite - blanc satin\u00e9","price":"30","price_type":"flat_fee","image":0,"visibility":true},{"label":"85cm Lavabo \u00e0 Droite - bleu satin\u00e9","price":"30","price_type":"flat_fee","image":0,"visibility":true},{"label":"85cm Lavabo \u00e0 Droite - noir satin\u00e9","price":"30","price_type":"flat_fee","image":0,"visibility":true},{"label":"85cm Lavabo \u00e0 Droite - vert satin\u00e9","price":"30","price_type":"flat_fee","image":0,"visibility":true},{"label":"85cm Lavabo \u00e0 Droite - ch\u00eane -rovere africa","price":"30","price_type":"flat_fee","image":0,"visibility":true},{"label":"85cm Lavabo \u00e0 Droite - noyer -noce Maya","price":"30","price_type":"flat_fee","image":0,"visibility":true},{"label":"85cm Lavabo \u00e0 Droite - ch\u00eane -rovere Atlas","price":"30","price_type":"flat_fee","image":0,"visibility":true},{"label":"85cm Lavabo \u00e0 Droite - rouge satin\u00e9","price":"30","price_type":"flat_fee","image":0,"visibility":true},{"label":"85cm Lavabo \u00e0 Droite - blanc brillant","price":"30","price_type":"flat_fee","image":0,"visibility":true},{"label":"85cm Lavabo \u00e0 gauche - blanc satin\u00e9","price":"30","price_type":"flat_fee","image":0,"visibility":true},{"label":"85cm Lavabo \u00e0 gauche - bleu satin\u00e9","price":"30","price_type":"flat_fee","image":0,"visibility":true},{"label":"85cm Lavabo \u00e0 gauche - noir satin\u00e9","price":"30","price_type":"flat_fee","image":0,"visibility":true},{"label":"85cm Lavabo \u00e0 gauche - vert satin\u00e9","price":"30","price_type":"flat_fee","image":0,"visibility":true},{"label":"85cm Lavabo \u00e0 gauche - ch\u00eane -rovere africa","price":"30","price_type":"flat_fee","image":0,"visibility":true},{"label":"85cm Lavabo \u00e0 gauche - noyer -noce Maya","price":"30","price_type":"flat_fee","image":0,"visibility":true},{"label":"85cm Lavabo \u00e0 gauche - ch\u00eane -rovere Atlas","price":"30","price_type":"flat_fee","image":0,"visibility":true},{"label":"85cm Lavabo \u00e0 gauche - rouge satin\u00e9","price":"30","price_type":"flat_fee","image":0,"visibility":true}],"id":1745418267},{"name":"Applique","type":"multiple_choice","position":1,"required":true,"title_format":"heading","default":"","description_enable":false,"description":"","placeholder_enable":false,"placeholder":"","display":"select","restrictions_type":"any_text","adjust_price":false,"price":"","price_type":"flat_fee","restrictions":false,"min":"0","max":"0","options":[{"label":"PAS d'applique","price":"","price_type":"quantity_based","image":0,"visibility":true},{"label":"Applique LED chrom\u00e9e","price":"20","price_type":"quantity_based","image":0,"visibility":true},{"label":"Applique LED noire","price":"25","price_type":"quantity_based","image":0,"visibility":true}],"id":1717600947},{"name":"colonne","type":"multiple_choice","position":2,"required":true,"title_format":"heading","default":"","description_enable":false,"description":"","placeholder_enable":false,"placeholder":"","display":"select","restrictions_type":"any_text","adjust_price":false,"price":"","price_type":"flat_fee","restrictions":false,"min":"0","max":"0","options":[{"label":"Non","price":"","price_type":"quantity_based","image":0,"visibility":true},{"label":"colonne 30xD24,2xH140 cm","price":"309","price_type":"quantity_based","image":0,"visibility":true}],"id":1717600948}],"yoast_head":"<!-- This site is optimized with the Yoast SEO plugin v26.7 - https:\/\/yoast.com\/wordpress\/plugins\/seo\/ -->\n<title>Armoire de salle de bains 85 90 ou 100 cm blanc brillant gris mat ch\u00eane clair ch\u00eane fonc\u00e9 miroir inclus mod\u00e8le Giusy3<\/title>\n<meta name=\"description\" content=\"Meuble de salle de bain moderne suspendu, disponible en 90 et 100 cm avec 2 tiroirs, ou 85 cm avec 2 tiroirs et une porte. 4 Couleurs disponibles. Miroir et lavabo en c\u00e9ramique inclus.\" \/>\n<meta name=\"robots\" content=\"index, follow, max-snippet:-1, max-image-preview:large, max-video-preview:-1\" \/>\n<link rel=\"canonical\" href=\"https:\/\/www.bagnoitalia.com\/fr\/produit\/bathroom-cabinet-85-90-or-100-cm-glossy-white-matt-gray-light-oak-dark-oak-mirror-included-giusy3-model-2.html\" \/>\n<meta property=\"og:locale\" content=\"fr_FR\" \/>\n<meta property=\"og:type\" content=\"article\" \/>\n<meta property=\"og:title\" content=\"Armoire de salle de bains 85 90 ou 100 cm blanc brillant gris mat ch\u00eane clair ch\u00eane fonc\u00e9 miroir inclus mod\u00e8le Giusy3\" \/>\n<meta property=\"og:description\" content=\"Meuble de salle de bain moderne suspendu, disponible en 90 et 100 cm avec 2 tiroirs, ou 85 cm avec 2 tiroirs et une porte. 4 Couleurs disponibles. Miroir et lavabo en c\u00e9ramique inclus.\" \/>\n<meta property=\"og:url\" content=\"https:\/\/www.bagnoitalia.com\/fr\/produit\/bathroom-cabinet-85-90-or-100-cm-glossy-white-matt-gray-light-oak-dark-oak-mirror-included-giusy3-model-2.html\" \/>\n<meta property=\"og:site_name\" content=\"Bagno Italia\" \/>\n<meta property=\"article:modified_time\" content=\"2025-12-18T09:02:17+00:00\" \/>\n<meta property=\"og:image\" content=\"https:\/\/img.bagnoitalia.com\/wp-content\/uploads\/mobile-bagno-giusy3-sospeso-moderno-85-90-100-colori.jpg\" \/>\n\t<meta property=\"og:image:width\" content=\"1000\" \/>\n\t<meta property=\"og:image:height\" content=\"1000\" \/>\n\t<meta property=\"og:image:type\" content=\"image\/jpeg\" \/>\n<meta name=\"twitter:card\" content=\"summary_large_image\" \/>\n<meta name=\"twitter:label1\" content=\"Dur\u00e9e de lecture estim\u00e9e\" \/>\n\t<meta name=\"twitter:data1\" content=\"1 minute\" \/>\n<script type=\"application\/ld+json\" class=\"yoast-schema-graph\">{\"@context\":\"https:\/\/schema.org\",\"@graph\":[{\"@type\":\"WebPage\",\"@id\":\"https:\/\/www.bagnoitalia.com\/fr\/produit\/bathroom-cabinet-85-90-or-100-cm-glossy-white-matt-gray-light-oak-dark-oak-mirror-included-giusy3-model-2.html\",\"url\":\"https:\/\/www.bagnoitalia.com\/fr\/produit\/bathroom-cabinet-85-90-or-100-cm-glossy-white-matt-gray-light-oak-dark-oak-mirror-included-giusy3-model-2.html\",\"name\":\"Armoire de salle de bains 85 90 ou 100 cm blanc brillant gris mat ch\u00eane clair ch\u00eane fonc\u00e9 miroir inclus mod\u00e8le Giusy3\",\"isPartOf\":{\"@id\":\"https:\/\/www.bagnoitalia.com\/fr#website\"},\"primaryImageOfPage\":{\"@id\":\"https:\/\/www.bagnoitalia.com\/fr\/produit\/bathroom-cabinet-85-90-or-100-cm-glossy-white-matt-gray-light-oak-dark-oak-mirror-included-giusy3-model-2.html#primaryimage\"},\"image\":{\"@id\":\"https:\/\/www.bagnoitalia.com\/fr\/produit\/bathroom-cabinet-85-90-or-100-cm-glossy-white-matt-gray-light-oak-dark-oak-mirror-included-giusy3-model-2.html#primaryimage\"},\"thumbnailUrl\":\"https:\/\/img.bagnoitalia.com\/wp-content\/uploads\/mobile-bagno-giusy3-sospeso-moderno-85-90-100-colori.jpg\",\"datePublished\":\"2020-01-30T10:11:21+00:00\",\"dateModified\":\"2025-12-18T09:02:17+00:00\",\"description\":\"Meuble de salle de bain moderne suspendu, disponible en 90 et 100 cm avec 2 tiroirs, ou 85 cm avec 2 tiroirs et une porte. 4 Couleurs disponibles. Miroir et lavabo en c\u00e9ramique inclus.\",\"breadcrumb\":{\"@id\":\"https:\/\/www.bagnoitalia.com\/fr\/produit\/bathroom-cabinet-85-90-or-100-cm-glossy-white-matt-gray-light-oak-dark-oak-mirror-included-giusy3-model-2.html#breadcrumb\"},\"inLanguage\":\"fr-FR\",\"potentialAction\":[{\"@type\":\"ReadAction\",\"target\":[\"https:\/\/www.bagnoitalia.com\/fr\/produit\/bathroom-cabinet-85-90-or-100-cm-glossy-white-matt-gray-light-oak-dark-oak-mirror-included-giusy3-model-2.html\"]}]},{\"@type\":\"ImageObject\",\"inLanguage\":\"fr-FR\",\"@id\":\"https:\/\/www.bagnoitalia.com\/fr\/produit\/bathroom-cabinet-85-90-or-100-cm-glossy-white-matt-gray-light-oak-dark-oak-mirror-included-giusy3-model-2.html#primaryimage\",\"url\":\"https:\/\/img.bagnoitalia.com\/wp-content\/uploads\/mobile-bagno-giusy3-sospeso-moderno-85-90-100-colori.jpg\",\"contentUrl\":\"https:\/\/img.bagnoitalia.com\/wp-content\/uploads\/mobile-bagno-giusy3-sospeso-moderno-85-90-100-colori.jpg\",\"width\":1000,\"height\":1000},{\"@type\":\"BreadcrumbList\",\"@id\":\"https:\/\/www.bagnoitalia.com\/fr\/produit\/bathroom-cabinet-85-90-or-100-cm-glossy-white-matt-gray-light-oak-dark-oak-mirror-included-giusy3-model-2.html#breadcrumb\",\"itemListElement\":[{\"@type\":\"ListItem\",\"position\":1,\"name\":\"Home\",\"item\":\"https:\/\/www.bagnoitalia.com\/fr\"},{\"@type\":\"ListItem\",\"position\":2,\"name\":\"Produits\",\"item\":\"https:\/\/www.bagnoitalia.com\/fr\/shop\"},{\"@type\":\"ListItem\",\"position\":3,\"name\":\"Meuble de salle de bain Giusy3 de 85, 90 ou 100 cm, disponible en 9 couleurs, suspendu, moderne, avec miroir et lavabo\"}]},{\"@type\":\"WebSite\",\"@id\":\"https:\/\/www.bagnoitalia.com\/fr#website\",\"url\":\"https:\/\/www.bagnoitalia.com\/fr\",\"name\":\"Bagno Italia\",\"description\":\"\",\"publisher\":{\"@id\":\"https:\/\/www.bagnoitalia.com\/fr#organization\"},\"potentialAction\":[{\"@type\":\"SearchAction\",\"target\":{\"@type\":\"EntryPoint\",\"urlTemplate\":\"https:\/\/www.bagnoitalia.com\/fr?s={search_term_string}\"},\"query-input\":{\"@type\":\"PropertyValueSpecification\",\"valueRequired\":true,\"valueName\":\"search_term_string\"}}],\"inLanguage\":\"fr-FR\"},{\"@type\":\"Organization\",\"@id\":\"https:\/\/www.bagnoitalia.com\/fr#organization\",\"name\":\"Bagno Italia\",\"url\":\"https:\/\/www.bagnoitalia.com\/fr\",\"logo\":{\"@type\":\"ImageObject\",\"inLanguage\":\"fr-FR\",\"@id\":\"https:\/\/www.bagnoitalia.com\/fr#\/schema\/logo\/image\/\",\"url\":\"https:\/\/img.bagnoitalia.com\/wp-content\/uploads\/logo-bagnoitalia.webp\",\"contentUrl\":\"https:\/\/img.bagnoitalia.com\/wp-content\/uploads\/logo-bagnoitalia.webp\",\"width\":400,\"height\":70,\"caption\":\"Bagno Italia\"},\"image\":{\"@id\":\"https:\/\/www.bagnoitalia.com\/fr#\/schema\/logo\/image\/\"}}]}<\/script>\n<!-- \/ Yoast SEO plugin. -->","yoast_head_json":{"title":"Armoire de salle de bains 85 90 ou 100 cm blanc brillant gris mat ch\u00eane clair ch\u00eane fonc\u00e9 miroir inclus mod\u00e8le Giusy3","description":"Meuble de salle de bain moderne suspendu, disponible en 90 et 100 cm avec 2 tiroirs, ou 85 cm avec 2 tiroirs et une porte. 4 Couleurs disponibles. Miroir et lavabo en c\u00e9ramique inclus.","robots":{"index":"index","follow":"follow","max-snippet":"max-snippet:-1","max-image-preview":"max-image-preview:large","max-video-preview":"max-video-preview:-1"},"canonical":"https:\/\/www.bagnoitalia.com\/fr\/produit\/bathroom-cabinet-85-90-or-100-cm-glossy-white-matt-gray-light-oak-dark-oak-mirror-included-giusy3-model-2.html","og_locale":"fr_FR","og_type":"article","og_title":"Armoire de salle de bains 85 90 ou 100 cm blanc brillant gris mat ch\u00eane clair ch\u00eane fonc\u00e9 miroir inclus mod\u00e8le Giusy3","og_description":"Meuble de salle de bain moderne suspendu, disponible en 90 et 100 cm avec 2 tiroirs, ou 85 cm avec 2 tiroirs et une porte. 4 Couleurs disponibles. Miroir et lavabo en c\u00e9ramique inclus.","og_url":"https:\/\/www.bagnoitalia.com\/fr\/produit\/bathroom-cabinet-85-90-or-100-cm-glossy-white-matt-gray-light-oak-dark-oak-mirror-included-giusy3-model-2.html","og_site_name":"Bagno Italia","article_modified_time":"2025-12-18T09:02:17+00:00","og_image":[{"width":1000,"height":1000,"url":"https:\/\/img.bagnoitalia.com\/wp-content\/uploads\/mobile-bagno-giusy3-sospeso-moderno-85-90-100-colori.jpg","type":"image\/jpeg"}],"twitter_card":"summary_large_image","twitter_misc":{"Dur\u00e9e de lecture estim\u00e9e":"1 minute"},"schema":{"@context":"https:\/\/schema.org","@graph":[{"@type":"WebPage","@id":"https:\/\/www.bagnoitalia.com\/fr\/produit\/bathroom-cabinet-85-90-or-100-cm-glossy-white-matt-gray-light-oak-dark-oak-mirror-included-giusy3-model-2.html","url":"https:\/\/www.bagnoitalia.com\/fr\/produit\/bathroom-cabinet-85-90-or-100-cm-glossy-white-matt-gray-light-oak-dark-oak-mirror-included-giusy3-model-2.html","name":"Armoire de salle de bains 85 90 ou 100 cm blanc brillant gris mat ch\u00eane clair ch\u00eane fonc\u00e9 miroir inclus mod\u00e8le Giusy3","isPartOf":{"@id":"https:\/\/www.bagnoitalia.com\/fr#website"},"primaryImageOfPage":{"@id":"https:\/\/www.bagnoitalia.com\/fr\/produit\/bathroom-cabinet-85-90-or-100-cm-glossy-white-matt-gray-light-oak-dark-oak-mirror-included-giusy3-model-2.html#primaryimage"},"image":{"@id":"https:\/\/www.bagnoitalia.com\/fr\/produit\/bathroom-cabinet-85-90-or-100-cm-glossy-white-matt-gray-light-oak-dark-oak-mirror-included-giusy3-model-2.html#primaryimage"},"thumbnailUrl":"https:\/\/img.bagnoitalia.com\/wp-content\/uploads\/mobile-bagno-giusy3-sospeso-moderno-85-90-100-colori.jpg","datePublished":"2020-01-30T10:11:21+00:00","dateModified":"2025-12-18T09:02:17+00:00","description":"Meuble de salle de bain moderne suspendu, disponible en 90 et 100 cm avec 2 tiroirs, ou 85 cm avec 2 tiroirs et une porte. 4 Couleurs disponibles. Miroir et lavabo en c\u00e9ramique inclus.","breadcrumb":{"@id":"https:\/\/www.bagnoitalia.com\/fr\/produit\/bathroom-cabinet-85-90-or-100-cm-glossy-white-matt-gray-light-oak-dark-oak-mirror-included-giusy3-model-2.html#breadcrumb"},"inLanguage":"fr-FR","potentialAction":[{"@type":"ReadAction","target":["https:\/\/www.bagnoitalia.com\/fr\/produit\/bathroom-cabinet-85-90-or-100-cm-glossy-white-matt-gray-light-oak-dark-oak-mirror-included-giusy3-model-2.html"]}]},{"@type":"ImageObject","inLanguage":"fr-FR","@id":"https:\/\/www.bagnoitalia.com\/fr\/produit\/bathroom-cabinet-85-90-or-100-cm-glossy-white-matt-gray-light-oak-dark-oak-mirror-included-giusy3-model-2.html#primaryimage","url":"https:\/\/img.bagnoitalia.com\/wp-content\/uploads\/mobile-bagno-giusy3-sospeso-moderno-85-90-100-colori.jpg","contentUrl":"https:\/\/img.bagnoitalia.com\/wp-content\/uploads\/mobile-bagno-giusy3-sospeso-moderno-85-90-100-colori.jpg","width":1000,"height":1000},{"@type":"BreadcrumbList","@id":"https:\/\/www.bagnoitalia.com\/fr\/produit\/bathroom-cabinet-85-90-or-100-cm-glossy-white-matt-gray-light-oak-dark-oak-mirror-included-giusy3-model-2.html#breadcrumb","itemListElement":[{"@type":"ListItem","position":1,"name":"Home","item":"https:\/\/www.bagnoitalia.com\/fr"},{"@type":"ListItem","position":2,"name":"Produits","item":"https:\/\/www.bagnoitalia.com\/fr\/shop"},{"@type":"ListItem","position":3,"name":"Meuble de salle de bain Giusy3 de 85, 90 ou 100 cm, disponible en 9 couleurs, suspendu, moderne, avec miroir et lavabo"}]},{"@type":"WebSite","@id":"https:\/\/www.bagnoitalia.com\/fr#website","url":"https:\/\/www.bagnoitalia.com\/fr","name":"Bagno Italia","description":"","publisher":{"@id":"https:\/\/www.bagnoitalia.com\/fr#organization"},"potentialAction":[{"@type":"SearchAction","target":{"@type":"EntryPoint","urlTemplate":"https:\/\/www.bagnoitalia.com\/fr?s={search_term_string}"},"query-input":{"@type":"PropertyValueSpecification","valueRequired":true,"valueName":"search_term_string"}}],"inLanguage":"fr-FR"},{"@type":"Organization","@id":"https:\/\/www.bagnoitalia.com\/fr#organization","name":"Bagno Italia","url":"https:\/\/www.bagnoitalia.com\/fr","logo":{"@type":"ImageObject","inLanguage":"fr-FR","@id":"https:\/\/www.bagnoitalia.com\/fr#\/schema\/logo\/image\/","url":"https:\/\/img.bagnoitalia.com\/wp-content\/uploads\/logo-bagnoitalia.webp","contentUrl":"https:\/\/img.bagnoitalia.com\/wp-content\/uploads\/logo-bagnoitalia.webp","width":400,"height":70,"caption":"Bagno Italia"},"image":{"@id":"https:\/\/www.bagnoitalia.com\/fr#\/schema\/logo\/image\/"}}]}},"_links":{"self":[{"href":"https:\/\/www.bagnoitalia.com\/fr\/wp-json\/wp\/v2\/product\/81478","targetHints":{"allow":["GET"]}}],"collection":[{"href":"https:\/\/www.bagnoitalia.com\/fr\/wp-json\/wp\/v2\/product"}],"about":[{"href":"https:\/\/www.bagnoitalia.com\/fr\/wp-json\/wp\/v2\/types\/product"}],"replies":[{"embeddable":true,"href":"https:\/\/www.bagnoitalia.com\/fr\/wp-json\/wp\/v2\/comments?post=81478"}],"version-history":[{"count":9,"href":"https:\/\/www.bagnoitalia.com\/fr\/wp-json\/wp\/v2\/product\/81478\/revisions"}],"predecessor-version":[{"id":115420,"href":"https:\/\/www.bagnoitalia.com\/fr\/wp-json\/wp\/v2\/product\/81478\/revisions\/115420"}],"wp:featuredmedia":[{"embeddable":true,"href":"https:\/\/www.bagnoitalia.com\/fr\/wp-json\/wp\/v2\/media\/115300"}],"wp:attachment":[{"href":"https:\/\/www.bagnoitalia.com\/fr\/wp-json\/wp\/v2\/media?parent=81478"}],"wp:term":[{"taxonomy":"product_brand","embeddable":true,"href":"https:\/\/www.bagnoitalia.com\/fr\/wp-json\/wp\/v2\/product_brand?post=81478"},{"taxonomy":"product_cat","embeddable":true,"href":"https:\/\/www.bagnoitalia.com\/fr\/wp-json\/wp\/v2\/product_cat?post=81478"},{"taxonomy":"product_tag","embeddable":true,"href":"https:\/\/www.bagnoitalia.com\/fr\/wp-json\/wp\/v2\/product_tag?post=81478"}],"curies":[{"name":"wp","href":"https:\/\/api.w.org\/{rel}","templated":true}]}}