{"id":81465,"date":"2020-01-22T10:47:35","date_gmt":"2020-01-22T09:47:35","guid":{"rendered":"https:\/\/www.bagnoitalia.com\/product\/reversible-corner-sofa-bed-223-cm-with-led-lights-and-container-sabrina-model-2"},"modified":"2026-03-12T09:22:34","modified_gmt":"2026-03-12T08:22:34","slug":"reversible-corner-sofa-bed-223-cm-with-led-lights-and-container-sabrina-model-2","status":"publish","type":"product","link":"https:\/\/www.bagnoitalia.com\/fr\/produit\/reversible-corner-sofa-bed-223-cm-with-led-lights-and-container-sabrina-model-2.html","title":{"rendered":"Reversible corner sofa bed 223 cm with LED lights and container Sabrina model"},"content":{"rendered":"<p style=\"text-align: center;\"><span style=\"text-decoration: underline; color: #ff0000; font-size: 18pt;\"><strong>CANAP\u00c9 D&rsquo;ANGLE SABRINA<\/strong><\/span><\/p>\n<p>&nbsp;<\/p>\n<p>&nbsp;<\/p>\n<p>CARACT\u00c9RISTIQUES :<\/p>\n<p>Canap\u00e9 d&rsquo;angle r\u00e9versible : il est possible de d\u00e9placer la p\u00e9ninsule \u00e0 droite ou \u00e0 gauche, les accoudoirs \u00e9tant amovibles.<\/p>\n<p>Chaise longue avec compartiment de rangement sous l&rsquo;assise<\/p>\n<p>T\u00e9l\u00e9commande pour la gestion des lumi\u00e8res LED avec 7 variations de teintes<\/p>\n<p>Convertible en lit pour 2 personnes<\/p>\n<p>disponible en 3 types<\/p>\n<p>microfibre grise<\/p>\n<p>microfibre marron<br \/>\ncuir artificiel blanc<\/p>\n<p>&nbsp;<\/p>\n<p>&nbsp;<\/p>\n<p>D\u00c9TAILS :<\/p>\n<p>dimensions ouvertes (lit) : 196x146x85 cm<\/p>\n<p>longueur totale du canap\u00e9 223 cm<\/p>\n<p>profondeur totale du canap\u00e9 146 cm<\/p>\n<p>hauteur totale 85 cm<\/p>\n<p>hauteur du dossier 45 cm<\/p>\n<p>si\u00e8ge du canap\u00e9 194&#215;54 cm<\/p>\n<p>si\u00e8ge chaise longue : 116&#215;72 cm<\/p>\n<p>&nbsp;<\/p>\n","protected":false},"excerpt":{"rendered":"<p>Canap\u00e9 de salon en microfibre ou en similicuir, avec chaise longue \u00e0 droite ou \u00e0 gauche (r\u00e9versible) ; disponible en 3 couleurs : gris, blanc ou marron. Convertible en lit double et dot\u00e9 d&rsquo;un compartiment de rangement pratique sous la p\u00e9ninsule. T\u00e9l\u00e9commande pour la s\u00e9lection de la lumi\u00e8re LED incluse.<\/p>\n","protected":false},"featured_media":45221,"comment_status":"open","ping_status":"closed","template":"","meta":[],"product_brand":[9924],"product_cat":[9791,9795],"product_tag":[],"class_list":{"0":"post-81465","1":"product","2":"type-product","3":"status-publish","4":"has-post-thumbnail","6":"product_brand-predator-arredo-casa-fr","7":"product_cat-canapes","8":"product_cat-canape-lit","10":"first","11":"instock","12":"sale","13":"taxable","14":"shipping-taxable","15":"purchasable","16":"product-type-simple"},"exclude_global_add_ons":false,"addons":[{"name":"Couleur","type":"multiple_choice","position":0,"required":true,"title_format":"heading","default":"","description_enable":false,"description":"","placeholder_enable":false,"placeholder":"","display":"select","restrictions_type":"any_text","adjust_price":false,"price":"","price_type":"flat_fee","restrictions":false,"min":"0","max":"0","options":[{"label":"microfibre marron PRIX PROMOTIONNEL","price":"","price_type":"quantity_based","image":0,"visibility":true},{"label":"faux cuir blanc","price":"110","price_type":"quantity_based","image":0,"visibility":true},{"label":"microfibre grise","price":"110","price_type":"quantity_based","image":0,"visibility":true}],"id":1716992446}],"yoast_head":"<!-- This site is optimized with the Yoast SEO plugin v26.7 - https:\/\/yoast.com\/wordpress\/plugins\/seo\/ -->\n<title>Reversible corner sofa bed 223 cm with LED lights and container Sabrina model<\/title>\n<meta name=\"description\" content=\"Canap\u00e9 de salon en microfibre ou en similicuir, avec chaise longue \u00e0 droite ou \u00e0 gauche (r\u00e9versible) ; disponible en 3 couleurs : gris, blanc ou marron. Convertible en lit double et dot\u00e9 d&#039;un compartiment de rangement pratique sous la p\u00e9ninsule. T\u00e9l\u00e9commande pour la s\u00e9lection de la lumi\u00e8re LED incluse.\" \/>\n<meta name=\"robots\" content=\"index, follow, max-snippet:-1, max-image-preview:large, max-video-preview:-1\" \/>\n<link rel=\"canonical\" href=\"https:\/\/www.bagnoitalia.com\/fr\/produit\/reversible-corner-sofa-bed-223-cm-with-led-lights-and-container-sabrina-model-2.html\" \/>\n<meta property=\"og:locale\" content=\"fr_FR\" \/>\n<meta property=\"og:type\" content=\"article\" \/>\n<meta property=\"og:title\" content=\"Reversible corner sofa bed 223 cm with LED lights and container Sabrina model\" \/>\n<meta property=\"og:description\" content=\"Canap\u00e9 de salon en microfibre ou en similicuir, avec chaise longue \u00e0 droite ou \u00e0 gauche (r\u00e9versible) ; disponible en 3 couleurs : gris, blanc ou marron. Convertible en lit double et dot\u00e9 d&#039;un compartiment de rangement pratique sous la p\u00e9ninsule. T\u00e9l\u00e9commande pour la s\u00e9lection de la lumi\u00e8re LED incluse.\" \/>\n<meta property=\"og:url\" content=\"https:\/\/www.bagnoitalia.com\/fr\/produit\/reversible-corner-sofa-bed-223-cm-with-led-lights-and-container-sabrina-model-2.html\" \/>\n<meta property=\"og:site_name\" content=\"Bagno Italia\" \/>\n<meta property=\"article:modified_time\" content=\"2026-03-12T08:22:34+00:00\" \/>\n<meta property=\"og:image\" content=\"https:\/\/img.bagnoitalia.com\/wp-content\/uploads\/virtuemart\/product\/divano-letto-led-contenitore-bianco-grigio-marrone.jpg\" \/>\n\t<meta property=\"og:image:width\" content=\"550\" \/>\n\t<meta property=\"og:image:height\" content=\"550\" \/>\n\t<meta property=\"og:image:type\" content=\"image\/jpeg\" \/>\n<meta name=\"twitter:card\" content=\"summary_large_image\" \/>\n<meta name=\"twitter:label1\" content=\"Dur\u00e9e de lecture estim\u00e9e\" \/>\n\t<meta name=\"twitter:data1\" content=\"1 minute\" \/>\n<script type=\"application\/ld+json\" class=\"yoast-schema-graph\">{\"@context\":\"https:\/\/schema.org\",\"@graph\":[{\"@type\":\"WebPage\",\"@id\":\"https:\/\/www.bagnoitalia.com\/fr\/produit\/reversible-corner-sofa-bed-223-cm-with-led-lights-and-container-sabrina-model-2.html\",\"url\":\"https:\/\/www.bagnoitalia.com\/fr\/produit\/reversible-corner-sofa-bed-223-cm-with-led-lights-and-container-sabrina-model-2.html\",\"name\":\"Reversible corner sofa bed 223 cm with LED lights and container Sabrina model\",\"isPartOf\":{\"@id\":\"https:\/\/www.bagnoitalia.com\/fr#website\"},\"primaryImageOfPage\":{\"@id\":\"https:\/\/www.bagnoitalia.com\/fr\/produit\/reversible-corner-sofa-bed-223-cm-with-led-lights-and-container-sabrina-model-2.html#primaryimage\"},\"image\":{\"@id\":\"https:\/\/www.bagnoitalia.com\/fr\/produit\/reversible-corner-sofa-bed-223-cm-with-led-lights-and-container-sabrina-model-2.html#primaryimage\"},\"thumbnailUrl\":\"https:\/\/img.bagnoitalia.com\/wp-content\/uploads\/virtuemart\/product\/divano-letto-led-contenitore-bianco-grigio-marrone.jpg\",\"datePublished\":\"2020-01-22T09:47:35+00:00\",\"dateModified\":\"2026-03-12T08:22:34+00:00\",\"description\":\"Canap\u00e9 de salon en microfibre ou en similicuir, avec chaise longue \u00e0 droite ou \u00e0 gauche (r\u00e9versible) ; disponible en 3 couleurs : gris, blanc ou marron. Convertible en lit double et dot\u00e9 d'un compartiment de rangement pratique sous la p\u00e9ninsule. T\u00e9l\u00e9commande pour la s\u00e9lection de la lumi\u00e8re LED incluse.\",\"breadcrumb\":{\"@id\":\"https:\/\/www.bagnoitalia.com\/fr\/produit\/reversible-corner-sofa-bed-223-cm-with-led-lights-and-container-sabrina-model-2.html#breadcrumb\"},\"inLanguage\":\"fr-FR\",\"potentialAction\":[{\"@type\":\"ReadAction\",\"target\":[\"https:\/\/www.bagnoitalia.com\/fr\/produit\/reversible-corner-sofa-bed-223-cm-with-led-lights-and-container-sabrina-model-2.html\"]}]},{\"@type\":\"ImageObject\",\"inLanguage\":\"fr-FR\",\"@id\":\"https:\/\/www.bagnoitalia.com\/fr\/produit\/reversible-corner-sofa-bed-223-cm-with-led-lights-and-container-sabrina-model-2.html#primaryimage\",\"url\":\"https:\/\/img.bagnoitalia.com\/wp-content\/uploads\/virtuemart\/product\/divano-letto-led-contenitore-bianco-grigio-marrone.jpg\",\"contentUrl\":\"https:\/\/img.bagnoitalia.com\/wp-content\/uploads\/virtuemart\/product\/divano-letto-led-contenitore-bianco-grigio-marrone.jpg\",\"width\":550,\"height\":550},{\"@type\":\"BreadcrumbList\",\"@id\":\"https:\/\/www.bagnoitalia.com\/fr\/produit\/reversible-corner-sofa-bed-223-cm-with-led-lights-and-container-sabrina-model-2.html#breadcrumb\",\"itemListElement\":[{\"@type\":\"ListItem\",\"position\":1,\"name\":\"Home\",\"item\":\"https:\/\/www.bagnoitalia.com\/fr\"},{\"@type\":\"ListItem\",\"position\":2,\"name\":\"Produits\",\"item\":\"https:\/\/www.bagnoitalia.com\/fr\/shop\"},{\"@type\":\"ListItem\",\"position\":3,\"name\":\"Reversible corner sofa bed 223 cm with LED lights and container Sabrina model\"}]},{\"@type\":\"WebSite\",\"@id\":\"https:\/\/www.bagnoitalia.com\/fr#website\",\"url\":\"https:\/\/www.bagnoitalia.com\/fr\",\"name\":\"Bagno Italia\",\"description\":\"\",\"publisher\":{\"@id\":\"https:\/\/www.bagnoitalia.com\/fr#organization\"},\"potentialAction\":[{\"@type\":\"SearchAction\",\"target\":{\"@type\":\"EntryPoint\",\"urlTemplate\":\"https:\/\/www.bagnoitalia.com\/fr?s={search_term_string}\"},\"query-input\":{\"@type\":\"PropertyValueSpecification\",\"valueRequired\":true,\"valueName\":\"search_term_string\"}}],\"inLanguage\":\"fr-FR\"},{\"@type\":\"Organization\",\"@id\":\"https:\/\/www.bagnoitalia.com\/fr#organization\",\"name\":\"Bagno Italia\",\"url\":\"https:\/\/www.bagnoitalia.com\/fr\",\"logo\":{\"@type\":\"ImageObject\",\"inLanguage\":\"fr-FR\",\"@id\":\"https:\/\/www.bagnoitalia.com\/fr#\/schema\/logo\/image\/\",\"url\":\"https:\/\/img.bagnoitalia.com\/wp-content\/uploads\/logo-bagnoitalia.webp\",\"contentUrl\":\"https:\/\/img.bagnoitalia.com\/wp-content\/uploads\/logo-bagnoitalia.webp\",\"width\":400,\"height\":70,\"caption\":\"Bagno Italia\"},\"image\":{\"@id\":\"https:\/\/www.bagnoitalia.com\/fr#\/schema\/logo\/image\/\"}}]}<\/script>\n<!-- \/ Yoast SEO plugin. -->","yoast_head_json":{"title":"Reversible corner sofa bed 223 cm with LED lights and container Sabrina model","description":"Canap\u00e9 de salon en microfibre ou en similicuir, avec chaise longue \u00e0 droite ou \u00e0 gauche (r\u00e9versible) ; disponible en 3 couleurs : gris, blanc ou marron. Convertible en lit double et dot\u00e9 d'un compartiment de rangement pratique sous la p\u00e9ninsule. T\u00e9l\u00e9commande pour la s\u00e9lection de la lumi\u00e8re LED incluse.","robots":{"index":"index","follow":"follow","max-snippet":"max-snippet:-1","max-image-preview":"max-image-preview:large","max-video-preview":"max-video-preview:-1"},"canonical":"https:\/\/www.bagnoitalia.com\/fr\/produit\/reversible-corner-sofa-bed-223-cm-with-led-lights-and-container-sabrina-model-2.html","og_locale":"fr_FR","og_type":"article","og_title":"Reversible corner sofa bed 223 cm with LED lights and container Sabrina model","og_description":"Canap\u00e9 de salon en microfibre ou en similicuir, avec chaise longue \u00e0 droite ou \u00e0 gauche (r\u00e9versible) ; disponible en 3 couleurs : gris, blanc ou marron. Convertible en lit double et dot\u00e9 d'un compartiment de rangement pratique sous la p\u00e9ninsule. T\u00e9l\u00e9commande pour la s\u00e9lection de la lumi\u00e8re LED incluse.","og_url":"https:\/\/www.bagnoitalia.com\/fr\/produit\/reversible-corner-sofa-bed-223-cm-with-led-lights-and-container-sabrina-model-2.html","og_site_name":"Bagno Italia","article_modified_time":"2026-03-12T08:22:34+00:00","og_image":[{"width":550,"height":550,"url":"https:\/\/img.bagnoitalia.com\/wp-content\/uploads\/virtuemart\/product\/divano-letto-led-contenitore-bianco-grigio-marrone.jpg","type":"image\/jpeg"}],"twitter_card":"summary_large_image","twitter_misc":{"Dur\u00e9e de lecture estim\u00e9e":"1 minute"},"schema":{"@context":"https:\/\/schema.org","@graph":[{"@type":"WebPage","@id":"https:\/\/www.bagnoitalia.com\/fr\/produit\/reversible-corner-sofa-bed-223-cm-with-led-lights-and-container-sabrina-model-2.html","url":"https:\/\/www.bagnoitalia.com\/fr\/produit\/reversible-corner-sofa-bed-223-cm-with-led-lights-and-container-sabrina-model-2.html","name":"Reversible corner sofa bed 223 cm with LED lights and container Sabrina model","isPartOf":{"@id":"https:\/\/www.bagnoitalia.com\/fr#website"},"primaryImageOfPage":{"@id":"https:\/\/www.bagnoitalia.com\/fr\/produit\/reversible-corner-sofa-bed-223-cm-with-led-lights-and-container-sabrina-model-2.html#primaryimage"},"image":{"@id":"https:\/\/www.bagnoitalia.com\/fr\/produit\/reversible-corner-sofa-bed-223-cm-with-led-lights-and-container-sabrina-model-2.html#primaryimage"},"thumbnailUrl":"https:\/\/img.bagnoitalia.com\/wp-content\/uploads\/virtuemart\/product\/divano-letto-led-contenitore-bianco-grigio-marrone.jpg","datePublished":"2020-01-22T09:47:35+00:00","dateModified":"2026-03-12T08:22:34+00:00","description":"Canap\u00e9 de salon en microfibre ou en similicuir, avec chaise longue \u00e0 droite ou \u00e0 gauche (r\u00e9versible) ; disponible en 3 couleurs : gris, blanc ou marron. Convertible en lit double et dot\u00e9 d'un compartiment de rangement pratique sous la p\u00e9ninsule. T\u00e9l\u00e9commande pour la s\u00e9lection de la lumi\u00e8re LED incluse.","breadcrumb":{"@id":"https:\/\/www.bagnoitalia.com\/fr\/produit\/reversible-corner-sofa-bed-223-cm-with-led-lights-and-container-sabrina-model-2.html#breadcrumb"},"inLanguage":"fr-FR","potentialAction":[{"@type":"ReadAction","target":["https:\/\/www.bagnoitalia.com\/fr\/produit\/reversible-corner-sofa-bed-223-cm-with-led-lights-and-container-sabrina-model-2.html"]}]},{"@type":"ImageObject","inLanguage":"fr-FR","@id":"https:\/\/www.bagnoitalia.com\/fr\/produit\/reversible-corner-sofa-bed-223-cm-with-led-lights-and-container-sabrina-model-2.html#primaryimage","url":"https:\/\/img.bagnoitalia.com\/wp-content\/uploads\/virtuemart\/product\/divano-letto-led-contenitore-bianco-grigio-marrone.jpg","contentUrl":"https:\/\/img.bagnoitalia.com\/wp-content\/uploads\/virtuemart\/product\/divano-letto-led-contenitore-bianco-grigio-marrone.jpg","width":550,"height":550},{"@type":"BreadcrumbList","@id":"https:\/\/www.bagnoitalia.com\/fr\/produit\/reversible-corner-sofa-bed-223-cm-with-led-lights-and-container-sabrina-model-2.html#breadcrumb","itemListElement":[{"@type":"ListItem","position":1,"name":"Home","item":"https:\/\/www.bagnoitalia.com\/fr"},{"@type":"ListItem","position":2,"name":"Produits","item":"https:\/\/www.bagnoitalia.com\/fr\/shop"},{"@type":"ListItem","position":3,"name":"Reversible corner sofa bed 223 cm with LED lights and container Sabrina model"}]},{"@type":"WebSite","@id":"https:\/\/www.bagnoitalia.com\/fr#website","url":"https:\/\/www.bagnoitalia.com\/fr","name":"Bagno Italia","description":"","publisher":{"@id":"https:\/\/www.bagnoitalia.com\/fr#organization"},"potentialAction":[{"@type":"SearchAction","target":{"@type":"EntryPoint","urlTemplate":"https:\/\/www.bagnoitalia.com\/fr?s={search_term_string}"},"query-input":{"@type":"PropertyValueSpecification","valueRequired":true,"valueName":"search_term_string"}}],"inLanguage":"fr-FR"},{"@type":"Organization","@id":"https:\/\/www.bagnoitalia.com\/fr#organization","name":"Bagno Italia","url":"https:\/\/www.bagnoitalia.com\/fr","logo":{"@type":"ImageObject","inLanguage":"fr-FR","@id":"https:\/\/www.bagnoitalia.com\/fr#\/schema\/logo\/image\/","url":"https:\/\/img.bagnoitalia.com\/wp-content\/uploads\/logo-bagnoitalia.webp","contentUrl":"https:\/\/img.bagnoitalia.com\/wp-content\/uploads\/logo-bagnoitalia.webp","width":400,"height":70,"caption":"Bagno Italia"},"image":{"@id":"https:\/\/www.bagnoitalia.com\/fr#\/schema\/logo\/image\/"}}]}},"_links":{"self":[{"href":"https:\/\/www.bagnoitalia.com\/fr\/wp-json\/wp\/v2\/product\/81465","targetHints":{"allow":["GET"]}}],"collection":[{"href":"https:\/\/www.bagnoitalia.com\/fr\/wp-json\/wp\/v2\/product"}],"about":[{"href":"https:\/\/www.bagnoitalia.com\/fr\/wp-json\/wp\/v2\/types\/product"}],"replies":[{"embeddable":true,"href":"https:\/\/www.bagnoitalia.com\/fr\/wp-json\/wp\/v2\/comments?post=81465"}],"version-history":[{"count":1,"href":"https:\/\/www.bagnoitalia.com\/fr\/wp-json\/wp\/v2\/product\/81465\/revisions"}],"predecessor-version":[{"id":88783,"href":"https:\/\/www.bagnoitalia.com\/fr\/wp-json\/wp\/v2\/product\/81465\/revisions\/88783"}],"wp:featuredmedia":[{"embeddable":true,"href":"https:\/\/www.bagnoitalia.com\/fr\/wp-json\/wp\/v2\/media\/45221"}],"wp:attachment":[{"href":"https:\/\/www.bagnoitalia.com\/fr\/wp-json\/wp\/v2\/media?parent=81465"}],"wp:term":[{"taxonomy":"product_brand","embeddable":true,"href":"https:\/\/www.bagnoitalia.com\/fr\/wp-json\/wp\/v2\/product_brand?post=81465"},{"taxonomy":"product_cat","embeddable":true,"href":"https:\/\/www.bagnoitalia.com\/fr\/wp-json\/wp\/v2\/product_cat?post=81465"},{"taxonomy":"product_tag","embeddable":true,"href":"https:\/\/www.bagnoitalia.com\/fr\/wp-json\/wp\/v2\/product_tag?post=81465"}],"curies":[{"name":"wp","href":"https:\/\/api.w.org\/{rel}","templated":true}]}}