{"id":81457,"date":"2020-01-21T10:35:55","date_gmt":"2020-01-21T09:35:55","guid":{"rendered":"https:\/\/www.bagnoitalia.com\/product\/hydromassage-cabin-with-tub-80x80-or-90x90-cm-6-jets-and-with-bluetooth-function-cb073-2"},"modified":"2026-04-14T10:05:35","modified_gmt":"2026-04-14T08:05:35","slug":"hydromassage-cabin-with-tub-80x80-or-90x90-cm-6-jets-and-with-bluetooth-function-cb073-2","status":"publish","type":"product","link":"https:\/\/www.bagnoitalia.com\/fr\/produit\/hydromassage-cabin-with-tub-80x80-or-90x90-cm-6-jets-and-with-bluetooth-function-cb073-2.html","title":{"rendered":"Cabine d&rsquo;hydromassage avec baignoire 80&#215;80 ou 90&#215;90 cm 6 jets et avec fonction Bluetooth CB073"},"content":{"rendered":"<p>Cabine d&rsquo;hydromassage avec baignoire en deux dimensions CB073<\/p>\n<p>&nbsp;<\/p>\n<p>Disponible en deux dimensions (s\u00e9lectionner la version d\u00e9sir\u00e9e dans le menu ci-dessus) :<\/p>\n<p>&#8211; 80x80xH215 cm<\/p>\n<p>&#8211; 90x90xH215 cm<\/p>\n<p>&nbsp;<\/p>\n<p>CARACT\u00c9RISTIQUES :<\/p>\n<p>Baignoire avec fond antid\u00e9rapant<\/p>\n<p>Caisson en verre fum\u00e9 de 6,5 mm<\/p>\n<p>6 jets d&rsquo;eau le long de la colonne de douche<\/p>\n<p>Syst\u00e8me Bluetooth<\/p>\n<p>G\u00e9n\u00e9rateur d&rsquo;ozone<\/p>\n<p>Radio FM<\/p>\n<p>\u00c9cran tactile<\/p>\n<p>Toit avec \u00e9clairage<\/p>\n<p>Chromoth\u00e9rapie avec 7 variations de lumi\u00e8res LED<\/p>\n<p>Porte-bouteille<\/p>\n<p>Porte-serviettes<\/p>\n<p>Despenseur pour savon liquide<\/p>\n<p>Douche centrale et douche lat\u00e9rale<\/p>\n<p>Massage des pieds<\/p>\n<p>T\u00e9l\u00e9phone mains libres<\/p>\n<p>Haut-parleur<\/p>\n<p>Assis sous la colonne de douche<\/p>\n<p>&nbsp;<\/p>\n<p>MAT\u00c9RIAUX :<\/p>\n<p>douche en acier chrom\u00e9<\/p>\n<p>R\u00e9servoir en ABS renforc\u00e9 par trois couches de r\u00e9sine et cadre galvanis\u00e9<\/p>\n<p>Colonnes en aluminium satin\u00e9<\/p>\n<p>Poign\u00e9es en m\u00e9tal chrom\u00e9<\/p>\n<p>Tablette en verre<\/p>\n<p>&nbsp;<\/p>\n","protected":false},"excerpt":{"rendered":"<p>Cabine de douche hydromassante semi-circulaire disponible en deux tailles diff\u00e9rentes (80 ou 90 cm), hauteur 215 cm. Avec baignoire, bluetooth, chromoth\u00e9rapie, radio, haut-parleur, ozonoth\u00e9rapie, massage des pieds.<\/p>\n","protected":false},"featured_media":45185,"comment_status":"open","ping_status":"closed","template":"","meta":[],"product_brand":[9924],"product_cat":[9735],"product_tag":[],"class_list":{"0":"post-81457","1":"product","2":"type-product","3":"status-publish","4":"has-post-thumbnail","6":"product_brand-predator-arredo-casa-fr","7":"product_cat-cabine-d-39-hydromassage","9":"first","10":"instock","11":"sale","12":"taxable","13":"shipping-taxable","14":"purchasable","15":"product-type-simple"},"exclude_global_add_ons":false,"addons":[{"name":"dimensions","type":"multiple_choice","position":0,"required":true,"title_format":"heading","default":"","description_enable":false,"description":"","placeholder_enable":false,"placeholder":"","display":"select","restrictions_type":"any_text","adjust_price":false,"price":"","price_type":"flat_fee","restrictions":false,"min":"0","max":"0","options":[{"label":"80x80 cm","price":"","price_type":"quantity_based","image":0,"visibility":true},{"label":"90x90 cm","price":"40","price_type":"quantity_based","image":0,"visibility":true}],"id":1716561936}],"yoast_head":"<!-- This site is optimized with the Yoast SEO plugin v26.7 - https:\/\/yoast.com\/wordpress\/plugins\/seo\/ -->\n<title>Cabine d&#039;hydromassage avec baignoire 80x80 ou 90x90 cm 6 jets et avec fonction Bluetooth CB073<\/title>\n<meta name=\"description\" content=\"Cabine de douche hydromassante semi-circulaire disponible en deux tailles diff\u00e9rentes (80 ou 90 cm), hauteur 215 cm. Avec baignoire, bluetooth, chromoth\u00e9rapie, radio, haut-parleur, ozonoth\u00e9rapie, massage des pieds.\" \/>\n<meta name=\"robots\" content=\"index, follow, max-snippet:-1, max-image-preview:large, max-video-preview:-1\" \/>\n<link rel=\"canonical\" href=\"https:\/\/www.bagnoitalia.com\/fr\/produit\/hydromassage-cabin-with-tub-80x80-or-90x90-cm-6-jets-and-with-bluetooth-function-cb073-2.html\" \/>\n<meta property=\"og:locale\" content=\"fr_FR\" \/>\n<meta property=\"og:type\" content=\"article\" \/>\n<meta property=\"og:title\" content=\"Cabine d&#039;hydromassage avec baignoire 80x80 ou 90x90 cm 6 jets et avec fonction Bluetooth CB073\" \/>\n<meta property=\"og:description\" content=\"Cabine de douche hydromassante semi-circulaire disponible en deux tailles diff\u00e9rentes (80 ou 90 cm), hauteur 215 cm. Avec baignoire, bluetooth, chromoth\u00e9rapie, radio, haut-parleur, ozonoth\u00e9rapie, massage des pieds.\" \/>\n<meta property=\"og:url\" content=\"https:\/\/www.bagnoitalia.com\/fr\/produit\/hydromassage-cabin-with-tub-80x80-or-90x90-cm-6-jets-and-with-bluetooth-function-cb073-2.html\" \/>\n<meta property=\"og:site_name\" content=\"Bagno Italia\" \/>\n<meta property=\"article:modified_time\" content=\"2026-04-14T08:05:35+00:00\" \/>\n<meta property=\"og:image\" content=\"https:\/\/img.bagnoitalia.com\/wp-content\/uploads\/virtuemart\/product\/hydromassage-cabin-with-tub-80x80-or-90x90-4444_1579603034_904.jpg\" \/>\n\t<meta property=\"og:image:width\" content=\"549\" \/>\n\t<meta property=\"og:image:height\" content=\"550\" \/>\n\t<meta property=\"og:image:type\" content=\"image\/jpeg\" \/>\n<meta name=\"twitter:card\" content=\"summary_large_image\" \/>\n<meta name=\"twitter:label1\" content=\"Dur\u00e9e de lecture estim\u00e9e\" \/>\n\t<meta name=\"twitter:data1\" content=\"1 minute\" \/>\n<script type=\"application\/ld+json\" class=\"yoast-schema-graph\">{\"@context\":\"https:\/\/schema.org\",\"@graph\":[{\"@type\":\"WebPage\",\"@id\":\"https:\/\/www.bagnoitalia.com\/fr\/produit\/hydromassage-cabin-with-tub-80x80-or-90x90-cm-6-jets-and-with-bluetooth-function-cb073-2.html\",\"url\":\"https:\/\/www.bagnoitalia.com\/fr\/produit\/hydromassage-cabin-with-tub-80x80-or-90x90-cm-6-jets-and-with-bluetooth-function-cb073-2.html\",\"name\":\"Cabine d'hydromassage avec baignoire 80x80 ou 90x90 cm 6 jets et avec fonction Bluetooth CB073\",\"isPartOf\":{\"@id\":\"https:\/\/www.bagnoitalia.com\/fr#website\"},\"primaryImageOfPage\":{\"@id\":\"https:\/\/www.bagnoitalia.com\/fr\/produit\/hydromassage-cabin-with-tub-80x80-or-90x90-cm-6-jets-and-with-bluetooth-function-cb073-2.html#primaryimage\"},\"image\":{\"@id\":\"https:\/\/www.bagnoitalia.com\/fr\/produit\/hydromassage-cabin-with-tub-80x80-or-90x90-cm-6-jets-and-with-bluetooth-function-cb073-2.html#primaryimage\"},\"thumbnailUrl\":\"https:\/\/img.bagnoitalia.com\/wp-content\/uploads\/virtuemart\/product\/hydromassage-cabin-with-tub-80x80-or-90x90-4444_1579603034_904.jpg\",\"datePublished\":\"2020-01-21T09:35:55+00:00\",\"dateModified\":\"2026-04-14T08:05:35+00:00\",\"description\":\"Cabine de douche hydromassante semi-circulaire disponible en deux tailles diff\u00e9rentes (80 ou 90 cm), hauteur 215 cm. Avec baignoire, bluetooth, chromoth\u00e9rapie, radio, haut-parleur, ozonoth\u00e9rapie, massage des pieds.\",\"breadcrumb\":{\"@id\":\"https:\/\/www.bagnoitalia.com\/fr\/produit\/hydromassage-cabin-with-tub-80x80-or-90x90-cm-6-jets-and-with-bluetooth-function-cb073-2.html#breadcrumb\"},\"inLanguage\":\"fr-FR\",\"potentialAction\":[{\"@type\":\"ReadAction\",\"target\":[\"https:\/\/www.bagnoitalia.com\/fr\/produit\/hydromassage-cabin-with-tub-80x80-or-90x90-cm-6-jets-and-with-bluetooth-function-cb073-2.html\"]}]},{\"@type\":\"ImageObject\",\"inLanguage\":\"fr-FR\",\"@id\":\"https:\/\/www.bagnoitalia.com\/fr\/produit\/hydromassage-cabin-with-tub-80x80-or-90x90-cm-6-jets-and-with-bluetooth-function-cb073-2.html#primaryimage\",\"url\":\"https:\/\/img.bagnoitalia.com\/wp-content\/uploads\/virtuemart\/product\/hydromassage-cabin-with-tub-80x80-or-90x90-4444_1579603034_904.jpg\",\"contentUrl\":\"https:\/\/img.bagnoitalia.com\/wp-content\/uploads\/virtuemart\/product\/hydromassage-cabin-with-tub-80x80-or-90x90-4444_1579603034_904.jpg\",\"width\":549,\"height\":550},{\"@type\":\"BreadcrumbList\",\"@id\":\"https:\/\/www.bagnoitalia.com\/fr\/produit\/hydromassage-cabin-with-tub-80x80-or-90x90-cm-6-jets-and-with-bluetooth-function-cb073-2.html#breadcrumb\",\"itemListElement\":[{\"@type\":\"ListItem\",\"position\":1,\"name\":\"Home\",\"item\":\"https:\/\/www.bagnoitalia.com\/fr\"},{\"@type\":\"ListItem\",\"position\":2,\"name\":\"Produits\",\"item\":\"https:\/\/www.bagnoitalia.com\/fr\/shop\"},{\"@type\":\"ListItem\",\"position\":3,\"name\":\"Cabine d&#8217;hydromassage avec baignoire 80&#215;80 ou 90&#215;90 cm 6 jets et avec fonction Bluetooth CB073\"}]},{\"@type\":\"WebSite\",\"@id\":\"https:\/\/www.bagnoitalia.com\/fr#website\",\"url\":\"https:\/\/www.bagnoitalia.com\/fr\",\"name\":\"Bagno Italia\",\"description\":\"\",\"publisher\":{\"@id\":\"https:\/\/www.bagnoitalia.com\/fr#organization\"},\"potentialAction\":[{\"@type\":\"SearchAction\",\"target\":{\"@type\":\"EntryPoint\",\"urlTemplate\":\"https:\/\/www.bagnoitalia.com\/fr?s={search_term_string}\"},\"query-input\":{\"@type\":\"PropertyValueSpecification\",\"valueRequired\":true,\"valueName\":\"search_term_string\"}}],\"inLanguage\":\"fr-FR\"},{\"@type\":\"Organization\",\"@id\":\"https:\/\/www.bagnoitalia.com\/fr#organization\",\"name\":\"Bagno Italia\",\"url\":\"https:\/\/www.bagnoitalia.com\/fr\",\"logo\":{\"@type\":\"ImageObject\",\"inLanguage\":\"fr-FR\",\"@id\":\"https:\/\/www.bagnoitalia.com\/fr#\/schema\/logo\/image\/\",\"url\":\"https:\/\/img.bagnoitalia.com\/wp-content\/uploads\/logo-bagnoitalia.webp\",\"contentUrl\":\"https:\/\/img.bagnoitalia.com\/wp-content\/uploads\/logo-bagnoitalia.webp\",\"width\":400,\"height\":70,\"caption\":\"Bagno Italia\"},\"image\":{\"@id\":\"https:\/\/www.bagnoitalia.com\/fr#\/schema\/logo\/image\/\"}}]}<\/script>\n<!-- \/ Yoast SEO plugin. -->","yoast_head_json":{"title":"Cabine d'hydromassage avec baignoire 80x80 ou 90x90 cm 6 jets et avec fonction Bluetooth CB073","description":"Cabine de douche hydromassante semi-circulaire disponible en deux tailles diff\u00e9rentes (80 ou 90 cm), hauteur 215 cm. Avec baignoire, bluetooth, chromoth\u00e9rapie, radio, haut-parleur, ozonoth\u00e9rapie, massage des pieds.","robots":{"index":"index","follow":"follow","max-snippet":"max-snippet:-1","max-image-preview":"max-image-preview:large","max-video-preview":"max-video-preview:-1"},"canonical":"https:\/\/www.bagnoitalia.com\/fr\/produit\/hydromassage-cabin-with-tub-80x80-or-90x90-cm-6-jets-and-with-bluetooth-function-cb073-2.html","og_locale":"fr_FR","og_type":"article","og_title":"Cabine d'hydromassage avec baignoire 80x80 ou 90x90 cm 6 jets et avec fonction Bluetooth CB073","og_description":"Cabine de douche hydromassante semi-circulaire disponible en deux tailles diff\u00e9rentes (80 ou 90 cm), hauteur 215 cm. Avec baignoire, bluetooth, chromoth\u00e9rapie, radio, haut-parleur, ozonoth\u00e9rapie, massage des pieds.","og_url":"https:\/\/www.bagnoitalia.com\/fr\/produit\/hydromassage-cabin-with-tub-80x80-or-90x90-cm-6-jets-and-with-bluetooth-function-cb073-2.html","og_site_name":"Bagno Italia","article_modified_time":"2026-04-14T08:05:35+00:00","og_image":[{"width":549,"height":550,"url":"https:\/\/img.bagnoitalia.com\/wp-content\/uploads\/virtuemart\/product\/hydromassage-cabin-with-tub-80x80-or-90x90-4444_1579603034_904.jpg","type":"image\/jpeg"}],"twitter_card":"summary_large_image","twitter_misc":{"Dur\u00e9e de lecture estim\u00e9e":"1 minute"},"schema":{"@context":"https:\/\/schema.org","@graph":[{"@type":"WebPage","@id":"https:\/\/www.bagnoitalia.com\/fr\/produit\/hydromassage-cabin-with-tub-80x80-or-90x90-cm-6-jets-and-with-bluetooth-function-cb073-2.html","url":"https:\/\/www.bagnoitalia.com\/fr\/produit\/hydromassage-cabin-with-tub-80x80-or-90x90-cm-6-jets-and-with-bluetooth-function-cb073-2.html","name":"Cabine d'hydromassage avec baignoire 80x80 ou 90x90 cm 6 jets et avec fonction Bluetooth CB073","isPartOf":{"@id":"https:\/\/www.bagnoitalia.com\/fr#website"},"primaryImageOfPage":{"@id":"https:\/\/www.bagnoitalia.com\/fr\/produit\/hydromassage-cabin-with-tub-80x80-or-90x90-cm-6-jets-and-with-bluetooth-function-cb073-2.html#primaryimage"},"image":{"@id":"https:\/\/www.bagnoitalia.com\/fr\/produit\/hydromassage-cabin-with-tub-80x80-or-90x90-cm-6-jets-and-with-bluetooth-function-cb073-2.html#primaryimage"},"thumbnailUrl":"https:\/\/img.bagnoitalia.com\/wp-content\/uploads\/virtuemart\/product\/hydromassage-cabin-with-tub-80x80-or-90x90-4444_1579603034_904.jpg","datePublished":"2020-01-21T09:35:55+00:00","dateModified":"2026-04-14T08:05:35+00:00","description":"Cabine de douche hydromassante semi-circulaire disponible en deux tailles diff\u00e9rentes (80 ou 90 cm), hauteur 215 cm. Avec baignoire, bluetooth, chromoth\u00e9rapie, radio, haut-parleur, ozonoth\u00e9rapie, massage des pieds.","breadcrumb":{"@id":"https:\/\/www.bagnoitalia.com\/fr\/produit\/hydromassage-cabin-with-tub-80x80-or-90x90-cm-6-jets-and-with-bluetooth-function-cb073-2.html#breadcrumb"},"inLanguage":"fr-FR","potentialAction":[{"@type":"ReadAction","target":["https:\/\/www.bagnoitalia.com\/fr\/produit\/hydromassage-cabin-with-tub-80x80-or-90x90-cm-6-jets-and-with-bluetooth-function-cb073-2.html"]}]},{"@type":"ImageObject","inLanguage":"fr-FR","@id":"https:\/\/www.bagnoitalia.com\/fr\/produit\/hydromassage-cabin-with-tub-80x80-or-90x90-cm-6-jets-and-with-bluetooth-function-cb073-2.html#primaryimage","url":"https:\/\/img.bagnoitalia.com\/wp-content\/uploads\/virtuemart\/product\/hydromassage-cabin-with-tub-80x80-or-90x90-4444_1579603034_904.jpg","contentUrl":"https:\/\/img.bagnoitalia.com\/wp-content\/uploads\/virtuemart\/product\/hydromassage-cabin-with-tub-80x80-or-90x90-4444_1579603034_904.jpg","width":549,"height":550},{"@type":"BreadcrumbList","@id":"https:\/\/www.bagnoitalia.com\/fr\/produit\/hydromassage-cabin-with-tub-80x80-or-90x90-cm-6-jets-and-with-bluetooth-function-cb073-2.html#breadcrumb","itemListElement":[{"@type":"ListItem","position":1,"name":"Home","item":"https:\/\/www.bagnoitalia.com\/fr"},{"@type":"ListItem","position":2,"name":"Produits","item":"https:\/\/www.bagnoitalia.com\/fr\/shop"},{"@type":"ListItem","position":3,"name":"Cabine d&#8217;hydromassage avec baignoire 80&#215;80 ou 90&#215;90 cm 6 jets et avec fonction Bluetooth CB073"}]},{"@type":"WebSite","@id":"https:\/\/www.bagnoitalia.com\/fr#website","url":"https:\/\/www.bagnoitalia.com\/fr","name":"Bagno Italia","description":"","publisher":{"@id":"https:\/\/www.bagnoitalia.com\/fr#organization"},"potentialAction":[{"@type":"SearchAction","target":{"@type":"EntryPoint","urlTemplate":"https:\/\/www.bagnoitalia.com\/fr?s={search_term_string}"},"query-input":{"@type":"PropertyValueSpecification","valueRequired":true,"valueName":"search_term_string"}}],"inLanguage":"fr-FR"},{"@type":"Organization","@id":"https:\/\/www.bagnoitalia.com\/fr#organization","name":"Bagno Italia","url":"https:\/\/www.bagnoitalia.com\/fr","logo":{"@type":"ImageObject","inLanguage":"fr-FR","@id":"https:\/\/www.bagnoitalia.com\/fr#\/schema\/logo\/image\/","url":"https:\/\/img.bagnoitalia.com\/wp-content\/uploads\/logo-bagnoitalia.webp","contentUrl":"https:\/\/img.bagnoitalia.com\/wp-content\/uploads\/logo-bagnoitalia.webp","width":400,"height":70,"caption":"Bagno Italia"},"image":{"@id":"https:\/\/www.bagnoitalia.com\/fr#\/schema\/logo\/image\/"}}]}},"_links":{"self":[{"href":"https:\/\/www.bagnoitalia.com\/fr\/wp-json\/wp\/v2\/product\/81457","targetHints":{"allow":["GET"]}}],"collection":[{"href":"https:\/\/www.bagnoitalia.com\/fr\/wp-json\/wp\/v2\/product"}],"about":[{"href":"https:\/\/www.bagnoitalia.com\/fr\/wp-json\/wp\/v2\/types\/product"}],"replies":[{"embeddable":true,"href":"https:\/\/www.bagnoitalia.com\/fr\/wp-json\/wp\/v2\/comments?post=81457"}],"version-history":[{"count":2,"href":"https:\/\/www.bagnoitalia.com\/fr\/wp-json\/wp\/v2\/product\/81457\/revisions"}],"predecessor-version":[{"id":116717,"href":"https:\/\/www.bagnoitalia.com\/fr\/wp-json\/wp\/v2\/product\/81457\/revisions\/116717"}],"wp:featuredmedia":[{"embeddable":true,"href":"https:\/\/www.bagnoitalia.com\/fr\/wp-json\/wp\/v2\/media\/45185"}],"wp:attachment":[{"href":"https:\/\/www.bagnoitalia.com\/fr\/wp-json\/wp\/v2\/media?parent=81457"}],"wp:term":[{"taxonomy":"product_brand","embeddable":true,"href":"https:\/\/www.bagnoitalia.com\/fr\/wp-json\/wp\/v2\/product_brand?post=81457"},{"taxonomy":"product_cat","embeddable":true,"href":"https:\/\/www.bagnoitalia.com\/fr\/wp-json\/wp\/v2\/product_cat?post=81457"},{"taxonomy":"product_tag","embeddable":true,"href":"https:\/\/www.bagnoitalia.com\/fr\/wp-json\/wp\/v2\/product_tag?post=81457"}],"curies":[{"name":"wp","href":"https:\/\/api.w.org\/{rel}","templated":true}]}}