{"id":81340,"date":"2019-05-10T12:58:19","date_gmt":"2019-05-10T10:58:19","guid":{"rendered":"https:\/\/www.bagnoitalia.com\/product\/200-cm-circular-hydromassage-hot-tub-with-bluetooth-thermostatic-heater-and-3-hydromassage-pumps-2"},"modified":"2025-07-28T12:07:16","modified_gmt":"2025-07-28T10:07:16","slug":"200-cm-circular-hydromassage-hot-tub-with-bluetooth-thermostatic-heater-and-3-hydromassage-pumps-2","status":"publish","type":"product","link":"https:\/\/www.bagnoitalia.com\/fr\/produit\/200-cm-circular-hydromassage-hot-tub-with-bluetooth-thermostatic-heater-and-3-hydromassage-pumps-2.html","title":{"rendered":"Mini-piscine circulaire d&rsquo;hydromassage de 200 cm avec chauffage thermostatique Bluetooth et 3 pompes d&rsquo;hydromassage MP11"},"content":{"rendered":"<p>&nbsp;<\/p>\n<p><strong>BAIGNOIRE D&rsquo;HYDROMASSAGE EXT\u00c9RIEURE \u2013 MINI PISCINE pour 6\/8 personnes<br \/>\n<\/strong><\/p>\n<p><strong>D\u00c9TAILS DU PRODUIT<\/strong>\u00a0:<\/p>\n<p>Baignoire d&rsquo;hydromassage 200x200x80 cm<\/p>\n<p>37 avions :<\/p>\n<p>\u2013 19 petits en laiton<\/p>\n<p>\u2013 6 grands chrom\u00e9s<\/p>\n<p>\u2013 12 piscines a\u00e9riennes<\/p>\n<p>2 pompes \u00e0 eau de 1,0 HP + pompe \u00e0 air suppl\u00e9mentaire de 0,25 HP<\/p>\n<p>Bluetooth<\/p>\n<p>Th\u00e9rapie \u00e0 l&rsquo;ozone<\/p>\n<p>Chauffage thermostatique<\/p>\n<p>Tubes renforc\u00e9s<\/p>\n<p>Prise d&rsquo;eau en forme de T<\/p>\n<p>Capteur de niveau d&rsquo;eau \u00e9lectronique<\/p>\n<p>Capacit\u00e9 1200 litres<\/p>\n<p>4 appuis-t\u00eates<\/p>\n<p>Radio FM<\/p>\n<p>Haut-parleurs<\/p>\n<p>Bou\u00e9e de sauvetage \u00e9lectronique<\/p>\n<p>affichage de contr\u00f4le multifonction<\/p>\n<p>Chromoth\u00e9rapie<\/p>\n<p>Robinetterie avec cascade am\u00e9ricaine, pomme de douche multifonction et r\u00e9gulateur eau chaude\/froide<\/p>\n<p>&nbsp;<\/p>\n<p>&nbsp;<\/p>\n<p>NB :\u00a0<strong>EN ACHETANT LE KIT COUVERTURE + T\u00c9L\u00c9COMMANDE (via le menu ci-dessus)<\/strong>\u00a0, VOUS AUREZ \u00c0 LA FOIS L&rsquo;AFFICHEUR DE COMMANDE NUM\u00c9RIQUE SUR LA MINI PISCINE ET UNE T\u00c9L\u00c9COMMANDE POUR CONTR\u00d4LER LES FONCTIONS \u00c0 DISTANCE<\/p>\n<p>&nbsp;<\/p>\n<p>MAT\u00c9RIELS:<\/p>\n<p>Structure : 4 couches de r\u00e9sine<\/p>\n<p>Structure : acier<\/p>\n<p>Rev\u00eatement : fibre de verre 2 cm<\/p>\n<p>&nbsp;<\/p>\n<p>&nbsp;<\/p>\n","protected":false},"excerpt":{"rendered":"<div class=\"woocommerce-product-details__short-description\">\n<p>Baignoire d&rsquo;hydromassage ext\u00e9rieure 200x200x80 cm. Mini-piscine pour 6-8 personnes. 1 pompe \u00e0 air et 2 pompes \u00e0 eau, 37 jets d&rsquo;eau<\/p>\n<\/div>\n<div class=\"woocommerce-product-rating\">\n<div class=\"star-rating\" role=\"img\" aria-label=\"Not\u00e9 5,00 sur 5\"><\/div>\n<\/div>\n","protected":false},"featured_media":43484,"comment_status":"open","ping_status":"closed","template":"","meta":[],"product_brand":[9924],"product_cat":[10069,9707,9743],"product_tag":[],"class_list":{"0":"post-81340","1":"product","2":"type-product","3":"status-publish","4":"has-post-thumbnail","6":"product_brand-predator-arredo-casa-fr","7":"product_cat-piscines-exterieures-a-hydromassage","8":"product_cat-baignoire-balneo","9":"product_cat-piscines-d-39-hydromassage","11":"first","12":"instock","13":"sale","14":"taxable","15":"shipping-taxable","16":"purchasable","17":"product-type-simple"},"exclude_global_add_ons":false,"addons":[{"name":"Typologie","type":"multiple_choice","position":0,"required":true,"title_format":"heading","default":"","description_enable":false,"description":"","placeholder_enable":false,"placeholder":"","display":"select","restrictions_type":"any_text","adjust_price":false,"price":"","price_type":"flat_fee","restrictions":false,"min":"0","max":"0","options":[{"label":"Sans Couverture","price":"","price_type":"quantity_based","image":0,"visibility":true},{"label":"Avec Couverture + t\u00e9l\u00e9commande","price":"239","price_type":"quantity_based","image":0,"visibility":true}],"id":1716222650}],"yoast_head":"<!-- This site is optimized with the Yoast SEO plugin v26.7 - https:\/\/yoast.com\/wordpress\/plugins\/seo\/ -->\n<title>200 cm circular hydromassage hot tub with bluetooth thermostatic heater and 3 hydromassage pumps MP11<\/title>\n<meta name=\"description\" content=\"Jacuzzi 200x200x80 cm for outdoor use. Pool for 6-8 people. 1 air pump and 2 water pump, 37 jets\" \/>\n<meta name=\"robots\" content=\"index, follow, max-snippet:-1, max-image-preview:large, max-video-preview:-1\" \/>\n<link rel=\"canonical\" href=\"https:\/\/www.bagnoitalia.com\/fr\/produit\/200-cm-circular-hydromassage-hot-tub-with-bluetooth-thermostatic-heater-and-3-hydromassage-pumps-2.html\" \/>\n<meta property=\"og:locale\" content=\"fr_FR\" \/>\n<meta property=\"og:type\" content=\"article\" \/>\n<meta property=\"og:title\" content=\"200 cm circular hydromassage hot tub with bluetooth thermostatic heater and 3 hydromassage pumps MP11\" \/>\n<meta property=\"og:description\" content=\"Jacuzzi 200x200x80 cm for outdoor use. Pool for 6-8 people. 1 air pump and 2 water pump, 37 jets\" \/>\n<meta property=\"og:url\" content=\"https:\/\/www.bagnoitalia.com\/fr\/produit\/200-cm-circular-hydromassage-hot-tub-with-bluetooth-thermostatic-heater-and-3-hydromassage-pumps-2.html\" \/>\n<meta property=\"og:site_name\" content=\"Bagno Italia\" \/>\n<meta property=\"article:modified_time\" content=\"2025-07-28T10:07:16+00:00\" \/>\n<meta property=\"og:image\" content=\"https:\/\/img.bagnoitalia.com\/wp-content\/uploads\/virtuemart\/product\/200-cm-circular-hydromassage-hot-tub-123_1557493161_295.jpg\" \/>\n\t<meta property=\"og:image:width\" content=\"550\" \/>\n\t<meta property=\"og:image:height\" content=\"423\" \/>\n\t<meta property=\"og:image:type\" content=\"image\/jpeg\" \/>\n<meta name=\"twitter:card\" content=\"summary_large_image\" \/>\n<meta name=\"twitter:label1\" content=\"Dur\u00e9e de lecture estim\u00e9e\" \/>\n\t<meta name=\"twitter:data1\" content=\"1 minute\" \/>\n<script type=\"application\/ld+json\" class=\"yoast-schema-graph\">{\"@context\":\"https:\/\/schema.org\",\"@graph\":[{\"@type\":\"WebPage\",\"@id\":\"https:\/\/www.bagnoitalia.com\/fr\/produit\/200-cm-circular-hydromassage-hot-tub-with-bluetooth-thermostatic-heater-and-3-hydromassage-pumps-2.html\",\"url\":\"https:\/\/www.bagnoitalia.com\/fr\/produit\/200-cm-circular-hydromassage-hot-tub-with-bluetooth-thermostatic-heater-and-3-hydromassage-pumps-2.html\",\"name\":\"200 cm circular hydromassage hot tub with bluetooth thermostatic heater and 3 hydromassage pumps MP11\",\"isPartOf\":{\"@id\":\"https:\/\/www.bagnoitalia.com\/fr#website\"},\"primaryImageOfPage\":{\"@id\":\"https:\/\/www.bagnoitalia.com\/fr\/produit\/200-cm-circular-hydromassage-hot-tub-with-bluetooth-thermostatic-heater-and-3-hydromassage-pumps-2.html#primaryimage\"},\"image\":{\"@id\":\"https:\/\/www.bagnoitalia.com\/fr\/produit\/200-cm-circular-hydromassage-hot-tub-with-bluetooth-thermostatic-heater-and-3-hydromassage-pumps-2.html#primaryimage\"},\"thumbnailUrl\":\"https:\/\/img.bagnoitalia.com\/wp-content\/uploads\/virtuemart\/product\/200-cm-circular-hydromassage-hot-tub-123_1557493161_295.jpg\",\"datePublished\":\"2019-05-10T10:58:19+00:00\",\"dateModified\":\"2025-07-28T10:07:16+00:00\",\"description\":\"Jacuzzi 200x200x80 cm for outdoor use. Pool for 6-8 people. 1 air pump and 2 water pump, 37 jets\",\"breadcrumb\":{\"@id\":\"https:\/\/www.bagnoitalia.com\/fr\/produit\/200-cm-circular-hydromassage-hot-tub-with-bluetooth-thermostatic-heater-and-3-hydromassage-pumps-2.html#breadcrumb\"},\"inLanguage\":\"fr-FR\",\"potentialAction\":[{\"@type\":\"ReadAction\",\"target\":[\"https:\/\/www.bagnoitalia.com\/fr\/produit\/200-cm-circular-hydromassage-hot-tub-with-bluetooth-thermostatic-heater-and-3-hydromassage-pumps-2.html\"]}]},{\"@type\":\"ImageObject\",\"inLanguage\":\"fr-FR\",\"@id\":\"https:\/\/www.bagnoitalia.com\/fr\/produit\/200-cm-circular-hydromassage-hot-tub-with-bluetooth-thermostatic-heater-and-3-hydromassage-pumps-2.html#primaryimage\",\"url\":\"https:\/\/img.bagnoitalia.com\/wp-content\/uploads\/virtuemart\/product\/200-cm-circular-hydromassage-hot-tub-123_1557493161_295.jpg\",\"contentUrl\":\"https:\/\/img.bagnoitalia.com\/wp-content\/uploads\/virtuemart\/product\/200-cm-circular-hydromassage-hot-tub-123_1557493161_295.jpg\",\"width\":550,\"height\":423},{\"@type\":\"BreadcrumbList\",\"@id\":\"https:\/\/www.bagnoitalia.com\/fr\/produit\/200-cm-circular-hydromassage-hot-tub-with-bluetooth-thermostatic-heater-and-3-hydromassage-pumps-2.html#breadcrumb\",\"itemListElement\":[{\"@type\":\"ListItem\",\"position\":1,\"name\":\"Home\",\"item\":\"https:\/\/www.bagnoitalia.com\/fr\"},{\"@type\":\"ListItem\",\"position\":2,\"name\":\"Produits\",\"item\":\"https:\/\/www.bagnoitalia.com\/fr\/shop\"},{\"@type\":\"ListItem\",\"position\":3,\"name\":\"Mini-piscine circulaire d&#8217;hydromassage de 200 cm avec chauffage thermostatique Bluetooth et 3 pompes d&#8217;hydromassage MP11\"}]},{\"@type\":\"WebSite\",\"@id\":\"https:\/\/www.bagnoitalia.com\/fr#website\",\"url\":\"https:\/\/www.bagnoitalia.com\/fr\",\"name\":\"Bagno Italia\",\"description\":\"\",\"publisher\":{\"@id\":\"https:\/\/www.bagnoitalia.com\/fr#organization\"},\"potentialAction\":[{\"@type\":\"SearchAction\",\"target\":{\"@type\":\"EntryPoint\",\"urlTemplate\":\"https:\/\/www.bagnoitalia.com\/fr?s={search_term_string}\"},\"query-input\":{\"@type\":\"PropertyValueSpecification\",\"valueRequired\":true,\"valueName\":\"search_term_string\"}}],\"inLanguage\":\"fr-FR\"},{\"@type\":\"Organization\",\"@id\":\"https:\/\/www.bagnoitalia.com\/fr#organization\",\"name\":\"Bagno Italia\",\"url\":\"https:\/\/www.bagnoitalia.com\/fr\",\"logo\":{\"@type\":\"ImageObject\",\"inLanguage\":\"fr-FR\",\"@id\":\"https:\/\/www.bagnoitalia.com\/fr#\/schema\/logo\/image\/\",\"url\":\"https:\/\/img.bagnoitalia.com\/wp-content\/uploads\/logo-bagnoitalia.webp\",\"contentUrl\":\"https:\/\/img.bagnoitalia.com\/wp-content\/uploads\/logo-bagnoitalia.webp\",\"width\":400,\"height\":70,\"caption\":\"Bagno Italia\"},\"image\":{\"@id\":\"https:\/\/www.bagnoitalia.com\/fr#\/schema\/logo\/image\/\"}}]}<\/script>\n<!-- \/ Yoast SEO plugin. -->","yoast_head_json":{"title":"200 cm circular hydromassage hot tub with bluetooth thermostatic heater and 3 hydromassage pumps MP11","description":"Jacuzzi 200x200x80 cm for outdoor use. Pool for 6-8 people. 1 air pump and 2 water pump, 37 jets","robots":{"index":"index","follow":"follow","max-snippet":"max-snippet:-1","max-image-preview":"max-image-preview:large","max-video-preview":"max-video-preview:-1"},"canonical":"https:\/\/www.bagnoitalia.com\/fr\/produit\/200-cm-circular-hydromassage-hot-tub-with-bluetooth-thermostatic-heater-and-3-hydromassage-pumps-2.html","og_locale":"fr_FR","og_type":"article","og_title":"200 cm circular hydromassage hot tub with bluetooth thermostatic heater and 3 hydromassage pumps MP11","og_description":"Jacuzzi 200x200x80 cm for outdoor use. Pool for 6-8 people. 1 air pump and 2 water pump, 37 jets","og_url":"https:\/\/www.bagnoitalia.com\/fr\/produit\/200-cm-circular-hydromassage-hot-tub-with-bluetooth-thermostatic-heater-and-3-hydromassage-pumps-2.html","og_site_name":"Bagno Italia","article_modified_time":"2025-07-28T10:07:16+00:00","og_image":[{"width":550,"height":423,"url":"https:\/\/img.bagnoitalia.com\/wp-content\/uploads\/virtuemart\/product\/200-cm-circular-hydromassage-hot-tub-123_1557493161_295.jpg","type":"image\/jpeg"}],"twitter_card":"summary_large_image","twitter_misc":{"Dur\u00e9e de lecture estim\u00e9e":"1 minute"},"schema":{"@context":"https:\/\/schema.org","@graph":[{"@type":"WebPage","@id":"https:\/\/www.bagnoitalia.com\/fr\/produit\/200-cm-circular-hydromassage-hot-tub-with-bluetooth-thermostatic-heater-and-3-hydromassage-pumps-2.html","url":"https:\/\/www.bagnoitalia.com\/fr\/produit\/200-cm-circular-hydromassage-hot-tub-with-bluetooth-thermostatic-heater-and-3-hydromassage-pumps-2.html","name":"200 cm circular hydromassage hot tub with bluetooth thermostatic heater and 3 hydromassage pumps MP11","isPartOf":{"@id":"https:\/\/www.bagnoitalia.com\/fr#website"},"primaryImageOfPage":{"@id":"https:\/\/www.bagnoitalia.com\/fr\/produit\/200-cm-circular-hydromassage-hot-tub-with-bluetooth-thermostatic-heater-and-3-hydromassage-pumps-2.html#primaryimage"},"image":{"@id":"https:\/\/www.bagnoitalia.com\/fr\/produit\/200-cm-circular-hydromassage-hot-tub-with-bluetooth-thermostatic-heater-and-3-hydromassage-pumps-2.html#primaryimage"},"thumbnailUrl":"https:\/\/img.bagnoitalia.com\/wp-content\/uploads\/virtuemart\/product\/200-cm-circular-hydromassage-hot-tub-123_1557493161_295.jpg","datePublished":"2019-05-10T10:58:19+00:00","dateModified":"2025-07-28T10:07:16+00:00","description":"Jacuzzi 200x200x80 cm for outdoor use. Pool for 6-8 people. 1 air pump and 2 water pump, 37 jets","breadcrumb":{"@id":"https:\/\/www.bagnoitalia.com\/fr\/produit\/200-cm-circular-hydromassage-hot-tub-with-bluetooth-thermostatic-heater-and-3-hydromassage-pumps-2.html#breadcrumb"},"inLanguage":"fr-FR","potentialAction":[{"@type":"ReadAction","target":["https:\/\/www.bagnoitalia.com\/fr\/produit\/200-cm-circular-hydromassage-hot-tub-with-bluetooth-thermostatic-heater-and-3-hydromassage-pumps-2.html"]}]},{"@type":"ImageObject","inLanguage":"fr-FR","@id":"https:\/\/www.bagnoitalia.com\/fr\/produit\/200-cm-circular-hydromassage-hot-tub-with-bluetooth-thermostatic-heater-and-3-hydromassage-pumps-2.html#primaryimage","url":"https:\/\/img.bagnoitalia.com\/wp-content\/uploads\/virtuemart\/product\/200-cm-circular-hydromassage-hot-tub-123_1557493161_295.jpg","contentUrl":"https:\/\/img.bagnoitalia.com\/wp-content\/uploads\/virtuemart\/product\/200-cm-circular-hydromassage-hot-tub-123_1557493161_295.jpg","width":550,"height":423},{"@type":"BreadcrumbList","@id":"https:\/\/www.bagnoitalia.com\/fr\/produit\/200-cm-circular-hydromassage-hot-tub-with-bluetooth-thermostatic-heater-and-3-hydromassage-pumps-2.html#breadcrumb","itemListElement":[{"@type":"ListItem","position":1,"name":"Home","item":"https:\/\/www.bagnoitalia.com\/fr"},{"@type":"ListItem","position":2,"name":"Produits","item":"https:\/\/www.bagnoitalia.com\/fr\/shop"},{"@type":"ListItem","position":3,"name":"Mini-piscine circulaire d&#8217;hydromassage de 200 cm avec chauffage thermostatique Bluetooth et 3 pompes d&#8217;hydromassage MP11"}]},{"@type":"WebSite","@id":"https:\/\/www.bagnoitalia.com\/fr#website","url":"https:\/\/www.bagnoitalia.com\/fr","name":"Bagno Italia","description":"","publisher":{"@id":"https:\/\/www.bagnoitalia.com\/fr#organization"},"potentialAction":[{"@type":"SearchAction","target":{"@type":"EntryPoint","urlTemplate":"https:\/\/www.bagnoitalia.com\/fr?s={search_term_string}"},"query-input":{"@type":"PropertyValueSpecification","valueRequired":true,"valueName":"search_term_string"}}],"inLanguage":"fr-FR"},{"@type":"Organization","@id":"https:\/\/www.bagnoitalia.com\/fr#organization","name":"Bagno Italia","url":"https:\/\/www.bagnoitalia.com\/fr","logo":{"@type":"ImageObject","inLanguage":"fr-FR","@id":"https:\/\/www.bagnoitalia.com\/fr#\/schema\/logo\/image\/","url":"https:\/\/img.bagnoitalia.com\/wp-content\/uploads\/logo-bagnoitalia.webp","contentUrl":"https:\/\/img.bagnoitalia.com\/wp-content\/uploads\/logo-bagnoitalia.webp","width":400,"height":70,"caption":"Bagno Italia"},"image":{"@id":"https:\/\/www.bagnoitalia.com\/fr#\/schema\/logo\/image\/"}}]}},"_links":{"self":[{"href":"https:\/\/www.bagnoitalia.com\/fr\/wp-json\/wp\/v2\/product\/81340","targetHints":{"allow":["GET"]}}],"collection":[{"href":"https:\/\/www.bagnoitalia.com\/fr\/wp-json\/wp\/v2\/product"}],"about":[{"href":"https:\/\/www.bagnoitalia.com\/fr\/wp-json\/wp\/v2\/types\/product"}],"replies":[{"embeddable":true,"href":"https:\/\/www.bagnoitalia.com\/fr\/wp-json\/wp\/v2\/comments?post=81340"}],"version-history":[{"count":4,"href":"https:\/\/www.bagnoitalia.com\/fr\/wp-json\/wp\/v2\/product\/81340\/revisions"}],"predecessor-version":[{"id":109975,"href":"https:\/\/www.bagnoitalia.com\/fr\/wp-json\/wp\/v2\/product\/81340\/revisions\/109975"}],"wp:featuredmedia":[{"embeddable":true,"href":"https:\/\/www.bagnoitalia.com\/fr\/wp-json\/wp\/v2\/media\/43484"}],"wp:attachment":[{"href":"https:\/\/www.bagnoitalia.com\/fr\/wp-json\/wp\/v2\/media?parent=81340"}],"wp:term":[{"taxonomy":"product_brand","embeddable":true,"href":"https:\/\/www.bagnoitalia.com\/fr\/wp-json\/wp\/v2\/product_brand?post=81340"},{"taxonomy":"product_cat","embeddable":true,"href":"https:\/\/www.bagnoitalia.com\/fr\/wp-json\/wp\/v2\/product_cat?post=81340"},{"taxonomy":"product_tag","embeddable":true,"href":"https:\/\/www.bagnoitalia.com\/fr\/wp-json\/wp\/v2\/product_tag?post=81340"}],"curies":[{"name":"wp","href":"https:\/\/api.w.org\/{rel}","templated":true}]}}