{"id":81331,"date":"2019-04-26T09:54:47","date_gmt":"2019-04-26T07:54:47","guid":{"rendered":"https:\/\/www.bagnoitalia.com\/product\/outdoor-furniture-wooden-folding-set-4-chairs-and-table-maggie-model-2"},"modified":"2026-01-14T15:07:10","modified_gmt":"2026-01-14T14:07:10","slug":"outdoor-furniture-wooden-folding-set-4-chairs-and-table-maggie-model-2","status":"publish","type":"product","link":"https:\/\/www.bagnoitalia.com\/fr\/produit\/outdoor-furniture-wooden-folding-set-4-chairs-and-table-maggie-model-2.html","title":{"rendered":"Ensemble de mobilier d&rsquo;ext\u00e9rieur pliant en bois, 4 chaises et table, mod\u00e8le Maggie"},"content":{"rendered":"<p>Mobilier d&rsquo;ext\u00e9rieur Maggie<\/p>\n<p>&nbsp;<\/p>\n<p>DISPONIBLE UNIQUEMENT DANS LA NOUVELLE VERSION SANS ROUES<\/p>\n<p>&nbsp;<\/p>\n<p>Ensemble de jardin avec structure en bois malaisien, tr\u00e8s r\u00e9sistant et durable, d&rsquo;excellente qualit\u00e9. Ce magnifique mobilier d&rsquo;ext\u00e9rieur se replie facilement et rapidement et prend si peu de place dans la maison qu&rsquo;il est possible de le ranger m\u00eame dans des espaces restreints.<\/p>\n<p>&nbsp;<\/p>\n<p>Le prix comprend :<\/p>\n<p>N\u00b01 table 114x76hx73 cm<\/p>\n<p>N\u00b04 chaises 52x45x75 cm<\/p>\n<p>Mat\u00e9riau : bois malaisien<\/p>\n<p>&nbsp;<\/p>\n<p>D\u00c9TAILS :<\/p>\n<p>Produit tr\u00e8s durable et r\u00e9sistant \u00e0 : l&rsquo;abrasion, aux temp\u00e9ratures \u00e9lev\u00e9es et basses, \u00e0 l&rsquo;eau de mer ou \u00e0 l&rsquo;eau de piscine.<\/p>\n<p>Nettoyage rapide et facile<\/p>\n<p>&nbsp;<\/p>\n<p>&nbsp;<\/p>\n","protected":false},"excerpt":{"rendered":"<p>Mobilier pour : jardin, piscine, espaces ext\u00e9rieurs. Ensemble en bois comprenant une table et 4 chaises. Mobilier peu encombrant, enti\u00e8rement refermable, r\u00e9sistant \u00e0 toutes les conditions m\u00e9t\u00e9orologiques.<\/p>\n","protected":false},"featured_media":43363,"comment_status":"open","ping_status":"closed","template":"","meta":[],"product_brand":[9924],"product_cat":[10027],"product_tag":[],"class_list":{"0":"post-81331","1":"product","2":"type-product","3":"status-publish","4":"has-post-thumbnail","6":"product_brand-predator-arredo-casa-fr","7":"product_cat-tables-avec-chaises","9":"first","10":"instock","11":"sale","12":"taxable","13":"shipping-taxable","14":"purchasable","15":"product-type-simple"},"exclude_global_add_ons":[],"addons":[],"yoast_head":"<!-- This site is optimized with the Yoast SEO plugin v26.7 - https:\/\/yoast.com\/wordpress\/plugins\/seo\/ -->\n<title>Outdoor furniture wooden folding set 4 chairs and table Maggie model<\/title>\n<meta name=\"description\" content=\"Furniture for: garden, swimming pool, outdoor spaces. Wooden set with table and 4 chairs. Space-saving furniture, completely resealable, resistant to all weather conditions\" \/>\n<meta name=\"robots\" content=\"index, follow, max-snippet:-1, max-image-preview:large, max-video-preview:-1\" \/>\n<link rel=\"canonical\" href=\"https:\/\/www.bagnoitalia.com\/fr\/produit\/outdoor-furniture-wooden-folding-set-4-chairs-and-table-maggie-model-2.html\" \/>\n<meta property=\"og:locale\" content=\"fr_FR\" \/>\n<meta property=\"og:type\" content=\"article\" \/>\n<meta property=\"og:title\" content=\"Outdoor furniture wooden folding set 4 chairs and table Maggie model\" \/>\n<meta property=\"og:description\" content=\"Furniture for: garden, swimming pool, outdoor spaces. Wooden set with table and 4 chairs. Space-saving furniture, completely resealable, resistant to all weather conditions\" \/>\n<meta property=\"og:url\" content=\"https:\/\/www.bagnoitalia.com\/fr\/produit\/outdoor-furniture-wooden-folding-set-4-chairs-and-table-maggie-model-2.html\" \/>\n<meta property=\"og:site_name\" content=\"Bagno Italia\" \/>\n<meta property=\"article:modified_time\" content=\"2026-01-14T14:07:10+00:00\" \/>\n<meta property=\"og:image\" content=\"https:\/\/img.bagnoitalia.com\/wp-content\/uploads\/virtuemart\/product\/outdoor-furniture-wooden-01_1625646968_934.jpg\" \/>\n\t<meta property=\"og:image:width\" content=\"550\" \/>\n\t<meta property=\"og:image:height\" content=\"550\" \/>\n\t<meta property=\"og:image:type\" content=\"image\/jpeg\" \/>\n<meta name=\"twitter:card\" content=\"summary_large_image\" \/>\n<meta name=\"twitter:label1\" content=\"Dur\u00e9e de lecture estim\u00e9e\" \/>\n\t<meta name=\"twitter:data1\" content=\"1 minute\" \/>\n<script type=\"application\/ld+json\" class=\"yoast-schema-graph\">{\"@context\":\"https:\/\/schema.org\",\"@graph\":[{\"@type\":\"WebPage\",\"@id\":\"https:\/\/www.bagnoitalia.com\/fr\/produit\/outdoor-furniture-wooden-folding-set-4-chairs-and-table-maggie-model-2.html\",\"url\":\"https:\/\/www.bagnoitalia.com\/fr\/produit\/outdoor-furniture-wooden-folding-set-4-chairs-and-table-maggie-model-2.html\",\"name\":\"Outdoor furniture wooden folding set 4 chairs and table Maggie model\",\"isPartOf\":{\"@id\":\"https:\/\/www.bagnoitalia.com\/fr#website\"},\"primaryImageOfPage\":{\"@id\":\"https:\/\/www.bagnoitalia.com\/fr\/produit\/outdoor-furniture-wooden-folding-set-4-chairs-and-table-maggie-model-2.html#primaryimage\"},\"image\":{\"@id\":\"https:\/\/www.bagnoitalia.com\/fr\/produit\/outdoor-furniture-wooden-folding-set-4-chairs-and-table-maggie-model-2.html#primaryimage\"},\"thumbnailUrl\":\"https:\/\/img.bagnoitalia.com\/wp-content\/uploads\/virtuemart\/product\/outdoor-furniture-wooden-01_1625646968_934.jpg\",\"datePublished\":\"2019-04-26T07:54:47+00:00\",\"dateModified\":\"2026-01-14T14:07:10+00:00\",\"description\":\"Furniture for: garden, swimming pool, outdoor spaces. Wooden set with table and 4 chairs. Space-saving furniture, completely resealable, resistant to all weather conditions\",\"breadcrumb\":{\"@id\":\"https:\/\/www.bagnoitalia.com\/fr\/produit\/outdoor-furniture-wooden-folding-set-4-chairs-and-table-maggie-model-2.html#breadcrumb\"},\"inLanguage\":\"fr-FR\",\"potentialAction\":[{\"@type\":\"ReadAction\",\"target\":[\"https:\/\/www.bagnoitalia.com\/fr\/produit\/outdoor-furniture-wooden-folding-set-4-chairs-and-table-maggie-model-2.html\"]}]},{\"@type\":\"ImageObject\",\"inLanguage\":\"fr-FR\",\"@id\":\"https:\/\/www.bagnoitalia.com\/fr\/produit\/outdoor-furniture-wooden-folding-set-4-chairs-and-table-maggie-model-2.html#primaryimage\",\"url\":\"https:\/\/img.bagnoitalia.com\/wp-content\/uploads\/virtuemart\/product\/outdoor-furniture-wooden-01_1625646968_934.jpg\",\"contentUrl\":\"https:\/\/img.bagnoitalia.com\/wp-content\/uploads\/virtuemart\/product\/outdoor-furniture-wooden-01_1625646968_934.jpg\",\"width\":550,\"height\":550},{\"@type\":\"BreadcrumbList\",\"@id\":\"https:\/\/www.bagnoitalia.com\/fr\/produit\/outdoor-furniture-wooden-folding-set-4-chairs-and-table-maggie-model-2.html#breadcrumb\",\"itemListElement\":[{\"@type\":\"ListItem\",\"position\":1,\"name\":\"Home\",\"item\":\"https:\/\/www.bagnoitalia.com\/fr\"},{\"@type\":\"ListItem\",\"position\":2,\"name\":\"Produits\",\"item\":\"https:\/\/www.bagnoitalia.com\/fr\/shop\"},{\"@type\":\"ListItem\",\"position\":3,\"name\":\"Ensemble de mobilier d&#8217;ext\u00e9rieur pliant en bois, 4 chaises et table, mod\u00e8le Maggie\"}]},{\"@type\":\"WebSite\",\"@id\":\"https:\/\/www.bagnoitalia.com\/fr#website\",\"url\":\"https:\/\/www.bagnoitalia.com\/fr\",\"name\":\"Bagno Italia\",\"description\":\"\",\"publisher\":{\"@id\":\"https:\/\/www.bagnoitalia.com\/fr#organization\"},\"potentialAction\":[{\"@type\":\"SearchAction\",\"target\":{\"@type\":\"EntryPoint\",\"urlTemplate\":\"https:\/\/www.bagnoitalia.com\/fr?s={search_term_string}\"},\"query-input\":{\"@type\":\"PropertyValueSpecification\",\"valueRequired\":true,\"valueName\":\"search_term_string\"}}],\"inLanguage\":\"fr-FR\"},{\"@type\":\"Organization\",\"@id\":\"https:\/\/www.bagnoitalia.com\/fr#organization\",\"name\":\"Bagno Italia\",\"url\":\"https:\/\/www.bagnoitalia.com\/fr\",\"logo\":{\"@type\":\"ImageObject\",\"inLanguage\":\"fr-FR\",\"@id\":\"https:\/\/www.bagnoitalia.com\/fr#\/schema\/logo\/image\/\",\"url\":\"https:\/\/img.bagnoitalia.com\/wp-content\/uploads\/logo-bagnoitalia.webp\",\"contentUrl\":\"https:\/\/img.bagnoitalia.com\/wp-content\/uploads\/logo-bagnoitalia.webp\",\"width\":400,\"height\":70,\"caption\":\"Bagno Italia\"},\"image\":{\"@id\":\"https:\/\/www.bagnoitalia.com\/fr#\/schema\/logo\/image\/\"}}]}<\/script>\n<!-- \/ Yoast SEO plugin. -->","yoast_head_json":{"title":"Outdoor furniture wooden folding set 4 chairs and table Maggie model","description":"Furniture for: garden, swimming pool, outdoor spaces. Wooden set with table and 4 chairs. Space-saving furniture, completely resealable, resistant to all weather conditions","robots":{"index":"index","follow":"follow","max-snippet":"max-snippet:-1","max-image-preview":"max-image-preview:large","max-video-preview":"max-video-preview:-1"},"canonical":"https:\/\/www.bagnoitalia.com\/fr\/produit\/outdoor-furniture-wooden-folding-set-4-chairs-and-table-maggie-model-2.html","og_locale":"fr_FR","og_type":"article","og_title":"Outdoor furniture wooden folding set 4 chairs and table Maggie model","og_description":"Furniture for: garden, swimming pool, outdoor spaces. Wooden set with table and 4 chairs. Space-saving furniture, completely resealable, resistant to all weather conditions","og_url":"https:\/\/www.bagnoitalia.com\/fr\/produit\/outdoor-furniture-wooden-folding-set-4-chairs-and-table-maggie-model-2.html","og_site_name":"Bagno Italia","article_modified_time":"2026-01-14T14:07:10+00:00","og_image":[{"width":550,"height":550,"url":"https:\/\/img.bagnoitalia.com\/wp-content\/uploads\/virtuemart\/product\/outdoor-furniture-wooden-01_1625646968_934.jpg","type":"image\/jpeg"}],"twitter_card":"summary_large_image","twitter_misc":{"Dur\u00e9e de lecture estim\u00e9e":"1 minute"},"schema":{"@context":"https:\/\/schema.org","@graph":[{"@type":"WebPage","@id":"https:\/\/www.bagnoitalia.com\/fr\/produit\/outdoor-furniture-wooden-folding-set-4-chairs-and-table-maggie-model-2.html","url":"https:\/\/www.bagnoitalia.com\/fr\/produit\/outdoor-furniture-wooden-folding-set-4-chairs-and-table-maggie-model-2.html","name":"Outdoor furniture wooden folding set 4 chairs and table Maggie model","isPartOf":{"@id":"https:\/\/www.bagnoitalia.com\/fr#website"},"primaryImageOfPage":{"@id":"https:\/\/www.bagnoitalia.com\/fr\/produit\/outdoor-furniture-wooden-folding-set-4-chairs-and-table-maggie-model-2.html#primaryimage"},"image":{"@id":"https:\/\/www.bagnoitalia.com\/fr\/produit\/outdoor-furniture-wooden-folding-set-4-chairs-and-table-maggie-model-2.html#primaryimage"},"thumbnailUrl":"https:\/\/img.bagnoitalia.com\/wp-content\/uploads\/virtuemart\/product\/outdoor-furniture-wooden-01_1625646968_934.jpg","datePublished":"2019-04-26T07:54:47+00:00","dateModified":"2026-01-14T14:07:10+00:00","description":"Furniture for: garden, swimming pool, outdoor spaces. Wooden set with table and 4 chairs. Space-saving furniture, completely resealable, resistant to all weather conditions","breadcrumb":{"@id":"https:\/\/www.bagnoitalia.com\/fr\/produit\/outdoor-furniture-wooden-folding-set-4-chairs-and-table-maggie-model-2.html#breadcrumb"},"inLanguage":"fr-FR","potentialAction":[{"@type":"ReadAction","target":["https:\/\/www.bagnoitalia.com\/fr\/produit\/outdoor-furniture-wooden-folding-set-4-chairs-and-table-maggie-model-2.html"]}]},{"@type":"ImageObject","inLanguage":"fr-FR","@id":"https:\/\/www.bagnoitalia.com\/fr\/produit\/outdoor-furniture-wooden-folding-set-4-chairs-and-table-maggie-model-2.html#primaryimage","url":"https:\/\/img.bagnoitalia.com\/wp-content\/uploads\/virtuemart\/product\/outdoor-furniture-wooden-01_1625646968_934.jpg","contentUrl":"https:\/\/img.bagnoitalia.com\/wp-content\/uploads\/virtuemart\/product\/outdoor-furniture-wooden-01_1625646968_934.jpg","width":550,"height":550},{"@type":"BreadcrumbList","@id":"https:\/\/www.bagnoitalia.com\/fr\/produit\/outdoor-furniture-wooden-folding-set-4-chairs-and-table-maggie-model-2.html#breadcrumb","itemListElement":[{"@type":"ListItem","position":1,"name":"Home","item":"https:\/\/www.bagnoitalia.com\/fr"},{"@type":"ListItem","position":2,"name":"Produits","item":"https:\/\/www.bagnoitalia.com\/fr\/shop"},{"@type":"ListItem","position":3,"name":"Ensemble de mobilier d&#8217;ext\u00e9rieur pliant en bois, 4 chaises et table, mod\u00e8le Maggie"}]},{"@type":"WebSite","@id":"https:\/\/www.bagnoitalia.com\/fr#website","url":"https:\/\/www.bagnoitalia.com\/fr","name":"Bagno Italia","description":"","publisher":{"@id":"https:\/\/www.bagnoitalia.com\/fr#organization"},"potentialAction":[{"@type":"SearchAction","target":{"@type":"EntryPoint","urlTemplate":"https:\/\/www.bagnoitalia.com\/fr?s={search_term_string}"},"query-input":{"@type":"PropertyValueSpecification","valueRequired":true,"valueName":"search_term_string"}}],"inLanguage":"fr-FR"},{"@type":"Organization","@id":"https:\/\/www.bagnoitalia.com\/fr#organization","name":"Bagno Italia","url":"https:\/\/www.bagnoitalia.com\/fr","logo":{"@type":"ImageObject","inLanguage":"fr-FR","@id":"https:\/\/www.bagnoitalia.com\/fr#\/schema\/logo\/image\/","url":"https:\/\/img.bagnoitalia.com\/wp-content\/uploads\/logo-bagnoitalia.webp","contentUrl":"https:\/\/img.bagnoitalia.com\/wp-content\/uploads\/logo-bagnoitalia.webp","width":400,"height":70,"caption":"Bagno Italia"},"image":{"@id":"https:\/\/www.bagnoitalia.com\/fr#\/schema\/logo\/image\/"}}]}},"_links":{"self":[{"href":"https:\/\/www.bagnoitalia.com\/fr\/wp-json\/wp\/v2\/product\/81331","targetHints":{"allow":["GET"]}}],"collection":[{"href":"https:\/\/www.bagnoitalia.com\/fr\/wp-json\/wp\/v2\/product"}],"about":[{"href":"https:\/\/www.bagnoitalia.com\/fr\/wp-json\/wp\/v2\/types\/product"}],"replies":[{"embeddable":true,"href":"https:\/\/www.bagnoitalia.com\/fr\/wp-json\/wp\/v2\/comments?post=81331"}],"version-history":[{"count":2,"href":"https:\/\/www.bagnoitalia.com\/fr\/wp-json\/wp\/v2\/product\/81331\/revisions"}],"predecessor-version":[{"id":115588,"href":"https:\/\/www.bagnoitalia.com\/fr\/wp-json\/wp\/v2\/product\/81331\/revisions\/115588"}],"wp:featuredmedia":[{"embeddable":true,"href":"https:\/\/www.bagnoitalia.com\/fr\/wp-json\/wp\/v2\/media\/43363"}],"wp:attachment":[{"href":"https:\/\/www.bagnoitalia.com\/fr\/wp-json\/wp\/v2\/media?parent=81331"}],"wp:term":[{"taxonomy":"product_brand","embeddable":true,"href":"https:\/\/www.bagnoitalia.com\/fr\/wp-json\/wp\/v2\/product_brand?post=81331"},{"taxonomy":"product_cat","embeddable":true,"href":"https:\/\/www.bagnoitalia.com\/fr\/wp-json\/wp\/v2\/product_cat?post=81331"},{"taxonomy":"product_tag","embeddable":true,"href":"https:\/\/www.bagnoitalia.com\/fr\/wp-json\/wp\/v2\/product_tag?post=81331"}],"curies":[{"name":"wp","href":"https:\/\/api.w.org\/{rel}","templated":true}]}}