{"id":81278,"date":"2019-01-25T15:23:36","date_gmt":"2019-01-25T14:23:36","guid":{"rendered":"https:\/\/www.bagnoitalia.com\/product\/support-de-meuble-mobile-nancy-low-2-modeles-de-meuble-de-differentes-tailles-blanc-mat-et-brillant-569"},"modified":"2019-01-25T15:23:36","modified_gmt":"2019-01-25T14:23:36","slug":"support-de-meuble-mobile-nancy-low-2-modeles-de-meuble-de-differentes-tailles-blanc-mat-et-brillant-569","status":"publish","type":"product","link":"https:\/\/www.bagnoitalia.com\/fr\/produit\/support-de-meuble-mobile-nancy-low-2-modeles-de-meuble-de-differentes-tailles-blanc-mat-et-brillant-569.html","title":{"rendered":"Meuble TV bas Nancy2 195x50x60h, blanc mat ou brillant"},"content":{"rendered":"<p><span style=\"font-size: 14pt; font-family: 'arial black', 'avant garde';\">Meuble de t\u00e9l\u00e9vision bas NANCY<\/span><\/p>\n<p><span style=\"font-size: 12pt;\">Le <strong>meuble<\/strong> t\u00e9l\u00e9 <strong>Nancy<\/strong> est <strong>fabriqu\u00e9<\/strong> en <strong>bois de peuplier massif<\/strong> avec <strong>finition<\/strong> laqu\u00e9e <strong>blanc matou blanc brillant.<\/strong> Il se distingue par son design simple et \u00e9l\u00e9gant. Garanti <strong>abriqu\u00e9 en Italie<\/strong><\/span><\/p>\n<\/p>\n<div class=\"tlid-results-container results-container\">\n<div class=\"tlid-result result-dict-wrapper\">\n<div class=\"result tlid-copy-target\">\n<div class=\"result-header\">&nbsp;<\/div>\n<div class=\"text-wrap tlid-copy-target\">\n<div class=\"result-shield-container tlid-copy-target\" tabindex=\"0\"><span class=\"tlid-translation translation\" lang=\"fr\" style=\"font-size: 12pt;\"><span class=\"\" title=\"\">LE PRIX COMPREND<\/span><\/p>\n<p><span class=\"\" title=\"\">Le meuble TV bas de dimensions 195x50x60h en blanc brillant<\/span><\/p>\n<p><span class=\"\" title=\"\">Poign\u00e9es inclus, trou pour poign\u00e9es non fait<\/span><\/p>\n<p><span class=\"\" title=\"\">En choisissant la version \u00ab\u00a0pieds optionnels\u00a0\u00bb, les meubles seront livr\u00e9s sans les pieds install\u00e9s.<\/span> <span class=\"\" title=\"\">Vous aurez toujours fourni les pieds \u00e0 en m\u00e9tal ou en bois en forme de&nbsp;<span class=\"\" title=\"\">\u00ab\u00a0c\u00f4ne\u00a0\u00bb <\/span><span class=\"tlid-translation translation\" lang=\"fr\"><\/span>(les deux types sont inclus dans la bo\u00eete) ou vous pouvez acheter des pieds dans un magazin de bricolage&nbsp; et les installer sur le meuble.<\/span><\/p>\n<p>&nbsp;<\/p>\n<p><span class=\"\" title=\"\">Dans le menu lat\u00e9ral, il est possible de choisir le meuble dans la version avec pieds en bois massif (qui sont d\u00e9j\u00e0 inclus dans le meuble)<\/span><\/span><\/div>\n<div>&nbsp;<\/div>\n<div>&nbsp;<\/div>\n<div><span style=\"font-size: 12pt;\">Meuble avec pieds en m\u00e9tal<\/span><\/div>\n<\/div>\n<\/div>\n<\/div>\n<\/div>\n<p><img fetchpriority=\"high\" decoding=\"async\" class=\" size-full wp-image-42807\" src=\"https:\/\/img.bagnoitalia.com\/wp-content\/uploads\/meuble-nancy2-pieds-metal.jpg\" alt=\"meuble nancy2 pieds metal\" width=\"550\" height=\"377\" srcset=\"https:\/\/img.bagnoitalia.com\/wp-content\/uploads\/meuble-nancy2-pieds-metal.jpg 550w, https:\/\/img.bagnoitalia.com\/wp-content\/uploads\/meuble-nancy2-pieds-metal-441x302.jpg 441w, https:\/\/img.bagnoitalia.com\/wp-content\/uploads\/meuble-nancy2-pieds-metal-150x103.jpg 150w\" sizes=\"(max-width: 550px) 100vw, 550px\" \/><\/p>\n<p><span style=\"font-size: 12pt;\">Meuble avec pied en bois massif<\/span><\/p>\n<p><span style=\"font-size: 12pt;\"><img decoding=\"async\" class=\" size-full wp-image-42811\" src=\"https:\/\/img.bagnoitalia.com\/wp-content\/uploads\/meuble-nancy2-pieds-bois-massif.jpg\" alt=\"meuble nancy2 pieds bois massif\" width=\"550\" height=\"550\" srcset=\"https:\/\/img.bagnoitalia.com\/wp-content\/uploads\/meuble-nancy2-pieds-bois-massif.jpg 550w, https:\/\/img.bagnoitalia.com\/wp-content\/uploads\/meuble-nancy2-pieds-bois-massif-441x441.jpg 441w, https:\/\/img.bagnoitalia.com\/wp-content\/uploads\/meuble-nancy2-pieds-bois-massif-100x100.jpg 100w, https:\/\/img.bagnoitalia.com\/wp-content\/uploads\/meuble-nancy2-pieds-bois-massif-150x150.jpg 150w\" sizes=\"(max-width: 550px) 100vw, 550px\" \/><\/span>&nbsp;<\/p>\n","protected":false},"excerpt":{"rendered":"<p>Meuble TV bas Nancy 2 en couleur blanc mat ou brillant sans ou avec pieds en  bois \/m\u00e9tal<\/p>\n","protected":false},"featured_media":0,"comment_status":"open","ping_status":"closed","template":"","meta":[],"product_brand":[9945],"product_cat":[15],"product_tag":[],"class_list":{"0":"post-81278","1":"product","2":"type-product","3":"status-publish","5":"product_brand-tempesta-lineatavoli-fr","6":"product_cat-senza-categoria","8":"first","9":"outofstock","10":"taxable","11":"shipping-taxable","12":"purchasable","13":"product-type-simple"},"exclude_global_add_ons":[],"addons":[],"yoast_head":"<!-- This site is optimized with the Yoast SEO plugin v26.7 - https:\/\/yoast.com\/wordpress\/plugins\/seo\/ -->\n<title>Meuble TV bas Nancy2 195x50x60h, blanc mat ou brillant<\/title>\n<meta name=\"robots\" content=\"index, follow, max-snippet:-1, max-image-preview:large, max-video-preview:-1\" \/>\n<link rel=\"canonical\" href=\"https:\/\/www.bagnoitalia.com\/fr\/produit\/support-de-meuble-mobile-nancy-low-2-modeles-de-meuble-de-differentes-tailles-blanc-mat-et-brillant-569.html\" \/>\n<meta property=\"og:locale\" content=\"fr_FR\" \/>\n<meta property=\"og:type\" content=\"article\" \/>\n<meta property=\"og:title\" content=\"Meuble TV bas Nancy2 195x50x60h, blanc mat ou brillant\" \/>\n<meta property=\"og:description\" content=\"Meuble TV bas Nancy 2 en couleur blanc mat ou brillant sans ou avec pieds en bois \/m\u00e9tal\" \/>\n<meta property=\"og:url\" content=\"https:\/\/www.bagnoitalia.com\/fr\/produit\/support-de-meuble-mobile-nancy-low-2-modeles-de-meuble-de-differentes-tailles-blanc-mat-et-brillant-569.html\" \/>\n<meta property=\"og:site_name\" content=\"Bagno Italia\" \/>\n<meta property=\"og:image\" content=\"https:\/\/img.bagnoitalia.com\/wp-content\/uploads\/meuble-nancy2-pieds-metal.jpg\" \/>\n<meta name=\"twitter:card\" content=\"summary_large_image\" \/>\n<meta name=\"twitter:label1\" content=\"Dur\u00e9e de lecture estim\u00e9e\" \/>\n\t<meta name=\"twitter:data1\" content=\"1 minute\" \/>\n<script type=\"application\/ld+json\" class=\"yoast-schema-graph\">{\"@context\":\"https:\/\/schema.org\",\"@graph\":[{\"@type\":\"WebPage\",\"@id\":\"https:\/\/www.bagnoitalia.com\/fr\/produit\/support-de-meuble-mobile-nancy-low-2-modeles-de-meuble-de-differentes-tailles-blanc-mat-et-brillant-569.html\",\"url\":\"https:\/\/www.bagnoitalia.com\/fr\/produit\/support-de-meuble-mobile-nancy-low-2-modeles-de-meuble-de-differentes-tailles-blanc-mat-et-brillant-569.html\",\"name\":\"Meuble TV bas Nancy2 195x50x60h, blanc mat ou brillant\",\"isPartOf\":{\"@id\":\"https:\/\/www.bagnoitalia.com\/fr#website\"},\"primaryImageOfPage\":{\"@id\":\"https:\/\/www.bagnoitalia.com\/fr\/produit\/support-de-meuble-mobile-nancy-low-2-modeles-de-meuble-de-differentes-tailles-blanc-mat-et-brillant-569.html#primaryimage\"},\"image\":{\"@id\":\"https:\/\/www.bagnoitalia.com\/fr\/produit\/support-de-meuble-mobile-nancy-low-2-modeles-de-meuble-de-differentes-tailles-blanc-mat-et-brillant-569.html#primaryimage\"},\"thumbnailUrl\":\"https:\/\/img.bagnoitalia.com\/wp-content\/uploads\/meuble-nancy2-pieds-metal.jpg\",\"datePublished\":\"2019-01-25T14:23:36+00:00\",\"breadcrumb\":{\"@id\":\"https:\/\/www.bagnoitalia.com\/fr\/produit\/support-de-meuble-mobile-nancy-low-2-modeles-de-meuble-de-differentes-tailles-blanc-mat-et-brillant-569.html#breadcrumb\"},\"inLanguage\":\"fr-FR\",\"potentialAction\":[{\"@type\":\"ReadAction\",\"target\":[\"https:\/\/www.bagnoitalia.com\/fr\/produit\/support-de-meuble-mobile-nancy-low-2-modeles-de-meuble-de-differentes-tailles-blanc-mat-et-brillant-569.html\"]}]},{\"@type\":\"ImageObject\",\"inLanguage\":\"fr-FR\",\"@id\":\"https:\/\/www.bagnoitalia.com\/fr\/produit\/support-de-meuble-mobile-nancy-low-2-modeles-de-meuble-de-differentes-tailles-blanc-mat-et-brillant-569.html#primaryimage\",\"url\":\"https:\/\/img.bagnoitalia.com\/wp-content\/uploads\/meuble-nancy2-pieds-metal.jpg\",\"contentUrl\":\"https:\/\/img.bagnoitalia.com\/wp-content\/uploads\/meuble-nancy2-pieds-metal.jpg\"},{\"@type\":\"BreadcrumbList\",\"@id\":\"https:\/\/www.bagnoitalia.com\/fr\/produit\/support-de-meuble-mobile-nancy-low-2-modeles-de-meuble-de-differentes-tailles-blanc-mat-et-brillant-569.html#breadcrumb\",\"itemListElement\":[{\"@type\":\"ListItem\",\"position\":1,\"name\":\"Home\",\"item\":\"https:\/\/www.bagnoitalia.com\/fr\"},{\"@type\":\"ListItem\",\"position\":2,\"name\":\"Produits\",\"item\":\"https:\/\/www.bagnoitalia.com\/fr\/shop\"},{\"@type\":\"ListItem\",\"position\":3,\"name\":\"Meuble TV bas Nancy2 195x50x60h, blanc mat ou brillant\"}]},{\"@type\":\"WebSite\",\"@id\":\"https:\/\/www.bagnoitalia.com\/fr#website\",\"url\":\"https:\/\/www.bagnoitalia.com\/fr\",\"name\":\"Bagno Italia\",\"description\":\"\",\"publisher\":{\"@id\":\"https:\/\/www.bagnoitalia.com\/fr#organization\"},\"potentialAction\":[{\"@type\":\"SearchAction\",\"target\":{\"@type\":\"EntryPoint\",\"urlTemplate\":\"https:\/\/www.bagnoitalia.com\/fr?s={search_term_string}\"},\"query-input\":{\"@type\":\"PropertyValueSpecification\",\"valueRequired\":true,\"valueName\":\"search_term_string\"}}],\"inLanguage\":\"fr-FR\"},{\"@type\":\"Organization\",\"@id\":\"https:\/\/www.bagnoitalia.com\/fr#organization\",\"name\":\"Bagno Italia\",\"url\":\"https:\/\/www.bagnoitalia.com\/fr\",\"logo\":{\"@type\":\"ImageObject\",\"inLanguage\":\"fr-FR\",\"@id\":\"https:\/\/www.bagnoitalia.com\/fr#\/schema\/logo\/image\/\",\"url\":\"https:\/\/img.bagnoitalia.com\/wp-content\/uploads\/logo-bagnoitalia.webp\",\"contentUrl\":\"https:\/\/img.bagnoitalia.com\/wp-content\/uploads\/logo-bagnoitalia.webp\",\"width\":400,\"height\":70,\"caption\":\"Bagno Italia\"},\"image\":{\"@id\":\"https:\/\/www.bagnoitalia.com\/fr#\/schema\/logo\/image\/\"}}]}<\/script>\n<!-- \/ Yoast SEO plugin. -->","yoast_head_json":{"title":"Meuble TV bas Nancy2 195x50x60h, blanc mat ou brillant","robots":{"index":"index","follow":"follow","max-snippet":"max-snippet:-1","max-image-preview":"max-image-preview:large","max-video-preview":"max-video-preview:-1"},"canonical":"https:\/\/www.bagnoitalia.com\/fr\/produit\/support-de-meuble-mobile-nancy-low-2-modeles-de-meuble-de-differentes-tailles-blanc-mat-et-brillant-569.html","og_locale":"fr_FR","og_type":"article","og_title":"Meuble TV bas Nancy2 195x50x60h, blanc mat ou brillant","og_description":"Meuble TV bas Nancy 2 en couleur blanc mat ou brillant sans ou avec pieds en bois \/m\u00e9tal","og_url":"https:\/\/www.bagnoitalia.com\/fr\/produit\/support-de-meuble-mobile-nancy-low-2-modeles-de-meuble-de-differentes-tailles-blanc-mat-et-brillant-569.html","og_site_name":"Bagno Italia","og_image":[{"url":"https:\/\/img.bagnoitalia.com\/wp-content\/uploads\/meuble-nancy2-pieds-metal.jpg","type":"","width":"","height":""}],"twitter_card":"summary_large_image","twitter_misc":{"Dur\u00e9e de lecture estim\u00e9e":"1 minute"},"schema":{"@context":"https:\/\/schema.org","@graph":[{"@type":"WebPage","@id":"https:\/\/www.bagnoitalia.com\/fr\/produit\/support-de-meuble-mobile-nancy-low-2-modeles-de-meuble-de-differentes-tailles-blanc-mat-et-brillant-569.html","url":"https:\/\/www.bagnoitalia.com\/fr\/produit\/support-de-meuble-mobile-nancy-low-2-modeles-de-meuble-de-differentes-tailles-blanc-mat-et-brillant-569.html","name":"Meuble TV bas Nancy2 195x50x60h, blanc mat ou brillant","isPartOf":{"@id":"https:\/\/www.bagnoitalia.com\/fr#website"},"primaryImageOfPage":{"@id":"https:\/\/www.bagnoitalia.com\/fr\/produit\/support-de-meuble-mobile-nancy-low-2-modeles-de-meuble-de-differentes-tailles-blanc-mat-et-brillant-569.html#primaryimage"},"image":{"@id":"https:\/\/www.bagnoitalia.com\/fr\/produit\/support-de-meuble-mobile-nancy-low-2-modeles-de-meuble-de-differentes-tailles-blanc-mat-et-brillant-569.html#primaryimage"},"thumbnailUrl":"https:\/\/img.bagnoitalia.com\/wp-content\/uploads\/meuble-nancy2-pieds-metal.jpg","datePublished":"2019-01-25T14:23:36+00:00","breadcrumb":{"@id":"https:\/\/www.bagnoitalia.com\/fr\/produit\/support-de-meuble-mobile-nancy-low-2-modeles-de-meuble-de-differentes-tailles-blanc-mat-et-brillant-569.html#breadcrumb"},"inLanguage":"fr-FR","potentialAction":[{"@type":"ReadAction","target":["https:\/\/www.bagnoitalia.com\/fr\/produit\/support-de-meuble-mobile-nancy-low-2-modeles-de-meuble-de-differentes-tailles-blanc-mat-et-brillant-569.html"]}]},{"@type":"ImageObject","inLanguage":"fr-FR","@id":"https:\/\/www.bagnoitalia.com\/fr\/produit\/support-de-meuble-mobile-nancy-low-2-modeles-de-meuble-de-differentes-tailles-blanc-mat-et-brillant-569.html#primaryimage","url":"https:\/\/img.bagnoitalia.com\/wp-content\/uploads\/meuble-nancy2-pieds-metal.jpg","contentUrl":"https:\/\/img.bagnoitalia.com\/wp-content\/uploads\/meuble-nancy2-pieds-metal.jpg"},{"@type":"BreadcrumbList","@id":"https:\/\/www.bagnoitalia.com\/fr\/produit\/support-de-meuble-mobile-nancy-low-2-modeles-de-meuble-de-differentes-tailles-blanc-mat-et-brillant-569.html#breadcrumb","itemListElement":[{"@type":"ListItem","position":1,"name":"Home","item":"https:\/\/www.bagnoitalia.com\/fr"},{"@type":"ListItem","position":2,"name":"Produits","item":"https:\/\/www.bagnoitalia.com\/fr\/shop"},{"@type":"ListItem","position":3,"name":"Meuble TV bas Nancy2 195x50x60h, blanc mat ou brillant"}]},{"@type":"WebSite","@id":"https:\/\/www.bagnoitalia.com\/fr#website","url":"https:\/\/www.bagnoitalia.com\/fr","name":"Bagno Italia","description":"","publisher":{"@id":"https:\/\/www.bagnoitalia.com\/fr#organization"},"potentialAction":[{"@type":"SearchAction","target":{"@type":"EntryPoint","urlTemplate":"https:\/\/www.bagnoitalia.com\/fr?s={search_term_string}"},"query-input":{"@type":"PropertyValueSpecification","valueRequired":true,"valueName":"search_term_string"}}],"inLanguage":"fr-FR"},{"@type":"Organization","@id":"https:\/\/www.bagnoitalia.com\/fr#organization","name":"Bagno Italia","url":"https:\/\/www.bagnoitalia.com\/fr","logo":{"@type":"ImageObject","inLanguage":"fr-FR","@id":"https:\/\/www.bagnoitalia.com\/fr#\/schema\/logo\/image\/","url":"https:\/\/img.bagnoitalia.com\/wp-content\/uploads\/logo-bagnoitalia.webp","contentUrl":"https:\/\/img.bagnoitalia.com\/wp-content\/uploads\/logo-bagnoitalia.webp","width":400,"height":70,"caption":"Bagno Italia"},"image":{"@id":"https:\/\/www.bagnoitalia.com\/fr#\/schema\/logo\/image\/"}}]}},"_links":{"self":[{"href":"https:\/\/www.bagnoitalia.com\/fr\/wp-json\/wp\/v2\/product\/81278","targetHints":{"allow":["GET"]}}],"collection":[{"href":"https:\/\/www.bagnoitalia.com\/fr\/wp-json\/wp\/v2\/product"}],"about":[{"href":"https:\/\/www.bagnoitalia.com\/fr\/wp-json\/wp\/v2\/types\/product"}],"replies":[{"embeddable":true,"href":"https:\/\/www.bagnoitalia.com\/fr\/wp-json\/wp\/v2\/comments?post=81278"}],"version-history":[{"count":0,"href":"https:\/\/www.bagnoitalia.com\/fr\/wp-json\/wp\/v2\/product\/81278\/revisions"}],"wp:attachment":[{"href":"https:\/\/www.bagnoitalia.com\/fr\/wp-json\/wp\/v2\/media?parent=81278"}],"wp:term":[{"taxonomy":"product_brand","embeddable":true,"href":"https:\/\/www.bagnoitalia.com\/fr\/wp-json\/wp\/v2\/product_brand?post=81278"},{"taxonomy":"product_cat","embeddable":true,"href":"https:\/\/www.bagnoitalia.com\/fr\/wp-json\/wp\/v2\/product_cat?post=81278"},{"taxonomy":"product_tag","embeddable":true,"href":"https:\/\/www.bagnoitalia.com\/fr\/wp-json\/wp\/v2\/product_tag?post=81278"}],"curies":[{"name":"wp","href":"https:\/\/api.w.org\/{rel}","templated":true}]}}