{"id":81262,"date":"2019-01-03T14:56:53","date_gmt":"2019-01-03T13:56:53","guid":{"rendered":"https:\/\/www.bagnoitalia.com\/product\/armoire-de-toilette-moderne-suspendue-giglio-de-120-cm-disponible-en-3-couleurs-avec-miroir-1061"},"modified":"2019-01-03T14:56:53","modified_gmt":"2019-01-03T13:56:53","slug":"armoire-de-toilette-moderne-suspendue-giglio-de-120-cm-disponible-en-3-couleurs-avec-miroir-1061","status":"publish","type":"product","link":"https:\/\/www.bagnoitalia.com\/fr\/produit\/armoire-de-toilette-moderne-suspendue-giglio-de-120-cm-disponible-en-3-couleurs-avec-miroir-1061.html","title":{"rendered":"Meuble de salle de bain suspendu Gemma 120 cm style moderne, miroir inclus"},"content":{"rendered":"<p style=\"margin-bottom: 0cm;\"><span style=\"text-decoration: underline; font-size: 14pt;\"><strong>Armoire de toilette Gemma<\/strong><\/span><\/p>\n<\/p>\n<p style=\"margin-bottom: 0cm;\"><span style=\"text-decoration: underline;\"><strong><span style=\"font-size: 12pt;\">Le prix comprend:<\/span><\/strong><\/span><\/p>\n<p style=\"margin-bottom: 0cm;\"><span style=\"font-size: 12pt;\">1 base de lavabo 120x46xH50 cm \u00e0 de 2 portes et 2 tiroirs<br \/><\/span><\/p>\n<p style=\"margin-bottom: 0cm;\"><span style=\"font-size: 12pt;\">1 lavabo en marbre min\u00e9ral&nbsp;<\/span><\/p>\n<p style=\"margin-bottom: 0cm;\"><span style=\"font-size: 12pt;\">1 miroir reversible 110&#215;70 cm<br \/><\/span><\/p>\n<\/p>\n<p style=\"margin-bottom: 0cm;\"><span style=\"text-decoration: underline;\"><strong><span style=\"font-size: 12pt;\">Caract\u00e9ristiques:<\/span><\/strong><\/span><\/p>\n<p style=\"margin-bottom: 0cm;\"><span style=\"font-size: 12pt; background-color: inherit; color: inherit;\">Meuble en bois MDF&nbsp;recouvert de PVC effet bois <\/span><\/p>\n<p style=\"margin-bottom: 0cm;\"><span style=\"font-size: 12pt; background-color: inherit; color: inherit;\">Couleur Ch\u00eane fonc\u00e9 <\/span><\/p>\n<p style=\"margin-bottom: 0cm;\"><span style=\"font-size: 12pt; background-color: inherit; color: inherit;\">Fermeture amortie&nbsp;<\/span><\/p>\n<p style=\"margin-bottom: 0cm;\"><span style=\"font-size: 12pt; background-color: inherit; color: inherit;\">Finition int\u00e9rieure en stratifi\u00e9e <\/span><\/p>\n<p style=\"margin-bottom: 0cm;\"><span style=\"font-size: 12pt; background-color: inherit; color: inherit;\">Trop plein et trou pour mitigeur inclus<\/span><\/p>\n<p style=\"margin-bottom: 0cm;\"><span style=\"font-size: 12pt;\">Robinets. bonde et applique non inclus<\/span><\/p>\n<p><strong>&nbsp;<\/strong><\/p>\n<p><span style=\"background-color: inherit; color: inherit;\"><\/span><\/p>\n<p>&nbsp;<\/p>\n","protected":false},"excerpt":{"rendered":"<p> Meuble de salle de bain mod\u00e8le Gemma 120 cm \u00e0 2 portes et 2 tiroirs, lavabo en marbre min\u00e9ral<\/p>\n","protected":false},"featured_media":42634,"comment_status":"open","ping_status":"closed","template":"","meta":[],"product_brand":[9882],"product_cat":[15],"product_tag":[],"class_list":{"0":"post-81262","1":"product","2":"type-product","3":"status-publish","4":"has-post-thumbnail","6":"product_brand-deghi-fr","7":"product_cat-senza-categoria","9":"first","10":"outofstock","11":"taxable","12":"shipping-taxable","13":"purchasable","14":"product-type-simple"},"exclude_global_add_ons":false,"addons":[{"name":"CAMPI_COLORE_DEL_MOBILE\r\n","type":"select","position":0,"required":true,"title_format":"label","default":"","description_enable":false,"description":"","placeholder_enable":false,"placeholder":"","display":"select","restrictions_type":"any_text","adjust_price":false,"price":"","price_type":"","restrictions":false,"min":"0","max":"0","options":[]},{"name":"CAMPI_COLONNA\r\n","type":"select","position":0,"required":true,"title_format":"label","default":"","description_enable":false,"description":"","placeholder_enable":false,"placeholder":"","display":"select","restrictions_type":"any_text","adjust_price":false,"price":"","price_type":"","restrictions":false,"min":"0","max":"0","options":[]}],"yoast_head":"<!-- This site is optimized with the Yoast SEO plugin v26.7 - https:\/\/yoast.com\/wordpress\/plugins\/seo\/ -->\n<title>Meuble de salle de bain suspendu Gemma 120 cm style moderne, miroir inclus<\/title>\n<meta name=\"description\" content=\"Mod\u00e8le de salle de bains moderne Giglio de 120 cm, type suspendu avec lavabo en marbre min\u00e9ral, base en bois MDF et disponible en 3 couleurs\" \/>\n<meta name=\"robots\" content=\"index, follow, max-snippet:-1, max-image-preview:large, max-video-preview:-1\" \/>\n<link rel=\"canonical\" href=\"https:\/\/www.bagnoitalia.com\/fr\/produit\/armoire-de-toilette-moderne-suspendue-giglio-de-120-cm-disponible-en-3-couleurs-avec-miroir-1061.html\" \/>\n<meta property=\"og:locale\" content=\"fr_FR\" \/>\n<meta property=\"og:type\" content=\"article\" \/>\n<meta property=\"og:title\" content=\"Meuble de salle de bain suspendu Gemma 120 cm style moderne, miroir inclus\" \/>\n<meta property=\"og:description\" content=\"Mod\u00e8le de salle de bains moderne Giglio de 120 cm, type suspendu avec lavabo en marbre min\u00e9ral, base en bois MDF et disponible en 3 couleurs\" \/>\n<meta property=\"og:url\" content=\"https:\/\/www.bagnoitalia.com\/fr\/produit\/armoire-de-toilette-moderne-suspendue-giglio-de-120-cm-disponible-en-3-couleurs-avec-miroir-1061.html\" \/>\n<meta property=\"og:site_name\" content=\"Bagno Italia\" \/>\n<meta property=\"og:image\" content=\"https:\/\/img.bagnoitalia.com\/wp-content\/uploads\/virtuemart\/product\/wall-hung-bathroom-vanity-gemma-4-colors_1556013925_419.jpg\" \/>\n\t<meta property=\"og:image:width\" content=\"550\" \/>\n\t<meta property=\"og:image:height\" content=\"550\" \/>\n\t<meta property=\"og:image:type\" content=\"image\/jpeg\" \/>\n<meta name=\"twitter:card\" content=\"summary_large_image\" \/>\n<script type=\"application\/ld+json\" class=\"yoast-schema-graph\">{\"@context\":\"https:\/\/schema.org\",\"@graph\":[{\"@type\":\"WebPage\",\"@id\":\"https:\/\/www.bagnoitalia.com\/fr\/produit\/armoire-de-toilette-moderne-suspendue-giglio-de-120-cm-disponible-en-3-couleurs-avec-miroir-1061.html\",\"url\":\"https:\/\/www.bagnoitalia.com\/fr\/produit\/armoire-de-toilette-moderne-suspendue-giglio-de-120-cm-disponible-en-3-couleurs-avec-miroir-1061.html\",\"name\":\"Meuble de salle de bain suspendu Gemma 120 cm style moderne, miroir inclus\",\"isPartOf\":{\"@id\":\"https:\/\/www.bagnoitalia.com\/fr#website\"},\"primaryImageOfPage\":{\"@id\":\"https:\/\/www.bagnoitalia.com\/fr\/produit\/armoire-de-toilette-moderne-suspendue-giglio-de-120-cm-disponible-en-3-couleurs-avec-miroir-1061.html#primaryimage\"},\"image\":{\"@id\":\"https:\/\/www.bagnoitalia.com\/fr\/produit\/armoire-de-toilette-moderne-suspendue-giglio-de-120-cm-disponible-en-3-couleurs-avec-miroir-1061.html#primaryimage\"},\"thumbnailUrl\":\"https:\/\/img.bagnoitalia.com\/wp-content\/uploads\/virtuemart\/product\/wall-hung-bathroom-vanity-gemma-4-colors_1556013925_419.jpg\",\"datePublished\":\"2019-01-03T13:56:53+00:00\",\"description\":\"Mod\u00e8le de salle de bains moderne Giglio de 120 cm, type suspendu avec lavabo en marbre min\u00e9ral, base en bois MDF et disponible en 3 couleurs\",\"breadcrumb\":{\"@id\":\"https:\/\/www.bagnoitalia.com\/fr\/produit\/armoire-de-toilette-moderne-suspendue-giglio-de-120-cm-disponible-en-3-couleurs-avec-miroir-1061.html#breadcrumb\"},\"inLanguage\":\"fr-FR\",\"potentialAction\":[{\"@type\":\"ReadAction\",\"target\":[\"https:\/\/www.bagnoitalia.com\/fr\/produit\/armoire-de-toilette-moderne-suspendue-giglio-de-120-cm-disponible-en-3-couleurs-avec-miroir-1061.html\"]}]},{\"@type\":\"ImageObject\",\"inLanguage\":\"fr-FR\",\"@id\":\"https:\/\/www.bagnoitalia.com\/fr\/produit\/armoire-de-toilette-moderne-suspendue-giglio-de-120-cm-disponible-en-3-couleurs-avec-miroir-1061.html#primaryimage\",\"url\":\"https:\/\/img.bagnoitalia.com\/wp-content\/uploads\/virtuemart\/product\/wall-hung-bathroom-vanity-gemma-4-colors_1556013925_419.jpg\",\"contentUrl\":\"https:\/\/img.bagnoitalia.com\/wp-content\/uploads\/virtuemart\/product\/wall-hung-bathroom-vanity-gemma-4-colors_1556013925_419.jpg\",\"width\":550,\"height\":550},{\"@type\":\"BreadcrumbList\",\"@id\":\"https:\/\/www.bagnoitalia.com\/fr\/produit\/armoire-de-toilette-moderne-suspendue-giglio-de-120-cm-disponible-en-3-couleurs-avec-miroir-1061.html#breadcrumb\",\"itemListElement\":[{\"@type\":\"ListItem\",\"position\":1,\"name\":\"Home\",\"item\":\"https:\/\/www.bagnoitalia.com\/fr\"},{\"@type\":\"ListItem\",\"position\":2,\"name\":\"Produits\",\"item\":\"https:\/\/www.bagnoitalia.com\/fr\/shop\"},{\"@type\":\"ListItem\",\"position\":3,\"name\":\"Meuble de salle de bain suspendu Gemma 120 cm style moderne, miroir inclus\"}]},{\"@type\":\"WebSite\",\"@id\":\"https:\/\/www.bagnoitalia.com\/fr#website\",\"url\":\"https:\/\/www.bagnoitalia.com\/fr\",\"name\":\"Bagno Italia\",\"description\":\"\",\"publisher\":{\"@id\":\"https:\/\/www.bagnoitalia.com\/fr#organization\"},\"potentialAction\":[{\"@type\":\"SearchAction\",\"target\":{\"@type\":\"EntryPoint\",\"urlTemplate\":\"https:\/\/www.bagnoitalia.com\/fr?s={search_term_string}\"},\"query-input\":{\"@type\":\"PropertyValueSpecification\",\"valueRequired\":true,\"valueName\":\"search_term_string\"}}],\"inLanguage\":\"fr-FR\"},{\"@type\":\"Organization\",\"@id\":\"https:\/\/www.bagnoitalia.com\/fr#organization\",\"name\":\"Bagno Italia\",\"url\":\"https:\/\/www.bagnoitalia.com\/fr\",\"logo\":{\"@type\":\"ImageObject\",\"inLanguage\":\"fr-FR\",\"@id\":\"https:\/\/www.bagnoitalia.com\/fr#\/schema\/logo\/image\/\",\"url\":\"https:\/\/img.bagnoitalia.com\/wp-content\/uploads\/logo-bagnoitalia.webp\",\"contentUrl\":\"https:\/\/img.bagnoitalia.com\/wp-content\/uploads\/logo-bagnoitalia.webp\",\"width\":400,\"height\":70,\"caption\":\"Bagno Italia\"},\"image\":{\"@id\":\"https:\/\/www.bagnoitalia.com\/fr#\/schema\/logo\/image\/\"}}]}<\/script>\n<!-- \/ Yoast SEO plugin. -->","yoast_head_json":{"title":"Meuble de salle de bain suspendu Gemma 120 cm style moderne, miroir inclus","description":"Mod\u00e8le de salle de bains moderne Giglio de 120 cm, type suspendu avec lavabo en marbre min\u00e9ral, base en bois MDF et disponible en 3 couleurs","robots":{"index":"index","follow":"follow","max-snippet":"max-snippet:-1","max-image-preview":"max-image-preview:large","max-video-preview":"max-video-preview:-1"},"canonical":"https:\/\/www.bagnoitalia.com\/fr\/produit\/armoire-de-toilette-moderne-suspendue-giglio-de-120-cm-disponible-en-3-couleurs-avec-miroir-1061.html","og_locale":"fr_FR","og_type":"article","og_title":"Meuble de salle de bain suspendu Gemma 120 cm style moderne, miroir inclus","og_description":"Mod\u00e8le de salle de bains moderne Giglio de 120 cm, type suspendu avec lavabo en marbre min\u00e9ral, base en bois MDF et disponible en 3 couleurs","og_url":"https:\/\/www.bagnoitalia.com\/fr\/produit\/armoire-de-toilette-moderne-suspendue-giglio-de-120-cm-disponible-en-3-couleurs-avec-miroir-1061.html","og_site_name":"Bagno Italia","og_image":[{"width":550,"height":550,"url":"https:\/\/img.bagnoitalia.com\/wp-content\/uploads\/virtuemart\/product\/wall-hung-bathroom-vanity-gemma-4-colors_1556013925_419.jpg","type":"image\/jpeg"}],"twitter_card":"summary_large_image","schema":{"@context":"https:\/\/schema.org","@graph":[{"@type":"WebPage","@id":"https:\/\/www.bagnoitalia.com\/fr\/produit\/armoire-de-toilette-moderne-suspendue-giglio-de-120-cm-disponible-en-3-couleurs-avec-miroir-1061.html","url":"https:\/\/www.bagnoitalia.com\/fr\/produit\/armoire-de-toilette-moderne-suspendue-giglio-de-120-cm-disponible-en-3-couleurs-avec-miroir-1061.html","name":"Meuble de salle de bain suspendu Gemma 120 cm style moderne, miroir inclus","isPartOf":{"@id":"https:\/\/www.bagnoitalia.com\/fr#website"},"primaryImageOfPage":{"@id":"https:\/\/www.bagnoitalia.com\/fr\/produit\/armoire-de-toilette-moderne-suspendue-giglio-de-120-cm-disponible-en-3-couleurs-avec-miroir-1061.html#primaryimage"},"image":{"@id":"https:\/\/www.bagnoitalia.com\/fr\/produit\/armoire-de-toilette-moderne-suspendue-giglio-de-120-cm-disponible-en-3-couleurs-avec-miroir-1061.html#primaryimage"},"thumbnailUrl":"https:\/\/img.bagnoitalia.com\/wp-content\/uploads\/virtuemart\/product\/wall-hung-bathroom-vanity-gemma-4-colors_1556013925_419.jpg","datePublished":"2019-01-03T13:56:53+00:00","description":"Mod\u00e8le de salle de bains moderne Giglio de 120 cm, type suspendu avec lavabo en marbre min\u00e9ral, base en bois MDF et disponible en 3 couleurs","breadcrumb":{"@id":"https:\/\/www.bagnoitalia.com\/fr\/produit\/armoire-de-toilette-moderne-suspendue-giglio-de-120-cm-disponible-en-3-couleurs-avec-miroir-1061.html#breadcrumb"},"inLanguage":"fr-FR","potentialAction":[{"@type":"ReadAction","target":["https:\/\/www.bagnoitalia.com\/fr\/produit\/armoire-de-toilette-moderne-suspendue-giglio-de-120-cm-disponible-en-3-couleurs-avec-miroir-1061.html"]}]},{"@type":"ImageObject","inLanguage":"fr-FR","@id":"https:\/\/www.bagnoitalia.com\/fr\/produit\/armoire-de-toilette-moderne-suspendue-giglio-de-120-cm-disponible-en-3-couleurs-avec-miroir-1061.html#primaryimage","url":"https:\/\/img.bagnoitalia.com\/wp-content\/uploads\/virtuemart\/product\/wall-hung-bathroom-vanity-gemma-4-colors_1556013925_419.jpg","contentUrl":"https:\/\/img.bagnoitalia.com\/wp-content\/uploads\/virtuemart\/product\/wall-hung-bathroom-vanity-gemma-4-colors_1556013925_419.jpg","width":550,"height":550},{"@type":"BreadcrumbList","@id":"https:\/\/www.bagnoitalia.com\/fr\/produit\/armoire-de-toilette-moderne-suspendue-giglio-de-120-cm-disponible-en-3-couleurs-avec-miroir-1061.html#breadcrumb","itemListElement":[{"@type":"ListItem","position":1,"name":"Home","item":"https:\/\/www.bagnoitalia.com\/fr"},{"@type":"ListItem","position":2,"name":"Produits","item":"https:\/\/www.bagnoitalia.com\/fr\/shop"},{"@type":"ListItem","position":3,"name":"Meuble de salle de bain suspendu Gemma 120 cm style moderne, miroir inclus"}]},{"@type":"WebSite","@id":"https:\/\/www.bagnoitalia.com\/fr#website","url":"https:\/\/www.bagnoitalia.com\/fr","name":"Bagno Italia","description":"","publisher":{"@id":"https:\/\/www.bagnoitalia.com\/fr#organization"},"potentialAction":[{"@type":"SearchAction","target":{"@type":"EntryPoint","urlTemplate":"https:\/\/www.bagnoitalia.com\/fr?s={search_term_string}"},"query-input":{"@type":"PropertyValueSpecification","valueRequired":true,"valueName":"search_term_string"}}],"inLanguage":"fr-FR"},{"@type":"Organization","@id":"https:\/\/www.bagnoitalia.com\/fr#organization","name":"Bagno Italia","url":"https:\/\/www.bagnoitalia.com\/fr","logo":{"@type":"ImageObject","inLanguage":"fr-FR","@id":"https:\/\/www.bagnoitalia.com\/fr#\/schema\/logo\/image\/","url":"https:\/\/img.bagnoitalia.com\/wp-content\/uploads\/logo-bagnoitalia.webp","contentUrl":"https:\/\/img.bagnoitalia.com\/wp-content\/uploads\/logo-bagnoitalia.webp","width":400,"height":70,"caption":"Bagno Italia"},"image":{"@id":"https:\/\/www.bagnoitalia.com\/fr#\/schema\/logo\/image\/"}}]}},"_links":{"self":[{"href":"https:\/\/www.bagnoitalia.com\/fr\/wp-json\/wp\/v2\/product\/81262","targetHints":{"allow":["GET"]}}],"collection":[{"href":"https:\/\/www.bagnoitalia.com\/fr\/wp-json\/wp\/v2\/product"}],"about":[{"href":"https:\/\/www.bagnoitalia.com\/fr\/wp-json\/wp\/v2\/types\/product"}],"replies":[{"embeddable":true,"href":"https:\/\/www.bagnoitalia.com\/fr\/wp-json\/wp\/v2\/comments?post=81262"}],"version-history":[{"count":0,"href":"https:\/\/www.bagnoitalia.com\/fr\/wp-json\/wp\/v2\/product\/81262\/revisions"}],"wp:featuredmedia":[{"embeddable":true,"href":"https:\/\/www.bagnoitalia.com\/fr\/wp-json\/wp\/v2\/media\/42634"}],"wp:attachment":[{"href":"https:\/\/www.bagnoitalia.com\/fr\/wp-json\/wp\/v2\/media?parent=81262"}],"wp:term":[{"taxonomy":"product_brand","embeddable":true,"href":"https:\/\/www.bagnoitalia.com\/fr\/wp-json\/wp\/v2\/product_brand?post=81262"},{"taxonomy":"product_cat","embeddable":true,"href":"https:\/\/www.bagnoitalia.com\/fr\/wp-json\/wp\/v2\/product_cat?post=81262"},{"taxonomy":"product_tag","embeddable":true,"href":"https:\/\/www.bagnoitalia.com\/fr\/wp-json\/wp\/v2\/product_tag?post=81262"}],"curies":[{"name":"wp","href":"https:\/\/api.w.org\/{rel}","templated":true}]}}