{"id":81254,"date":"2018-12-21T15:43:42","date_gmt":"2018-12-21T14:43:42","guid":{"rendered":"https:\/\/www.bagnoitalia.com\/product\/bain-tourbillon-circulaire-150cm-encastre-8-jets-vs035-346-1127"},"modified":"2018-12-21T15:43:42","modified_gmt":"2018-12-21T14:43:42","slug":"bain-tourbillon-circulaire-150cm-encastre-8-jets-vs035-346-1127","status":"publish","type":"product","link":"https:\/\/www.bagnoitalia.com\/fr\/produit\/bain-tourbillon-circulaire-150cm-encastre-8-jets-vs035-346-1127.html","title":{"rendered":"Baignoire \u00e0 remous d\u2019angle 150&#215;150 cm 27 jets VS093"},"content":{"rendered":"<p>La baignoire baln\u00e9o d&rsquo;angle VS093 est un petit bijou technique qui vous apportera confort et d\u00e9tente dans la salle de bain de votre maison !<\/p>\n<p>La baignoire mesure 150x150x63cm et est \u00e9quip\u00e9e de 27 jets d&rsquo;hydromassage : 16 jets d&rsquo;eau et 11 jets d&rsquo;air plus petits. La baignoire est \u00e9galement \u00e9quip\u00e9e d&rsquo;un appui-t\u00eate, d&rsquo;une chromoth\u00e9rapie, d&rsquo;un haut-parleur bluetooth et d&rsquo;un m\u00e9langeur de cascades.<\/p>\n<p>L&rsquo;hydromassage apporte de nombreux bienfaits et est consid\u00e9r\u00e9 \u00e0 juste titre comme l&rsquo;un des meilleurs alli\u00e9s de la femme : il lutte contre la r\u00e9tention d&rsquo;eau et la cellulite en stimulant la microcirculation, donne une sensation de l\u00e9g\u00e8ret\u00e9, notamment aux jambes, soulage les tensions musculaires et les maux de t\u00eate, et remonte le moral, surtout lorsque l&rsquo;hydromassage est accompagn\u00e9 d&rsquo;une chromoth\u00e9rapie.<\/p>\n<p>&nbsp;<\/p>\n<p>&nbsp;<\/p>\n<p>Whirlpool VS093<\/p>\n<p>&nbsp;<img fetchpriority=\"high\" decoding=\"async\" class=\" size-full wp-image-42582\" src=\"https:\/\/img.bagnoitalia.com\/wp-content\/uploads\/1-scheda-tecnica-vasche-idromassaggio.jpg\" alt=\"\" width=\"814\" height=\"126\" class=\"size-full wp-image-48815\" srcset=\"https:\/\/img.bagnoitalia.com\/wp-content\/uploads\/1-scheda-tecnica-vasche-idromassaggio.jpg 814w, https:\/\/img.bagnoitalia.com\/wp-content\/uploads\/1-scheda-tecnica-vasche-idromassaggio-768x119.jpg 768w, https:\/\/img.bagnoitalia.com\/wp-content\/uploads\/1-scheda-tecnica-vasche-idromassaggio-441x68.jpg 441w, https:\/\/img.bagnoitalia.com\/wp-content\/uploads\/1-scheda-tecnica-vasche-idromassaggio-600x93.jpg 600w, https:\/\/img.bagnoitalia.com\/wp-content\/uploads\/1-scheda-tecnica-vasche-idromassaggio-150x23.jpg 150w\" sizes=\"(max-width: 814px) 100vw, 814px\" \/><\/p>\n<p>Caract\u00e9ristiques :<\/p>\n<p>Baignoire baln\u00e9o 150x150xH63 cm<\/p>\n<p>Avec double pompe d&rsquo;hydromassage (eau et air)<\/p>\n<p>Total 27 jets dont<\/p>\n<p>4 grands jets d&rsquo;eau<br \/>12 petits jets d&rsquo;eau<br \/>11 jets d&rsquo;air (au fond de la baignoire)<\/p>\n<p>Chromoth\u00e9rapie avec lumi\u00e8re LED \u00e0 7 couleurs.<\/p>\n<p>Panneau de contr\u00f4le tactile<\/p>\n<p>R\u00e9gulateur de pression de massage en laiton chrom\u00e9<\/p>\n<p>Temp\u00e9rature de chauffage thermostatique r\u00e9glable<\/p>\n<p>Bo\u00eetier avec connexion bluetooth, r\u00e9sistant \u00e0 l&rsquo;eau<\/p>\n<p>M\u00e9langeur cascade<\/p>\n<p>Appui-t\u00eate pour deux personnes<\/p>\n<p>&nbsp;<\/p>\n","protected":false},"excerpt":{"rendered":"<p>Baignoire baln\u00e9o 150x150xH63 cm avec chromoth\u00e9rapie jets d&rsquo;air et d&rsquo;eau<\/p>\n","protected":false},"featured_media":42550,"comment_status":"open","ping_status":"closed","template":"","meta":[],"product_brand":[9888],"product_cat":[9707,9743],"product_tag":[],"class_list":{"0":"post-81254","1":"product","2":"type-product","3":"status-publish","4":"has-post-thumbnail","6":"product_brand-idrom-fr","7":"product_cat-baignoire-balneo","8":"product_cat-piscines-d-39-hydromassage","10":"first","11":"instock","12":"sale","13":"taxable","14":"shipping-taxable","15":"purchasable","16":"product-type-simple"},"exclude_global_add_ons":[],"addons":[],"yoast_head":"<!-- This site is optimized with the Yoast SEO plugin v26.7 - https:\/\/yoast.com\/wordpress\/plugins\/seo\/ -->\n<title>Baignoire \u00e0 remous d\u2019angle 150x150 cm 27 jets VS093<\/title>\n<meta name=\"description\" content=\"Baignoire baln\u00e9o 150x150xH63 cm avec chromoth\u00e9rapie jets d&#039;air et d&#039;eau\" \/>\n<meta name=\"robots\" content=\"index, follow, max-snippet:-1, max-image-preview:large, max-video-preview:-1\" \/>\n<link rel=\"canonical\" href=\"https:\/\/www.bagnoitalia.com\/fr\/produit\/bain-tourbillon-circulaire-150cm-encastre-8-jets-vs035-346-1127.html\" \/>\n<meta property=\"og:locale\" content=\"fr_FR\" \/>\n<meta property=\"og:type\" content=\"article\" \/>\n<meta property=\"og:title\" content=\"Baignoire \u00e0 remous d\u2019angle 150x150 cm 27 jets VS093\" \/>\n<meta property=\"og:description\" content=\"Baignoire baln\u00e9o 150x150xH63 cm avec chromoth\u00e9rapie jets d&#039;air et d&#039;eau\" \/>\n<meta property=\"og:url\" content=\"https:\/\/www.bagnoitalia.com\/fr\/produit\/bain-tourbillon-circulaire-150cm-encastre-8-jets-vs035-346-1127.html\" \/>\n<meta property=\"og:site_name\" content=\"Bagno Italia\" \/>\n<meta property=\"og:image\" content=\"https:\/\/img.bagnoitalia.com\/wp-content\/uploads\/virtuemart\/product\/jacuzzi-angular-150x150-cm-with-27-jets-vs093_1545407855_313.jpg\" \/>\n\t<meta property=\"og:image:width\" content=\"550\" \/>\n\t<meta property=\"og:image:height\" content=\"550\" \/>\n\t<meta property=\"og:image:type\" content=\"image\/jpeg\" \/>\n<meta name=\"twitter:card\" content=\"summary_large_image\" \/>\n<meta name=\"twitter:label1\" content=\"Dur\u00e9e de lecture estim\u00e9e\" \/>\n\t<meta name=\"twitter:data1\" content=\"1 minute\" \/>\n<script type=\"application\/ld+json\" class=\"yoast-schema-graph\">{\"@context\":\"https:\/\/schema.org\",\"@graph\":[{\"@type\":\"WebPage\",\"@id\":\"https:\/\/www.bagnoitalia.com\/fr\/produit\/bain-tourbillon-circulaire-150cm-encastre-8-jets-vs035-346-1127.html\",\"url\":\"https:\/\/www.bagnoitalia.com\/fr\/produit\/bain-tourbillon-circulaire-150cm-encastre-8-jets-vs035-346-1127.html\",\"name\":\"Baignoire \u00e0 remous d\u2019angle 150x150 cm 27 jets VS093\",\"isPartOf\":{\"@id\":\"https:\/\/www.bagnoitalia.com\/fr#website\"},\"primaryImageOfPage\":{\"@id\":\"https:\/\/www.bagnoitalia.com\/fr\/produit\/bain-tourbillon-circulaire-150cm-encastre-8-jets-vs035-346-1127.html#primaryimage\"},\"image\":{\"@id\":\"https:\/\/www.bagnoitalia.com\/fr\/produit\/bain-tourbillon-circulaire-150cm-encastre-8-jets-vs035-346-1127.html#primaryimage\"},\"thumbnailUrl\":\"https:\/\/img.bagnoitalia.com\/wp-content\/uploads\/virtuemart\/product\/jacuzzi-angular-150x150-cm-with-27-jets-vs093_1545407855_313.jpg\",\"datePublished\":\"2018-12-21T14:43:42+00:00\",\"description\":\"Baignoire baln\u00e9o 150x150xH63 cm avec chromoth\u00e9rapie jets d&#39;air et d&#39;eau\",\"breadcrumb\":{\"@id\":\"https:\/\/www.bagnoitalia.com\/fr\/produit\/bain-tourbillon-circulaire-150cm-encastre-8-jets-vs035-346-1127.html#breadcrumb\"},\"inLanguage\":\"fr-FR\",\"potentialAction\":[{\"@type\":\"ReadAction\",\"target\":[\"https:\/\/www.bagnoitalia.com\/fr\/produit\/bain-tourbillon-circulaire-150cm-encastre-8-jets-vs035-346-1127.html\"]}]},{\"@type\":\"ImageObject\",\"inLanguage\":\"fr-FR\",\"@id\":\"https:\/\/www.bagnoitalia.com\/fr\/produit\/bain-tourbillon-circulaire-150cm-encastre-8-jets-vs035-346-1127.html#primaryimage\",\"url\":\"https:\/\/img.bagnoitalia.com\/wp-content\/uploads\/virtuemart\/product\/jacuzzi-angular-150x150-cm-with-27-jets-vs093_1545407855_313.jpg\",\"contentUrl\":\"https:\/\/img.bagnoitalia.com\/wp-content\/uploads\/virtuemart\/product\/jacuzzi-angular-150x150-cm-with-27-jets-vs093_1545407855_313.jpg\",\"width\":550,\"height\":550},{\"@type\":\"BreadcrumbList\",\"@id\":\"https:\/\/www.bagnoitalia.com\/fr\/produit\/bain-tourbillon-circulaire-150cm-encastre-8-jets-vs035-346-1127.html#breadcrumb\",\"itemListElement\":[{\"@type\":\"ListItem\",\"position\":1,\"name\":\"Home\",\"item\":\"https:\/\/www.bagnoitalia.com\/fr\"},{\"@type\":\"ListItem\",\"position\":2,\"name\":\"Produits\",\"item\":\"https:\/\/www.bagnoitalia.com\/fr\/shop\"},{\"@type\":\"ListItem\",\"position\":3,\"name\":\"Baignoire \u00e0 remous d\u2019angle 150&#215;150 cm 27 jets VS093\"}]},{\"@type\":\"WebSite\",\"@id\":\"https:\/\/www.bagnoitalia.com\/fr#website\",\"url\":\"https:\/\/www.bagnoitalia.com\/fr\",\"name\":\"Bagno Italia\",\"description\":\"\",\"publisher\":{\"@id\":\"https:\/\/www.bagnoitalia.com\/fr#organization\"},\"potentialAction\":[{\"@type\":\"SearchAction\",\"target\":{\"@type\":\"EntryPoint\",\"urlTemplate\":\"https:\/\/www.bagnoitalia.com\/fr?s={search_term_string}\"},\"query-input\":{\"@type\":\"PropertyValueSpecification\",\"valueRequired\":true,\"valueName\":\"search_term_string\"}}],\"inLanguage\":\"fr-FR\"},{\"@type\":\"Organization\",\"@id\":\"https:\/\/www.bagnoitalia.com\/fr#organization\",\"name\":\"Bagno Italia\",\"url\":\"https:\/\/www.bagnoitalia.com\/fr\",\"logo\":{\"@type\":\"ImageObject\",\"inLanguage\":\"fr-FR\",\"@id\":\"https:\/\/www.bagnoitalia.com\/fr#\/schema\/logo\/image\/\",\"url\":\"https:\/\/img.bagnoitalia.com\/wp-content\/uploads\/logo-bagnoitalia.webp\",\"contentUrl\":\"https:\/\/img.bagnoitalia.com\/wp-content\/uploads\/logo-bagnoitalia.webp\",\"width\":400,\"height\":70,\"caption\":\"Bagno Italia\"},\"image\":{\"@id\":\"https:\/\/www.bagnoitalia.com\/fr#\/schema\/logo\/image\/\"}}]}<\/script>\n<!-- \/ Yoast SEO plugin. -->","yoast_head_json":{"title":"Baignoire \u00e0 remous d\u2019angle 150x150 cm 27 jets VS093","description":"Baignoire baln\u00e9o 150x150xH63 cm avec chromoth\u00e9rapie jets d&#39;air et d&#39;eau","robots":{"index":"index","follow":"follow","max-snippet":"max-snippet:-1","max-image-preview":"max-image-preview:large","max-video-preview":"max-video-preview:-1"},"canonical":"https:\/\/www.bagnoitalia.com\/fr\/produit\/bain-tourbillon-circulaire-150cm-encastre-8-jets-vs035-346-1127.html","og_locale":"fr_FR","og_type":"article","og_title":"Baignoire \u00e0 remous d\u2019angle 150x150 cm 27 jets VS093","og_description":"Baignoire baln\u00e9o 150x150xH63 cm avec chromoth\u00e9rapie jets d&#39;air et d&#39;eau","og_url":"https:\/\/www.bagnoitalia.com\/fr\/produit\/bain-tourbillon-circulaire-150cm-encastre-8-jets-vs035-346-1127.html","og_site_name":"Bagno Italia","og_image":[{"width":550,"height":550,"url":"https:\/\/img.bagnoitalia.com\/wp-content\/uploads\/virtuemart\/product\/jacuzzi-angular-150x150-cm-with-27-jets-vs093_1545407855_313.jpg","type":"image\/jpeg"}],"twitter_card":"summary_large_image","twitter_misc":{"Dur\u00e9e de lecture estim\u00e9e":"1 minute"},"schema":{"@context":"https:\/\/schema.org","@graph":[{"@type":"WebPage","@id":"https:\/\/www.bagnoitalia.com\/fr\/produit\/bain-tourbillon-circulaire-150cm-encastre-8-jets-vs035-346-1127.html","url":"https:\/\/www.bagnoitalia.com\/fr\/produit\/bain-tourbillon-circulaire-150cm-encastre-8-jets-vs035-346-1127.html","name":"Baignoire \u00e0 remous d\u2019angle 150x150 cm 27 jets VS093","isPartOf":{"@id":"https:\/\/www.bagnoitalia.com\/fr#website"},"primaryImageOfPage":{"@id":"https:\/\/www.bagnoitalia.com\/fr\/produit\/bain-tourbillon-circulaire-150cm-encastre-8-jets-vs035-346-1127.html#primaryimage"},"image":{"@id":"https:\/\/www.bagnoitalia.com\/fr\/produit\/bain-tourbillon-circulaire-150cm-encastre-8-jets-vs035-346-1127.html#primaryimage"},"thumbnailUrl":"https:\/\/img.bagnoitalia.com\/wp-content\/uploads\/virtuemart\/product\/jacuzzi-angular-150x150-cm-with-27-jets-vs093_1545407855_313.jpg","datePublished":"2018-12-21T14:43:42+00:00","description":"Baignoire baln\u00e9o 150x150xH63 cm avec chromoth\u00e9rapie jets d&#39;air et d&#39;eau","breadcrumb":{"@id":"https:\/\/www.bagnoitalia.com\/fr\/produit\/bain-tourbillon-circulaire-150cm-encastre-8-jets-vs035-346-1127.html#breadcrumb"},"inLanguage":"fr-FR","potentialAction":[{"@type":"ReadAction","target":["https:\/\/www.bagnoitalia.com\/fr\/produit\/bain-tourbillon-circulaire-150cm-encastre-8-jets-vs035-346-1127.html"]}]},{"@type":"ImageObject","inLanguage":"fr-FR","@id":"https:\/\/www.bagnoitalia.com\/fr\/produit\/bain-tourbillon-circulaire-150cm-encastre-8-jets-vs035-346-1127.html#primaryimage","url":"https:\/\/img.bagnoitalia.com\/wp-content\/uploads\/virtuemart\/product\/jacuzzi-angular-150x150-cm-with-27-jets-vs093_1545407855_313.jpg","contentUrl":"https:\/\/img.bagnoitalia.com\/wp-content\/uploads\/virtuemart\/product\/jacuzzi-angular-150x150-cm-with-27-jets-vs093_1545407855_313.jpg","width":550,"height":550},{"@type":"BreadcrumbList","@id":"https:\/\/www.bagnoitalia.com\/fr\/produit\/bain-tourbillon-circulaire-150cm-encastre-8-jets-vs035-346-1127.html#breadcrumb","itemListElement":[{"@type":"ListItem","position":1,"name":"Home","item":"https:\/\/www.bagnoitalia.com\/fr"},{"@type":"ListItem","position":2,"name":"Produits","item":"https:\/\/www.bagnoitalia.com\/fr\/shop"},{"@type":"ListItem","position":3,"name":"Baignoire \u00e0 remous d\u2019angle 150&#215;150 cm 27 jets VS093"}]},{"@type":"WebSite","@id":"https:\/\/www.bagnoitalia.com\/fr#website","url":"https:\/\/www.bagnoitalia.com\/fr","name":"Bagno Italia","description":"","publisher":{"@id":"https:\/\/www.bagnoitalia.com\/fr#organization"},"potentialAction":[{"@type":"SearchAction","target":{"@type":"EntryPoint","urlTemplate":"https:\/\/www.bagnoitalia.com\/fr?s={search_term_string}"},"query-input":{"@type":"PropertyValueSpecification","valueRequired":true,"valueName":"search_term_string"}}],"inLanguage":"fr-FR"},{"@type":"Organization","@id":"https:\/\/www.bagnoitalia.com\/fr#organization","name":"Bagno Italia","url":"https:\/\/www.bagnoitalia.com\/fr","logo":{"@type":"ImageObject","inLanguage":"fr-FR","@id":"https:\/\/www.bagnoitalia.com\/fr#\/schema\/logo\/image\/","url":"https:\/\/img.bagnoitalia.com\/wp-content\/uploads\/logo-bagnoitalia.webp","contentUrl":"https:\/\/img.bagnoitalia.com\/wp-content\/uploads\/logo-bagnoitalia.webp","width":400,"height":70,"caption":"Bagno Italia"},"image":{"@id":"https:\/\/www.bagnoitalia.com\/fr#\/schema\/logo\/image\/"}}]}},"_links":{"self":[{"href":"https:\/\/www.bagnoitalia.com\/fr\/wp-json\/wp\/v2\/product\/81254","targetHints":{"allow":["GET"]}}],"collection":[{"href":"https:\/\/www.bagnoitalia.com\/fr\/wp-json\/wp\/v2\/product"}],"about":[{"href":"https:\/\/www.bagnoitalia.com\/fr\/wp-json\/wp\/v2\/types\/product"}],"replies":[{"embeddable":true,"href":"https:\/\/www.bagnoitalia.com\/fr\/wp-json\/wp\/v2\/comments?post=81254"}],"version-history":[{"count":0,"href":"https:\/\/www.bagnoitalia.com\/fr\/wp-json\/wp\/v2\/product\/81254\/revisions"}],"wp:featuredmedia":[{"embeddable":true,"href":"https:\/\/www.bagnoitalia.com\/fr\/wp-json\/wp\/v2\/media\/42550"}],"wp:attachment":[{"href":"https:\/\/www.bagnoitalia.com\/fr\/wp-json\/wp\/v2\/media?parent=81254"}],"wp:term":[{"taxonomy":"product_brand","embeddable":true,"href":"https:\/\/www.bagnoitalia.com\/fr\/wp-json\/wp\/v2\/product_brand?post=81254"},{"taxonomy":"product_cat","embeddable":true,"href":"https:\/\/www.bagnoitalia.com\/fr\/wp-json\/wp\/v2\/product_cat?post=81254"},{"taxonomy":"product_tag","embeddable":true,"href":"https:\/\/www.bagnoitalia.com\/fr\/wp-json\/wp\/v2\/product_tag?post=81254"}],"curies":[{"name":"wp","href":"https:\/\/api.w.org\/{rel}","templated":true}]}}