{"id":81250,"date":"2018-12-21T15:25:23","date_gmt":"2018-12-21T14:25:23","guid":{"rendered":"https:\/\/www.bagnoitalia.com\/product\/cabine-d-hydromassage-150x90-ou-160x85-cabine-de-douche-multifonction-disponible-egalement-avec-sauna-cb066"},"modified":"2018-12-21T15:25:23","modified_gmt":"2018-12-21T14:25:23","slug":"cabine-d-hydromassage-150x90-ou-160x85-cabine-de-douche-multifonction-disponible-egalement-avec-sauna-cb066","status":"publish","type":"product","link":"https:\/\/www.bagnoitalia.com\/fr\/produit\/cabine-d-hydromassage-150x90-ou-160x85-cabine-de-douche-multifonction-disponible-egalement-avec-sauna-cb066.html","title":{"rendered":"Cabine d\u2019hydromassage 150&#215;90 ou 160&#215;85 cabine de douche multifonction, disponible \u00e9galement avec sauna CB066"},"content":{"rendered":"<p><span style=\"text-decoration: underline; font-family: arial, helvetica, sans-serif; font-size: 12pt;\"><strong>Cabine d&rsquo;hydromassage multifonction CB066<\/strong><\/span><\/p>\n<p><span style=\"font-family: arial, helvetica, sans-serif; font-size: 12pt;\"><strong>Caract\u00e9ristiques:<\/strong><\/span><\/p>\n<p><span style=\"font-family: arial, helvetica, sans-serif; font-size: 12pt;\">Dimensions disponibles 150&#215;90 ou 160&#215;85 cm&nbsp;<\/span><br \/><span style=\"font-family: arial, helvetica, sans-serif; font-size: 12pt;\">Hauteur 215 cm<\/span><br \/><span style=\"font-family: arial, helvetica, sans-serif; font-size: 12pt;\">6 jets<\/span><br \/><span style=\"font-family: arial, helvetica, sans-serif; font-size: 12pt;\">Verre fum\u00e9 tremp\u00e9 5mm anti rupture<\/span><br \/><span style=\"font-family: arial, helvetica, sans-serif; font-size: 12pt;\">Chromoth\u00e9rapie<\/span><br \/><span style=\"font-family: arial, helvetica, sans-serif; font-size: 12pt;\">R\u00e9cepteur t\u00e9l\u00e9phonique<\/span><br \/><span style=\"font-family: arial, helvetica, sans-serif; font-size: 12pt;\">pomme de douche centrale + pomme de douche extractible<\/span><br \/><span style=\"font-family: arial, helvetica, sans-serif; font-size: 12pt;\">\u00c9tag\u00e8re&nbsp;<\/span><br \/><span style=\"font-family: arial, helvetica, sans-serif; font-size: 12pt;\">Massage plantaire<\/span><br \/><span style=\"font-family: arial, helvetica, sans-serif; font-size: 12pt;\">Radio<\/span><br \/><span style=\"font-family: arial, helvetica, sans-serif; font-size: 12pt;\">Panneau de commande tactile<\/span><br \/><span style=\"font-family: arial, helvetica, sans-serif; font-size: 12pt;\">Drain<\/span><\/p>\n<address>&nbsp;<\/address>\n<address><span style=\"font-family: arial, helvetica, sans-serif; font-size: 12pt;\">ATTENTION: La cabine&nbsp;<strong>160&#215;85&nbsp;<\/strong>est disponible \u00e9galement aver bain turc<strong>,<\/strong>&nbsp;en s\u00e9lectionant la version \u00ab\u00a0avec bain turc\u00a0\u00bb dans le menu ci-dessus. L&rsquo;ozonoth\u00e9rapie et l&rsquo;aromath\u00e9rapie sont \u00e9galement inclus dans cette version.<\/span><\/address>\n<address>&nbsp;<\/address>\n<address><span style=\"font-family: arial, helvetica, sans-serif; font-size: 12pt;\"><strong>MAT\u00c9RIAUX<\/strong>:<\/span><\/address>\n<p><span style=\"font-family: arial, helvetica, sans-serif; font-size: 12pt;\">Baignoire en r\u00e9sine ABS avec fond antid\u00e9rapant avec cadre<\/span><br \/><span style=\"font-family: arial, helvetica, sans-serif; font-size: 12pt;\">Profil\u00e9s en aluminium<\/span><\/p>\n","protected":false},"excerpt":{"rendered":"<p>Cabine d\u2019hydromassage disponible en deux dimensions, hauteur 215 cm, avec chromoth\u00e9rapie, massage plantaire. Disponible avec ou sans bain turc.<\/p>\n","protected":false},"featured_media":42462,"comment_status":"open","ping_status":"closed","template":"","meta":[],"product_brand":[9951],"product_cat":[15],"product_tag":[],"class_list":{"0":"post-81250","1":"product","2":"type-product","3":"status-publish","4":"has-post-thumbnail","6":"product_brand-importforme-fr","7":"product_cat-senza-categoria","9":"first","10":"outofstock","11":"taxable","12":"shipping-taxable","13":"purchasable","14":"product-type-simple"},"exclude_global_add_ons":false,"addons":[{"name":"CAMPI_DIMENSIONI\r\n","type":"select","position":0,"required":true,"title_format":"label","default":"","description_enable":false,"description":"","placeholder_enable":false,"placeholder":"","display":"select","restrictions_type":"any_text","adjust_price":false,"price":"","price_type":"","restrictions":false,"min":"0","max":"0","options":[]}],"yoast_head":"<!-- This site is optimized with the Yoast SEO plugin v26.7 - https:\/\/yoast.com\/wordpress\/plugins\/seo\/ -->\n<title>Cabine d\u2019hydromassage 150x90 ou 160x85 cabine de douche multifonction, disponible \u00e9galement avec sauna CB066Cabine d\u2019hydromassage 150x90 ou 160x85 cabine de douche multifonction, d<\/title>\n<meta name=\"description\" content=\"Cabine de douche hydromassante avec ou sans sauna disponible en diff\u00e9rentes tailles avec receveur de douche en ABS\" \/>\n<meta name=\"robots\" content=\"index, follow, max-snippet:-1, max-image-preview:large, max-video-preview:-1\" \/>\n<link rel=\"canonical\" href=\"https:\/\/www.bagnoitalia.com\/fr\/produit\/cabine-d-hydromassage-150x90-ou-160x85-cabine-de-douche-multifonction-disponible-egalement-avec-sauna-cb066.html\" \/>\n<meta property=\"og:locale\" content=\"fr_FR\" \/>\n<meta property=\"og:type\" content=\"article\" \/>\n<meta property=\"og:title\" content=\"Cabine d\u2019hydromassage 150x90 ou 160x85 cabine de douche multifonction, disponible \u00e9galement avec sauna CB066Cabine d\u2019hydromassage 150x90 ou 160x85 cabine de douche multifonction, d\" \/>\n<meta property=\"og:description\" content=\"Cabine de douche hydromassante avec ou sans sauna disponible en diff\u00e9rentes tailles avec receveur de douche en ABS\" \/>\n<meta property=\"og:url\" content=\"https:\/\/www.bagnoitalia.com\/fr\/produit\/cabine-d-hydromassage-150x90-ou-160x85-cabine-de-douche-multifonction-disponible-egalement-avec-sauna-cb066.html\" \/>\n<meta property=\"og:site_name\" content=\"Bagno Italia\" \/>\n<meta property=\"og:image\" content=\"https:\/\/img.bagnoitalia.com\/wp-content\/uploads\/virtuemart\/product\/hydromassage-shower-cabin-150x90-160x85-cb066-394_1545406224_834.jpg\" \/>\n\t<meta property=\"og:image:width\" content=\"550\" \/>\n\t<meta property=\"og:image:height\" content=\"550\" \/>\n\t<meta property=\"og:image:type\" content=\"image\/jpeg\" \/>\n<meta name=\"twitter:card\" content=\"summary_large_image\" \/>\n<script type=\"application\/ld+json\" class=\"yoast-schema-graph\">{\"@context\":\"https:\/\/schema.org\",\"@graph\":[{\"@type\":\"WebPage\",\"@id\":\"https:\/\/www.bagnoitalia.com\/fr\/produit\/cabine-d-hydromassage-150x90-ou-160x85-cabine-de-douche-multifonction-disponible-egalement-avec-sauna-cb066.html\",\"url\":\"https:\/\/www.bagnoitalia.com\/fr\/produit\/cabine-d-hydromassage-150x90-ou-160x85-cabine-de-douche-multifonction-disponible-egalement-avec-sauna-cb066.html\",\"name\":\"Cabine d\u2019hydromassage 150x90 ou 160x85 cabine de douche multifonction, disponible \u00e9galement avec sauna CB066Cabine d\u2019hydromassage 150x90 ou 160x85 cabine de douche multifonction, d\",\"isPartOf\":{\"@id\":\"https:\/\/www.bagnoitalia.com\/fr#website\"},\"primaryImageOfPage\":{\"@id\":\"https:\/\/www.bagnoitalia.com\/fr\/produit\/cabine-d-hydromassage-150x90-ou-160x85-cabine-de-douche-multifonction-disponible-egalement-avec-sauna-cb066.html#primaryimage\"},\"image\":{\"@id\":\"https:\/\/www.bagnoitalia.com\/fr\/produit\/cabine-d-hydromassage-150x90-ou-160x85-cabine-de-douche-multifonction-disponible-egalement-avec-sauna-cb066.html#primaryimage\"},\"thumbnailUrl\":\"https:\/\/img.bagnoitalia.com\/wp-content\/uploads\/virtuemart\/product\/hydromassage-shower-cabin-150x90-160x85-cb066-394_1545406224_834.jpg\",\"datePublished\":\"2018-12-21T14:25:23+00:00\",\"description\":\"Cabine de douche hydromassante avec ou sans sauna disponible en diff\u00e9rentes tailles avec receveur de douche en ABS\",\"breadcrumb\":{\"@id\":\"https:\/\/www.bagnoitalia.com\/fr\/produit\/cabine-d-hydromassage-150x90-ou-160x85-cabine-de-douche-multifonction-disponible-egalement-avec-sauna-cb066.html#breadcrumb\"},\"inLanguage\":\"fr-FR\",\"potentialAction\":[{\"@type\":\"ReadAction\",\"target\":[\"https:\/\/www.bagnoitalia.com\/fr\/produit\/cabine-d-hydromassage-150x90-ou-160x85-cabine-de-douche-multifonction-disponible-egalement-avec-sauna-cb066.html\"]}]},{\"@type\":\"ImageObject\",\"inLanguage\":\"fr-FR\",\"@id\":\"https:\/\/www.bagnoitalia.com\/fr\/produit\/cabine-d-hydromassage-150x90-ou-160x85-cabine-de-douche-multifonction-disponible-egalement-avec-sauna-cb066.html#primaryimage\",\"url\":\"https:\/\/img.bagnoitalia.com\/wp-content\/uploads\/virtuemart\/product\/hydromassage-shower-cabin-150x90-160x85-cb066-394_1545406224_834.jpg\",\"contentUrl\":\"https:\/\/img.bagnoitalia.com\/wp-content\/uploads\/virtuemart\/product\/hydromassage-shower-cabin-150x90-160x85-cb066-394_1545406224_834.jpg\",\"width\":550,\"height\":550},{\"@type\":\"BreadcrumbList\",\"@id\":\"https:\/\/www.bagnoitalia.com\/fr\/produit\/cabine-d-hydromassage-150x90-ou-160x85-cabine-de-douche-multifonction-disponible-egalement-avec-sauna-cb066.html#breadcrumb\",\"itemListElement\":[{\"@type\":\"ListItem\",\"position\":1,\"name\":\"Home\",\"item\":\"https:\/\/www.bagnoitalia.com\/fr\"},{\"@type\":\"ListItem\",\"position\":2,\"name\":\"Produits\",\"item\":\"https:\/\/www.bagnoitalia.com\/fr\/shop\"},{\"@type\":\"ListItem\",\"position\":3,\"name\":\"Cabine d\u2019hydromassage 150&#215;90 ou 160&#215;85 cabine de douche multifonction, disponible \u00e9galement avec sauna CB066\"}]},{\"@type\":\"WebSite\",\"@id\":\"https:\/\/www.bagnoitalia.com\/fr#website\",\"url\":\"https:\/\/www.bagnoitalia.com\/fr\",\"name\":\"Bagno Italia\",\"description\":\"\",\"publisher\":{\"@id\":\"https:\/\/www.bagnoitalia.com\/fr#organization\"},\"potentialAction\":[{\"@type\":\"SearchAction\",\"target\":{\"@type\":\"EntryPoint\",\"urlTemplate\":\"https:\/\/www.bagnoitalia.com\/fr?s={search_term_string}\"},\"query-input\":{\"@type\":\"PropertyValueSpecification\",\"valueRequired\":true,\"valueName\":\"search_term_string\"}}],\"inLanguage\":\"fr-FR\"},{\"@type\":\"Organization\",\"@id\":\"https:\/\/www.bagnoitalia.com\/fr#organization\",\"name\":\"Bagno Italia\",\"url\":\"https:\/\/www.bagnoitalia.com\/fr\",\"logo\":{\"@type\":\"ImageObject\",\"inLanguage\":\"fr-FR\",\"@id\":\"https:\/\/www.bagnoitalia.com\/fr#\/schema\/logo\/image\/\",\"url\":\"https:\/\/img.bagnoitalia.com\/wp-content\/uploads\/logo-bagnoitalia.webp\",\"contentUrl\":\"https:\/\/img.bagnoitalia.com\/wp-content\/uploads\/logo-bagnoitalia.webp\",\"width\":400,\"height\":70,\"caption\":\"Bagno Italia\"},\"image\":{\"@id\":\"https:\/\/www.bagnoitalia.com\/fr#\/schema\/logo\/image\/\"}}]}<\/script>\n<!-- \/ Yoast SEO plugin. -->","yoast_head_json":{"title":"Cabine d\u2019hydromassage 150x90 ou 160x85 cabine de douche multifonction, disponible \u00e9galement avec sauna CB066Cabine d\u2019hydromassage 150x90 ou 160x85 cabine de douche multifonction, d","description":"Cabine de douche hydromassante avec ou sans sauna disponible en diff\u00e9rentes tailles avec receveur de douche en ABS","robots":{"index":"index","follow":"follow","max-snippet":"max-snippet:-1","max-image-preview":"max-image-preview:large","max-video-preview":"max-video-preview:-1"},"canonical":"https:\/\/www.bagnoitalia.com\/fr\/produit\/cabine-d-hydromassage-150x90-ou-160x85-cabine-de-douche-multifonction-disponible-egalement-avec-sauna-cb066.html","og_locale":"fr_FR","og_type":"article","og_title":"Cabine d\u2019hydromassage 150x90 ou 160x85 cabine de douche multifonction, disponible \u00e9galement avec sauna CB066Cabine d\u2019hydromassage 150x90 ou 160x85 cabine de douche multifonction, d","og_description":"Cabine de douche hydromassante avec ou sans sauna disponible en diff\u00e9rentes tailles avec receveur de douche en ABS","og_url":"https:\/\/www.bagnoitalia.com\/fr\/produit\/cabine-d-hydromassage-150x90-ou-160x85-cabine-de-douche-multifonction-disponible-egalement-avec-sauna-cb066.html","og_site_name":"Bagno Italia","og_image":[{"width":550,"height":550,"url":"https:\/\/img.bagnoitalia.com\/wp-content\/uploads\/virtuemart\/product\/hydromassage-shower-cabin-150x90-160x85-cb066-394_1545406224_834.jpg","type":"image\/jpeg"}],"twitter_card":"summary_large_image","schema":{"@context":"https:\/\/schema.org","@graph":[{"@type":"WebPage","@id":"https:\/\/www.bagnoitalia.com\/fr\/produit\/cabine-d-hydromassage-150x90-ou-160x85-cabine-de-douche-multifonction-disponible-egalement-avec-sauna-cb066.html","url":"https:\/\/www.bagnoitalia.com\/fr\/produit\/cabine-d-hydromassage-150x90-ou-160x85-cabine-de-douche-multifonction-disponible-egalement-avec-sauna-cb066.html","name":"Cabine d\u2019hydromassage 150x90 ou 160x85 cabine de douche multifonction, disponible \u00e9galement avec sauna CB066Cabine d\u2019hydromassage 150x90 ou 160x85 cabine de douche multifonction, d","isPartOf":{"@id":"https:\/\/www.bagnoitalia.com\/fr#website"},"primaryImageOfPage":{"@id":"https:\/\/www.bagnoitalia.com\/fr\/produit\/cabine-d-hydromassage-150x90-ou-160x85-cabine-de-douche-multifonction-disponible-egalement-avec-sauna-cb066.html#primaryimage"},"image":{"@id":"https:\/\/www.bagnoitalia.com\/fr\/produit\/cabine-d-hydromassage-150x90-ou-160x85-cabine-de-douche-multifonction-disponible-egalement-avec-sauna-cb066.html#primaryimage"},"thumbnailUrl":"https:\/\/img.bagnoitalia.com\/wp-content\/uploads\/virtuemart\/product\/hydromassage-shower-cabin-150x90-160x85-cb066-394_1545406224_834.jpg","datePublished":"2018-12-21T14:25:23+00:00","description":"Cabine de douche hydromassante avec ou sans sauna disponible en diff\u00e9rentes tailles avec receveur de douche en ABS","breadcrumb":{"@id":"https:\/\/www.bagnoitalia.com\/fr\/produit\/cabine-d-hydromassage-150x90-ou-160x85-cabine-de-douche-multifonction-disponible-egalement-avec-sauna-cb066.html#breadcrumb"},"inLanguage":"fr-FR","potentialAction":[{"@type":"ReadAction","target":["https:\/\/www.bagnoitalia.com\/fr\/produit\/cabine-d-hydromassage-150x90-ou-160x85-cabine-de-douche-multifonction-disponible-egalement-avec-sauna-cb066.html"]}]},{"@type":"ImageObject","inLanguage":"fr-FR","@id":"https:\/\/www.bagnoitalia.com\/fr\/produit\/cabine-d-hydromassage-150x90-ou-160x85-cabine-de-douche-multifonction-disponible-egalement-avec-sauna-cb066.html#primaryimage","url":"https:\/\/img.bagnoitalia.com\/wp-content\/uploads\/virtuemart\/product\/hydromassage-shower-cabin-150x90-160x85-cb066-394_1545406224_834.jpg","contentUrl":"https:\/\/img.bagnoitalia.com\/wp-content\/uploads\/virtuemart\/product\/hydromassage-shower-cabin-150x90-160x85-cb066-394_1545406224_834.jpg","width":550,"height":550},{"@type":"BreadcrumbList","@id":"https:\/\/www.bagnoitalia.com\/fr\/produit\/cabine-d-hydromassage-150x90-ou-160x85-cabine-de-douche-multifonction-disponible-egalement-avec-sauna-cb066.html#breadcrumb","itemListElement":[{"@type":"ListItem","position":1,"name":"Home","item":"https:\/\/www.bagnoitalia.com\/fr"},{"@type":"ListItem","position":2,"name":"Produits","item":"https:\/\/www.bagnoitalia.com\/fr\/shop"},{"@type":"ListItem","position":3,"name":"Cabine d\u2019hydromassage 150&#215;90 ou 160&#215;85 cabine de douche multifonction, disponible \u00e9galement avec sauna CB066"}]},{"@type":"WebSite","@id":"https:\/\/www.bagnoitalia.com\/fr#website","url":"https:\/\/www.bagnoitalia.com\/fr","name":"Bagno Italia","description":"","publisher":{"@id":"https:\/\/www.bagnoitalia.com\/fr#organization"},"potentialAction":[{"@type":"SearchAction","target":{"@type":"EntryPoint","urlTemplate":"https:\/\/www.bagnoitalia.com\/fr?s={search_term_string}"},"query-input":{"@type":"PropertyValueSpecification","valueRequired":true,"valueName":"search_term_string"}}],"inLanguage":"fr-FR"},{"@type":"Organization","@id":"https:\/\/www.bagnoitalia.com\/fr#organization","name":"Bagno Italia","url":"https:\/\/www.bagnoitalia.com\/fr","logo":{"@type":"ImageObject","inLanguage":"fr-FR","@id":"https:\/\/www.bagnoitalia.com\/fr#\/schema\/logo\/image\/","url":"https:\/\/img.bagnoitalia.com\/wp-content\/uploads\/logo-bagnoitalia.webp","contentUrl":"https:\/\/img.bagnoitalia.com\/wp-content\/uploads\/logo-bagnoitalia.webp","width":400,"height":70,"caption":"Bagno Italia"},"image":{"@id":"https:\/\/www.bagnoitalia.com\/fr#\/schema\/logo\/image\/"}}]}},"_links":{"self":[{"href":"https:\/\/www.bagnoitalia.com\/fr\/wp-json\/wp\/v2\/product\/81250","targetHints":{"allow":["GET"]}}],"collection":[{"href":"https:\/\/www.bagnoitalia.com\/fr\/wp-json\/wp\/v2\/product"}],"about":[{"href":"https:\/\/www.bagnoitalia.com\/fr\/wp-json\/wp\/v2\/types\/product"}],"replies":[{"embeddable":true,"href":"https:\/\/www.bagnoitalia.com\/fr\/wp-json\/wp\/v2\/comments?post=81250"}],"version-history":[{"count":0,"href":"https:\/\/www.bagnoitalia.com\/fr\/wp-json\/wp\/v2\/product\/81250\/revisions"}],"wp:featuredmedia":[{"embeddable":true,"href":"https:\/\/www.bagnoitalia.com\/fr\/wp-json\/wp\/v2\/media\/42462"}],"wp:attachment":[{"href":"https:\/\/www.bagnoitalia.com\/fr\/wp-json\/wp\/v2\/media?parent=81250"}],"wp:term":[{"taxonomy":"product_brand","embeddable":true,"href":"https:\/\/www.bagnoitalia.com\/fr\/wp-json\/wp\/v2\/product_brand?post=81250"},{"taxonomy":"product_cat","embeddable":true,"href":"https:\/\/www.bagnoitalia.com\/fr\/wp-json\/wp\/v2\/product_cat?post=81250"},{"taxonomy":"product_tag","embeddable":true,"href":"https:\/\/www.bagnoitalia.com\/fr\/wp-json\/wp\/v2\/product_tag?post=81250"}],"curies":[{"name":"wp","href":"https:\/\/api.w.org\/{rel}","templated":true}]}}